{"id":1277,"date":"2024-02-28T03:30:58","date_gmt":"2024-02-28T00:30:58","guid":{"rendered":"https:\/\/astrologelvan.shop\/?post_type=product&#038;p=1277"},"modified":"2025-10-23T18:58:13","modified_gmt":"2025-10-23T15:58:13","slug":"dogal-tas-selenit-tesbih","status":"publish","type":"product","link":"https:\/\/astrologelvan.com\/magaza\/urun\/dogal-tas-selenit-tesbih\/","title":{"rendered":"DO\u011eAL TA\u015e SELEN\u0130T TESB\u0130H"},"content":{"rendered":"<p><strong>\u00dcr\u00fcn \u00d6zellikleri:<\/strong><\/p>\n<p>\u00dcr\u00fcn A\u011f\u0131rl\u0131\u011f\u0131: 75-80 Gram<\/p>\n<p>\u00dcr\u00fcn Uzunlu\u011fu: 50 CM<\/p>\n<p>Ta\u015f B\u00fcy\u00fckl\u00fc\u011f\u00fc: 8.21 MM<\/p>\n<p>Tesbihte 99 Ta\u015f mevcuttur.<\/p>\n<p>925 Ayar G\u00fcm\u00fc\u015f<\/p>\n","protected":false},"excerpt":{"rendered":"<p>\u00c7ok eski bir ge\u00e7mi\u015fi bulunan Selenit ta\u015f\u0131; Roma, M\u0131s\u0131r ve Osmanl\u0131 gibi pek \u00e7ok medeniyet taraf\u0131ndan da kullan\u0131lm\u0131\u015ft\u0131r. Sava\u015fta d\u00fc\u015fmanlardan korudu\u011funa inan\u0131lm\u0131\u015f askerlerin ve komutanlar\u0131n kendini muhafaza etmek i\u00e7in ba\u015fvurdu\u011fu bir ta\u015f olmu\u015ftur. Selenit, ki\u015finin ve bulundu\u011fu ortam\u0131n auras\u0131n\u0131 temizleyen, enerjiyi ar\u0131nd\u0131ran titre\u015fimi y\u00fcksek, \u00e7ok g\u00fc\u00e7l\u00fc bir kristaldir. K\u00f6t\u00fc enerjilere kar\u015f\u0131 kalkan g\u00f6revi g\u00f6r\u00fcr. Selenit ta\u015f\u0131 ar\u0131nd\u0131r\u0131c\u0131 ve temizleyici etkisinden dolay\u0131 hem v\u00fccudu hem de ki\u015finin bulundu\u011fu ortamdaki k\u00f6t\u00fc enerjileri temizler. Bu y\u00fczden enerji \u00e7al\u0131\u015fmalar\u0131nda s\u0131kl\u0131kla kullan\u0131l\u0131r.<\/p>\n","protected":false},"featured_media":3940,"comment_status":"open","ping_status":"closed","template":"","meta":[],"product_brand":[],"product_cat":[26,422],"product_tag":[],"class_list":{"0":"post-1277","1":"product","2":"type-product","3":"status-publish","4":"has-post-thumbnail","6":"product_cat-genel","7":"product_cat-selenit-tasi","9":"first","10":"outofstock","11":"taxable","12":"shipping-taxable","13":"purchasable","14":"product-type-simple"},"yoast_head":"<!-- This site is optimized with the Yoast SEO plugin v27.3 - https:\/\/yoast.com\/product\/yoast-seo-wordpress\/ -->\n<title>DO\u011eAL TA\u015e SELEN\u0130T TESB\u0130H - Astrolog Elvan<\/title>\n<meta name=\"robots\" content=\"index, follow, max-snippet:-1, max-image-preview:large, max-video-preview:-1\" \/>\n<link rel=\"canonical\" href=\"https:\/\/astrologelvan.com\/magaza\/urun\/dogal-tas-selenit-tesbih\/\" \/>\n<meta property=\"og:locale\" content=\"tr_TR\" \/>\n<meta property=\"og:type\" content=\"article\" \/>\n<meta property=\"og:title\" content=\"DO\u011eAL TA\u015e SELEN\u0130T TESB\u0130H - Astrolog Elvan\" \/>\n<meta property=\"og:description\" content=\"\u00c7ok eski bir ge\u00e7mi\u015fi bulunan Selenit ta\u015f\u0131; Roma, M\u0131s\u0131r ve Osmanl\u0131 gibi pek \u00e7ok medeniyet taraf\u0131ndan da kullan\u0131lm\u0131\u015ft\u0131r. Sava\u015fta d\u00fc\u015fmanlardan korudu\u011funa inan\u0131lm\u0131\u015f askerlerin ve komutanlar\u0131n kendini muhafaza etmek i\u00e7in ba\u015fvurdu\u011fu bir ta\u015f olmu\u015ftur. Selenit, ki\u015finin ve bulundu\u011fu ortam\u0131n auras\u0131n\u0131 temizleyen, enerjiyi ar\u0131nd\u0131ran titre\u015fimi y\u00fcksek, \u00e7ok g\u00fc\u00e7l\u00fc bir kristaldir. K\u00f6t\u00fc enerjilere kar\u015f\u0131 kalkan g\u00f6revi g\u00f6r\u00fcr. Selenit ta\u015f\u0131 ar\u0131nd\u0131r\u0131c\u0131 ve temizleyici etkisinden dolay\u0131 hem v\u00fccudu hem de ki\u015finin bulundu\u011fu ortamdaki k\u00f6t\u00fc enerjileri temizler. Bu y\u00fczden enerji \u00e7al\u0131\u015fmalar\u0131nda s\u0131kl\u0131kla kullan\u0131l\u0131r.\" \/>\n<meta property=\"og:url\" content=\"https:\/\/astrologelvan.com\/magaza\/urun\/dogal-tas-selenit-tesbih\/\" \/>\n<meta property=\"og:site_name\" content=\"Astrolog Elvan\" \/>\n<meta property=\"article:modified_time\" content=\"2025-10-23T15:58:13+00:00\" \/>\n<meta property=\"og:image\" content=\"https:\/\/astrologelvan.com\/magaza\/wp-content\/uploads\/2024\/02\/1-13.jpg\" \/>\n\t<meta property=\"og:image:width\" content=\"1600\" \/>\n\t<meta property=\"og:image:height\" content=\"1600\" \/>\n\t<meta property=\"og:image:type\" content=\"image\/jpeg\" \/>\n<meta name=\"twitter:card\" content=\"summary_large_image\" \/>\n<meta name=\"twitter:label1\" content=\"Tahmini okuma s\u00fcresi\" \/>\n\t<meta name=\"twitter:data1\" content=\"1 dakika\" \/>\n<script type=\"application\/ld+json\" class=\"yoast-schema-graph\">{\"@context\":\"https:\\\/\\\/schema.org\",\"@graph\":[{\"@type\":[\"WebPage\",\"ItemPage\"],\"@id\":\"https:\\\/\\\/astrologelvan.com\\\/magaza\\\/urun\\\/dogal-tas-selenit-tesbih\\\/\",\"url\":\"https:\\\/\\\/astrologelvan.com\\\/magaza\\\/urun\\\/dogal-tas-selenit-tesbih\\\/\",\"name\":\"DO\u011eAL TA\u015e SELEN\u0130T TESB\u0130H - Astrolog Elvan\",\"isPartOf\":{\"@id\":\"https:\\\/\\\/astrologelvan.com\\\/magaza\\\/#website\"},\"primaryImageOfPage\":{\"@id\":\"https:\\\/\\\/astrologelvan.com\\\/magaza\\\/urun\\\/dogal-tas-selenit-tesbih\\\/#primaryimage\"},\"image\":{\"@id\":\"https:\\\/\\\/astrologelvan.com\\\/magaza\\\/urun\\\/dogal-tas-selenit-tesbih\\\/#primaryimage\"},\"thumbnailUrl\":\"https:\\\/\\\/astrologelvan.com\\\/magaza\\\/wp-content\\\/uploads\\\/2024\\\/02\\\/1-13.jpg\",\"datePublished\":\"2024-02-28T00:30:58+00:00\",\"dateModified\":\"2025-10-23T15:58:13+00:00\",\"breadcrumb\":{\"@id\":\"https:\\\/\\\/astrologelvan.com\\\/magaza\\\/urun\\\/dogal-tas-selenit-tesbih\\\/#breadcrumb\"},\"inLanguage\":\"tr\",\"potentialAction\":[{\"@type\":\"ReadAction\",\"target\":[\"https:\\\/\\\/astrologelvan.com\\\/magaza\\\/urun\\\/dogal-tas-selenit-tesbih\\\/\"]}]},{\"@type\":\"ImageObject\",\"inLanguage\":\"tr\",\"@id\":\"https:\\\/\\\/astrologelvan.com\\\/magaza\\\/urun\\\/dogal-tas-selenit-tesbih\\\/#primaryimage\",\"url\":\"https:\\\/\\\/astrologelvan.com\\\/magaza\\\/wp-content\\\/uploads\\\/2024\\\/02\\\/1-13.jpg\",\"contentUrl\":\"https:\\\/\\\/astrologelvan.com\\\/magaza\\\/wp-content\\\/uploads\\\/2024\\\/02\\\/1-13.jpg\",\"width\":1600,\"height\":1600},{\"@type\":\"BreadcrumbList\",\"@id\":\"https:\\\/\\\/astrologelvan.com\\\/magaza\\\/urun\\\/dogal-tas-selenit-tesbih\\\/#breadcrumb\",\"itemListElement\":[{\"@type\":\"ListItem\",\"position\":1,\"name\":\"Anasayfa\",\"item\":\"https:\\\/\\\/astrologelvan.com\\\/magaza\\\/\"},{\"@type\":\"ListItem\",\"position\":2,\"name\":\"Ma\u011faza\",\"item\":\"https:\\\/\\\/astrologelvan.com\\\/magaza\\\/magaza\\\/\"},{\"@type\":\"ListItem\",\"position\":3,\"name\":\"DO\u011eAL TA\u015e SELEN\u0130T TESB\u0130H\"}]},{\"@type\":\"WebSite\",\"@id\":\"https:\\\/\\\/astrologelvan.com\\\/magaza\\\/#website\",\"url\":\"https:\\\/\\\/astrologelvan.com\\\/magaza\\\/\",\"name\":\"Astrolog Elvan\",\"description\":\"\",\"potentialAction\":[{\"@type\":\"SearchAction\",\"target\":{\"@type\":\"EntryPoint\",\"urlTemplate\":\"https:\\\/\\\/astrologelvan.com\\\/magaza\\\/?s={search_term_string}\"},\"query-input\":{\"@type\":\"PropertyValueSpecification\",\"valueRequired\":true,\"valueName\":\"search_term_string\"}}],\"inLanguage\":\"tr\"}]}<\/script>\n<!-- \/ Yoast SEO plugin. -->","yoast_head_json":{"title":"DO\u011eAL TA\u015e SELEN\u0130T TESB\u0130H - Astrolog Elvan","robots":{"index":"index","follow":"follow","max-snippet":"max-snippet:-1","max-image-preview":"max-image-preview:large","max-video-preview":"max-video-preview:-1"},"canonical":"https:\/\/astrologelvan.com\/magaza\/urun\/dogal-tas-selenit-tesbih\/","og_locale":"tr_TR","og_type":"article","og_title":"DO\u011eAL TA\u015e SELEN\u0130T TESB\u0130H - Astrolog Elvan","og_description":"\u00c7ok eski bir ge\u00e7mi\u015fi bulunan Selenit ta\u015f\u0131; Roma, M\u0131s\u0131r ve Osmanl\u0131 gibi pek \u00e7ok medeniyet taraf\u0131ndan da kullan\u0131lm\u0131\u015ft\u0131r. Sava\u015fta d\u00fc\u015fmanlardan korudu\u011funa inan\u0131lm\u0131\u015f askerlerin ve komutanlar\u0131n kendini muhafaza etmek i\u00e7in ba\u015fvurdu\u011fu bir ta\u015f olmu\u015ftur. Selenit, ki\u015finin ve bulundu\u011fu ortam\u0131n auras\u0131n\u0131 temizleyen, enerjiyi ar\u0131nd\u0131ran titre\u015fimi y\u00fcksek, \u00e7ok g\u00fc\u00e7l\u00fc bir kristaldir. K\u00f6t\u00fc enerjilere kar\u015f\u0131 kalkan g\u00f6revi g\u00f6r\u00fcr. Selenit ta\u015f\u0131 ar\u0131nd\u0131r\u0131c\u0131 ve temizleyici etkisinden dolay\u0131 hem v\u00fccudu hem de ki\u015finin bulundu\u011fu ortamdaki k\u00f6t\u00fc enerjileri temizler. Bu y\u00fczden enerji \u00e7al\u0131\u015fmalar\u0131nda s\u0131kl\u0131kla kullan\u0131l\u0131r.","og_url":"https:\/\/astrologelvan.com\/magaza\/urun\/dogal-tas-selenit-tesbih\/","og_site_name":"Astrolog Elvan","article_modified_time":"2025-10-23T15:58:13+00:00","og_image":[{"width":1600,"height":1600,"url":"https:\/\/astrologelvan.com\/magaza\/wp-content\/uploads\/2024\/02\/1-13.jpg","type":"image\/jpeg"}],"twitter_card":"summary_large_image","twitter_misc":{"Tahmini okuma s\u00fcresi":"1 dakika"},"schema":{"@context":"https:\/\/schema.org","@graph":[{"@type":["WebPage","ItemPage"],"@id":"https:\/\/astrologelvan.com\/magaza\/urun\/dogal-tas-selenit-tesbih\/","url":"https:\/\/astrologelvan.com\/magaza\/urun\/dogal-tas-selenit-tesbih\/","name":"DO\u011eAL TA\u015e SELEN\u0130T TESB\u0130H - Astrolog Elvan","isPartOf":{"@id":"https:\/\/astrologelvan.com\/magaza\/#website"},"primaryImageOfPage":{"@id":"https:\/\/astrologelvan.com\/magaza\/urun\/dogal-tas-selenit-tesbih\/#primaryimage"},"image":{"@id":"https:\/\/astrologelvan.com\/magaza\/urun\/dogal-tas-selenit-tesbih\/#primaryimage"},"thumbnailUrl":"https:\/\/astrologelvan.com\/magaza\/wp-content\/uploads\/2024\/02\/1-13.jpg","datePublished":"2024-02-28T00:30:58+00:00","dateModified":"2025-10-23T15:58:13+00:00","breadcrumb":{"@id":"https:\/\/astrologelvan.com\/magaza\/urun\/dogal-tas-selenit-tesbih\/#breadcrumb"},"inLanguage":"tr","potentialAction":[{"@type":"ReadAction","target":["https:\/\/astrologelvan.com\/magaza\/urun\/dogal-tas-selenit-tesbih\/"]}]},{"@type":"ImageObject","inLanguage":"tr","@id":"https:\/\/astrologelvan.com\/magaza\/urun\/dogal-tas-selenit-tesbih\/#primaryimage","url":"https:\/\/astrologelvan.com\/magaza\/wp-content\/uploads\/2024\/02\/1-13.jpg","contentUrl":"https:\/\/astrologelvan.com\/magaza\/wp-content\/uploads\/2024\/02\/1-13.jpg","width":1600,"height":1600},{"@type":"BreadcrumbList","@id":"https:\/\/astrologelvan.com\/magaza\/urun\/dogal-tas-selenit-tesbih\/#breadcrumb","itemListElement":[{"@type":"ListItem","position":1,"name":"Anasayfa","item":"https:\/\/astrologelvan.com\/magaza\/"},{"@type":"ListItem","position":2,"name":"Ma\u011faza","item":"https:\/\/astrologelvan.com\/magaza\/magaza\/"},{"@type":"ListItem","position":3,"name":"DO\u011eAL TA\u015e SELEN\u0130T TESB\u0130H"}]},{"@type":"WebSite","@id":"https:\/\/astrologelvan.com\/magaza\/#website","url":"https:\/\/astrologelvan.com\/magaza\/","name":"Astrolog Elvan","description":"","potentialAction":[{"@type":"SearchAction","target":{"@type":"EntryPoint","urlTemplate":"https:\/\/astrologelvan.com\/magaza\/?s={search_term_string}"},"query-input":{"@type":"PropertyValueSpecification","valueRequired":true,"valueName":"search_term_string"}}],"inLanguage":"tr"}]}},"_links":{"self":[{"href":"https:\/\/astrologelvan.com\/magaza\/wp-json\/wp\/v2\/product\/1277","targetHints":{"allow":["GET"]}}],"collection":[{"href":"https:\/\/astrologelvan.com\/magaza\/wp-json\/wp\/v2\/product"}],"about":[{"href":"https:\/\/astrologelvan.com\/magaza\/wp-json\/wp\/v2\/types\/product"}],"replies":[{"embeddable":true,"href":"https:\/\/astrologelvan.com\/magaza\/wp-json\/wp\/v2\/comments?post=1277"}],"wp:featuredmedia":[{"embeddable":true,"href":"https:\/\/astrologelvan.com\/magaza\/wp-json\/wp\/v2\/media\/3940"}],"wp:attachment":[{"href":"https:\/\/astrologelvan.com\/magaza\/wp-json\/wp\/v2\/media?parent=1277"}],"wp:term":[{"taxonomy":"product_brand","embeddable":true,"href":"https:\/\/astrologelvan.com\/magaza\/wp-json\/wp\/v2\/product_brand?post=1277"},{"taxonomy":"product_cat","embeddable":true,"href":"https:\/\/astrologelvan.com\/magaza\/wp-json\/wp\/v2\/product_cat?post=1277"},{"taxonomy":"product_tag","embeddable":true,"href":"https:\/\/astrologelvan.com\/magaza\/wp-json\/wp\/v2\/product_tag?post=1277"}],"curies":[{"name":"wp","href":"https:\/\/api.w.org\/{rel}","templated":true}]}}