{"id":127563,"date":"2025-11-24T19:32:00","date_gmt":"2025-11-24T16:32:00","guid":{"rendered":"https:\/\/astrologelvan.com\/magaza\/?post_type=product&#038;p=127563"},"modified":"2026-01-21T21:09:17","modified_gmt":"2026-01-21T18:09:17","slug":"kosulsuz-sevgi-kolyesi-tek-pati","status":"publish","type":"product","link":"https:\/\/astrologelvan.com\/magaza\/urun\/kosulsuz-sevgi-kolyesi-tek-pati\/","title":{"rendered":"Ko\u015fulsuz Sevgi Kolyesi (Tek pati)"},"content":{"rendered":"","protected":false},"excerpt":{"rendered":"<p><strong>Sevdi\u011finiz can dostunuz art\u0131k kalbinize bir ad\u0131m daha yak\u0131n\u2026<br \/>\n925 ayar g\u00fcm\u00fc\u015ften tasarlad\u0131\u011f\u0131m\u0131z \u00f6zel Pati Koleksiyonu, sadece bir aksesuar de\u011fil; sadakatin, sevginin ve birlikte ge\u00e7irdi\u011finiz anlar\u0131n sembol\u00fc.<\/strong><\/p>\n<p>Her pati kolyesine dilerseniz dostunuzun ismini \u00f6zenle i\u015fliyoruz.<\/p>\n<p>\u0130ster minik bir kediniz, ister g\u00fc\u00e7l\u00fc bir k\u00f6pe\u011finiz, ister y\u0131llard\u0131r yan\u0131n\u0131zdan ayr\u0131lmayan can yolda\u015f\u0131n\u0131z olsun\u2026 Bu kolye, aran\u0131zdaki ba\u011f\u0131 \u00f6l\u00fcms\u00fczle\u015ftiriyor. \u2728<br \/>\n<strong><br \/>\n\u00d6zellikler:<br \/>\n<\/strong><br \/>\n-925 ayar g\u00fcm\u00fc\u015f \u00f6zel pati tasar\u0131m\u0131<br \/>\n-\u0130sim yazd\u0131rma \u2013 ki\u015fiye \u00f6zel<br \/>\n-Zamans\u0131z, minimal ve her stile uyan \u015f\u0131kl\u0131k<br \/>\n-Sevgiyle haz\u0131rlanm\u0131\u015f, anlam ta\u015f\u0131yan bir hediye se\u00e7ene\u011fi<\/p>\n<p><strong>\u00c7\u00fcnk\u00fc onlar sadece bir \u201cevcil hayvan\u201d de\u011fil\u2026 Onlar, ailenin kalbidir. \ud83d\udc3e\ud83d\udc99<\/strong><\/p>\n<p>Kolye uzunlu\u011fu: 45 cm<br \/>\n<strong>925 g\u00fcm\u00fc\u015f \u00fczeri alt\u0131n kaplama<\/strong><br \/>\n<strong>Zirkon Ta\u015f<\/strong><\/p>\n","protected":false},"featured_media":127566,"comment_status":"open","ping_status":"closed","template":"","meta":[],"product_brand":[596],"product_cat":[255,48],"product_tag":[120,9548,73,9549,9547],"class_list":{"0":"post-127563","1":"product","2":"type-product","3":"status-publish","4":"has-post-thumbnail","6":"product_brand-astrolog-elvan","7":"product_cat-gumus-kolye","8":"product_cat-kolyeler","9":"product_tag-gumus","10":"product_tag-isim","11":"product_tag-kolye","12":"product_tag-ozel","13":"product_tag-pati","15":"first","16":"instock","17":"purchasable","18":"product-type-simple"},"yoast_head":"<!-- This site is optimized with the Yoast SEO plugin v27.3 - https:\/\/yoast.com\/product\/yoast-seo-wordpress\/ -->\n<title>Ko\u015fulsuz Sevgi Kolyesi (Tek pati) - Astrolog Elvan<\/title>\n<meta name=\"robots\" content=\"index, follow, max-snippet:-1, max-image-preview:large, max-video-preview:-1\" \/>\n<link rel=\"canonical\" href=\"https:\/\/astrologelvan.com\/magaza\/urun\/kosulsuz-sevgi-kolyesi-tek-pati\/\" \/>\n<meta property=\"og:locale\" content=\"tr_TR\" \/>\n<meta property=\"og:type\" content=\"article\" \/>\n<meta property=\"og:title\" content=\"Ko\u015fulsuz Sevgi Kolyesi (Tek pati) - Astrolog Elvan\" \/>\n<meta property=\"og:description\" content=\"Sevdi\u011finiz can dostunuz art\u0131k kalbinize bir ad\u0131m daha yak\u0131n\u2026 925 ayar g\u00fcm\u00fc\u015ften tasarlad\u0131\u011f\u0131m\u0131z \u00f6zel Pati Koleksiyonu, sadece bir aksesuar de\u011fil; sadakatin, sevginin ve birlikte ge\u00e7irdi\u011finiz anlar\u0131n sembol\u00fc.  Her pati kolyesine dilerseniz dostunuzun ismini \u00f6zenle i\u015fliyoruz.  \u0130ster minik bir kediniz, ister g\u00fc\u00e7l\u00fc bir k\u00f6pe\u011finiz, ister y\u0131llard\u0131r yan\u0131n\u0131zdan ayr\u0131lmayan can yolda\u015f\u0131n\u0131z olsun\u2026 Bu kolye, aran\u0131zdaki ba\u011f\u0131 \u00f6l\u00fcms\u00fczle\u015ftiriyor. \u2728  \u00d6zellikler:  -925 ayar g\u00fcm\u00fc\u015f \u00f6zel pati tasar\u0131m\u0131 -\u0130sim yazd\u0131rma \u2013 ki\u015fiye \u00f6zel -Zamans\u0131z, minimal ve her stile uyan \u015f\u0131kl\u0131k -Sevgiyle haz\u0131rlanm\u0131\u015f, anlam ta\u015f\u0131yan bir hediye se\u00e7ene\u011fi  \u00c7\u00fcnk\u00fc onlar sadece bir \u201cevcil hayvan\u201d de\u011fil\u2026 Onlar, ailenin kalbidir. \ud83d\udc3e\ud83d\udc99  Kolye uzunlu\u011fu: 45 cm 925 g\u00fcm\u00fc\u015f \u00fczeri alt\u0131n kaplama Zirkon Ta\u015f\" \/>\n<meta property=\"og:url\" content=\"https:\/\/astrologelvan.com\/magaza\/urun\/kosulsuz-sevgi-kolyesi-tek-pati\/\" \/>\n<meta property=\"og:site_name\" content=\"Astrolog Elvan\" \/>\n<meta property=\"article:modified_time\" content=\"2026-01-21T18:09:17+00:00\" \/>\n<meta property=\"og:image\" content=\"https:\/\/astrologelvan.com\/magaza\/wp-content\/uploads\/2025\/11\/tekli1-scaled.webp\" \/>\n\t<meta property=\"og:image:width\" content=\"1440\" \/>\n\t<meta property=\"og:image:height\" content=\"2560\" \/>\n\t<meta property=\"og:image:type\" content=\"image\/webp\" \/>\n<meta name=\"twitter:card\" content=\"summary_large_image\" \/>\n<meta name=\"twitter:label1\" content=\"Tahmini okuma s\u00fcresi\" \/>\n\t<meta name=\"twitter:data1\" content=\"1 dakika\" \/>\n<script type=\"application\/ld+json\" class=\"yoast-schema-graph\">{\"@context\":\"https:\\\/\\\/schema.org\",\"@graph\":[{\"@type\":[\"WebPage\",\"ItemPage\"],\"@id\":\"https:\\\/\\\/astrologelvan.com\\\/magaza\\\/urun\\\/kosulsuz-sevgi-kolyesi-tek-pati\\\/\",\"url\":\"https:\\\/\\\/astrologelvan.com\\\/magaza\\\/urun\\\/kosulsuz-sevgi-kolyesi-tek-pati\\\/\",\"name\":\"Ko\u015fulsuz Sevgi Kolyesi (Tek pati) - Astrolog Elvan\",\"isPartOf\":{\"@id\":\"https:\\\/\\\/astrologelvan.com\\\/magaza\\\/#website\"},\"primaryImageOfPage\":{\"@id\":\"https:\\\/\\\/astrologelvan.com\\\/magaza\\\/urun\\\/kosulsuz-sevgi-kolyesi-tek-pati\\\/#primaryimage\"},\"image\":{\"@id\":\"https:\\\/\\\/astrologelvan.com\\\/magaza\\\/urun\\\/kosulsuz-sevgi-kolyesi-tek-pati\\\/#primaryimage\"},\"thumbnailUrl\":\"https:\\\/\\\/astrologelvan.com\\\/magaza\\\/wp-content\\\/uploads\\\/2025\\\/11\\\/tekli1-scaled.webp\",\"datePublished\":\"2025-11-24T16:32:00+00:00\",\"dateModified\":\"2026-01-21T18:09:17+00:00\",\"breadcrumb\":{\"@id\":\"https:\\\/\\\/astrologelvan.com\\\/magaza\\\/urun\\\/kosulsuz-sevgi-kolyesi-tek-pati\\\/#breadcrumb\"},\"inLanguage\":\"tr\",\"potentialAction\":[{\"@type\":\"ReadAction\",\"target\":[\"https:\\\/\\\/astrologelvan.com\\\/magaza\\\/urun\\\/kosulsuz-sevgi-kolyesi-tek-pati\\\/\"]}]},{\"@type\":\"ImageObject\",\"inLanguage\":\"tr\",\"@id\":\"https:\\\/\\\/astrologelvan.com\\\/magaza\\\/urun\\\/kosulsuz-sevgi-kolyesi-tek-pati\\\/#primaryimage\",\"url\":\"https:\\\/\\\/astrologelvan.com\\\/magaza\\\/wp-content\\\/uploads\\\/2025\\\/11\\\/tekli1-scaled.webp\",\"contentUrl\":\"https:\\\/\\\/astrologelvan.com\\\/magaza\\\/wp-content\\\/uploads\\\/2025\\\/11\\\/tekli1-scaled.webp\",\"width\":1440,\"height\":2560},{\"@type\":\"BreadcrumbList\",\"@id\":\"https:\\\/\\\/astrologelvan.com\\\/magaza\\\/urun\\\/kosulsuz-sevgi-kolyesi-tek-pati\\\/#breadcrumb\",\"itemListElement\":[{\"@type\":\"ListItem\",\"position\":1,\"name\":\"Anasayfa\",\"item\":\"https:\\\/\\\/astrologelvan.com\\\/magaza\\\/\"},{\"@type\":\"ListItem\",\"position\":2,\"name\":\"Ma\u011faza\",\"item\":\"https:\\\/\\\/astrologelvan.com\\\/magaza\\\/magaza\\\/\"},{\"@type\":\"ListItem\",\"position\":3,\"name\":\"Ko\u015fulsuz Sevgi Kolyesi (Tek pati)\"}]},{\"@type\":\"WebSite\",\"@id\":\"https:\\\/\\\/astrologelvan.com\\\/magaza\\\/#website\",\"url\":\"https:\\\/\\\/astrologelvan.com\\\/magaza\\\/\",\"name\":\"Astrolog Elvan\",\"description\":\"\",\"potentialAction\":[{\"@type\":\"SearchAction\",\"target\":{\"@type\":\"EntryPoint\",\"urlTemplate\":\"https:\\\/\\\/astrologelvan.com\\\/magaza\\\/?s={search_term_string}\"},\"query-input\":{\"@type\":\"PropertyValueSpecification\",\"valueRequired\":true,\"valueName\":\"search_term_string\"}}],\"inLanguage\":\"tr\"}]}<\/script>\n<!-- \/ Yoast SEO plugin. -->","yoast_head_json":{"title":"Ko\u015fulsuz Sevgi Kolyesi (Tek pati) - Astrolog Elvan","robots":{"index":"index","follow":"follow","max-snippet":"max-snippet:-1","max-image-preview":"max-image-preview:large","max-video-preview":"max-video-preview:-1"},"canonical":"https:\/\/astrologelvan.com\/magaza\/urun\/kosulsuz-sevgi-kolyesi-tek-pati\/","og_locale":"tr_TR","og_type":"article","og_title":"Ko\u015fulsuz Sevgi Kolyesi (Tek pati) - Astrolog Elvan","og_description":"Sevdi\u011finiz can dostunuz art\u0131k kalbinize bir ad\u0131m daha yak\u0131n\u2026 925 ayar g\u00fcm\u00fc\u015ften tasarlad\u0131\u011f\u0131m\u0131z \u00f6zel Pati Koleksiyonu, sadece bir aksesuar de\u011fil; sadakatin, sevginin ve birlikte ge\u00e7irdi\u011finiz anlar\u0131n sembol\u00fc.  Her pati kolyesine dilerseniz dostunuzun ismini \u00f6zenle i\u015fliyoruz.  \u0130ster minik bir kediniz, ister g\u00fc\u00e7l\u00fc bir k\u00f6pe\u011finiz, ister y\u0131llard\u0131r yan\u0131n\u0131zdan ayr\u0131lmayan can yolda\u015f\u0131n\u0131z olsun\u2026 Bu kolye, aran\u0131zdaki ba\u011f\u0131 \u00f6l\u00fcms\u00fczle\u015ftiriyor. \u2728  \u00d6zellikler:  -925 ayar g\u00fcm\u00fc\u015f \u00f6zel pati tasar\u0131m\u0131 -\u0130sim yazd\u0131rma \u2013 ki\u015fiye \u00f6zel -Zamans\u0131z, minimal ve her stile uyan \u015f\u0131kl\u0131k -Sevgiyle haz\u0131rlanm\u0131\u015f, anlam ta\u015f\u0131yan bir hediye se\u00e7ene\u011fi  \u00c7\u00fcnk\u00fc onlar sadece bir \u201cevcil hayvan\u201d de\u011fil\u2026 Onlar, ailenin kalbidir. \ud83d\udc3e\ud83d\udc99  Kolye uzunlu\u011fu: 45 cm 925 g\u00fcm\u00fc\u015f \u00fczeri alt\u0131n kaplama Zirkon Ta\u015f","og_url":"https:\/\/astrologelvan.com\/magaza\/urun\/kosulsuz-sevgi-kolyesi-tek-pati\/","og_site_name":"Astrolog Elvan","article_modified_time":"2026-01-21T18:09:17+00:00","og_image":[{"width":1440,"height":2560,"url":"https:\/\/astrologelvan.com\/magaza\/wp-content\/uploads\/2025\/11\/tekli1-scaled.webp","type":"image\/webp"}],"twitter_card":"summary_large_image","twitter_misc":{"Tahmini okuma s\u00fcresi":"1 dakika"},"schema":{"@context":"https:\/\/schema.org","@graph":[{"@type":["WebPage","ItemPage"],"@id":"https:\/\/astrologelvan.com\/magaza\/urun\/kosulsuz-sevgi-kolyesi-tek-pati\/","url":"https:\/\/astrologelvan.com\/magaza\/urun\/kosulsuz-sevgi-kolyesi-tek-pati\/","name":"Ko\u015fulsuz Sevgi Kolyesi (Tek pati) - Astrolog Elvan","isPartOf":{"@id":"https:\/\/astrologelvan.com\/magaza\/#website"},"primaryImageOfPage":{"@id":"https:\/\/astrologelvan.com\/magaza\/urun\/kosulsuz-sevgi-kolyesi-tek-pati\/#primaryimage"},"image":{"@id":"https:\/\/astrologelvan.com\/magaza\/urun\/kosulsuz-sevgi-kolyesi-tek-pati\/#primaryimage"},"thumbnailUrl":"https:\/\/astrologelvan.com\/magaza\/wp-content\/uploads\/2025\/11\/tekli1-scaled.webp","datePublished":"2025-11-24T16:32:00+00:00","dateModified":"2026-01-21T18:09:17+00:00","breadcrumb":{"@id":"https:\/\/astrologelvan.com\/magaza\/urun\/kosulsuz-sevgi-kolyesi-tek-pati\/#breadcrumb"},"inLanguage":"tr","potentialAction":[{"@type":"ReadAction","target":["https:\/\/astrologelvan.com\/magaza\/urun\/kosulsuz-sevgi-kolyesi-tek-pati\/"]}]},{"@type":"ImageObject","inLanguage":"tr","@id":"https:\/\/astrologelvan.com\/magaza\/urun\/kosulsuz-sevgi-kolyesi-tek-pati\/#primaryimage","url":"https:\/\/astrologelvan.com\/magaza\/wp-content\/uploads\/2025\/11\/tekli1-scaled.webp","contentUrl":"https:\/\/astrologelvan.com\/magaza\/wp-content\/uploads\/2025\/11\/tekli1-scaled.webp","width":1440,"height":2560},{"@type":"BreadcrumbList","@id":"https:\/\/astrologelvan.com\/magaza\/urun\/kosulsuz-sevgi-kolyesi-tek-pati\/#breadcrumb","itemListElement":[{"@type":"ListItem","position":1,"name":"Anasayfa","item":"https:\/\/astrologelvan.com\/magaza\/"},{"@type":"ListItem","position":2,"name":"Ma\u011faza","item":"https:\/\/astrologelvan.com\/magaza\/magaza\/"},{"@type":"ListItem","position":3,"name":"Ko\u015fulsuz Sevgi Kolyesi (Tek pati)"}]},{"@type":"WebSite","@id":"https:\/\/astrologelvan.com\/magaza\/#website","url":"https:\/\/astrologelvan.com\/magaza\/","name":"Astrolog Elvan","description":"","potentialAction":[{"@type":"SearchAction","target":{"@type":"EntryPoint","urlTemplate":"https:\/\/astrologelvan.com\/magaza\/?s={search_term_string}"},"query-input":{"@type":"PropertyValueSpecification","valueRequired":true,"valueName":"search_term_string"}}],"inLanguage":"tr"}]}},"_links":{"self":[{"href":"https:\/\/astrologelvan.com\/magaza\/wp-json\/wp\/v2\/product\/127563","targetHints":{"allow":["GET"]}}],"collection":[{"href":"https:\/\/astrologelvan.com\/magaza\/wp-json\/wp\/v2\/product"}],"about":[{"href":"https:\/\/astrologelvan.com\/magaza\/wp-json\/wp\/v2\/types\/product"}],"replies":[{"embeddable":true,"href":"https:\/\/astrologelvan.com\/magaza\/wp-json\/wp\/v2\/comments?post=127563"}],"wp:featuredmedia":[{"embeddable":true,"href":"https:\/\/astrologelvan.com\/magaza\/wp-json\/wp\/v2\/media\/127566"}],"wp:attachment":[{"href":"https:\/\/astrologelvan.com\/magaza\/wp-json\/wp\/v2\/media?parent=127563"}],"wp:term":[{"taxonomy":"product_brand","embeddable":true,"href":"https:\/\/astrologelvan.com\/magaza\/wp-json\/wp\/v2\/product_brand?post=127563"},{"taxonomy":"product_cat","embeddable":true,"href":"https:\/\/astrologelvan.com\/magaza\/wp-json\/wp\/v2\/product_cat?post=127563"},{"taxonomy":"product_tag","embeddable":true,"href":"https:\/\/astrologelvan.com\/magaza\/wp-json\/wp\/v2\/product_tag?post=127563"}],"curies":[{"name":"wp","href":"https:\/\/api.w.org\/{rel}","templated":true}]}}