{"id":1274,"date":"2024-02-28T03:30:18","date_gmt":"2024-02-28T00:30:18","guid":{"rendered":"https:\/\/astrologelvan.shop\/?post_type=product&#038;p=1274"},"modified":"2026-01-06T14:13:23","modified_gmt":"2026-01-06T11:13:23","slug":"dogal-tas-sitrin-tesbih","status":"publish","type":"product","link":"https:\/\/astrologelvan.com\/magaza\/urun\/dogal-tas-sitrin-tesbih\/","title":{"rendered":"DO\u011eAL TA\u015e S\u0130TR\u0130N TESB\u0130H"},"content":{"rendered":"<p><strong>\u00dcr\u00fcn \u00d6zellikleri:<\/strong><\/p>\n<p>\u00dcr\u00fcn A\u011f\u0131rl\u0131\u011f\u0131: 83-85 Gram<\/p>\n<p>\u00dcr\u00fcn Uzunlu\u011fu: 50 CM<\/p>\n<p>Ta\u015f B\u00fcy\u00fckl\u00fc\u011f\u00fc: 8.21 MM<\/p>\n<p>Tesbihte 99 Ta\u015f mevcuttur.<\/p>\n<p>925 Ayar G\u00fcm\u00fc\u015f<\/p>\n","protected":false},"excerpt":{"rendered":"<p class=\"trt0xe\">Hayat\u0131n\u0131za bolluk, bereket ve \u015fans\u0131 \u00e7ekin<\/p>\n<p class=\"trt0xe\">\u00d6zg\u00fcven problemi ya\u015fayanlar i\u00e7in ki\u015fiye ilham ve motivasyon verir.<\/p>\n<p class=\"trt0xe\">G\u00fcne\u015fle ili\u015fkilendirilmesinden dolay\u0131, ya\u015fam enerjisi ve mutlulu\u011fun ta\u015f\u0131d\u0131r.<\/p>\n<p class=\"trt0xe\">Etraf\u0131na pozitif enerji yayar.<\/p>\n<p class=\"trt0xe\">Ba\u015far\u0131n\u0131n ta\u015f\u0131d\u0131r.<\/p>\n<p class=\"trt0xe\">Zihni ar\u0131nd\u0131rarak, hedefe odaklanmay\u0131 sa\u011flar.<\/p>\n","protected":false},"featured_media":3947,"comment_status":"open","ping_status":"closed","template":"","meta":[],"product_brand":[],"product_cat":[26],"product_tag":[],"class_list":{"0":"post-1274","1":"product","2":"type-product","3":"status-publish","4":"has-post-thumbnail","6":"product_cat-genel","8":"first","9":"outofstock","10":"taxable","11":"shipping-taxable","12":"purchasable","13":"product-type-simple"},"yoast_head":"<!-- This site is optimized with the Yoast SEO plugin v27.3 - https:\/\/yoast.com\/product\/yoast-seo-wordpress\/ -->\n<title>DO\u011eAL TA\u015e S\u0130TR\u0130N TESB\u0130H - Astrolog Elvan<\/title>\n<meta name=\"robots\" content=\"index, follow, max-snippet:-1, max-image-preview:large, max-video-preview:-1\" \/>\n<link rel=\"canonical\" href=\"https:\/\/astrologelvan.com\/magaza\/urun\/dogal-tas-sitrin-tesbih\/\" \/>\n<meta property=\"og:locale\" content=\"tr_TR\" \/>\n<meta property=\"og:type\" content=\"article\" \/>\n<meta property=\"og:title\" content=\"DO\u011eAL TA\u015e S\u0130TR\u0130N TESB\u0130H - Astrolog Elvan\" \/>\n<meta property=\"og:description\" content=\"Hayat\u0131n\u0131za bolluk, bereket ve \u015fans\u0131 \u00e7ekin \u00d6zg\u00fcven problemi ya\u015fayanlar i\u00e7in ki\u015fiye ilham ve motivasyon verir. G\u00fcne\u015fle ili\u015fkilendirilmesinden dolay\u0131, ya\u015fam enerjisi ve mutlulu\u011fun ta\u015f\u0131d\u0131r. Etraf\u0131na pozitif enerji yayar. Ba\u015far\u0131n\u0131n ta\u015f\u0131d\u0131r. Zihni ar\u0131nd\u0131rarak, hedefe odaklanmay\u0131 sa\u011flar.\" \/>\n<meta property=\"og:url\" content=\"https:\/\/astrologelvan.com\/magaza\/urun\/dogal-tas-sitrin-tesbih\/\" \/>\n<meta property=\"og:site_name\" content=\"Astrolog Elvan\" \/>\n<meta property=\"article:modified_time\" content=\"2026-01-06T11:13:23+00:00\" \/>\n<meta property=\"og:image\" content=\"https:\/\/astrologelvan.com\/magaza\/wp-content\/uploads\/2024\/02\/1-14.jpg\" \/>\n\t<meta property=\"og:image:width\" content=\"1600\" \/>\n\t<meta property=\"og:image:height\" content=\"1600\" \/>\n\t<meta property=\"og:image:type\" content=\"image\/jpeg\" \/>\n<meta name=\"twitter:card\" content=\"summary_large_image\" \/>\n<meta name=\"twitter:label1\" content=\"Tahmini okuma s\u00fcresi\" \/>\n\t<meta name=\"twitter:data1\" content=\"1 dakika\" \/>\n<script type=\"application\/ld+json\" class=\"yoast-schema-graph\">{\"@context\":\"https:\\\/\\\/schema.org\",\"@graph\":[{\"@type\":[\"WebPage\",\"ItemPage\"],\"@id\":\"https:\\\/\\\/astrologelvan.com\\\/magaza\\\/urun\\\/dogal-tas-sitrin-tesbih\\\/\",\"url\":\"https:\\\/\\\/astrologelvan.com\\\/magaza\\\/urun\\\/dogal-tas-sitrin-tesbih\\\/\",\"name\":\"DO\u011eAL TA\u015e S\u0130TR\u0130N TESB\u0130H - Astrolog Elvan\",\"isPartOf\":{\"@id\":\"https:\\\/\\\/astrologelvan.com\\\/magaza\\\/#website\"},\"primaryImageOfPage\":{\"@id\":\"https:\\\/\\\/astrologelvan.com\\\/magaza\\\/urun\\\/dogal-tas-sitrin-tesbih\\\/#primaryimage\"},\"image\":{\"@id\":\"https:\\\/\\\/astrologelvan.com\\\/magaza\\\/urun\\\/dogal-tas-sitrin-tesbih\\\/#primaryimage\"},\"thumbnailUrl\":\"https:\\\/\\\/astrologelvan.com\\\/magaza\\\/wp-content\\\/uploads\\\/2024\\\/02\\\/1-14.jpg\",\"datePublished\":\"2024-02-28T00:30:18+00:00\",\"dateModified\":\"2026-01-06T11:13:23+00:00\",\"breadcrumb\":{\"@id\":\"https:\\\/\\\/astrologelvan.com\\\/magaza\\\/urun\\\/dogal-tas-sitrin-tesbih\\\/#breadcrumb\"},\"inLanguage\":\"tr\",\"potentialAction\":[{\"@type\":\"ReadAction\",\"target\":[\"https:\\\/\\\/astrologelvan.com\\\/magaza\\\/urun\\\/dogal-tas-sitrin-tesbih\\\/\"]}]},{\"@type\":\"ImageObject\",\"inLanguage\":\"tr\",\"@id\":\"https:\\\/\\\/astrologelvan.com\\\/magaza\\\/urun\\\/dogal-tas-sitrin-tesbih\\\/#primaryimage\",\"url\":\"https:\\\/\\\/astrologelvan.com\\\/magaza\\\/wp-content\\\/uploads\\\/2024\\\/02\\\/1-14.jpg\",\"contentUrl\":\"https:\\\/\\\/astrologelvan.com\\\/magaza\\\/wp-content\\\/uploads\\\/2024\\\/02\\\/1-14.jpg\",\"width\":1600,\"height\":1600},{\"@type\":\"BreadcrumbList\",\"@id\":\"https:\\\/\\\/astrologelvan.com\\\/magaza\\\/urun\\\/dogal-tas-sitrin-tesbih\\\/#breadcrumb\",\"itemListElement\":[{\"@type\":\"ListItem\",\"position\":1,\"name\":\"Anasayfa\",\"item\":\"https:\\\/\\\/astrologelvan.com\\\/magaza\\\/\"},{\"@type\":\"ListItem\",\"position\":2,\"name\":\"Ma\u011faza\",\"item\":\"https:\\\/\\\/astrologelvan.com\\\/magaza\\\/magaza\\\/\"},{\"@type\":\"ListItem\",\"position\":3,\"name\":\"DO\u011eAL TA\u015e S\u0130TR\u0130N TESB\u0130H\"}]},{\"@type\":\"WebSite\",\"@id\":\"https:\\\/\\\/astrologelvan.com\\\/magaza\\\/#website\",\"url\":\"https:\\\/\\\/astrologelvan.com\\\/magaza\\\/\",\"name\":\"Astrolog Elvan\",\"description\":\"\",\"potentialAction\":[{\"@type\":\"SearchAction\",\"target\":{\"@type\":\"EntryPoint\",\"urlTemplate\":\"https:\\\/\\\/astrologelvan.com\\\/magaza\\\/?s={search_term_string}\"},\"query-input\":{\"@type\":\"PropertyValueSpecification\",\"valueRequired\":true,\"valueName\":\"search_term_string\"}}],\"inLanguage\":\"tr\"}]}<\/script>\n<!-- \/ Yoast SEO plugin. -->","yoast_head_json":{"title":"DO\u011eAL TA\u015e S\u0130TR\u0130N TESB\u0130H - Astrolog Elvan","robots":{"index":"index","follow":"follow","max-snippet":"max-snippet:-1","max-image-preview":"max-image-preview:large","max-video-preview":"max-video-preview:-1"},"canonical":"https:\/\/astrologelvan.com\/magaza\/urun\/dogal-tas-sitrin-tesbih\/","og_locale":"tr_TR","og_type":"article","og_title":"DO\u011eAL TA\u015e S\u0130TR\u0130N TESB\u0130H - Astrolog Elvan","og_description":"Hayat\u0131n\u0131za bolluk, bereket ve \u015fans\u0131 \u00e7ekin \u00d6zg\u00fcven problemi ya\u015fayanlar i\u00e7in ki\u015fiye ilham ve motivasyon verir. G\u00fcne\u015fle ili\u015fkilendirilmesinden dolay\u0131, ya\u015fam enerjisi ve mutlulu\u011fun ta\u015f\u0131d\u0131r. Etraf\u0131na pozitif enerji yayar. Ba\u015far\u0131n\u0131n ta\u015f\u0131d\u0131r. Zihni ar\u0131nd\u0131rarak, hedefe odaklanmay\u0131 sa\u011flar.","og_url":"https:\/\/astrologelvan.com\/magaza\/urun\/dogal-tas-sitrin-tesbih\/","og_site_name":"Astrolog Elvan","article_modified_time":"2026-01-06T11:13:23+00:00","og_image":[{"width":1600,"height":1600,"url":"https:\/\/astrologelvan.com\/magaza\/wp-content\/uploads\/2024\/02\/1-14.jpg","type":"image\/jpeg"}],"twitter_card":"summary_large_image","twitter_misc":{"Tahmini okuma s\u00fcresi":"1 dakika"},"schema":{"@context":"https:\/\/schema.org","@graph":[{"@type":["WebPage","ItemPage"],"@id":"https:\/\/astrologelvan.com\/magaza\/urun\/dogal-tas-sitrin-tesbih\/","url":"https:\/\/astrologelvan.com\/magaza\/urun\/dogal-tas-sitrin-tesbih\/","name":"DO\u011eAL TA\u015e S\u0130TR\u0130N TESB\u0130H - Astrolog Elvan","isPartOf":{"@id":"https:\/\/astrologelvan.com\/magaza\/#website"},"primaryImageOfPage":{"@id":"https:\/\/astrologelvan.com\/magaza\/urun\/dogal-tas-sitrin-tesbih\/#primaryimage"},"image":{"@id":"https:\/\/astrologelvan.com\/magaza\/urun\/dogal-tas-sitrin-tesbih\/#primaryimage"},"thumbnailUrl":"https:\/\/astrologelvan.com\/magaza\/wp-content\/uploads\/2024\/02\/1-14.jpg","datePublished":"2024-02-28T00:30:18+00:00","dateModified":"2026-01-06T11:13:23+00:00","breadcrumb":{"@id":"https:\/\/astrologelvan.com\/magaza\/urun\/dogal-tas-sitrin-tesbih\/#breadcrumb"},"inLanguage":"tr","potentialAction":[{"@type":"ReadAction","target":["https:\/\/astrologelvan.com\/magaza\/urun\/dogal-tas-sitrin-tesbih\/"]}]},{"@type":"ImageObject","inLanguage":"tr","@id":"https:\/\/astrologelvan.com\/magaza\/urun\/dogal-tas-sitrin-tesbih\/#primaryimage","url":"https:\/\/astrologelvan.com\/magaza\/wp-content\/uploads\/2024\/02\/1-14.jpg","contentUrl":"https:\/\/astrologelvan.com\/magaza\/wp-content\/uploads\/2024\/02\/1-14.jpg","width":1600,"height":1600},{"@type":"BreadcrumbList","@id":"https:\/\/astrologelvan.com\/magaza\/urun\/dogal-tas-sitrin-tesbih\/#breadcrumb","itemListElement":[{"@type":"ListItem","position":1,"name":"Anasayfa","item":"https:\/\/astrologelvan.com\/magaza\/"},{"@type":"ListItem","position":2,"name":"Ma\u011faza","item":"https:\/\/astrologelvan.com\/magaza\/magaza\/"},{"@type":"ListItem","position":3,"name":"DO\u011eAL TA\u015e S\u0130TR\u0130N TESB\u0130H"}]},{"@type":"WebSite","@id":"https:\/\/astrologelvan.com\/magaza\/#website","url":"https:\/\/astrologelvan.com\/magaza\/","name":"Astrolog Elvan","description":"","potentialAction":[{"@type":"SearchAction","target":{"@type":"EntryPoint","urlTemplate":"https:\/\/astrologelvan.com\/magaza\/?s={search_term_string}"},"query-input":{"@type":"PropertyValueSpecification","valueRequired":true,"valueName":"search_term_string"}}],"inLanguage":"tr"}]}},"_links":{"self":[{"href":"https:\/\/astrologelvan.com\/magaza\/wp-json\/wp\/v2\/product\/1274","targetHints":{"allow":["GET"]}}],"collection":[{"href":"https:\/\/astrologelvan.com\/magaza\/wp-json\/wp\/v2\/product"}],"about":[{"href":"https:\/\/astrologelvan.com\/magaza\/wp-json\/wp\/v2\/types\/product"}],"replies":[{"embeddable":true,"href":"https:\/\/astrologelvan.com\/magaza\/wp-json\/wp\/v2\/comments?post=1274"}],"wp:featuredmedia":[{"embeddable":true,"href":"https:\/\/astrologelvan.com\/magaza\/wp-json\/wp\/v2\/media\/3947"}],"wp:attachment":[{"href":"https:\/\/astrologelvan.com\/magaza\/wp-json\/wp\/v2\/media?parent=1274"}],"wp:term":[{"taxonomy":"product_brand","embeddable":true,"href":"https:\/\/astrologelvan.com\/magaza\/wp-json\/wp\/v2\/product_brand?post=1274"},{"taxonomy":"product_cat","embeddable":true,"href":"https:\/\/astrologelvan.com\/magaza\/wp-json\/wp\/v2\/product_cat?post=1274"},{"taxonomy":"product_tag","embeddable":true,"href":"https:\/\/astrologelvan.com\/magaza\/wp-json\/wp\/v2\/product_tag?post=1274"}],"curies":[{"name":"wp","href":"https:\/\/api.w.org\/{rel}","templated":true}]}}