{"id":1270,"date":"2024-02-28T03:29:39","date_gmt":"2024-02-28T00:29:39","guid":{"rendered":"https:\/\/astrologelvan.shop\/?post_type=product&#038;p=1270"},"modified":"2026-04-10T00:57:11","modified_gmt":"2026-04-09T21:57:11","slug":"888-melek-sayisi-kolye","status":"publish","type":"product","link":"https:\/\/astrologelvan.com\/magaza\/urun\/888-melek-sayisi-kolye\/","title":{"rendered":"888 MELEK SAYISI KOLYE"},"content":{"rendered":"<p><strong>\u00dcr\u00fcn \u00d6zellikleri:<\/strong><\/p>\n<p>Kolye A\u011f\u0131l\u0131\u011f\u0131: 2,9 Gram<\/p>\n<p>Zincir Uzunlu\u011fu: 40+5 cm<\/p>\n<p>925 Ayar G\u00fcm\u00fc\u015f \u00dczeri Alt\u0131n Kaplama<\/p>\n","protected":false},"excerpt":{"rendered":"<p><strong>888 \u0130LAH\u0130 DESTEK, ZENG\u0130NL\u0130K<\/strong><\/p>\n<p><strong>Yaradan\u2019\u0131n zenginlik tan\u0131m\u0131n\u0131 bilmek ister misin?<\/strong><\/p>\n<p>N\u00fcmerolojideki en ilahi say\u0131lardan biri 8&#8217;dir ve bu rakam\u0131 bir melek say\u0131s\u0131 olarak g\u00f6zlemlemek (\u00fc\u00e7l\u00fc, d\u00f6rtl\u00fc bir dizi i\u00e7inde veya bir kal\u0131p i\u00e7inde) manevi evrenle g\u00fc\u00e7l\u00fc bir ba\u011f\u0131 yans\u0131t\u0131r. \u00d6l\u00fcmden sonra ya\u015fama inananlar, sekizleri, sevdiklerinden do\u011fa\u00fcst\u00fc destek ald\u0131klar\u0131n\u0131n bir i\u015fareti olarak g\u00f6rebilirler. Temel olarak sekiz, sonsuzlu\u011fun sembol\u00fcd\u00fcr bu y\u00fczden bu melek say\u0131s\u0131n\u0131 g\u00f6rd\u00fc\u011f\u00fcn\u00fczde sezgilerinize kulak vermekten korkmay\u0131n. Sekiz say\u0131s\u0131 ayn\u0131 zamanda bolluk ve zenginlikle ba\u011flant\u0131l\u0131d\u0131r. Yaradan\u2019\u0131n zenginlik tan\u0131m\u0131n\u0131 bilmek ister misin?<\/p>\n","protected":false},"featured_media":151862,"comment_status":"open","ping_status":"closed","template":"","meta":[],"product_brand":[],"product_cat":[484],"product_tag":[],"class_list":{"0":"post-1270","1":"product","2":"type-product","3":"status-publish","4":"has-post-thumbnail","6":"product_cat-melek-sayisi-kolyeler","8":"first","9":"instock","10":"purchasable","11":"product-type-simple"},"yoast_head":"<!-- This site is optimized with the Yoast SEO plugin v27.3 - https:\/\/yoast.com\/product\/yoast-seo-wordpress\/ -->\n<title>888 MELEK SAYISI KOLYE - Astrolog Elvan<\/title>\n<meta name=\"robots\" content=\"index, follow, max-snippet:-1, max-image-preview:large, max-video-preview:-1\" \/>\n<link rel=\"canonical\" href=\"https:\/\/astrologelvan.com\/magaza\/urun\/888-melek-sayisi-kolye\/\" \/>\n<meta property=\"og:locale\" content=\"tr_TR\" \/>\n<meta property=\"og:type\" content=\"article\" \/>\n<meta property=\"og:title\" content=\"888 MELEK SAYISI KOLYE - Astrolog Elvan\" \/>\n<meta property=\"og:description\" content=\"888 \u0130LAH\u0130 DESTEK, ZENG\u0130NL\u0130K  Yaradan\u2019\u0131n zenginlik tan\u0131m\u0131n\u0131 bilmek ister misin?  N\u00fcmerolojideki en ilahi say\u0131lardan biri 8&#039;dir ve bu rakam\u0131 bir melek say\u0131s\u0131 olarak g\u00f6zlemlemek (\u00fc\u00e7l\u00fc, d\u00f6rtl\u00fc bir dizi i\u00e7inde veya bir kal\u0131p i\u00e7inde) manevi evrenle g\u00fc\u00e7l\u00fc bir ba\u011f\u0131 yans\u0131t\u0131r. \u00d6l\u00fcmden sonra ya\u015fama inananlar, sekizleri, sevdiklerinden do\u011fa\u00fcst\u00fc destek ald\u0131klar\u0131n\u0131n bir i\u015fareti olarak g\u00f6rebilirler. Temel olarak sekiz, sonsuzlu\u011fun sembol\u00fcd\u00fcr bu y\u00fczden bu melek say\u0131s\u0131n\u0131 g\u00f6rd\u00fc\u011f\u00fcn\u00fczde sezgilerinize kulak vermekten korkmay\u0131n. Sekiz say\u0131s\u0131 ayn\u0131 zamanda bolluk ve zenginlikle ba\u011flant\u0131l\u0131d\u0131r. Yaradan\u2019\u0131n zenginlik tan\u0131m\u0131n\u0131 bilmek ister misin?\" \/>\n<meta property=\"og:url\" content=\"https:\/\/astrologelvan.com\/magaza\/urun\/888-melek-sayisi-kolye\/\" \/>\n<meta property=\"og:site_name\" content=\"Astrolog Elvan\" \/>\n<meta property=\"article:modified_time\" content=\"2026-04-09T21:57:11+00:00\" \/>\n<meta property=\"og:image\" content=\"https:\/\/astrologelvan.com\/magaza\/wp-content\/uploads\/2024\/02\/ChatGPT-Image-30-Oca-2026-13_30_58.png\" \/>\n\t<meta property=\"og:image:width\" content=\"1020\" \/>\n\t<meta property=\"og:image:height\" content=\"1530\" \/>\n\t<meta property=\"og:image:type\" content=\"image\/png\" \/>\n<meta name=\"twitter:card\" content=\"summary_large_image\" \/>\n<meta name=\"twitter:label1\" content=\"Tahmini okuma s\u00fcresi\" \/>\n\t<meta name=\"twitter:data1\" content=\"1 dakika\" \/>\n<script type=\"application\/ld+json\" class=\"yoast-schema-graph\">{\"@context\":\"https:\\\/\\\/schema.org\",\"@graph\":[{\"@type\":[\"WebPage\",\"ItemPage\"],\"@id\":\"https:\\\/\\\/astrologelvan.com\\\/magaza\\\/urun\\\/888-melek-sayisi-kolye\\\/\",\"url\":\"https:\\\/\\\/astrologelvan.com\\\/magaza\\\/urun\\\/888-melek-sayisi-kolye\\\/\",\"name\":\"888 MELEK SAYISI KOLYE - Astrolog Elvan\",\"isPartOf\":{\"@id\":\"https:\\\/\\\/astrologelvan.com\\\/magaza\\\/#website\"},\"primaryImageOfPage\":{\"@id\":\"https:\\\/\\\/astrologelvan.com\\\/magaza\\\/urun\\\/888-melek-sayisi-kolye\\\/#primaryimage\"},\"image\":{\"@id\":\"https:\\\/\\\/astrologelvan.com\\\/magaza\\\/urun\\\/888-melek-sayisi-kolye\\\/#primaryimage\"},\"thumbnailUrl\":\"https:\\\/\\\/astrologelvan.com\\\/magaza\\\/wp-content\\\/uploads\\\/2024\\\/02\\\/ChatGPT-Image-30-Oca-2026-13_30_58.png\",\"datePublished\":\"2024-02-28T00:29:39+00:00\",\"dateModified\":\"2026-04-09T21:57:11+00:00\",\"breadcrumb\":{\"@id\":\"https:\\\/\\\/astrologelvan.com\\\/magaza\\\/urun\\\/888-melek-sayisi-kolye\\\/#breadcrumb\"},\"inLanguage\":\"tr\",\"potentialAction\":[{\"@type\":\"ReadAction\",\"target\":[\"https:\\\/\\\/astrologelvan.com\\\/magaza\\\/urun\\\/888-melek-sayisi-kolye\\\/\"]}]},{\"@type\":\"ImageObject\",\"inLanguage\":\"tr\",\"@id\":\"https:\\\/\\\/astrologelvan.com\\\/magaza\\\/urun\\\/888-melek-sayisi-kolye\\\/#primaryimage\",\"url\":\"https:\\\/\\\/astrologelvan.com\\\/magaza\\\/wp-content\\\/uploads\\\/2024\\\/02\\\/ChatGPT-Image-30-Oca-2026-13_30_58.png\",\"contentUrl\":\"https:\\\/\\\/astrologelvan.com\\\/magaza\\\/wp-content\\\/uploads\\\/2024\\\/02\\\/ChatGPT-Image-30-Oca-2026-13_30_58.png\",\"width\":1024,\"height\":1536},{\"@type\":\"BreadcrumbList\",\"@id\":\"https:\\\/\\\/astrologelvan.com\\\/magaza\\\/urun\\\/888-melek-sayisi-kolye\\\/#breadcrumb\",\"itemListElement\":[{\"@type\":\"ListItem\",\"position\":1,\"name\":\"Anasayfa\",\"item\":\"https:\\\/\\\/astrologelvan.com\\\/magaza\\\/\"},{\"@type\":\"ListItem\",\"position\":2,\"name\":\"Ma\u011faza\",\"item\":\"https:\\\/\\\/astrologelvan.com\\\/magaza\\\/magaza\\\/\"},{\"@type\":\"ListItem\",\"position\":3,\"name\":\"888 MELEK SAYISI KOLYE\"}]},{\"@type\":\"WebSite\",\"@id\":\"https:\\\/\\\/astrologelvan.com\\\/magaza\\\/#website\",\"url\":\"https:\\\/\\\/astrologelvan.com\\\/magaza\\\/\",\"name\":\"Astrolog Elvan\",\"description\":\"\",\"potentialAction\":[{\"@type\":\"SearchAction\",\"target\":{\"@type\":\"EntryPoint\",\"urlTemplate\":\"https:\\\/\\\/astrologelvan.com\\\/magaza\\\/?s={search_term_string}\"},\"query-input\":{\"@type\":\"PropertyValueSpecification\",\"valueRequired\":true,\"valueName\":\"search_term_string\"}}],\"inLanguage\":\"tr\"}]}<\/script>\n<!-- \/ Yoast SEO plugin. -->","yoast_head_json":{"title":"888 MELEK SAYISI KOLYE - Astrolog Elvan","robots":{"index":"index","follow":"follow","max-snippet":"max-snippet:-1","max-image-preview":"max-image-preview:large","max-video-preview":"max-video-preview:-1"},"canonical":"https:\/\/astrologelvan.com\/magaza\/urun\/888-melek-sayisi-kolye\/","og_locale":"tr_TR","og_type":"article","og_title":"888 MELEK SAYISI KOLYE - Astrolog Elvan","og_description":"888 \u0130LAH\u0130 DESTEK, ZENG\u0130NL\u0130K  Yaradan\u2019\u0131n zenginlik tan\u0131m\u0131n\u0131 bilmek ister misin?  N\u00fcmerolojideki en ilahi say\u0131lardan biri 8'dir ve bu rakam\u0131 bir melek say\u0131s\u0131 olarak g\u00f6zlemlemek (\u00fc\u00e7l\u00fc, d\u00f6rtl\u00fc bir dizi i\u00e7inde veya bir kal\u0131p i\u00e7inde) manevi evrenle g\u00fc\u00e7l\u00fc bir ba\u011f\u0131 yans\u0131t\u0131r. \u00d6l\u00fcmden sonra ya\u015fama inananlar, sekizleri, sevdiklerinden do\u011fa\u00fcst\u00fc destek ald\u0131klar\u0131n\u0131n bir i\u015fareti olarak g\u00f6rebilirler. Temel olarak sekiz, sonsuzlu\u011fun sembol\u00fcd\u00fcr bu y\u00fczden bu melek say\u0131s\u0131n\u0131 g\u00f6rd\u00fc\u011f\u00fcn\u00fczde sezgilerinize kulak vermekten korkmay\u0131n. Sekiz say\u0131s\u0131 ayn\u0131 zamanda bolluk ve zenginlikle ba\u011flant\u0131l\u0131d\u0131r. Yaradan\u2019\u0131n zenginlik tan\u0131m\u0131n\u0131 bilmek ister misin?","og_url":"https:\/\/astrologelvan.com\/magaza\/urun\/888-melek-sayisi-kolye\/","og_site_name":"Astrolog Elvan","article_modified_time":"2026-04-09T21:57:11+00:00","og_image":[{"url":"https:\/\/astrologelvan.com\/magaza\/wp-content\/uploads\/2024\/02\/ChatGPT-Image-30-Oca-2026-13_30_58.png","width":1020,"height":1530,"type":"image\/png"}],"twitter_card":"summary_large_image","twitter_misc":{"Tahmini okuma s\u00fcresi":"1 dakika"},"schema":{"@context":"https:\/\/schema.org","@graph":[{"@type":["WebPage","ItemPage"],"@id":"https:\/\/astrologelvan.com\/magaza\/urun\/888-melek-sayisi-kolye\/","url":"https:\/\/astrologelvan.com\/magaza\/urun\/888-melek-sayisi-kolye\/","name":"888 MELEK SAYISI KOLYE - Astrolog Elvan","isPartOf":{"@id":"https:\/\/astrologelvan.com\/magaza\/#website"},"primaryImageOfPage":{"@id":"https:\/\/astrologelvan.com\/magaza\/urun\/888-melek-sayisi-kolye\/#primaryimage"},"image":{"@id":"https:\/\/astrologelvan.com\/magaza\/urun\/888-melek-sayisi-kolye\/#primaryimage"},"thumbnailUrl":"https:\/\/astrologelvan.com\/magaza\/wp-content\/uploads\/2024\/02\/ChatGPT-Image-30-Oca-2026-13_30_58.png","datePublished":"2024-02-28T00:29:39+00:00","dateModified":"2026-04-09T21:57:11+00:00","breadcrumb":{"@id":"https:\/\/astrologelvan.com\/magaza\/urun\/888-melek-sayisi-kolye\/#breadcrumb"},"inLanguage":"tr","potentialAction":[{"@type":"ReadAction","target":["https:\/\/astrologelvan.com\/magaza\/urun\/888-melek-sayisi-kolye\/"]}]},{"@type":"ImageObject","inLanguage":"tr","@id":"https:\/\/astrologelvan.com\/magaza\/urun\/888-melek-sayisi-kolye\/#primaryimage","url":"https:\/\/astrologelvan.com\/magaza\/wp-content\/uploads\/2024\/02\/ChatGPT-Image-30-Oca-2026-13_30_58.png","contentUrl":"https:\/\/astrologelvan.com\/magaza\/wp-content\/uploads\/2024\/02\/ChatGPT-Image-30-Oca-2026-13_30_58.png","width":1024,"height":1536},{"@type":"BreadcrumbList","@id":"https:\/\/astrologelvan.com\/magaza\/urun\/888-melek-sayisi-kolye\/#breadcrumb","itemListElement":[{"@type":"ListItem","position":1,"name":"Anasayfa","item":"https:\/\/astrologelvan.com\/magaza\/"},{"@type":"ListItem","position":2,"name":"Ma\u011faza","item":"https:\/\/astrologelvan.com\/magaza\/magaza\/"},{"@type":"ListItem","position":3,"name":"888 MELEK SAYISI KOLYE"}]},{"@type":"WebSite","@id":"https:\/\/astrologelvan.com\/magaza\/#website","url":"https:\/\/astrologelvan.com\/magaza\/","name":"Astrolog Elvan","description":"","potentialAction":[{"@type":"SearchAction","target":{"@type":"EntryPoint","urlTemplate":"https:\/\/astrologelvan.com\/magaza\/?s={search_term_string}"},"query-input":{"@type":"PropertyValueSpecification","valueRequired":true,"valueName":"search_term_string"}}],"inLanguage":"tr"}]}},"_links":{"self":[{"href":"https:\/\/astrologelvan.com\/magaza\/wp-json\/wp\/v2\/product\/1270","targetHints":{"allow":["GET"]}}],"collection":[{"href":"https:\/\/astrologelvan.com\/magaza\/wp-json\/wp\/v2\/product"}],"about":[{"href":"https:\/\/astrologelvan.com\/magaza\/wp-json\/wp\/v2\/types\/product"}],"replies":[{"embeddable":true,"href":"https:\/\/astrologelvan.com\/magaza\/wp-json\/wp\/v2\/comments?post=1270"}],"wp:featuredmedia":[{"embeddable":true,"href":"https:\/\/astrologelvan.com\/magaza\/wp-json\/wp\/v2\/media\/151862"}],"wp:attachment":[{"href":"https:\/\/astrologelvan.com\/magaza\/wp-json\/wp\/v2\/media?parent=1270"}],"wp:term":[{"taxonomy":"product_brand","embeddable":true,"href":"https:\/\/astrologelvan.com\/magaza\/wp-json\/wp\/v2\/product_brand?post=1270"},{"taxonomy":"product_cat","embeddable":true,"href":"https:\/\/astrologelvan.com\/magaza\/wp-json\/wp\/v2\/product_cat?post=1270"},{"taxonomy":"product_tag","embeddable":true,"href":"https:\/\/astrologelvan.com\/magaza\/wp-json\/wp\/v2\/product_tag?post=1270"}],"curies":[{"name":"wp","href":"https:\/\/api.w.org\/{rel}","templated":true}]}}