{"id":127,"date":"2024-02-28T02:05:02","date_gmt":"2024-02-27T23:05:02","guid":{"rendered":"https:\/\/astrologelvan.shop\/?post_type=product&#038;p=127"},"modified":"2026-03-19T01:39:34","modified_gmt":"2026-03-18T22:39:34","slug":"bolluk-bereket-sans-kiti","status":"publish","type":"product","link":"https:\/\/astrologelvan.com\/magaza\/urun\/bolluk-bereket-sans-kiti\/","title":{"rendered":"BOLLUK BEREKET K\u0130T\u0130"},"content":{"rendered":"<h1><strong>BOLLUK &amp; BEREKET &amp; \u015eANS K\u0130T\u0130<\/strong><\/h1>\n<h3>(Sitrin Kolye \u2013 \u015eifal\u0131 S\u00fcrpriz \u2013 Mor Mum \u2013 \u0130stiridye T\u00fcts\u00fcl\u00fc\u011f\u00fc ve Defne Yapraklar\u0131)<\/h3>\n<p>&nbsp;<\/p>\n<p><iframe loading=\"lazy\" title=\"Bolluk Bereket ve S\u0327ans Rit\u00fceli Nedir? Nas\u0131l Yap\u0131l\u0131r? Neden Kullanmal\u0131s\u0131n\u0131z?\" width=\"1020\" height=\"574\" src=\"https:\/\/www.youtube.com\/embed\/Rc9CqdDedWg?feature=oembed\" frameborder=\"0\" allow=\"accelerometer; autoplay; clipboard-write; encrypted-media; gyroscope; picture-in-picture; web-share\" referrerpolicy=\"strict-origin-when-cross-origin\" allowfullscreen><\/iframe><\/p>\n<p>\u015eans. Zor diye adland\u0131r\u0131lsa da asl\u0131nda nereden bakt\u0131\u011f\u0131m\u0131za g\u00f6re de\u011fi\u015fen bir konudur kendisi. Hayat\u0131n her alan\u0131 bize ufak \u00e7apl\u0131 da olsa \u015fanslar sunmaz m\u0131? S\u00f6yleyece\u011fim \u015feylerin Polyannac\u0131l\u0131k ile alakas\u0131 yok bunu en ba\u015f\u0131nda s\u00f6ylemek isterim. \u00c7\u00fcnk\u00fc uyand\u0131\u011f\u0131n g\u00fcn\u00fcn ne kadar k\u00f6t\u00fc oldu\u011fu senin \u015fanss\u0131zl\u0131\u011f\u0131n ile alakal\u0131 de\u011fil. Uyan\u0131nca mutsuzlu\u011fu hayat\u0131na \u00e7ekmen, ser\u00e7e parma\u011f\u0131n\u0131 yata\u011f\u0131n kenar\u0131na vurman, \u00e7oraplar\u0131nla \u0131slak yere basman, \u00fczerine di\u015f macununun d\u00fc\u015fmesi\u2026 Ne kadar \u015fanss\u0131z bir g\u00fcn ama! Hay\u0131r. Asla. \u015eanss\u0131zl\u0131\u011f\u0131 \u015fansa \u00e7evirmeyi hi\u00e7 d\u00fc\u015f\u00fcnd\u00fcn m\u00fc? Bak\u0131\u015f a\u00e7\u0131n\u0131 de\u011fi\u015ftirerek. Ve bunu yaparken kendine bir hat\u0131rlat\u0131c\u0131 edinerek. Hat\u0131rlaman\u0131 sa\u011flayacak olan \u015fey ise bu kit. Bolluk &amp; Bereket &amp; \u015eans Kiti.<\/p>\n<p>Evrene ne verirseniz onu al\u0131rs\u0131n\u0131z. Evrenden ne isterseniz onu al\u0131rs\u0131n\u0131z. Evren sizi duyar ve dinler. \u015eimdi bu kit ile evrenle nas\u0131l ileti\u015fim kurabilece\u011finizi \u00f6\u011frenmenin zaman\u0131.<\/p>\n<p>\u0130ste\u011fini ger\u00e7ekle\u015ftirmen i\u00e7in senden ba\u015fka engel yok. Bu kit sana seni versin. Senin enerjini versin. \u0130stedi\u011fini versin. E haydi o zaman. <strong>\u015eANSIN BOL OLSUN<\/strong>!<\/p>\n","protected":false},"excerpt":{"rendered":"<h3><strong>23 &#8211; 30 Mart <\/strong><strong>Tarihleri aras\u0131nda yapabilirsiniz.<\/strong><\/h3>\n<p>Hayat\u0131n\u0131za sonsuz bolluk, bereket ve \u015fans\u0131 \u00e7ekmek m\u00fcmk\u00fcn. Bunu bilmeye g\u00f6n\u00fcll\u00fc m\u00fcs\u00fcn?<\/p>\n<p>Cevab\u0131n evet ise bu rit\u00fcel hayat\u0131ndaki bereket ak\u0131\u015f\u0131n\u0131 h\u0131zland\u0131racak. Hatta kendi de\u011fer duygunu bile dengeleyecek! Yeter ki kalpten iste\u2026 Ve inan.<\/p>\n<p>Yeni ay\u2019\u0131n ilk g\u00fcn\u00fcnde ya da yeni ay\u0131 izleyen bir haftal\u0131k s\u00fcre\u00e7te ba\u015flayabilirsin bu rit\u00fcele. Rit\u00fceli nas\u0131l yapaca\u011f\u0131n ald\u0131\u011f\u0131n kitin i\u00e7erisindeki kartta ad\u0131m ad\u0131m yaz\u0131yor. \u015eifa olsun\ud83d\udc99<\/p>\n<p><strong style=\"color: var(--rz-text-color);font-family: var(--rz-font-family-primary)\">Bu malzemelerin nas\u0131l kullanaca\u011f\u0131n\u0131z\u0131n ayr\u0131nt\u0131lar\u0131, kutunuzdan \u00e7\u0131kan kartta detayl\u0131 olarak anlat\u0131lm\u0131\u015ft\u0131r.<\/strong><\/p>\n<p>&nbsp;<\/p>\n<p>&nbsp;<\/p>\n","protected":false},"featured_media":147706,"comment_status":"closed","ping_status":"closed","template":"","meta":[],"product_brand":[],"product_cat":[35],"product_tag":[],"class_list":{"0":"post-127","1":"product","2":"type-product","3":"status-publish","4":"has-post-thumbnail","6":"product_cat-rituel-kitleri","8":"first","9":"instock","10":"sale","11":"taxable","12":"shipping-taxable","13":"purchasable","14":"product-type-simple"},"yoast_head":"<!-- This site is optimized with the Yoast SEO plugin v27.3 - https:\/\/yoast.com\/product\/yoast-seo-wordpress\/ -->\n<title>BOLLUK BEREKET K\u0130T\u0130 - Astrolog Elvan<\/title>\n<meta name=\"robots\" content=\"index, follow, max-snippet:-1, max-image-preview:large, max-video-preview:-1\" \/>\n<link rel=\"canonical\" href=\"https:\/\/astrologelvan.com\/magaza\/urun\/bolluk-bereket-sans-kiti\/\" \/>\n<meta property=\"og:locale\" content=\"tr_TR\" \/>\n<meta property=\"og:type\" content=\"article\" \/>\n<meta property=\"og:title\" content=\"BOLLUK BEREKET K\u0130T\u0130 - Astrolog Elvan\" \/>\n<meta property=\"og:description\" content=\"23 - 30 Mart Tarihleri aras\u0131nda yapabilirsiniz. Hayat\u0131n\u0131za sonsuz bolluk, bereket ve \u015fans\u0131 \u00e7ekmek m\u00fcmk\u00fcn. Bunu bilmeye g\u00f6n\u00fcll\u00fc m\u00fcs\u00fcn?  Cevab\u0131n evet ise bu rit\u00fcel hayat\u0131ndaki bereket ak\u0131\u015f\u0131n\u0131 h\u0131zland\u0131racak. Hatta kendi de\u011fer duygunu bile dengeleyecek! Yeter ki kalpten iste\u2026 Ve inan.  Yeni ay\u2019\u0131n ilk g\u00fcn\u00fcnde ya da yeni ay\u0131 izleyen bir haftal\u0131k s\u00fcre\u00e7te ba\u015flayabilirsin bu rit\u00fcele. Rit\u00fceli nas\u0131l yapaca\u011f\u0131n ald\u0131\u011f\u0131n kitin i\u00e7erisindeki kartta ad\u0131m ad\u0131m yaz\u0131yor. \u015eifa olsun\ud83d\udc99  Bu malzemelerin nas\u0131l kullanaca\u011f\u0131n\u0131z\u0131n ayr\u0131nt\u0131lar\u0131, kutunuzdan \u00e7\u0131kan kartta detayl\u0131 olarak anlat\u0131lm\u0131\u015ft\u0131r.  &nbsp;  &nbsp;\" \/>\n<meta property=\"og:url\" content=\"https:\/\/astrologelvan.com\/magaza\/urun\/bolluk-bereket-sans-kiti\/\" \/>\n<meta property=\"og:site_name\" content=\"Astrolog Elvan\" \/>\n<meta property=\"article:modified_time\" content=\"2026-03-18T22:39:34+00:00\" \/>\n<meta property=\"og:image\" content=\"https:\/\/astrologelvan.com\/magaza\/wp-content\/uploads\/2024\/02\/D5C44752-B41C-43E1-9A0D-35264FBDA113-1-1.png\" \/>\n\t<meta property=\"og:image:width\" content=\"1054\" \/>\n\t<meta property=\"og:image:height\" content=\"1406\" \/>\n\t<meta property=\"og:image:type\" content=\"image\/png\" \/>\n<meta name=\"twitter:card\" content=\"summary_large_image\" \/>\n<meta name=\"twitter:label1\" content=\"Tahmini okuma s\u00fcresi\" \/>\n\t<meta name=\"twitter:data1\" content=\"2 dakika\" \/>\n<script type=\"application\/ld+json\" class=\"yoast-schema-graph\">{\"@context\":\"https:\\\/\\\/schema.org\",\"@graph\":[{\"@type\":[\"WebPage\",\"ItemPage\"],\"@id\":\"https:\\\/\\\/astrologelvan.com\\\/magaza\\\/urun\\\/bolluk-bereket-sans-kiti\\\/\",\"url\":\"https:\\\/\\\/astrologelvan.com\\\/magaza\\\/urun\\\/bolluk-bereket-sans-kiti\\\/\",\"name\":\"BOLLUK BEREKET K\u0130T\u0130 - Astrolog Elvan\",\"isPartOf\":{\"@id\":\"https:\\\/\\\/astrologelvan.com\\\/magaza\\\/#website\"},\"primaryImageOfPage\":{\"@id\":\"https:\\\/\\\/astrologelvan.com\\\/magaza\\\/urun\\\/bolluk-bereket-sans-kiti\\\/#primaryimage\"},\"image\":{\"@id\":\"https:\\\/\\\/astrologelvan.com\\\/magaza\\\/urun\\\/bolluk-bereket-sans-kiti\\\/#primaryimage\"},\"thumbnailUrl\":\"https:\\\/\\\/astrologelvan.com\\\/magaza\\\/wp-content\\\/uploads\\\/2024\\\/02\\\/D5C44752-B41C-43E1-9A0D-35264FBDA113-1-1.png\",\"datePublished\":\"2024-02-27T23:05:02+00:00\",\"dateModified\":\"2026-03-18T22:39:34+00:00\",\"breadcrumb\":{\"@id\":\"https:\\\/\\\/astrologelvan.com\\\/magaza\\\/urun\\\/bolluk-bereket-sans-kiti\\\/#breadcrumb\"},\"inLanguage\":\"tr\",\"potentialAction\":[{\"@type\":\"ReadAction\",\"target\":[\"https:\\\/\\\/astrologelvan.com\\\/magaza\\\/urun\\\/bolluk-bereket-sans-kiti\\\/\"]}]},{\"@type\":\"ImageObject\",\"inLanguage\":\"tr\",\"@id\":\"https:\\\/\\\/astrologelvan.com\\\/magaza\\\/urun\\\/bolluk-bereket-sans-kiti\\\/#primaryimage\",\"url\":\"https:\\\/\\\/astrologelvan.com\\\/magaza\\\/wp-content\\\/uploads\\\/2024\\\/02\\\/D5C44752-B41C-43E1-9A0D-35264FBDA113-1-1.png\",\"contentUrl\":\"https:\\\/\\\/astrologelvan.com\\\/magaza\\\/wp-content\\\/uploads\\\/2024\\\/02\\\/D5C44752-B41C-43E1-9A0D-35264FBDA113-1-1.png\",\"width\":1054,\"height\":1406},{\"@type\":\"BreadcrumbList\",\"@id\":\"https:\\\/\\\/astrologelvan.com\\\/magaza\\\/urun\\\/bolluk-bereket-sans-kiti\\\/#breadcrumb\",\"itemListElement\":[{\"@type\":\"ListItem\",\"position\":1,\"name\":\"Anasayfa\",\"item\":\"https:\\\/\\\/astrologelvan.com\\\/magaza\\\/\"},{\"@type\":\"ListItem\",\"position\":2,\"name\":\"Ma\u011faza\",\"item\":\"https:\\\/\\\/astrologelvan.com\\\/magaza\\\/magaza\\\/\"},{\"@type\":\"ListItem\",\"position\":3,\"name\":\"BOLLUK BEREKET K\u0130T\u0130\"}]},{\"@type\":\"WebSite\",\"@id\":\"https:\\\/\\\/astrologelvan.com\\\/magaza\\\/#website\",\"url\":\"https:\\\/\\\/astrologelvan.com\\\/magaza\\\/\",\"name\":\"Astrolog Elvan\",\"description\":\"\",\"potentialAction\":[{\"@type\":\"SearchAction\",\"target\":{\"@type\":\"EntryPoint\",\"urlTemplate\":\"https:\\\/\\\/astrologelvan.com\\\/magaza\\\/?s={search_term_string}\"},\"query-input\":{\"@type\":\"PropertyValueSpecification\",\"valueRequired\":true,\"valueName\":\"search_term_string\"}}],\"inLanguage\":\"tr\"}]}<\/script>\n<!-- \/ Yoast SEO plugin. -->","yoast_head_json":{"title":"BOLLUK BEREKET K\u0130T\u0130 - Astrolog Elvan","robots":{"index":"index","follow":"follow","max-snippet":"max-snippet:-1","max-image-preview":"max-image-preview:large","max-video-preview":"max-video-preview:-1"},"canonical":"https:\/\/astrologelvan.com\/magaza\/urun\/bolluk-bereket-sans-kiti\/","og_locale":"tr_TR","og_type":"article","og_title":"BOLLUK BEREKET K\u0130T\u0130 - Astrolog Elvan","og_description":"23 - 30 Mart Tarihleri aras\u0131nda yapabilirsiniz. Hayat\u0131n\u0131za sonsuz bolluk, bereket ve \u015fans\u0131 \u00e7ekmek m\u00fcmk\u00fcn. Bunu bilmeye g\u00f6n\u00fcll\u00fc m\u00fcs\u00fcn?  Cevab\u0131n evet ise bu rit\u00fcel hayat\u0131ndaki bereket ak\u0131\u015f\u0131n\u0131 h\u0131zland\u0131racak. Hatta kendi de\u011fer duygunu bile dengeleyecek! Yeter ki kalpten iste\u2026 Ve inan.  Yeni ay\u2019\u0131n ilk g\u00fcn\u00fcnde ya da yeni ay\u0131 izleyen bir haftal\u0131k s\u00fcre\u00e7te ba\u015flayabilirsin bu rit\u00fcele. Rit\u00fceli nas\u0131l yapaca\u011f\u0131n ald\u0131\u011f\u0131n kitin i\u00e7erisindeki kartta ad\u0131m ad\u0131m yaz\u0131yor. \u015eifa olsun\ud83d\udc99  Bu malzemelerin nas\u0131l kullanaca\u011f\u0131n\u0131z\u0131n ayr\u0131nt\u0131lar\u0131, kutunuzdan \u00e7\u0131kan kartta detayl\u0131 olarak anlat\u0131lm\u0131\u015ft\u0131r.  &nbsp;  &nbsp;","og_url":"https:\/\/astrologelvan.com\/magaza\/urun\/bolluk-bereket-sans-kiti\/","og_site_name":"Astrolog Elvan","article_modified_time":"2026-03-18T22:39:34+00:00","og_image":[{"width":1054,"height":1406,"url":"https:\/\/astrologelvan.com\/magaza\/wp-content\/uploads\/2024\/02\/D5C44752-B41C-43E1-9A0D-35264FBDA113-1-1.png","type":"image\/png"}],"twitter_card":"summary_large_image","twitter_misc":{"Tahmini okuma s\u00fcresi":"2 dakika"},"schema":{"@context":"https:\/\/schema.org","@graph":[{"@type":["WebPage","ItemPage"],"@id":"https:\/\/astrologelvan.com\/magaza\/urun\/bolluk-bereket-sans-kiti\/","url":"https:\/\/astrologelvan.com\/magaza\/urun\/bolluk-bereket-sans-kiti\/","name":"BOLLUK BEREKET K\u0130T\u0130 - Astrolog Elvan","isPartOf":{"@id":"https:\/\/astrologelvan.com\/magaza\/#website"},"primaryImageOfPage":{"@id":"https:\/\/astrologelvan.com\/magaza\/urun\/bolluk-bereket-sans-kiti\/#primaryimage"},"image":{"@id":"https:\/\/astrologelvan.com\/magaza\/urun\/bolluk-bereket-sans-kiti\/#primaryimage"},"thumbnailUrl":"https:\/\/astrologelvan.com\/magaza\/wp-content\/uploads\/2024\/02\/D5C44752-B41C-43E1-9A0D-35264FBDA113-1-1.png","datePublished":"2024-02-27T23:05:02+00:00","dateModified":"2026-03-18T22:39:34+00:00","breadcrumb":{"@id":"https:\/\/astrologelvan.com\/magaza\/urun\/bolluk-bereket-sans-kiti\/#breadcrumb"},"inLanguage":"tr","potentialAction":[{"@type":"ReadAction","target":["https:\/\/astrologelvan.com\/magaza\/urun\/bolluk-bereket-sans-kiti\/"]}]},{"@type":"ImageObject","inLanguage":"tr","@id":"https:\/\/astrologelvan.com\/magaza\/urun\/bolluk-bereket-sans-kiti\/#primaryimage","url":"https:\/\/astrologelvan.com\/magaza\/wp-content\/uploads\/2024\/02\/D5C44752-B41C-43E1-9A0D-35264FBDA113-1-1.png","contentUrl":"https:\/\/astrologelvan.com\/magaza\/wp-content\/uploads\/2024\/02\/D5C44752-B41C-43E1-9A0D-35264FBDA113-1-1.png","width":1054,"height":1406},{"@type":"BreadcrumbList","@id":"https:\/\/astrologelvan.com\/magaza\/urun\/bolluk-bereket-sans-kiti\/#breadcrumb","itemListElement":[{"@type":"ListItem","position":1,"name":"Anasayfa","item":"https:\/\/astrologelvan.com\/magaza\/"},{"@type":"ListItem","position":2,"name":"Ma\u011faza","item":"https:\/\/astrologelvan.com\/magaza\/magaza\/"},{"@type":"ListItem","position":3,"name":"BOLLUK BEREKET K\u0130T\u0130"}]},{"@type":"WebSite","@id":"https:\/\/astrologelvan.com\/magaza\/#website","url":"https:\/\/astrologelvan.com\/magaza\/","name":"Astrolog Elvan","description":"","potentialAction":[{"@type":"SearchAction","target":{"@type":"EntryPoint","urlTemplate":"https:\/\/astrologelvan.com\/magaza\/?s={search_term_string}"},"query-input":{"@type":"PropertyValueSpecification","valueRequired":true,"valueName":"search_term_string"}}],"inLanguage":"tr"}]}},"_links":{"self":[{"href":"https:\/\/astrologelvan.com\/magaza\/wp-json\/wp\/v2\/product\/127","targetHints":{"allow":["GET"]}}],"collection":[{"href":"https:\/\/astrologelvan.com\/magaza\/wp-json\/wp\/v2\/product"}],"about":[{"href":"https:\/\/astrologelvan.com\/magaza\/wp-json\/wp\/v2\/types\/product"}],"replies":[{"embeddable":true,"href":"https:\/\/astrologelvan.com\/magaza\/wp-json\/wp\/v2\/comments?post=127"}],"wp:featuredmedia":[{"embeddable":true,"href":"https:\/\/astrologelvan.com\/magaza\/wp-json\/wp\/v2\/media\/147706"}],"wp:attachment":[{"href":"https:\/\/astrologelvan.com\/magaza\/wp-json\/wp\/v2\/media?parent=127"}],"wp:term":[{"taxonomy":"product_brand","embeddable":true,"href":"https:\/\/astrologelvan.com\/magaza\/wp-json\/wp\/v2\/product_brand?post=127"},{"taxonomy":"product_cat","embeddable":true,"href":"https:\/\/astrologelvan.com\/magaza\/wp-json\/wp\/v2\/product_cat?post=127"},{"taxonomy":"product_tag","embeddable":true,"href":"https:\/\/astrologelvan.com\/magaza\/wp-json\/wp\/v2\/product_tag?post=127"}],"curies":[{"name":"wp","href":"https:\/\/api.w.org\/{rel}","templated":true}]}}