{"id":1266,"date":"2024-02-28T03:29:00","date_gmt":"2024-02-28T00:29:00","guid":{"rendered":"https:\/\/astrologelvan.shop\/?post_type=product&#038;p=1266"},"modified":"2026-01-30T17:23:30","modified_gmt":"2026-01-30T14:23:30","slug":"666-melek-sayisi-kolye","status":"publish","type":"product","link":"https:\/\/astrologelvan.com\/magaza\/urun\/666-melek-sayisi-kolye\/","title":{"rendered":"666 MELEK SAYISI KOLYE"},"content":{"rendered":"<p><strong>\u00dcr\u00fcn \u00d6zellikleri:<\/strong><\/p>\n<p>Kolye A\u011f\u0131l\u0131\u011f\u0131: 2,6 Gram<\/p>\n<p>Zincir Uzunlu\u011fu: 40+5 cm<\/p>\n<p>925 Ayar G\u00fcm\u00fc\u015f \u00dczeri Alt\u0131n Kaplama<\/p>\n","protected":false},"excerpt":{"rendered":"<p><strong>666 \u015eEFKAT VE ANLAYI\u015e<\/strong><\/p>\n<p><strong>Yaradan\u2019\u0131n \u015fevkat ve empati tan\u0131m\u0131n\u0131 bilmek ister misin?<\/strong><\/p>\n<p>Baz\u0131lar\u0131, \u015feytan veya iblis fig\u00fcrleriyle dini ili\u015fkiler nedeniyle 6&#8217;dan (\u00f6zellikle bir \u00fc\u00e7l\u00fcde) korksa da, melek say\u0131lar\u0131 i\u00e7inde 6 (\u00fc\u00e7, d\u00f6rtl\u00fc bir set veya bir kal\u0131p i\u00e7inde), destekleyici, \u015fefkatli ve empati \u00f6zelli\u011fi ile \u00f6n plana \u00e7\u0131kar. 6, kendinize nezaket ve anlay\u0131\u015fla davranman\u0131z i\u00e7in, ihtiya\u00e7 duyaca\u011f\u0131n\u0131z bir hat\u0131rlat\u0131c\u0131 olabilir. Elbette, i\u015fler her zaman planland\u0131\u011f\u0131 gibi gitmeyebilir, ancak 6 numaral\u0131 melek yan\u0131n\u0131zdayken, her \u015feyin bir nedeni oldu\u011funu hat\u0131rlayarak, yorumunuzu bu durumlar\u0131 de\u011ferlendirerek ger\u00e7ekle\u015ftirebilirsiniz.<\/p>\n","protected":false},"featured_media":151855,"comment_status":"open","ping_status":"closed","template":"","meta":[],"product_brand":[],"product_cat":[484],"product_tag":[],"class_list":{"0":"post-1266","1":"product","2":"type-product","3":"status-publish","4":"has-post-thumbnail","6":"product_cat-melek-sayisi-kolyeler","8":"first","9":"instock","10":"purchasable","11":"product-type-simple"},"yoast_head":"<!-- This site is optimized with the Yoast SEO plugin v27.3 - https:\/\/yoast.com\/product\/yoast-seo-wordpress\/ -->\n<title>666 MELEK SAYISI KOLYE - Astrolog Elvan<\/title>\n<meta name=\"robots\" content=\"index, follow, max-snippet:-1, max-image-preview:large, max-video-preview:-1\" \/>\n<link rel=\"canonical\" href=\"https:\/\/astrologelvan.com\/magaza\/urun\/666-melek-sayisi-kolye\/\" \/>\n<meta property=\"og:locale\" content=\"tr_TR\" \/>\n<meta property=\"og:type\" content=\"article\" \/>\n<meta property=\"og:title\" content=\"666 MELEK SAYISI KOLYE - Astrolog Elvan\" \/>\n<meta property=\"og:description\" content=\"666 \u015eEFKAT VE ANLAYI\u015e  Yaradan\u2019\u0131n \u015fevkat ve empati tan\u0131m\u0131n\u0131 bilmek ister misin?  Baz\u0131lar\u0131, \u015feytan veya iblis fig\u00fcrleriyle dini ili\u015fkiler nedeniyle 6&#039;dan (\u00f6zellikle bir \u00fc\u00e7l\u00fcde) korksa da, melek say\u0131lar\u0131 i\u00e7inde 6 (\u00fc\u00e7, d\u00f6rtl\u00fc bir set veya bir kal\u0131p i\u00e7inde), destekleyici, \u015fefkatli ve empati \u00f6zelli\u011fi ile \u00f6n plana \u00e7\u0131kar. 6, kendinize nezaket ve anlay\u0131\u015fla davranman\u0131z i\u00e7in, ihtiya\u00e7 duyaca\u011f\u0131n\u0131z bir hat\u0131rlat\u0131c\u0131 olabilir. Elbette, i\u015fler her zaman planland\u0131\u011f\u0131 gibi gitmeyebilir, ancak 6 numaral\u0131 melek yan\u0131n\u0131zdayken, her \u015feyin bir nedeni oldu\u011funu hat\u0131rlayarak, yorumunuzu bu durumlar\u0131 de\u011ferlendirerek ger\u00e7ekle\u015ftirebilirsiniz.\" \/>\n<meta property=\"og:url\" content=\"https:\/\/astrologelvan.com\/magaza\/urun\/666-melek-sayisi-kolye\/\" \/>\n<meta property=\"og:site_name\" content=\"Astrolog Elvan\" \/>\n<meta property=\"article:modified_time\" content=\"2026-01-30T14:23:30+00:00\" \/>\n<meta property=\"og:image\" content=\"https:\/\/astrologelvan.com\/magaza\/wp-content\/uploads\/2024\/02\/ChatGPT-Image-30-Oca-2026-15_12_01.png\" \/>\n\t<meta property=\"og:image:width\" content=\"1020\" \/>\n\t<meta property=\"og:image:height\" content=\"1530\" \/>\n\t<meta property=\"og:image:type\" content=\"image\/png\" \/>\n<meta name=\"twitter:card\" content=\"summary_large_image\" \/>\n<meta name=\"twitter:label1\" content=\"Tahmini okuma s\u00fcresi\" \/>\n\t<meta name=\"twitter:data1\" content=\"1 dakika\" \/>\n<script type=\"application\/ld+json\" class=\"yoast-schema-graph\">{\"@context\":\"https:\\\/\\\/schema.org\",\"@graph\":[{\"@type\":[\"WebPage\",\"ItemPage\"],\"@id\":\"https:\\\/\\\/astrologelvan.com\\\/magaza\\\/urun\\\/666-melek-sayisi-kolye\\\/\",\"url\":\"https:\\\/\\\/astrologelvan.com\\\/magaza\\\/urun\\\/666-melek-sayisi-kolye\\\/\",\"name\":\"666 MELEK SAYISI KOLYE - Astrolog Elvan\",\"isPartOf\":{\"@id\":\"https:\\\/\\\/astrologelvan.com\\\/magaza\\\/#website\"},\"primaryImageOfPage\":{\"@id\":\"https:\\\/\\\/astrologelvan.com\\\/magaza\\\/urun\\\/666-melek-sayisi-kolye\\\/#primaryimage\"},\"image\":{\"@id\":\"https:\\\/\\\/astrologelvan.com\\\/magaza\\\/urun\\\/666-melek-sayisi-kolye\\\/#primaryimage\"},\"thumbnailUrl\":\"https:\\\/\\\/astrologelvan.com\\\/magaza\\\/wp-content\\\/uploads\\\/2024\\\/02\\\/ChatGPT-Image-30-Oca-2026-15_12_01.png\",\"datePublished\":\"2024-02-28T00:29:00+00:00\",\"dateModified\":\"2026-01-30T14:23:30+00:00\",\"breadcrumb\":{\"@id\":\"https:\\\/\\\/astrologelvan.com\\\/magaza\\\/urun\\\/666-melek-sayisi-kolye\\\/#breadcrumb\"},\"inLanguage\":\"tr\",\"potentialAction\":[{\"@type\":\"ReadAction\",\"target\":[\"https:\\\/\\\/astrologelvan.com\\\/magaza\\\/urun\\\/666-melek-sayisi-kolye\\\/\"]}]},{\"@type\":\"ImageObject\",\"inLanguage\":\"tr\",\"@id\":\"https:\\\/\\\/astrologelvan.com\\\/magaza\\\/urun\\\/666-melek-sayisi-kolye\\\/#primaryimage\",\"url\":\"https:\\\/\\\/astrologelvan.com\\\/magaza\\\/wp-content\\\/uploads\\\/2024\\\/02\\\/ChatGPT-Image-30-Oca-2026-15_12_01.png\",\"contentUrl\":\"https:\\\/\\\/astrologelvan.com\\\/magaza\\\/wp-content\\\/uploads\\\/2024\\\/02\\\/ChatGPT-Image-30-Oca-2026-15_12_01.png\",\"width\":1024,\"height\":1536},{\"@type\":\"BreadcrumbList\",\"@id\":\"https:\\\/\\\/astrologelvan.com\\\/magaza\\\/urun\\\/666-melek-sayisi-kolye\\\/#breadcrumb\",\"itemListElement\":[{\"@type\":\"ListItem\",\"position\":1,\"name\":\"Anasayfa\",\"item\":\"https:\\\/\\\/astrologelvan.com\\\/magaza\\\/\"},{\"@type\":\"ListItem\",\"position\":2,\"name\":\"Ma\u011faza\",\"item\":\"https:\\\/\\\/astrologelvan.com\\\/magaza\\\/magaza\\\/\"},{\"@type\":\"ListItem\",\"position\":3,\"name\":\"666 MELEK SAYISI KOLYE\"}]},{\"@type\":\"WebSite\",\"@id\":\"https:\\\/\\\/astrologelvan.com\\\/magaza\\\/#website\",\"url\":\"https:\\\/\\\/astrologelvan.com\\\/magaza\\\/\",\"name\":\"Astrolog Elvan\",\"description\":\"\",\"potentialAction\":[{\"@type\":\"SearchAction\",\"target\":{\"@type\":\"EntryPoint\",\"urlTemplate\":\"https:\\\/\\\/astrologelvan.com\\\/magaza\\\/?s={search_term_string}\"},\"query-input\":{\"@type\":\"PropertyValueSpecification\",\"valueRequired\":true,\"valueName\":\"search_term_string\"}}],\"inLanguage\":\"tr\"}]}<\/script>\n<!-- \/ Yoast SEO plugin. -->","yoast_head_json":{"title":"666 MELEK SAYISI KOLYE - Astrolog Elvan","robots":{"index":"index","follow":"follow","max-snippet":"max-snippet:-1","max-image-preview":"max-image-preview:large","max-video-preview":"max-video-preview:-1"},"canonical":"https:\/\/astrologelvan.com\/magaza\/urun\/666-melek-sayisi-kolye\/","og_locale":"tr_TR","og_type":"article","og_title":"666 MELEK SAYISI KOLYE - Astrolog Elvan","og_description":"666 \u015eEFKAT VE ANLAYI\u015e  Yaradan\u2019\u0131n \u015fevkat ve empati tan\u0131m\u0131n\u0131 bilmek ister misin?  Baz\u0131lar\u0131, \u015feytan veya iblis fig\u00fcrleriyle dini ili\u015fkiler nedeniyle 6'dan (\u00f6zellikle bir \u00fc\u00e7l\u00fcde) korksa da, melek say\u0131lar\u0131 i\u00e7inde 6 (\u00fc\u00e7, d\u00f6rtl\u00fc bir set veya bir kal\u0131p i\u00e7inde), destekleyici, \u015fefkatli ve empati \u00f6zelli\u011fi ile \u00f6n plana \u00e7\u0131kar. 6, kendinize nezaket ve anlay\u0131\u015fla davranman\u0131z i\u00e7in, ihtiya\u00e7 duyaca\u011f\u0131n\u0131z bir hat\u0131rlat\u0131c\u0131 olabilir. Elbette, i\u015fler her zaman planland\u0131\u011f\u0131 gibi gitmeyebilir, ancak 6 numaral\u0131 melek yan\u0131n\u0131zdayken, her \u015feyin bir nedeni oldu\u011funu hat\u0131rlayarak, yorumunuzu bu durumlar\u0131 de\u011ferlendirerek ger\u00e7ekle\u015ftirebilirsiniz.","og_url":"https:\/\/astrologelvan.com\/magaza\/urun\/666-melek-sayisi-kolye\/","og_site_name":"Astrolog Elvan","article_modified_time":"2026-01-30T14:23:30+00:00","og_image":[{"url":"https:\/\/astrologelvan.com\/magaza\/wp-content\/uploads\/2024\/02\/ChatGPT-Image-30-Oca-2026-15_12_01.png","width":1020,"height":1530,"type":"image\/png"}],"twitter_card":"summary_large_image","twitter_misc":{"Tahmini okuma s\u00fcresi":"1 dakika"},"schema":{"@context":"https:\/\/schema.org","@graph":[{"@type":["WebPage","ItemPage"],"@id":"https:\/\/astrologelvan.com\/magaza\/urun\/666-melek-sayisi-kolye\/","url":"https:\/\/astrologelvan.com\/magaza\/urun\/666-melek-sayisi-kolye\/","name":"666 MELEK SAYISI KOLYE - Astrolog Elvan","isPartOf":{"@id":"https:\/\/astrologelvan.com\/magaza\/#website"},"primaryImageOfPage":{"@id":"https:\/\/astrologelvan.com\/magaza\/urun\/666-melek-sayisi-kolye\/#primaryimage"},"image":{"@id":"https:\/\/astrologelvan.com\/magaza\/urun\/666-melek-sayisi-kolye\/#primaryimage"},"thumbnailUrl":"https:\/\/astrologelvan.com\/magaza\/wp-content\/uploads\/2024\/02\/ChatGPT-Image-30-Oca-2026-15_12_01.png","datePublished":"2024-02-28T00:29:00+00:00","dateModified":"2026-01-30T14:23:30+00:00","breadcrumb":{"@id":"https:\/\/astrologelvan.com\/magaza\/urun\/666-melek-sayisi-kolye\/#breadcrumb"},"inLanguage":"tr","potentialAction":[{"@type":"ReadAction","target":["https:\/\/astrologelvan.com\/magaza\/urun\/666-melek-sayisi-kolye\/"]}]},{"@type":"ImageObject","inLanguage":"tr","@id":"https:\/\/astrologelvan.com\/magaza\/urun\/666-melek-sayisi-kolye\/#primaryimage","url":"https:\/\/astrologelvan.com\/magaza\/wp-content\/uploads\/2024\/02\/ChatGPT-Image-30-Oca-2026-15_12_01.png","contentUrl":"https:\/\/astrologelvan.com\/magaza\/wp-content\/uploads\/2024\/02\/ChatGPT-Image-30-Oca-2026-15_12_01.png","width":1024,"height":1536},{"@type":"BreadcrumbList","@id":"https:\/\/astrologelvan.com\/magaza\/urun\/666-melek-sayisi-kolye\/#breadcrumb","itemListElement":[{"@type":"ListItem","position":1,"name":"Anasayfa","item":"https:\/\/astrologelvan.com\/magaza\/"},{"@type":"ListItem","position":2,"name":"Ma\u011faza","item":"https:\/\/astrologelvan.com\/magaza\/magaza\/"},{"@type":"ListItem","position":3,"name":"666 MELEK SAYISI KOLYE"}]},{"@type":"WebSite","@id":"https:\/\/astrologelvan.com\/magaza\/#website","url":"https:\/\/astrologelvan.com\/magaza\/","name":"Astrolog Elvan","description":"","potentialAction":[{"@type":"SearchAction","target":{"@type":"EntryPoint","urlTemplate":"https:\/\/astrologelvan.com\/magaza\/?s={search_term_string}"},"query-input":{"@type":"PropertyValueSpecification","valueRequired":true,"valueName":"search_term_string"}}],"inLanguage":"tr"}]}},"_links":{"self":[{"href":"https:\/\/astrologelvan.com\/magaza\/wp-json\/wp\/v2\/product\/1266","targetHints":{"allow":["GET"]}}],"collection":[{"href":"https:\/\/astrologelvan.com\/magaza\/wp-json\/wp\/v2\/product"}],"about":[{"href":"https:\/\/astrologelvan.com\/magaza\/wp-json\/wp\/v2\/types\/product"}],"replies":[{"embeddable":true,"href":"https:\/\/astrologelvan.com\/magaza\/wp-json\/wp\/v2\/comments?post=1266"}],"wp:featuredmedia":[{"embeddable":true,"href":"https:\/\/astrologelvan.com\/magaza\/wp-json\/wp\/v2\/media\/151855"}],"wp:attachment":[{"href":"https:\/\/astrologelvan.com\/magaza\/wp-json\/wp\/v2\/media?parent=1266"}],"wp:term":[{"taxonomy":"product_brand","embeddable":true,"href":"https:\/\/astrologelvan.com\/magaza\/wp-json\/wp\/v2\/product_brand?post=1266"},{"taxonomy":"product_cat","embeddable":true,"href":"https:\/\/astrologelvan.com\/magaza\/wp-json\/wp\/v2\/product_cat?post=1266"},{"taxonomy":"product_tag","embeddable":true,"href":"https:\/\/astrologelvan.com\/magaza\/wp-json\/wp\/v2\/product_tag?post=1266"}],"curies":[{"name":"wp","href":"https:\/\/api.w.org\/{rel}","templated":true}]}}