{"id":1265,"date":"2024-02-28T03:29:00","date_gmt":"2024-02-28T00:29:00","guid":{"rendered":"https:\/\/astrologelvan.shop\/?post_type=product&#038;p=1265"},"modified":"2026-01-30T17:13:42","modified_gmt":"2026-01-30T14:13:42","slug":"555-melek-sayisi-kolye","status":"publish","type":"product","link":"https:\/\/astrologelvan.com\/magaza\/urun\/555-melek-sayisi-kolye\/","title":{"rendered":"555 MELEK SAYISI KOLYE"},"content":{"rendered":"<p><strong>\u00dcr\u00fcn \u00d6zellikleri:<\/strong><\/p>\n<p>Kolye A\u011f\u0131l\u0131\u011f\u0131: 2,5 Gram<\/p>\n<p>Zincir Uzunlu\u011fu: 40+5 cm<\/p>\n<p>925 Ayar G\u00fcm\u00fc\u015f \u00dczeri Alt\u0131n Kaplama<\/p>\n","protected":false},"excerpt":{"rendered":"<p><strong>555 DE\u011e\u0130\u015e\u0130MLER HAR\u0130KADIR<\/strong><\/p>\n<p><strong>Yaradan\u2019\u0131n esneklik ve de\u011fi\u015fim tan\u0131m\u0131n\u0131 bilmek ister misin?<\/strong><\/p>\n<p>5&#8217;in varl\u0131\u011f\u0131, b\u00fcy\u00fck de\u011fi\u015fikliklerin ufukta olabilece\u011fini g\u00f6sterir. S\u0131k\u0131\u015fm\u0131\u015f, bo\u011fulmu\u015f veya \u00e7aresiz hissediyorsan\u0131z, 5\u2019e melek say\u0131s\u0131 olarak denk gelmek (\u00fc\u00e7, d\u00f6rtl\u00fc bir set veya bir kal\u0131p i\u00e7inde), i\u015flerizi yoluna koyaca\u011f\u0131n\u0131z\u0131 ve b\u00fcy\u00fck de\u011fi\u015fimlerin kap\u0131da oldu\u011funu g\u00f6sterir. \u015eimdilik, bu d\u00f6n\u00fc\u015f\u00fcmler perde arkas\u0131nda meydana geliyor olabilir ancak 5, do\u011fru yolda oldu\u011funuzu g\u00f6steren bir melek say\u0131s\u0131 olarak g\u00f6r\u00fcn\u00fcyor.<\/p>\n","protected":false},"featured_media":151836,"comment_status":"open","ping_status":"closed","template":"","meta":[],"product_brand":[],"product_cat":[484],"product_tag":[],"class_list":{"0":"post-1265","1":"product","2":"type-product","3":"status-publish","4":"has-post-thumbnail","6":"product_cat-melek-sayisi-kolyeler","8":"first","9":"instock","10":"purchasable","11":"product-type-simple"},"yoast_head":"<!-- This site is optimized with the Yoast SEO plugin v27.3 - https:\/\/yoast.com\/product\/yoast-seo-wordpress\/ -->\n<title>555 MELEK SAYISI KOLYE - Astrolog Elvan<\/title>\n<meta name=\"robots\" content=\"index, follow, max-snippet:-1, max-image-preview:large, max-video-preview:-1\" \/>\n<link rel=\"canonical\" href=\"https:\/\/astrologelvan.com\/magaza\/urun\/555-melek-sayisi-kolye\/\" \/>\n<meta property=\"og:locale\" content=\"tr_TR\" \/>\n<meta property=\"og:type\" content=\"article\" \/>\n<meta property=\"og:title\" content=\"555 MELEK SAYISI KOLYE - Astrolog Elvan\" \/>\n<meta property=\"og:description\" content=\"555 DE\u011e\u0130\u015e\u0130MLER HAR\u0130KADIR  Yaradan\u2019\u0131n esneklik ve de\u011fi\u015fim tan\u0131m\u0131n\u0131 bilmek ister misin?  5&#039;in varl\u0131\u011f\u0131, b\u00fcy\u00fck de\u011fi\u015fikliklerin ufukta olabilece\u011fini g\u00f6sterir. S\u0131k\u0131\u015fm\u0131\u015f, bo\u011fulmu\u015f veya \u00e7aresiz hissediyorsan\u0131z, 5\u2019e melek say\u0131s\u0131 olarak denk gelmek (\u00fc\u00e7, d\u00f6rtl\u00fc bir set veya bir kal\u0131p i\u00e7inde), i\u015flerizi yoluna koyaca\u011f\u0131n\u0131z\u0131 ve b\u00fcy\u00fck de\u011fi\u015fimlerin kap\u0131da oldu\u011funu g\u00f6sterir. \u015eimdilik, bu d\u00f6n\u00fc\u015f\u00fcmler perde arkas\u0131nda meydana geliyor olabilir ancak 5, do\u011fru yolda oldu\u011funuzu g\u00f6steren bir melek say\u0131s\u0131 olarak g\u00f6r\u00fcn\u00fcyor.\" \/>\n<meta property=\"og:url\" content=\"https:\/\/astrologelvan.com\/magaza\/urun\/555-melek-sayisi-kolye\/\" \/>\n<meta property=\"og:site_name\" content=\"Astrolog Elvan\" \/>\n<meta property=\"article:modified_time\" content=\"2026-01-30T14:13:42+00:00\" \/>\n<meta property=\"og:image\" content=\"https:\/\/astrologelvan.com\/magaza\/wp-content\/uploads\/2024\/02\/ChatGPT-Image-30-Oca-2026-13_11_24.png\" \/>\n\t<meta property=\"og:image:width\" content=\"1020\" \/>\n\t<meta property=\"og:image:height\" content=\"1530\" \/>\n\t<meta property=\"og:image:type\" content=\"image\/png\" \/>\n<meta name=\"twitter:card\" content=\"summary_large_image\" \/>\n<meta name=\"twitter:label1\" content=\"Tahmini okuma s\u00fcresi\" \/>\n\t<meta name=\"twitter:data1\" content=\"1 dakika\" \/>\n<script type=\"application\/ld+json\" class=\"yoast-schema-graph\">{\"@context\":\"https:\\\/\\\/schema.org\",\"@graph\":[{\"@type\":[\"WebPage\",\"ItemPage\"],\"@id\":\"https:\\\/\\\/astrologelvan.com\\\/magaza\\\/urun\\\/555-melek-sayisi-kolye\\\/\",\"url\":\"https:\\\/\\\/astrologelvan.com\\\/magaza\\\/urun\\\/555-melek-sayisi-kolye\\\/\",\"name\":\"555 MELEK SAYISI KOLYE - Astrolog Elvan\",\"isPartOf\":{\"@id\":\"https:\\\/\\\/astrologelvan.com\\\/magaza\\\/#website\"},\"primaryImageOfPage\":{\"@id\":\"https:\\\/\\\/astrologelvan.com\\\/magaza\\\/urun\\\/555-melek-sayisi-kolye\\\/#primaryimage\"},\"image\":{\"@id\":\"https:\\\/\\\/astrologelvan.com\\\/magaza\\\/urun\\\/555-melek-sayisi-kolye\\\/#primaryimage\"},\"thumbnailUrl\":\"https:\\\/\\\/astrologelvan.com\\\/magaza\\\/wp-content\\\/uploads\\\/2024\\\/02\\\/ChatGPT-Image-30-Oca-2026-13_11_24.png\",\"datePublished\":\"2024-02-28T00:29:00+00:00\",\"dateModified\":\"2026-01-30T14:13:42+00:00\",\"breadcrumb\":{\"@id\":\"https:\\\/\\\/astrologelvan.com\\\/magaza\\\/urun\\\/555-melek-sayisi-kolye\\\/#breadcrumb\"},\"inLanguage\":\"tr\",\"potentialAction\":[{\"@type\":\"ReadAction\",\"target\":[\"https:\\\/\\\/astrologelvan.com\\\/magaza\\\/urun\\\/555-melek-sayisi-kolye\\\/\"]}]},{\"@type\":\"ImageObject\",\"inLanguage\":\"tr\",\"@id\":\"https:\\\/\\\/astrologelvan.com\\\/magaza\\\/urun\\\/555-melek-sayisi-kolye\\\/#primaryimage\",\"url\":\"https:\\\/\\\/astrologelvan.com\\\/magaza\\\/wp-content\\\/uploads\\\/2024\\\/02\\\/ChatGPT-Image-30-Oca-2026-13_11_24.png\",\"contentUrl\":\"https:\\\/\\\/astrologelvan.com\\\/magaza\\\/wp-content\\\/uploads\\\/2024\\\/02\\\/ChatGPT-Image-30-Oca-2026-13_11_24.png\",\"width\":1024,\"height\":1536},{\"@type\":\"BreadcrumbList\",\"@id\":\"https:\\\/\\\/astrologelvan.com\\\/magaza\\\/urun\\\/555-melek-sayisi-kolye\\\/#breadcrumb\",\"itemListElement\":[{\"@type\":\"ListItem\",\"position\":1,\"name\":\"Anasayfa\",\"item\":\"https:\\\/\\\/astrologelvan.com\\\/magaza\\\/\"},{\"@type\":\"ListItem\",\"position\":2,\"name\":\"Ma\u011faza\",\"item\":\"https:\\\/\\\/astrologelvan.com\\\/magaza\\\/magaza\\\/\"},{\"@type\":\"ListItem\",\"position\":3,\"name\":\"555 MELEK SAYISI KOLYE\"}]},{\"@type\":\"WebSite\",\"@id\":\"https:\\\/\\\/astrologelvan.com\\\/magaza\\\/#website\",\"url\":\"https:\\\/\\\/astrologelvan.com\\\/magaza\\\/\",\"name\":\"Astrolog Elvan\",\"description\":\"\",\"potentialAction\":[{\"@type\":\"SearchAction\",\"target\":{\"@type\":\"EntryPoint\",\"urlTemplate\":\"https:\\\/\\\/astrologelvan.com\\\/magaza\\\/?s={search_term_string}\"},\"query-input\":{\"@type\":\"PropertyValueSpecification\",\"valueRequired\":true,\"valueName\":\"search_term_string\"}}],\"inLanguage\":\"tr\"}]}<\/script>\n<!-- \/ Yoast SEO plugin. -->","yoast_head_json":{"title":"555 MELEK SAYISI KOLYE - Astrolog Elvan","robots":{"index":"index","follow":"follow","max-snippet":"max-snippet:-1","max-image-preview":"max-image-preview:large","max-video-preview":"max-video-preview:-1"},"canonical":"https:\/\/astrologelvan.com\/magaza\/urun\/555-melek-sayisi-kolye\/","og_locale":"tr_TR","og_type":"article","og_title":"555 MELEK SAYISI KOLYE - Astrolog Elvan","og_description":"555 DE\u011e\u0130\u015e\u0130MLER HAR\u0130KADIR  Yaradan\u2019\u0131n esneklik ve de\u011fi\u015fim tan\u0131m\u0131n\u0131 bilmek ister misin?  5'in varl\u0131\u011f\u0131, b\u00fcy\u00fck de\u011fi\u015fikliklerin ufukta olabilece\u011fini g\u00f6sterir. S\u0131k\u0131\u015fm\u0131\u015f, bo\u011fulmu\u015f veya \u00e7aresiz hissediyorsan\u0131z, 5\u2019e melek say\u0131s\u0131 olarak denk gelmek (\u00fc\u00e7, d\u00f6rtl\u00fc bir set veya bir kal\u0131p i\u00e7inde), i\u015flerizi yoluna koyaca\u011f\u0131n\u0131z\u0131 ve b\u00fcy\u00fck de\u011fi\u015fimlerin kap\u0131da oldu\u011funu g\u00f6sterir. \u015eimdilik, bu d\u00f6n\u00fc\u015f\u00fcmler perde arkas\u0131nda meydana geliyor olabilir ancak 5, do\u011fru yolda oldu\u011funuzu g\u00f6steren bir melek say\u0131s\u0131 olarak g\u00f6r\u00fcn\u00fcyor.","og_url":"https:\/\/astrologelvan.com\/magaza\/urun\/555-melek-sayisi-kolye\/","og_site_name":"Astrolog Elvan","article_modified_time":"2026-01-30T14:13:42+00:00","og_image":[{"url":"https:\/\/astrologelvan.com\/magaza\/wp-content\/uploads\/2024\/02\/ChatGPT-Image-30-Oca-2026-13_11_24.png","width":1020,"height":1530,"type":"image\/png"}],"twitter_card":"summary_large_image","twitter_misc":{"Tahmini okuma s\u00fcresi":"1 dakika"},"schema":{"@context":"https:\/\/schema.org","@graph":[{"@type":["WebPage","ItemPage"],"@id":"https:\/\/astrologelvan.com\/magaza\/urun\/555-melek-sayisi-kolye\/","url":"https:\/\/astrologelvan.com\/magaza\/urun\/555-melek-sayisi-kolye\/","name":"555 MELEK SAYISI KOLYE - Astrolog Elvan","isPartOf":{"@id":"https:\/\/astrologelvan.com\/magaza\/#website"},"primaryImageOfPage":{"@id":"https:\/\/astrologelvan.com\/magaza\/urun\/555-melek-sayisi-kolye\/#primaryimage"},"image":{"@id":"https:\/\/astrologelvan.com\/magaza\/urun\/555-melek-sayisi-kolye\/#primaryimage"},"thumbnailUrl":"https:\/\/astrologelvan.com\/magaza\/wp-content\/uploads\/2024\/02\/ChatGPT-Image-30-Oca-2026-13_11_24.png","datePublished":"2024-02-28T00:29:00+00:00","dateModified":"2026-01-30T14:13:42+00:00","breadcrumb":{"@id":"https:\/\/astrologelvan.com\/magaza\/urun\/555-melek-sayisi-kolye\/#breadcrumb"},"inLanguage":"tr","potentialAction":[{"@type":"ReadAction","target":["https:\/\/astrologelvan.com\/magaza\/urun\/555-melek-sayisi-kolye\/"]}]},{"@type":"ImageObject","inLanguage":"tr","@id":"https:\/\/astrologelvan.com\/magaza\/urun\/555-melek-sayisi-kolye\/#primaryimage","url":"https:\/\/astrologelvan.com\/magaza\/wp-content\/uploads\/2024\/02\/ChatGPT-Image-30-Oca-2026-13_11_24.png","contentUrl":"https:\/\/astrologelvan.com\/magaza\/wp-content\/uploads\/2024\/02\/ChatGPT-Image-30-Oca-2026-13_11_24.png","width":1024,"height":1536},{"@type":"BreadcrumbList","@id":"https:\/\/astrologelvan.com\/magaza\/urun\/555-melek-sayisi-kolye\/#breadcrumb","itemListElement":[{"@type":"ListItem","position":1,"name":"Anasayfa","item":"https:\/\/astrologelvan.com\/magaza\/"},{"@type":"ListItem","position":2,"name":"Ma\u011faza","item":"https:\/\/astrologelvan.com\/magaza\/magaza\/"},{"@type":"ListItem","position":3,"name":"555 MELEK SAYISI KOLYE"}]},{"@type":"WebSite","@id":"https:\/\/astrologelvan.com\/magaza\/#website","url":"https:\/\/astrologelvan.com\/magaza\/","name":"Astrolog Elvan","description":"","potentialAction":[{"@type":"SearchAction","target":{"@type":"EntryPoint","urlTemplate":"https:\/\/astrologelvan.com\/magaza\/?s={search_term_string}"},"query-input":{"@type":"PropertyValueSpecification","valueRequired":true,"valueName":"search_term_string"}}],"inLanguage":"tr"}]}},"_links":{"self":[{"href":"https:\/\/astrologelvan.com\/magaza\/wp-json\/wp\/v2\/product\/1265","targetHints":{"allow":["GET"]}}],"collection":[{"href":"https:\/\/astrologelvan.com\/magaza\/wp-json\/wp\/v2\/product"}],"about":[{"href":"https:\/\/astrologelvan.com\/magaza\/wp-json\/wp\/v2\/types\/product"}],"replies":[{"embeddable":true,"href":"https:\/\/astrologelvan.com\/magaza\/wp-json\/wp\/v2\/comments?post=1265"}],"wp:featuredmedia":[{"embeddable":true,"href":"https:\/\/astrologelvan.com\/magaza\/wp-json\/wp\/v2\/media\/151836"}],"wp:attachment":[{"href":"https:\/\/astrologelvan.com\/magaza\/wp-json\/wp\/v2\/media?parent=1265"}],"wp:term":[{"taxonomy":"product_brand","embeddable":true,"href":"https:\/\/astrologelvan.com\/magaza\/wp-json\/wp\/v2\/product_brand?post=1265"},{"taxonomy":"product_cat","embeddable":true,"href":"https:\/\/astrologelvan.com\/magaza\/wp-json\/wp\/v2\/product_cat?post=1265"},{"taxonomy":"product_tag","embeddable":true,"href":"https:\/\/astrologelvan.com\/magaza\/wp-json\/wp\/v2\/product_tag?post=1265"}],"curies":[{"name":"wp","href":"https:\/\/api.w.org\/{rel}","templated":true}]}}