{"id":1262,"date":"2024-02-28T03:28:22","date_gmt":"2024-02-28T00:28:22","guid":{"rendered":"https:\/\/astrologelvan.shop\/?post_type=product&#038;p=1262"},"modified":"2026-03-01T13:06:07","modified_gmt":"2026-03-01T10:06:07","slug":"444-melek-sayisi-kolye","status":"publish","type":"product","link":"https:\/\/astrologelvan.com\/magaza\/urun\/444-melek-sayisi-kolye\/","title":{"rendered":"444 MELEK SAYISI KOLYE"},"content":{"rendered":"<p><strong>\u00dcr\u00fcn \u00d6zellikleri:<\/strong><\/p>\n<p>Kolye A\u011f\u0131l\u0131\u011f\u0131: 2,4 Gram<\/p>\n<p>Zincir Uzunlu\u011fu: 40+5 cm<\/p>\n<p>925 Ayar G\u00fcm\u00fc\u015f \u00dczeri Alt\u0131n Kaplama<\/p>\n","protected":false},"excerpt":{"rendered":"<p><strong>444 \u0130ST\u0130KRAR VE G\u00dcVEN<\/strong><\/p>\n<p><strong>Yaradan\u2019\u0131n g\u00fcven duyma tan\u0131m\u0131n\u0131 bilmek ister misin?<\/strong><\/p>\n<p>D\u00f6rt, istikrar\u0131 simgelemektedir. D\u00f6rd\u00fc bir melek say\u0131s\u0131 olarak g\u00f6zlemlemek (\u00fc\u00e7l\u00fc, d\u00f6rtl\u00fc bir set i\u00e7inde veya bir kal\u0131p i\u00e7inde), dayan\u0131kl\u0131 \u015fekilde in\u015fa edilmi\u015f bir altyap\u0131y\u0131 temel alma, k\u00f6klendirme ve geli\u015ftirme s\u00fcrecinde oldu\u011funuzu g\u00f6sterir. 4 ile etkile\u015fim kurarken, \u00f6zellikle belirli uzmanl\u0131k gerektiren uzun vadeli projelerde ilerliyorsan\u0131z, yard\u0131m veya destek istemekten korkmay\u0131n. Temel olarak bu, zirveye ve hedeflerinize ula\u015fman\u0131z i\u00e7in sizi g\u00fc\u00e7lendirecek g\u00fcven ile ili\u015fkilidir.<\/p>\n","protected":false},"featured_media":151835,"comment_status":"open","ping_status":"closed","template":"","meta":[],"product_brand":[],"product_cat":[484],"product_tag":[],"class_list":{"0":"post-1262","1":"product","2":"type-product","3":"status-publish","4":"has-post-thumbnail","6":"product_cat-melek-sayisi-kolyeler","8":"first","9":"instock","10":"purchasable","11":"product-type-simple"},"yoast_head":"<!-- This site is optimized with the Yoast SEO plugin v27.3 - https:\/\/yoast.com\/product\/yoast-seo-wordpress\/ -->\n<title>444 MELEK SAYISI KOLYE - Astrolog Elvan<\/title>\n<meta name=\"robots\" content=\"index, follow, max-snippet:-1, max-image-preview:large, max-video-preview:-1\" \/>\n<link rel=\"canonical\" href=\"https:\/\/astrologelvan.com\/magaza\/urun\/444-melek-sayisi-kolye\/\" \/>\n<meta property=\"og:locale\" content=\"tr_TR\" \/>\n<meta property=\"og:type\" content=\"article\" \/>\n<meta property=\"og:title\" content=\"444 MELEK SAYISI KOLYE - Astrolog Elvan\" \/>\n<meta property=\"og:description\" content=\"444 \u0130ST\u0130KRAR VE G\u00dcVEN  Yaradan\u2019\u0131n g\u00fcven duyma tan\u0131m\u0131n\u0131 bilmek ister misin?  D\u00f6rt, istikrar\u0131 simgelemektedir. D\u00f6rd\u00fc bir melek say\u0131s\u0131 olarak g\u00f6zlemlemek (\u00fc\u00e7l\u00fc, d\u00f6rtl\u00fc bir set i\u00e7inde veya bir kal\u0131p i\u00e7inde), dayan\u0131kl\u0131 \u015fekilde in\u015fa edilmi\u015f bir altyap\u0131y\u0131 temel alma, k\u00f6klendirme ve geli\u015ftirme s\u00fcrecinde oldu\u011funuzu g\u00f6sterir. 4 ile etkile\u015fim kurarken, \u00f6zellikle belirli uzmanl\u0131k gerektiren uzun vadeli projelerde ilerliyorsan\u0131z, yard\u0131m veya destek istemekten korkmay\u0131n. Temel olarak bu, zirveye ve hedeflerinize ula\u015fman\u0131z i\u00e7in sizi g\u00fc\u00e7lendirecek g\u00fcven ile ili\u015fkilidir.\" \/>\n<meta property=\"og:url\" content=\"https:\/\/astrologelvan.com\/magaza\/urun\/444-melek-sayisi-kolye\/\" \/>\n<meta property=\"og:site_name\" content=\"Astrolog Elvan\" \/>\n<meta property=\"article:modified_time\" content=\"2026-03-01T10:06:07+00:00\" \/>\n<meta property=\"og:image\" content=\"https:\/\/astrologelvan.com\/magaza\/wp-content\/uploads\/2024\/02\/ChatGPT-Image-30-Oca-2026-13_07_01.png\" \/>\n\t<meta property=\"og:image:width\" content=\"1020\" \/>\n\t<meta property=\"og:image:height\" content=\"1530\" \/>\n\t<meta property=\"og:image:type\" content=\"image\/png\" \/>\n<meta name=\"twitter:card\" content=\"summary_large_image\" \/>\n<meta name=\"twitter:label1\" content=\"Tahmini okuma s\u00fcresi\" \/>\n\t<meta name=\"twitter:data1\" content=\"1 dakika\" \/>\n<script type=\"application\/ld+json\" class=\"yoast-schema-graph\">{\"@context\":\"https:\\\/\\\/schema.org\",\"@graph\":[{\"@type\":[\"WebPage\",\"ItemPage\"],\"@id\":\"https:\\\/\\\/astrologelvan.com\\\/magaza\\\/urun\\\/444-melek-sayisi-kolye\\\/\",\"url\":\"https:\\\/\\\/astrologelvan.com\\\/magaza\\\/urun\\\/444-melek-sayisi-kolye\\\/\",\"name\":\"444 MELEK SAYISI KOLYE - Astrolog Elvan\",\"isPartOf\":{\"@id\":\"https:\\\/\\\/astrologelvan.com\\\/magaza\\\/#website\"},\"primaryImageOfPage\":{\"@id\":\"https:\\\/\\\/astrologelvan.com\\\/magaza\\\/urun\\\/444-melek-sayisi-kolye\\\/#primaryimage\"},\"image\":{\"@id\":\"https:\\\/\\\/astrologelvan.com\\\/magaza\\\/urun\\\/444-melek-sayisi-kolye\\\/#primaryimage\"},\"thumbnailUrl\":\"https:\\\/\\\/astrologelvan.com\\\/magaza\\\/wp-content\\\/uploads\\\/2024\\\/02\\\/ChatGPT-Image-30-Oca-2026-13_07_01.png\",\"datePublished\":\"2024-02-28T00:28:22+00:00\",\"dateModified\":\"2026-03-01T10:06:07+00:00\",\"breadcrumb\":{\"@id\":\"https:\\\/\\\/astrologelvan.com\\\/magaza\\\/urun\\\/444-melek-sayisi-kolye\\\/#breadcrumb\"},\"inLanguage\":\"tr\",\"potentialAction\":[{\"@type\":\"ReadAction\",\"target\":[\"https:\\\/\\\/astrologelvan.com\\\/magaza\\\/urun\\\/444-melek-sayisi-kolye\\\/\"]}]},{\"@type\":\"ImageObject\",\"inLanguage\":\"tr\",\"@id\":\"https:\\\/\\\/astrologelvan.com\\\/magaza\\\/urun\\\/444-melek-sayisi-kolye\\\/#primaryimage\",\"url\":\"https:\\\/\\\/astrologelvan.com\\\/magaza\\\/wp-content\\\/uploads\\\/2024\\\/02\\\/ChatGPT-Image-30-Oca-2026-13_07_01.png\",\"contentUrl\":\"https:\\\/\\\/astrologelvan.com\\\/magaza\\\/wp-content\\\/uploads\\\/2024\\\/02\\\/ChatGPT-Image-30-Oca-2026-13_07_01.png\",\"width\":1024,\"height\":1536},{\"@type\":\"BreadcrumbList\",\"@id\":\"https:\\\/\\\/astrologelvan.com\\\/magaza\\\/urun\\\/444-melek-sayisi-kolye\\\/#breadcrumb\",\"itemListElement\":[{\"@type\":\"ListItem\",\"position\":1,\"name\":\"Anasayfa\",\"item\":\"https:\\\/\\\/astrologelvan.com\\\/magaza\\\/\"},{\"@type\":\"ListItem\",\"position\":2,\"name\":\"Ma\u011faza\",\"item\":\"https:\\\/\\\/astrologelvan.com\\\/magaza\\\/magaza\\\/\"},{\"@type\":\"ListItem\",\"position\":3,\"name\":\"444 MELEK SAYISI KOLYE\"}]},{\"@type\":\"WebSite\",\"@id\":\"https:\\\/\\\/astrologelvan.com\\\/magaza\\\/#website\",\"url\":\"https:\\\/\\\/astrologelvan.com\\\/magaza\\\/\",\"name\":\"Astrolog Elvan\",\"description\":\"\",\"potentialAction\":[{\"@type\":\"SearchAction\",\"target\":{\"@type\":\"EntryPoint\",\"urlTemplate\":\"https:\\\/\\\/astrologelvan.com\\\/magaza\\\/?s={search_term_string}\"},\"query-input\":{\"@type\":\"PropertyValueSpecification\",\"valueRequired\":true,\"valueName\":\"search_term_string\"}}],\"inLanguage\":\"tr\"}]}<\/script>\n<!-- \/ Yoast SEO plugin. -->","yoast_head_json":{"title":"444 MELEK SAYISI KOLYE - Astrolog Elvan","robots":{"index":"index","follow":"follow","max-snippet":"max-snippet:-1","max-image-preview":"max-image-preview:large","max-video-preview":"max-video-preview:-1"},"canonical":"https:\/\/astrologelvan.com\/magaza\/urun\/444-melek-sayisi-kolye\/","og_locale":"tr_TR","og_type":"article","og_title":"444 MELEK SAYISI KOLYE - Astrolog Elvan","og_description":"444 \u0130ST\u0130KRAR VE G\u00dcVEN  Yaradan\u2019\u0131n g\u00fcven duyma tan\u0131m\u0131n\u0131 bilmek ister misin?  D\u00f6rt, istikrar\u0131 simgelemektedir. D\u00f6rd\u00fc bir melek say\u0131s\u0131 olarak g\u00f6zlemlemek (\u00fc\u00e7l\u00fc, d\u00f6rtl\u00fc bir set i\u00e7inde veya bir kal\u0131p i\u00e7inde), dayan\u0131kl\u0131 \u015fekilde in\u015fa edilmi\u015f bir altyap\u0131y\u0131 temel alma, k\u00f6klendirme ve geli\u015ftirme s\u00fcrecinde oldu\u011funuzu g\u00f6sterir. 4 ile etkile\u015fim kurarken, \u00f6zellikle belirli uzmanl\u0131k gerektiren uzun vadeli projelerde ilerliyorsan\u0131z, yard\u0131m veya destek istemekten korkmay\u0131n. Temel olarak bu, zirveye ve hedeflerinize ula\u015fman\u0131z i\u00e7in sizi g\u00fc\u00e7lendirecek g\u00fcven ile ili\u015fkilidir.","og_url":"https:\/\/astrologelvan.com\/magaza\/urun\/444-melek-sayisi-kolye\/","og_site_name":"Astrolog Elvan","article_modified_time":"2026-03-01T10:06:07+00:00","og_image":[{"url":"https:\/\/astrologelvan.com\/magaza\/wp-content\/uploads\/2024\/02\/ChatGPT-Image-30-Oca-2026-13_07_01.png","width":1020,"height":1530,"type":"image\/png"}],"twitter_card":"summary_large_image","twitter_misc":{"Tahmini okuma s\u00fcresi":"1 dakika"},"schema":{"@context":"https:\/\/schema.org","@graph":[{"@type":["WebPage","ItemPage"],"@id":"https:\/\/astrologelvan.com\/magaza\/urun\/444-melek-sayisi-kolye\/","url":"https:\/\/astrologelvan.com\/magaza\/urun\/444-melek-sayisi-kolye\/","name":"444 MELEK SAYISI KOLYE - Astrolog Elvan","isPartOf":{"@id":"https:\/\/astrologelvan.com\/magaza\/#website"},"primaryImageOfPage":{"@id":"https:\/\/astrologelvan.com\/magaza\/urun\/444-melek-sayisi-kolye\/#primaryimage"},"image":{"@id":"https:\/\/astrologelvan.com\/magaza\/urun\/444-melek-sayisi-kolye\/#primaryimage"},"thumbnailUrl":"https:\/\/astrologelvan.com\/magaza\/wp-content\/uploads\/2024\/02\/ChatGPT-Image-30-Oca-2026-13_07_01.png","datePublished":"2024-02-28T00:28:22+00:00","dateModified":"2026-03-01T10:06:07+00:00","breadcrumb":{"@id":"https:\/\/astrologelvan.com\/magaza\/urun\/444-melek-sayisi-kolye\/#breadcrumb"},"inLanguage":"tr","potentialAction":[{"@type":"ReadAction","target":["https:\/\/astrologelvan.com\/magaza\/urun\/444-melek-sayisi-kolye\/"]}]},{"@type":"ImageObject","inLanguage":"tr","@id":"https:\/\/astrologelvan.com\/magaza\/urun\/444-melek-sayisi-kolye\/#primaryimage","url":"https:\/\/astrologelvan.com\/magaza\/wp-content\/uploads\/2024\/02\/ChatGPT-Image-30-Oca-2026-13_07_01.png","contentUrl":"https:\/\/astrologelvan.com\/magaza\/wp-content\/uploads\/2024\/02\/ChatGPT-Image-30-Oca-2026-13_07_01.png","width":1024,"height":1536},{"@type":"BreadcrumbList","@id":"https:\/\/astrologelvan.com\/magaza\/urun\/444-melek-sayisi-kolye\/#breadcrumb","itemListElement":[{"@type":"ListItem","position":1,"name":"Anasayfa","item":"https:\/\/astrologelvan.com\/magaza\/"},{"@type":"ListItem","position":2,"name":"Ma\u011faza","item":"https:\/\/astrologelvan.com\/magaza\/magaza\/"},{"@type":"ListItem","position":3,"name":"444 MELEK SAYISI KOLYE"}]},{"@type":"WebSite","@id":"https:\/\/astrologelvan.com\/magaza\/#website","url":"https:\/\/astrologelvan.com\/magaza\/","name":"Astrolog Elvan","description":"","potentialAction":[{"@type":"SearchAction","target":{"@type":"EntryPoint","urlTemplate":"https:\/\/astrologelvan.com\/magaza\/?s={search_term_string}"},"query-input":{"@type":"PropertyValueSpecification","valueRequired":true,"valueName":"search_term_string"}}],"inLanguage":"tr"}]}},"_links":{"self":[{"href":"https:\/\/astrologelvan.com\/magaza\/wp-json\/wp\/v2\/product\/1262","targetHints":{"allow":["GET"]}}],"collection":[{"href":"https:\/\/astrologelvan.com\/magaza\/wp-json\/wp\/v2\/product"}],"about":[{"href":"https:\/\/astrologelvan.com\/magaza\/wp-json\/wp\/v2\/types\/product"}],"replies":[{"embeddable":true,"href":"https:\/\/astrologelvan.com\/magaza\/wp-json\/wp\/v2\/comments?post=1262"}],"wp:featuredmedia":[{"embeddable":true,"href":"https:\/\/astrologelvan.com\/magaza\/wp-json\/wp\/v2\/media\/151835"}],"wp:attachment":[{"href":"https:\/\/astrologelvan.com\/magaza\/wp-json\/wp\/v2\/media?parent=1262"}],"wp:term":[{"taxonomy":"product_brand","embeddable":true,"href":"https:\/\/astrologelvan.com\/magaza\/wp-json\/wp\/v2\/product_brand?post=1262"},{"taxonomy":"product_cat","embeddable":true,"href":"https:\/\/astrologelvan.com\/magaza\/wp-json\/wp\/v2\/product_cat?post=1262"},{"taxonomy":"product_tag","embeddable":true,"href":"https:\/\/astrologelvan.com\/magaza\/wp-json\/wp\/v2\/product_tag?post=1262"}],"curies":[{"name":"wp","href":"https:\/\/api.w.org\/{rel}","templated":true}]}}