{"id":126,"date":"2024-02-28T02:05:02","date_gmt":"2024-02-27T23:05:02","guid":{"rendered":"https:\/\/astrologelvan.shop\/?post_type=product&#038;p=126"},"modified":"2025-10-06T08:14:46","modified_gmt":"2025-10-06T05:14:46","slug":"saglik-nese-rituel-kiti","status":"publish","type":"product","link":"https:\/\/astrologelvan.com\/magaza\/urun\/saglik-nese-rituel-kiti\/","title":{"rendered":"SA\u011eLIK &#038; NE\u015eE R\u0130T\u00dcEL K\u0130T\u0130"},"content":{"rendered":"<p>Sa\u011fl\u0131\u011f\u0131n\u0131zla ilgili problemleriniz, ya\u015fam enerjiniz d\u00fc\u015f\u00fckse ya da kendinizi s\u00fcrekli mutsuz hissediyorsan\u0131z bu kit size yard\u0131mc\u0131 olacak.<\/p>\n<p><strong>Anyolit ta\u015f\u0131<\/strong>, hem ruhsal hem de fiziksel beden i\u00e7in kullan\u0131l\u0131r. \u00dczerinizdeki tembelli\u011fi ve miskinli\u011fi al\u0131r, ayr\u0131ca bedene g\u00fc\u00e7 verir. Sinirliyken kullan\u0131ld\u0131\u011f\u0131nda ki\u015fiyi sakinle\u015ftirir ve huzur verir.<\/p>\n<p><strong>Malakit ta\u015fl\u0131 kolye;<\/strong> enerji ta\u015f\u0131 olarak da bilinir. V\u00fccuttaki a\u011fr\u0131lar\u0131n giderilmesine yard\u0131mc\u0131 olur. Yap\u0131s\u0131ndaki bak\u0131r ile bedendeki negatif enerjiyi temizlemeye katk\u0131 sa\u011flar. Korku ve anksiyete durumunda ki\u015finin sakinle\u015fmesine destek olur.<\/p>\n<p>Kese i\u00e7erisindeki g\u00fcnl\u00fck a\u011fac\u0131n\u0131 t\u00fcts\u00fc olarak kullanmal\u0131s\u0131n\u0131z. G\u00fcnl\u00fck t\u00fcts\u00fcs\u00fc, Antik M\u0131s\u0131r\u2019dan bu yana ruhu korumak i\u00e7in kullan\u0131l\u0131r ve \u00e7ok de\u011ferli bir t\u00fcts\u00fc \u00e7e\u015fididir. Hatta M\u0131s\u0131r \u00d6l\u00fcler Kitab\u0131&#8217;nda, g\u00fcnl\u00fc\u011f\u00fcn mistik g\u00fcc\u00fc &#8216;<em>Tanr\u0131\u2019n\u0131n teri d\u00fcnyaya d\u00fc\u015ft\u00fc<\/em>&#8216; diye anlat\u0131l\u0131r. Ortam enerjisini y\u00fckseltmek i\u00e7in de kullan\u0131l\u0131r.<\/p>\n<p>G\u00fcnl\u00fc\u011f\u00fc, tavada yakman\u0131z gerekiyor. \u00c7\u0131kan duman\u0131 ise bulundu\u011funuz mekan i\u00e7erisinde ya da hasta ki\u015finin yata\u011f\u0131n\u0131n ba\u015f\u0131nda gezdirebilirsiniz.<\/p>\n<p>Ye\u015fil mumu ise, kiti ald\u0131ktan sonraki ilk yeni ayda yak\u0131n ve ya\u015fam\u0131n\u0131za sa\u011fl\u0131k ve ne\u015feyi \u00e7ekmeye niyet edin. Bedeniniz ve ruhunuz huzurlu, art\u0131k mutlusunuz! Ac\u0131 ve a\u011fr\u0131 bedeninizi terk ediyor. Akl\u0131n\u0131zdan niyetlerinizi ge\u00e7irerek, mumu 7 g\u00fcn boyunca yakmaya devam edin.<\/p>\n","protected":false},"excerpt":{"rendered":"<h3><\/h3>\n<p>Hayat\u0131n\u0131za sa\u011fl\u0131\u011f\u0131, huzuru ve ne\u015feyi \u00e7ekin! Kutu i\u00e7erisinde size \u00f6zel olarak enerji y\u00fcklenmi\u015f malakit ta\u015f\u0131 kolye, kese i\u00e7erisinde, do\u011fal formunda anyolit ta\u015f\u0131, sa\u011fl\u0131k enerjisini harekete ge\u00e7irmek i\u00e7in ye\u015fil mum mevcut.<\/p>\n<p>&nbsp;<\/p>\n<p><strong>Tak\u0131lar\u0131n\u0131z\u0131n uzun s\u00fcre kullanabilmesi i\u00e7in; Parf\u00fcm, su, s\u0131v\u0131, dezenfektan, krem v.b. gibi maddelerle temas etmemesi, du\u015f-banyo s\u0131ras\u0131nda \u00e7\u0131kart\u0131lmas\u0131 gerekmektedir. Ki\u015finin ter-ten yap\u0131s\u0131na g\u00f6re de etkilenmektedir. Tak\u0131lar\u0131n\u0131z\u0131 kullanmad\u0131\u011f\u0131n\u0131z zamanlarda kesesinde saklaman\u0131z\u0131 \u00f6neririz.<\/strong><\/p>\n<p><strong>Do\u011fal ta\u015flar\u0131n belirli titre\u015fimlere ve frekanslara sahip oldu\u011fu bilinmektedir. Bu nedenle v\u00fccudumuzda ve auram\u0131zda birtak\u0131m iyi etkileri oldu\u011fu s\u00f6ylenmektedir. Ta\u015flar\u0131n \u00f6zelliklerinin bilimsel kesinli\u011fi yoktur. Astrologelvan ma\u011fazas\u0131ndaki t\u00fcm ta\u015flar orijinal, ger\u00e7ek do\u011fal ta\u015flard\u0131r. T\u0131bbi konularda doktora dan\u0131\u015fman\u0131z\u0131 tavsiye ederiz. Ta\u015flar\u0131n tedavi edici \u00f6zelli\u011fi yoktur, sadece ki\u015fisel enerjimizi y\u00fckseltmekte ve astrolojik olarak da temsil etti\u011fi gezegenlerin etkilerini artt\u0131rmakta oldu\u011fu kabul edilir. \u00d6rne\u011fin; pembe kuvars ta\u015f\u0131 a\u015fk ve sevgi gezegeni Ven\u00fcs&#8217;\u00fcn ta\u015f\u0131d\u0131r ve bu sebeple \u00fczerinde ta\u015f\u0131yan ki\u015finin a\u015fk ve sevgi frekans\u0131n\u0131 y\u00fckseltti\u011fi bilinir.<\/strong><\/p>\n","protected":false},"featured_media":158,"comment_status":"closed","ping_status":"closed","template":"","meta":[],"product_brand":[],"product_cat":[35],"product_tag":[],"class_list":{"0":"post-126","1":"product","2":"type-product","3":"status-publish","4":"has-post-thumbnail","6":"product_cat-rituel-kitleri","8":"first","9":"outofstock","10":"taxable","11":"shipping-taxable","12":"purchasable","13":"product-type-simple"},"yoast_head":"<!-- This site is optimized with the Yoast SEO plugin v27.3 - https:\/\/yoast.com\/product\/yoast-seo-wordpress\/ -->\n<title>SA\u011eLIK &amp; NE\u015eE R\u0130T\u00dcEL K\u0130T\u0130 - Astrolog Elvan<\/title>\n<meta name=\"robots\" content=\"index, follow, max-snippet:-1, max-image-preview:large, max-video-preview:-1\" \/>\n<link rel=\"canonical\" href=\"https:\/\/astrologelvan.com\/magaza\/urun\/saglik-nese-rituel-kiti\/\" \/>\n<meta property=\"og:locale\" content=\"tr_TR\" \/>\n<meta property=\"og:type\" content=\"article\" \/>\n<meta property=\"og:title\" content=\"SA\u011eLIK &amp; NE\u015eE R\u0130T\u00dcEL K\u0130T\u0130 - Astrolog Elvan\" \/>\n<meta property=\"og:description\" content=\"Hayat\u0131n\u0131za sa\u011fl\u0131\u011f\u0131, huzuru ve ne\u015feyi \u00e7ekin! Kutu i\u00e7erisinde size \u00f6zel olarak enerji y\u00fcklenmi\u015f malakit ta\u015f\u0131 kolye, kese i\u00e7erisinde, do\u011fal formunda anyolit ta\u015f\u0131, sa\u011fl\u0131k enerjisini harekete ge\u00e7irmek i\u00e7in ye\u015fil mum mevcut.  &nbsp;  Tak\u0131lar\u0131n\u0131z\u0131n uzun s\u00fcre kullanabilmesi i\u00e7in; Parf\u00fcm, su, s\u0131v\u0131, dezenfektan, krem v.b. gibi maddelerle temas etmemesi, du\u015f-banyo s\u0131ras\u0131nda \u00e7\u0131kart\u0131lmas\u0131 gerekmektedir. Ki\u015finin ter-ten yap\u0131s\u0131na g\u00f6re de etkilenmektedir. Tak\u0131lar\u0131n\u0131z\u0131 kullanmad\u0131\u011f\u0131n\u0131z zamanlarda kesesinde saklaman\u0131z\u0131 \u00f6neririz.  Do\u011fal ta\u015flar\u0131n belirli titre\u015fimlere ve frekanslara sahip oldu\u011fu bilinmektedir. Bu nedenle v\u00fccudumuzda ve auram\u0131zda birtak\u0131m iyi etkileri oldu\u011fu s\u00f6ylenmektedir. Ta\u015flar\u0131n \u00f6zelliklerinin bilimsel kesinli\u011fi yoktur. Astrologelvan ma\u011fazas\u0131ndaki t\u00fcm ta\u015flar orijinal, ger\u00e7ek do\u011fal ta\u015flard\u0131r. T\u0131bbi konularda doktora dan\u0131\u015fman\u0131z\u0131 tavsiye ederiz. Ta\u015flar\u0131n tedavi edici \u00f6zelli\u011fi yoktur, sadece ki\u015fisel enerjimizi y\u00fckseltmekte ve astrolojik olarak da temsil etti\u011fi gezegenlerin etkilerini artt\u0131rmakta oldu\u011fu kabul edilir. \u00d6rne\u011fin; pembe kuvars ta\u015f\u0131 a\u015fk ve sevgi gezegeni Ven\u00fcs&#039;\u00fcn ta\u015f\u0131d\u0131r ve bu sebeple \u00fczerinde ta\u015f\u0131yan ki\u015finin a\u015fk ve sevgi frekans\u0131n\u0131 y\u00fckseltti\u011fi bilinir.\" \/>\n<meta property=\"og:url\" content=\"https:\/\/astrologelvan.com\/magaza\/urun\/saglik-nese-rituel-kiti\/\" \/>\n<meta property=\"og:site_name\" content=\"Astrolog Elvan\" \/>\n<meta property=\"article:modified_time\" content=\"2025-10-06T05:14:46+00:00\" \/>\n<meta property=\"og:image\" content=\"https:\/\/astrologelvan.com\/magaza\/wp-content\/uploads\/2024\/02\/Saglik-ve-Nese-Ritueli-Kiti-Astrolog-Elvan-1.jpg\" \/>\n\t<meta property=\"og:image:width\" content=\"1080\" \/>\n\t<meta property=\"og:image:height\" content=\"1080\" \/>\n\t<meta property=\"og:image:type\" content=\"image\/jpeg\" \/>\n<meta name=\"twitter:card\" content=\"summary_large_image\" \/>\n<meta name=\"twitter:label1\" content=\"Tahmini okuma s\u00fcresi\" \/>\n\t<meta name=\"twitter:data1\" content=\"2 dakika\" \/>\n<script type=\"application\/ld+json\" class=\"yoast-schema-graph\">{\"@context\":\"https:\\\/\\\/schema.org\",\"@graph\":[{\"@type\":[\"WebPage\",\"ItemPage\"],\"@id\":\"https:\\\/\\\/astrologelvan.com\\\/magaza\\\/urun\\\/saglik-nese-rituel-kiti\\\/\",\"url\":\"https:\\\/\\\/astrologelvan.com\\\/magaza\\\/urun\\\/saglik-nese-rituel-kiti\\\/\",\"name\":\"SA\u011eLIK & NE\u015eE R\u0130T\u00dcEL K\u0130T\u0130 - Astrolog Elvan\",\"isPartOf\":{\"@id\":\"https:\\\/\\\/astrologelvan.com\\\/magaza\\\/#website\"},\"primaryImageOfPage\":{\"@id\":\"https:\\\/\\\/astrologelvan.com\\\/magaza\\\/urun\\\/saglik-nese-rituel-kiti\\\/#primaryimage\"},\"image\":{\"@id\":\"https:\\\/\\\/astrologelvan.com\\\/magaza\\\/urun\\\/saglik-nese-rituel-kiti\\\/#primaryimage\"},\"thumbnailUrl\":\"https:\\\/\\\/astrologelvan.com\\\/magaza\\\/wp-content\\\/uploads\\\/2024\\\/02\\\/Saglik-ve-Nese-Ritueli-Kiti-Astrolog-Elvan-1.jpg\",\"datePublished\":\"2024-02-27T23:05:02+00:00\",\"dateModified\":\"2025-10-06T05:14:46+00:00\",\"breadcrumb\":{\"@id\":\"https:\\\/\\\/astrologelvan.com\\\/magaza\\\/urun\\\/saglik-nese-rituel-kiti\\\/#breadcrumb\"},\"inLanguage\":\"tr\",\"potentialAction\":[{\"@type\":\"ReadAction\",\"target\":[\"https:\\\/\\\/astrologelvan.com\\\/magaza\\\/urun\\\/saglik-nese-rituel-kiti\\\/\"]}]},{\"@type\":\"ImageObject\",\"inLanguage\":\"tr\",\"@id\":\"https:\\\/\\\/astrologelvan.com\\\/magaza\\\/urun\\\/saglik-nese-rituel-kiti\\\/#primaryimage\",\"url\":\"https:\\\/\\\/astrologelvan.com\\\/magaza\\\/wp-content\\\/uploads\\\/2024\\\/02\\\/Saglik-ve-Nese-Ritueli-Kiti-Astrolog-Elvan-1.jpg\",\"contentUrl\":\"https:\\\/\\\/astrologelvan.com\\\/magaza\\\/wp-content\\\/uploads\\\/2024\\\/02\\\/Saglik-ve-Nese-Ritueli-Kiti-Astrolog-Elvan-1.jpg\",\"width\":1080,\"height\":1080},{\"@type\":\"BreadcrumbList\",\"@id\":\"https:\\\/\\\/astrologelvan.com\\\/magaza\\\/urun\\\/saglik-nese-rituel-kiti\\\/#breadcrumb\",\"itemListElement\":[{\"@type\":\"ListItem\",\"position\":1,\"name\":\"Anasayfa\",\"item\":\"https:\\\/\\\/astrologelvan.com\\\/magaza\\\/\"},{\"@type\":\"ListItem\",\"position\":2,\"name\":\"Ma\u011faza\",\"item\":\"https:\\\/\\\/astrologelvan.com\\\/magaza\\\/magaza\\\/\"},{\"@type\":\"ListItem\",\"position\":3,\"name\":\"SA\u011eLIK &#038; NE\u015eE R\u0130T\u00dcEL K\u0130T\u0130\"}]},{\"@type\":\"WebSite\",\"@id\":\"https:\\\/\\\/astrologelvan.com\\\/magaza\\\/#website\",\"url\":\"https:\\\/\\\/astrologelvan.com\\\/magaza\\\/\",\"name\":\"Astrolog Elvan\",\"description\":\"\",\"potentialAction\":[{\"@type\":\"SearchAction\",\"target\":{\"@type\":\"EntryPoint\",\"urlTemplate\":\"https:\\\/\\\/astrologelvan.com\\\/magaza\\\/?s={search_term_string}\"},\"query-input\":{\"@type\":\"PropertyValueSpecification\",\"valueRequired\":true,\"valueName\":\"search_term_string\"}}],\"inLanguage\":\"tr\"}]}<\/script>\n<!-- \/ Yoast SEO plugin. -->","yoast_head_json":{"title":"SA\u011eLIK & NE\u015eE R\u0130T\u00dcEL K\u0130T\u0130 - Astrolog Elvan","robots":{"index":"index","follow":"follow","max-snippet":"max-snippet:-1","max-image-preview":"max-image-preview:large","max-video-preview":"max-video-preview:-1"},"canonical":"https:\/\/astrologelvan.com\/magaza\/urun\/saglik-nese-rituel-kiti\/","og_locale":"tr_TR","og_type":"article","og_title":"SA\u011eLIK & NE\u015eE R\u0130T\u00dcEL K\u0130T\u0130 - Astrolog Elvan","og_description":"Hayat\u0131n\u0131za sa\u011fl\u0131\u011f\u0131, huzuru ve ne\u015feyi \u00e7ekin! Kutu i\u00e7erisinde size \u00f6zel olarak enerji y\u00fcklenmi\u015f malakit ta\u015f\u0131 kolye, kese i\u00e7erisinde, do\u011fal formunda anyolit ta\u015f\u0131, sa\u011fl\u0131k enerjisini harekete ge\u00e7irmek i\u00e7in ye\u015fil mum mevcut.  &nbsp;  Tak\u0131lar\u0131n\u0131z\u0131n uzun s\u00fcre kullanabilmesi i\u00e7in; Parf\u00fcm, su, s\u0131v\u0131, dezenfektan, krem v.b. gibi maddelerle temas etmemesi, du\u015f-banyo s\u0131ras\u0131nda \u00e7\u0131kart\u0131lmas\u0131 gerekmektedir. Ki\u015finin ter-ten yap\u0131s\u0131na g\u00f6re de etkilenmektedir. Tak\u0131lar\u0131n\u0131z\u0131 kullanmad\u0131\u011f\u0131n\u0131z zamanlarda kesesinde saklaman\u0131z\u0131 \u00f6neririz.  Do\u011fal ta\u015flar\u0131n belirli titre\u015fimlere ve frekanslara sahip oldu\u011fu bilinmektedir. Bu nedenle v\u00fccudumuzda ve auram\u0131zda birtak\u0131m iyi etkileri oldu\u011fu s\u00f6ylenmektedir. Ta\u015flar\u0131n \u00f6zelliklerinin bilimsel kesinli\u011fi yoktur. Astrologelvan ma\u011fazas\u0131ndaki t\u00fcm ta\u015flar orijinal, ger\u00e7ek do\u011fal ta\u015flard\u0131r. T\u0131bbi konularda doktora dan\u0131\u015fman\u0131z\u0131 tavsiye ederiz. Ta\u015flar\u0131n tedavi edici \u00f6zelli\u011fi yoktur, sadece ki\u015fisel enerjimizi y\u00fckseltmekte ve astrolojik olarak da temsil etti\u011fi gezegenlerin etkilerini artt\u0131rmakta oldu\u011fu kabul edilir. \u00d6rne\u011fin; pembe kuvars ta\u015f\u0131 a\u015fk ve sevgi gezegeni Ven\u00fcs'\u00fcn ta\u015f\u0131d\u0131r ve bu sebeple \u00fczerinde ta\u015f\u0131yan ki\u015finin a\u015fk ve sevgi frekans\u0131n\u0131 y\u00fckseltti\u011fi bilinir.","og_url":"https:\/\/astrologelvan.com\/magaza\/urun\/saglik-nese-rituel-kiti\/","og_site_name":"Astrolog Elvan","article_modified_time":"2025-10-06T05:14:46+00:00","og_image":[{"width":1080,"height":1080,"url":"https:\/\/astrologelvan.com\/magaza\/wp-content\/uploads\/2024\/02\/Saglik-ve-Nese-Ritueli-Kiti-Astrolog-Elvan-1.jpg","type":"image\/jpeg"}],"twitter_card":"summary_large_image","twitter_misc":{"Tahmini okuma s\u00fcresi":"2 dakika"},"schema":{"@context":"https:\/\/schema.org","@graph":[{"@type":["WebPage","ItemPage"],"@id":"https:\/\/astrologelvan.com\/magaza\/urun\/saglik-nese-rituel-kiti\/","url":"https:\/\/astrologelvan.com\/magaza\/urun\/saglik-nese-rituel-kiti\/","name":"SA\u011eLIK & NE\u015eE R\u0130T\u00dcEL K\u0130T\u0130 - Astrolog Elvan","isPartOf":{"@id":"https:\/\/astrologelvan.com\/magaza\/#website"},"primaryImageOfPage":{"@id":"https:\/\/astrologelvan.com\/magaza\/urun\/saglik-nese-rituel-kiti\/#primaryimage"},"image":{"@id":"https:\/\/astrologelvan.com\/magaza\/urun\/saglik-nese-rituel-kiti\/#primaryimage"},"thumbnailUrl":"https:\/\/astrologelvan.com\/magaza\/wp-content\/uploads\/2024\/02\/Saglik-ve-Nese-Ritueli-Kiti-Astrolog-Elvan-1.jpg","datePublished":"2024-02-27T23:05:02+00:00","dateModified":"2025-10-06T05:14:46+00:00","breadcrumb":{"@id":"https:\/\/astrologelvan.com\/magaza\/urun\/saglik-nese-rituel-kiti\/#breadcrumb"},"inLanguage":"tr","potentialAction":[{"@type":"ReadAction","target":["https:\/\/astrologelvan.com\/magaza\/urun\/saglik-nese-rituel-kiti\/"]}]},{"@type":"ImageObject","inLanguage":"tr","@id":"https:\/\/astrologelvan.com\/magaza\/urun\/saglik-nese-rituel-kiti\/#primaryimage","url":"https:\/\/astrologelvan.com\/magaza\/wp-content\/uploads\/2024\/02\/Saglik-ve-Nese-Ritueli-Kiti-Astrolog-Elvan-1.jpg","contentUrl":"https:\/\/astrologelvan.com\/magaza\/wp-content\/uploads\/2024\/02\/Saglik-ve-Nese-Ritueli-Kiti-Astrolog-Elvan-1.jpg","width":1080,"height":1080},{"@type":"BreadcrumbList","@id":"https:\/\/astrologelvan.com\/magaza\/urun\/saglik-nese-rituel-kiti\/#breadcrumb","itemListElement":[{"@type":"ListItem","position":1,"name":"Anasayfa","item":"https:\/\/astrologelvan.com\/magaza\/"},{"@type":"ListItem","position":2,"name":"Ma\u011faza","item":"https:\/\/astrologelvan.com\/magaza\/magaza\/"},{"@type":"ListItem","position":3,"name":"SA\u011eLIK &#038; NE\u015eE R\u0130T\u00dcEL K\u0130T\u0130"}]},{"@type":"WebSite","@id":"https:\/\/astrologelvan.com\/magaza\/#website","url":"https:\/\/astrologelvan.com\/magaza\/","name":"Astrolog Elvan","description":"","potentialAction":[{"@type":"SearchAction","target":{"@type":"EntryPoint","urlTemplate":"https:\/\/astrologelvan.com\/magaza\/?s={search_term_string}"},"query-input":{"@type":"PropertyValueSpecification","valueRequired":true,"valueName":"search_term_string"}}],"inLanguage":"tr"}]}},"_links":{"self":[{"href":"https:\/\/astrologelvan.com\/magaza\/wp-json\/wp\/v2\/product\/126","targetHints":{"allow":["GET"]}}],"collection":[{"href":"https:\/\/astrologelvan.com\/magaza\/wp-json\/wp\/v2\/product"}],"about":[{"href":"https:\/\/astrologelvan.com\/magaza\/wp-json\/wp\/v2\/types\/product"}],"replies":[{"embeddable":true,"href":"https:\/\/astrologelvan.com\/magaza\/wp-json\/wp\/v2\/comments?post=126"}],"wp:featuredmedia":[{"embeddable":true,"href":"https:\/\/astrologelvan.com\/magaza\/wp-json\/wp\/v2\/media\/158"}],"wp:attachment":[{"href":"https:\/\/astrologelvan.com\/magaza\/wp-json\/wp\/v2\/media?parent=126"}],"wp:term":[{"taxonomy":"product_brand","embeddable":true,"href":"https:\/\/astrologelvan.com\/magaza\/wp-json\/wp\/v2\/product_brand?post=126"},{"taxonomy":"product_cat","embeddable":true,"href":"https:\/\/astrologelvan.com\/magaza\/wp-json\/wp\/v2\/product_cat?post=126"},{"taxonomy":"product_tag","embeddable":true,"href":"https:\/\/astrologelvan.com\/magaza\/wp-json\/wp\/v2\/product_tag?post=126"}],"curies":[{"name":"wp","href":"https:\/\/api.w.org\/{rel}","templated":true}]}}