{"id":1255,"date":"2024-02-28T03:27:11","date_gmt":"2024-02-28T00:27:11","guid":{"rendered":"https:\/\/astrologelvan.shop\/?post_type=product&#038;p=1255"},"modified":"2026-01-30T17:04:37","modified_gmt":"2026-01-30T14:04:37","slug":"111-melek-sayisi-kolye","status":"publish","type":"product","link":"https:\/\/astrologelvan.com\/magaza\/urun\/111-melek-sayisi-kolye\/","title":{"rendered":"111 MELEK SAYISI KOLYE"},"content":{"rendered":"<p><strong>\u00dcr\u00fcn \u00d6zellikleri:<\/strong><\/p>\n<p>Kolye A\u011f\u0131l\u0131\u011f\u0131: 2,2 Gram<\/p>\n<p>Zincir Uzunlu\u011fu: 40+5 cm<\/p>\n<p>925 Ayar G\u00fcm\u00fc\u015f \u00dczeri Alt\u0131n Kaplama<\/p>\n","protected":false},"excerpt":{"rendered":"<p>111 Melek Say\u0131s\u0131 Kolye<\/p>\n<p>2026 ile birlikte 111 ne anlat\u0131r?<\/p>\n<p>2026 \u2192 2+0+2+6 = 10 \u2192 1<\/p>\n<p>Yani 2026 da 1 enerjisi ta\u015f\u0131r: yeni d\u00f6ng\u00fc, yeni sayfa.<\/p>\n<p><strong>111 \u2014 2026\u2019n\u0131n say\u0131s\u0131<\/strong><\/p>\n<p><strong>Niyetini netle\u015ftir.<\/strong><\/p>\n<p>\u00c7\u00fcnk\u00fc bu y\u0131l, d\u00fc\u015f\u00fcnd\u00fc\u011f\u00fcn \u015feyler h\u0131zla ger\u00e7e\u011fe d\u00f6n\u00fc\u015f\u00fcyor.<\/p>\n<p>Bu kolye; yeni bir sayfa a\u00e7mak, hedeflerini netle\u015ftirmek ve hayat\u0131nda bilin\u00e7li bir d\u00f6n\u00fc\u015f\u00fcm ba\u015flatmak isteyenler i\u00e7in tasarland\u0131.<br \/>\nHer tak\u0131ld\u0131\u011f\u0131nda \u201c\u015fimdi ba\u015flama zaman\u0131\u201d hat\u0131rlatmas\u0131n\u0131 yapar.<\/p>\n","protected":false},"featured_media":151832,"comment_status":"open","ping_status":"closed","template":"","meta":[],"product_brand":[],"product_cat":[484],"product_tag":[],"class_list":{"0":"post-1255","1":"product","2":"type-product","3":"status-publish","4":"has-post-thumbnail","6":"product_cat-melek-sayisi-kolyeler","8":"first","9":"instock","10":"purchasable","11":"product-type-simple"},"yoast_head":"<!-- This site is optimized with the Yoast SEO plugin v27.3 - https:\/\/yoast.com\/product\/yoast-seo-wordpress\/ -->\n<title>111 MELEK SAYISI KOLYE - Astrolog Elvan<\/title>\n<meta name=\"robots\" content=\"index, follow, max-snippet:-1, max-image-preview:large, max-video-preview:-1\" \/>\n<link rel=\"canonical\" href=\"https:\/\/astrologelvan.com\/magaza\/urun\/111-melek-sayisi-kolye\/\" \/>\n<meta property=\"og:locale\" content=\"tr_TR\" \/>\n<meta property=\"og:type\" content=\"article\" \/>\n<meta property=\"og:title\" content=\"111 MELEK SAYISI KOLYE - Astrolog Elvan\" \/>\n<meta property=\"og:description\" content=\"111 Melek Say\u0131s\u0131 Kolye  2026 ile birlikte 111 ne anlat\u0131r?  2026 \u2192 2+0+2+6 = 10 \u2192 1  Yani 2026 da 1 enerjisi ta\u015f\u0131r: yeni d\u00f6ng\u00fc, yeni sayfa.  111 \u2014 2026\u2019n\u0131n say\u0131s\u0131  Niyetini netle\u015ftir.  \u00c7\u00fcnk\u00fc bu y\u0131l, d\u00fc\u015f\u00fcnd\u00fc\u011f\u00fcn \u015feyler h\u0131zla ger\u00e7e\u011fe d\u00f6n\u00fc\u015f\u00fcyor.  Bu kolye; yeni bir sayfa a\u00e7mak, hedeflerini netle\u015ftirmek ve hayat\u0131nda bilin\u00e7li bir d\u00f6n\u00fc\u015f\u00fcm ba\u015flatmak isteyenler i\u00e7in tasarland\u0131. Her tak\u0131ld\u0131\u011f\u0131nda \u201c\u015fimdi ba\u015flama zaman\u0131\u201d hat\u0131rlatmas\u0131n\u0131 yapar.\" \/>\n<meta property=\"og:url\" content=\"https:\/\/astrologelvan.com\/magaza\/urun\/111-melek-sayisi-kolye\/\" \/>\n<meta property=\"og:site_name\" content=\"Astrolog Elvan\" \/>\n<meta property=\"article:modified_time\" content=\"2026-01-30T14:04:37+00:00\" \/>\n<meta property=\"og:image\" content=\"https:\/\/astrologelvan.com\/magaza\/wp-content\/uploads\/2024\/02\/ChatGPT-Image-30-Oca-2026-12_54_52-1.png\" \/>\n\t<meta property=\"og:image:width\" content=\"1020\" \/>\n\t<meta property=\"og:image:height\" content=\"1530\" \/>\n\t<meta property=\"og:image:type\" content=\"image\/png\" \/>\n<meta name=\"twitter:card\" content=\"summary_large_image\" \/>\n<meta name=\"twitter:label1\" content=\"Tahmini okuma s\u00fcresi\" \/>\n\t<meta name=\"twitter:data1\" content=\"1 dakika\" \/>\n<script type=\"application\/ld+json\" class=\"yoast-schema-graph\">{\"@context\":\"https:\\\/\\\/schema.org\",\"@graph\":[{\"@type\":[\"WebPage\",\"ItemPage\"],\"@id\":\"https:\\\/\\\/astrologelvan.com\\\/magaza\\\/urun\\\/111-melek-sayisi-kolye\\\/\",\"url\":\"https:\\\/\\\/astrologelvan.com\\\/magaza\\\/urun\\\/111-melek-sayisi-kolye\\\/\",\"name\":\"111 MELEK SAYISI KOLYE - Astrolog Elvan\",\"isPartOf\":{\"@id\":\"https:\\\/\\\/astrologelvan.com\\\/magaza\\\/#website\"},\"primaryImageOfPage\":{\"@id\":\"https:\\\/\\\/astrologelvan.com\\\/magaza\\\/urun\\\/111-melek-sayisi-kolye\\\/#primaryimage\"},\"image\":{\"@id\":\"https:\\\/\\\/astrologelvan.com\\\/magaza\\\/urun\\\/111-melek-sayisi-kolye\\\/#primaryimage\"},\"thumbnailUrl\":\"https:\\\/\\\/astrologelvan.com\\\/magaza\\\/wp-content\\\/uploads\\\/2024\\\/02\\\/ChatGPT-Image-30-Oca-2026-12_54_52-1.png\",\"datePublished\":\"2024-02-28T00:27:11+00:00\",\"dateModified\":\"2026-01-30T14:04:37+00:00\",\"breadcrumb\":{\"@id\":\"https:\\\/\\\/astrologelvan.com\\\/magaza\\\/urun\\\/111-melek-sayisi-kolye\\\/#breadcrumb\"},\"inLanguage\":\"tr\",\"potentialAction\":[{\"@type\":\"ReadAction\",\"target\":[\"https:\\\/\\\/astrologelvan.com\\\/magaza\\\/urun\\\/111-melek-sayisi-kolye\\\/\"]}]},{\"@type\":\"ImageObject\",\"inLanguage\":\"tr\",\"@id\":\"https:\\\/\\\/astrologelvan.com\\\/magaza\\\/urun\\\/111-melek-sayisi-kolye\\\/#primaryimage\",\"url\":\"https:\\\/\\\/astrologelvan.com\\\/magaza\\\/wp-content\\\/uploads\\\/2024\\\/02\\\/ChatGPT-Image-30-Oca-2026-12_54_52-1.png\",\"contentUrl\":\"https:\\\/\\\/astrologelvan.com\\\/magaza\\\/wp-content\\\/uploads\\\/2024\\\/02\\\/ChatGPT-Image-30-Oca-2026-12_54_52-1.png\",\"width\":1024,\"height\":1536},{\"@type\":\"BreadcrumbList\",\"@id\":\"https:\\\/\\\/astrologelvan.com\\\/magaza\\\/urun\\\/111-melek-sayisi-kolye\\\/#breadcrumb\",\"itemListElement\":[{\"@type\":\"ListItem\",\"position\":1,\"name\":\"Anasayfa\",\"item\":\"https:\\\/\\\/astrologelvan.com\\\/magaza\\\/\"},{\"@type\":\"ListItem\",\"position\":2,\"name\":\"Ma\u011faza\",\"item\":\"https:\\\/\\\/astrologelvan.com\\\/magaza\\\/magaza\\\/\"},{\"@type\":\"ListItem\",\"position\":3,\"name\":\"111 MELEK SAYISI KOLYE\"}]},{\"@type\":\"WebSite\",\"@id\":\"https:\\\/\\\/astrologelvan.com\\\/magaza\\\/#website\",\"url\":\"https:\\\/\\\/astrologelvan.com\\\/magaza\\\/\",\"name\":\"Astrolog Elvan\",\"description\":\"\",\"potentialAction\":[{\"@type\":\"SearchAction\",\"target\":{\"@type\":\"EntryPoint\",\"urlTemplate\":\"https:\\\/\\\/astrologelvan.com\\\/magaza\\\/?s={search_term_string}\"},\"query-input\":{\"@type\":\"PropertyValueSpecification\",\"valueRequired\":true,\"valueName\":\"search_term_string\"}}],\"inLanguage\":\"tr\"}]}<\/script>\n<!-- \/ Yoast SEO plugin. -->","yoast_head_json":{"title":"111 MELEK SAYISI KOLYE - Astrolog Elvan","robots":{"index":"index","follow":"follow","max-snippet":"max-snippet:-1","max-image-preview":"max-image-preview:large","max-video-preview":"max-video-preview:-1"},"canonical":"https:\/\/astrologelvan.com\/magaza\/urun\/111-melek-sayisi-kolye\/","og_locale":"tr_TR","og_type":"article","og_title":"111 MELEK SAYISI KOLYE - Astrolog Elvan","og_description":"111 Melek Say\u0131s\u0131 Kolye  2026 ile birlikte 111 ne anlat\u0131r?  2026 \u2192 2+0+2+6 = 10 \u2192 1  Yani 2026 da 1 enerjisi ta\u015f\u0131r: yeni d\u00f6ng\u00fc, yeni sayfa.  111 \u2014 2026\u2019n\u0131n say\u0131s\u0131  Niyetini netle\u015ftir.  \u00c7\u00fcnk\u00fc bu y\u0131l, d\u00fc\u015f\u00fcnd\u00fc\u011f\u00fcn \u015feyler h\u0131zla ger\u00e7e\u011fe d\u00f6n\u00fc\u015f\u00fcyor.  Bu kolye; yeni bir sayfa a\u00e7mak, hedeflerini netle\u015ftirmek ve hayat\u0131nda bilin\u00e7li bir d\u00f6n\u00fc\u015f\u00fcm ba\u015flatmak isteyenler i\u00e7in tasarland\u0131. Her tak\u0131ld\u0131\u011f\u0131nda \u201c\u015fimdi ba\u015flama zaman\u0131\u201d hat\u0131rlatmas\u0131n\u0131 yapar.","og_url":"https:\/\/astrologelvan.com\/magaza\/urun\/111-melek-sayisi-kolye\/","og_site_name":"Astrolog Elvan","article_modified_time":"2026-01-30T14:04:37+00:00","og_image":[{"url":"https:\/\/astrologelvan.com\/magaza\/wp-content\/uploads\/2024\/02\/ChatGPT-Image-30-Oca-2026-12_54_52-1.png","width":1020,"height":1530,"type":"image\/png"}],"twitter_card":"summary_large_image","twitter_misc":{"Tahmini okuma s\u00fcresi":"1 dakika"},"schema":{"@context":"https:\/\/schema.org","@graph":[{"@type":["WebPage","ItemPage"],"@id":"https:\/\/astrologelvan.com\/magaza\/urun\/111-melek-sayisi-kolye\/","url":"https:\/\/astrologelvan.com\/magaza\/urun\/111-melek-sayisi-kolye\/","name":"111 MELEK SAYISI KOLYE - Astrolog Elvan","isPartOf":{"@id":"https:\/\/astrologelvan.com\/magaza\/#website"},"primaryImageOfPage":{"@id":"https:\/\/astrologelvan.com\/magaza\/urun\/111-melek-sayisi-kolye\/#primaryimage"},"image":{"@id":"https:\/\/astrologelvan.com\/magaza\/urun\/111-melek-sayisi-kolye\/#primaryimage"},"thumbnailUrl":"https:\/\/astrologelvan.com\/magaza\/wp-content\/uploads\/2024\/02\/ChatGPT-Image-30-Oca-2026-12_54_52-1.png","datePublished":"2024-02-28T00:27:11+00:00","dateModified":"2026-01-30T14:04:37+00:00","breadcrumb":{"@id":"https:\/\/astrologelvan.com\/magaza\/urun\/111-melek-sayisi-kolye\/#breadcrumb"},"inLanguage":"tr","potentialAction":[{"@type":"ReadAction","target":["https:\/\/astrologelvan.com\/magaza\/urun\/111-melek-sayisi-kolye\/"]}]},{"@type":"ImageObject","inLanguage":"tr","@id":"https:\/\/astrologelvan.com\/magaza\/urun\/111-melek-sayisi-kolye\/#primaryimage","url":"https:\/\/astrologelvan.com\/magaza\/wp-content\/uploads\/2024\/02\/ChatGPT-Image-30-Oca-2026-12_54_52-1.png","contentUrl":"https:\/\/astrologelvan.com\/magaza\/wp-content\/uploads\/2024\/02\/ChatGPT-Image-30-Oca-2026-12_54_52-1.png","width":1024,"height":1536},{"@type":"BreadcrumbList","@id":"https:\/\/astrologelvan.com\/magaza\/urun\/111-melek-sayisi-kolye\/#breadcrumb","itemListElement":[{"@type":"ListItem","position":1,"name":"Anasayfa","item":"https:\/\/astrologelvan.com\/magaza\/"},{"@type":"ListItem","position":2,"name":"Ma\u011faza","item":"https:\/\/astrologelvan.com\/magaza\/magaza\/"},{"@type":"ListItem","position":3,"name":"111 MELEK SAYISI KOLYE"}]},{"@type":"WebSite","@id":"https:\/\/astrologelvan.com\/magaza\/#website","url":"https:\/\/astrologelvan.com\/magaza\/","name":"Astrolog Elvan","description":"","potentialAction":[{"@type":"SearchAction","target":{"@type":"EntryPoint","urlTemplate":"https:\/\/astrologelvan.com\/magaza\/?s={search_term_string}"},"query-input":{"@type":"PropertyValueSpecification","valueRequired":true,"valueName":"search_term_string"}}],"inLanguage":"tr"}]}},"_links":{"self":[{"href":"https:\/\/astrologelvan.com\/magaza\/wp-json\/wp\/v2\/product\/1255","targetHints":{"allow":["GET"]}}],"collection":[{"href":"https:\/\/astrologelvan.com\/magaza\/wp-json\/wp\/v2\/product"}],"about":[{"href":"https:\/\/astrologelvan.com\/magaza\/wp-json\/wp\/v2\/types\/product"}],"replies":[{"embeddable":true,"href":"https:\/\/astrologelvan.com\/magaza\/wp-json\/wp\/v2\/comments?post=1255"}],"wp:featuredmedia":[{"embeddable":true,"href":"https:\/\/astrologelvan.com\/magaza\/wp-json\/wp\/v2\/media\/151832"}],"wp:attachment":[{"href":"https:\/\/astrologelvan.com\/magaza\/wp-json\/wp\/v2\/media?parent=1255"}],"wp:term":[{"taxonomy":"product_brand","embeddable":true,"href":"https:\/\/astrologelvan.com\/magaza\/wp-json\/wp\/v2\/product_brand?post=1255"},{"taxonomy":"product_cat","embeddable":true,"href":"https:\/\/astrologelvan.com\/magaza\/wp-json\/wp\/v2\/product_cat?post=1255"},{"taxonomy":"product_tag","embeddable":true,"href":"https:\/\/astrologelvan.com\/magaza\/wp-json\/wp\/v2\/product_tag?post=1255"}],"curies":[{"name":"wp","href":"https:\/\/api.w.org\/{rel}","templated":true}]}}