{"id":1253,"date":"2024-02-28T03:27:11","date_gmt":"2024-02-28T00:27:11","guid":{"rendered":"https:\/\/astrologelvan.shop\/?post_type=product&#038;p=1253"},"modified":"2025-10-06T08:15:11","modified_gmt":"2025-10-06T05:15:11","slug":"eros-paketi","status":"publish","type":"product","link":"https:\/\/astrologelvan.com\/magaza\/urun\/eros-paketi\/","title":{"rendered":"EROS PAKET\u0130"},"content":{"rendered":"<p><strong>Eros Sevgili Paketi<\/strong><\/p>\n<p>Kubera Para Mantra Kolyesi 925 Ayar G\u00fcm\u00fc\u015f \u00dczeri Alt\u0131n Kaplama<\/p>\n<p>925 Ayar Kubera Para Mantra Kolyesi<\/p>\n<p>Baby Silindir Form Morganit Do\u011fal Ta\u015f Kolye<\/p>\n<p>Labradorit Do\u011fal Ta\u015f Kad\u0131n Bileklik<\/p>\n<p>Labradorit Do\u011fal Ta\u015f Erkek Bileklik<\/p>\n<p>\u00d6zel Hediye Kart\u0131<\/p>\n<p>&nbsp;<\/p>\n","protected":false},"excerpt":{"rendered":"<p>Eros Sevgili Paketi Kubera Para Mantra Kolyesi 925 Ayar G\u00fcm\u00fc\u015f \u00dczeri Alt\u0131n Kaplama 925 Ayar Kubera Para Mantra Kolyesi Baby Silindir Form Morganit Do\u011fal Ta\u015f Kolye Labradorit Do\u011fal Ta\u015f Kad\u0131n Bileklik Labradorit Do\u011fal Ta\u015f Erkek Bileklik \u00d6zel Hediye Kart\u0131 &nbsp;<\/p>\n","protected":false},"featured_media":1301,"comment_status":"open","ping_status":"closed","template":"","meta":[],"product_brand":[],"product_cat":[508,465,503],"product_tag":[],"class_list":{"0":"post-1253","1":"product","2":"type-product","3":"status-publish","4":"has-post-thumbnail","6":"product_cat-erkek-bileklikler","7":"product_cat-erkek-kolyeler","8":"product_cat-kubera","10":"first","11":"outofstock","12":"taxable","13":"shipping-taxable","14":"purchasable","15":"product-type-simple"},"yoast_head":"<!-- This site is optimized with the Yoast SEO plugin v27.2 - https:\/\/yoast.com\/product\/yoast-seo-wordpress\/ -->\n<title>EROS PAKET\u0130 - Astrolog Elvan<\/title>\n<meta name=\"robots\" content=\"index, follow, max-snippet:-1, max-image-preview:large, max-video-preview:-1\" \/>\n<link rel=\"canonical\" href=\"https:\/\/astrologelvan.com\/magaza\/urun\/eros-paketi\/\" \/>\n<meta property=\"og:locale\" content=\"tr_TR\" \/>\n<meta property=\"og:type\" content=\"article\" \/>\n<meta property=\"og:title\" content=\"EROS PAKET\u0130 - Astrolog Elvan\" \/>\n<meta property=\"og:description\" content=\"Eros Sevgili Paketi Kubera Para Mantra Kolyesi 925 Ayar G\u00fcm\u00fc\u015f \u00dczeri Alt\u0131n Kaplama 925 Ayar Kubera Para Mantra Kolyesi Baby Silindir Form Morganit Do\u011fal Ta\u015f Kolye Labradorit Do\u011fal Ta\u015f Kad\u0131n Bileklik Labradorit Do\u011fal Ta\u015f Erkek Bileklik \u00d6zel Hediye Kart\u0131 &nbsp;\" \/>\n<meta property=\"og:url\" content=\"https:\/\/astrologelvan.com\/magaza\/urun\/eros-paketi\/\" \/>\n<meta property=\"og:site_name\" content=\"Astrolog Elvan\" \/>\n<meta property=\"article:modified_time\" content=\"2025-10-06T05:15:11+00:00\" \/>\n<meta property=\"og:image\" content=\"https:\/\/astrologelvan.com\/magaza\/wp-content\/uploads\/2024\/02\/eros-paketi-1.jpeg\" \/>\n\t<meta property=\"og:image:width\" content=\"1600\" \/>\n\t<meta property=\"og:image:height\" content=\"1200\" \/>\n\t<meta property=\"og:image:type\" content=\"image\/jpeg\" \/>\n<meta name=\"twitter:card\" content=\"summary_large_image\" \/>\n<meta name=\"twitter:label1\" content=\"Tahmini okuma s\u00fcresi\" \/>\n\t<meta name=\"twitter:data1\" content=\"1 dakika\" \/>\n<script type=\"application\/ld+json\" class=\"yoast-schema-graph\">{\"@context\":\"https:\/\/schema.org\",\"@graph\":[{\"@type\":[\"WebPage\",\"ItemPage\"],\"@id\":\"https:\/\/astrologelvan.com\/magaza\/urun\/eros-paketi\/\",\"url\":\"https:\/\/astrologelvan.com\/magaza\/urun\/eros-paketi\/\",\"name\":\"EROS PAKET\u0130 - Astrolog Elvan\",\"isPartOf\":{\"@id\":\"https:\/\/astrologelvan.com\/magaza\/#website\"},\"primaryImageOfPage\":{\"@id\":\"https:\/\/astrologelvan.com\/magaza\/urun\/eros-paketi\/#primaryimage\"},\"image\":{\"@id\":\"https:\/\/astrologelvan.com\/magaza\/urun\/eros-paketi\/#primaryimage\"},\"thumbnailUrl\":\"https:\/\/astrologelvan.com\/magaza\/wp-content\/uploads\/2024\/02\/eros-paketi-1.jpeg\",\"datePublished\":\"2024-02-28T00:27:11+00:00\",\"dateModified\":\"2025-10-06T05:15:11+00:00\",\"breadcrumb\":{\"@id\":\"https:\/\/astrologelvan.com\/magaza\/urun\/eros-paketi\/#breadcrumb\"},\"inLanguage\":\"tr\",\"potentialAction\":[{\"@type\":\"ReadAction\",\"target\":[\"https:\/\/astrologelvan.com\/magaza\/urun\/eros-paketi\/\"]}]},{\"@type\":\"ImageObject\",\"inLanguage\":\"tr\",\"@id\":\"https:\/\/astrologelvan.com\/magaza\/urun\/eros-paketi\/#primaryimage\",\"url\":\"https:\/\/astrologelvan.com\/magaza\/wp-content\/uploads\/2024\/02\/eros-paketi-1.jpeg\",\"contentUrl\":\"https:\/\/astrologelvan.com\/magaza\/wp-content\/uploads\/2024\/02\/eros-paketi-1.jpeg\",\"width\":1600,\"height\":1200},{\"@type\":\"BreadcrumbList\",\"@id\":\"https:\/\/astrologelvan.com\/magaza\/urun\/eros-paketi\/#breadcrumb\",\"itemListElement\":[{\"@type\":\"ListItem\",\"position\":1,\"name\":\"Anasayfa\",\"item\":\"https:\/\/astrologelvan.com\/magaza\/\"},{\"@type\":\"ListItem\",\"position\":2,\"name\":\"Ma\u011faza\",\"item\":\"https:\/\/astrologelvan.com\/magaza\/magaza\/\"},{\"@type\":\"ListItem\",\"position\":3,\"name\":\"EROS PAKET\u0130\"}]},{\"@type\":\"WebSite\",\"@id\":\"https:\/\/astrologelvan.com\/magaza\/#website\",\"url\":\"https:\/\/astrologelvan.com\/magaza\/\",\"name\":\"Astrolog Elvan\",\"description\":\"\",\"potentialAction\":[{\"@type\":\"SearchAction\",\"target\":{\"@type\":\"EntryPoint\",\"urlTemplate\":\"https:\/\/astrologelvan.com\/magaza\/?s={search_term_string}\"},\"query-input\":{\"@type\":\"PropertyValueSpecification\",\"valueRequired\":true,\"valueName\":\"search_term_string\"}}],\"inLanguage\":\"tr\"}]}<\/script>\n<!-- \/ Yoast SEO plugin. -->","yoast_head_json":{"title":"EROS PAKET\u0130 - Astrolog Elvan","robots":{"index":"index","follow":"follow","max-snippet":"max-snippet:-1","max-image-preview":"max-image-preview:large","max-video-preview":"max-video-preview:-1"},"canonical":"https:\/\/astrologelvan.com\/magaza\/urun\/eros-paketi\/","og_locale":"tr_TR","og_type":"article","og_title":"EROS PAKET\u0130 - Astrolog Elvan","og_description":"Eros Sevgili Paketi Kubera Para Mantra Kolyesi 925 Ayar G\u00fcm\u00fc\u015f \u00dczeri Alt\u0131n Kaplama 925 Ayar Kubera Para Mantra Kolyesi Baby Silindir Form Morganit Do\u011fal Ta\u015f Kolye Labradorit Do\u011fal Ta\u015f Kad\u0131n Bileklik Labradorit Do\u011fal Ta\u015f Erkek Bileklik \u00d6zel Hediye Kart\u0131 &nbsp;","og_url":"https:\/\/astrologelvan.com\/magaza\/urun\/eros-paketi\/","og_site_name":"Astrolog Elvan","article_modified_time":"2025-10-06T05:15:11+00:00","og_image":[{"width":1600,"height":1200,"url":"https:\/\/astrologelvan.com\/magaza\/wp-content\/uploads\/2024\/02\/eros-paketi-1.jpeg","type":"image\/jpeg"}],"twitter_card":"summary_large_image","twitter_misc":{"Tahmini okuma s\u00fcresi":"1 dakika"},"schema":{"@context":"https:\/\/schema.org","@graph":[{"@type":["WebPage","ItemPage"],"@id":"https:\/\/astrologelvan.com\/magaza\/urun\/eros-paketi\/","url":"https:\/\/astrologelvan.com\/magaza\/urun\/eros-paketi\/","name":"EROS PAKET\u0130 - Astrolog Elvan","isPartOf":{"@id":"https:\/\/astrologelvan.com\/magaza\/#website"},"primaryImageOfPage":{"@id":"https:\/\/astrologelvan.com\/magaza\/urun\/eros-paketi\/#primaryimage"},"image":{"@id":"https:\/\/astrologelvan.com\/magaza\/urun\/eros-paketi\/#primaryimage"},"thumbnailUrl":"https:\/\/astrologelvan.com\/magaza\/wp-content\/uploads\/2024\/02\/eros-paketi-1.jpeg","datePublished":"2024-02-28T00:27:11+00:00","dateModified":"2025-10-06T05:15:11+00:00","breadcrumb":{"@id":"https:\/\/astrologelvan.com\/magaza\/urun\/eros-paketi\/#breadcrumb"},"inLanguage":"tr","potentialAction":[{"@type":"ReadAction","target":["https:\/\/astrologelvan.com\/magaza\/urun\/eros-paketi\/"]}]},{"@type":"ImageObject","inLanguage":"tr","@id":"https:\/\/astrologelvan.com\/magaza\/urun\/eros-paketi\/#primaryimage","url":"https:\/\/astrologelvan.com\/magaza\/wp-content\/uploads\/2024\/02\/eros-paketi-1.jpeg","contentUrl":"https:\/\/astrologelvan.com\/magaza\/wp-content\/uploads\/2024\/02\/eros-paketi-1.jpeg","width":1600,"height":1200},{"@type":"BreadcrumbList","@id":"https:\/\/astrologelvan.com\/magaza\/urun\/eros-paketi\/#breadcrumb","itemListElement":[{"@type":"ListItem","position":1,"name":"Anasayfa","item":"https:\/\/astrologelvan.com\/magaza\/"},{"@type":"ListItem","position":2,"name":"Ma\u011faza","item":"https:\/\/astrologelvan.com\/magaza\/magaza\/"},{"@type":"ListItem","position":3,"name":"EROS PAKET\u0130"}]},{"@type":"WebSite","@id":"https:\/\/astrologelvan.com\/magaza\/#website","url":"https:\/\/astrologelvan.com\/magaza\/","name":"Astrolog Elvan","description":"","potentialAction":[{"@type":"SearchAction","target":{"@type":"EntryPoint","urlTemplate":"https:\/\/astrologelvan.com\/magaza\/?s={search_term_string}"},"query-input":{"@type":"PropertyValueSpecification","valueRequired":true,"valueName":"search_term_string"}}],"inLanguage":"tr"}]}},"_links":{"self":[{"href":"https:\/\/astrologelvan.com\/magaza\/wp-json\/wp\/v2\/product\/1253","targetHints":{"allow":["GET"]}}],"collection":[{"href":"https:\/\/astrologelvan.com\/magaza\/wp-json\/wp\/v2\/product"}],"about":[{"href":"https:\/\/astrologelvan.com\/magaza\/wp-json\/wp\/v2\/types\/product"}],"replies":[{"embeddable":true,"href":"https:\/\/astrologelvan.com\/magaza\/wp-json\/wp\/v2\/comments?post=1253"}],"wp:featuredmedia":[{"embeddable":true,"href":"https:\/\/astrologelvan.com\/magaza\/wp-json\/wp\/v2\/media\/1301"}],"wp:attachment":[{"href":"https:\/\/astrologelvan.com\/magaza\/wp-json\/wp\/v2\/media?parent=1253"}],"wp:term":[{"taxonomy":"product_brand","embeddable":true,"href":"https:\/\/astrologelvan.com\/magaza\/wp-json\/wp\/v2\/product_brand?post=1253"},{"taxonomy":"product_cat","embeddable":true,"href":"https:\/\/astrologelvan.com\/magaza\/wp-json\/wp\/v2\/product_cat?post=1253"},{"taxonomy":"product_tag","embeddable":true,"href":"https:\/\/astrologelvan.com\/magaza\/wp-json\/wp\/v2\/product_tag?post=1253"}],"curies":[{"name":"wp","href":"https:\/\/api.w.org\/{rel}","templated":true}]}}