{"id":125,"date":"2024-02-28T02:05:02","date_gmt":"2024-02-27T23:05:02","guid":{"rendered":"https:\/\/astrologelvan.shop\/?post_type=product&#038;p=125"},"modified":"2026-03-19T14:37:48","modified_gmt":"2026-03-19T11:37:48","slug":"ask-ritueli-kiti","status":"publish","type":"product","link":"https:\/\/astrologelvan.com\/magaza\/urun\/ask-ritueli-kiti\/","title":{"rendered":"A\u015eK R\u0130T\u00dcEL\u0130 K\u0130T\u0130"},"content":{"rendered":"<h3>A\u015eK R\u0130T\u00dcEL\u0130 K\u0130T\u0130<\/h3>\n<p>&nbsp;<\/p>\n<p><iframe loading=\"lazy\" title=\"As\u0327k Ritu\u0308eli Kiti - Hayat\u0131n\u0131za A\u015fk\u0131 \u00c7ekin! A\u015fk Rit\u00fceli Nedir? Nas\u0131l Yap\u0131l\u0131r?\" width=\"1020\" height=\"574\" src=\"https:\/\/www.youtube.com\/embed\/QiJ6cRQoMZQ?feature=oembed\" frameborder=\"0\" allow=\"accelerometer; autoplay; clipboard-write; encrypted-media; gyroscope; picture-in-picture; web-share\" referrerpolicy=\"strict-origin-when-cross-origin\" allowfullscreen><\/iframe><\/p>\n<p>A\u015fk\u2026 Hangimizin hayat\u0131nda en \u00f6n saflarda de\u011fil ki? Bir olmak ve birlik olmak iken as\u0131l mesele ayn\u0131 zamanda tek olmak de\u011fil midir i\u015fin \u00f6z\u00fc? \u0130ki ayr\u0131 v\u00fccuttan bir b\u00fct\u00fcne ula\u015fmak, ayn\u0131 bardaktan i\u00e7ip farkl\u0131 tatlar almak, ayn\u0131 buluta bak\u0131p farkl\u0131 hayaller kurmak\u2026 Zaman tam olarak hayat\u0131n\u0131za sizi oldu\u011funuz haliyle kabul edebilecek ve ayr\u0131 bir b\u00fct\u00fcn olman\u0131za yard\u0131mc\u0131 olabilecek birini \u00e7ekme zaman\u0131. Bu kitle. A\u015fk kiti ile.<\/p>\n<p>Evrene ne verirseniz onu al\u0131rs\u0131n\u0131z. Evrenden ne isterseniz onu al\u0131rs\u0131n\u0131z. Evren sizi duyar ve dinler. Bu kit ile evrenle nas\u0131l ileti\u015fim kurabilece\u011finizi \u00f6\u011frenmenin zaman\u0131.<\/p>\n<p>\u0130ste\u011fini ger\u00e7ekle\u015ftirmen i\u00e7in senden ba\u015fka engel yok. Bu kit sana seni versin. Senin enerjini versin. \u0130stedi\u011fini versin. E haydi o zaman. <strong>A\u015eK<\/strong> <strong>OLSUN<\/strong>!<\/p>\n","protected":false},"excerpt":{"rendered":"<h3><strong>23 &#8211; 30 Mart Tarihleri aras\u0131nda yapabilirsiniz.<\/strong><\/h3>\n<h6 class=\"product_title entry-title\"><\/h6>\n<p class=\"product_title entry-title\"><span style=\"font-family: var(--rz-font-family-primary)\">Silindir Form Pembe Kuvars Kolye g\u00f6nderilmektedir.<\/span><\/p>\n<p class=\"product_title entry-title\"><span style=\"font-family: var(--rz-font-family-primary)\">Hayat\u0131n\u0131za diledi\u011finiz a\u015fk\u0131 \u00e7ekin!<\/span><\/p>\n<p><strong>Bu malzemelerin nas\u0131l kullanaca\u011f\u0131n\u0131z\u0131n ayr\u0131nt\u0131lar\u0131, kutunuzdan \u00e7\u0131kan kartta detayl\u0131 olarak anlat\u0131lm\u0131\u015ft\u0131r.<\/strong><\/p>\n<p>&nbsp;<\/p>\n","protected":false},"featured_media":10150,"comment_status":"closed","ping_status":"closed","template":"","meta":[],"product_brand":[],"product_cat":[34,35],"product_tag":[38,39,40,41,42],"class_list":{"0":"post-125","1":"product","2":"type-product","3":"status-publish","4":"has-post-thumbnail","6":"product_cat-pembe-kuvars","7":"product_cat-rituel-kitleri","8":"product_tag-ask-kiti","9":"product_tag-astrolog-elvan","10":"product_tag-dogal-tas","11":"product_tag-rituel-kiti","12":"product_tag-tutsu","14":"first","15":"instock","16":"taxable","17":"shipping-taxable","18":"purchasable","19":"product-type-simple"},"yoast_head":"<!-- This site is optimized with the Yoast SEO plugin v27.3 - https:\/\/yoast.com\/product\/yoast-seo-wordpress\/ -->\n<title>A\u015eK R\u0130T\u00dcEL\u0130 K\u0130T\u0130 - Astrolog Elvan<\/title>\n<meta name=\"description\" content=\"A\u015fk Rit\u00fceli Kiti ile hayat\u0131n\u0131za diledi\u011finiz a\u015fk\u0131 \u00e7ekin! Kutu i\u00e7erisinde size \u00f6zel olarak enerji y\u00fcklenmi\u015f pembe kuvarz ta\u015fl\u0131 kolye ve daha bir \u00e7ok \u015fey bulunuyor.\" \/>\n<meta name=\"robots\" content=\"index, follow, max-snippet:-1, max-image-preview:large, max-video-preview:-1\" \/>\n<link rel=\"canonical\" href=\"https:\/\/astrologelvan.com\/magaza\/urun\/ask-ritueli-kiti\/\" \/>\n<meta property=\"og:locale\" content=\"tr_TR\" \/>\n<meta property=\"og:type\" content=\"article\" \/>\n<meta property=\"og:title\" content=\"A\u015eK R\u0130T\u00dcEL\u0130 K\u0130T\u0130 - Astrolog Elvan\" \/>\n<meta property=\"og:description\" content=\"A\u015fk Rit\u00fceli Kiti ile hayat\u0131n\u0131za diledi\u011finiz a\u015fk\u0131 \u00e7ekin! Kutu i\u00e7erisinde size \u00f6zel olarak enerji y\u00fcklenmi\u015f pembe kuvarz ta\u015fl\u0131 kolye ve daha bir \u00e7ok \u015fey bulunuyor.\" \/>\n<meta property=\"og:url\" content=\"https:\/\/astrologelvan.com\/magaza\/urun\/ask-ritueli-kiti\/\" \/>\n<meta property=\"og:site_name\" content=\"Astrolog Elvan\" \/>\n<meta property=\"article:modified_time\" content=\"2026-03-19T11:37:48+00:00\" \/>\n<meta property=\"og:image\" content=\"https:\/\/astrologelvan.com\/magaza\/wp-content\/uploads\/2024\/02\/1-118-scaled.jpg\" \/>\n\t<meta property=\"og:image:width\" content=\"2560\" \/>\n\t<meta property=\"og:image:height\" content=\"2560\" \/>\n\t<meta property=\"og:image:type\" content=\"image\/jpeg\" \/>\n<meta name=\"twitter:card\" content=\"summary_large_image\" \/>\n<meta name=\"twitter:label1\" content=\"Tahmini okuma s\u00fcresi\" \/>\n\t<meta name=\"twitter:data1\" content=\"1 dakika\" \/>\n<script type=\"application\/ld+json\" class=\"yoast-schema-graph\">{\"@context\":\"https:\\\/\\\/schema.org\",\"@graph\":[{\"@type\":[\"WebPage\",\"ItemPage\"],\"@id\":\"https:\\\/\\\/astrologelvan.com\\\/magaza\\\/urun\\\/ask-ritueli-kiti\\\/\",\"url\":\"https:\\\/\\\/astrologelvan.com\\\/magaza\\\/urun\\\/ask-ritueli-kiti\\\/\",\"name\":\"A\u015eK R\u0130T\u00dcEL\u0130 K\u0130T\u0130 - Astrolog Elvan\",\"isPartOf\":{\"@id\":\"https:\\\/\\\/astrologelvan.com\\\/magaza\\\/#website\"},\"primaryImageOfPage\":{\"@id\":\"https:\\\/\\\/astrologelvan.com\\\/magaza\\\/urun\\\/ask-ritueli-kiti\\\/#primaryimage\"},\"image\":{\"@id\":\"https:\\\/\\\/astrologelvan.com\\\/magaza\\\/urun\\\/ask-ritueli-kiti\\\/#primaryimage\"},\"thumbnailUrl\":\"https:\\\/\\\/astrologelvan.com\\\/magaza\\\/wp-content\\\/uploads\\\/2024\\\/02\\\/1-118-scaled.jpg\",\"datePublished\":\"2024-02-27T23:05:02+00:00\",\"dateModified\":\"2026-03-19T11:37:48+00:00\",\"description\":\"A\u015fk Rit\u00fceli Kiti ile hayat\u0131n\u0131za diledi\u011finiz a\u015fk\u0131 \u00e7ekin! Kutu i\u00e7erisinde size \u00f6zel olarak enerji y\u00fcklenmi\u015f pembe kuvarz ta\u015fl\u0131 kolye ve daha bir \u00e7ok \u015fey bulunuyor.\",\"breadcrumb\":{\"@id\":\"https:\\\/\\\/astrologelvan.com\\\/magaza\\\/urun\\\/ask-ritueli-kiti\\\/#breadcrumb\"},\"inLanguage\":\"tr\",\"potentialAction\":[{\"@type\":\"ReadAction\",\"target\":[\"https:\\\/\\\/astrologelvan.com\\\/magaza\\\/urun\\\/ask-ritueli-kiti\\\/\"]}]},{\"@type\":\"ImageObject\",\"inLanguage\":\"tr\",\"@id\":\"https:\\\/\\\/astrologelvan.com\\\/magaza\\\/urun\\\/ask-ritueli-kiti\\\/#primaryimage\",\"url\":\"https:\\\/\\\/astrologelvan.com\\\/magaza\\\/wp-content\\\/uploads\\\/2024\\\/02\\\/1-118-scaled.jpg\",\"contentUrl\":\"https:\\\/\\\/astrologelvan.com\\\/magaza\\\/wp-content\\\/uploads\\\/2024\\\/02\\\/1-118-scaled.jpg\",\"width\":2560,\"height\":2560},{\"@type\":\"BreadcrumbList\",\"@id\":\"https:\\\/\\\/astrologelvan.com\\\/magaza\\\/urun\\\/ask-ritueli-kiti\\\/#breadcrumb\",\"itemListElement\":[{\"@type\":\"ListItem\",\"position\":1,\"name\":\"Anasayfa\",\"item\":\"https:\\\/\\\/astrologelvan.com\\\/magaza\\\/\"},{\"@type\":\"ListItem\",\"position\":2,\"name\":\"Ma\u011faza\",\"item\":\"https:\\\/\\\/astrologelvan.com\\\/magaza\\\/magaza\\\/\"},{\"@type\":\"ListItem\",\"position\":3,\"name\":\"A\u015eK R\u0130T\u00dcEL\u0130 K\u0130T\u0130\"}]},{\"@type\":\"WebSite\",\"@id\":\"https:\\\/\\\/astrologelvan.com\\\/magaza\\\/#website\",\"url\":\"https:\\\/\\\/astrologelvan.com\\\/magaza\\\/\",\"name\":\"Astrolog Elvan\",\"description\":\"\",\"potentialAction\":[{\"@type\":\"SearchAction\",\"target\":{\"@type\":\"EntryPoint\",\"urlTemplate\":\"https:\\\/\\\/astrologelvan.com\\\/magaza\\\/?s={search_term_string}\"},\"query-input\":{\"@type\":\"PropertyValueSpecification\",\"valueRequired\":true,\"valueName\":\"search_term_string\"}}],\"inLanguage\":\"tr\"}]}<\/script>\n<!-- \/ Yoast SEO plugin. -->","yoast_head_json":{"title":"A\u015eK R\u0130T\u00dcEL\u0130 K\u0130T\u0130 - Astrolog Elvan","description":"A\u015fk Rit\u00fceli Kiti ile hayat\u0131n\u0131za diledi\u011finiz a\u015fk\u0131 \u00e7ekin! Kutu i\u00e7erisinde size \u00f6zel olarak enerji y\u00fcklenmi\u015f pembe kuvarz ta\u015fl\u0131 kolye ve daha bir \u00e7ok \u015fey bulunuyor.","robots":{"index":"index","follow":"follow","max-snippet":"max-snippet:-1","max-image-preview":"max-image-preview:large","max-video-preview":"max-video-preview:-1"},"canonical":"https:\/\/astrologelvan.com\/magaza\/urun\/ask-ritueli-kiti\/","og_locale":"tr_TR","og_type":"article","og_title":"A\u015eK R\u0130T\u00dcEL\u0130 K\u0130T\u0130 - Astrolog Elvan","og_description":"A\u015fk Rit\u00fceli Kiti ile hayat\u0131n\u0131za diledi\u011finiz a\u015fk\u0131 \u00e7ekin! Kutu i\u00e7erisinde size \u00f6zel olarak enerji y\u00fcklenmi\u015f pembe kuvarz ta\u015fl\u0131 kolye ve daha bir \u00e7ok \u015fey bulunuyor.","og_url":"https:\/\/astrologelvan.com\/magaza\/urun\/ask-ritueli-kiti\/","og_site_name":"Astrolog Elvan","article_modified_time":"2026-03-19T11:37:48+00:00","og_image":[{"width":2560,"height":2560,"url":"https:\/\/astrologelvan.com\/magaza\/wp-content\/uploads\/2024\/02\/1-118-scaled.jpg","type":"image\/jpeg"}],"twitter_card":"summary_large_image","twitter_misc":{"Tahmini okuma s\u00fcresi":"1 dakika"},"schema":{"@context":"https:\/\/schema.org","@graph":[{"@type":["WebPage","ItemPage"],"@id":"https:\/\/astrologelvan.com\/magaza\/urun\/ask-ritueli-kiti\/","url":"https:\/\/astrologelvan.com\/magaza\/urun\/ask-ritueli-kiti\/","name":"A\u015eK R\u0130T\u00dcEL\u0130 K\u0130T\u0130 - Astrolog Elvan","isPartOf":{"@id":"https:\/\/astrologelvan.com\/magaza\/#website"},"primaryImageOfPage":{"@id":"https:\/\/astrologelvan.com\/magaza\/urun\/ask-ritueli-kiti\/#primaryimage"},"image":{"@id":"https:\/\/astrologelvan.com\/magaza\/urun\/ask-ritueli-kiti\/#primaryimage"},"thumbnailUrl":"https:\/\/astrologelvan.com\/magaza\/wp-content\/uploads\/2024\/02\/1-118-scaled.jpg","datePublished":"2024-02-27T23:05:02+00:00","dateModified":"2026-03-19T11:37:48+00:00","description":"A\u015fk Rit\u00fceli Kiti ile hayat\u0131n\u0131za diledi\u011finiz a\u015fk\u0131 \u00e7ekin! Kutu i\u00e7erisinde size \u00f6zel olarak enerji y\u00fcklenmi\u015f pembe kuvarz ta\u015fl\u0131 kolye ve daha bir \u00e7ok \u015fey bulunuyor.","breadcrumb":{"@id":"https:\/\/astrologelvan.com\/magaza\/urun\/ask-ritueli-kiti\/#breadcrumb"},"inLanguage":"tr","potentialAction":[{"@type":"ReadAction","target":["https:\/\/astrologelvan.com\/magaza\/urun\/ask-ritueli-kiti\/"]}]},{"@type":"ImageObject","inLanguage":"tr","@id":"https:\/\/astrologelvan.com\/magaza\/urun\/ask-ritueli-kiti\/#primaryimage","url":"https:\/\/astrologelvan.com\/magaza\/wp-content\/uploads\/2024\/02\/1-118-scaled.jpg","contentUrl":"https:\/\/astrologelvan.com\/magaza\/wp-content\/uploads\/2024\/02\/1-118-scaled.jpg","width":2560,"height":2560},{"@type":"BreadcrumbList","@id":"https:\/\/astrologelvan.com\/magaza\/urun\/ask-ritueli-kiti\/#breadcrumb","itemListElement":[{"@type":"ListItem","position":1,"name":"Anasayfa","item":"https:\/\/astrologelvan.com\/magaza\/"},{"@type":"ListItem","position":2,"name":"Ma\u011faza","item":"https:\/\/astrologelvan.com\/magaza\/magaza\/"},{"@type":"ListItem","position":3,"name":"A\u015eK R\u0130T\u00dcEL\u0130 K\u0130T\u0130"}]},{"@type":"WebSite","@id":"https:\/\/astrologelvan.com\/magaza\/#website","url":"https:\/\/astrologelvan.com\/magaza\/","name":"Astrolog Elvan","description":"","potentialAction":[{"@type":"SearchAction","target":{"@type":"EntryPoint","urlTemplate":"https:\/\/astrologelvan.com\/magaza\/?s={search_term_string}"},"query-input":{"@type":"PropertyValueSpecification","valueRequired":true,"valueName":"search_term_string"}}],"inLanguage":"tr"}]}},"_links":{"self":[{"href":"https:\/\/astrologelvan.com\/magaza\/wp-json\/wp\/v2\/product\/125","targetHints":{"allow":["GET"]}}],"collection":[{"href":"https:\/\/astrologelvan.com\/magaza\/wp-json\/wp\/v2\/product"}],"about":[{"href":"https:\/\/astrologelvan.com\/magaza\/wp-json\/wp\/v2\/types\/product"}],"replies":[{"embeddable":true,"href":"https:\/\/astrologelvan.com\/magaza\/wp-json\/wp\/v2\/comments?post=125"}],"wp:featuredmedia":[{"embeddable":true,"href":"https:\/\/astrologelvan.com\/magaza\/wp-json\/wp\/v2\/media\/10150"}],"wp:attachment":[{"href":"https:\/\/astrologelvan.com\/magaza\/wp-json\/wp\/v2\/media?parent=125"}],"wp:term":[{"taxonomy":"product_brand","embeddable":true,"href":"https:\/\/astrologelvan.com\/magaza\/wp-json\/wp\/v2\/product_brand?post=125"},{"taxonomy":"product_cat","embeddable":true,"href":"https:\/\/astrologelvan.com\/magaza\/wp-json\/wp\/v2\/product_cat?post=125"},{"taxonomy":"product_tag","embeddable":true,"href":"https:\/\/astrologelvan.com\/magaza\/wp-json\/wp\/v2\/product_tag?post=125"}],"curies":[{"name":"wp","href":"https:\/\/api.w.org\/{rel}","templated":true}]}}