{"id":1246,"date":"2024-02-28T03:26:12","date_gmt":"2024-02-28T00:26:12","guid":{"rendered":"https:\/\/astrologelvan.shop\/?post_type=product&#038;p=1246"},"modified":"2025-10-06T08:15:11","modified_gmt":"2025-10-06T05:15:11","slug":"yesim-tasi-kolye","status":"publish","type":"product","link":"https:\/\/astrologelvan.com\/magaza\/urun\/yesim-tasi-kolye\/","title":{"rendered":"JADE YE\u015e\u0130M TA\u015eI KOLYE"},"content":{"rendered":"<p>&#8221; Ta\u015f\u0131n p\u00fcr\u00fczs\u00fczl\u00fc\u011f\u00fcnde, insan iyili\u011fi tan\u0131r; y\u00fcksek cilas\u0131nda bilgiyi ve e\u011fitimi yakalar; malzemenin g\u00fcc\u00fc ve sa\u011flaml\u0131\u011f\u0131nda, do\u011fruluk kabul edilir, nadirli\u011finde safl\u0131k g\u00f6zlenir: kararl\u0131\u011f\u0131nda dayan\u0131kl\u0131l\u0131k verir. &#8221;<\/p>\n<p>&nbsp;<\/p>\n<p>&nbsp;<\/p>\n<p><strong>\u00dcr\u00fcn \u00d6zellikleri:\u00a0<\/strong><\/p>\n<p>Kolye A\u011f\u0131rl\u0131\u011f\u0131: 27,2 Gram<\/p>\n<p>Kolye Uzunlu\u011fu: 45 CM<\/p>\n<p>925 Ayar G\u00fcm\u00fc\u015f \u00dczeri Alt\u0131n Kaplama Do\u011fal Ta\u015f Kolye<\/p>\n","protected":false},"excerpt":{"rendered":"<p>Ye\u015fim, e\u015fsiz g\u00f6r\u00fcn\u00fcm\u00fcyle ilgi \u00e7eken ve iyile\u015ftirici oldu\u011fu s\u00f6ylenen bir do\u011fal ta\u015ft\u0131r.<\/p>\n<p>Do\u011fada ye\u015fil tonlar\u0131nda bulunan bu kristal, hem v\u00fccut hem de cilt i\u00e7in do\u011fal bir \u015fifa kayna\u011f\u0131d\u0131r.<\/p>\n<p>Huzur mutluluk ve dinginlik verir.<\/p>\n<p>Zihni dinginle\u015ftirerek hem fiziksel hem de manevi anlamda yenilenme sa\u011flar.<\/p>\n<p>Denge, uyum ve sonsuzluk simgesi.<\/p>\n<p>&nbsp;<\/p>\n","protected":false},"featured_media":8333,"comment_status":"open","ping_status":"closed","template":"","meta":[],"product_brand":[],"product_cat":[26],"product_tag":[],"class_list":{"0":"post-1246","1":"product","2":"type-product","3":"status-publish","4":"has-post-thumbnail","6":"product_cat-genel","8":"first","9":"outofstock","10":"taxable","11":"shipping-taxable","12":"purchasable","13":"product-type-simple"},"yoast_head":"<!-- This site is optimized with the Yoast SEO plugin v27.3 - https:\/\/yoast.com\/product\/yoast-seo-wordpress\/ -->\n<title>JADE YE\u015e\u0130M TA\u015eI KOLYE - Astrolog Elvan<\/title>\n<meta name=\"robots\" content=\"index, follow, max-snippet:-1, max-image-preview:large, max-video-preview:-1\" \/>\n<link rel=\"canonical\" href=\"https:\/\/astrologelvan.com\/magaza\/urun\/yesim-tasi-kolye\/\" \/>\n<meta property=\"og:locale\" content=\"tr_TR\" \/>\n<meta property=\"og:type\" content=\"article\" \/>\n<meta property=\"og:title\" content=\"JADE YE\u015e\u0130M TA\u015eI KOLYE - Astrolog Elvan\" \/>\n<meta property=\"og:description\" content=\"Ye\u015fim, e\u015fsiz g\u00f6r\u00fcn\u00fcm\u00fcyle ilgi \u00e7eken ve iyile\u015ftirici oldu\u011fu s\u00f6ylenen bir do\u011fal ta\u015ft\u0131r.  Do\u011fada ye\u015fil tonlar\u0131nda bulunan bu kristal, hem v\u00fccut hem de cilt i\u00e7in do\u011fal bir \u015fifa kayna\u011f\u0131d\u0131r.  Huzur mutluluk ve dinginlik verir.  Zihni dinginle\u015ftirerek hem fiziksel hem de manevi anlamda yenilenme sa\u011flar.  Denge, uyum ve sonsuzluk simgesi.  &nbsp;\" \/>\n<meta property=\"og:url\" content=\"https:\/\/astrologelvan.com\/magaza\/urun\/yesim-tasi-kolye\/\" \/>\n<meta property=\"og:site_name\" content=\"Astrolog Elvan\" \/>\n<meta property=\"article:modified_time\" content=\"2025-10-06T05:15:11+00:00\" \/>\n<meta property=\"og:image\" content=\"https:\/\/astrologelvan.com\/magaza\/wp-content\/uploads\/2024\/02\/1-106-scaled.jpg\" \/>\n\t<meta property=\"og:image:width\" content=\"2560\" \/>\n\t<meta property=\"og:image:height\" content=\"2560\" \/>\n\t<meta property=\"og:image:type\" content=\"image\/jpeg\" \/>\n<meta name=\"twitter:card\" content=\"summary_large_image\" \/>\n<meta name=\"twitter:label1\" content=\"Tahmini okuma s\u00fcresi\" \/>\n\t<meta name=\"twitter:data1\" content=\"1 dakika\" \/>\n<script type=\"application\/ld+json\" class=\"yoast-schema-graph\">{\"@context\":\"https:\\\/\\\/schema.org\",\"@graph\":[{\"@type\":[\"WebPage\",\"ItemPage\"],\"@id\":\"https:\\\/\\\/astrologelvan.com\\\/magaza\\\/urun\\\/yesim-tasi-kolye\\\/\",\"url\":\"https:\\\/\\\/astrologelvan.com\\\/magaza\\\/urun\\\/yesim-tasi-kolye\\\/\",\"name\":\"JADE YE\u015e\u0130M TA\u015eI KOLYE - Astrolog Elvan\",\"isPartOf\":{\"@id\":\"https:\\\/\\\/astrologelvan.com\\\/magaza\\\/#website\"},\"primaryImageOfPage\":{\"@id\":\"https:\\\/\\\/astrologelvan.com\\\/magaza\\\/urun\\\/yesim-tasi-kolye\\\/#primaryimage\"},\"image\":{\"@id\":\"https:\\\/\\\/astrologelvan.com\\\/magaza\\\/urun\\\/yesim-tasi-kolye\\\/#primaryimage\"},\"thumbnailUrl\":\"https:\\\/\\\/astrologelvan.com\\\/magaza\\\/wp-content\\\/uploads\\\/2024\\\/02\\\/1-106-scaled.jpg\",\"datePublished\":\"2024-02-28T00:26:12+00:00\",\"dateModified\":\"2025-10-06T05:15:11+00:00\",\"breadcrumb\":{\"@id\":\"https:\\\/\\\/astrologelvan.com\\\/magaza\\\/urun\\\/yesim-tasi-kolye\\\/#breadcrumb\"},\"inLanguage\":\"tr\",\"potentialAction\":[{\"@type\":\"ReadAction\",\"target\":[\"https:\\\/\\\/astrologelvan.com\\\/magaza\\\/urun\\\/yesim-tasi-kolye\\\/\"]}]},{\"@type\":\"ImageObject\",\"inLanguage\":\"tr\",\"@id\":\"https:\\\/\\\/astrologelvan.com\\\/magaza\\\/urun\\\/yesim-tasi-kolye\\\/#primaryimage\",\"url\":\"https:\\\/\\\/astrologelvan.com\\\/magaza\\\/wp-content\\\/uploads\\\/2024\\\/02\\\/1-106-scaled.jpg\",\"contentUrl\":\"https:\\\/\\\/astrologelvan.com\\\/magaza\\\/wp-content\\\/uploads\\\/2024\\\/02\\\/1-106-scaled.jpg\",\"width\":2560,\"height\":2560},{\"@type\":\"BreadcrumbList\",\"@id\":\"https:\\\/\\\/astrologelvan.com\\\/magaza\\\/urun\\\/yesim-tasi-kolye\\\/#breadcrumb\",\"itemListElement\":[{\"@type\":\"ListItem\",\"position\":1,\"name\":\"Anasayfa\",\"item\":\"https:\\\/\\\/astrologelvan.com\\\/magaza\\\/\"},{\"@type\":\"ListItem\",\"position\":2,\"name\":\"Ma\u011faza\",\"item\":\"https:\\\/\\\/astrologelvan.com\\\/magaza\\\/magaza\\\/\"},{\"@type\":\"ListItem\",\"position\":3,\"name\":\"JADE YE\u015e\u0130M TA\u015eI KOLYE\"}]},{\"@type\":\"WebSite\",\"@id\":\"https:\\\/\\\/astrologelvan.com\\\/magaza\\\/#website\",\"url\":\"https:\\\/\\\/astrologelvan.com\\\/magaza\\\/\",\"name\":\"Astrolog Elvan\",\"description\":\"\",\"potentialAction\":[{\"@type\":\"SearchAction\",\"target\":{\"@type\":\"EntryPoint\",\"urlTemplate\":\"https:\\\/\\\/astrologelvan.com\\\/magaza\\\/?s={search_term_string}\"},\"query-input\":{\"@type\":\"PropertyValueSpecification\",\"valueRequired\":true,\"valueName\":\"search_term_string\"}}],\"inLanguage\":\"tr\"}]}<\/script>\n<!-- \/ Yoast SEO plugin. -->","yoast_head_json":{"title":"JADE YE\u015e\u0130M TA\u015eI KOLYE - Astrolog Elvan","robots":{"index":"index","follow":"follow","max-snippet":"max-snippet:-1","max-image-preview":"max-image-preview:large","max-video-preview":"max-video-preview:-1"},"canonical":"https:\/\/astrologelvan.com\/magaza\/urun\/yesim-tasi-kolye\/","og_locale":"tr_TR","og_type":"article","og_title":"JADE YE\u015e\u0130M TA\u015eI KOLYE - Astrolog Elvan","og_description":"Ye\u015fim, e\u015fsiz g\u00f6r\u00fcn\u00fcm\u00fcyle ilgi \u00e7eken ve iyile\u015ftirici oldu\u011fu s\u00f6ylenen bir do\u011fal ta\u015ft\u0131r.  Do\u011fada ye\u015fil tonlar\u0131nda bulunan bu kristal, hem v\u00fccut hem de cilt i\u00e7in do\u011fal bir \u015fifa kayna\u011f\u0131d\u0131r.  Huzur mutluluk ve dinginlik verir.  Zihni dinginle\u015ftirerek hem fiziksel hem de manevi anlamda yenilenme sa\u011flar.  Denge, uyum ve sonsuzluk simgesi.  &nbsp;","og_url":"https:\/\/astrologelvan.com\/magaza\/urun\/yesim-tasi-kolye\/","og_site_name":"Astrolog Elvan","article_modified_time":"2025-10-06T05:15:11+00:00","og_image":[{"width":2560,"height":2560,"url":"https:\/\/astrologelvan.com\/magaza\/wp-content\/uploads\/2024\/02\/1-106-scaled.jpg","type":"image\/jpeg"}],"twitter_card":"summary_large_image","twitter_misc":{"Tahmini okuma s\u00fcresi":"1 dakika"},"schema":{"@context":"https:\/\/schema.org","@graph":[{"@type":["WebPage","ItemPage"],"@id":"https:\/\/astrologelvan.com\/magaza\/urun\/yesim-tasi-kolye\/","url":"https:\/\/astrologelvan.com\/magaza\/urun\/yesim-tasi-kolye\/","name":"JADE YE\u015e\u0130M TA\u015eI KOLYE - Astrolog Elvan","isPartOf":{"@id":"https:\/\/astrologelvan.com\/magaza\/#website"},"primaryImageOfPage":{"@id":"https:\/\/astrologelvan.com\/magaza\/urun\/yesim-tasi-kolye\/#primaryimage"},"image":{"@id":"https:\/\/astrologelvan.com\/magaza\/urun\/yesim-tasi-kolye\/#primaryimage"},"thumbnailUrl":"https:\/\/astrologelvan.com\/magaza\/wp-content\/uploads\/2024\/02\/1-106-scaled.jpg","datePublished":"2024-02-28T00:26:12+00:00","dateModified":"2025-10-06T05:15:11+00:00","breadcrumb":{"@id":"https:\/\/astrologelvan.com\/magaza\/urun\/yesim-tasi-kolye\/#breadcrumb"},"inLanguage":"tr","potentialAction":[{"@type":"ReadAction","target":["https:\/\/astrologelvan.com\/magaza\/urun\/yesim-tasi-kolye\/"]}]},{"@type":"ImageObject","inLanguage":"tr","@id":"https:\/\/astrologelvan.com\/magaza\/urun\/yesim-tasi-kolye\/#primaryimage","url":"https:\/\/astrologelvan.com\/magaza\/wp-content\/uploads\/2024\/02\/1-106-scaled.jpg","contentUrl":"https:\/\/astrologelvan.com\/magaza\/wp-content\/uploads\/2024\/02\/1-106-scaled.jpg","width":2560,"height":2560},{"@type":"BreadcrumbList","@id":"https:\/\/astrologelvan.com\/magaza\/urun\/yesim-tasi-kolye\/#breadcrumb","itemListElement":[{"@type":"ListItem","position":1,"name":"Anasayfa","item":"https:\/\/astrologelvan.com\/magaza\/"},{"@type":"ListItem","position":2,"name":"Ma\u011faza","item":"https:\/\/astrologelvan.com\/magaza\/magaza\/"},{"@type":"ListItem","position":3,"name":"JADE YE\u015e\u0130M TA\u015eI KOLYE"}]},{"@type":"WebSite","@id":"https:\/\/astrologelvan.com\/magaza\/#website","url":"https:\/\/astrologelvan.com\/magaza\/","name":"Astrolog Elvan","description":"","potentialAction":[{"@type":"SearchAction","target":{"@type":"EntryPoint","urlTemplate":"https:\/\/astrologelvan.com\/magaza\/?s={search_term_string}"},"query-input":{"@type":"PropertyValueSpecification","valueRequired":true,"valueName":"search_term_string"}}],"inLanguage":"tr"}]}},"_links":{"self":[{"href":"https:\/\/astrologelvan.com\/magaza\/wp-json\/wp\/v2\/product\/1246","targetHints":{"allow":["GET"]}}],"collection":[{"href":"https:\/\/astrologelvan.com\/magaza\/wp-json\/wp\/v2\/product"}],"about":[{"href":"https:\/\/astrologelvan.com\/magaza\/wp-json\/wp\/v2\/types\/product"}],"replies":[{"embeddable":true,"href":"https:\/\/astrologelvan.com\/magaza\/wp-json\/wp\/v2\/comments?post=1246"}],"wp:featuredmedia":[{"embeddable":true,"href":"https:\/\/astrologelvan.com\/magaza\/wp-json\/wp\/v2\/media\/8333"}],"wp:attachment":[{"href":"https:\/\/astrologelvan.com\/magaza\/wp-json\/wp\/v2\/media?parent=1246"}],"wp:term":[{"taxonomy":"product_brand","embeddable":true,"href":"https:\/\/astrologelvan.com\/magaza\/wp-json\/wp\/v2\/product_brand?post=1246"},{"taxonomy":"product_cat","embeddable":true,"href":"https:\/\/astrologelvan.com\/magaza\/wp-json\/wp\/v2\/product_cat?post=1246"},{"taxonomy":"product_tag","embeddable":true,"href":"https:\/\/astrologelvan.com\/magaza\/wp-json\/wp\/v2\/product_tag?post=1246"}],"curies":[{"name":"wp","href":"https:\/\/api.w.org\/{rel}","templated":true}]}}