{"id":124423,"date":"2025-11-17T22:20:59","date_gmt":"2025-11-17T19:20:59","guid":{"rendered":"https:\/\/astrologelvan.com\/magaza\/?post_type=product&#038;p=124423"},"modified":"2026-01-27T16:12:36","modified_gmt":"2026-01-27T13:12:36","slug":"uyanis-ajandasi-2026-2-baski","status":"publish","type":"product","link":"https:\/\/astrologelvan.com\/magaza\/urun\/uyanis-ajandasi-2026-2-baski\/","title":{"rendered":"Uyan\u0131\u015f Ajandas\u0131 2026 \ud83c\udf1f 2. BASKI"},"content":{"rendered":"","protected":false},"excerpt":{"rendered":"<p><strong>Uyan\u0131\u015f Ajandas\u0131 2026 \u00d6n Sat\u0131\u015fta! \ud83d\ude0d<\/strong><\/p>\n<p>Bazen g\u00f6ky\u00fcz\u00fc \u00f6yle bir hizaya gelir ki, insan\u0131n i\u00e7indeki kap\u0131lar kendili\u011finden aralan\u0131r. <strong>2026<\/strong> tam da bu enerjiyi ta\u015f\u0131yor: \u201c<span style=\"color: #9134b0;\"><strong>Uyan, hat\u0131rla ve kendi yoluna d\u00f6n.<\/strong><\/span>\u201d \u0130\u015fte bu y\u00fczden bu y\u0131lki ajanday\u0131 sadece bir planlay\u0131c\u0131 olarak de\u011fil, fark\u0131ndal\u0131\u011f\u0131na e\u015flik edecek bir rehber olarak tasarlad\u0131k. Her sayfada seni biraz daha merkezine \u00e7ekecek niyetler ve y\u0131ld\u0131zlar\u0131n ritmine uygun k\u00fc\u00e7\u00fck hat\u0131rlatmalar var.<\/p>\n<p><strong>Bu ajanda, senden \u201cdaha iyi ol\u201d diye bir talepte bulunmuyor; \u00e7\u00fcnk\u00fc zaten i\u00e7indeki \u0131\u015f\u0131\u011f\u0131n uyanmaya haz\u0131r oldu\u011funu biliyoruz. Sana sadece o \u0131\u015f\u0131\u011fa alan a\u00e7man i\u00e7in yol g\u00f6steriyor. Sen yazd\u0131k\u00e7a, y\u0131ld\u0131zlar\u0131n mesajlar\u0131 daha da netle\u015fecek; att\u0131\u011f\u0131n her ad\u0131m daha anlaml\u0131 gelecek.<\/strong><\/p>\n<p><span style=\"color: #9134b0;\"><strong>7777<\/strong><\/span> tane \u00fcrettik. Bu say\u0131 bilerek se\u00e7ildi; d\u00f6n\u00fc\u015f\u00fcm, fark\u0131ndal\u0131k ve yeni ba\u015flang\u0131\u00e7lar\u0131n titre\u015fimini ta\u015f\u0131yor. Her birine ThetaHealing y\u00f6ntemiyle his y\u00fcklendi, kalbindeki uyan\u0131\u015f\u0131 destekleyen netlik, cesaret ve dinginlik enerjileriyle. Elini her sayfaya koydu\u011funda bu frekans\u0131 hissedeceksin; \u00e7\u00fcnk\u00fc bu ajanda sadece \u201cyaz\u0131lan\u201d de\u011fil, \u201cuyan\u0131lan\u201d bir yolculuk.<\/p>\n<p>Ve bu y\u0131l deneyimi g\u00fc\u00e7lendirmek i\u00e7in kapa\u011f\u0131 m\u0131knat\u0131sl\u0131 kapanan \u00f6zel bir tasar\u0131ma d\u00f6n\u00fc\u015ft\u00fcrd\u00fck. Her a\u00e7\u0131\u015f\u0131n\u0131z, bir rit\u00fcel; her kapay\u0131\u015f\u0131n\u0131z, bir niyet gibi\u2026 2026\u2019da kendi uyan\u0131\u015f\u0131na e\u015flik edecek bu ajanda \u015fimdi \u00f6n sat\u0131\u015fta.<\/p>\n<p><u><strong>Ajanda Teslim Tarihi: 1 Aral\u0131k itibariyle sipari\u015f s\u0131ralamalar\u0131na g\u00f6re kargolanmaya ba\u015flayacakt\u0131r. En erken 21 i\u015f g\u00fcn\u00fc i\u00e7erisinde teslim edilecektir.<\/strong><\/u><\/p>\n<p>3986497851<br \/>\n54121381948<\/p>\n","protected":false},"featured_media":131727,"comment_status":"open","ping_status":"closed","template":"","meta":[],"product_brand":[596],"product_cat":[388],"product_tag":[9545,9542,9544,9543],"class_list":{"0":"post-124423","1":"product","2":"type-product","3":"status-publish","4":"has-post-thumbnail","6":"product_brand-astrolog-elvan","7":"product_cat-astroloji-ajandasi","8":"product_tag-9545","9":"product_tag-ajanda","10":"product_tag-astroloji","11":"product_tag-uyanis","13":"first","14":"instock","15":"sale","16":"taxable","17":"shipping-taxable","18":"purchasable","19":"product-type-simple"},"yoast_head":"<!-- This site is optimized with the Yoast SEO plugin v27.3 - https:\/\/yoast.com\/product\/yoast-seo-wordpress\/ -->\n<title>Uyan\u0131\u015f Ajandas\u0131 2026 \ud83c\udf1f 2. BASKI - Astrolog Elvan<\/title>\n<meta name=\"robots\" content=\"index, follow, max-snippet:-1, max-image-preview:large, max-video-preview:-1\" \/>\n<link rel=\"canonical\" href=\"https:\/\/astrologelvan.com\/magaza\/urun\/uyanis-ajandasi-2026-2-baski\/\" \/>\n<meta property=\"og:locale\" content=\"tr_TR\" \/>\n<meta property=\"og:type\" content=\"article\" \/>\n<meta property=\"og:title\" content=\"Uyan\u0131\u015f Ajandas\u0131 2026 \ud83c\udf1f 2. BASKI - Astrolog Elvan\" \/>\n<meta property=\"og:description\" content=\"Uyan\u0131\u015f Ajandas\u0131 2026 \u00d6n Sat\u0131\u015fta! \ud83d\ude0d  Bazen g\u00f6ky\u00fcz\u00fc \u00f6yle bir hizaya gelir ki, insan\u0131n i\u00e7indeki kap\u0131lar kendili\u011finden aralan\u0131r. 2026 tam da bu enerjiyi ta\u015f\u0131yor: \u201cUyan, hat\u0131rla ve kendi yoluna d\u00f6n.\u201d \u0130\u015fte bu y\u00fczden bu y\u0131lki ajanday\u0131 sadece bir planlay\u0131c\u0131 olarak de\u011fil, fark\u0131ndal\u0131\u011f\u0131na e\u015flik edecek bir rehber olarak tasarlad\u0131k. Her sayfada seni biraz daha merkezine \u00e7ekecek niyetler ve y\u0131ld\u0131zlar\u0131n ritmine uygun k\u00fc\u00e7\u00fck hat\u0131rlatmalar var.  Bu ajanda, senden \u201cdaha iyi ol\u201d diye bir talepte bulunmuyor; \u00e7\u00fcnk\u00fc zaten i\u00e7indeki \u0131\u015f\u0131\u011f\u0131n uyanmaya haz\u0131r oldu\u011funu biliyoruz. Sana sadece o \u0131\u015f\u0131\u011fa alan a\u00e7man i\u00e7in yol g\u00f6steriyor. Sen yazd\u0131k\u00e7a, y\u0131ld\u0131zlar\u0131n mesajlar\u0131 daha da netle\u015fecek; att\u0131\u011f\u0131n her ad\u0131m daha anlaml\u0131 gelecek.  7777 tane \u00fcrettik. Bu say\u0131 bilerek se\u00e7ildi; d\u00f6n\u00fc\u015f\u00fcm, fark\u0131ndal\u0131k ve yeni ba\u015flang\u0131\u00e7lar\u0131n titre\u015fimini ta\u015f\u0131yor. Her birine ThetaHealing y\u00f6ntemiyle his y\u00fcklendi, kalbindeki uyan\u0131\u015f\u0131 destekleyen netlik, cesaret ve dinginlik enerjileriyle. Elini her sayfaya koydu\u011funda bu frekans\u0131 hissedeceksin; \u00e7\u00fcnk\u00fc bu ajanda sadece \u201cyaz\u0131lan\u201d de\u011fil, \u201cuyan\u0131lan\u201d bir yolculuk.  Ve bu y\u0131l deneyimi g\u00fc\u00e7lendirmek i\u00e7in kapa\u011f\u0131 m\u0131knat\u0131sl\u0131 kapanan \u00f6zel bir tasar\u0131ma d\u00f6n\u00fc\u015ft\u00fcrd\u00fck. Her a\u00e7\u0131\u015f\u0131n\u0131z, bir rit\u00fcel; her kapay\u0131\u015f\u0131n\u0131z, bir niyet gibi\u2026 2026\u2019da kendi uyan\u0131\u015f\u0131na e\u015flik edecek bu ajanda \u015fimdi \u00f6n sat\u0131\u015fta.  Ajanda Teslim Tarihi: 1 Aral\u0131k itibariyle sipari\u015f s\u0131ralamalar\u0131na g\u00f6re kargolanmaya ba\u015flayacakt\u0131r. En erken 21 i\u015f g\u00fcn\u00fc i\u00e7erisinde teslim edilecektir.  3986497851 54121381948\" \/>\n<meta property=\"og:url\" content=\"https:\/\/astrologelvan.com\/magaza\/urun\/uyanis-ajandasi-2026-2-baski\/\" \/>\n<meta property=\"og:site_name\" content=\"Astrolog Elvan\" \/>\n<meta property=\"article:modified_time\" content=\"2026-01-27T13:12:36+00:00\" \/>\n<meta property=\"og:image\" content=\"https:\/\/astrologelvan.com\/magaza\/wp-content\/uploads\/2025\/11\/2026ajanda-768x1024-1.webp\" \/>\n\t<meta property=\"og:image:width\" content=\"768\" \/>\n\t<meta property=\"og:image:height\" content=\"1024\" \/>\n\t<meta property=\"og:image:type\" content=\"image\/webp\" \/>\n<meta name=\"twitter:card\" content=\"summary_large_image\" \/>\n<meta name=\"twitter:label1\" content=\"Tahmini okuma s\u00fcresi\" \/>\n\t<meta name=\"twitter:data1\" content=\"1 dakika\" \/>\n<script type=\"application\/ld+json\" class=\"yoast-schema-graph\">{\"@context\":\"https:\\\/\\\/schema.org\",\"@graph\":[{\"@type\":[\"WebPage\",\"ItemPage\"],\"@id\":\"https:\\\/\\\/astrologelvan.com\\\/magaza\\\/urun\\\/uyanis-ajandasi-2026-2-baski\\\/\",\"url\":\"https:\\\/\\\/astrologelvan.com\\\/magaza\\\/urun\\\/uyanis-ajandasi-2026-2-baski\\\/\",\"name\":\"Uyan\u0131\u015f Ajandas\u0131 2026 \ud83c\udf1f 2. BASKI - Astrolog Elvan\",\"isPartOf\":{\"@id\":\"https:\\\/\\\/astrologelvan.com\\\/magaza\\\/#website\"},\"primaryImageOfPage\":{\"@id\":\"https:\\\/\\\/astrologelvan.com\\\/magaza\\\/urun\\\/uyanis-ajandasi-2026-2-baski\\\/#primaryimage\"},\"image\":{\"@id\":\"https:\\\/\\\/astrologelvan.com\\\/magaza\\\/urun\\\/uyanis-ajandasi-2026-2-baski\\\/#primaryimage\"},\"thumbnailUrl\":\"https:\\\/\\\/astrologelvan.com\\\/magaza\\\/wp-content\\\/uploads\\\/2025\\\/11\\\/2026ajanda-768x1024-1.webp\",\"datePublished\":\"2025-11-17T19:20:59+00:00\",\"dateModified\":\"2026-01-27T13:12:36+00:00\",\"breadcrumb\":{\"@id\":\"https:\\\/\\\/astrologelvan.com\\\/magaza\\\/urun\\\/uyanis-ajandasi-2026-2-baski\\\/#breadcrumb\"},\"inLanguage\":\"tr\",\"potentialAction\":[{\"@type\":\"ReadAction\",\"target\":[\"https:\\\/\\\/astrologelvan.com\\\/magaza\\\/urun\\\/uyanis-ajandasi-2026-2-baski\\\/\"]}]},{\"@type\":\"ImageObject\",\"inLanguage\":\"tr\",\"@id\":\"https:\\\/\\\/astrologelvan.com\\\/magaza\\\/urun\\\/uyanis-ajandasi-2026-2-baski\\\/#primaryimage\",\"url\":\"https:\\\/\\\/astrologelvan.com\\\/magaza\\\/wp-content\\\/uploads\\\/2025\\\/11\\\/2026ajanda-768x1024-1.webp\",\"contentUrl\":\"https:\\\/\\\/astrologelvan.com\\\/magaza\\\/wp-content\\\/uploads\\\/2025\\\/11\\\/2026ajanda-768x1024-1.webp\",\"width\":768,\"height\":1024},{\"@type\":\"BreadcrumbList\",\"@id\":\"https:\\\/\\\/astrologelvan.com\\\/magaza\\\/urun\\\/uyanis-ajandasi-2026-2-baski\\\/#breadcrumb\",\"itemListElement\":[{\"@type\":\"ListItem\",\"position\":1,\"name\":\"Anasayfa\",\"item\":\"https:\\\/\\\/astrologelvan.com\\\/magaza\\\/\"},{\"@type\":\"ListItem\",\"position\":2,\"name\":\"Ma\u011faza\",\"item\":\"https:\\\/\\\/astrologelvan.com\\\/magaza\\\/magaza\\\/\"},{\"@type\":\"ListItem\",\"position\":3,\"name\":\"Uyan\u0131\u015f Ajandas\u0131 2026 \ud83c\udf1f 2. BASKI\"}]},{\"@type\":\"WebSite\",\"@id\":\"https:\\\/\\\/astrologelvan.com\\\/magaza\\\/#website\",\"url\":\"https:\\\/\\\/astrologelvan.com\\\/magaza\\\/\",\"name\":\"Astrolog Elvan\",\"description\":\"\",\"potentialAction\":[{\"@type\":\"SearchAction\",\"target\":{\"@type\":\"EntryPoint\",\"urlTemplate\":\"https:\\\/\\\/astrologelvan.com\\\/magaza\\\/?s={search_term_string}\"},\"query-input\":{\"@type\":\"PropertyValueSpecification\",\"valueRequired\":true,\"valueName\":\"search_term_string\"}}],\"inLanguage\":\"tr\"}]}<\/script>\n<!-- \/ Yoast SEO plugin. -->","yoast_head_json":{"title":"Uyan\u0131\u015f Ajandas\u0131 2026 \ud83c\udf1f 2. BASKI - Astrolog Elvan","robots":{"index":"index","follow":"follow","max-snippet":"max-snippet:-1","max-image-preview":"max-image-preview:large","max-video-preview":"max-video-preview:-1"},"canonical":"https:\/\/astrologelvan.com\/magaza\/urun\/uyanis-ajandasi-2026-2-baski\/","og_locale":"tr_TR","og_type":"article","og_title":"Uyan\u0131\u015f Ajandas\u0131 2026 \ud83c\udf1f 2. BASKI - Astrolog Elvan","og_description":"Uyan\u0131\u015f Ajandas\u0131 2026 \u00d6n Sat\u0131\u015fta! \ud83d\ude0d  Bazen g\u00f6ky\u00fcz\u00fc \u00f6yle bir hizaya gelir ki, insan\u0131n i\u00e7indeki kap\u0131lar kendili\u011finden aralan\u0131r. 2026 tam da bu enerjiyi ta\u015f\u0131yor: \u201cUyan, hat\u0131rla ve kendi yoluna d\u00f6n.\u201d \u0130\u015fte bu y\u00fczden bu y\u0131lki ajanday\u0131 sadece bir planlay\u0131c\u0131 olarak de\u011fil, fark\u0131ndal\u0131\u011f\u0131na e\u015flik edecek bir rehber olarak tasarlad\u0131k. Her sayfada seni biraz daha merkezine \u00e7ekecek niyetler ve y\u0131ld\u0131zlar\u0131n ritmine uygun k\u00fc\u00e7\u00fck hat\u0131rlatmalar var.  Bu ajanda, senden \u201cdaha iyi ol\u201d diye bir talepte bulunmuyor; \u00e7\u00fcnk\u00fc zaten i\u00e7indeki \u0131\u015f\u0131\u011f\u0131n uyanmaya haz\u0131r oldu\u011funu biliyoruz. Sana sadece o \u0131\u015f\u0131\u011fa alan a\u00e7man i\u00e7in yol g\u00f6steriyor. Sen yazd\u0131k\u00e7a, y\u0131ld\u0131zlar\u0131n mesajlar\u0131 daha da netle\u015fecek; att\u0131\u011f\u0131n her ad\u0131m daha anlaml\u0131 gelecek.  7777 tane \u00fcrettik. Bu say\u0131 bilerek se\u00e7ildi; d\u00f6n\u00fc\u015f\u00fcm, fark\u0131ndal\u0131k ve yeni ba\u015flang\u0131\u00e7lar\u0131n titre\u015fimini ta\u015f\u0131yor. Her birine ThetaHealing y\u00f6ntemiyle his y\u00fcklendi, kalbindeki uyan\u0131\u015f\u0131 destekleyen netlik, cesaret ve dinginlik enerjileriyle. Elini her sayfaya koydu\u011funda bu frekans\u0131 hissedeceksin; \u00e7\u00fcnk\u00fc bu ajanda sadece \u201cyaz\u0131lan\u201d de\u011fil, \u201cuyan\u0131lan\u201d bir yolculuk.  Ve bu y\u0131l deneyimi g\u00fc\u00e7lendirmek i\u00e7in kapa\u011f\u0131 m\u0131knat\u0131sl\u0131 kapanan \u00f6zel bir tasar\u0131ma d\u00f6n\u00fc\u015ft\u00fcrd\u00fck. Her a\u00e7\u0131\u015f\u0131n\u0131z, bir rit\u00fcel; her kapay\u0131\u015f\u0131n\u0131z, bir niyet gibi\u2026 2026\u2019da kendi uyan\u0131\u015f\u0131na e\u015flik edecek bu ajanda \u015fimdi \u00f6n sat\u0131\u015fta.  Ajanda Teslim Tarihi: 1 Aral\u0131k itibariyle sipari\u015f s\u0131ralamalar\u0131na g\u00f6re kargolanmaya ba\u015flayacakt\u0131r. En erken 21 i\u015f g\u00fcn\u00fc i\u00e7erisinde teslim edilecektir.  3986497851 54121381948","og_url":"https:\/\/astrologelvan.com\/magaza\/urun\/uyanis-ajandasi-2026-2-baski\/","og_site_name":"Astrolog Elvan","article_modified_time":"2026-01-27T13:12:36+00:00","og_image":[{"width":768,"height":1024,"url":"https:\/\/astrologelvan.com\/magaza\/wp-content\/uploads\/2025\/11\/2026ajanda-768x1024-1.webp","type":"image\/webp"}],"twitter_card":"summary_large_image","twitter_misc":{"Tahmini okuma s\u00fcresi":"1 dakika"},"schema":{"@context":"https:\/\/schema.org","@graph":[{"@type":["WebPage","ItemPage"],"@id":"https:\/\/astrologelvan.com\/magaza\/urun\/uyanis-ajandasi-2026-2-baski\/","url":"https:\/\/astrologelvan.com\/magaza\/urun\/uyanis-ajandasi-2026-2-baski\/","name":"Uyan\u0131\u015f Ajandas\u0131 2026 \ud83c\udf1f 2. BASKI - Astrolog Elvan","isPartOf":{"@id":"https:\/\/astrologelvan.com\/magaza\/#website"},"primaryImageOfPage":{"@id":"https:\/\/astrologelvan.com\/magaza\/urun\/uyanis-ajandasi-2026-2-baski\/#primaryimage"},"image":{"@id":"https:\/\/astrologelvan.com\/magaza\/urun\/uyanis-ajandasi-2026-2-baski\/#primaryimage"},"thumbnailUrl":"https:\/\/astrologelvan.com\/magaza\/wp-content\/uploads\/2025\/11\/2026ajanda-768x1024-1.webp","datePublished":"2025-11-17T19:20:59+00:00","dateModified":"2026-01-27T13:12:36+00:00","breadcrumb":{"@id":"https:\/\/astrologelvan.com\/magaza\/urun\/uyanis-ajandasi-2026-2-baski\/#breadcrumb"},"inLanguage":"tr","potentialAction":[{"@type":"ReadAction","target":["https:\/\/astrologelvan.com\/magaza\/urun\/uyanis-ajandasi-2026-2-baski\/"]}]},{"@type":"ImageObject","inLanguage":"tr","@id":"https:\/\/astrologelvan.com\/magaza\/urun\/uyanis-ajandasi-2026-2-baski\/#primaryimage","url":"https:\/\/astrologelvan.com\/magaza\/wp-content\/uploads\/2025\/11\/2026ajanda-768x1024-1.webp","contentUrl":"https:\/\/astrologelvan.com\/magaza\/wp-content\/uploads\/2025\/11\/2026ajanda-768x1024-1.webp","width":768,"height":1024},{"@type":"BreadcrumbList","@id":"https:\/\/astrologelvan.com\/magaza\/urun\/uyanis-ajandasi-2026-2-baski\/#breadcrumb","itemListElement":[{"@type":"ListItem","position":1,"name":"Anasayfa","item":"https:\/\/astrologelvan.com\/magaza\/"},{"@type":"ListItem","position":2,"name":"Ma\u011faza","item":"https:\/\/astrologelvan.com\/magaza\/magaza\/"},{"@type":"ListItem","position":3,"name":"Uyan\u0131\u015f Ajandas\u0131 2026 \ud83c\udf1f 2. BASKI"}]},{"@type":"WebSite","@id":"https:\/\/astrologelvan.com\/magaza\/#website","url":"https:\/\/astrologelvan.com\/magaza\/","name":"Astrolog Elvan","description":"","potentialAction":[{"@type":"SearchAction","target":{"@type":"EntryPoint","urlTemplate":"https:\/\/astrologelvan.com\/magaza\/?s={search_term_string}"},"query-input":{"@type":"PropertyValueSpecification","valueRequired":true,"valueName":"search_term_string"}}],"inLanguage":"tr"}]}},"_links":{"self":[{"href":"https:\/\/astrologelvan.com\/magaza\/wp-json\/wp\/v2\/product\/124423","targetHints":{"allow":["GET"]}}],"collection":[{"href":"https:\/\/astrologelvan.com\/magaza\/wp-json\/wp\/v2\/product"}],"about":[{"href":"https:\/\/astrologelvan.com\/magaza\/wp-json\/wp\/v2\/types\/product"}],"replies":[{"embeddable":true,"href":"https:\/\/astrologelvan.com\/magaza\/wp-json\/wp\/v2\/comments?post=124423"}],"wp:featuredmedia":[{"embeddable":true,"href":"https:\/\/astrologelvan.com\/magaza\/wp-json\/wp\/v2\/media\/131727"}],"wp:attachment":[{"href":"https:\/\/astrologelvan.com\/magaza\/wp-json\/wp\/v2\/media?parent=124423"}],"wp:term":[{"taxonomy":"product_brand","embeddable":true,"href":"https:\/\/astrologelvan.com\/magaza\/wp-json\/wp\/v2\/product_brand?post=124423"},{"taxonomy":"product_cat","embeddable":true,"href":"https:\/\/astrologelvan.com\/magaza\/wp-json\/wp\/v2\/product_cat?post=124423"},{"taxonomy":"product_tag","embeddable":true,"href":"https:\/\/astrologelvan.com\/magaza\/wp-json\/wp\/v2\/product_tag?post=124423"}],"curies":[{"name":"wp","href":"https:\/\/api.w.org\/{rel}","templated":true}]}}