{"id":1244,"date":"2024-02-28T03:25:47","date_gmt":"2024-02-28T00:25:47","guid":{"rendered":"https:\/\/astrologelvan.shop\/?post_type=product&#038;p=1244"},"modified":"2026-04-01T11:54:39","modified_gmt":"2026-04-01T08:54:39","slug":"unicorn-tanzanit-kolye","status":"publish","type":"product","link":"https:\/\/astrologelvan.com\/magaza\/urun\/unicorn-tanzanit-kolye\/","title":{"rendered":"UN\u0130CORN TANZAN\u0130T KOLYE"},"content":{"rendered":"<p><strong>\u00dcr\u00fcn \u00d6zellikleri:\u00a0<\/strong><\/p>\n<p>Kolye A\u011f\u0131rl\u0131\u011f\u0131: 23,8 Gram<\/p>\n<p>Kolye Uzunlu\u011fu: 45 CM<\/p>\n<p>925 Ayar G\u00fcm\u00fc\u015f \u00dczeri Alt\u0131n Kaplama Do\u011fal Ta\u015f Kolye<\/p>\n","protected":false},"excerpt":{"rendered":"<p>Tanzanya da ortaya \u00e7\u0131kan Tanzanit ta\u015f\u0131 bu b\u00f6lgede \u00e7\u0131kar\u0131lan \u00e7ok de\u011ferli \u00f6zel ta\u015flardan biridir.<\/p>\n<p>Bo\u011faz, kalp ve 3. g\u00f6z \u00e7akras\u0131 \u00fczerinde etkili\u00a0 zihin ve kalbin enerjisini y\u00fckselmesinde yard\u0131mc\u0131 olmakta.<\/p>\n<p>Zihin ve kalp enerjisini art\u0131rd\u0131\u011f\u0131ndan s\u00f6z edilir. Stresi yok etti\u011fi savunulur. Sakinle\u015ftirici bir ta\u015ft\u0131r.<\/p>\n<p>Kullanana \u015fans ve k\u0131smet getirdi\u011fine de inan\u0131lmaktad\u0131r.<\/p>\n","protected":false},"featured_media":8331,"comment_status":"open","ping_status":"closed","template":"","meta":[],"product_brand":[],"product_cat":[26,432],"product_tag":[],"class_list":{"0":"post-1244","1":"product","2":"type-product","3":"status-publish","4":"has-post-thumbnail","6":"product_cat-genel","7":"product_cat-unicorn-serisi","9":"first","10":"instock","11":"taxable","12":"shipping-taxable","13":"purchasable","14":"product-type-simple"},"yoast_head":"<!-- This site is optimized with the Yoast SEO plugin v27.3 - https:\/\/yoast.com\/product\/yoast-seo-wordpress\/ -->\n<title>UN\u0130CORN TANZAN\u0130T KOLYE - Astrolog Elvan<\/title>\n<meta name=\"robots\" content=\"index, follow, max-snippet:-1, max-image-preview:large, max-video-preview:-1\" \/>\n<link rel=\"canonical\" href=\"https:\/\/astrologelvan.com\/magaza\/urun\/unicorn-tanzanit-kolye\/\" \/>\n<meta property=\"og:locale\" content=\"tr_TR\" \/>\n<meta property=\"og:type\" content=\"article\" \/>\n<meta property=\"og:title\" content=\"UN\u0130CORN TANZAN\u0130T KOLYE - Astrolog Elvan\" \/>\n<meta property=\"og:description\" content=\"Tanzanya da ortaya \u00e7\u0131kan Tanzanit ta\u015f\u0131 bu b\u00f6lgede \u00e7\u0131kar\u0131lan \u00e7ok de\u011ferli \u00f6zel ta\u015flardan biridir.  Bo\u011faz, kalp ve 3. g\u00f6z \u00e7akras\u0131 \u00fczerinde etkili\u00a0 zihin ve kalbin enerjisini y\u00fckselmesinde yard\u0131mc\u0131 olmakta.  Zihin ve kalp enerjisini art\u0131rd\u0131\u011f\u0131ndan s\u00f6z edilir. Stresi yok etti\u011fi savunulur. Sakinle\u015ftirici bir ta\u015ft\u0131r.  Kullanana \u015fans ve k\u0131smet getirdi\u011fine de inan\u0131lmaktad\u0131r.\" \/>\n<meta property=\"og:url\" content=\"https:\/\/astrologelvan.com\/magaza\/urun\/unicorn-tanzanit-kolye\/\" \/>\n<meta property=\"og:site_name\" content=\"Astrolog Elvan\" \/>\n<meta property=\"article:modified_time\" content=\"2026-04-01T08:54:39+00:00\" \/>\n<meta property=\"og:image\" content=\"https:\/\/astrologelvan.com\/magaza\/wp-content\/uploads\/2024\/02\/1-105-scaled.jpg\" \/>\n\t<meta property=\"og:image:width\" content=\"2560\" \/>\n\t<meta property=\"og:image:height\" content=\"2560\" \/>\n\t<meta property=\"og:image:type\" content=\"image\/jpeg\" \/>\n<meta name=\"twitter:card\" content=\"summary_large_image\" \/>\n<meta name=\"twitter:label1\" content=\"Tahmini okuma s\u00fcresi\" \/>\n\t<meta name=\"twitter:data1\" content=\"1 dakika\" \/>\n<script type=\"application\/ld+json\" class=\"yoast-schema-graph\">{\"@context\":\"https:\\\/\\\/schema.org\",\"@graph\":[{\"@type\":[\"WebPage\",\"ItemPage\"],\"@id\":\"https:\\\/\\\/astrologelvan.com\\\/magaza\\\/urun\\\/unicorn-tanzanit-kolye\\\/\",\"url\":\"https:\\\/\\\/astrologelvan.com\\\/magaza\\\/urun\\\/unicorn-tanzanit-kolye\\\/\",\"name\":\"UN\u0130CORN TANZAN\u0130T KOLYE - Astrolog Elvan\",\"isPartOf\":{\"@id\":\"https:\\\/\\\/astrologelvan.com\\\/magaza\\\/#website\"},\"primaryImageOfPage\":{\"@id\":\"https:\\\/\\\/astrologelvan.com\\\/magaza\\\/urun\\\/unicorn-tanzanit-kolye\\\/#primaryimage\"},\"image\":{\"@id\":\"https:\\\/\\\/astrologelvan.com\\\/magaza\\\/urun\\\/unicorn-tanzanit-kolye\\\/#primaryimage\"},\"thumbnailUrl\":\"https:\\\/\\\/astrologelvan.com\\\/magaza\\\/wp-content\\\/uploads\\\/2024\\\/02\\\/1-105-scaled.jpg\",\"datePublished\":\"2024-02-28T00:25:47+00:00\",\"dateModified\":\"2026-04-01T08:54:39+00:00\",\"breadcrumb\":{\"@id\":\"https:\\\/\\\/astrologelvan.com\\\/magaza\\\/urun\\\/unicorn-tanzanit-kolye\\\/#breadcrumb\"},\"inLanguage\":\"tr\",\"potentialAction\":[{\"@type\":\"ReadAction\",\"target\":[\"https:\\\/\\\/astrologelvan.com\\\/magaza\\\/urun\\\/unicorn-tanzanit-kolye\\\/\"]}]},{\"@type\":\"ImageObject\",\"inLanguage\":\"tr\",\"@id\":\"https:\\\/\\\/astrologelvan.com\\\/magaza\\\/urun\\\/unicorn-tanzanit-kolye\\\/#primaryimage\",\"url\":\"https:\\\/\\\/astrologelvan.com\\\/magaza\\\/wp-content\\\/uploads\\\/2024\\\/02\\\/1-105-scaled.jpg\",\"contentUrl\":\"https:\\\/\\\/astrologelvan.com\\\/magaza\\\/wp-content\\\/uploads\\\/2024\\\/02\\\/1-105-scaled.jpg\",\"width\":2560,\"height\":2560},{\"@type\":\"BreadcrumbList\",\"@id\":\"https:\\\/\\\/astrologelvan.com\\\/magaza\\\/urun\\\/unicorn-tanzanit-kolye\\\/#breadcrumb\",\"itemListElement\":[{\"@type\":\"ListItem\",\"position\":1,\"name\":\"Anasayfa\",\"item\":\"https:\\\/\\\/astrologelvan.com\\\/magaza\\\/\"},{\"@type\":\"ListItem\",\"position\":2,\"name\":\"Ma\u011faza\",\"item\":\"https:\\\/\\\/astrologelvan.com\\\/magaza\\\/magaza\\\/\"},{\"@type\":\"ListItem\",\"position\":3,\"name\":\"UN\u0130CORN TANZAN\u0130T KOLYE\"}]},{\"@type\":\"WebSite\",\"@id\":\"https:\\\/\\\/astrologelvan.com\\\/magaza\\\/#website\",\"url\":\"https:\\\/\\\/astrologelvan.com\\\/magaza\\\/\",\"name\":\"Astrolog Elvan\",\"description\":\"\",\"potentialAction\":[{\"@type\":\"SearchAction\",\"target\":{\"@type\":\"EntryPoint\",\"urlTemplate\":\"https:\\\/\\\/astrologelvan.com\\\/magaza\\\/?s={search_term_string}\"},\"query-input\":{\"@type\":\"PropertyValueSpecification\",\"valueRequired\":true,\"valueName\":\"search_term_string\"}}],\"inLanguage\":\"tr\"}]}<\/script>\n<!-- \/ Yoast SEO plugin. -->","yoast_head_json":{"title":"UN\u0130CORN TANZAN\u0130T KOLYE - Astrolog Elvan","robots":{"index":"index","follow":"follow","max-snippet":"max-snippet:-1","max-image-preview":"max-image-preview:large","max-video-preview":"max-video-preview:-1"},"canonical":"https:\/\/astrologelvan.com\/magaza\/urun\/unicorn-tanzanit-kolye\/","og_locale":"tr_TR","og_type":"article","og_title":"UN\u0130CORN TANZAN\u0130T KOLYE - Astrolog Elvan","og_description":"Tanzanya da ortaya \u00e7\u0131kan Tanzanit ta\u015f\u0131 bu b\u00f6lgede \u00e7\u0131kar\u0131lan \u00e7ok de\u011ferli \u00f6zel ta\u015flardan biridir.  Bo\u011faz, kalp ve 3. g\u00f6z \u00e7akras\u0131 \u00fczerinde etkili\u00a0 zihin ve kalbin enerjisini y\u00fckselmesinde yard\u0131mc\u0131 olmakta.  Zihin ve kalp enerjisini art\u0131rd\u0131\u011f\u0131ndan s\u00f6z edilir. Stresi yok etti\u011fi savunulur. Sakinle\u015ftirici bir ta\u015ft\u0131r.  Kullanana \u015fans ve k\u0131smet getirdi\u011fine de inan\u0131lmaktad\u0131r.","og_url":"https:\/\/astrologelvan.com\/magaza\/urun\/unicorn-tanzanit-kolye\/","og_site_name":"Astrolog Elvan","article_modified_time":"2026-04-01T08:54:39+00:00","og_image":[{"width":2560,"height":2560,"url":"https:\/\/astrologelvan.com\/magaza\/wp-content\/uploads\/2024\/02\/1-105-scaled.jpg","type":"image\/jpeg"}],"twitter_card":"summary_large_image","twitter_misc":{"Tahmini okuma s\u00fcresi":"1 dakika"},"schema":{"@context":"https:\/\/schema.org","@graph":[{"@type":["WebPage","ItemPage"],"@id":"https:\/\/astrologelvan.com\/magaza\/urun\/unicorn-tanzanit-kolye\/","url":"https:\/\/astrologelvan.com\/magaza\/urun\/unicorn-tanzanit-kolye\/","name":"UN\u0130CORN TANZAN\u0130T KOLYE - Astrolog Elvan","isPartOf":{"@id":"https:\/\/astrologelvan.com\/magaza\/#website"},"primaryImageOfPage":{"@id":"https:\/\/astrologelvan.com\/magaza\/urun\/unicorn-tanzanit-kolye\/#primaryimage"},"image":{"@id":"https:\/\/astrologelvan.com\/magaza\/urun\/unicorn-tanzanit-kolye\/#primaryimage"},"thumbnailUrl":"https:\/\/astrologelvan.com\/magaza\/wp-content\/uploads\/2024\/02\/1-105-scaled.jpg","datePublished":"2024-02-28T00:25:47+00:00","dateModified":"2026-04-01T08:54:39+00:00","breadcrumb":{"@id":"https:\/\/astrologelvan.com\/magaza\/urun\/unicorn-tanzanit-kolye\/#breadcrumb"},"inLanguage":"tr","potentialAction":[{"@type":"ReadAction","target":["https:\/\/astrologelvan.com\/magaza\/urun\/unicorn-tanzanit-kolye\/"]}]},{"@type":"ImageObject","inLanguage":"tr","@id":"https:\/\/astrologelvan.com\/magaza\/urun\/unicorn-tanzanit-kolye\/#primaryimage","url":"https:\/\/astrologelvan.com\/magaza\/wp-content\/uploads\/2024\/02\/1-105-scaled.jpg","contentUrl":"https:\/\/astrologelvan.com\/magaza\/wp-content\/uploads\/2024\/02\/1-105-scaled.jpg","width":2560,"height":2560},{"@type":"BreadcrumbList","@id":"https:\/\/astrologelvan.com\/magaza\/urun\/unicorn-tanzanit-kolye\/#breadcrumb","itemListElement":[{"@type":"ListItem","position":1,"name":"Anasayfa","item":"https:\/\/astrologelvan.com\/magaza\/"},{"@type":"ListItem","position":2,"name":"Ma\u011faza","item":"https:\/\/astrologelvan.com\/magaza\/magaza\/"},{"@type":"ListItem","position":3,"name":"UN\u0130CORN TANZAN\u0130T KOLYE"}]},{"@type":"WebSite","@id":"https:\/\/astrologelvan.com\/magaza\/#website","url":"https:\/\/astrologelvan.com\/magaza\/","name":"Astrolog Elvan","description":"","potentialAction":[{"@type":"SearchAction","target":{"@type":"EntryPoint","urlTemplate":"https:\/\/astrologelvan.com\/magaza\/?s={search_term_string}"},"query-input":{"@type":"PropertyValueSpecification","valueRequired":true,"valueName":"search_term_string"}}],"inLanguage":"tr"}]}},"_links":{"self":[{"href":"https:\/\/astrologelvan.com\/magaza\/wp-json\/wp\/v2\/product\/1244","targetHints":{"allow":["GET"]}}],"collection":[{"href":"https:\/\/astrologelvan.com\/magaza\/wp-json\/wp\/v2\/product"}],"about":[{"href":"https:\/\/astrologelvan.com\/magaza\/wp-json\/wp\/v2\/types\/product"}],"replies":[{"embeddable":true,"href":"https:\/\/astrologelvan.com\/magaza\/wp-json\/wp\/v2\/comments?post=1244"}],"wp:featuredmedia":[{"embeddable":true,"href":"https:\/\/astrologelvan.com\/magaza\/wp-json\/wp\/v2\/media\/8331"}],"wp:attachment":[{"href":"https:\/\/astrologelvan.com\/magaza\/wp-json\/wp\/v2\/media?parent=1244"}],"wp:term":[{"taxonomy":"product_brand","embeddable":true,"href":"https:\/\/astrologelvan.com\/magaza\/wp-json\/wp\/v2\/product_brand?post=1244"},{"taxonomy":"product_cat","embeddable":true,"href":"https:\/\/astrologelvan.com\/magaza\/wp-json\/wp\/v2\/product_cat?post=1244"},{"taxonomy":"product_tag","embeddable":true,"href":"https:\/\/astrologelvan.com\/magaza\/wp-json\/wp\/v2\/product_tag?post=1244"}],"curies":[{"name":"wp","href":"https:\/\/api.w.org\/{rel}","templated":true}]}}