{"id":12216,"date":"2024-06-24T15:21:40","date_gmt":"2024-06-24T12:21:40","guid":{"rendered":"https:\/\/astrologelvan.com\/magaza\/?post_type=product&#038;p=12216"},"modified":"2026-02-27T00:53:30","modified_gmt":"2026-02-26T21:53:30","slug":"kehribar-erkek-bilekligi","status":"publish","type":"product","link":"https:\/\/astrologelvan.com\/magaza\/urun\/kehribar-erkek-bilekligi\/","title":{"rendered":"KEHR\u0130BAR KADIN &#038; ERKEK B\u0130LEKL\u0130\u011e\u0130"},"content":{"rendered":"<p><strong>\u00dcr\u00fcn \u00d6zellikleri:<\/strong><\/p>\n<p>Bilekli\u011fin A\u011f\u0131rl\u0131\u011f\u0131: 3,5 Gram<\/p>\n<p class=\"s7\"><span class=\"s3\"><span class=\"bumpedFont15\">Bilekli\u011fin ortalama uzunlu\u011fu: 20 cm<\/span><\/span><\/p>\n<p class=\"s7\"><span class=\"s3\"><span class=\"bumpedFont15\">Ta\u015flar\u0131n yakla\u015f\u0131k \u00f6l\u00e7\u00fcs\u00fc:\u00a0<\/span><\/span><span class=\"s3\"><span class=\"bumpedFont15\">8-10<\/span><\/span><span class=\"s3\"><span class=\"bumpedFont15\">\u00a0mm<\/span><\/span><\/p>\n<p>\u00d6zel Sertifikas\u0131 ile G\u00f6nderim Yap\u0131lmaktad\u0131r.<\/p>\n","protected":false},"excerpt":{"rendered":"<p>Balt\u0131k denizinin kenar\u0131ndan \u00e7\u0131kar\u0131lmaktad\u0131r. En g\u00fc\u00e7l\u00fc do\u011fal olu\u015fumlardan biridir. Enerji \u00e7al\u0131\u015fmalar\u0131nda \u00e7ok\u00e7a kullan\u0131l\u0131r ve t\u00fcm ta\u015flar i\u00e7erisinde en g\u00fc\u00e7l\u00fc koruyuculardan olarak bilinir. Negatif enerji kalkan\u0131, psi\u015fik sald\u0131r\u0131lara kar\u015f\u0131 kalkan g\u00f6revi g\u00f6r\u00fcr. E\u011fer herhangi bir psi\u015fik sald\u0131r\u0131 ata\u011f\u0131 ger\u00e7ekle\u015firse kehribar k\u0131r\u0131labilir, kopabilir. Bu \u015fekilde g\u00f6revini tamamlar.<\/p>\n<p>Kehribar, do\u011fada kendi kendine olu\u015fan bir ta\u015ft\u0131r. 50 milyon y\u0131l \u00f6nce; Pinus succinifera a\u011fa\u00e7lar\u0131n\u0131n salg\u0131lad\u0131\u011f\u0131 re\u00e7ineler zamanla kehribara d\u00f6n\u00fc\u015fm\u00fc\u015ft\u00fcr. \u0130\u00e7erisinde fosiller bulundu\u011fu i\u00e7in ve \u00e7ok uzun y\u0131llarda olu\u015ftu\u011fu i\u00e7in \u00e7ok k\u0131ymetlidir.<\/p>\n<p>A\u011fr\u0131lara iyi geldi\u011fi s\u00f6ylenir. Sinir sistemi \u00fczerine g\u00fc\u00e7lendirici etkisi oldu\u011fu s\u00f6ylenir.<\/p>\n<p>Eski zamanlarda insanlar bu ta\u015f\u0131 koruma muskas\u0131 olarak kullanm\u0131\u015flard\u0131r. K\u00f6t\u00fc ruhlardan ve enerjiden korudu\u011funa, yolculuklar\u0131nda yol g\u00f6sterici oldu\u011funa inan\u0131lm\u0131\u015ft\u0131r.<\/p>\n","protected":false},"featured_media":12217,"comment_status":"open","ping_status":"closed","template":"","meta":[],"product_brand":[],"product_cat":[348,347,26,349],"product_tag":[],"class_list":{"0":"post-12216","1":"product","2":"type-product","3":"status-publish","4":"has-post-thumbnail","6":"product_cat-bileklikler-erkekler-icin-dogal-taslar","7":"product_cat-erkekler-icin-dogal-taslar","8":"product_cat-genel","9":"product_cat-kehribar-taslari","11":"first","12":"instock","13":"taxable","14":"shipping-taxable","15":"purchasable","16":"product-type-simple"},"yoast_head":"<!-- This site is optimized with the Yoast SEO plugin v27.3 - https:\/\/yoast.com\/product\/yoast-seo-wordpress\/ -->\n<title>KEHR\u0130BAR KADIN &amp; ERKEK B\u0130LEKL\u0130\u011e\u0130 - Astrolog Elvan<\/title>\n<meta name=\"robots\" content=\"index, follow, max-snippet:-1, max-image-preview:large, max-video-preview:-1\" \/>\n<link rel=\"canonical\" href=\"https:\/\/astrologelvan.com\/magaza\/urun\/kehribar-erkek-bilekligi\/\" \/>\n<meta property=\"og:locale\" content=\"tr_TR\" \/>\n<meta property=\"og:type\" content=\"article\" \/>\n<meta property=\"og:title\" content=\"KEHR\u0130BAR KADIN &amp; ERKEK B\u0130LEKL\u0130\u011e\u0130 - Astrolog Elvan\" \/>\n<meta property=\"og:description\" content=\"Balt\u0131k denizinin kenar\u0131ndan \u00e7\u0131kar\u0131lmaktad\u0131r. En g\u00fc\u00e7l\u00fc do\u011fal olu\u015fumlardan biridir. Enerji \u00e7al\u0131\u015fmalar\u0131nda \u00e7ok\u00e7a kullan\u0131l\u0131r ve t\u00fcm ta\u015flar i\u00e7erisinde en g\u00fc\u00e7l\u00fc koruyuculardan olarak bilinir. Negatif enerji kalkan\u0131, psi\u015fik sald\u0131r\u0131lara kar\u015f\u0131 kalkan g\u00f6revi g\u00f6r\u00fcr. E\u011fer herhangi bir psi\u015fik sald\u0131r\u0131 ata\u011f\u0131 ger\u00e7ekle\u015firse kehribar k\u0131r\u0131labilir, kopabilir. Bu \u015fekilde g\u00f6revini tamamlar.  Kehribar, do\u011fada kendi kendine olu\u015fan bir ta\u015ft\u0131r. 50 milyon y\u0131l \u00f6nce; Pinus succinifera a\u011fa\u00e7lar\u0131n\u0131n salg\u0131lad\u0131\u011f\u0131 re\u00e7ineler zamanla kehribara d\u00f6n\u00fc\u015fm\u00fc\u015ft\u00fcr. \u0130\u00e7erisinde fosiller bulundu\u011fu i\u00e7in ve \u00e7ok uzun y\u0131llarda olu\u015ftu\u011fu i\u00e7in \u00e7ok k\u0131ymetlidir.  A\u011fr\u0131lara iyi geldi\u011fi s\u00f6ylenir. Sinir sistemi \u00fczerine g\u00fc\u00e7lendirici etkisi oldu\u011fu s\u00f6ylenir.  Eski zamanlarda insanlar bu ta\u015f\u0131 koruma muskas\u0131 olarak kullanm\u0131\u015flard\u0131r. K\u00f6t\u00fc ruhlardan ve enerjiden korudu\u011funa, yolculuklar\u0131nda yol g\u00f6sterici oldu\u011funa inan\u0131lm\u0131\u015ft\u0131r.\" \/>\n<meta property=\"og:url\" content=\"https:\/\/astrologelvan.com\/magaza\/urun\/kehribar-erkek-bilekligi\/\" \/>\n<meta property=\"og:site_name\" content=\"Astrolog Elvan\" \/>\n<meta property=\"article:modified_time\" content=\"2026-02-26T21:53:30+00:00\" \/>\n<meta property=\"og:image\" content=\"https:\/\/astrologelvan.com\/magaza\/wp-content\/uploads\/2024\/06\/1-scaled.jpg\" \/>\n\t<meta property=\"og:image:width\" content=\"2560\" \/>\n\t<meta property=\"og:image:height\" content=\"2560\" \/>\n\t<meta property=\"og:image:type\" content=\"image\/jpeg\" \/>\n<meta name=\"twitter:card\" content=\"summary_large_image\" \/>\n<meta name=\"twitter:label1\" content=\"Tahmini okuma s\u00fcresi\" \/>\n\t<meta name=\"twitter:data1\" content=\"1 dakika\" \/>\n<script type=\"application\/ld+json\" class=\"yoast-schema-graph\">{\"@context\":\"https:\\\/\\\/schema.org\",\"@graph\":[{\"@type\":[\"WebPage\",\"ItemPage\"],\"@id\":\"https:\\\/\\\/astrologelvan.com\\\/magaza\\\/urun\\\/kehribar-erkek-bilekligi\\\/\",\"url\":\"https:\\\/\\\/astrologelvan.com\\\/magaza\\\/urun\\\/kehribar-erkek-bilekligi\\\/\",\"name\":\"KEHR\u0130BAR KADIN & ERKEK B\u0130LEKL\u0130\u011e\u0130 - Astrolog Elvan\",\"isPartOf\":{\"@id\":\"https:\\\/\\\/astrologelvan.com\\\/magaza\\\/#website\"},\"primaryImageOfPage\":{\"@id\":\"https:\\\/\\\/astrologelvan.com\\\/magaza\\\/urun\\\/kehribar-erkek-bilekligi\\\/#primaryimage\"},\"image\":{\"@id\":\"https:\\\/\\\/astrologelvan.com\\\/magaza\\\/urun\\\/kehribar-erkek-bilekligi\\\/#primaryimage\"},\"thumbnailUrl\":\"https:\\\/\\\/astrologelvan.com\\\/magaza\\\/wp-content\\\/uploads\\\/2024\\\/06\\\/1-scaled.jpg\",\"datePublished\":\"2024-06-24T12:21:40+00:00\",\"dateModified\":\"2026-02-26T21:53:30+00:00\",\"breadcrumb\":{\"@id\":\"https:\\\/\\\/astrologelvan.com\\\/magaza\\\/urun\\\/kehribar-erkek-bilekligi\\\/#breadcrumb\"},\"inLanguage\":\"tr\",\"potentialAction\":[{\"@type\":\"ReadAction\",\"target\":[\"https:\\\/\\\/astrologelvan.com\\\/magaza\\\/urun\\\/kehribar-erkek-bilekligi\\\/\"]}]},{\"@type\":\"ImageObject\",\"inLanguage\":\"tr\",\"@id\":\"https:\\\/\\\/astrologelvan.com\\\/magaza\\\/urun\\\/kehribar-erkek-bilekligi\\\/#primaryimage\",\"url\":\"https:\\\/\\\/astrologelvan.com\\\/magaza\\\/wp-content\\\/uploads\\\/2024\\\/06\\\/1-scaled.jpg\",\"contentUrl\":\"https:\\\/\\\/astrologelvan.com\\\/magaza\\\/wp-content\\\/uploads\\\/2024\\\/06\\\/1-scaled.jpg\",\"width\":2560,\"height\":2560},{\"@type\":\"BreadcrumbList\",\"@id\":\"https:\\\/\\\/astrologelvan.com\\\/magaza\\\/urun\\\/kehribar-erkek-bilekligi\\\/#breadcrumb\",\"itemListElement\":[{\"@type\":\"ListItem\",\"position\":1,\"name\":\"Anasayfa\",\"item\":\"https:\\\/\\\/astrologelvan.com\\\/magaza\\\/\"},{\"@type\":\"ListItem\",\"position\":2,\"name\":\"Ma\u011faza\",\"item\":\"https:\\\/\\\/astrologelvan.com\\\/magaza\\\/magaza\\\/\"},{\"@type\":\"ListItem\",\"position\":3,\"name\":\"KEHR\u0130BAR KADIN &#038; ERKEK B\u0130LEKL\u0130\u011e\u0130\"}]},{\"@type\":\"WebSite\",\"@id\":\"https:\\\/\\\/astrologelvan.com\\\/magaza\\\/#website\",\"url\":\"https:\\\/\\\/astrologelvan.com\\\/magaza\\\/\",\"name\":\"Astrolog Elvan\",\"description\":\"\",\"potentialAction\":[{\"@type\":\"SearchAction\",\"target\":{\"@type\":\"EntryPoint\",\"urlTemplate\":\"https:\\\/\\\/astrologelvan.com\\\/magaza\\\/?s={search_term_string}\"},\"query-input\":{\"@type\":\"PropertyValueSpecification\",\"valueRequired\":true,\"valueName\":\"search_term_string\"}}],\"inLanguage\":\"tr\"}]}<\/script>\n<!-- \/ Yoast SEO plugin. -->","yoast_head_json":{"title":"KEHR\u0130BAR KADIN & ERKEK B\u0130LEKL\u0130\u011e\u0130 - Astrolog Elvan","robots":{"index":"index","follow":"follow","max-snippet":"max-snippet:-1","max-image-preview":"max-image-preview:large","max-video-preview":"max-video-preview:-1"},"canonical":"https:\/\/astrologelvan.com\/magaza\/urun\/kehribar-erkek-bilekligi\/","og_locale":"tr_TR","og_type":"article","og_title":"KEHR\u0130BAR KADIN & ERKEK B\u0130LEKL\u0130\u011e\u0130 - Astrolog Elvan","og_description":"Balt\u0131k denizinin kenar\u0131ndan \u00e7\u0131kar\u0131lmaktad\u0131r. En g\u00fc\u00e7l\u00fc do\u011fal olu\u015fumlardan biridir. Enerji \u00e7al\u0131\u015fmalar\u0131nda \u00e7ok\u00e7a kullan\u0131l\u0131r ve t\u00fcm ta\u015flar i\u00e7erisinde en g\u00fc\u00e7l\u00fc koruyuculardan olarak bilinir. Negatif enerji kalkan\u0131, psi\u015fik sald\u0131r\u0131lara kar\u015f\u0131 kalkan g\u00f6revi g\u00f6r\u00fcr. E\u011fer herhangi bir psi\u015fik sald\u0131r\u0131 ata\u011f\u0131 ger\u00e7ekle\u015firse kehribar k\u0131r\u0131labilir, kopabilir. Bu \u015fekilde g\u00f6revini tamamlar.  Kehribar, do\u011fada kendi kendine olu\u015fan bir ta\u015ft\u0131r. 50 milyon y\u0131l \u00f6nce; Pinus succinifera a\u011fa\u00e7lar\u0131n\u0131n salg\u0131lad\u0131\u011f\u0131 re\u00e7ineler zamanla kehribara d\u00f6n\u00fc\u015fm\u00fc\u015ft\u00fcr. \u0130\u00e7erisinde fosiller bulundu\u011fu i\u00e7in ve \u00e7ok uzun y\u0131llarda olu\u015ftu\u011fu i\u00e7in \u00e7ok k\u0131ymetlidir.  A\u011fr\u0131lara iyi geldi\u011fi s\u00f6ylenir. Sinir sistemi \u00fczerine g\u00fc\u00e7lendirici etkisi oldu\u011fu s\u00f6ylenir.  Eski zamanlarda insanlar bu ta\u015f\u0131 koruma muskas\u0131 olarak kullanm\u0131\u015flard\u0131r. K\u00f6t\u00fc ruhlardan ve enerjiden korudu\u011funa, yolculuklar\u0131nda yol g\u00f6sterici oldu\u011funa inan\u0131lm\u0131\u015ft\u0131r.","og_url":"https:\/\/astrologelvan.com\/magaza\/urun\/kehribar-erkek-bilekligi\/","og_site_name":"Astrolog Elvan","article_modified_time":"2026-02-26T21:53:30+00:00","og_image":[{"width":2560,"height":2560,"url":"https:\/\/astrologelvan.com\/magaza\/wp-content\/uploads\/2024\/06\/1-scaled.jpg","type":"image\/jpeg"}],"twitter_card":"summary_large_image","twitter_misc":{"Tahmini okuma s\u00fcresi":"1 dakika"},"schema":{"@context":"https:\/\/schema.org","@graph":[{"@type":["WebPage","ItemPage"],"@id":"https:\/\/astrologelvan.com\/magaza\/urun\/kehribar-erkek-bilekligi\/","url":"https:\/\/astrologelvan.com\/magaza\/urun\/kehribar-erkek-bilekligi\/","name":"KEHR\u0130BAR KADIN & ERKEK B\u0130LEKL\u0130\u011e\u0130 - Astrolog Elvan","isPartOf":{"@id":"https:\/\/astrologelvan.com\/magaza\/#website"},"primaryImageOfPage":{"@id":"https:\/\/astrologelvan.com\/magaza\/urun\/kehribar-erkek-bilekligi\/#primaryimage"},"image":{"@id":"https:\/\/astrologelvan.com\/magaza\/urun\/kehribar-erkek-bilekligi\/#primaryimage"},"thumbnailUrl":"https:\/\/astrologelvan.com\/magaza\/wp-content\/uploads\/2024\/06\/1-scaled.jpg","datePublished":"2024-06-24T12:21:40+00:00","dateModified":"2026-02-26T21:53:30+00:00","breadcrumb":{"@id":"https:\/\/astrologelvan.com\/magaza\/urun\/kehribar-erkek-bilekligi\/#breadcrumb"},"inLanguage":"tr","potentialAction":[{"@type":"ReadAction","target":["https:\/\/astrologelvan.com\/magaza\/urun\/kehribar-erkek-bilekligi\/"]}]},{"@type":"ImageObject","inLanguage":"tr","@id":"https:\/\/astrologelvan.com\/magaza\/urun\/kehribar-erkek-bilekligi\/#primaryimage","url":"https:\/\/astrologelvan.com\/magaza\/wp-content\/uploads\/2024\/06\/1-scaled.jpg","contentUrl":"https:\/\/astrologelvan.com\/magaza\/wp-content\/uploads\/2024\/06\/1-scaled.jpg","width":2560,"height":2560},{"@type":"BreadcrumbList","@id":"https:\/\/astrologelvan.com\/magaza\/urun\/kehribar-erkek-bilekligi\/#breadcrumb","itemListElement":[{"@type":"ListItem","position":1,"name":"Anasayfa","item":"https:\/\/astrologelvan.com\/magaza\/"},{"@type":"ListItem","position":2,"name":"Ma\u011faza","item":"https:\/\/astrologelvan.com\/magaza\/magaza\/"},{"@type":"ListItem","position":3,"name":"KEHR\u0130BAR KADIN &#038; ERKEK B\u0130LEKL\u0130\u011e\u0130"}]},{"@type":"WebSite","@id":"https:\/\/astrologelvan.com\/magaza\/#website","url":"https:\/\/astrologelvan.com\/magaza\/","name":"Astrolog Elvan","description":"","potentialAction":[{"@type":"SearchAction","target":{"@type":"EntryPoint","urlTemplate":"https:\/\/astrologelvan.com\/magaza\/?s={search_term_string}"},"query-input":{"@type":"PropertyValueSpecification","valueRequired":true,"valueName":"search_term_string"}}],"inLanguage":"tr"}]}},"_links":{"self":[{"href":"https:\/\/astrologelvan.com\/magaza\/wp-json\/wp\/v2\/product\/12216","targetHints":{"allow":["GET"]}}],"collection":[{"href":"https:\/\/astrologelvan.com\/magaza\/wp-json\/wp\/v2\/product"}],"about":[{"href":"https:\/\/astrologelvan.com\/magaza\/wp-json\/wp\/v2\/types\/product"}],"replies":[{"embeddable":true,"href":"https:\/\/astrologelvan.com\/magaza\/wp-json\/wp\/v2\/comments?post=12216"}],"wp:featuredmedia":[{"embeddable":true,"href":"https:\/\/astrologelvan.com\/magaza\/wp-json\/wp\/v2\/media\/12217"}],"wp:attachment":[{"href":"https:\/\/astrologelvan.com\/magaza\/wp-json\/wp\/v2\/media?parent=12216"}],"wp:term":[{"taxonomy":"product_brand","embeddable":true,"href":"https:\/\/astrologelvan.com\/magaza\/wp-json\/wp\/v2\/product_brand?post=12216"},{"taxonomy":"product_cat","embeddable":true,"href":"https:\/\/astrologelvan.com\/magaza\/wp-json\/wp\/v2\/product_cat?post=12216"},{"taxonomy":"product_tag","embeddable":true,"href":"https:\/\/astrologelvan.com\/magaza\/wp-json\/wp\/v2\/product_tag?post=12216"}],"curies":[{"name":"wp","href":"https:\/\/api.w.org\/{rel}","templated":true}]}}