{"id":1221,"date":"2024-02-28T03:24:32","date_gmt":"2024-02-28T00:24:32","guid":{"rendered":"https:\/\/astrologelvan.shop\/?post_type=product&#038;p=1221"},"modified":"2026-01-10T12:04:13","modified_gmt":"2026-01-10T09:04:13","slug":"florit-kolye","status":"publish","type":"product","link":"https:\/\/astrologelvan.com\/magaza\/urun\/florit-kolye\/","title":{"rendered":"FLOR\u0130T KOLYE"},"content":{"rendered":"<p>\u00dcr\u00fcn \u00d6zellikleri:<\/p>\n<p>Kolye A\u011f\u0131rl\u0131\u011f\u0131: 22 Gram<\/p>\n<p>Kolye Uzunlu\u011fu: 45 CM<\/p>\n<p>925 Ayar G\u00fcm\u00fc\u015f \u00dczeri Alt\u0131n Kaplama Do\u011fal Ta\u015f Kolye<\/p>\n<p>&nbsp;<\/p>\n","protected":false},"excerpt":{"rendered":"<p>Florit, mor ve eflatun tonlar\u0131, a\u00e7\u0131k ye\u015fil, sar\u0131, mavi, beyaz ve g\u00f6kku\u015fa\u011f\u0131 gibi \u00e7e\u015fitli renklerde gelir.\u00a0Ad\u0131, \u201cak\u0131\u015f\u201d anlam\u0131na gelen Latince \u201cfleure\u201d kelimesinden gelir ve bu da \u201cd\u0131\u015far\u0131 akmak\u201d veya \u201cs\u00fcrekli de\u011fi\u015fim\u201d anlam\u0131na gelir. Manevi ve duygusal bir bak\u0131\u015f a\u00e7\u0131s\u0131yla, florit bir dizi farkl\u0131 \u015fekilde yard\u0131mc\u0131 olabilir.\u00a0Florit, do\u011fal olarak n\u00f6tralize edici etkisinden dolay\u0131 eski, durgun enerjileri s\u00fcp\u00fcr\u00fcp atmaya ve zihin tazeli\u011fi ve netli\u011fi sa\u011flamaya yard\u0131mc\u0131 olabilir.\u00a0Endi\u015fe ve kayg\u0131lardan kurtulmak i\u00e7in m\u00fccadele eden bizler i\u00e7in florit ta\u015f\u0131 \u00e7ok faydal\u0131 olabilir.\u00a0G\u00fc\u00e7l\u00fc temizleyici enerjisi, netlik, huzur ve sa\u011fl\u0131kl\u0131 de\u011fi\u015fimin ger\u00e7ekle\u015febilmesi i\u00e7in eski d\u00fc\u015f\u00fcnce ve kal\u0131plar\u0131 temizler.<\/p>\n","protected":false},"featured_media":8341,"comment_status":"open","ping_status":"closed","template":"","meta":[],"product_brand":[],"product_cat":[26],"product_tag":[],"class_list":{"0":"post-1221","1":"product","2":"type-product","3":"status-publish","4":"has-post-thumbnail","6":"product_cat-genel","8":"first","9":"outofstock","10":"taxable","11":"shipping-taxable","12":"purchasable","13":"product-type-simple"},"yoast_head":"<!-- This site is optimized with the Yoast SEO plugin v27.3 - https:\/\/yoast.com\/product\/yoast-seo-wordpress\/ -->\n<title>FLOR\u0130T KOLYE - Astrolog Elvan<\/title>\n<meta name=\"robots\" content=\"index, follow, max-snippet:-1, max-image-preview:large, max-video-preview:-1\" \/>\n<link rel=\"canonical\" href=\"https:\/\/astrologelvan.com\/magaza\/urun\/florit-kolye\/\" \/>\n<meta property=\"og:locale\" content=\"tr_TR\" \/>\n<meta property=\"og:type\" content=\"article\" \/>\n<meta property=\"og:title\" content=\"FLOR\u0130T KOLYE - Astrolog Elvan\" \/>\n<meta property=\"og:description\" content=\"Florit, mor ve eflatun tonlar\u0131, a\u00e7\u0131k ye\u015fil, sar\u0131, mavi, beyaz ve g\u00f6kku\u015fa\u011f\u0131 gibi \u00e7e\u015fitli renklerde gelir.\u00a0Ad\u0131, \u201cak\u0131\u015f\u201d anlam\u0131na gelen Latince \u201cfleure\u201d kelimesinden gelir ve bu da \u201cd\u0131\u015far\u0131 akmak\u201d veya \u201cs\u00fcrekli de\u011fi\u015fim\u201d anlam\u0131na gelir. Manevi ve duygusal bir bak\u0131\u015f a\u00e7\u0131s\u0131yla, florit bir dizi farkl\u0131 \u015fekilde yard\u0131mc\u0131 olabilir.\u00a0Florit, do\u011fal olarak n\u00f6tralize edici etkisinden dolay\u0131 eski, durgun enerjileri s\u00fcp\u00fcr\u00fcp atmaya ve zihin tazeli\u011fi ve netli\u011fi sa\u011flamaya yard\u0131mc\u0131 olabilir.\u00a0Endi\u015fe ve kayg\u0131lardan kurtulmak i\u00e7in m\u00fccadele eden bizler i\u00e7in florit ta\u015f\u0131 \u00e7ok faydal\u0131 olabilir.\u00a0G\u00fc\u00e7l\u00fc temizleyici enerjisi, netlik, huzur ve sa\u011fl\u0131kl\u0131 de\u011fi\u015fimin ger\u00e7ekle\u015febilmesi i\u00e7in eski d\u00fc\u015f\u00fcnce ve kal\u0131plar\u0131 temizler.\" \/>\n<meta property=\"og:url\" content=\"https:\/\/astrologelvan.com\/magaza\/urun\/florit-kolye\/\" \/>\n<meta property=\"og:site_name\" content=\"Astrolog Elvan\" \/>\n<meta property=\"article:modified_time\" content=\"2026-01-10T09:04:13+00:00\" \/>\n<meta property=\"og:image\" content=\"https:\/\/astrologelvan.com\/magaza\/wp-content\/uploads\/2024\/02\/1-110-scaled.jpg\" \/>\n\t<meta property=\"og:image:width\" content=\"2560\" \/>\n\t<meta property=\"og:image:height\" content=\"2560\" \/>\n\t<meta property=\"og:image:type\" content=\"image\/jpeg\" \/>\n<meta name=\"twitter:card\" content=\"summary_large_image\" \/>\n<meta name=\"twitter:label1\" content=\"Tahmini okuma s\u00fcresi\" \/>\n\t<meta name=\"twitter:data1\" content=\"1 dakika\" \/>\n<script type=\"application\/ld+json\" class=\"yoast-schema-graph\">{\"@context\":\"https:\\\/\\\/schema.org\",\"@graph\":[{\"@type\":[\"WebPage\",\"ItemPage\"],\"@id\":\"https:\\\/\\\/astrologelvan.com\\\/magaza\\\/urun\\\/florit-kolye\\\/\",\"url\":\"https:\\\/\\\/astrologelvan.com\\\/magaza\\\/urun\\\/florit-kolye\\\/\",\"name\":\"FLOR\u0130T KOLYE - Astrolog Elvan\",\"isPartOf\":{\"@id\":\"https:\\\/\\\/astrologelvan.com\\\/magaza\\\/#website\"},\"primaryImageOfPage\":{\"@id\":\"https:\\\/\\\/astrologelvan.com\\\/magaza\\\/urun\\\/florit-kolye\\\/#primaryimage\"},\"image\":{\"@id\":\"https:\\\/\\\/astrologelvan.com\\\/magaza\\\/urun\\\/florit-kolye\\\/#primaryimage\"},\"thumbnailUrl\":\"https:\\\/\\\/astrologelvan.com\\\/magaza\\\/wp-content\\\/uploads\\\/2024\\\/02\\\/1-110-scaled.jpg\",\"datePublished\":\"2024-02-28T00:24:32+00:00\",\"dateModified\":\"2026-01-10T09:04:13+00:00\",\"breadcrumb\":{\"@id\":\"https:\\\/\\\/astrologelvan.com\\\/magaza\\\/urun\\\/florit-kolye\\\/#breadcrumb\"},\"inLanguage\":\"tr\",\"potentialAction\":[{\"@type\":\"ReadAction\",\"target\":[\"https:\\\/\\\/astrologelvan.com\\\/magaza\\\/urun\\\/florit-kolye\\\/\"]}]},{\"@type\":\"ImageObject\",\"inLanguage\":\"tr\",\"@id\":\"https:\\\/\\\/astrologelvan.com\\\/magaza\\\/urun\\\/florit-kolye\\\/#primaryimage\",\"url\":\"https:\\\/\\\/astrologelvan.com\\\/magaza\\\/wp-content\\\/uploads\\\/2024\\\/02\\\/1-110-scaled.jpg\",\"contentUrl\":\"https:\\\/\\\/astrologelvan.com\\\/magaza\\\/wp-content\\\/uploads\\\/2024\\\/02\\\/1-110-scaled.jpg\",\"width\":2560,\"height\":2560},{\"@type\":\"BreadcrumbList\",\"@id\":\"https:\\\/\\\/astrologelvan.com\\\/magaza\\\/urun\\\/florit-kolye\\\/#breadcrumb\",\"itemListElement\":[{\"@type\":\"ListItem\",\"position\":1,\"name\":\"Anasayfa\",\"item\":\"https:\\\/\\\/astrologelvan.com\\\/magaza\\\/\"},{\"@type\":\"ListItem\",\"position\":2,\"name\":\"Ma\u011faza\",\"item\":\"https:\\\/\\\/astrologelvan.com\\\/magaza\\\/magaza\\\/\"},{\"@type\":\"ListItem\",\"position\":3,\"name\":\"FLOR\u0130T KOLYE\"}]},{\"@type\":\"WebSite\",\"@id\":\"https:\\\/\\\/astrologelvan.com\\\/magaza\\\/#website\",\"url\":\"https:\\\/\\\/astrologelvan.com\\\/magaza\\\/\",\"name\":\"Astrolog Elvan\",\"description\":\"\",\"potentialAction\":[{\"@type\":\"SearchAction\",\"target\":{\"@type\":\"EntryPoint\",\"urlTemplate\":\"https:\\\/\\\/astrologelvan.com\\\/magaza\\\/?s={search_term_string}\"},\"query-input\":{\"@type\":\"PropertyValueSpecification\",\"valueRequired\":true,\"valueName\":\"search_term_string\"}}],\"inLanguage\":\"tr\"}]}<\/script>\n<!-- \/ Yoast SEO plugin. -->","yoast_head_json":{"title":"FLOR\u0130T KOLYE - Astrolog Elvan","robots":{"index":"index","follow":"follow","max-snippet":"max-snippet:-1","max-image-preview":"max-image-preview:large","max-video-preview":"max-video-preview:-1"},"canonical":"https:\/\/astrologelvan.com\/magaza\/urun\/florit-kolye\/","og_locale":"tr_TR","og_type":"article","og_title":"FLOR\u0130T KOLYE - Astrolog Elvan","og_description":"Florit, mor ve eflatun tonlar\u0131, a\u00e7\u0131k ye\u015fil, sar\u0131, mavi, beyaz ve g\u00f6kku\u015fa\u011f\u0131 gibi \u00e7e\u015fitli renklerde gelir.\u00a0Ad\u0131, \u201cak\u0131\u015f\u201d anlam\u0131na gelen Latince \u201cfleure\u201d kelimesinden gelir ve bu da \u201cd\u0131\u015far\u0131 akmak\u201d veya \u201cs\u00fcrekli de\u011fi\u015fim\u201d anlam\u0131na gelir. Manevi ve duygusal bir bak\u0131\u015f a\u00e7\u0131s\u0131yla, florit bir dizi farkl\u0131 \u015fekilde yard\u0131mc\u0131 olabilir.\u00a0Florit, do\u011fal olarak n\u00f6tralize edici etkisinden dolay\u0131 eski, durgun enerjileri s\u00fcp\u00fcr\u00fcp atmaya ve zihin tazeli\u011fi ve netli\u011fi sa\u011flamaya yard\u0131mc\u0131 olabilir.\u00a0Endi\u015fe ve kayg\u0131lardan kurtulmak i\u00e7in m\u00fccadele eden bizler i\u00e7in florit ta\u015f\u0131 \u00e7ok faydal\u0131 olabilir.\u00a0G\u00fc\u00e7l\u00fc temizleyici enerjisi, netlik, huzur ve sa\u011fl\u0131kl\u0131 de\u011fi\u015fimin ger\u00e7ekle\u015febilmesi i\u00e7in eski d\u00fc\u015f\u00fcnce ve kal\u0131plar\u0131 temizler.","og_url":"https:\/\/astrologelvan.com\/magaza\/urun\/florit-kolye\/","og_site_name":"Astrolog Elvan","article_modified_time":"2026-01-10T09:04:13+00:00","og_image":[{"width":2560,"height":2560,"url":"https:\/\/astrologelvan.com\/magaza\/wp-content\/uploads\/2024\/02\/1-110-scaled.jpg","type":"image\/jpeg"}],"twitter_card":"summary_large_image","twitter_misc":{"Tahmini okuma s\u00fcresi":"1 dakika"},"schema":{"@context":"https:\/\/schema.org","@graph":[{"@type":["WebPage","ItemPage"],"@id":"https:\/\/astrologelvan.com\/magaza\/urun\/florit-kolye\/","url":"https:\/\/astrologelvan.com\/magaza\/urun\/florit-kolye\/","name":"FLOR\u0130T KOLYE - Astrolog Elvan","isPartOf":{"@id":"https:\/\/astrologelvan.com\/magaza\/#website"},"primaryImageOfPage":{"@id":"https:\/\/astrologelvan.com\/magaza\/urun\/florit-kolye\/#primaryimage"},"image":{"@id":"https:\/\/astrologelvan.com\/magaza\/urun\/florit-kolye\/#primaryimage"},"thumbnailUrl":"https:\/\/astrologelvan.com\/magaza\/wp-content\/uploads\/2024\/02\/1-110-scaled.jpg","datePublished":"2024-02-28T00:24:32+00:00","dateModified":"2026-01-10T09:04:13+00:00","breadcrumb":{"@id":"https:\/\/astrologelvan.com\/magaza\/urun\/florit-kolye\/#breadcrumb"},"inLanguage":"tr","potentialAction":[{"@type":"ReadAction","target":["https:\/\/astrologelvan.com\/magaza\/urun\/florit-kolye\/"]}]},{"@type":"ImageObject","inLanguage":"tr","@id":"https:\/\/astrologelvan.com\/magaza\/urun\/florit-kolye\/#primaryimage","url":"https:\/\/astrologelvan.com\/magaza\/wp-content\/uploads\/2024\/02\/1-110-scaled.jpg","contentUrl":"https:\/\/astrologelvan.com\/magaza\/wp-content\/uploads\/2024\/02\/1-110-scaled.jpg","width":2560,"height":2560},{"@type":"BreadcrumbList","@id":"https:\/\/astrologelvan.com\/magaza\/urun\/florit-kolye\/#breadcrumb","itemListElement":[{"@type":"ListItem","position":1,"name":"Anasayfa","item":"https:\/\/astrologelvan.com\/magaza\/"},{"@type":"ListItem","position":2,"name":"Ma\u011faza","item":"https:\/\/astrologelvan.com\/magaza\/magaza\/"},{"@type":"ListItem","position":3,"name":"FLOR\u0130T KOLYE"}]},{"@type":"WebSite","@id":"https:\/\/astrologelvan.com\/magaza\/#website","url":"https:\/\/astrologelvan.com\/magaza\/","name":"Astrolog Elvan","description":"","potentialAction":[{"@type":"SearchAction","target":{"@type":"EntryPoint","urlTemplate":"https:\/\/astrologelvan.com\/magaza\/?s={search_term_string}"},"query-input":{"@type":"PropertyValueSpecification","valueRequired":true,"valueName":"search_term_string"}}],"inLanguage":"tr"}]}},"_links":{"self":[{"href":"https:\/\/astrologelvan.com\/magaza\/wp-json\/wp\/v2\/product\/1221","targetHints":{"allow":["GET"]}}],"collection":[{"href":"https:\/\/astrologelvan.com\/magaza\/wp-json\/wp\/v2\/product"}],"about":[{"href":"https:\/\/astrologelvan.com\/magaza\/wp-json\/wp\/v2\/types\/product"}],"replies":[{"embeddable":true,"href":"https:\/\/astrologelvan.com\/magaza\/wp-json\/wp\/v2\/comments?post=1221"}],"wp:featuredmedia":[{"embeddable":true,"href":"https:\/\/astrologelvan.com\/magaza\/wp-json\/wp\/v2\/media\/8341"}],"wp:attachment":[{"href":"https:\/\/astrologelvan.com\/magaza\/wp-json\/wp\/v2\/media?parent=1221"}],"wp:term":[{"taxonomy":"product_brand","embeddable":true,"href":"https:\/\/astrologelvan.com\/magaza\/wp-json\/wp\/v2\/product_brand?post=1221"},{"taxonomy":"product_cat","embeddable":true,"href":"https:\/\/astrologelvan.com\/magaza\/wp-json\/wp\/v2\/product_cat?post=1221"},{"taxonomy":"product_tag","embeddable":true,"href":"https:\/\/astrologelvan.com\/magaza\/wp-json\/wp\/v2\/product_tag?post=1221"}],"curies":[{"name":"wp","href":"https:\/\/api.w.org\/{rel}","templated":true}]}}