{"id":1211,"date":"2024-02-28T03:23:52","date_gmt":"2024-02-28T00:23:52","guid":{"rendered":"https:\/\/astrologelvan.shop\/?post_type=product&#038;p=1211"},"modified":"2026-01-10T13:03:59","modified_gmt":"2026-01-10T10:03:59","slug":"akuamarin-kolye","status":"publish","type":"product","link":"https:\/\/astrologelvan.com\/magaza\/urun\/akuamarin-kolye\/","title":{"rendered":"AKUAMAR\u0130N KOLYE"},"content":{"rendered":"<p>\u00dcr\u00fcn \u00d6zellikleri:<\/p>\n<p>Kolye A\u011f\u0131rl\u0131\u011f\u0131: 16,1 Gram<\/p>\n<p>Kolye Uzunlu\u011fu: 45 CM<\/p>\n<p>925 Ayar G\u00fcm\u00fc\u015f \u00dczeri Alt\u0131n Kaplama Do\u011fal Ta\u015f Kolye<\/p>\n","protected":false},"excerpt":{"rendered":"<p>Akuamarin ta\u015flar\u0131 ismini deniz suyunu and\u0131rd\u0131\u011f\u0131, mavi ve ye\u015fil renkleri i\u00e7inde bar\u0131nd\u0131rd\u0131\u011f\u0131 i\u00e7in Latincede \u201cdenizin suyu\u201d anlam\u0131na gelen \u201cAqua Marinus\u201d isminden alm\u0131\u015ft\u0131r. Akuamarin ta\u015f\u0131 bar\u0131\u015f, cesaret ve dinginli\u011fi i\u00e7inde bar\u0131nd\u0131rarak size uyumlu bir atmosfer yarat\u0131r. A\u015fk\u0131 temsil etme \u00f6zelli\u011fi olan Akuamarin ta\u015flar\u0131n\u0131 yeni ba\u015flang\u0131\u00e7lar\u0131n\u0131zda kullan\u0131labilirsiniz. Olumlu ve sakinle\u015ftirici \u00f6zelli\u011fi bulunan Akuamarin ta\u015flar\u0131; meditasyon yaparken kullanabilir, enerji merkezinizi dengeleyerek daha iyi ileti\u015fim kurabilirsiniz.<\/p>\n","protected":false},"featured_media":8343,"comment_status":"open","ping_status":"closed","template":"","meta":[],"product_brand":[],"product_cat":[462,26,48],"product_tag":[],"class_list":{"0":"post-1211","1":"product","2":"type-product","3":"status-publish","4":"has-post-thumbnail","6":"product_cat-akuamarin-tasi","7":"product_cat-genel","8":"product_cat-kolyeler","10":"first","11":"outofstock","12":"taxable","13":"shipping-taxable","14":"purchasable","15":"product-type-simple"},"yoast_head":"<!-- This site is optimized with the Yoast SEO plugin v27.3 - https:\/\/yoast.com\/product\/yoast-seo-wordpress\/ -->\n<title>AKUAMAR\u0130N KOLYE - Astrolog Elvan<\/title>\n<meta name=\"robots\" content=\"index, follow, max-snippet:-1, max-image-preview:large, max-video-preview:-1\" \/>\n<link rel=\"canonical\" href=\"https:\/\/astrologelvan.com\/magaza\/urun\/akuamarin-kolye\/\" \/>\n<meta property=\"og:locale\" content=\"tr_TR\" \/>\n<meta property=\"og:type\" content=\"article\" \/>\n<meta property=\"og:title\" content=\"AKUAMAR\u0130N KOLYE - Astrolog Elvan\" \/>\n<meta property=\"og:description\" content=\"Akuamarin ta\u015flar\u0131 ismini deniz suyunu and\u0131rd\u0131\u011f\u0131, mavi ve ye\u015fil renkleri i\u00e7inde bar\u0131nd\u0131rd\u0131\u011f\u0131 i\u00e7in Latincede \u201cdenizin suyu\u201d anlam\u0131na gelen \u201cAqua Marinus\u201d isminden alm\u0131\u015ft\u0131r. Akuamarin ta\u015f\u0131 bar\u0131\u015f, cesaret ve dinginli\u011fi i\u00e7inde bar\u0131nd\u0131rarak size uyumlu bir atmosfer yarat\u0131r. A\u015fk\u0131 temsil etme \u00f6zelli\u011fi olan Akuamarin ta\u015flar\u0131n\u0131 yeni ba\u015flang\u0131\u00e7lar\u0131n\u0131zda kullan\u0131labilirsiniz. Olumlu ve sakinle\u015ftirici \u00f6zelli\u011fi bulunan Akuamarin ta\u015flar\u0131; meditasyon yaparken kullanabilir, enerji merkezinizi dengeleyerek daha iyi ileti\u015fim kurabilirsiniz.\" \/>\n<meta property=\"og:url\" content=\"https:\/\/astrologelvan.com\/magaza\/urun\/akuamarin-kolye\/\" \/>\n<meta property=\"og:site_name\" content=\"Astrolog Elvan\" \/>\n<meta property=\"article:modified_time\" content=\"2026-01-10T10:03:59+00:00\" \/>\n<meta property=\"og:image\" content=\"https:\/\/astrologelvan.com\/magaza\/wp-content\/uploads\/2024\/02\/1-111-scaled.jpg\" \/>\n\t<meta property=\"og:image:width\" content=\"2560\" \/>\n\t<meta property=\"og:image:height\" content=\"2560\" \/>\n\t<meta property=\"og:image:type\" content=\"image\/jpeg\" \/>\n<meta name=\"twitter:card\" content=\"summary_large_image\" \/>\n<meta name=\"twitter:label1\" content=\"Tahmini okuma s\u00fcresi\" \/>\n\t<meta name=\"twitter:data1\" content=\"1 dakika\" \/>\n<script type=\"application\/ld+json\" class=\"yoast-schema-graph\">{\"@context\":\"https:\\\/\\\/schema.org\",\"@graph\":[{\"@type\":[\"WebPage\",\"ItemPage\"],\"@id\":\"https:\\\/\\\/astrologelvan.com\\\/magaza\\\/urun\\\/akuamarin-kolye\\\/\",\"url\":\"https:\\\/\\\/astrologelvan.com\\\/magaza\\\/urun\\\/akuamarin-kolye\\\/\",\"name\":\"AKUAMAR\u0130N KOLYE - Astrolog Elvan\",\"isPartOf\":{\"@id\":\"https:\\\/\\\/astrologelvan.com\\\/magaza\\\/#website\"},\"primaryImageOfPage\":{\"@id\":\"https:\\\/\\\/astrologelvan.com\\\/magaza\\\/urun\\\/akuamarin-kolye\\\/#primaryimage\"},\"image\":{\"@id\":\"https:\\\/\\\/astrologelvan.com\\\/magaza\\\/urun\\\/akuamarin-kolye\\\/#primaryimage\"},\"thumbnailUrl\":\"https:\\\/\\\/astrologelvan.com\\\/magaza\\\/wp-content\\\/uploads\\\/2024\\\/02\\\/1-111-scaled.jpg\",\"datePublished\":\"2024-02-28T00:23:52+00:00\",\"dateModified\":\"2026-01-10T10:03:59+00:00\",\"breadcrumb\":{\"@id\":\"https:\\\/\\\/astrologelvan.com\\\/magaza\\\/urun\\\/akuamarin-kolye\\\/#breadcrumb\"},\"inLanguage\":\"tr\",\"potentialAction\":[{\"@type\":\"ReadAction\",\"target\":[\"https:\\\/\\\/astrologelvan.com\\\/magaza\\\/urun\\\/akuamarin-kolye\\\/\"]}]},{\"@type\":\"ImageObject\",\"inLanguage\":\"tr\",\"@id\":\"https:\\\/\\\/astrologelvan.com\\\/magaza\\\/urun\\\/akuamarin-kolye\\\/#primaryimage\",\"url\":\"https:\\\/\\\/astrologelvan.com\\\/magaza\\\/wp-content\\\/uploads\\\/2024\\\/02\\\/1-111-scaled.jpg\",\"contentUrl\":\"https:\\\/\\\/astrologelvan.com\\\/magaza\\\/wp-content\\\/uploads\\\/2024\\\/02\\\/1-111-scaled.jpg\",\"width\":2560,\"height\":2560},{\"@type\":\"BreadcrumbList\",\"@id\":\"https:\\\/\\\/astrologelvan.com\\\/magaza\\\/urun\\\/akuamarin-kolye\\\/#breadcrumb\",\"itemListElement\":[{\"@type\":\"ListItem\",\"position\":1,\"name\":\"Anasayfa\",\"item\":\"https:\\\/\\\/astrologelvan.com\\\/magaza\\\/\"},{\"@type\":\"ListItem\",\"position\":2,\"name\":\"Ma\u011faza\",\"item\":\"https:\\\/\\\/astrologelvan.com\\\/magaza\\\/magaza\\\/\"},{\"@type\":\"ListItem\",\"position\":3,\"name\":\"AKUAMAR\u0130N KOLYE\"}]},{\"@type\":\"WebSite\",\"@id\":\"https:\\\/\\\/astrologelvan.com\\\/magaza\\\/#website\",\"url\":\"https:\\\/\\\/astrologelvan.com\\\/magaza\\\/\",\"name\":\"Astrolog Elvan\",\"description\":\"\",\"potentialAction\":[{\"@type\":\"SearchAction\",\"target\":{\"@type\":\"EntryPoint\",\"urlTemplate\":\"https:\\\/\\\/astrologelvan.com\\\/magaza\\\/?s={search_term_string}\"},\"query-input\":{\"@type\":\"PropertyValueSpecification\",\"valueRequired\":true,\"valueName\":\"search_term_string\"}}],\"inLanguage\":\"tr\"}]}<\/script>\n<!-- \/ Yoast SEO plugin. -->","yoast_head_json":{"title":"AKUAMAR\u0130N KOLYE - Astrolog Elvan","robots":{"index":"index","follow":"follow","max-snippet":"max-snippet:-1","max-image-preview":"max-image-preview:large","max-video-preview":"max-video-preview:-1"},"canonical":"https:\/\/astrologelvan.com\/magaza\/urun\/akuamarin-kolye\/","og_locale":"tr_TR","og_type":"article","og_title":"AKUAMAR\u0130N KOLYE - Astrolog Elvan","og_description":"Akuamarin ta\u015flar\u0131 ismini deniz suyunu and\u0131rd\u0131\u011f\u0131, mavi ve ye\u015fil renkleri i\u00e7inde bar\u0131nd\u0131rd\u0131\u011f\u0131 i\u00e7in Latincede \u201cdenizin suyu\u201d anlam\u0131na gelen \u201cAqua Marinus\u201d isminden alm\u0131\u015ft\u0131r. Akuamarin ta\u015f\u0131 bar\u0131\u015f, cesaret ve dinginli\u011fi i\u00e7inde bar\u0131nd\u0131rarak size uyumlu bir atmosfer yarat\u0131r. A\u015fk\u0131 temsil etme \u00f6zelli\u011fi olan Akuamarin ta\u015flar\u0131n\u0131 yeni ba\u015flang\u0131\u00e7lar\u0131n\u0131zda kullan\u0131labilirsiniz. Olumlu ve sakinle\u015ftirici \u00f6zelli\u011fi bulunan Akuamarin ta\u015flar\u0131; meditasyon yaparken kullanabilir, enerji merkezinizi dengeleyerek daha iyi ileti\u015fim kurabilirsiniz.","og_url":"https:\/\/astrologelvan.com\/magaza\/urun\/akuamarin-kolye\/","og_site_name":"Astrolog Elvan","article_modified_time":"2026-01-10T10:03:59+00:00","og_image":[{"width":2560,"height":2560,"url":"https:\/\/astrologelvan.com\/magaza\/wp-content\/uploads\/2024\/02\/1-111-scaled.jpg","type":"image\/jpeg"}],"twitter_card":"summary_large_image","twitter_misc":{"Tahmini okuma s\u00fcresi":"1 dakika"},"schema":{"@context":"https:\/\/schema.org","@graph":[{"@type":["WebPage","ItemPage"],"@id":"https:\/\/astrologelvan.com\/magaza\/urun\/akuamarin-kolye\/","url":"https:\/\/astrologelvan.com\/magaza\/urun\/akuamarin-kolye\/","name":"AKUAMAR\u0130N KOLYE - Astrolog Elvan","isPartOf":{"@id":"https:\/\/astrologelvan.com\/magaza\/#website"},"primaryImageOfPage":{"@id":"https:\/\/astrologelvan.com\/magaza\/urun\/akuamarin-kolye\/#primaryimage"},"image":{"@id":"https:\/\/astrologelvan.com\/magaza\/urun\/akuamarin-kolye\/#primaryimage"},"thumbnailUrl":"https:\/\/astrologelvan.com\/magaza\/wp-content\/uploads\/2024\/02\/1-111-scaled.jpg","datePublished":"2024-02-28T00:23:52+00:00","dateModified":"2026-01-10T10:03:59+00:00","breadcrumb":{"@id":"https:\/\/astrologelvan.com\/magaza\/urun\/akuamarin-kolye\/#breadcrumb"},"inLanguage":"tr","potentialAction":[{"@type":"ReadAction","target":["https:\/\/astrologelvan.com\/magaza\/urun\/akuamarin-kolye\/"]}]},{"@type":"ImageObject","inLanguage":"tr","@id":"https:\/\/astrologelvan.com\/magaza\/urun\/akuamarin-kolye\/#primaryimage","url":"https:\/\/astrologelvan.com\/magaza\/wp-content\/uploads\/2024\/02\/1-111-scaled.jpg","contentUrl":"https:\/\/astrologelvan.com\/magaza\/wp-content\/uploads\/2024\/02\/1-111-scaled.jpg","width":2560,"height":2560},{"@type":"BreadcrumbList","@id":"https:\/\/astrologelvan.com\/magaza\/urun\/akuamarin-kolye\/#breadcrumb","itemListElement":[{"@type":"ListItem","position":1,"name":"Anasayfa","item":"https:\/\/astrologelvan.com\/magaza\/"},{"@type":"ListItem","position":2,"name":"Ma\u011faza","item":"https:\/\/astrologelvan.com\/magaza\/magaza\/"},{"@type":"ListItem","position":3,"name":"AKUAMAR\u0130N KOLYE"}]},{"@type":"WebSite","@id":"https:\/\/astrologelvan.com\/magaza\/#website","url":"https:\/\/astrologelvan.com\/magaza\/","name":"Astrolog Elvan","description":"","potentialAction":[{"@type":"SearchAction","target":{"@type":"EntryPoint","urlTemplate":"https:\/\/astrologelvan.com\/magaza\/?s={search_term_string}"},"query-input":{"@type":"PropertyValueSpecification","valueRequired":true,"valueName":"search_term_string"}}],"inLanguage":"tr"}]}},"_links":{"self":[{"href":"https:\/\/astrologelvan.com\/magaza\/wp-json\/wp\/v2\/product\/1211","targetHints":{"allow":["GET"]}}],"collection":[{"href":"https:\/\/astrologelvan.com\/magaza\/wp-json\/wp\/v2\/product"}],"about":[{"href":"https:\/\/astrologelvan.com\/magaza\/wp-json\/wp\/v2\/types\/product"}],"replies":[{"embeddable":true,"href":"https:\/\/astrologelvan.com\/magaza\/wp-json\/wp\/v2\/comments?post=1211"}],"wp:featuredmedia":[{"embeddable":true,"href":"https:\/\/astrologelvan.com\/magaza\/wp-json\/wp\/v2\/media\/8343"}],"wp:attachment":[{"href":"https:\/\/astrologelvan.com\/magaza\/wp-json\/wp\/v2\/media?parent=1211"}],"wp:term":[{"taxonomy":"product_brand","embeddable":true,"href":"https:\/\/astrologelvan.com\/magaza\/wp-json\/wp\/v2\/product_brand?post=1211"},{"taxonomy":"product_cat","embeddable":true,"href":"https:\/\/astrologelvan.com\/magaza\/wp-json\/wp\/v2\/product_cat?post=1211"},{"taxonomy":"product_tag","embeddable":true,"href":"https:\/\/astrologelvan.com\/magaza\/wp-json\/wp\/v2\/product_tag?post=1211"}],"curies":[{"name":"wp","href":"https:\/\/api.w.org\/{rel}","templated":true}]}}