{"id":1208,"date":"2024-02-28T03:23:52","date_gmt":"2024-02-28T00:23:52","guid":{"rendered":"https:\/\/astrologelvan.shop\/?post_type=product&#038;p=1208"},"modified":"2025-10-06T08:15:10","modified_gmt":"2025-10-06T05:15:10","slug":"unicorn-beyaz-topaz-kolye","status":"publish","type":"product","link":"https:\/\/astrologelvan.com\/magaza\/urun\/unicorn-beyaz-topaz-kolye\/","title":{"rendered":"UN\u0130CORN BEYAZ TOPAZ KOLYE"},"content":{"rendered":"<p>\u00dcr\u00fcn \u00d6zellikleri:<\/p>\n<p>Kolye A\u011f\u0131rl\u0131\u011f\u0131: 25,2 Gram<\/p>\n<p>Kolye Uzunlu\u011fu: 45 CM<\/p>\n<p>925 Ayar G\u00fcm\u00fc\u015f \u00dczeri Alt\u0131n Kaplama Unicorn Do\u011fal Ta\u015f Kolye<\/p>\n","protected":false},"excerpt":{"rendered":"<p>B\u00fct\u00fcn unicornlar (tek boynuzlu atlar) ayd\u0131nlanmam\u0131za yard\u0131mc\u0131 olur ve daha y\u00fcksek boyutlara ge\u00e7memizi sa\u011flar.<\/p>\n<p>Unicornlar kozmik d\u00fczeyde bir grup bilincidir. K\u00e2inat\u0131n etraf\u0131nda dola\u015f\u0131p ne\u015fe ve bereket sa\u00e7an saf elmas beyaz\u0131 renginde yo\u011fun bir \u0131\u015f\u0131k k\u00fcmesi hayal edin. Bu, unicorn enerjisidir. Bu unicorn kolye sana temiz kalple ve b\u00fct\u00fcn\u00fcn hayr\u0131na diledi\u011fin her dile\u011fini getirmeye yard\u0131mc\u0131 olacak. \u00dczerinde ta\u015f\u0131d\u0131\u011f\u0131n s\u00fcrece daha y\u00fcksek bir kozmik enerji alan\u0131nda oldu\u011funu fark edeceksin.<\/p>\n<p>Unicornlar tamamen ayd\u0131nlanm\u0131\u015ft\u0131r, bu sebeple al\u0131nlar\u0131ndaki \u00fc\u00e7\u00fcnc\u00fc g\u00f6z sonuna kadar a\u00e7\u0131kt\u0131r ve o kadar parlak bir \u0131\u015f\u0131k sa\u00e7ar ki bu \u0131\u015f\u0131k kat\u0131 bir cisim gibi g\u00f6r\u00fcn\u00fcr ve spiral bir boynuz \u015feklini al\u0131r. Unicorn kolyeni takt\u0131k\u00e7a 3. g\u00f6z\u00fcn\u00fcn de aktive oldu\u011funu g\u00f6receksin. Unicorn enerjisi ile hayat\u0131na mucizeleri \u00e7ekmeye haz\u0131rs\u0131n.<\/p>\n<p class=\"p1\">Beyaz Topaz, topaz grubunun astrolojik olarak en etkili ta\u015f\u0131d\u0131r. J\u00fcpiter\u2019in enerjisi ile y\u00fckl\u00fcd\u00fcr.<\/p>\n<p class=\"p1\">\u00dczerinde ta\u015f\u0131yan ki\u015fiye \u015fans ve pozitif enerji getirir. Ayr\u0131ca ki\u015fiyi, d\u0131\u015far\u0131dan gelecek negatif enerjilere kar\u015f\u0131 korur ve kalkan g\u00f6revi g\u00f6r\u00fcr. \u0130yile\u015ftirir, olumlu d\u00fc\u015f\u00fcnmenizi sa\u011flar ve sizi adeta \u015farj eden nadir ta\u015flardand\u0131r. Bu ta\u015f\u0131 kullanmaya ba\u015flad\u0131ktan sonra hayat\u0131n\u0131zdaki belirsizliklerin ortadan kalkt\u0131\u011f\u0131n\u0131 g\u00f6rebilirsiniz! Sanatla ilgilenenler i\u00e7in yarat\u0131c\u0131l\u0131\u011f\u0131 destekleyen bir ta\u015ft\u0131r.<\/p>\n","protected":false},"featured_media":1260,"comment_status":"open","ping_status":"closed","template":"","meta":[],"product_brand":[],"product_cat":[26,432],"product_tag":[],"class_list":{"0":"post-1208","1":"product","2":"type-product","3":"status-publish","4":"has-post-thumbnail","6":"product_cat-genel","7":"product_cat-unicorn-serisi","9":"first","10":"outofstock","11":"taxable","12":"shipping-taxable","13":"purchasable","14":"product-type-simple"},"yoast_head":"<!-- This site is optimized with the Yoast SEO plugin v27.3 - https:\/\/yoast.com\/product\/yoast-seo-wordpress\/ -->\n<title>UN\u0130CORN BEYAZ TOPAZ KOLYE - Astrolog Elvan<\/title>\n<meta name=\"robots\" content=\"index, follow, max-snippet:-1, max-image-preview:large, max-video-preview:-1\" \/>\n<link rel=\"canonical\" href=\"https:\/\/astrologelvan.com\/magaza\/urun\/unicorn-beyaz-topaz-kolye\/\" \/>\n<meta property=\"og:locale\" content=\"tr_TR\" \/>\n<meta property=\"og:type\" content=\"article\" \/>\n<meta property=\"og:title\" content=\"UN\u0130CORN BEYAZ TOPAZ KOLYE - Astrolog Elvan\" \/>\n<meta property=\"og:description\" content=\"B\u00fct\u00fcn unicornlar (tek boynuzlu atlar) ayd\u0131nlanmam\u0131za yard\u0131mc\u0131 olur ve daha y\u00fcksek boyutlara ge\u00e7memizi sa\u011flar.  Unicornlar kozmik d\u00fczeyde bir grup bilincidir. K\u00e2inat\u0131n etraf\u0131nda dola\u015f\u0131p ne\u015fe ve bereket sa\u00e7an saf elmas beyaz\u0131 renginde yo\u011fun bir \u0131\u015f\u0131k k\u00fcmesi hayal edin. Bu, unicorn enerjisidir. Bu unicorn kolye sana temiz kalple ve b\u00fct\u00fcn\u00fcn hayr\u0131na diledi\u011fin her dile\u011fini getirmeye yard\u0131mc\u0131 olacak. \u00dczerinde ta\u015f\u0131d\u0131\u011f\u0131n s\u00fcrece daha y\u00fcksek bir kozmik enerji alan\u0131nda oldu\u011funu fark edeceksin.  Unicornlar tamamen ayd\u0131nlanm\u0131\u015ft\u0131r, bu sebeple al\u0131nlar\u0131ndaki \u00fc\u00e7\u00fcnc\u00fc g\u00f6z sonuna kadar a\u00e7\u0131kt\u0131r ve o kadar parlak bir \u0131\u015f\u0131k sa\u00e7ar ki bu \u0131\u015f\u0131k kat\u0131 bir cisim gibi g\u00f6r\u00fcn\u00fcr ve spiral bir boynuz \u015feklini al\u0131r. Unicorn kolyeni takt\u0131k\u00e7a 3. g\u00f6z\u00fcn\u00fcn de aktive oldu\u011funu g\u00f6receksin. Unicorn enerjisi ile hayat\u0131na mucizeleri \u00e7ekmeye haz\u0131rs\u0131n. Beyaz Topaz, topaz grubunun astrolojik olarak en etkili ta\u015f\u0131d\u0131r. J\u00fcpiter\u2019in enerjisi ile y\u00fckl\u00fcd\u00fcr. \u00dczerinde ta\u015f\u0131yan ki\u015fiye \u015fans ve pozitif enerji getirir. Ayr\u0131ca ki\u015fiyi, d\u0131\u015far\u0131dan gelecek negatif enerjilere kar\u015f\u0131 korur ve kalkan g\u00f6revi g\u00f6r\u00fcr. \u0130yile\u015ftirir, olumlu d\u00fc\u015f\u00fcnmenizi sa\u011flar ve sizi adeta \u015farj eden nadir ta\u015flardand\u0131r. Bu ta\u015f\u0131 kullanmaya ba\u015flad\u0131ktan sonra hayat\u0131n\u0131zdaki belirsizliklerin ortadan kalkt\u0131\u011f\u0131n\u0131 g\u00f6rebilirsiniz! Sanatla ilgilenenler i\u00e7in yarat\u0131c\u0131l\u0131\u011f\u0131 destekleyen bir ta\u015ft\u0131r.\" \/>\n<meta property=\"og:url\" content=\"https:\/\/astrologelvan.com\/magaza\/urun\/unicorn-beyaz-topaz-kolye\/\" \/>\n<meta property=\"og:site_name\" content=\"Astrolog Elvan\" \/>\n<meta property=\"article:modified_time\" content=\"2025-10-06T05:15:10+00:00\" \/>\n<meta property=\"og:image\" content=\"https:\/\/astrologelvan.com\/magaza\/wp-content\/uploads\/2024\/02\/unicorn-beyaz-topaz-scaled-1.jpg\" \/>\n\t<meta property=\"og:image:width\" content=\"2560\" \/>\n\t<meta property=\"og:image:height\" content=\"1707\" \/>\n\t<meta property=\"og:image:type\" content=\"image\/jpeg\" \/>\n<meta name=\"twitter:card\" content=\"summary_large_image\" \/>\n<meta name=\"twitter:label1\" content=\"Tahmini okuma s\u00fcresi\" \/>\n\t<meta name=\"twitter:data1\" content=\"1 dakika\" \/>\n<script type=\"application\/ld+json\" class=\"yoast-schema-graph\">{\"@context\":\"https:\\\/\\\/schema.org\",\"@graph\":[{\"@type\":[\"WebPage\",\"ItemPage\"],\"@id\":\"https:\\\/\\\/astrologelvan.com\\\/magaza\\\/urun\\\/unicorn-beyaz-topaz-kolye\\\/\",\"url\":\"https:\\\/\\\/astrologelvan.com\\\/magaza\\\/urun\\\/unicorn-beyaz-topaz-kolye\\\/\",\"name\":\"UN\u0130CORN BEYAZ TOPAZ KOLYE - Astrolog Elvan\",\"isPartOf\":{\"@id\":\"https:\\\/\\\/astrologelvan.com\\\/magaza\\\/#website\"},\"primaryImageOfPage\":{\"@id\":\"https:\\\/\\\/astrologelvan.com\\\/magaza\\\/urun\\\/unicorn-beyaz-topaz-kolye\\\/#primaryimage\"},\"image\":{\"@id\":\"https:\\\/\\\/astrologelvan.com\\\/magaza\\\/urun\\\/unicorn-beyaz-topaz-kolye\\\/#primaryimage\"},\"thumbnailUrl\":\"https:\\\/\\\/astrologelvan.com\\\/magaza\\\/wp-content\\\/uploads\\\/2024\\\/02\\\/unicorn-beyaz-topaz-scaled-1.jpg\",\"datePublished\":\"2024-02-28T00:23:52+00:00\",\"dateModified\":\"2025-10-06T05:15:10+00:00\",\"breadcrumb\":{\"@id\":\"https:\\\/\\\/astrologelvan.com\\\/magaza\\\/urun\\\/unicorn-beyaz-topaz-kolye\\\/#breadcrumb\"},\"inLanguage\":\"tr\",\"potentialAction\":[{\"@type\":\"ReadAction\",\"target\":[\"https:\\\/\\\/astrologelvan.com\\\/magaza\\\/urun\\\/unicorn-beyaz-topaz-kolye\\\/\"]}]},{\"@type\":\"ImageObject\",\"inLanguage\":\"tr\",\"@id\":\"https:\\\/\\\/astrologelvan.com\\\/magaza\\\/urun\\\/unicorn-beyaz-topaz-kolye\\\/#primaryimage\",\"url\":\"https:\\\/\\\/astrologelvan.com\\\/magaza\\\/wp-content\\\/uploads\\\/2024\\\/02\\\/unicorn-beyaz-topaz-scaled-1.jpg\",\"contentUrl\":\"https:\\\/\\\/astrologelvan.com\\\/magaza\\\/wp-content\\\/uploads\\\/2024\\\/02\\\/unicorn-beyaz-topaz-scaled-1.jpg\",\"width\":2560,\"height\":1707},{\"@type\":\"BreadcrumbList\",\"@id\":\"https:\\\/\\\/astrologelvan.com\\\/magaza\\\/urun\\\/unicorn-beyaz-topaz-kolye\\\/#breadcrumb\",\"itemListElement\":[{\"@type\":\"ListItem\",\"position\":1,\"name\":\"Anasayfa\",\"item\":\"https:\\\/\\\/astrologelvan.com\\\/magaza\\\/\"},{\"@type\":\"ListItem\",\"position\":2,\"name\":\"Ma\u011faza\",\"item\":\"https:\\\/\\\/astrologelvan.com\\\/magaza\\\/magaza\\\/\"},{\"@type\":\"ListItem\",\"position\":3,\"name\":\"UN\u0130CORN BEYAZ TOPAZ KOLYE\"}]},{\"@type\":\"WebSite\",\"@id\":\"https:\\\/\\\/astrologelvan.com\\\/magaza\\\/#website\",\"url\":\"https:\\\/\\\/astrologelvan.com\\\/magaza\\\/\",\"name\":\"Astrolog Elvan\",\"description\":\"\",\"potentialAction\":[{\"@type\":\"SearchAction\",\"target\":{\"@type\":\"EntryPoint\",\"urlTemplate\":\"https:\\\/\\\/astrologelvan.com\\\/magaza\\\/?s={search_term_string}\"},\"query-input\":{\"@type\":\"PropertyValueSpecification\",\"valueRequired\":true,\"valueName\":\"search_term_string\"}}],\"inLanguage\":\"tr\"}]}<\/script>\n<!-- \/ Yoast SEO plugin. -->","yoast_head_json":{"title":"UN\u0130CORN BEYAZ TOPAZ KOLYE - Astrolog Elvan","robots":{"index":"index","follow":"follow","max-snippet":"max-snippet:-1","max-image-preview":"max-image-preview:large","max-video-preview":"max-video-preview:-1"},"canonical":"https:\/\/astrologelvan.com\/magaza\/urun\/unicorn-beyaz-topaz-kolye\/","og_locale":"tr_TR","og_type":"article","og_title":"UN\u0130CORN BEYAZ TOPAZ KOLYE - Astrolog Elvan","og_description":"B\u00fct\u00fcn unicornlar (tek boynuzlu atlar) ayd\u0131nlanmam\u0131za yard\u0131mc\u0131 olur ve daha y\u00fcksek boyutlara ge\u00e7memizi sa\u011flar.  Unicornlar kozmik d\u00fczeyde bir grup bilincidir. K\u00e2inat\u0131n etraf\u0131nda dola\u015f\u0131p ne\u015fe ve bereket sa\u00e7an saf elmas beyaz\u0131 renginde yo\u011fun bir \u0131\u015f\u0131k k\u00fcmesi hayal edin. Bu, unicorn enerjisidir. Bu unicorn kolye sana temiz kalple ve b\u00fct\u00fcn\u00fcn hayr\u0131na diledi\u011fin her dile\u011fini getirmeye yard\u0131mc\u0131 olacak. \u00dczerinde ta\u015f\u0131d\u0131\u011f\u0131n s\u00fcrece daha y\u00fcksek bir kozmik enerji alan\u0131nda oldu\u011funu fark edeceksin.  Unicornlar tamamen ayd\u0131nlanm\u0131\u015ft\u0131r, bu sebeple al\u0131nlar\u0131ndaki \u00fc\u00e7\u00fcnc\u00fc g\u00f6z sonuna kadar a\u00e7\u0131kt\u0131r ve o kadar parlak bir \u0131\u015f\u0131k sa\u00e7ar ki bu \u0131\u015f\u0131k kat\u0131 bir cisim gibi g\u00f6r\u00fcn\u00fcr ve spiral bir boynuz \u015feklini al\u0131r. Unicorn kolyeni takt\u0131k\u00e7a 3. g\u00f6z\u00fcn\u00fcn de aktive oldu\u011funu g\u00f6receksin. Unicorn enerjisi ile hayat\u0131na mucizeleri \u00e7ekmeye haz\u0131rs\u0131n. Beyaz Topaz, topaz grubunun astrolojik olarak en etkili ta\u015f\u0131d\u0131r. J\u00fcpiter\u2019in enerjisi ile y\u00fckl\u00fcd\u00fcr. \u00dczerinde ta\u015f\u0131yan ki\u015fiye \u015fans ve pozitif enerji getirir. Ayr\u0131ca ki\u015fiyi, d\u0131\u015far\u0131dan gelecek negatif enerjilere kar\u015f\u0131 korur ve kalkan g\u00f6revi g\u00f6r\u00fcr. \u0130yile\u015ftirir, olumlu d\u00fc\u015f\u00fcnmenizi sa\u011flar ve sizi adeta \u015farj eden nadir ta\u015flardand\u0131r. Bu ta\u015f\u0131 kullanmaya ba\u015flad\u0131ktan sonra hayat\u0131n\u0131zdaki belirsizliklerin ortadan kalkt\u0131\u011f\u0131n\u0131 g\u00f6rebilirsiniz! Sanatla ilgilenenler i\u00e7in yarat\u0131c\u0131l\u0131\u011f\u0131 destekleyen bir ta\u015ft\u0131r.","og_url":"https:\/\/astrologelvan.com\/magaza\/urun\/unicorn-beyaz-topaz-kolye\/","og_site_name":"Astrolog Elvan","article_modified_time":"2025-10-06T05:15:10+00:00","og_image":[{"width":2560,"height":1707,"url":"https:\/\/astrologelvan.com\/magaza\/wp-content\/uploads\/2024\/02\/unicorn-beyaz-topaz-scaled-1.jpg","type":"image\/jpeg"}],"twitter_card":"summary_large_image","twitter_misc":{"Tahmini okuma s\u00fcresi":"1 dakika"},"schema":{"@context":"https:\/\/schema.org","@graph":[{"@type":["WebPage","ItemPage"],"@id":"https:\/\/astrologelvan.com\/magaza\/urun\/unicorn-beyaz-topaz-kolye\/","url":"https:\/\/astrologelvan.com\/magaza\/urun\/unicorn-beyaz-topaz-kolye\/","name":"UN\u0130CORN BEYAZ TOPAZ KOLYE - Astrolog Elvan","isPartOf":{"@id":"https:\/\/astrologelvan.com\/magaza\/#website"},"primaryImageOfPage":{"@id":"https:\/\/astrologelvan.com\/magaza\/urun\/unicorn-beyaz-topaz-kolye\/#primaryimage"},"image":{"@id":"https:\/\/astrologelvan.com\/magaza\/urun\/unicorn-beyaz-topaz-kolye\/#primaryimage"},"thumbnailUrl":"https:\/\/astrologelvan.com\/magaza\/wp-content\/uploads\/2024\/02\/unicorn-beyaz-topaz-scaled-1.jpg","datePublished":"2024-02-28T00:23:52+00:00","dateModified":"2025-10-06T05:15:10+00:00","breadcrumb":{"@id":"https:\/\/astrologelvan.com\/magaza\/urun\/unicorn-beyaz-topaz-kolye\/#breadcrumb"},"inLanguage":"tr","potentialAction":[{"@type":"ReadAction","target":["https:\/\/astrologelvan.com\/magaza\/urun\/unicorn-beyaz-topaz-kolye\/"]}]},{"@type":"ImageObject","inLanguage":"tr","@id":"https:\/\/astrologelvan.com\/magaza\/urun\/unicorn-beyaz-topaz-kolye\/#primaryimage","url":"https:\/\/astrologelvan.com\/magaza\/wp-content\/uploads\/2024\/02\/unicorn-beyaz-topaz-scaled-1.jpg","contentUrl":"https:\/\/astrologelvan.com\/magaza\/wp-content\/uploads\/2024\/02\/unicorn-beyaz-topaz-scaled-1.jpg","width":2560,"height":1707},{"@type":"BreadcrumbList","@id":"https:\/\/astrologelvan.com\/magaza\/urun\/unicorn-beyaz-topaz-kolye\/#breadcrumb","itemListElement":[{"@type":"ListItem","position":1,"name":"Anasayfa","item":"https:\/\/astrologelvan.com\/magaza\/"},{"@type":"ListItem","position":2,"name":"Ma\u011faza","item":"https:\/\/astrologelvan.com\/magaza\/magaza\/"},{"@type":"ListItem","position":3,"name":"UN\u0130CORN BEYAZ TOPAZ KOLYE"}]},{"@type":"WebSite","@id":"https:\/\/astrologelvan.com\/magaza\/#website","url":"https:\/\/astrologelvan.com\/magaza\/","name":"Astrolog Elvan","description":"","potentialAction":[{"@type":"SearchAction","target":{"@type":"EntryPoint","urlTemplate":"https:\/\/astrologelvan.com\/magaza\/?s={search_term_string}"},"query-input":{"@type":"PropertyValueSpecification","valueRequired":true,"valueName":"search_term_string"}}],"inLanguage":"tr"}]}},"_links":{"self":[{"href":"https:\/\/astrologelvan.com\/magaza\/wp-json\/wp\/v2\/product\/1208","targetHints":{"allow":["GET"]}}],"collection":[{"href":"https:\/\/astrologelvan.com\/magaza\/wp-json\/wp\/v2\/product"}],"about":[{"href":"https:\/\/astrologelvan.com\/magaza\/wp-json\/wp\/v2\/types\/product"}],"replies":[{"embeddable":true,"href":"https:\/\/astrologelvan.com\/magaza\/wp-json\/wp\/v2\/comments?post=1208"}],"wp:featuredmedia":[{"embeddable":true,"href":"https:\/\/astrologelvan.com\/magaza\/wp-json\/wp\/v2\/media\/1260"}],"wp:attachment":[{"href":"https:\/\/astrologelvan.com\/magaza\/wp-json\/wp\/v2\/media?parent=1208"}],"wp:term":[{"taxonomy":"product_brand","embeddable":true,"href":"https:\/\/astrologelvan.com\/magaza\/wp-json\/wp\/v2\/product_brand?post=1208"},{"taxonomy":"product_cat","embeddable":true,"href":"https:\/\/astrologelvan.com\/magaza\/wp-json\/wp\/v2\/product_cat?post=1208"},{"taxonomy":"product_tag","embeddable":true,"href":"https:\/\/astrologelvan.com\/magaza\/wp-json\/wp\/v2\/product_tag?post=1208"}],"curies":[{"name":"wp","href":"https:\/\/api.w.org\/{rel}","templated":true}]}}