{"id":1190,"date":"2024-02-28T03:22:56","date_gmt":"2024-02-28T00:22:56","guid":{"rendered":"https:\/\/astrologelvan.shop\/?post_type=product&#038;p=1190"},"modified":"2025-12-01T09:24:59","modified_gmt":"2025-12-01T06:24:59","slug":"925-ayar-gumus-dogal-tas-havlit-kolye","status":"publish","type":"product","link":"https:\/\/astrologelvan.com\/magaza\/urun\/925-ayar-gumus-dogal-tas-havlit-kolye\/","title":{"rendered":"DO\u011eAL TA\u015e HAVL\u0130T KOLYE | 925 AYAR G\u00dcM\u00dc\u015e"},"content":{"rendered":"<p style=\"background: white; margin: 0cm 0cm 18.0pt 0cm;\"><span style=\"font-family: 'Arial',sans-serif; color: #525252;\">\u00dcr\u00fcn \u00d6zellikleri:<\/span><\/p>\n<p style=\"margin-bottom: 18.0pt; background: white;\"><span style=\"font-family: 'Arial',sans-serif; color: #525252;\">925 Ayar G\u00fcm\u00fc\u015f Havlit Ta\u015f\u0131 Kolye<\/span><\/p>\n<p style=\"margin-bottom: 18.0pt; background: white;\"><span style=\"font-family: 'Arial',sans-serif; color: #525252;\">Ta\u015f\u0131n A\u011f\u0131rl\u0131\u011f\u0131: Zincir Dahil 19-20 GR<\/span><\/p>\n<p style=\"margin-bottom: 18.0pt; background: white;\"><span style=\"font-family: 'Arial',sans-serif; color: #525252;\">Ta\u015f\u0131n boyutu:\u00a020-21 MM<\/span><\/p>\n<p style=\"margin-bottom: 18.0pt; background: white;\"><span style=\"font-family: 'Arial',sans-serif; color: #525252;\">\u00a0Zincir Boyu: 60 CM<\/span><\/p>\n","protected":false},"excerpt":{"rendered":"<p>Strese ba\u011fl\u0131 hastal\u0131klarda 15 dakika boyunca do\u011fal ta\u015f\u0131n\u0131z\u0131 avucunuzun i\u00e7inde tutun. 15 dakika sonra b\u0131rak\u0131n.<\/p>\n<p>\u00c7ok g\u00fc\u00e7l\u00fc bir sakinle\u015ftirici etkisi vard\u0131r.<\/p>\n<p>Ki\u015fiye huzur, geni\u015fleme, mutluluk ve refah getirir.<\/p>\n<p>Sevgiye dair korkular\u0131n\u0131z\u0131 a\u015fman\u0131za yard\u0131mc\u0131 olur.<\/p>\n<p>Eklem a\u011fr\u0131lar\u0131nda yine 15 dakika Havlit\u2019i avu\u00e7 i\u00e7inizde tutmal\u0131s\u0131n\u0131z.<\/p>\n<p>Do\u011fal ta\u015flar\u0131n belirli titre\u015fimlere ve frekanslara sahip oldu\u011fu bilinmektedir. Bu nedenle v\u00fccudumuzda ve auram\u0131zda birtak\u0131m iyi etkileri oldu\u011fu s\u00f6ylenmektedir. Ta\u015flar\u0131n \u00f6zelliklerinin bilimsel kesinli\u011fi yoktur. Astrolog Elvan ma\u011fazas\u0131ndaki t\u00fcm ta\u015flar orijinal, ger\u00e7ek do\u011fal ta\u015flard\u0131r. T\u0131bbi konularda doktora dan\u0131\u015fman\u0131z\u0131 tavsiye ederiz. Ta\u015flar\u0131n tedavi edici \u00f6zelli\u011fi yoktur, sadece ki\u015fisel enerjimizi y\u00fckseltmekte ve astrolojik olarak da temsil etti\u011fi gezegenlerin etkilerini artt\u0131rmakta oldu\u011fu kabul edilir.<\/p>\n","protected":false},"featured_media":5577,"comment_status":"open","ping_status":"closed","template":"","meta":[],"product_brand":[596],"product_cat":[255,85,48,7455],"product_tag":[],"class_list":{"0":"post-1190","1":"product","2":"type-product","3":"status-publish","4":"has-post-thumbnail","6":"product_brand-astrolog-elvan","7":"product_cat-gumus-kolye","8":"product_cat-havlit-tasi","9":"product_cat-kolyeler","10":"product_cat--kolyeler","12":"first","13":"instock","14":"purchasable","15":"product-type-simple"},"yoast_head":"<!-- This site is optimized with the Yoast SEO plugin v27.3 - https:\/\/yoast.com\/product\/yoast-seo-wordpress\/ -->\n<title>DO\u011eAL TA\u015e HAVL\u0130T KOLYE | 925 AYAR G\u00dcM\u00dc\u015e - Astrolog Elvan<\/title>\n<meta name=\"robots\" content=\"index, follow, max-snippet:-1, max-image-preview:large, max-video-preview:-1\" \/>\n<link rel=\"canonical\" href=\"https:\/\/astrologelvan.com\/magaza\/urun\/925-ayar-gumus-dogal-tas-havlit-kolye\/\" \/>\n<meta property=\"og:locale\" content=\"tr_TR\" \/>\n<meta property=\"og:type\" content=\"article\" \/>\n<meta property=\"og:title\" content=\"DO\u011eAL TA\u015e HAVL\u0130T KOLYE | 925 AYAR G\u00dcM\u00dc\u015e - Astrolog Elvan\" \/>\n<meta property=\"og:description\" content=\"Strese ba\u011fl\u0131 hastal\u0131klarda 15 dakika boyunca do\u011fal ta\u015f\u0131n\u0131z\u0131 avucunuzun i\u00e7inde tutun. 15 dakika sonra b\u0131rak\u0131n.  \u00c7ok g\u00fc\u00e7l\u00fc bir sakinle\u015ftirici etkisi vard\u0131r.  Ki\u015fiye huzur, geni\u015fleme, mutluluk ve refah getirir.  Sevgiye dair korkular\u0131n\u0131z\u0131 a\u015fman\u0131za yard\u0131mc\u0131 olur.  Eklem a\u011fr\u0131lar\u0131nda yine 15 dakika Havlit\u2019i avu\u00e7 i\u00e7inizde tutmal\u0131s\u0131n\u0131z.  Do\u011fal ta\u015flar\u0131n belirli titre\u015fimlere ve frekanslara sahip oldu\u011fu bilinmektedir. Bu nedenle v\u00fccudumuzda ve auram\u0131zda birtak\u0131m iyi etkileri oldu\u011fu s\u00f6ylenmektedir. Ta\u015flar\u0131n \u00f6zelliklerinin bilimsel kesinli\u011fi yoktur. Astrolog Elvan ma\u011fazas\u0131ndaki t\u00fcm ta\u015flar orijinal, ger\u00e7ek do\u011fal ta\u015flard\u0131r. T\u0131bbi konularda doktora dan\u0131\u015fman\u0131z\u0131 tavsiye ederiz. Ta\u015flar\u0131n tedavi edici \u00f6zelli\u011fi yoktur, sadece ki\u015fisel enerjimizi y\u00fckseltmekte ve astrolojik olarak da temsil etti\u011fi gezegenlerin etkilerini artt\u0131rmakta oldu\u011fu kabul edilir.\" \/>\n<meta property=\"og:url\" content=\"https:\/\/astrologelvan.com\/magaza\/urun\/925-ayar-gumus-dogal-tas-havlit-kolye\/\" \/>\n<meta property=\"og:site_name\" content=\"Astrolog Elvan\" \/>\n<meta property=\"article:modified_time\" content=\"2025-12-01T06:24:59+00:00\" \/>\n<meta property=\"og:image\" content=\"https:\/\/astrologelvan.com\/magaza\/wp-content\/uploads\/2024\/02\/1-68.jpg\" \/>\n\t<meta property=\"og:image:width\" content=\"1600\" \/>\n\t<meta property=\"og:image:height\" content=\"1600\" \/>\n\t<meta property=\"og:image:type\" content=\"image\/jpeg\" \/>\n<meta name=\"twitter:card\" content=\"summary_large_image\" \/>\n<meta name=\"twitter:label1\" content=\"Tahmini okuma s\u00fcresi\" \/>\n\t<meta name=\"twitter:data1\" content=\"1 dakika\" \/>\n<script type=\"application\/ld+json\" class=\"yoast-schema-graph\">{\"@context\":\"https:\\\/\\\/schema.org\",\"@graph\":[{\"@type\":[\"WebPage\",\"ItemPage\"],\"@id\":\"https:\\\/\\\/astrologelvan.com\\\/magaza\\\/urun\\\/925-ayar-gumus-dogal-tas-havlit-kolye\\\/\",\"url\":\"https:\\\/\\\/astrologelvan.com\\\/magaza\\\/urun\\\/925-ayar-gumus-dogal-tas-havlit-kolye\\\/\",\"name\":\"DO\u011eAL TA\u015e HAVL\u0130T KOLYE | 925 AYAR G\u00dcM\u00dc\u015e - Astrolog Elvan\",\"isPartOf\":{\"@id\":\"https:\\\/\\\/astrologelvan.com\\\/magaza\\\/#website\"},\"primaryImageOfPage\":{\"@id\":\"https:\\\/\\\/astrologelvan.com\\\/magaza\\\/urun\\\/925-ayar-gumus-dogal-tas-havlit-kolye\\\/#primaryimage\"},\"image\":{\"@id\":\"https:\\\/\\\/astrologelvan.com\\\/magaza\\\/urun\\\/925-ayar-gumus-dogal-tas-havlit-kolye\\\/#primaryimage\"},\"thumbnailUrl\":\"https:\\\/\\\/astrologelvan.com\\\/magaza\\\/wp-content\\\/uploads\\\/2024\\\/02\\\/1-68.jpg\",\"datePublished\":\"2024-02-28T00:22:56+00:00\",\"dateModified\":\"2025-12-01T06:24:59+00:00\",\"breadcrumb\":{\"@id\":\"https:\\\/\\\/astrologelvan.com\\\/magaza\\\/urun\\\/925-ayar-gumus-dogal-tas-havlit-kolye\\\/#breadcrumb\"},\"inLanguage\":\"tr\",\"potentialAction\":[{\"@type\":\"ReadAction\",\"target\":[\"https:\\\/\\\/astrologelvan.com\\\/magaza\\\/urun\\\/925-ayar-gumus-dogal-tas-havlit-kolye\\\/\"]}]},{\"@type\":\"ImageObject\",\"inLanguage\":\"tr\",\"@id\":\"https:\\\/\\\/astrologelvan.com\\\/magaza\\\/urun\\\/925-ayar-gumus-dogal-tas-havlit-kolye\\\/#primaryimage\",\"url\":\"https:\\\/\\\/astrologelvan.com\\\/magaza\\\/wp-content\\\/uploads\\\/2024\\\/02\\\/1-68.jpg\",\"contentUrl\":\"https:\\\/\\\/astrologelvan.com\\\/magaza\\\/wp-content\\\/uploads\\\/2024\\\/02\\\/1-68.jpg\",\"width\":1600,\"height\":1600},{\"@type\":\"BreadcrumbList\",\"@id\":\"https:\\\/\\\/astrologelvan.com\\\/magaza\\\/urun\\\/925-ayar-gumus-dogal-tas-havlit-kolye\\\/#breadcrumb\",\"itemListElement\":[{\"@type\":\"ListItem\",\"position\":1,\"name\":\"Anasayfa\",\"item\":\"https:\\\/\\\/astrologelvan.com\\\/magaza\\\/\"},{\"@type\":\"ListItem\",\"position\":2,\"name\":\"Ma\u011faza\",\"item\":\"https:\\\/\\\/astrologelvan.com\\\/magaza\\\/magaza\\\/\"},{\"@type\":\"ListItem\",\"position\":3,\"name\":\"DO\u011eAL TA\u015e HAVL\u0130T KOLYE | 925 AYAR G\u00dcM\u00dc\u015e\"}]},{\"@type\":\"WebSite\",\"@id\":\"https:\\\/\\\/astrologelvan.com\\\/magaza\\\/#website\",\"url\":\"https:\\\/\\\/astrologelvan.com\\\/magaza\\\/\",\"name\":\"Astrolog Elvan\",\"description\":\"\",\"potentialAction\":[{\"@type\":\"SearchAction\",\"target\":{\"@type\":\"EntryPoint\",\"urlTemplate\":\"https:\\\/\\\/astrologelvan.com\\\/magaza\\\/?s={search_term_string}\"},\"query-input\":{\"@type\":\"PropertyValueSpecification\",\"valueRequired\":true,\"valueName\":\"search_term_string\"}}],\"inLanguage\":\"tr\"}]}<\/script>\n<!-- \/ Yoast SEO plugin. -->","yoast_head_json":{"title":"DO\u011eAL TA\u015e HAVL\u0130T KOLYE | 925 AYAR G\u00dcM\u00dc\u015e - Astrolog Elvan","robots":{"index":"index","follow":"follow","max-snippet":"max-snippet:-1","max-image-preview":"max-image-preview:large","max-video-preview":"max-video-preview:-1"},"canonical":"https:\/\/astrologelvan.com\/magaza\/urun\/925-ayar-gumus-dogal-tas-havlit-kolye\/","og_locale":"tr_TR","og_type":"article","og_title":"DO\u011eAL TA\u015e HAVL\u0130T KOLYE | 925 AYAR G\u00dcM\u00dc\u015e - Astrolog Elvan","og_description":"Strese ba\u011fl\u0131 hastal\u0131klarda 15 dakika boyunca do\u011fal ta\u015f\u0131n\u0131z\u0131 avucunuzun i\u00e7inde tutun. 15 dakika sonra b\u0131rak\u0131n.  \u00c7ok g\u00fc\u00e7l\u00fc bir sakinle\u015ftirici etkisi vard\u0131r.  Ki\u015fiye huzur, geni\u015fleme, mutluluk ve refah getirir.  Sevgiye dair korkular\u0131n\u0131z\u0131 a\u015fman\u0131za yard\u0131mc\u0131 olur.  Eklem a\u011fr\u0131lar\u0131nda yine 15 dakika Havlit\u2019i avu\u00e7 i\u00e7inizde tutmal\u0131s\u0131n\u0131z.  Do\u011fal ta\u015flar\u0131n belirli titre\u015fimlere ve frekanslara sahip oldu\u011fu bilinmektedir. Bu nedenle v\u00fccudumuzda ve auram\u0131zda birtak\u0131m iyi etkileri oldu\u011fu s\u00f6ylenmektedir. Ta\u015flar\u0131n \u00f6zelliklerinin bilimsel kesinli\u011fi yoktur. Astrolog Elvan ma\u011fazas\u0131ndaki t\u00fcm ta\u015flar orijinal, ger\u00e7ek do\u011fal ta\u015flard\u0131r. T\u0131bbi konularda doktora dan\u0131\u015fman\u0131z\u0131 tavsiye ederiz. Ta\u015flar\u0131n tedavi edici \u00f6zelli\u011fi yoktur, sadece ki\u015fisel enerjimizi y\u00fckseltmekte ve astrolojik olarak da temsil etti\u011fi gezegenlerin etkilerini artt\u0131rmakta oldu\u011fu kabul edilir.","og_url":"https:\/\/astrologelvan.com\/magaza\/urun\/925-ayar-gumus-dogal-tas-havlit-kolye\/","og_site_name":"Astrolog Elvan","article_modified_time":"2025-12-01T06:24:59+00:00","og_image":[{"width":1600,"height":1600,"url":"https:\/\/astrologelvan.com\/magaza\/wp-content\/uploads\/2024\/02\/1-68.jpg","type":"image\/jpeg"}],"twitter_card":"summary_large_image","twitter_misc":{"Tahmini okuma s\u00fcresi":"1 dakika"},"schema":{"@context":"https:\/\/schema.org","@graph":[{"@type":["WebPage","ItemPage"],"@id":"https:\/\/astrologelvan.com\/magaza\/urun\/925-ayar-gumus-dogal-tas-havlit-kolye\/","url":"https:\/\/astrologelvan.com\/magaza\/urun\/925-ayar-gumus-dogal-tas-havlit-kolye\/","name":"DO\u011eAL TA\u015e HAVL\u0130T KOLYE | 925 AYAR G\u00dcM\u00dc\u015e - Astrolog Elvan","isPartOf":{"@id":"https:\/\/astrologelvan.com\/magaza\/#website"},"primaryImageOfPage":{"@id":"https:\/\/astrologelvan.com\/magaza\/urun\/925-ayar-gumus-dogal-tas-havlit-kolye\/#primaryimage"},"image":{"@id":"https:\/\/astrologelvan.com\/magaza\/urun\/925-ayar-gumus-dogal-tas-havlit-kolye\/#primaryimage"},"thumbnailUrl":"https:\/\/astrologelvan.com\/magaza\/wp-content\/uploads\/2024\/02\/1-68.jpg","datePublished":"2024-02-28T00:22:56+00:00","dateModified":"2025-12-01T06:24:59+00:00","breadcrumb":{"@id":"https:\/\/astrologelvan.com\/magaza\/urun\/925-ayar-gumus-dogal-tas-havlit-kolye\/#breadcrumb"},"inLanguage":"tr","potentialAction":[{"@type":"ReadAction","target":["https:\/\/astrologelvan.com\/magaza\/urun\/925-ayar-gumus-dogal-tas-havlit-kolye\/"]}]},{"@type":"ImageObject","inLanguage":"tr","@id":"https:\/\/astrologelvan.com\/magaza\/urun\/925-ayar-gumus-dogal-tas-havlit-kolye\/#primaryimage","url":"https:\/\/astrologelvan.com\/magaza\/wp-content\/uploads\/2024\/02\/1-68.jpg","contentUrl":"https:\/\/astrologelvan.com\/magaza\/wp-content\/uploads\/2024\/02\/1-68.jpg","width":1600,"height":1600},{"@type":"BreadcrumbList","@id":"https:\/\/astrologelvan.com\/magaza\/urun\/925-ayar-gumus-dogal-tas-havlit-kolye\/#breadcrumb","itemListElement":[{"@type":"ListItem","position":1,"name":"Anasayfa","item":"https:\/\/astrologelvan.com\/magaza\/"},{"@type":"ListItem","position":2,"name":"Ma\u011faza","item":"https:\/\/astrologelvan.com\/magaza\/magaza\/"},{"@type":"ListItem","position":3,"name":"DO\u011eAL TA\u015e HAVL\u0130T KOLYE | 925 AYAR G\u00dcM\u00dc\u015e"}]},{"@type":"WebSite","@id":"https:\/\/astrologelvan.com\/magaza\/#website","url":"https:\/\/astrologelvan.com\/magaza\/","name":"Astrolog Elvan","description":"","potentialAction":[{"@type":"SearchAction","target":{"@type":"EntryPoint","urlTemplate":"https:\/\/astrologelvan.com\/magaza\/?s={search_term_string}"},"query-input":{"@type":"PropertyValueSpecification","valueRequired":true,"valueName":"search_term_string"}}],"inLanguage":"tr"}]}},"_links":{"self":[{"href":"https:\/\/astrologelvan.com\/magaza\/wp-json\/wp\/v2\/product\/1190","targetHints":{"allow":["GET"]}}],"collection":[{"href":"https:\/\/astrologelvan.com\/magaza\/wp-json\/wp\/v2\/product"}],"about":[{"href":"https:\/\/astrologelvan.com\/magaza\/wp-json\/wp\/v2\/types\/product"}],"replies":[{"embeddable":true,"href":"https:\/\/astrologelvan.com\/magaza\/wp-json\/wp\/v2\/comments?post=1190"}],"wp:featuredmedia":[{"embeddable":true,"href":"https:\/\/astrologelvan.com\/magaza\/wp-json\/wp\/v2\/media\/5577"}],"wp:attachment":[{"href":"https:\/\/astrologelvan.com\/magaza\/wp-json\/wp\/v2\/media?parent=1190"}],"wp:term":[{"taxonomy":"product_brand","embeddable":true,"href":"https:\/\/astrologelvan.com\/magaza\/wp-json\/wp\/v2\/product_brand?post=1190"},{"taxonomy":"product_cat","embeddable":true,"href":"https:\/\/astrologelvan.com\/magaza\/wp-json\/wp\/v2\/product_cat?post=1190"},{"taxonomy":"product_tag","embeddable":true,"href":"https:\/\/astrologelvan.com\/magaza\/wp-json\/wp\/v2\/product_tag?post=1190"}],"curies":[{"name":"wp","href":"https:\/\/api.w.org\/{rel}","templated":true}]}}