{"id":116550,"date":"2025-11-07T17:21:53","date_gmt":"2025-11-07T14:21:53","guid":{"rendered":"https:\/\/astrologelvan.com\/magaza\/?post_type=product&#038;p=116550"},"modified":"2026-01-19T18:11:47","modified_gmt":"2026-01-19T15:11:47","slug":"sitrin-kaplangozu-bereket-bilekligi","status":"publish","type":"product","link":"https:\/\/astrologelvan.com\/magaza\/urun\/sitrin-kaplangozu-bereket-bilekligi\/","title":{"rendered":"Sitrin &amp; Kaplang\u00f6z\u00fc Bereket Bilekli\u011fi"},"content":{"rendered":"<p class=\"s7\"><span class=\"s3\"><span class=\"bumpedFont15\">Bilekli\u011fin ortalama uzunlu\u011fu: 25 CM<\/span><\/span><\/p>\n<p class=\"s7\"><span class=\"s3\"><span class=\"bumpedFont15\">Ta\u015flar\u0131n yakla\u015f\u0131k \u00f6l\u00e7\u00fcs\u00fc: 8-9<\/span><\/span><span class=\"s3\"><span class=\"bumpedFont15\">\u00a0MM<\/span><\/span><\/p>\n<p><span class=\"s3\"><span class=\"bumpedFont15\">Do\u011fal Ta\u015f Bileklik<\/span><\/span><\/p>\n","protected":false},"excerpt":{"rendered":"<p>G\u00fcney Afrika\u2019da s\u0131k\u00e7a bulunan Kaplang\u00f6z\u00fc ta\u015f\u0131, alt\u0131n ve kahverengi kar\u0131\u015f\u0131m\u0131yla ortaya \u00e7\u0131kan parlakl\u0131\u011f\u0131 sayesinde bir kaplan\u0131n g\u00f6z\u00fcne benzetilmektedir. Refah getirmeye yard\u0131mc\u0131 olmakla birlikte bloke olan enerjilerinizin a\u00e7\u0131lmas\u0131n\u0131 sa\u011flarken tehlikelere kar\u015f\u0131 sizi korumaya yard\u0131mc\u0131 olur. Kaplan g\u00f6z\u00fc, zor durumda kald\u0131\u011f\u0131n\u0131zda cesur olmay\u0131 size hat\u0131rlat\u0131r. Gizemli g\u00f6r\u00fcn\u00fcm\u00fc sayesinde Efsane Ta\u015f\u0131 olarak bilinmektedir.<\/p>\n<p>Hayat\u0131n\u0131za bolluk, bereket ve \u015fans\u0131 \u00e7ekin! Para ta\u015f\u0131 olarak da bilinen <strong>Sitrin ve Kaplang\u00f6z\u00fc bilekli\u011fi<\/strong> kullanmaya ba\u015flad\u0131\u011f\u0131n\u0131z andan itibaren finansal a\u00e7\u0131dan f\u0131rsatlar\u0131 hayat\u0131n\u0131za \u00e7ekersiniz.<\/p>\n","protected":false},"featured_media":116552,"comment_status":"open","ping_status":"closed","template":"","meta":[],"product_brand":[],"product_cat":[259,375,65],"product_tag":[],"class_list":{"0":"post-116550","1":"product","2":"type-product","3":"status-publish","4":"has-post-thumbnail","6":"product_cat-bileklikler","7":"product_cat-kaplangozu-tasi","8":"product_cat-sitrin-dogal-tas","10":"first","11":"outofstock","12":"sale","13":"taxable","14":"shipping-taxable","15":"purchasable","16":"product-type-simple"},"yoast_head":"<!-- This site is optimized with the Yoast SEO plugin v27.3 - https:\/\/yoast.com\/product\/yoast-seo-wordpress\/ -->\n<title>Sitrin &amp; Kaplang\u00f6z\u00fc Bereket Bilekli\u011fi - Astrolog Elvan<\/title>\n<meta name=\"robots\" content=\"index, follow, max-snippet:-1, max-image-preview:large, max-video-preview:-1\" \/>\n<link rel=\"canonical\" href=\"https:\/\/astrologelvan.com\/magaza\/urun\/sitrin-kaplangozu-bereket-bilekligi\/\" \/>\n<meta property=\"og:locale\" content=\"tr_TR\" \/>\n<meta property=\"og:type\" content=\"article\" \/>\n<meta property=\"og:title\" content=\"Sitrin &amp; Kaplang\u00f6z\u00fc Bereket Bilekli\u011fi - Astrolog Elvan\" \/>\n<meta property=\"og:description\" content=\"G\u00fcney Afrika\u2019da s\u0131k\u00e7a bulunan Kaplang\u00f6z\u00fc ta\u015f\u0131, alt\u0131n ve kahverengi kar\u0131\u015f\u0131m\u0131yla ortaya \u00e7\u0131kan parlakl\u0131\u011f\u0131 sayesinde bir kaplan\u0131n g\u00f6z\u00fcne benzetilmektedir. Refah getirmeye yard\u0131mc\u0131 olmakla birlikte bloke olan enerjilerinizin a\u00e7\u0131lmas\u0131n\u0131 sa\u011flarken tehlikelere kar\u015f\u0131 sizi korumaya yard\u0131mc\u0131 olur. Kaplan g\u00f6z\u00fc, zor durumda kald\u0131\u011f\u0131n\u0131zda cesur olmay\u0131 size hat\u0131rlat\u0131r. Gizemli g\u00f6r\u00fcn\u00fcm\u00fc sayesinde Efsane Ta\u015f\u0131 olarak bilinmektedir.  Hayat\u0131n\u0131za bolluk, bereket ve \u015fans\u0131 \u00e7ekin! Para ta\u015f\u0131 olarak da bilinen Sitrin ve Kaplang\u00f6z\u00fc bilekli\u011fi kullanmaya ba\u015flad\u0131\u011f\u0131n\u0131z andan itibaren finansal a\u00e7\u0131dan f\u0131rsatlar\u0131 hayat\u0131n\u0131za \u00e7ekersiniz.\" \/>\n<meta property=\"og:url\" content=\"https:\/\/astrologelvan.com\/magaza\/urun\/sitrin-kaplangozu-bereket-bilekligi\/\" \/>\n<meta property=\"og:site_name\" content=\"Astrolog Elvan\" \/>\n<meta property=\"article:modified_time\" content=\"2026-01-19T15:11:47+00:00\" \/>\n<meta name=\"twitter:card\" content=\"summary_large_image\" \/>\n<meta name=\"twitter:label1\" content=\"Tahmini okuma s\u00fcresi\" \/>\n\t<meta name=\"twitter:data1\" content=\"1 dakika\" \/>\n<script type=\"application\/ld+json\" class=\"yoast-schema-graph\">{\"@context\":\"https:\\\/\\\/schema.org\",\"@graph\":[{\"@type\":[\"WebPage\",\"ItemPage\"],\"@id\":\"https:\\\/\\\/astrologelvan.com\\\/magaza\\\/urun\\\/sitrin-kaplangozu-bereket-bilekligi\\\/\",\"url\":\"https:\\\/\\\/astrologelvan.com\\\/magaza\\\/urun\\\/sitrin-kaplangozu-bereket-bilekligi\\\/\",\"name\":\"Sitrin &amp; Kaplang\u00f6z\u00fc Bereket Bilekli\u011fi - Astrolog Elvan\",\"isPartOf\":{\"@id\":\"https:\\\/\\\/astrologelvan.com\\\/magaza\\\/#website\"},\"primaryImageOfPage\":{\"@id\":\"https:\\\/\\\/astrologelvan.com\\\/magaza\\\/urun\\\/sitrin-kaplangozu-bereket-bilekligi\\\/#primaryimage\"},\"image\":{\"@id\":\"https:\\\/\\\/astrologelvan.com\\\/magaza\\\/urun\\\/sitrin-kaplangozu-bereket-bilekligi\\\/#primaryimage\"},\"thumbnailUrl\":\"https:\\\/\\\/astrologelvan.com\\\/magaza\\\/wp-content\\\/uploads\\\/2025\\\/11\\\/IMG_4493-scaled.jpg\",\"datePublished\":\"2025-11-07T14:21:53+00:00\",\"dateModified\":\"2026-01-19T15:11:47+00:00\",\"breadcrumb\":{\"@id\":\"https:\\\/\\\/astrologelvan.com\\\/magaza\\\/urun\\\/sitrin-kaplangozu-bereket-bilekligi\\\/#breadcrumb\"},\"inLanguage\":\"tr\",\"potentialAction\":[{\"@type\":\"ReadAction\",\"target\":[\"https:\\\/\\\/astrologelvan.com\\\/magaza\\\/urun\\\/sitrin-kaplangozu-bereket-bilekligi\\\/\"]}]},{\"@type\":\"ImageObject\",\"inLanguage\":\"tr\",\"@id\":\"https:\\\/\\\/astrologelvan.com\\\/magaza\\\/urun\\\/sitrin-kaplangozu-bereket-bilekligi\\\/#primaryimage\",\"url\":\"https:\\\/\\\/astrologelvan.com\\\/magaza\\\/wp-content\\\/uploads\\\/2025\\\/11\\\/IMG_4493-scaled.jpg\",\"contentUrl\":\"https:\\\/\\\/astrologelvan.com\\\/magaza\\\/wp-content\\\/uploads\\\/2025\\\/11\\\/IMG_4493-scaled.jpg\",\"width\":1920,\"height\":2560},{\"@type\":\"BreadcrumbList\",\"@id\":\"https:\\\/\\\/astrologelvan.com\\\/magaza\\\/urun\\\/sitrin-kaplangozu-bereket-bilekligi\\\/#breadcrumb\",\"itemListElement\":[{\"@type\":\"ListItem\",\"position\":1,\"name\":\"Anasayfa\",\"item\":\"https:\\\/\\\/astrologelvan.com\\\/magaza\\\/\"},{\"@type\":\"ListItem\",\"position\":2,\"name\":\"Ma\u011faza\",\"item\":\"https:\\\/\\\/astrologelvan.com\\\/magaza\\\/magaza\\\/\"},{\"@type\":\"ListItem\",\"position\":3,\"name\":\"Sitrin &#038; Kaplang\u00f6z\u00fc Bereket Bilekli\u011fi\"}]},{\"@type\":\"WebSite\",\"@id\":\"https:\\\/\\\/astrologelvan.com\\\/magaza\\\/#website\",\"url\":\"https:\\\/\\\/astrologelvan.com\\\/magaza\\\/\",\"name\":\"Astrolog Elvan\",\"description\":\"\",\"potentialAction\":[{\"@type\":\"SearchAction\",\"target\":{\"@type\":\"EntryPoint\",\"urlTemplate\":\"https:\\\/\\\/astrologelvan.com\\\/magaza\\\/?s={search_term_string}\"},\"query-input\":{\"@type\":\"PropertyValueSpecification\",\"valueRequired\":true,\"valueName\":\"search_term_string\"}}],\"inLanguage\":\"tr\"}]}<\/script>\n<!-- \/ Yoast SEO plugin. -->","yoast_head_json":{"title":"Sitrin &amp; Kaplang\u00f6z\u00fc Bereket Bilekli\u011fi - Astrolog Elvan","robots":{"index":"index","follow":"follow","max-snippet":"max-snippet:-1","max-image-preview":"max-image-preview:large","max-video-preview":"max-video-preview:-1"},"canonical":"https:\/\/astrologelvan.com\/magaza\/urun\/sitrin-kaplangozu-bereket-bilekligi\/","og_locale":"tr_TR","og_type":"article","og_title":"Sitrin &amp; Kaplang\u00f6z\u00fc Bereket Bilekli\u011fi - Astrolog Elvan","og_description":"G\u00fcney Afrika\u2019da s\u0131k\u00e7a bulunan Kaplang\u00f6z\u00fc ta\u015f\u0131, alt\u0131n ve kahverengi kar\u0131\u015f\u0131m\u0131yla ortaya \u00e7\u0131kan parlakl\u0131\u011f\u0131 sayesinde bir kaplan\u0131n g\u00f6z\u00fcne benzetilmektedir. Refah getirmeye yard\u0131mc\u0131 olmakla birlikte bloke olan enerjilerinizin a\u00e7\u0131lmas\u0131n\u0131 sa\u011flarken tehlikelere kar\u015f\u0131 sizi korumaya yard\u0131mc\u0131 olur. Kaplan g\u00f6z\u00fc, zor durumda kald\u0131\u011f\u0131n\u0131zda cesur olmay\u0131 size hat\u0131rlat\u0131r. Gizemli g\u00f6r\u00fcn\u00fcm\u00fc sayesinde Efsane Ta\u015f\u0131 olarak bilinmektedir.  Hayat\u0131n\u0131za bolluk, bereket ve \u015fans\u0131 \u00e7ekin! Para ta\u015f\u0131 olarak da bilinen Sitrin ve Kaplang\u00f6z\u00fc bilekli\u011fi kullanmaya ba\u015flad\u0131\u011f\u0131n\u0131z andan itibaren finansal a\u00e7\u0131dan f\u0131rsatlar\u0131 hayat\u0131n\u0131za \u00e7ekersiniz.","og_url":"https:\/\/astrologelvan.com\/magaza\/urun\/sitrin-kaplangozu-bereket-bilekligi\/","og_site_name":"Astrolog Elvan","article_modified_time":"2026-01-19T15:11:47+00:00","twitter_card":"summary_large_image","twitter_misc":{"Tahmini okuma s\u00fcresi":"1 dakika"},"schema":{"@context":"https:\/\/schema.org","@graph":[{"@type":["WebPage","ItemPage"],"@id":"https:\/\/astrologelvan.com\/magaza\/urun\/sitrin-kaplangozu-bereket-bilekligi\/","url":"https:\/\/astrologelvan.com\/magaza\/urun\/sitrin-kaplangozu-bereket-bilekligi\/","name":"Sitrin &amp; Kaplang\u00f6z\u00fc Bereket Bilekli\u011fi - Astrolog Elvan","isPartOf":{"@id":"https:\/\/astrologelvan.com\/magaza\/#website"},"primaryImageOfPage":{"@id":"https:\/\/astrologelvan.com\/magaza\/urun\/sitrin-kaplangozu-bereket-bilekligi\/#primaryimage"},"image":{"@id":"https:\/\/astrologelvan.com\/magaza\/urun\/sitrin-kaplangozu-bereket-bilekligi\/#primaryimage"},"thumbnailUrl":"https:\/\/astrologelvan.com\/magaza\/wp-content\/uploads\/2025\/11\/IMG_4493-scaled.jpg","datePublished":"2025-11-07T14:21:53+00:00","dateModified":"2026-01-19T15:11:47+00:00","breadcrumb":{"@id":"https:\/\/astrologelvan.com\/magaza\/urun\/sitrin-kaplangozu-bereket-bilekligi\/#breadcrumb"},"inLanguage":"tr","potentialAction":[{"@type":"ReadAction","target":["https:\/\/astrologelvan.com\/magaza\/urun\/sitrin-kaplangozu-bereket-bilekligi\/"]}]},{"@type":"ImageObject","inLanguage":"tr","@id":"https:\/\/astrologelvan.com\/magaza\/urun\/sitrin-kaplangozu-bereket-bilekligi\/#primaryimage","url":"https:\/\/astrologelvan.com\/magaza\/wp-content\/uploads\/2025\/11\/IMG_4493-scaled.jpg","contentUrl":"https:\/\/astrologelvan.com\/magaza\/wp-content\/uploads\/2025\/11\/IMG_4493-scaled.jpg","width":1920,"height":2560},{"@type":"BreadcrumbList","@id":"https:\/\/astrologelvan.com\/magaza\/urun\/sitrin-kaplangozu-bereket-bilekligi\/#breadcrumb","itemListElement":[{"@type":"ListItem","position":1,"name":"Anasayfa","item":"https:\/\/astrologelvan.com\/magaza\/"},{"@type":"ListItem","position":2,"name":"Ma\u011faza","item":"https:\/\/astrologelvan.com\/magaza\/magaza\/"},{"@type":"ListItem","position":3,"name":"Sitrin &#038; Kaplang\u00f6z\u00fc Bereket Bilekli\u011fi"}]},{"@type":"WebSite","@id":"https:\/\/astrologelvan.com\/magaza\/#website","url":"https:\/\/astrologelvan.com\/magaza\/","name":"Astrolog Elvan","description":"","potentialAction":[{"@type":"SearchAction","target":{"@type":"EntryPoint","urlTemplate":"https:\/\/astrologelvan.com\/magaza\/?s={search_term_string}"},"query-input":{"@type":"PropertyValueSpecification","valueRequired":true,"valueName":"search_term_string"}}],"inLanguage":"tr"}]}},"_links":{"self":[{"href":"https:\/\/astrologelvan.com\/magaza\/wp-json\/wp\/v2\/product\/116550","targetHints":{"allow":["GET"]}}],"collection":[{"href":"https:\/\/astrologelvan.com\/magaza\/wp-json\/wp\/v2\/product"}],"about":[{"href":"https:\/\/astrologelvan.com\/magaza\/wp-json\/wp\/v2\/types\/product"}],"replies":[{"embeddable":true,"href":"https:\/\/astrologelvan.com\/magaza\/wp-json\/wp\/v2\/comments?post=116550"}],"wp:featuredmedia":[{"embeddable":true,"href":"https:\/\/astrologelvan.com\/magaza\/wp-json\/wp\/v2\/media\/116552"}],"wp:attachment":[{"href":"https:\/\/astrologelvan.com\/magaza\/wp-json\/wp\/v2\/media?parent=116550"}],"wp:term":[{"taxonomy":"product_brand","embeddable":true,"href":"https:\/\/astrologelvan.com\/magaza\/wp-json\/wp\/v2\/product_brand?post=116550"},{"taxonomy":"product_cat","embeddable":true,"href":"https:\/\/astrologelvan.com\/magaza\/wp-json\/wp\/v2\/product_cat?post=116550"},{"taxonomy":"product_tag","embeddable":true,"href":"https:\/\/astrologelvan.com\/magaza\/wp-json\/wp\/v2\/product_tag?post=116550"}],"curies":[{"name":"wp","href":"https:\/\/api.w.org\/{rel}","templated":true}]}}