{"id":112827,"date":"2025-10-27T15:02:51","date_gmt":"2025-10-27T12:02:51","guid":{"rendered":"https:\/\/astrologelvan.com\/magaza\/?post_type=product&#038;p=112827"},"modified":"2025-11-16T00:23:19","modified_gmt":"2025-11-15T21:23:19","slug":"zenginlik-ve-refah-atolyesi-astrolog-elvan","status":"publish","type":"product","link":"https:\/\/astrologelvan.com\/magaza\/urun\/zenginlik-ve-refah-atolyesi-astrolog-elvan\/","title":{"rendered":"Zenginlik ve Refah At\u00f6lyesi |\u00a0Astrolog Elvan"},"content":{"rendered":"","protected":false},"excerpt":{"rendered":"<p><em><strong><span style=\"color: #9134b0;\">\u201cBollu\u011fun kap\u0131s\u0131 i\u00e7eriden a\u00e7\u0131l\u0131r.\u201d<\/span><\/strong><\/em><\/p>\n<p>Hayat\u0131nda bereketin, ak\u0131\u015f\u0131n ve f\u0131rsatlar\u0131n \u00e7o\u011falmas\u0131n\u0131 istiyorsan; \u00f6nce i\u00e7indeki bolluk frekans\u0131n\u0131 uyand\u0131rman gerekir.<\/p>\n<p><span style=\"color: #333333;\">Bu at\u00f6lyede tam olarak bunu yapaca\u011f\u0131z.<\/span><\/p>\n<p><strong style=\"color: #333333;\">Bu bir \u201cpara kazanma\u201d e\u011fitimi de\u011fil.<\/strong><\/p>\n<div>Bu, para ile ili\u015fkini \u015fifaland\u0131rma,<\/div>\n<div>kendine lay\u0131k olma hissini y\u00fckseltme,<\/div>\n<div>\n<p>ve enerji alan\u0131n\u0131 bollu\u011fa a\u00e7ma s\u00fcrecidir.<\/p>\n<\/div>\n<div>Beraber;<\/div>\n<div><span style=\"color: #9134b0;\">\u2022Para bilincinin nerede blokland\u0131\u011f\u0131n\u0131,<\/span><\/div>\n<div><span style=\"color: #9134b0;\">\u2022Soydan, aileden ya da ge\u00e7mi\u015f deneyimlerden gelen \u201cyetersizlik kodlar\u0131n\u0131\u201d,<\/span><\/div>\n<div><span style=\"color: #9134b0;\">\u2022\u201cHak etmiyorum\u201d duygusunun nas\u0131l d\u00f6n\u00fc\u015ft\u00fc\u011f\u00fcn\u00fc<br \/>\n<\/span><span style=\"color: #000000;\">inceleyece\u011fiz.<\/span><\/div>\n<div>\n<p><span style=\"color: #333333;\"><br \/>\nSonra:<br \/>\n<\/span><span style=\"color: #9134b0;\">\u2728 Refah meditasyonu<br \/>\n<\/span><span style=\"color: #9134b0;\">\u2728 Zihin ve bilin\u00e7alt\u0131 programlama<br \/>\n<\/span><span style=\"color: #9134b0;\">\u2728 Yeni bolluk s\u00f6zle\u015fmesi<br \/>\n<\/span><span style=\"color: #9134b0;\">\u2728 Ruh ile maddeyi hizalama<br \/>\n<\/span><span style=\"color: #000000;\">yapaca\u011f\u0131z<\/span>.<\/p>\n<\/div>\n<div><span style=\"color: #000000;\">Bu at\u00f6lyeden sonra hayat\u0131nda \u201ctesad\u00fcfler\u201d \u00e7o\u011falacak.<\/span><\/div>\n<div>Kap\u0131lar a\u00e7\u0131lacak.<\/div>\n<div>\n<p>Ak\u0131\u015f h\u0131zlanacak.<\/p>\n<p><span style=\"color: #555555;\">\u00c7\u00fcnk\u00fc sen zenginlik bilincini hat\u0131rlayacaks\u0131n.<\/span><\/p>\n<p>Ve en g\u00fczeli:<\/p>\n<\/div>\n<div>\n<div>Bu at\u00f6lyenin gelirin bir k\u0131sm\u0131 sokak hayvanlar\u0131na mama ve bak\u0131m deste\u011fi olarak gidecek.<\/div>\n<div>Yani sen yaln\u0131zca kendi hayat\u0131na bollu\u011fu \u00e7a\u011f\u0131rmayacaks\u0131n;<\/div>\n<div>bir can\u0131n hayat\u0131na da umut olacaks\u0131n.<\/div>\n<div>Bu, hem ruhani hem d\u00fcnyevi bir hat\u0131rlay\u0131\u015f:<\/div>\n<div>\n<p>Sen bollu\u011fa lay\u0131ks\u0131n. Ve bolluk seninle b\u00fcy\u00fcd\u00fck\u00e7e, d\u00fcnya da iyile\u015fir.<\/p>\n<p>&nbsp;<\/p>\n<\/div>\n<p>Sipari\u015flerinizi olu\u015ftururken aktif kulland\u0131\u011f\u0131n\u0131z telefon numaran\u0131z\u0131 ve e-mail adresinizi girmelisiniz.<br \/>\n<span style=\"color: #ff0000;\"><strong>At\u00f6lye kay\u0131tlar\u0131<\/strong><\/span><span style=\"color: #ff0000;\"><strong> belirtti\u011finiz e-mail adresine link olarak g\u00f6nderilecektir.<\/strong><\/span><br \/>\nE-mail adresinizi do\u011fru yazd\u0131\u011f\u0131n\u0131za E-mail kutunuzun dolu olmamas\u0131na dikkat ediniz.<br \/>\n<strong>Her at\u00f6lye kayd\u0131 bir ki\u015fi i\u00e7in ge\u00e7erlidir, yasal olarak bir ba\u015fkas\u0131 ile payla\u015f\u0131lamaz.<\/strong><\/p>\n<\/div>\n<div class=\"sales-counter\" style=\" margin: 1em 0; padding: 10px; background-color: #fff; border: 1px solid #ddd;\">\u2728 605 Ki\u015fi Yerini Ay\u0131rd\u0131!<\/div>\n","protected":false},"featured_media":115789,"comment_status":"open","ping_status":"closed","template":"","meta":[],"product_brand":[596],"product_cat":[494],"product_tag":[496,498],"class_list":{"0":"post-112827","1":"product","2":"type-product","3":"status-publish","4":"has-post-thumbnail","6":"product_brand-astrolog-elvan","7":"product_cat-atolyeler","8":"product_tag-atolye","9":"product_tag-para","11":"first","12":"instock","13":"sale","14":"virtual","15":"taxable","16":"purchasable","17":"product-type-simple"},"yoast_head":"<!-- This site is optimized with the Yoast SEO plugin v27.3 - https:\/\/yoast.com\/product\/yoast-seo-wordpress\/ -->\n<title>Zenginlik ve Refah At\u00f6lyesi |\u00a0Astrolog Elvan - Astrolog Elvan<\/title>\n<meta name=\"robots\" content=\"index, follow, max-snippet:-1, max-image-preview:large, max-video-preview:-1\" \/>\n<link rel=\"canonical\" href=\"https:\/\/astrologelvan.com\/magaza\/urun\/zenginlik-ve-refah-atolyesi-astrolog-elvan\/\" \/>\n<meta property=\"og:locale\" content=\"tr_TR\" \/>\n<meta property=\"og:type\" content=\"article\" \/>\n<meta property=\"og:title\" content=\"Zenginlik ve Refah At\u00f6lyesi |\u00a0Astrolog Elvan - Astrolog Elvan\" \/>\n<meta property=\"og:description\" content=\"\u201cBollu\u011fun kap\u0131s\u0131 i\u00e7eriden a\u00e7\u0131l\u0131r.\u201d  Hayat\u0131nda bereketin, ak\u0131\u015f\u0131n ve f\u0131rsatlar\u0131n \u00e7o\u011falmas\u0131n\u0131 istiyorsan; \u00f6nce i\u00e7indeki bolluk frekans\u0131n\u0131 uyand\u0131rman gerekir.  Bu at\u00f6lyede tam olarak bunu yapaca\u011f\u0131z.  Bu bir \u201cpara kazanma\u201d e\u011fitimi de\u011fil. Bu, para ile ili\u015fkini \u015fifaland\u0131rma, kendine lay\u0131k olma hissini y\u00fckseltme,   ve enerji alan\u0131n\u0131 bollu\u011fa a\u00e7ma s\u00fcrecidir.   Beraber; \u2022Para bilincinin nerede blokland\u0131\u011f\u0131n\u0131, \u2022Soydan, aileden ya da ge\u00e7mi\u015f deneyimlerden gelen \u201cyetersizlik kodlar\u0131n\u0131\u201d, \u2022\u201cHak etmiyorum\u201d duygusunun nas\u0131l d\u00f6n\u00fc\u015ft\u00fc\u011f\u00fcn\u00fc inceleyece\u011fiz.    Sonra: \u2728 Refah meditasyonu \u2728 Zihin ve bilin\u00e7alt\u0131 programlama \u2728 Yeni bolluk s\u00f6zle\u015fmesi \u2728 Ruh ile maddeyi hizalama yapaca\u011f\u0131z.   Bu at\u00f6lyeden sonra hayat\u0131nda \u201ctesad\u00fcfler\u201d \u00e7o\u011falacak. Kap\u0131lar a\u00e7\u0131lacak.   Ak\u0131\u015f h\u0131zlanacak.  \u00c7\u00fcnk\u00fc sen zenginlik bilincini hat\u0131rlayacaks\u0131n.  Ve en g\u00fczeli:    Bu at\u00f6lyenin gelirin bir k\u0131sm\u0131 sokak hayvanlar\u0131na mama ve bak\u0131m deste\u011fi olarak gidecek. Yani sen yaln\u0131zca kendi hayat\u0131na bollu\u011fu \u00e7a\u011f\u0131rmayacaks\u0131n; bir can\u0131n hayat\u0131na da umut olacaks\u0131n. Bu, hem ruhani hem d\u00fcnyevi bir hat\u0131rlay\u0131\u015f:   Sen bollu\u011fa lay\u0131ks\u0131n. Ve bolluk seninle b\u00fcy\u00fcd\u00fck\u00e7e, d\u00fcnya da iyile\u015fir.  &nbsp;   Sipari\u015flerinizi olu\u015ftururken aktif kulland\u0131\u011f\u0131n\u0131z telefon numaran\u0131z\u0131 ve e-mail adresinizi girmelisiniz. At\u00f6lye kay\u0131tlar\u0131 belirtti\u011finiz e-mail adresine link olarak g\u00f6nderilecektir. E-mail adresinizi do\u011fru yazd\u0131\u011f\u0131n\u0131za E-mail kutunuzun dolu olmamas\u0131na dikkat ediniz. Her at\u00f6lye kayd\u0131 bir ki\u015fi i\u00e7in ge\u00e7erlidir, yasal olarak bir ba\u015fkas\u0131 ile payla\u015f\u0131lamaz.\" \/>\n<meta property=\"og:url\" content=\"https:\/\/astrologelvan.com\/magaza\/urun\/zenginlik-ve-refah-atolyesi-astrolog-elvan\/\" \/>\n<meta property=\"og:site_name\" content=\"Astrolog Elvan\" \/>\n<meta property=\"article:modified_time\" content=\"2025-11-15T21:23:19+00:00\" \/>\n<meta property=\"og:image\" content=\"https:\/\/astrologelvan.com\/magaza\/wp-content\/uploads\/2025\/11\/Mobil-copy-1-1.webp\" \/>\n\t<meta property=\"og:image:width\" content=\"1000\" \/>\n\t<meta property=\"og:image:height\" content=\"1300\" \/>\n\t<meta property=\"og:image:type\" content=\"image\/webp\" \/>\n<meta name=\"twitter:card\" content=\"summary_large_image\" \/>\n<meta name=\"twitter:label1\" content=\"Tahmini okuma s\u00fcresi\" \/>\n\t<meta name=\"twitter:data1\" content=\"1 dakika\" \/>\n<script type=\"application\/ld+json\" class=\"yoast-schema-graph\">{\"@context\":\"https:\\\/\\\/schema.org\",\"@graph\":[{\"@type\":[\"WebPage\",\"ItemPage\"],\"@id\":\"https:\\\/\\\/astrologelvan.com\\\/magaza\\\/urun\\\/zenginlik-ve-refah-atolyesi-astrolog-elvan\\\/\",\"url\":\"https:\\\/\\\/astrologelvan.com\\\/magaza\\\/urun\\\/zenginlik-ve-refah-atolyesi-astrolog-elvan\\\/\",\"name\":\"Zenginlik ve Refah At\u00f6lyesi |\u00a0Astrolog Elvan - Astrolog Elvan\",\"isPartOf\":{\"@id\":\"https:\\\/\\\/astrologelvan.com\\\/magaza\\\/#website\"},\"primaryImageOfPage\":{\"@id\":\"https:\\\/\\\/astrologelvan.com\\\/magaza\\\/urun\\\/zenginlik-ve-refah-atolyesi-astrolog-elvan\\\/#primaryimage\"},\"image\":{\"@id\":\"https:\\\/\\\/astrologelvan.com\\\/magaza\\\/urun\\\/zenginlik-ve-refah-atolyesi-astrolog-elvan\\\/#primaryimage\"},\"thumbnailUrl\":\"https:\\\/\\\/astrologelvan.com\\\/magaza\\\/wp-content\\\/uploads\\\/2025\\\/11\\\/Mobil-copy-1-1.webp\",\"datePublished\":\"2025-10-27T12:02:51+00:00\",\"dateModified\":\"2025-11-15T21:23:19+00:00\",\"breadcrumb\":{\"@id\":\"https:\\\/\\\/astrologelvan.com\\\/magaza\\\/urun\\\/zenginlik-ve-refah-atolyesi-astrolog-elvan\\\/#breadcrumb\"},\"inLanguage\":\"tr\",\"potentialAction\":[{\"@type\":\"ReadAction\",\"target\":[\"https:\\\/\\\/astrologelvan.com\\\/magaza\\\/urun\\\/zenginlik-ve-refah-atolyesi-astrolog-elvan\\\/\"]}]},{\"@type\":\"ImageObject\",\"inLanguage\":\"tr\",\"@id\":\"https:\\\/\\\/astrologelvan.com\\\/magaza\\\/urun\\\/zenginlik-ve-refah-atolyesi-astrolog-elvan\\\/#primaryimage\",\"url\":\"https:\\\/\\\/astrologelvan.com\\\/magaza\\\/wp-content\\\/uploads\\\/2025\\\/11\\\/Mobil-copy-1-1.webp\",\"contentUrl\":\"https:\\\/\\\/astrologelvan.com\\\/magaza\\\/wp-content\\\/uploads\\\/2025\\\/11\\\/Mobil-copy-1-1.webp\",\"width\":1000,\"height\":1300},{\"@type\":\"BreadcrumbList\",\"@id\":\"https:\\\/\\\/astrologelvan.com\\\/magaza\\\/urun\\\/zenginlik-ve-refah-atolyesi-astrolog-elvan\\\/#breadcrumb\",\"itemListElement\":[{\"@type\":\"ListItem\",\"position\":1,\"name\":\"Anasayfa\",\"item\":\"https:\\\/\\\/astrologelvan.com\\\/magaza\\\/\"},{\"@type\":\"ListItem\",\"position\":2,\"name\":\"Ma\u011faza\",\"item\":\"https:\\\/\\\/astrologelvan.com\\\/magaza\\\/magaza\\\/\"},{\"@type\":\"ListItem\",\"position\":3,\"name\":\"Zenginlik ve Refah At\u00f6lyesi |\u00a0Astrolog Elvan\"}]},{\"@type\":\"WebSite\",\"@id\":\"https:\\\/\\\/astrologelvan.com\\\/magaza\\\/#website\",\"url\":\"https:\\\/\\\/astrologelvan.com\\\/magaza\\\/\",\"name\":\"Astrolog Elvan\",\"description\":\"\",\"potentialAction\":[{\"@type\":\"SearchAction\",\"target\":{\"@type\":\"EntryPoint\",\"urlTemplate\":\"https:\\\/\\\/astrologelvan.com\\\/magaza\\\/?s={search_term_string}\"},\"query-input\":{\"@type\":\"PropertyValueSpecification\",\"valueRequired\":true,\"valueName\":\"search_term_string\"}}],\"inLanguage\":\"tr\"}]}<\/script>\n<!-- \/ Yoast SEO plugin. -->","yoast_head_json":{"title":"Zenginlik ve Refah At\u00f6lyesi |\u00a0Astrolog Elvan - Astrolog Elvan","robots":{"index":"index","follow":"follow","max-snippet":"max-snippet:-1","max-image-preview":"max-image-preview:large","max-video-preview":"max-video-preview:-1"},"canonical":"https:\/\/astrologelvan.com\/magaza\/urun\/zenginlik-ve-refah-atolyesi-astrolog-elvan\/","og_locale":"tr_TR","og_type":"article","og_title":"Zenginlik ve Refah At\u00f6lyesi |\u00a0Astrolog Elvan - Astrolog Elvan","og_description":"\u201cBollu\u011fun kap\u0131s\u0131 i\u00e7eriden a\u00e7\u0131l\u0131r.\u201d  Hayat\u0131nda bereketin, ak\u0131\u015f\u0131n ve f\u0131rsatlar\u0131n \u00e7o\u011falmas\u0131n\u0131 istiyorsan; \u00f6nce i\u00e7indeki bolluk frekans\u0131n\u0131 uyand\u0131rman gerekir.  Bu at\u00f6lyede tam olarak bunu yapaca\u011f\u0131z.  Bu bir \u201cpara kazanma\u201d e\u011fitimi de\u011fil. Bu, para ile ili\u015fkini \u015fifaland\u0131rma, kendine lay\u0131k olma hissini y\u00fckseltme,   ve enerji alan\u0131n\u0131 bollu\u011fa a\u00e7ma s\u00fcrecidir.   Beraber; \u2022Para bilincinin nerede blokland\u0131\u011f\u0131n\u0131, \u2022Soydan, aileden ya da ge\u00e7mi\u015f deneyimlerden gelen \u201cyetersizlik kodlar\u0131n\u0131\u201d, \u2022\u201cHak etmiyorum\u201d duygusunun nas\u0131l d\u00f6n\u00fc\u015ft\u00fc\u011f\u00fcn\u00fc inceleyece\u011fiz.    Sonra: \u2728 Refah meditasyonu \u2728 Zihin ve bilin\u00e7alt\u0131 programlama \u2728 Yeni bolluk s\u00f6zle\u015fmesi \u2728 Ruh ile maddeyi hizalama yapaca\u011f\u0131z.   Bu at\u00f6lyeden sonra hayat\u0131nda \u201ctesad\u00fcfler\u201d \u00e7o\u011falacak. Kap\u0131lar a\u00e7\u0131lacak.   Ak\u0131\u015f h\u0131zlanacak.  \u00c7\u00fcnk\u00fc sen zenginlik bilincini hat\u0131rlayacaks\u0131n.  Ve en g\u00fczeli:    Bu at\u00f6lyenin gelirin bir k\u0131sm\u0131 sokak hayvanlar\u0131na mama ve bak\u0131m deste\u011fi olarak gidecek. Yani sen yaln\u0131zca kendi hayat\u0131na bollu\u011fu \u00e7a\u011f\u0131rmayacaks\u0131n; bir can\u0131n hayat\u0131na da umut olacaks\u0131n. Bu, hem ruhani hem d\u00fcnyevi bir hat\u0131rlay\u0131\u015f:   Sen bollu\u011fa lay\u0131ks\u0131n. Ve bolluk seninle b\u00fcy\u00fcd\u00fck\u00e7e, d\u00fcnya da iyile\u015fir.  &nbsp;   Sipari\u015flerinizi olu\u015ftururken aktif kulland\u0131\u011f\u0131n\u0131z telefon numaran\u0131z\u0131 ve e-mail adresinizi girmelisiniz. At\u00f6lye kay\u0131tlar\u0131 belirtti\u011finiz e-mail adresine link olarak g\u00f6nderilecektir. E-mail adresinizi do\u011fru yazd\u0131\u011f\u0131n\u0131za E-mail kutunuzun dolu olmamas\u0131na dikkat ediniz. Her at\u00f6lye kayd\u0131 bir ki\u015fi i\u00e7in ge\u00e7erlidir, yasal olarak bir ba\u015fkas\u0131 ile payla\u015f\u0131lamaz.","og_url":"https:\/\/astrologelvan.com\/magaza\/urun\/zenginlik-ve-refah-atolyesi-astrolog-elvan\/","og_site_name":"Astrolog Elvan","article_modified_time":"2025-11-15T21:23:19+00:00","og_image":[{"width":1000,"height":1300,"url":"https:\/\/astrologelvan.com\/magaza\/wp-content\/uploads\/2025\/11\/Mobil-copy-1-1.webp","type":"image\/webp"}],"twitter_card":"summary_large_image","twitter_misc":{"Tahmini okuma s\u00fcresi":"1 dakika"},"schema":{"@context":"https:\/\/schema.org","@graph":[{"@type":["WebPage","ItemPage"],"@id":"https:\/\/astrologelvan.com\/magaza\/urun\/zenginlik-ve-refah-atolyesi-astrolog-elvan\/","url":"https:\/\/astrologelvan.com\/magaza\/urun\/zenginlik-ve-refah-atolyesi-astrolog-elvan\/","name":"Zenginlik ve Refah At\u00f6lyesi |\u00a0Astrolog Elvan - Astrolog Elvan","isPartOf":{"@id":"https:\/\/astrologelvan.com\/magaza\/#website"},"primaryImageOfPage":{"@id":"https:\/\/astrologelvan.com\/magaza\/urun\/zenginlik-ve-refah-atolyesi-astrolog-elvan\/#primaryimage"},"image":{"@id":"https:\/\/astrologelvan.com\/magaza\/urun\/zenginlik-ve-refah-atolyesi-astrolog-elvan\/#primaryimage"},"thumbnailUrl":"https:\/\/astrologelvan.com\/magaza\/wp-content\/uploads\/2025\/11\/Mobil-copy-1-1.webp","datePublished":"2025-10-27T12:02:51+00:00","dateModified":"2025-11-15T21:23:19+00:00","breadcrumb":{"@id":"https:\/\/astrologelvan.com\/magaza\/urun\/zenginlik-ve-refah-atolyesi-astrolog-elvan\/#breadcrumb"},"inLanguage":"tr","potentialAction":[{"@type":"ReadAction","target":["https:\/\/astrologelvan.com\/magaza\/urun\/zenginlik-ve-refah-atolyesi-astrolog-elvan\/"]}]},{"@type":"ImageObject","inLanguage":"tr","@id":"https:\/\/astrologelvan.com\/magaza\/urun\/zenginlik-ve-refah-atolyesi-astrolog-elvan\/#primaryimage","url":"https:\/\/astrologelvan.com\/magaza\/wp-content\/uploads\/2025\/11\/Mobil-copy-1-1.webp","contentUrl":"https:\/\/astrologelvan.com\/magaza\/wp-content\/uploads\/2025\/11\/Mobil-copy-1-1.webp","width":1000,"height":1300},{"@type":"BreadcrumbList","@id":"https:\/\/astrologelvan.com\/magaza\/urun\/zenginlik-ve-refah-atolyesi-astrolog-elvan\/#breadcrumb","itemListElement":[{"@type":"ListItem","position":1,"name":"Anasayfa","item":"https:\/\/astrologelvan.com\/magaza\/"},{"@type":"ListItem","position":2,"name":"Ma\u011faza","item":"https:\/\/astrologelvan.com\/magaza\/magaza\/"},{"@type":"ListItem","position":3,"name":"Zenginlik ve Refah At\u00f6lyesi |\u00a0Astrolog Elvan"}]},{"@type":"WebSite","@id":"https:\/\/astrologelvan.com\/magaza\/#website","url":"https:\/\/astrologelvan.com\/magaza\/","name":"Astrolog Elvan","description":"","potentialAction":[{"@type":"SearchAction","target":{"@type":"EntryPoint","urlTemplate":"https:\/\/astrologelvan.com\/magaza\/?s={search_term_string}"},"query-input":{"@type":"PropertyValueSpecification","valueRequired":true,"valueName":"search_term_string"}}],"inLanguage":"tr"}]}},"_links":{"self":[{"href":"https:\/\/astrologelvan.com\/magaza\/wp-json\/wp\/v2\/product\/112827","targetHints":{"allow":["GET"]}}],"collection":[{"href":"https:\/\/astrologelvan.com\/magaza\/wp-json\/wp\/v2\/product"}],"about":[{"href":"https:\/\/astrologelvan.com\/magaza\/wp-json\/wp\/v2\/types\/product"}],"replies":[{"embeddable":true,"href":"https:\/\/astrologelvan.com\/magaza\/wp-json\/wp\/v2\/comments?post=112827"}],"wp:featuredmedia":[{"embeddable":true,"href":"https:\/\/astrologelvan.com\/magaza\/wp-json\/wp\/v2\/media\/115789"}],"wp:attachment":[{"href":"https:\/\/astrologelvan.com\/magaza\/wp-json\/wp\/v2\/media?parent=112827"}],"wp:term":[{"taxonomy":"product_brand","embeddable":true,"href":"https:\/\/astrologelvan.com\/magaza\/wp-json\/wp\/v2\/product_brand?post=112827"},{"taxonomy":"product_cat","embeddable":true,"href":"https:\/\/astrologelvan.com\/magaza\/wp-json\/wp\/v2\/product_cat?post=112827"},{"taxonomy":"product_tag","embeddable":true,"href":"https:\/\/astrologelvan.com\/magaza\/wp-json\/wp\/v2\/product_tag?post=112827"}],"curies":[{"name":"wp","href":"https:\/\/api.w.org\/{rel}","templated":true}]}}