{"id":112467,"date":"2025-10-22T23:17:22","date_gmt":"2025-10-22T20:17:22","guid":{"rendered":"https:\/\/astrologelvan.com\/magaza\/?post_type=product&#038;p=112467"},"modified":"2026-02-20T21:42:38","modified_gmt":"2026-02-20T18:42:38","slug":"florit-kure-odaklanma-ve-basari-kuresi","status":"publish","type":"product","link":"https:\/\/astrologelvan.com\/magaza\/urun\/florit-kure-odaklanma-ve-basari-kuresi\/","title":{"rendered":"\u2728 Florit K\u00fcre \u2013 Odaklanma ve Ba\u015far\u0131 K\u00fcresi \u2728"},"content":{"rendered":"","protected":false},"excerpt":{"rendered":"<p>Florit, \u00f6\u011frenme s\u00fcrecinde zihnin en g\u00fc\u00e7l\u00fc destek\u00e7isidir. Bilgiyi d\u00fczenler, konsantrasyonu art\u0131r\u0131r ve yeni bilgileri kolayca \u00f6z\u00fcmsemenize yard\u0131mc\u0131 olur. \u00d6zellikle \u00e7al\u0131\u015fma alanlar\u0131nda kullan\u0131ld\u0131\u011f\u0131nda net d\u00fc\u015f\u00fcnmeyi te\u015fvik eder, zihni berrakla\u015ft\u0131r\u0131r.<\/p>\n<p>K\u00fcre formu, enerjiyi her y\u00f6ne e\u015fit \u015fekilde yayarak denge ve odak alan\u0131 olu\u015fturur.<br \/>\nZihinsel karma\u015fay\u0131 geride b\u0131rak\u0131n, Florit k\u00fcre ile \u00f6\u011frenmeyi ve \u00fcretkenli\u011fi destekleyen berrak bir enerji alan\u0131 yarat\u0131n.<\/p>\n<p><span style=\"color: #9134b0;\"><strong>Odak g\u00fcc\u00fcn\u00fcz\u00fc y\u00fckseltin!<\/strong><\/span><\/p>\n","protected":false},"featured_media":112468,"comment_status":"open","ping_status":"closed","template":"","meta":[],"product_brand":[],"product_cat":[103],"product_tag":[],"class_list":{"0":"post-112467","1":"product","2":"type-product","3":"status-publish","4":"has-post-thumbnail","6":"product_cat-florit-tasi","8":"first","9":"outofstock","10":"taxable","11":"shipping-taxable","12":"purchasable","13":"product-type-simple"},"yoast_head":"<!-- This site is optimized with the Yoast SEO plugin v27.3 - https:\/\/yoast.com\/product\/yoast-seo-wordpress\/ -->\n<title>\u2728 Florit K\u00fcre \u2013 Odaklanma ve Ba\u015far\u0131 K\u00fcresi \u2728 - Astrolog Elvan<\/title>\n<meta name=\"robots\" content=\"index, follow, max-snippet:-1, max-image-preview:large, max-video-preview:-1\" \/>\n<link rel=\"canonical\" href=\"https:\/\/astrologelvan.com\/magaza\/urun\/florit-kure-odaklanma-ve-basari-kuresi\/\" \/>\n<meta property=\"og:locale\" content=\"tr_TR\" \/>\n<meta property=\"og:type\" content=\"article\" \/>\n<meta property=\"og:title\" content=\"\u2728 Florit K\u00fcre \u2013 Odaklanma ve Ba\u015far\u0131 K\u00fcresi \u2728 - Astrolog Elvan\" \/>\n<meta property=\"og:description\" content=\"Florit, \u00f6\u011frenme s\u00fcrecinde zihnin en g\u00fc\u00e7l\u00fc destek\u00e7isidir. Bilgiyi d\u00fczenler, konsantrasyonu art\u0131r\u0131r ve yeni bilgileri kolayca \u00f6z\u00fcmsemenize yard\u0131mc\u0131 olur. \u00d6zellikle \u00e7al\u0131\u015fma alanlar\u0131nda kullan\u0131ld\u0131\u011f\u0131nda net d\u00fc\u015f\u00fcnmeyi te\u015fvik eder, zihni berrakla\u015ft\u0131r\u0131r.  K\u00fcre formu, enerjiyi her y\u00f6ne e\u015fit \u015fekilde yayarak denge ve odak alan\u0131 olu\u015fturur. Zihinsel karma\u015fay\u0131 geride b\u0131rak\u0131n, Florit k\u00fcre ile \u00f6\u011frenmeyi ve \u00fcretkenli\u011fi destekleyen berrak bir enerji alan\u0131 yarat\u0131n.  Odak g\u00fcc\u00fcn\u00fcz\u00fc y\u00fckseltin!\" \/>\n<meta property=\"og:url\" content=\"https:\/\/astrologelvan.com\/magaza\/urun\/florit-kure-odaklanma-ve-basari-kuresi\/\" \/>\n<meta property=\"og:site_name\" content=\"Astrolog Elvan\" \/>\n<meta property=\"article:modified_time\" content=\"2026-02-20T18:42:38+00:00\" \/>\n<meta property=\"og:image\" content=\"https:\/\/astrologelvan.com\/magaza\/wp-content\/uploads\/2025\/10\/20251022_155240-kopya.webp\" \/>\n\t<meta property=\"og:image:width\" content=\"1848\" \/>\n\t<meta property=\"og:image:height\" content=\"2464\" \/>\n\t<meta property=\"og:image:type\" content=\"image\/webp\" \/>\n<meta name=\"twitter:card\" content=\"summary_large_image\" \/>\n<meta name=\"twitter:label1\" content=\"Tahmini okuma s\u00fcresi\" \/>\n\t<meta name=\"twitter:data1\" content=\"1 dakika\" \/>\n<script type=\"application\/ld+json\" class=\"yoast-schema-graph\">{\"@context\":\"https:\\\/\\\/schema.org\",\"@graph\":[{\"@type\":[\"WebPage\",\"ItemPage\"],\"@id\":\"https:\\\/\\\/astrologelvan.com\\\/magaza\\\/urun\\\/florit-kure-odaklanma-ve-basari-kuresi\\\/\",\"url\":\"https:\\\/\\\/astrologelvan.com\\\/magaza\\\/urun\\\/florit-kure-odaklanma-ve-basari-kuresi\\\/\",\"name\":\"\u2728 Florit K\u00fcre \u2013 Odaklanma ve Ba\u015far\u0131 K\u00fcresi \u2728 - Astrolog Elvan\",\"isPartOf\":{\"@id\":\"https:\\\/\\\/astrologelvan.com\\\/magaza\\\/#website\"},\"primaryImageOfPage\":{\"@id\":\"https:\\\/\\\/astrologelvan.com\\\/magaza\\\/urun\\\/florit-kure-odaklanma-ve-basari-kuresi\\\/#primaryimage\"},\"image\":{\"@id\":\"https:\\\/\\\/astrologelvan.com\\\/magaza\\\/urun\\\/florit-kure-odaklanma-ve-basari-kuresi\\\/#primaryimage\"},\"thumbnailUrl\":\"https:\\\/\\\/astrologelvan.com\\\/magaza\\\/wp-content\\\/uploads\\\/2025\\\/10\\\/20251022_155240-kopya.webp\",\"datePublished\":\"2025-10-22T20:17:22+00:00\",\"dateModified\":\"2026-02-20T18:42:38+00:00\",\"breadcrumb\":{\"@id\":\"https:\\\/\\\/astrologelvan.com\\\/magaza\\\/urun\\\/florit-kure-odaklanma-ve-basari-kuresi\\\/#breadcrumb\"},\"inLanguage\":\"tr\",\"potentialAction\":[{\"@type\":\"ReadAction\",\"target\":[\"https:\\\/\\\/astrologelvan.com\\\/magaza\\\/urun\\\/florit-kure-odaklanma-ve-basari-kuresi\\\/\"]}]},{\"@type\":\"ImageObject\",\"inLanguage\":\"tr\",\"@id\":\"https:\\\/\\\/astrologelvan.com\\\/magaza\\\/urun\\\/florit-kure-odaklanma-ve-basari-kuresi\\\/#primaryimage\",\"url\":\"https:\\\/\\\/astrologelvan.com\\\/magaza\\\/wp-content\\\/uploads\\\/2025\\\/10\\\/20251022_155240-kopya.webp\",\"contentUrl\":\"https:\\\/\\\/astrologelvan.com\\\/magaza\\\/wp-content\\\/uploads\\\/2025\\\/10\\\/20251022_155240-kopya.webp\",\"width\":1848,\"height\":2464},{\"@type\":\"BreadcrumbList\",\"@id\":\"https:\\\/\\\/astrologelvan.com\\\/magaza\\\/urun\\\/florit-kure-odaklanma-ve-basari-kuresi\\\/#breadcrumb\",\"itemListElement\":[{\"@type\":\"ListItem\",\"position\":1,\"name\":\"Anasayfa\",\"item\":\"https:\\\/\\\/astrologelvan.com\\\/magaza\\\/\"},{\"@type\":\"ListItem\",\"position\":2,\"name\":\"Ma\u011faza\",\"item\":\"https:\\\/\\\/astrologelvan.com\\\/magaza\\\/magaza\\\/\"},{\"@type\":\"ListItem\",\"position\":3,\"name\":\"\u2728 Florit K\u00fcre \u2013 Odaklanma ve Ba\u015far\u0131 K\u00fcresi \u2728\"}]},{\"@type\":\"WebSite\",\"@id\":\"https:\\\/\\\/astrologelvan.com\\\/magaza\\\/#website\",\"url\":\"https:\\\/\\\/astrologelvan.com\\\/magaza\\\/\",\"name\":\"Astrolog Elvan\",\"description\":\"\",\"potentialAction\":[{\"@type\":\"SearchAction\",\"target\":{\"@type\":\"EntryPoint\",\"urlTemplate\":\"https:\\\/\\\/astrologelvan.com\\\/magaza\\\/?s={search_term_string}\"},\"query-input\":{\"@type\":\"PropertyValueSpecification\",\"valueRequired\":true,\"valueName\":\"search_term_string\"}}],\"inLanguage\":\"tr\"}]}<\/script>\n<!-- \/ Yoast SEO plugin. -->","yoast_head_json":{"title":"\u2728 Florit K\u00fcre \u2013 Odaklanma ve Ba\u015far\u0131 K\u00fcresi \u2728 - Astrolog Elvan","robots":{"index":"index","follow":"follow","max-snippet":"max-snippet:-1","max-image-preview":"max-image-preview:large","max-video-preview":"max-video-preview:-1"},"canonical":"https:\/\/astrologelvan.com\/magaza\/urun\/florit-kure-odaklanma-ve-basari-kuresi\/","og_locale":"tr_TR","og_type":"article","og_title":"\u2728 Florit K\u00fcre \u2013 Odaklanma ve Ba\u015far\u0131 K\u00fcresi \u2728 - Astrolog Elvan","og_description":"Florit, \u00f6\u011frenme s\u00fcrecinde zihnin en g\u00fc\u00e7l\u00fc destek\u00e7isidir. Bilgiyi d\u00fczenler, konsantrasyonu art\u0131r\u0131r ve yeni bilgileri kolayca \u00f6z\u00fcmsemenize yard\u0131mc\u0131 olur. \u00d6zellikle \u00e7al\u0131\u015fma alanlar\u0131nda kullan\u0131ld\u0131\u011f\u0131nda net d\u00fc\u015f\u00fcnmeyi te\u015fvik eder, zihni berrakla\u015ft\u0131r\u0131r.  K\u00fcre formu, enerjiyi her y\u00f6ne e\u015fit \u015fekilde yayarak denge ve odak alan\u0131 olu\u015fturur. Zihinsel karma\u015fay\u0131 geride b\u0131rak\u0131n, Florit k\u00fcre ile \u00f6\u011frenmeyi ve \u00fcretkenli\u011fi destekleyen berrak bir enerji alan\u0131 yarat\u0131n.  Odak g\u00fcc\u00fcn\u00fcz\u00fc y\u00fckseltin!","og_url":"https:\/\/astrologelvan.com\/magaza\/urun\/florit-kure-odaklanma-ve-basari-kuresi\/","og_site_name":"Astrolog Elvan","article_modified_time":"2026-02-20T18:42:38+00:00","og_image":[{"width":1848,"height":2464,"url":"https:\/\/astrologelvan.com\/magaza\/wp-content\/uploads\/2025\/10\/20251022_155240-kopya.webp","type":"image\/webp"}],"twitter_card":"summary_large_image","twitter_misc":{"Tahmini okuma s\u00fcresi":"1 dakika"},"schema":{"@context":"https:\/\/schema.org","@graph":[{"@type":["WebPage","ItemPage"],"@id":"https:\/\/astrologelvan.com\/magaza\/urun\/florit-kure-odaklanma-ve-basari-kuresi\/","url":"https:\/\/astrologelvan.com\/magaza\/urun\/florit-kure-odaklanma-ve-basari-kuresi\/","name":"\u2728 Florit K\u00fcre \u2013 Odaklanma ve Ba\u015far\u0131 K\u00fcresi \u2728 - Astrolog Elvan","isPartOf":{"@id":"https:\/\/astrologelvan.com\/magaza\/#website"},"primaryImageOfPage":{"@id":"https:\/\/astrologelvan.com\/magaza\/urun\/florit-kure-odaklanma-ve-basari-kuresi\/#primaryimage"},"image":{"@id":"https:\/\/astrologelvan.com\/magaza\/urun\/florit-kure-odaklanma-ve-basari-kuresi\/#primaryimage"},"thumbnailUrl":"https:\/\/astrologelvan.com\/magaza\/wp-content\/uploads\/2025\/10\/20251022_155240-kopya.webp","datePublished":"2025-10-22T20:17:22+00:00","dateModified":"2026-02-20T18:42:38+00:00","breadcrumb":{"@id":"https:\/\/astrologelvan.com\/magaza\/urun\/florit-kure-odaklanma-ve-basari-kuresi\/#breadcrumb"},"inLanguage":"tr","potentialAction":[{"@type":"ReadAction","target":["https:\/\/astrologelvan.com\/magaza\/urun\/florit-kure-odaklanma-ve-basari-kuresi\/"]}]},{"@type":"ImageObject","inLanguage":"tr","@id":"https:\/\/astrologelvan.com\/magaza\/urun\/florit-kure-odaklanma-ve-basari-kuresi\/#primaryimage","url":"https:\/\/astrologelvan.com\/magaza\/wp-content\/uploads\/2025\/10\/20251022_155240-kopya.webp","contentUrl":"https:\/\/astrologelvan.com\/magaza\/wp-content\/uploads\/2025\/10\/20251022_155240-kopya.webp","width":1848,"height":2464},{"@type":"BreadcrumbList","@id":"https:\/\/astrologelvan.com\/magaza\/urun\/florit-kure-odaklanma-ve-basari-kuresi\/#breadcrumb","itemListElement":[{"@type":"ListItem","position":1,"name":"Anasayfa","item":"https:\/\/astrologelvan.com\/magaza\/"},{"@type":"ListItem","position":2,"name":"Ma\u011faza","item":"https:\/\/astrologelvan.com\/magaza\/magaza\/"},{"@type":"ListItem","position":3,"name":"\u2728 Florit K\u00fcre \u2013 Odaklanma ve Ba\u015far\u0131 K\u00fcresi \u2728"}]},{"@type":"WebSite","@id":"https:\/\/astrologelvan.com\/magaza\/#website","url":"https:\/\/astrologelvan.com\/magaza\/","name":"Astrolog Elvan","description":"","potentialAction":[{"@type":"SearchAction","target":{"@type":"EntryPoint","urlTemplate":"https:\/\/astrologelvan.com\/magaza\/?s={search_term_string}"},"query-input":{"@type":"PropertyValueSpecification","valueRequired":true,"valueName":"search_term_string"}}],"inLanguage":"tr"}]}},"_links":{"self":[{"href":"https:\/\/astrologelvan.com\/magaza\/wp-json\/wp\/v2\/product\/112467","targetHints":{"allow":["GET"]}}],"collection":[{"href":"https:\/\/astrologelvan.com\/magaza\/wp-json\/wp\/v2\/product"}],"about":[{"href":"https:\/\/astrologelvan.com\/magaza\/wp-json\/wp\/v2\/types\/product"}],"replies":[{"embeddable":true,"href":"https:\/\/astrologelvan.com\/magaza\/wp-json\/wp\/v2\/comments?post=112467"}],"wp:featuredmedia":[{"embeddable":true,"href":"https:\/\/astrologelvan.com\/magaza\/wp-json\/wp\/v2\/media\/112468"}],"wp:attachment":[{"href":"https:\/\/astrologelvan.com\/magaza\/wp-json\/wp\/v2\/media?parent=112467"}],"wp:term":[{"taxonomy":"product_brand","embeddable":true,"href":"https:\/\/astrologelvan.com\/magaza\/wp-json\/wp\/v2\/product_brand?post=112467"},{"taxonomy":"product_cat","embeddable":true,"href":"https:\/\/astrologelvan.com\/magaza\/wp-json\/wp\/v2\/product_cat?post=112467"},{"taxonomy":"product_tag","embeddable":true,"href":"https:\/\/astrologelvan.com\/magaza\/wp-json\/wp\/v2\/product_tag?post=112467"}],"curies":[{"name":"wp","href":"https:\/\/api.w.org\/{rel}","templated":true}]}}