{"id":111355,"date":"2025-10-15T13:27:53","date_gmt":"2025-10-15T10:27:53","guid":{"rendered":"https:\/\/astrologelvan.com\/magaza\/?post_type=product&#038;p=111355"},"modified":"2025-12-02T21:27:03","modified_gmt":"2025-12-02T18:27:03","slug":"kozmik-opal-kolye","status":"publish","type":"product","link":"https:\/\/astrologelvan.com\/magaza\/urun\/kozmik-opal-kolye\/","title":{"rendered":"Kozmik Opal Kolye"},"content":{"rendered":"","protected":false},"excerpt":{"rendered":"<p>A\u015fk, tutku, kozmik fark\u0131ndal\u0131k ta\u015f\u0131d\u0131r. Negatifi emer ve gelen tarafa geri yans\u0131t\u0131r. Ge\u00e7mi\u015f ya\u015famlardaki duygusal durumunuza takt\u0131\u011f\u0131n\u0131z anda gidebilirsiniz. Opal kolyeyi takt\u0131\u011f\u0131n\u0131z g\u00fcn\u00fc iyi analiz edin. Ge\u00e7mi\u015f ya\u015famlar\u0131n\u0131za dair ipu\u00e7lar\u0131 bulacaks\u0131n\u0131z. Sadakat ve ba\u011fl\u0131l\u0131k getirir.<\/p>\n","protected":false},"featured_media":111363,"comment_status":"open","ping_status":"closed","template":"","meta":[],"product_brand":[],"product_cat":[48,471],"product_tag":[],"class_list":{"0":"post-111355","1":"product","2":"type-product","3":"status-publish","4":"has-post-thumbnail","6":"product_cat-kolyeler","7":"product_cat-opal-tasi","9":"first","10":"outofstock","11":"sale","12":"taxable","13":"shipping-taxable","14":"purchasable","15":"product-type-simple"},"yoast_head":"<!-- This site is optimized with the Yoast SEO plugin v27.3 - https:\/\/yoast.com\/product\/yoast-seo-wordpress\/ -->\n<title>Kozmik Opal Kolye - Astrolog Elvan<\/title>\n<meta name=\"robots\" content=\"index, follow, max-snippet:-1, max-image-preview:large, max-video-preview:-1\" \/>\n<link rel=\"canonical\" href=\"https:\/\/astrologelvan.com\/magaza\/urun\/kozmik-opal-kolye\/\" \/>\n<meta property=\"og:locale\" content=\"tr_TR\" \/>\n<meta property=\"og:type\" content=\"article\" \/>\n<meta property=\"og:title\" content=\"Kozmik Opal Kolye - Astrolog Elvan\" \/>\n<meta property=\"og:description\" content=\"A\u015fk, tutku, kozmik fark\u0131ndal\u0131k ta\u015f\u0131d\u0131r. Negatifi emer ve gelen tarafa geri yans\u0131t\u0131r. Ge\u00e7mi\u015f ya\u015famlardaki duygusal durumunuza takt\u0131\u011f\u0131n\u0131z anda gidebilirsiniz. Opal kolyeyi takt\u0131\u011f\u0131n\u0131z g\u00fcn\u00fc iyi analiz edin. Ge\u00e7mi\u015f ya\u015famlar\u0131n\u0131za dair ipu\u00e7lar\u0131 bulacaks\u0131n\u0131z. Sadakat ve ba\u011fl\u0131l\u0131k getirir.\" \/>\n<meta property=\"og:url\" content=\"https:\/\/astrologelvan.com\/magaza\/urun\/kozmik-opal-kolye\/\" \/>\n<meta property=\"og:site_name\" content=\"Astrolog Elvan\" \/>\n<meta property=\"article:modified_time\" content=\"2025-12-02T18:27:03+00:00\" \/>\n<meta property=\"og:image\" content=\"https:\/\/astrologelvan.com\/magaza\/wp-content\/uploads\/2025\/10\/1000167157.jpg\" \/>\n\t<meta property=\"og:image:width\" content=\"1848\" \/>\n\t<meta property=\"og:image:height\" content=\"2464\" \/>\n\t<meta property=\"og:image:type\" content=\"image\/jpeg\" \/>\n<meta name=\"twitter:card\" content=\"summary_large_image\" \/>\n<meta name=\"twitter:label1\" content=\"Tahmini okuma s\u00fcresi\" \/>\n\t<meta name=\"twitter:data1\" content=\"1 dakika\" \/>\n<script type=\"application\/ld+json\" class=\"yoast-schema-graph\">{\"@context\":\"https:\\\/\\\/schema.org\",\"@graph\":[{\"@type\":[\"WebPage\",\"ItemPage\"],\"@id\":\"https:\\\/\\\/astrologelvan.com\\\/magaza\\\/urun\\\/kozmik-opal-kolye\\\/\",\"url\":\"https:\\\/\\\/astrologelvan.com\\\/magaza\\\/urun\\\/kozmik-opal-kolye\\\/\",\"name\":\"Kozmik Opal Kolye - Astrolog Elvan\",\"isPartOf\":{\"@id\":\"https:\\\/\\\/astrologelvan.com\\\/magaza\\\/#website\"},\"primaryImageOfPage\":{\"@id\":\"https:\\\/\\\/astrologelvan.com\\\/magaza\\\/urun\\\/kozmik-opal-kolye\\\/#primaryimage\"},\"image\":{\"@id\":\"https:\\\/\\\/astrologelvan.com\\\/magaza\\\/urun\\\/kozmik-opal-kolye\\\/#primaryimage\"},\"thumbnailUrl\":\"https:\\\/\\\/astrologelvan.com\\\/magaza\\\/wp-content\\\/uploads\\\/2025\\\/10\\\/1000167157.jpg\",\"datePublished\":\"2025-10-15T10:27:53+00:00\",\"dateModified\":\"2025-12-02T18:27:03+00:00\",\"breadcrumb\":{\"@id\":\"https:\\\/\\\/astrologelvan.com\\\/magaza\\\/urun\\\/kozmik-opal-kolye\\\/#breadcrumb\"},\"inLanguage\":\"tr\",\"potentialAction\":[{\"@type\":\"ReadAction\",\"target\":[\"https:\\\/\\\/astrologelvan.com\\\/magaza\\\/urun\\\/kozmik-opal-kolye\\\/\"]}]},{\"@type\":\"ImageObject\",\"inLanguage\":\"tr\",\"@id\":\"https:\\\/\\\/astrologelvan.com\\\/magaza\\\/urun\\\/kozmik-opal-kolye\\\/#primaryimage\",\"url\":\"https:\\\/\\\/astrologelvan.com\\\/magaza\\\/wp-content\\\/uploads\\\/2025\\\/10\\\/1000167157.jpg\",\"contentUrl\":\"https:\\\/\\\/astrologelvan.com\\\/magaza\\\/wp-content\\\/uploads\\\/2025\\\/10\\\/1000167157.jpg\",\"width\":1848,\"height\":2464},{\"@type\":\"BreadcrumbList\",\"@id\":\"https:\\\/\\\/astrologelvan.com\\\/magaza\\\/urun\\\/kozmik-opal-kolye\\\/#breadcrumb\",\"itemListElement\":[{\"@type\":\"ListItem\",\"position\":1,\"name\":\"Anasayfa\",\"item\":\"https:\\\/\\\/astrologelvan.com\\\/magaza\\\/\"},{\"@type\":\"ListItem\",\"position\":2,\"name\":\"Ma\u011faza\",\"item\":\"https:\\\/\\\/astrologelvan.com\\\/magaza\\\/magaza\\\/\"},{\"@type\":\"ListItem\",\"position\":3,\"name\":\"Kozmik Opal Kolye\"}]},{\"@type\":\"WebSite\",\"@id\":\"https:\\\/\\\/astrologelvan.com\\\/magaza\\\/#website\",\"url\":\"https:\\\/\\\/astrologelvan.com\\\/magaza\\\/\",\"name\":\"Astrolog Elvan\",\"description\":\"\",\"potentialAction\":[{\"@type\":\"SearchAction\",\"target\":{\"@type\":\"EntryPoint\",\"urlTemplate\":\"https:\\\/\\\/astrologelvan.com\\\/magaza\\\/?s={search_term_string}\"},\"query-input\":{\"@type\":\"PropertyValueSpecification\",\"valueRequired\":true,\"valueName\":\"search_term_string\"}}],\"inLanguage\":\"tr\"}]}<\/script>\n<!-- \/ Yoast SEO plugin. -->","yoast_head_json":{"title":"Kozmik Opal Kolye - Astrolog Elvan","robots":{"index":"index","follow":"follow","max-snippet":"max-snippet:-1","max-image-preview":"max-image-preview:large","max-video-preview":"max-video-preview:-1"},"canonical":"https:\/\/astrologelvan.com\/magaza\/urun\/kozmik-opal-kolye\/","og_locale":"tr_TR","og_type":"article","og_title":"Kozmik Opal Kolye - Astrolog Elvan","og_description":"A\u015fk, tutku, kozmik fark\u0131ndal\u0131k ta\u015f\u0131d\u0131r. Negatifi emer ve gelen tarafa geri yans\u0131t\u0131r. Ge\u00e7mi\u015f ya\u015famlardaki duygusal durumunuza takt\u0131\u011f\u0131n\u0131z anda gidebilirsiniz. Opal kolyeyi takt\u0131\u011f\u0131n\u0131z g\u00fcn\u00fc iyi analiz edin. Ge\u00e7mi\u015f ya\u015famlar\u0131n\u0131za dair ipu\u00e7lar\u0131 bulacaks\u0131n\u0131z. Sadakat ve ba\u011fl\u0131l\u0131k getirir.","og_url":"https:\/\/astrologelvan.com\/magaza\/urun\/kozmik-opal-kolye\/","og_site_name":"Astrolog Elvan","article_modified_time":"2025-12-02T18:27:03+00:00","og_image":[{"width":1848,"height":2464,"url":"https:\/\/astrologelvan.com\/magaza\/wp-content\/uploads\/2025\/10\/1000167157.jpg","type":"image\/jpeg"}],"twitter_card":"summary_large_image","twitter_misc":{"Tahmini okuma s\u00fcresi":"1 dakika"},"schema":{"@context":"https:\/\/schema.org","@graph":[{"@type":["WebPage","ItemPage"],"@id":"https:\/\/astrologelvan.com\/magaza\/urun\/kozmik-opal-kolye\/","url":"https:\/\/astrologelvan.com\/magaza\/urun\/kozmik-opal-kolye\/","name":"Kozmik Opal Kolye - Astrolog Elvan","isPartOf":{"@id":"https:\/\/astrologelvan.com\/magaza\/#website"},"primaryImageOfPage":{"@id":"https:\/\/astrologelvan.com\/magaza\/urun\/kozmik-opal-kolye\/#primaryimage"},"image":{"@id":"https:\/\/astrologelvan.com\/magaza\/urun\/kozmik-opal-kolye\/#primaryimage"},"thumbnailUrl":"https:\/\/astrologelvan.com\/magaza\/wp-content\/uploads\/2025\/10\/1000167157.jpg","datePublished":"2025-10-15T10:27:53+00:00","dateModified":"2025-12-02T18:27:03+00:00","breadcrumb":{"@id":"https:\/\/astrologelvan.com\/magaza\/urun\/kozmik-opal-kolye\/#breadcrumb"},"inLanguage":"tr","potentialAction":[{"@type":"ReadAction","target":["https:\/\/astrologelvan.com\/magaza\/urun\/kozmik-opal-kolye\/"]}]},{"@type":"ImageObject","inLanguage":"tr","@id":"https:\/\/astrologelvan.com\/magaza\/urun\/kozmik-opal-kolye\/#primaryimage","url":"https:\/\/astrologelvan.com\/magaza\/wp-content\/uploads\/2025\/10\/1000167157.jpg","contentUrl":"https:\/\/astrologelvan.com\/magaza\/wp-content\/uploads\/2025\/10\/1000167157.jpg","width":1848,"height":2464},{"@type":"BreadcrumbList","@id":"https:\/\/astrologelvan.com\/magaza\/urun\/kozmik-opal-kolye\/#breadcrumb","itemListElement":[{"@type":"ListItem","position":1,"name":"Anasayfa","item":"https:\/\/astrologelvan.com\/magaza\/"},{"@type":"ListItem","position":2,"name":"Ma\u011faza","item":"https:\/\/astrologelvan.com\/magaza\/magaza\/"},{"@type":"ListItem","position":3,"name":"Kozmik Opal Kolye"}]},{"@type":"WebSite","@id":"https:\/\/astrologelvan.com\/magaza\/#website","url":"https:\/\/astrologelvan.com\/magaza\/","name":"Astrolog Elvan","description":"","potentialAction":[{"@type":"SearchAction","target":{"@type":"EntryPoint","urlTemplate":"https:\/\/astrologelvan.com\/magaza\/?s={search_term_string}"},"query-input":{"@type":"PropertyValueSpecification","valueRequired":true,"valueName":"search_term_string"}}],"inLanguage":"tr"}]}},"_links":{"self":[{"href":"https:\/\/astrologelvan.com\/magaza\/wp-json\/wp\/v2\/product\/111355","targetHints":{"allow":["GET"]}}],"collection":[{"href":"https:\/\/astrologelvan.com\/magaza\/wp-json\/wp\/v2\/product"}],"about":[{"href":"https:\/\/astrologelvan.com\/magaza\/wp-json\/wp\/v2\/types\/product"}],"replies":[{"embeddable":true,"href":"https:\/\/astrologelvan.com\/magaza\/wp-json\/wp\/v2\/comments?post=111355"}],"wp:featuredmedia":[{"embeddable":true,"href":"https:\/\/astrologelvan.com\/magaza\/wp-json\/wp\/v2\/media\/111363"}],"wp:attachment":[{"href":"https:\/\/astrologelvan.com\/magaza\/wp-json\/wp\/v2\/media?parent=111355"}],"wp:term":[{"taxonomy":"product_brand","embeddable":true,"href":"https:\/\/astrologelvan.com\/magaza\/wp-json\/wp\/v2\/product_brand?post=111355"},{"taxonomy":"product_cat","embeddable":true,"href":"https:\/\/astrologelvan.com\/magaza\/wp-json\/wp\/v2\/product_cat?post=111355"},{"taxonomy":"product_tag","embeddable":true,"href":"https:\/\/astrologelvan.com\/magaza\/wp-json\/wp\/v2\/product_tag?post=111355"}],"curies":[{"name":"wp","href":"https:\/\/api.w.org\/{rel}","templated":true}]}}