{"id":110937,"date":"2025-10-13T08:29:01","date_gmt":"2025-10-13T05:29:01","guid":{"rendered":"https:\/\/astrologelvan.com\/magaza\/?post_type=product&#038;p=110937"},"modified":"2026-04-01T14:37:03","modified_gmt":"2026-04-01T11:37:03","slug":"karnelyan-akik-kolye","status":"publish","type":"product","link":"https:\/\/astrologelvan.com\/magaza\/urun\/karnelyan-akik-kolye\/","title":{"rendered":"\ud83d\udd25 Karnelyan Akik Kolye \u2013 G\u00fcc\u00fcn\u00fc Hisset, K\u00f6klen ve Parla! \ud83d\udd25"},"content":{"rendered":"","protected":false},"excerpt":{"rendered":"<p>Karnelyan akik, i\u00e7inizdeki ate\u015fi uyand\u0131ran ve sizi hayata kararl\u0131l\u0131kla ba\u011flayan ta\u015flar\u0131n en g\u00fc\u00e7l\u00fcs\u00fcd\u00fcr. Cesareti, \u00f6zg\u00fcveni ve g\u00f6r\u00fcn\u00fcr olma enerjisini aktive eder. Her takt\u0131\u011f\u0131n\u0131zda sizi merkeze ta\u015f\u0131r, ad\u0131mlar\u0131n\u0131za sa\u011flaml\u0131k, enerjinize kararl\u0131l\u0131k katar.<\/p>\n<p>Topraklay\u0131c\u0131 titre\u015fimi sayesinde, k\u00f6klenmenizi destekler ve sizi i\u00e7sel g\u00fcc\u00fcn\u00fczle bulu\u015fturur. Karars\u0131zl\u0131klar\u0131, korkular\u0131 ve \u00e7ekingenli\u011fi geride b\u0131rakman\u0131z\u0131 sa\u011flar. Bu kolye, sadece bir aksesuar de\u011fil, kendinizi hat\u0131rlaman\u0131n ve g\u00fcc\u00fcn\u00fcz\u00fc sahiplenmenin sembol\u00fcd\u00fcr.<\/p>\n<p>\u2764\ufe0f Karnelyan Akik Kolye, kendi \u0131\u015f\u0131\u011f\u0131yla g\u00f6r\u00fcn\u00fcr olmak, enerjisini y\u00fckseltmek ve ya\u015fam\u0131n ak\u0131\u015f\u0131na g\u00fcvenle k\u00f6k salmak isteyenler i\u00e7in tasarland\u0131.<\/p>\n<p>\u2728 Her tak\u0131\u015f\u0131nda i\u00e7inden \u201cben buraday\u0131m\u201d diyen bir enerjiyle par\u0131lda!<\/p>\n<p>\ud83d\uded2 \u015eimdi sepete ekle, g\u00fcc\u00fcn\u00fc tak, g\u00f6r\u00fcn\u00fcrl\u00fc\u011f\u00fcn\u00fc parlat!<\/p>\n","protected":false},"featured_media":110938,"comment_status":"open","ping_status":"closed","template":"","meta":[],"product_brand":[],"product_cat":[333,9609,48],"product_tag":[510,7300,73],"class_list":{"0":"post-110937","1":"product","2":"type-product","3":"status-publish","4":"has-post-thumbnail","6":"product_cat-akik-tasi","7":"product_cat-karnelyan","8":"product_cat-kolyeler","9":"product_tag-akik","10":"product_tag-karnelyan","11":"product_tag-kolye","13":"first","14":"instock","15":"taxable","16":"shipping-taxable","17":"purchasable","18":"product-type-simple"},"yoast_head":"<!-- This site is optimized with the Yoast SEO plugin v27.3 - https:\/\/yoast.com\/product\/yoast-seo-wordpress\/ -->\n<title>\ud83d\udd25 Karnelyan Akik Kolye \u2013 G\u00fcc\u00fcn\u00fc Hisset, K\u00f6klen ve Parla! \ud83d\udd25 - Astrolog Elvan<\/title>\n<meta name=\"robots\" content=\"index, follow, max-snippet:-1, max-image-preview:large, max-video-preview:-1\" \/>\n<link rel=\"canonical\" href=\"https:\/\/astrologelvan.com\/magaza\/urun\/karnelyan-akik-kolye\/\" \/>\n<meta property=\"og:locale\" content=\"tr_TR\" \/>\n<meta property=\"og:type\" content=\"article\" \/>\n<meta property=\"og:title\" content=\"\ud83d\udd25 Karnelyan Akik Kolye \u2013 G\u00fcc\u00fcn\u00fc Hisset, K\u00f6klen ve Parla! \ud83d\udd25 - Astrolog Elvan\" \/>\n<meta property=\"og:description\" content=\"Karnelyan akik, i\u00e7inizdeki ate\u015fi uyand\u0131ran ve sizi hayata kararl\u0131l\u0131kla ba\u011flayan ta\u015flar\u0131n en g\u00fc\u00e7l\u00fcs\u00fcd\u00fcr. Cesareti, \u00f6zg\u00fcveni ve g\u00f6r\u00fcn\u00fcr olma enerjisini aktive eder. Her takt\u0131\u011f\u0131n\u0131zda sizi merkeze ta\u015f\u0131r, ad\u0131mlar\u0131n\u0131za sa\u011flaml\u0131k, enerjinize kararl\u0131l\u0131k katar.  Topraklay\u0131c\u0131 titre\u015fimi sayesinde, k\u00f6klenmenizi destekler ve sizi i\u00e7sel g\u00fcc\u00fcn\u00fczle bulu\u015fturur. Karars\u0131zl\u0131klar\u0131, korkular\u0131 ve \u00e7ekingenli\u011fi geride b\u0131rakman\u0131z\u0131 sa\u011flar. Bu kolye, sadece bir aksesuar de\u011fil, kendinizi hat\u0131rlaman\u0131n ve g\u00fcc\u00fcn\u00fcz\u00fc sahiplenmenin sembol\u00fcd\u00fcr.  \u2764\ufe0f Karnelyan Akik Kolye, kendi \u0131\u015f\u0131\u011f\u0131yla g\u00f6r\u00fcn\u00fcr olmak, enerjisini y\u00fckseltmek ve ya\u015fam\u0131n ak\u0131\u015f\u0131na g\u00fcvenle k\u00f6k salmak isteyenler i\u00e7in tasarland\u0131.  \u2728 Her tak\u0131\u015f\u0131nda i\u00e7inden \u201cben buraday\u0131m\u201d diyen bir enerjiyle par\u0131lda!  \ud83d\uded2 \u015eimdi sepete ekle, g\u00fcc\u00fcn\u00fc tak, g\u00f6r\u00fcn\u00fcrl\u00fc\u011f\u00fcn\u00fc parlat!\" \/>\n<meta property=\"og:url\" content=\"https:\/\/astrologelvan.com\/magaza\/urun\/karnelyan-akik-kolye\/\" \/>\n<meta property=\"og:site_name\" content=\"Astrolog Elvan\" \/>\n<meta property=\"article:modified_time\" content=\"2026-04-01T11:37:03+00:00\" \/>\n<meta property=\"og:image\" content=\"https:\/\/astrologelvan.com\/magaza\/wp-content\/uploads\/2025\/10\/1000165113.jpg\" \/>\n\t<meta property=\"og:image:width\" content=\"1020\" \/>\n\t<meta property=\"og:image:height\" content=\"1360\" \/>\n\t<meta property=\"og:image:type\" content=\"image\/jpeg\" \/>\n<meta name=\"twitter:card\" content=\"summary_large_image\" \/>\n<meta name=\"twitter:label1\" content=\"Tahmini okuma s\u00fcresi\" \/>\n\t<meta name=\"twitter:data1\" content=\"1 dakika\" \/>\n<script type=\"application\/ld+json\" class=\"yoast-schema-graph\">{\"@context\":\"https:\\\/\\\/schema.org\",\"@graph\":[{\"@type\":[\"WebPage\",\"ItemPage\"],\"@id\":\"https:\\\/\\\/astrologelvan.com\\\/magaza\\\/urun\\\/karnelyan-akik-kolye\\\/\",\"url\":\"https:\\\/\\\/astrologelvan.com\\\/magaza\\\/urun\\\/karnelyan-akik-kolye\\\/\",\"name\":\"\ud83d\udd25 Karnelyan Akik Kolye \u2013 G\u00fcc\u00fcn\u00fc Hisset, K\u00f6klen ve Parla! \ud83d\udd25 - Astrolog Elvan\",\"isPartOf\":{\"@id\":\"https:\\\/\\\/astrologelvan.com\\\/magaza\\\/#website\"},\"primaryImageOfPage\":{\"@id\":\"https:\\\/\\\/astrologelvan.com\\\/magaza\\\/urun\\\/karnelyan-akik-kolye\\\/#primaryimage\"},\"image\":{\"@id\":\"https:\\\/\\\/astrologelvan.com\\\/magaza\\\/urun\\\/karnelyan-akik-kolye\\\/#primaryimage\"},\"thumbnailUrl\":\"https:\\\/\\\/astrologelvan.com\\\/magaza\\\/wp-content\\\/uploads\\\/2025\\\/10\\\/1000165113.jpg\",\"datePublished\":\"2025-10-13T05:29:01+00:00\",\"dateModified\":\"2026-04-01T11:37:03+00:00\",\"breadcrumb\":{\"@id\":\"https:\\\/\\\/astrologelvan.com\\\/magaza\\\/urun\\\/karnelyan-akik-kolye\\\/#breadcrumb\"},\"inLanguage\":\"tr\",\"potentialAction\":[{\"@type\":\"ReadAction\",\"target\":[\"https:\\\/\\\/astrologelvan.com\\\/magaza\\\/urun\\\/karnelyan-akik-kolye\\\/\"]}]},{\"@type\":\"ImageObject\",\"inLanguage\":\"tr\",\"@id\":\"https:\\\/\\\/astrologelvan.com\\\/magaza\\\/urun\\\/karnelyan-akik-kolye\\\/#primaryimage\",\"url\":\"https:\\\/\\\/astrologelvan.com\\\/magaza\\\/wp-content\\\/uploads\\\/2025\\\/10\\\/1000165113.jpg\",\"contentUrl\":\"https:\\\/\\\/astrologelvan.com\\\/magaza\\\/wp-content\\\/uploads\\\/2025\\\/10\\\/1000165113.jpg\",\"width\":1848,\"height\":2464},{\"@type\":\"BreadcrumbList\",\"@id\":\"https:\\\/\\\/astrologelvan.com\\\/magaza\\\/urun\\\/karnelyan-akik-kolye\\\/#breadcrumb\",\"itemListElement\":[{\"@type\":\"ListItem\",\"position\":1,\"name\":\"Anasayfa\",\"item\":\"https:\\\/\\\/astrologelvan.com\\\/magaza\\\/\"},{\"@type\":\"ListItem\",\"position\":2,\"name\":\"Ma\u011faza\",\"item\":\"https:\\\/\\\/astrologelvan.com\\\/magaza\\\/magaza\\\/\"},{\"@type\":\"ListItem\",\"position\":3,\"name\":\"\ud83d\udd25 Karnelyan Akik Kolye \u2013 G\u00fcc\u00fcn\u00fc Hisset, K\u00f6klen ve Parla! \ud83d\udd25\"}]},{\"@type\":\"WebSite\",\"@id\":\"https:\\\/\\\/astrologelvan.com\\\/magaza\\\/#website\",\"url\":\"https:\\\/\\\/astrologelvan.com\\\/magaza\\\/\",\"name\":\"Astrolog Elvan\",\"description\":\"\",\"potentialAction\":[{\"@type\":\"SearchAction\",\"target\":{\"@type\":\"EntryPoint\",\"urlTemplate\":\"https:\\\/\\\/astrologelvan.com\\\/magaza\\\/?s={search_term_string}\"},\"query-input\":{\"@type\":\"PropertyValueSpecification\",\"valueRequired\":true,\"valueName\":\"search_term_string\"}}],\"inLanguage\":\"tr\"}]}<\/script>\n<!-- \/ Yoast SEO plugin. -->","yoast_head_json":{"title":"\ud83d\udd25 Karnelyan Akik Kolye \u2013 G\u00fcc\u00fcn\u00fc Hisset, K\u00f6klen ve Parla! \ud83d\udd25 - Astrolog Elvan","robots":{"index":"index","follow":"follow","max-snippet":"max-snippet:-1","max-image-preview":"max-image-preview:large","max-video-preview":"max-video-preview:-1"},"canonical":"https:\/\/astrologelvan.com\/magaza\/urun\/karnelyan-akik-kolye\/","og_locale":"tr_TR","og_type":"article","og_title":"\ud83d\udd25 Karnelyan Akik Kolye \u2013 G\u00fcc\u00fcn\u00fc Hisset, K\u00f6klen ve Parla! \ud83d\udd25 - Astrolog Elvan","og_description":"Karnelyan akik, i\u00e7inizdeki ate\u015fi uyand\u0131ran ve sizi hayata kararl\u0131l\u0131kla ba\u011flayan ta\u015flar\u0131n en g\u00fc\u00e7l\u00fcs\u00fcd\u00fcr. Cesareti, \u00f6zg\u00fcveni ve g\u00f6r\u00fcn\u00fcr olma enerjisini aktive eder. Her takt\u0131\u011f\u0131n\u0131zda sizi merkeze ta\u015f\u0131r, ad\u0131mlar\u0131n\u0131za sa\u011flaml\u0131k, enerjinize kararl\u0131l\u0131k katar.  Topraklay\u0131c\u0131 titre\u015fimi sayesinde, k\u00f6klenmenizi destekler ve sizi i\u00e7sel g\u00fcc\u00fcn\u00fczle bulu\u015fturur. Karars\u0131zl\u0131klar\u0131, korkular\u0131 ve \u00e7ekingenli\u011fi geride b\u0131rakman\u0131z\u0131 sa\u011flar. Bu kolye, sadece bir aksesuar de\u011fil, kendinizi hat\u0131rlaman\u0131n ve g\u00fcc\u00fcn\u00fcz\u00fc sahiplenmenin sembol\u00fcd\u00fcr.  \u2764\ufe0f Karnelyan Akik Kolye, kendi \u0131\u015f\u0131\u011f\u0131yla g\u00f6r\u00fcn\u00fcr olmak, enerjisini y\u00fckseltmek ve ya\u015fam\u0131n ak\u0131\u015f\u0131na g\u00fcvenle k\u00f6k salmak isteyenler i\u00e7in tasarland\u0131.  \u2728 Her tak\u0131\u015f\u0131nda i\u00e7inden \u201cben buraday\u0131m\u201d diyen bir enerjiyle par\u0131lda!  \ud83d\uded2 \u015eimdi sepete ekle, g\u00fcc\u00fcn\u00fc tak, g\u00f6r\u00fcn\u00fcrl\u00fc\u011f\u00fcn\u00fc parlat!","og_url":"https:\/\/astrologelvan.com\/magaza\/urun\/karnelyan-akik-kolye\/","og_site_name":"Astrolog Elvan","article_modified_time":"2026-04-01T11:37:03+00:00","og_image":[{"url":"https:\/\/astrologelvan.com\/magaza\/wp-content\/uploads\/2025\/10\/1000165113.jpg","width":1020,"height":1360,"type":"image\/jpeg"}],"twitter_card":"summary_large_image","twitter_misc":{"Tahmini okuma s\u00fcresi":"1 dakika"},"schema":{"@context":"https:\/\/schema.org","@graph":[{"@type":["WebPage","ItemPage"],"@id":"https:\/\/astrologelvan.com\/magaza\/urun\/karnelyan-akik-kolye\/","url":"https:\/\/astrologelvan.com\/magaza\/urun\/karnelyan-akik-kolye\/","name":"\ud83d\udd25 Karnelyan Akik Kolye \u2013 G\u00fcc\u00fcn\u00fc Hisset, K\u00f6klen ve Parla! \ud83d\udd25 - Astrolog Elvan","isPartOf":{"@id":"https:\/\/astrologelvan.com\/magaza\/#website"},"primaryImageOfPage":{"@id":"https:\/\/astrologelvan.com\/magaza\/urun\/karnelyan-akik-kolye\/#primaryimage"},"image":{"@id":"https:\/\/astrologelvan.com\/magaza\/urun\/karnelyan-akik-kolye\/#primaryimage"},"thumbnailUrl":"https:\/\/astrologelvan.com\/magaza\/wp-content\/uploads\/2025\/10\/1000165113.jpg","datePublished":"2025-10-13T05:29:01+00:00","dateModified":"2026-04-01T11:37:03+00:00","breadcrumb":{"@id":"https:\/\/astrologelvan.com\/magaza\/urun\/karnelyan-akik-kolye\/#breadcrumb"},"inLanguage":"tr","potentialAction":[{"@type":"ReadAction","target":["https:\/\/astrologelvan.com\/magaza\/urun\/karnelyan-akik-kolye\/"]}]},{"@type":"ImageObject","inLanguage":"tr","@id":"https:\/\/astrologelvan.com\/magaza\/urun\/karnelyan-akik-kolye\/#primaryimage","url":"https:\/\/astrologelvan.com\/magaza\/wp-content\/uploads\/2025\/10\/1000165113.jpg","contentUrl":"https:\/\/astrologelvan.com\/magaza\/wp-content\/uploads\/2025\/10\/1000165113.jpg","width":1848,"height":2464},{"@type":"BreadcrumbList","@id":"https:\/\/astrologelvan.com\/magaza\/urun\/karnelyan-akik-kolye\/#breadcrumb","itemListElement":[{"@type":"ListItem","position":1,"name":"Anasayfa","item":"https:\/\/astrologelvan.com\/magaza\/"},{"@type":"ListItem","position":2,"name":"Ma\u011faza","item":"https:\/\/astrologelvan.com\/magaza\/magaza\/"},{"@type":"ListItem","position":3,"name":"\ud83d\udd25 Karnelyan Akik Kolye \u2013 G\u00fcc\u00fcn\u00fc Hisset, K\u00f6klen ve Parla! \ud83d\udd25"}]},{"@type":"WebSite","@id":"https:\/\/astrologelvan.com\/magaza\/#website","url":"https:\/\/astrologelvan.com\/magaza\/","name":"Astrolog Elvan","description":"","potentialAction":[{"@type":"SearchAction","target":{"@type":"EntryPoint","urlTemplate":"https:\/\/astrologelvan.com\/magaza\/?s={search_term_string}"},"query-input":{"@type":"PropertyValueSpecification","valueRequired":true,"valueName":"search_term_string"}}],"inLanguage":"tr"}]}},"_links":{"self":[{"href":"https:\/\/astrologelvan.com\/magaza\/wp-json\/wp\/v2\/product\/110937","targetHints":{"allow":["GET"]}}],"collection":[{"href":"https:\/\/astrologelvan.com\/magaza\/wp-json\/wp\/v2\/product"}],"about":[{"href":"https:\/\/astrologelvan.com\/magaza\/wp-json\/wp\/v2\/types\/product"}],"replies":[{"embeddable":true,"href":"https:\/\/astrologelvan.com\/magaza\/wp-json\/wp\/v2\/comments?post=110937"}],"wp:featuredmedia":[{"embeddable":true,"href":"https:\/\/astrologelvan.com\/magaza\/wp-json\/wp\/v2\/media\/110938"}],"wp:attachment":[{"href":"https:\/\/astrologelvan.com\/magaza\/wp-json\/wp\/v2\/media?parent=110937"}],"wp:term":[{"taxonomy":"product_brand","embeddable":true,"href":"https:\/\/astrologelvan.com\/magaza\/wp-json\/wp\/v2\/product_brand?post=110937"},{"taxonomy":"product_cat","embeddable":true,"href":"https:\/\/astrologelvan.com\/magaza\/wp-json\/wp\/v2\/product_cat?post=110937"},{"taxonomy":"product_tag","embeddable":true,"href":"https:\/\/astrologelvan.com\/magaza\/wp-json\/wp\/v2\/product_tag?post=110937"}],"curies":[{"name":"wp","href":"https:\/\/api.w.org\/{rel}","templated":true}]}}