{"id":110934,"date":"2025-10-13T08:26:26","date_gmt":"2025-10-13T05:26:26","guid":{"rendered":"https:\/\/astrologelvan.com\/magaza\/?post_type=product&#038;p=110934"},"modified":"2026-03-17T15:14:46","modified_gmt":"2026-03-17T12:14:46","slug":"yakut-kure-tutkunun-ve-yasam-enerjisinin-tasi","status":"publish","type":"product","link":"https:\/\/astrologelvan.com\/magaza\/urun\/yakut-kure-tutkunun-ve-yasam-enerjisinin-tasi\/","title":{"rendered":"Yakut K\u00fcre \u2013 Tutkunun ve Ya\u015fam Enerjisinin Ta\u015f\u0131"},"content":{"rendered":"","protected":false},"excerpt":{"rendered":"<p>Yakut k\u00fcre, i\u00e7sel g\u00fcc\u00fc uyand\u0131ran ve ya\u015fam enerjisini canland\u0131ran g\u00fc\u00e7l\u00fc bir ta\u015ft\u0131r. Kalpten gelen tutkuyu, \u00f6zg\u00fcveni ve cesareti yeniden hat\u0131rlat\u0131r. Zihinsel yorgunlu\u011fu azaltarak motivasyonu art\u0131r\u0131r, ruh haline s\u0131cakl\u0131k ve co\u015fku getirir.<br \/>\nBu ta\u015f, kararl\u0131l\u0131\u011f\u0131n\u0131z\u0131 desteklerken ayn\u0131 zamanda duygusal dengeyi koruman\u0131za yard\u0131mc\u0131 olur. Enerjisini bulundu\u011fu ortama e\u015fit \u015fekilde yayarak canl\u0131, g\u00fc\u00e7l\u00fc ve pozitif bir frekans yarat\u0131r.<\/p>\n<p>\ud83c\udf19 Kullan\u0131m Alan\u0131<\/p>\n<p>Meditasyon s\u0131ras\u0131nda ellerinizde tutarak enerjisini hissedebilir ya da ya\u015fam alan\u0131nda dekoratif olarak kullanarak ortam\u0131n enerjisini y\u00fckseltebilirsiniz. Niyet \u00e7al\u0131\u015fmalar\u0131nda ve enerji dengeleme rit\u00fcellerinde g\u00fc\u00e7l\u00fc bir destekleyici olarak tercih edilir.<\/p>\n<p>\ud83d\udcab Manifest Mesaj\u0131<\/p>\n<p>\u201cTutkumu hissediyorum, g\u00fcc\u00fcm\u00fc hat\u0131rl\u0131yorum, ya\u015fam enerjim bende&#8221;<\/p>\n","protected":false},"featured_media":110935,"comment_status":"open","ping_status":"closed","template":"","meta":[],"product_brand":[],"product_cat":[9519,403],"product_tag":[9520,405],"class_list":{"0":"post-110934","1":"product","2":"type-product","3":"status-publish","4":"has-post-thumbnail","6":"product_cat-kureler","7":"product_cat-yakut-tasi","8":"product_tag-kure","9":"product_tag-yakut","11":"first","12":"instock","13":"taxable","14":"shipping-taxable","15":"purchasable","16":"product-type-simple"},"yoast_head":"<!-- This site is optimized with the Yoast SEO plugin v27.3 - https:\/\/yoast.com\/product\/yoast-seo-wordpress\/ -->\n<title>Yakut K\u00fcre \u2013 Tutkunun ve Ya\u015fam Enerjisinin Ta\u015f\u0131 - Astrolog Elvan<\/title>\n<meta name=\"robots\" content=\"index, follow, max-snippet:-1, max-image-preview:large, max-video-preview:-1\" \/>\n<link rel=\"canonical\" href=\"https:\/\/astrologelvan.com\/magaza\/urun\/yakut-kure-tutkunun-ve-yasam-enerjisinin-tasi\/\" \/>\n<meta property=\"og:locale\" content=\"tr_TR\" \/>\n<meta property=\"og:type\" content=\"article\" \/>\n<meta property=\"og:title\" content=\"Yakut K\u00fcre \u2013 Tutkunun ve Ya\u015fam Enerjisinin Ta\u015f\u0131 - Astrolog Elvan\" \/>\n<meta property=\"og:description\" content=\"Yakut k\u00fcre, i\u00e7sel g\u00fcc\u00fc uyand\u0131ran ve ya\u015fam enerjisini canland\u0131ran g\u00fc\u00e7l\u00fc bir ta\u015ft\u0131r. Kalpten gelen tutkuyu, \u00f6zg\u00fcveni ve cesareti yeniden hat\u0131rlat\u0131r. Zihinsel yorgunlu\u011fu azaltarak motivasyonu art\u0131r\u0131r, ruh haline s\u0131cakl\u0131k ve co\u015fku getirir. Bu ta\u015f, kararl\u0131l\u0131\u011f\u0131n\u0131z\u0131 desteklerken ayn\u0131 zamanda duygusal dengeyi koruman\u0131za yard\u0131mc\u0131 olur. Enerjisini bulundu\u011fu ortama e\u015fit \u015fekilde yayarak canl\u0131, g\u00fc\u00e7l\u00fc ve pozitif bir frekans yarat\u0131r.  \ud83c\udf19 Kullan\u0131m Alan\u0131  Meditasyon s\u0131ras\u0131nda ellerinizde tutarak enerjisini hissedebilir ya da ya\u015fam alan\u0131nda dekoratif olarak kullanarak ortam\u0131n enerjisini y\u00fckseltebilirsiniz. Niyet \u00e7al\u0131\u015fmalar\u0131nda ve enerji dengeleme rit\u00fcellerinde g\u00fc\u00e7l\u00fc bir destekleyici olarak tercih edilir.  \ud83d\udcab Manifest Mesaj\u0131  \u201cTutkumu hissediyorum, g\u00fcc\u00fcm\u00fc hat\u0131rl\u0131yorum, ya\u015fam enerjim bende&quot;\" \/>\n<meta property=\"og:url\" content=\"https:\/\/astrologelvan.com\/magaza\/urun\/yakut-kure-tutkunun-ve-yasam-enerjisinin-tasi\/\" \/>\n<meta property=\"og:site_name\" content=\"Astrolog Elvan\" \/>\n<meta property=\"article:modified_time\" content=\"2026-03-17T12:14:46+00:00\" \/>\n<meta property=\"og:image\" content=\"https:\/\/astrologelvan.com\/magaza\/wp-content\/uploads\/2025\/10\/1000165095.jpg\" \/>\n\t<meta property=\"og:image:width\" content=\"1020\" \/>\n\t<meta property=\"og:image:height\" content=\"1360\" \/>\n\t<meta property=\"og:image:type\" content=\"image\/jpeg\" \/>\n<meta name=\"twitter:card\" content=\"summary_large_image\" \/>\n<meta name=\"twitter:label1\" content=\"Tahmini okuma s\u00fcresi\" \/>\n\t<meta name=\"twitter:data1\" content=\"1 dakika\" \/>\n<script type=\"application\/ld+json\" class=\"yoast-schema-graph\">{\"@context\":\"https:\\\/\\\/schema.org\",\"@graph\":[{\"@type\":[\"WebPage\",\"ItemPage\"],\"@id\":\"https:\\\/\\\/astrologelvan.com\\\/magaza\\\/urun\\\/yakut-kure-tutkunun-ve-yasam-enerjisinin-tasi\\\/\",\"url\":\"https:\\\/\\\/astrologelvan.com\\\/magaza\\\/urun\\\/yakut-kure-tutkunun-ve-yasam-enerjisinin-tasi\\\/\",\"name\":\"Yakut K\u00fcre \u2013 Tutkunun ve Ya\u015fam Enerjisinin Ta\u015f\u0131 - Astrolog Elvan\",\"isPartOf\":{\"@id\":\"https:\\\/\\\/astrologelvan.com\\\/magaza\\\/#website\"},\"primaryImageOfPage\":{\"@id\":\"https:\\\/\\\/astrologelvan.com\\\/magaza\\\/urun\\\/yakut-kure-tutkunun-ve-yasam-enerjisinin-tasi\\\/#primaryimage\"},\"image\":{\"@id\":\"https:\\\/\\\/astrologelvan.com\\\/magaza\\\/urun\\\/yakut-kure-tutkunun-ve-yasam-enerjisinin-tasi\\\/#primaryimage\"},\"thumbnailUrl\":\"https:\\\/\\\/astrologelvan.com\\\/magaza\\\/wp-content\\\/uploads\\\/2025\\\/10\\\/1000165095.jpg\",\"datePublished\":\"2025-10-13T05:26:26+00:00\",\"dateModified\":\"2026-03-17T12:14:46+00:00\",\"breadcrumb\":{\"@id\":\"https:\\\/\\\/astrologelvan.com\\\/magaza\\\/urun\\\/yakut-kure-tutkunun-ve-yasam-enerjisinin-tasi\\\/#breadcrumb\"},\"inLanguage\":\"tr\",\"potentialAction\":[{\"@type\":\"ReadAction\",\"target\":[\"https:\\\/\\\/astrologelvan.com\\\/magaza\\\/urun\\\/yakut-kure-tutkunun-ve-yasam-enerjisinin-tasi\\\/\"]}]},{\"@type\":\"ImageObject\",\"inLanguage\":\"tr\",\"@id\":\"https:\\\/\\\/astrologelvan.com\\\/magaza\\\/urun\\\/yakut-kure-tutkunun-ve-yasam-enerjisinin-tasi\\\/#primaryimage\",\"url\":\"https:\\\/\\\/astrologelvan.com\\\/magaza\\\/wp-content\\\/uploads\\\/2025\\\/10\\\/1000165095.jpg\",\"contentUrl\":\"https:\\\/\\\/astrologelvan.com\\\/magaza\\\/wp-content\\\/uploads\\\/2025\\\/10\\\/1000165095.jpg\",\"width\":1848,\"height\":2464},{\"@type\":\"BreadcrumbList\",\"@id\":\"https:\\\/\\\/astrologelvan.com\\\/magaza\\\/urun\\\/yakut-kure-tutkunun-ve-yasam-enerjisinin-tasi\\\/#breadcrumb\",\"itemListElement\":[{\"@type\":\"ListItem\",\"position\":1,\"name\":\"Anasayfa\",\"item\":\"https:\\\/\\\/astrologelvan.com\\\/magaza\\\/\"},{\"@type\":\"ListItem\",\"position\":2,\"name\":\"Ma\u011faza\",\"item\":\"https:\\\/\\\/astrologelvan.com\\\/magaza\\\/magaza\\\/\"},{\"@type\":\"ListItem\",\"position\":3,\"name\":\"Yakut K\u00fcre \u2013 Tutkunun ve Ya\u015fam Enerjisinin Ta\u015f\u0131\"}]},{\"@type\":\"WebSite\",\"@id\":\"https:\\\/\\\/astrologelvan.com\\\/magaza\\\/#website\",\"url\":\"https:\\\/\\\/astrologelvan.com\\\/magaza\\\/\",\"name\":\"Astrolog Elvan\",\"description\":\"\",\"potentialAction\":[{\"@type\":\"SearchAction\",\"target\":{\"@type\":\"EntryPoint\",\"urlTemplate\":\"https:\\\/\\\/astrologelvan.com\\\/magaza\\\/?s={search_term_string}\"},\"query-input\":{\"@type\":\"PropertyValueSpecification\",\"valueRequired\":true,\"valueName\":\"search_term_string\"}}],\"inLanguage\":\"tr\"}]}<\/script>\n<!-- \/ Yoast SEO plugin. -->","yoast_head_json":{"title":"Yakut K\u00fcre \u2013 Tutkunun ve Ya\u015fam Enerjisinin Ta\u015f\u0131 - Astrolog Elvan","robots":{"index":"index","follow":"follow","max-snippet":"max-snippet:-1","max-image-preview":"max-image-preview:large","max-video-preview":"max-video-preview:-1"},"canonical":"https:\/\/astrologelvan.com\/magaza\/urun\/yakut-kure-tutkunun-ve-yasam-enerjisinin-tasi\/","og_locale":"tr_TR","og_type":"article","og_title":"Yakut K\u00fcre \u2013 Tutkunun ve Ya\u015fam Enerjisinin Ta\u015f\u0131 - Astrolog Elvan","og_description":"Yakut k\u00fcre, i\u00e7sel g\u00fcc\u00fc uyand\u0131ran ve ya\u015fam enerjisini canland\u0131ran g\u00fc\u00e7l\u00fc bir ta\u015ft\u0131r. Kalpten gelen tutkuyu, \u00f6zg\u00fcveni ve cesareti yeniden hat\u0131rlat\u0131r. Zihinsel yorgunlu\u011fu azaltarak motivasyonu art\u0131r\u0131r, ruh haline s\u0131cakl\u0131k ve co\u015fku getirir. Bu ta\u015f, kararl\u0131l\u0131\u011f\u0131n\u0131z\u0131 desteklerken ayn\u0131 zamanda duygusal dengeyi koruman\u0131za yard\u0131mc\u0131 olur. Enerjisini bulundu\u011fu ortama e\u015fit \u015fekilde yayarak canl\u0131, g\u00fc\u00e7l\u00fc ve pozitif bir frekans yarat\u0131r.  \ud83c\udf19 Kullan\u0131m Alan\u0131  Meditasyon s\u0131ras\u0131nda ellerinizde tutarak enerjisini hissedebilir ya da ya\u015fam alan\u0131nda dekoratif olarak kullanarak ortam\u0131n enerjisini y\u00fckseltebilirsiniz. Niyet \u00e7al\u0131\u015fmalar\u0131nda ve enerji dengeleme rit\u00fcellerinde g\u00fc\u00e7l\u00fc bir destekleyici olarak tercih edilir.  \ud83d\udcab Manifest Mesaj\u0131  \u201cTutkumu hissediyorum, g\u00fcc\u00fcm\u00fc hat\u0131rl\u0131yorum, ya\u015fam enerjim bende\"","og_url":"https:\/\/astrologelvan.com\/magaza\/urun\/yakut-kure-tutkunun-ve-yasam-enerjisinin-tasi\/","og_site_name":"Astrolog Elvan","article_modified_time":"2026-03-17T12:14:46+00:00","og_image":[{"url":"https:\/\/astrologelvan.com\/magaza\/wp-content\/uploads\/2025\/10\/1000165095.jpg","width":1020,"height":1360,"type":"image\/jpeg"}],"twitter_card":"summary_large_image","twitter_misc":{"Tahmini okuma s\u00fcresi":"1 dakika"},"schema":{"@context":"https:\/\/schema.org","@graph":[{"@type":["WebPage","ItemPage"],"@id":"https:\/\/astrologelvan.com\/magaza\/urun\/yakut-kure-tutkunun-ve-yasam-enerjisinin-tasi\/","url":"https:\/\/astrologelvan.com\/magaza\/urun\/yakut-kure-tutkunun-ve-yasam-enerjisinin-tasi\/","name":"Yakut K\u00fcre \u2013 Tutkunun ve Ya\u015fam Enerjisinin Ta\u015f\u0131 - Astrolog Elvan","isPartOf":{"@id":"https:\/\/astrologelvan.com\/magaza\/#website"},"primaryImageOfPage":{"@id":"https:\/\/astrologelvan.com\/magaza\/urun\/yakut-kure-tutkunun-ve-yasam-enerjisinin-tasi\/#primaryimage"},"image":{"@id":"https:\/\/astrologelvan.com\/magaza\/urun\/yakut-kure-tutkunun-ve-yasam-enerjisinin-tasi\/#primaryimage"},"thumbnailUrl":"https:\/\/astrologelvan.com\/magaza\/wp-content\/uploads\/2025\/10\/1000165095.jpg","datePublished":"2025-10-13T05:26:26+00:00","dateModified":"2026-03-17T12:14:46+00:00","breadcrumb":{"@id":"https:\/\/astrologelvan.com\/magaza\/urun\/yakut-kure-tutkunun-ve-yasam-enerjisinin-tasi\/#breadcrumb"},"inLanguage":"tr","potentialAction":[{"@type":"ReadAction","target":["https:\/\/astrologelvan.com\/magaza\/urun\/yakut-kure-tutkunun-ve-yasam-enerjisinin-tasi\/"]}]},{"@type":"ImageObject","inLanguage":"tr","@id":"https:\/\/astrologelvan.com\/magaza\/urun\/yakut-kure-tutkunun-ve-yasam-enerjisinin-tasi\/#primaryimage","url":"https:\/\/astrologelvan.com\/magaza\/wp-content\/uploads\/2025\/10\/1000165095.jpg","contentUrl":"https:\/\/astrologelvan.com\/magaza\/wp-content\/uploads\/2025\/10\/1000165095.jpg","width":1848,"height":2464},{"@type":"BreadcrumbList","@id":"https:\/\/astrologelvan.com\/magaza\/urun\/yakut-kure-tutkunun-ve-yasam-enerjisinin-tasi\/#breadcrumb","itemListElement":[{"@type":"ListItem","position":1,"name":"Anasayfa","item":"https:\/\/astrologelvan.com\/magaza\/"},{"@type":"ListItem","position":2,"name":"Ma\u011faza","item":"https:\/\/astrologelvan.com\/magaza\/magaza\/"},{"@type":"ListItem","position":3,"name":"Yakut K\u00fcre \u2013 Tutkunun ve Ya\u015fam Enerjisinin Ta\u015f\u0131"}]},{"@type":"WebSite","@id":"https:\/\/astrologelvan.com\/magaza\/#website","url":"https:\/\/astrologelvan.com\/magaza\/","name":"Astrolog Elvan","description":"","potentialAction":[{"@type":"SearchAction","target":{"@type":"EntryPoint","urlTemplate":"https:\/\/astrologelvan.com\/magaza\/?s={search_term_string}"},"query-input":{"@type":"PropertyValueSpecification","valueRequired":true,"valueName":"search_term_string"}}],"inLanguage":"tr"}]}},"_links":{"self":[{"href":"https:\/\/astrologelvan.com\/magaza\/wp-json\/wp\/v2\/product\/110934","targetHints":{"allow":["GET"]}}],"collection":[{"href":"https:\/\/astrologelvan.com\/magaza\/wp-json\/wp\/v2\/product"}],"about":[{"href":"https:\/\/astrologelvan.com\/magaza\/wp-json\/wp\/v2\/types\/product"}],"replies":[{"embeddable":true,"href":"https:\/\/astrologelvan.com\/magaza\/wp-json\/wp\/v2\/comments?post=110934"}],"wp:featuredmedia":[{"embeddable":true,"href":"https:\/\/astrologelvan.com\/magaza\/wp-json\/wp\/v2\/media\/110935"}],"wp:attachment":[{"href":"https:\/\/astrologelvan.com\/magaza\/wp-json\/wp\/v2\/media?parent=110934"}],"wp:term":[{"taxonomy":"product_brand","embeddable":true,"href":"https:\/\/astrologelvan.com\/magaza\/wp-json\/wp\/v2\/product_brand?post=110934"},{"taxonomy":"product_cat","embeddable":true,"href":"https:\/\/astrologelvan.com\/magaza\/wp-json\/wp\/v2\/product_cat?post=110934"},{"taxonomy":"product_tag","embeddable":true,"href":"https:\/\/astrologelvan.com\/magaza\/wp-json\/wp\/v2\/product_tag?post=110934"}],"curies":[{"name":"wp","href":"https:\/\/api.w.org\/{rel}","templated":true}]}}