{"id":1092,"date":"2024-02-28T03:14:27","date_gmt":"2024-02-28T00:14:27","guid":{"rendered":"https:\/\/astrologelvan.shop\/?post_type=product&#038;p=1092"},"modified":"2025-10-06T08:15:09","modified_gmt":"2025-10-06T05:15:09","slug":"2024-yaratim-ajandasi-dijital-ajanda","status":"publish","type":"product","link":"https:\/\/astrologelvan.com\/magaza\/urun\/2024-yaratim-ajandasi-dijital-ajanda\/","title":{"rendered":"2024 YARATIM AJANDASI &#8211; D\u0130J\u0130TAL AJANDA"},"content":{"rendered":"<p><strong>Dijital \u00fcr\u00fcn\u00fcn iadesi ve iptali yoktur.<\/strong><\/p>\n<p class=\"p1\">\u0130\u00e7erik: Elvan Lapis<\/p>\n<p class=\"p1\">Edit\u00f6rler: B\u00fc\u015fra Demirci, Serdar \u015eena\u015fc\u0131, \u00c7i\u011fdem Caninsan, \u00c7i\u011fdem \u0130lkdo\u011fdu<\/p>\n<p class=\"p1\">Tasar\u0131m : Mert Sabuncu<\/p>\n<p class=\"p1\">Kapak \u0130llustrasyon: Beril \u0130rman<\/p>\n","protected":false},"excerpt":{"rendered":"<p><strong>Dijital \u00fcr\u00fcnd\u00fcr. Telefonunuzda veya tabletinizde kullanabilirsiniz.<\/strong><br \/>\n<strong>Dijital \u00fcr\u00fcn\u00fcn iadesi ve iptali yoktur.<\/strong><br \/>\nLay\u0131k olman\u0131n ve her \u015feyin zaten hakk\u0131n olmas\u0131n\u0131n Yaradan tan\u0131m\u0131 ve bak\u0131\u015f a\u00e7\u0131s\u0131n\u0131 bilmek ister misin?<br \/>\nHer niyetini en iyi en y\u00fcce \u015fekilde ger\u00e7e\u011fin olarak ya\u015famaya lay\u0131k oldu\u011funu bilmek ister misin?<br \/>\nSevmenin, sevilmenin, sevgi dolu insanlarla \u00e7evrili olman\u0131n nas\u0131l hissedildi\u011fini bilmek ister misin?<br \/>\nSevdi\u011fin se\u00e7imleri yapman\u0131n ve se\u00e7imlerini ya\u015faman\u0131n nas\u0131l hissedildi\u011fini bilmek ister misin?<br \/>\nHer harcaman\u0131n 10 misliyle sana d\u00f6nmesinin ve bollu\u011fun bereketin nas\u0131l hissedildi\u011fini bilmek ister misin?<br \/>\n\u015eans\u0131n, \u015fansl\u0131 olman\u0131n Yaradan tan\u0131m\u0131 ve perspektifini bilmek ister misin?<br \/>\nHer daim \u015fansl\u0131 oldu\u011funu bilerek ve deneyimleyerek g\u00fcnl\u00fck hayat\u0131n\u0131 ya\u015faman\u0131n nas\u0131l hissedildi\u011fini bilmek ister misin?<br \/>\nHediyeler alman\u0131n, alma &amp; verme dengesini bilen ve s\u0131n\u0131rlar\u0131na sayg\u0131 g\u00f6steren insanlarla \u00e7evrili olman\u0131n nas\u0131l hissedildi\u011fini bilmek ister misin?<br \/>\nNe zaman alaca\u011f\u0131n\u0131 ve ne zaman verece\u011fini bilerek ay\u0131rt ederek ya\u015faman\u0131n nas\u0131l hissedildi\u011fini bilmek ister misin?<br \/>\nE\u015fsiz olman\u0131n, e\u015fsiz deneyimler ya\u015faman\u0131n, e\u015fsiz hissetmenin Yaradan tan\u0131m\u0131 ve bak\u0131\u015f a\u00e7\u0131s\u0131n\u0131 bilmek ister misin?<br \/>\n\u0130hti\u015famla, ne\u015feyle, mucizelerle dolu bir hayata sahip olman\u0131n ve bunun nas\u0131l olaca\u011f\u0131n\u0131 bilmenin Yaradan tan\u0131m\u0131 ve bak\u0131\u015f a\u00e7\u0131s\u0131n\u0131 bilmek ister misin?<br \/>\nYoluna her daim hayat\u0131n\u0131 kolayla\u015ft\u0131ran insanlar\u0131n \u00e7\u0131kt\u0131\u011f\u0131n\u0131n, desteklenmenin, destek almaya hakk\u0131n oldu\u011funun, yaln\u0131z olmad\u0131\u011f\u0131n\u0131n Yaradan tan\u0131m\u0131 ve bak\u0131\u015f a\u00e7\u0131s\u0131n\u0131 bilmek ister misin?<br \/>\nSa\u011fl\u0131kl\u0131 olman\u0131n, engeller olmadan bug\u00fcne kadar yapamad\u0131klar\u0131n\u0131 yapman\u0131n, \u00f6zg\u00fcrce, k\u0131s\u0131tlanmadan, bulundu\u011fun \u00e7ember daralmadan istedi\u011fin her ad\u0131m\u0131 kolayl\u0131kla ve ne\u015feyle atman\u0131n nas\u0131l hissedildi\u011fini bilmek ister misin?<br \/>\nBu ajandaya yazd\u0131\u011f\u0131n niyetlerinin en iyi en y\u00fcce \u015fekilde hayat\u0131na girece\u011finin, ajandan\u0131n mucizelerine kolayl\u0131kla ve ne\u015feyle tan\u0131kl\u0131k etmenin Yaradan tan\u0131m\u0131 ve bak\u0131\u015f a\u00e7\u0131s\u0131n\u0131 bilmek ister misin?<br \/>\nT\u00fcm bu mucizeleri benimle, ekibimle ve sevdiklerinle de kolayl\u0131kla payla\u015fman\u0131n Yaradan tan\u0131m\u0131 ve bak\u0131\u015f a\u00e7\u0131s\u0131n\u0131 bilmek ister misin? \u201c<strong>Evet, kabul ediyorum<\/strong>\u201d diyerek bu ajanday\u0131 a\u00e7man yeterlidir. Te\u015fekk\u00fcr ederim, oldu, oldu, oldu.<\/p>\n","protected":false},"featured_media":1155,"comment_status":"open","ping_status":"closed","template":"","meta":[],"product_brand":[],"product_cat":[388],"product_tag":[389],"class_list":{"0":"post-1092","1":"product","2":"type-product","3":"status-publish","4":"has-post-thumbnail","6":"product_cat-astroloji-ajandasi","7":"product_tag-astroloji-ajanda","9":"first","10":"outofstock","11":"downloadable","12":"virtual","13":"taxable","14":"purchasable","15":"product-type-simple"},"yoast_head":"<!-- This site is optimized with the Yoast SEO plugin v27.3 - https:\/\/yoast.com\/product\/yoast-seo-wordpress\/ -->\n<title>2024 YARATIM AJANDASI - D\u0130J\u0130TAL AJANDA - Astrolog Elvan<\/title>\n<meta name=\"description\" content=\"2024 Y\u0131l\u0131 Astrolojik Ajandas\u0131. B\u00fct\u00fcn bir y\u0131l\u0131 sizin i\u00e7in bu ajanda i\u00e7erisinde derledik. Y\u0131l\u0131n her g\u00fcn\u00fc sizi ne bekliyor? Hemen \u00f6\u011frenin!\" \/>\n<meta name=\"robots\" content=\"index, follow, max-snippet:-1, max-image-preview:large, max-video-preview:-1\" \/>\n<link rel=\"canonical\" href=\"https:\/\/astrologelvan.com\/magaza\/urun\/2024-yaratim-ajandasi-dijital-ajanda\/\" \/>\n<meta property=\"og:locale\" content=\"tr_TR\" \/>\n<meta property=\"og:type\" content=\"article\" \/>\n<meta property=\"og:title\" content=\"2024 YARATIM AJANDASI - D\u0130J\u0130TAL AJANDA - Astrolog Elvan\" \/>\n<meta property=\"og:description\" content=\"2024 Y\u0131l\u0131 Astrolojik Ajandas\u0131. B\u00fct\u00fcn bir y\u0131l\u0131 sizin i\u00e7in bu ajanda i\u00e7erisinde derledik. Y\u0131l\u0131n her g\u00fcn\u00fc sizi ne bekliyor? Hemen \u00f6\u011frenin!\" \/>\n<meta property=\"og:url\" content=\"https:\/\/astrologelvan.com\/magaza\/urun\/2024-yaratim-ajandasi-dijital-ajanda\/\" \/>\n<meta property=\"og:site_name\" content=\"Astrolog Elvan\" \/>\n<meta property=\"article:modified_time\" content=\"2025-10-06T05:15:09+00:00\" \/>\n<meta property=\"og:image\" content=\"https:\/\/astrologelvan.com\/magaza\/wp-content\/uploads\/2024\/02\/dijital-ajanda.jpg\" \/>\n\t<meta property=\"og:image:width\" content=\"1440\" \/>\n\t<meta property=\"og:image:height\" content=\"1084\" \/>\n\t<meta property=\"og:image:type\" content=\"image\/jpeg\" \/>\n<meta name=\"twitter:card\" content=\"summary_large_image\" \/>\n<meta name=\"twitter:label1\" content=\"Tahmini okuma s\u00fcresi\" \/>\n\t<meta name=\"twitter:data1\" content=\"1 dakika\" \/>\n<script type=\"application\/ld+json\" class=\"yoast-schema-graph\">{\"@context\":\"https:\\\/\\\/schema.org\",\"@graph\":[{\"@type\":[\"WebPage\",\"ItemPage\"],\"@id\":\"https:\\\/\\\/astrologelvan.com\\\/magaza\\\/urun\\\/2024-yaratim-ajandasi-dijital-ajanda\\\/\",\"url\":\"https:\\\/\\\/astrologelvan.com\\\/magaza\\\/urun\\\/2024-yaratim-ajandasi-dijital-ajanda\\\/\",\"name\":\"2024 YARATIM AJANDASI - D\u0130J\u0130TAL AJANDA - Astrolog Elvan\",\"isPartOf\":{\"@id\":\"https:\\\/\\\/astrologelvan.com\\\/magaza\\\/#website\"},\"primaryImageOfPage\":{\"@id\":\"https:\\\/\\\/astrologelvan.com\\\/magaza\\\/urun\\\/2024-yaratim-ajandasi-dijital-ajanda\\\/#primaryimage\"},\"image\":{\"@id\":\"https:\\\/\\\/astrologelvan.com\\\/magaza\\\/urun\\\/2024-yaratim-ajandasi-dijital-ajanda\\\/#primaryimage\"},\"thumbnailUrl\":\"https:\\\/\\\/astrologelvan.com\\\/magaza\\\/wp-content\\\/uploads\\\/2024\\\/02\\\/dijital-ajanda.jpg\",\"datePublished\":\"2024-02-28T00:14:27+00:00\",\"dateModified\":\"2025-10-06T05:15:09+00:00\",\"description\":\"2024 Y\u0131l\u0131 Astrolojik Ajandas\u0131. B\u00fct\u00fcn bir y\u0131l\u0131 sizin i\u00e7in bu ajanda i\u00e7erisinde derledik. Y\u0131l\u0131n her g\u00fcn\u00fc sizi ne bekliyor? Hemen \u00f6\u011frenin!\",\"breadcrumb\":{\"@id\":\"https:\\\/\\\/astrologelvan.com\\\/magaza\\\/urun\\\/2024-yaratim-ajandasi-dijital-ajanda\\\/#breadcrumb\"},\"inLanguage\":\"tr\",\"potentialAction\":[{\"@type\":\"ReadAction\",\"target\":[\"https:\\\/\\\/astrologelvan.com\\\/magaza\\\/urun\\\/2024-yaratim-ajandasi-dijital-ajanda\\\/\"]}]},{\"@type\":\"ImageObject\",\"inLanguage\":\"tr\",\"@id\":\"https:\\\/\\\/astrologelvan.com\\\/magaza\\\/urun\\\/2024-yaratim-ajandasi-dijital-ajanda\\\/#primaryimage\",\"url\":\"https:\\\/\\\/astrologelvan.com\\\/magaza\\\/wp-content\\\/uploads\\\/2024\\\/02\\\/dijital-ajanda.jpg\",\"contentUrl\":\"https:\\\/\\\/astrologelvan.com\\\/magaza\\\/wp-content\\\/uploads\\\/2024\\\/02\\\/dijital-ajanda.jpg\",\"width\":1440,\"height\":1084},{\"@type\":\"BreadcrumbList\",\"@id\":\"https:\\\/\\\/astrologelvan.com\\\/magaza\\\/urun\\\/2024-yaratim-ajandasi-dijital-ajanda\\\/#breadcrumb\",\"itemListElement\":[{\"@type\":\"ListItem\",\"position\":1,\"name\":\"Anasayfa\",\"item\":\"https:\\\/\\\/astrologelvan.com\\\/magaza\\\/\"},{\"@type\":\"ListItem\",\"position\":2,\"name\":\"Ma\u011faza\",\"item\":\"https:\\\/\\\/astrologelvan.com\\\/magaza\\\/magaza\\\/\"},{\"@type\":\"ListItem\",\"position\":3,\"name\":\"2024 YARATIM AJANDASI &#8211; D\u0130J\u0130TAL AJANDA\"}]},{\"@type\":\"WebSite\",\"@id\":\"https:\\\/\\\/astrologelvan.com\\\/magaza\\\/#website\",\"url\":\"https:\\\/\\\/astrologelvan.com\\\/magaza\\\/\",\"name\":\"Astrolog Elvan\",\"description\":\"\",\"potentialAction\":[{\"@type\":\"SearchAction\",\"target\":{\"@type\":\"EntryPoint\",\"urlTemplate\":\"https:\\\/\\\/astrologelvan.com\\\/magaza\\\/?s={search_term_string}\"},\"query-input\":{\"@type\":\"PropertyValueSpecification\",\"valueRequired\":true,\"valueName\":\"search_term_string\"}}],\"inLanguage\":\"tr\"}]}<\/script>\n<!-- \/ Yoast SEO plugin. -->","yoast_head_json":{"title":"2024 YARATIM AJANDASI - D\u0130J\u0130TAL AJANDA - Astrolog Elvan","description":"2024 Y\u0131l\u0131 Astrolojik Ajandas\u0131. B\u00fct\u00fcn bir y\u0131l\u0131 sizin i\u00e7in bu ajanda i\u00e7erisinde derledik. Y\u0131l\u0131n her g\u00fcn\u00fc sizi ne bekliyor? Hemen \u00f6\u011frenin!","robots":{"index":"index","follow":"follow","max-snippet":"max-snippet:-1","max-image-preview":"max-image-preview:large","max-video-preview":"max-video-preview:-1"},"canonical":"https:\/\/astrologelvan.com\/magaza\/urun\/2024-yaratim-ajandasi-dijital-ajanda\/","og_locale":"tr_TR","og_type":"article","og_title":"2024 YARATIM AJANDASI - D\u0130J\u0130TAL AJANDA - Astrolog Elvan","og_description":"2024 Y\u0131l\u0131 Astrolojik Ajandas\u0131. B\u00fct\u00fcn bir y\u0131l\u0131 sizin i\u00e7in bu ajanda i\u00e7erisinde derledik. Y\u0131l\u0131n her g\u00fcn\u00fc sizi ne bekliyor? Hemen \u00f6\u011frenin!","og_url":"https:\/\/astrologelvan.com\/magaza\/urun\/2024-yaratim-ajandasi-dijital-ajanda\/","og_site_name":"Astrolog Elvan","article_modified_time":"2025-10-06T05:15:09+00:00","og_image":[{"width":1440,"height":1084,"url":"https:\/\/astrologelvan.com\/magaza\/wp-content\/uploads\/2024\/02\/dijital-ajanda.jpg","type":"image\/jpeg"}],"twitter_card":"summary_large_image","twitter_misc":{"Tahmini okuma s\u00fcresi":"1 dakika"},"schema":{"@context":"https:\/\/schema.org","@graph":[{"@type":["WebPage","ItemPage"],"@id":"https:\/\/astrologelvan.com\/magaza\/urun\/2024-yaratim-ajandasi-dijital-ajanda\/","url":"https:\/\/astrologelvan.com\/magaza\/urun\/2024-yaratim-ajandasi-dijital-ajanda\/","name":"2024 YARATIM AJANDASI - D\u0130J\u0130TAL AJANDA - Astrolog Elvan","isPartOf":{"@id":"https:\/\/astrologelvan.com\/magaza\/#website"},"primaryImageOfPage":{"@id":"https:\/\/astrologelvan.com\/magaza\/urun\/2024-yaratim-ajandasi-dijital-ajanda\/#primaryimage"},"image":{"@id":"https:\/\/astrologelvan.com\/magaza\/urun\/2024-yaratim-ajandasi-dijital-ajanda\/#primaryimage"},"thumbnailUrl":"https:\/\/astrologelvan.com\/magaza\/wp-content\/uploads\/2024\/02\/dijital-ajanda.jpg","datePublished":"2024-02-28T00:14:27+00:00","dateModified":"2025-10-06T05:15:09+00:00","description":"2024 Y\u0131l\u0131 Astrolojik Ajandas\u0131. B\u00fct\u00fcn bir y\u0131l\u0131 sizin i\u00e7in bu ajanda i\u00e7erisinde derledik. Y\u0131l\u0131n her g\u00fcn\u00fc sizi ne bekliyor? Hemen \u00f6\u011frenin!","breadcrumb":{"@id":"https:\/\/astrologelvan.com\/magaza\/urun\/2024-yaratim-ajandasi-dijital-ajanda\/#breadcrumb"},"inLanguage":"tr","potentialAction":[{"@type":"ReadAction","target":["https:\/\/astrologelvan.com\/magaza\/urun\/2024-yaratim-ajandasi-dijital-ajanda\/"]}]},{"@type":"ImageObject","inLanguage":"tr","@id":"https:\/\/astrologelvan.com\/magaza\/urun\/2024-yaratim-ajandasi-dijital-ajanda\/#primaryimage","url":"https:\/\/astrologelvan.com\/magaza\/wp-content\/uploads\/2024\/02\/dijital-ajanda.jpg","contentUrl":"https:\/\/astrologelvan.com\/magaza\/wp-content\/uploads\/2024\/02\/dijital-ajanda.jpg","width":1440,"height":1084},{"@type":"BreadcrumbList","@id":"https:\/\/astrologelvan.com\/magaza\/urun\/2024-yaratim-ajandasi-dijital-ajanda\/#breadcrumb","itemListElement":[{"@type":"ListItem","position":1,"name":"Anasayfa","item":"https:\/\/astrologelvan.com\/magaza\/"},{"@type":"ListItem","position":2,"name":"Ma\u011faza","item":"https:\/\/astrologelvan.com\/magaza\/magaza\/"},{"@type":"ListItem","position":3,"name":"2024 YARATIM AJANDASI &#8211; D\u0130J\u0130TAL AJANDA"}]},{"@type":"WebSite","@id":"https:\/\/astrologelvan.com\/magaza\/#website","url":"https:\/\/astrologelvan.com\/magaza\/","name":"Astrolog Elvan","description":"","potentialAction":[{"@type":"SearchAction","target":{"@type":"EntryPoint","urlTemplate":"https:\/\/astrologelvan.com\/magaza\/?s={search_term_string}"},"query-input":{"@type":"PropertyValueSpecification","valueRequired":true,"valueName":"search_term_string"}}],"inLanguage":"tr"}]}},"_links":{"self":[{"href":"https:\/\/astrologelvan.com\/magaza\/wp-json\/wp\/v2\/product\/1092","targetHints":{"allow":["GET"]}}],"collection":[{"href":"https:\/\/astrologelvan.com\/magaza\/wp-json\/wp\/v2\/product"}],"about":[{"href":"https:\/\/astrologelvan.com\/magaza\/wp-json\/wp\/v2\/types\/product"}],"replies":[{"embeddable":true,"href":"https:\/\/astrologelvan.com\/magaza\/wp-json\/wp\/v2\/comments?post=1092"}],"wp:featuredmedia":[{"embeddable":true,"href":"https:\/\/astrologelvan.com\/magaza\/wp-json\/wp\/v2\/media\/1155"}],"wp:attachment":[{"href":"https:\/\/astrologelvan.com\/magaza\/wp-json\/wp\/v2\/media?parent=1092"}],"wp:term":[{"taxonomy":"product_brand","embeddable":true,"href":"https:\/\/astrologelvan.com\/magaza\/wp-json\/wp\/v2\/product_brand?post=1092"},{"taxonomy":"product_cat","embeddable":true,"href":"https:\/\/astrologelvan.com\/magaza\/wp-json\/wp\/v2\/product_cat?post=1092"},{"taxonomy":"product_tag","embeddable":true,"href":"https:\/\/astrologelvan.com\/magaza\/wp-json\/wp\/v2\/product_tag?post=1092"}],"curies":[{"name":"wp","href":"https:\/\/api.w.org\/{rel}","templated":true}]}}