{"id":108837,"date":"2025-09-30T13:53:57","date_gmt":"2025-09-30T10:53:57","guid":{"rendered":"https:\/\/astrologelvan.com\/magaza\/?post_type=product&#038;p=108837"},"modified":"2026-01-28T00:03:00","modified_gmt":"2026-01-27T21:03:00","slug":"serafinit-bileklik","status":"publish","type":"product","link":"https:\/\/astrologelvan.com\/magaza\/urun\/serafinit-bileklik\/","title":{"rendered":"Serafinit Bileklik"},"content":{"rendered":"<p>Serafinit, ye\u015fil tonlar\u0131 ve ipeksi, t\u00fcy benzeri yap\u0131s\u0131yla bilinir. \u00d6zellikle ruhsal b\u00fcy\u00fcme ve ki\u015fisel d\u00f6n\u00fc\u015f\u00fcm i\u00e7in g\u00fc\u00e7l\u00fc bir destekleyicidir. Kalp \u00e7akras\u0131n\u0131 a\u00e7arak ko\u015fulsuz sevgi ve \u015fifa enerjilerini art\u0131r\u0131r. \u0130\u00e7 huzuru destekler ve ki\u015fisel ile ruhsal uyumun derinle\u015ftirilmesine yard\u0131mc\u0131 olur. T\u00fcm \u00e7akra sistemini yeniden dengeleyebilir.<\/p>\n<p>Sezgileriniz ve zihinsel kapasiteniz artarken, d\u00fc\u015f\u00fcncelerinizi ve dikkatinizi net ve hedefli bir \u015fekilde y\u00f6nlendirebilirsiniz. Zihinsel blokajlar\u0131 \u00e7\u00f6zerek d\u00fc\u015f\u00fcncelerin serbest\u00e7e akmas\u0131n\u0131 sa\u011flar.<\/p>\n<p>Serafinit, bir t\u00fcr kalkan gibi sizi \u00e7evreler ve sahip oldu\u011funuz g\u00fcc\u00fc s\u00fcrekli\u00a0 olarak hat\u0131rlat\u0131r. Bu ta\u015f, yeni ba\u015flang\u0131\u00e7lar ve sonsuz f\u0131rsatlarla dolu yeni bir d\u00f6neme haz\u0131r olanlar i\u00e7in m\u00fckemmel bir t\u0131ls\u0131md\u0131r.<\/p>\n","protected":false},"excerpt":{"rendered":"<p>Serafinit, ye\u015fil tonlar\u0131 ve ipeksi, t\u00fcy benzeri yap\u0131s\u0131yla bilinir. \u00d6zellikle ruhsal b\u00fcy\u00fcme ve ki\u015fisel d\u00f6n\u00fc\u015f\u00fcm i\u00e7in g\u00fc\u00e7l\u00fc bir destekleyicidir. Kalp \u00e7akras\u0131n\u0131 a\u00e7arak ko\u015fulsuz sevgi ve \u015fifa enerjilerini art\u0131r\u0131r. \u0130\u00e7 huzuru destekler ve ki\u015fisel ile ruhsal uyumun derinle\u015ftirilmesine yard\u0131mc\u0131 olur. T\u00fcm \u00e7akra sistemini yeniden dengeleyebilir.<\/p>\n<p>Sezgileriniz ve zihinsel kapasiteniz artarken, d\u00fc\u015f\u00fcncelerinizi ve dikkatinizi net ve hedefli bir \u015fekilde y\u00f6nlendirebilirsiniz. Zihinsel blokajlar\u0131 \u00e7\u00f6zerek d\u00fc\u015f\u00fcncelerin serbest\u00e7e akmas\u0131n\u0131 sa\u011flar.<\/p>\n<p>Serafinit, bir t\u00fcr kalkan gibi sizi \u00e7evreler ve sahip oldu\u011funuz g\u00fcc\u00fc s\u00fcrekli\u00a0 olarak hat\u0131rlat\u0131r. Bu ta\u015f, yeni ba\u015flang\u0131\u00e7lar ve sonsuz f\u0131rsatlarla dolu yeni bir d\u00f6neme haz\u0131r olanlar i\u00e7in m\u00fckemmel bir t\u0131ls\u0131md\u0131r.<\/p>\n","protected":false},"featured_media":108832,"comment_status":"open","ping_status":"closed","template":"","meta":[],"product_brand":[],"product_cat":[258],"product_tag":[],"class_list":{"0":"post-108837","1":"product","2":"type-product","3":"status-publish","4":"has-post-thumbnail","6":"product_cat-bileklik","8":"first","9":"instock","10":"taxable","11":"shipping-taxable","12":"purchasable","13":"product-type-simple"},"yoast_head":"<!-- This site is optimized with the Yoast SEO plugin v27.3 - https:\/\/yoast.com\/product\/yoast-seo-wordpress\/ -->\n<title>Serafinit Bileklik - Astrolog Elvan<\/title>\n<meta name=\"robots\" content=\"index, follow, max-snippet:-1, max-image-preview:large, max-video-preview:-1\" \/>\n<link rel=\"canonical\" href=\"https:\/\/astrologelvan.com\/magaza\/urun\/serafinit-bileklik\/\" \/>\n<meta property=\"og:locale\" content=\"tr_TR\" \/>\n<meta property=\"og:type\" content=\"article\" \/>\n<meta property=\"og:title\" content=\"Serafinit Bileklik - Astrolog Elvan\" \/>\n<meta property=\"og:description\" content=\"Serafinit, ye\u015fil tonlar\u0131 ve ipeksi, t\u00fcy benzeri yap\u0131s\u0131yla bilinir. \u00d6zellikle ruhsal b\u00fcy\u00fcme ve ki\u015fisel d\u00f6n\u00fc\u015f\u00fcm i\u00e7in g\u00fc\u00e7l\u00fc bir destekleyicidir. Kalp \u00e7akras\u0131n\u0131 a\u00e7arak ko\u015fulsuz sevgi ve \u015fifa enerjilerini art\u0131r\u0131r. \u0130\u00e7 huzuru destekler ve ki\u015fisel ile ruhsal uyumun derinle\u015ftirilmesine yard\u0131mc\u0131 olur. T\u00fcm \u00e7akra sistemini yeniden dengeleyebilir.  Sezgileriniz ve zihinsel kapasiteniz artarken, d\u00fc\u015f\u00fcncelerinizi ve dikkatinizi net ve hedefli bir \u015fekilde y\u00f6nlendirebilirsiniz. Zihinsel blokajlar\u0131 \u00e7\u00f6zerek d\u00fc\u015f\u00fcncelerin serbest\u00e7e akmas\u0131n\u0131 sa\u011flar.  Serafinit, bir t\u00fcr kalkan gibi sizi \u00e7evreler ve sahip oldu\u011funuz g\u00fcc\u00fc s\u00fcrekli\u00a0 olarak hat\u0131rlat\u0131r. Bu ta\u015f, yeni ba\u015flang\u0131\u00e7lar ve sonsuz f\u0131rsatlarla dolu yeni bir d\u00f6neme haz\u0131r olanlar i\u00e7in m\u00fckemmel bir t\u0131ls\u0131md\u0131r.\" \/>\n<meta property=\"og:url\" content=\"https:\/\/astrologelvan.com\/magaza\/urun\/serafinit-bileklik\/\" \/>\n<meta property=\"og:site_name\" content=\"Astrolog Elvan\" \/>\n<meta property=\"article:modified_time\" content=\"2026-01-27T21:03:00+00:00\" \/>\n<meta name=\"twitter:card\" content=\"summary_large_image\" \/>\n<meta name=\"twitter:label1\" content=\"Tahmini okuma s\u00fcresi\" \/>\n\t<meta name=\"twitter:data1\" content=\"1 dakika\" \/>\n<script type=\"application\/ld+json\" class=\"yoast-schema-graph\">{\"@context\":\"https:\\\/\\\/schema.org\",\"@graph\":[{\"@type\":[\"WebPage\",\"ItemPage\"],\"@id\":\"https:\\\/\\\/astrologelvan.com\\\/magaza\\\/urun\\\/serafinit-bileklik\\\/\",\"url\":\"https:\\\/\\\/astrologelvan.com\\\/magaza\\\/urun\\\/serafinit-bileklik\\\/\",\"name\":\"Serafinit Bileklik - Astrolog Elvan\",\"isPartOf\":{\"@id\":\"https:\\\/\\\/astrologelvan.com\\\/magaza\\\/#website\"},\"primaryImageOfPage\":{\"@id\":\"https:\\\/\\\/astrologelvan.com\\\/magaza\\\/urun\\\/serafinit-bileklik\\\/#primaryimage\"},\"image\":{\"@id\":\"https:\\\/\\\/astrologelvan.com\\\/magaza\\\/urun\\\/serafinit-bileklik\\\/#primaryimage\"},\"thumbnailUrl\":\"https:\\\/\\\/astrologelvan.com\\\/magaza\\\/wp-content\\\/uploads\\\/2025\\\/08\\\/IMG_1063.jpg\",\"datePublished\":\"2025-09-30T10:53:57+00:00\",\"dateModified\":\"2026-01-27T21:03:00+00:00\",\"breadcrumb\":{\"@id\":\"https:\\\/\\\/astrologelvan.com\\\/magaza\\\/urun\\\/serafinit-bileklik\\\/#breadcrumb\"},\"inLanguage\":\"tr\",\"potentialAction\":[{\"@type\":\"ReadAction\",\"target\":[\"https:\\\/\\\/astrologelvan.com\\\/magaza\\\/urun\\\/serafinit-bileklik\\\/\"]}]},{\"@type\":\"ImageObject\",\"inLanguage\":\"tr\",\"@id\":\"https:\\\/\\\/astrologelvan.com\\\/magaza\\\/urun\\\/serafinit-bileklik\\\/#primaryimage\",\"url\":\"https:\\\/\\\/astrologelvan.com\\\/magaza\\\/wp-content\\\/uploads\\\/2025\\\/08\\\/IMG_1063.jpg\",\"contentUrl\":\"https:\\\/\\\/astrologelvan.com\\\/magaza\\\/wp-content\\\/uploads\\\/2025\\\/08\\\/IMG_1063.jpg\",\"width\":3024,\"height\":4032},{\"@type\":\"BreadcrumbList\",\"@id\":\"https:\\\/\\\/astrologelvan.com\\\/magaza\\\/urun\\\/serafinit-bileklik\\\/#breadcrumb\",\"itemListElement\":[{\"@type\":\"ListItem\",\"position\":1,\"name\":\"Anasayfa\",\"item\":\"https:\\\/\\\/astrologelvan.com\\\/magaza\\\/\"},{\"@type\":\"ListItem\",\"position\":2,\"name\":\"Ma\u011faza\",\"item\":\"https:\\\/\\\/astrologelvan.com\\\/magaza\\\/magaza\\\/\"},{\"@type\":\"ListItem\",\"position\":3,\"name\":\"Serafinit Bileklik\"}]},{\"@type\":\"WebSite\",\"@id\":\"https:\\\/\\\/astrologelvan.com\\\/magaza\\\/#website\",\"url\":\"https:\\\/\\\/astrologelvan.com\\\/magaza\\\/\",\"name\":\"Astrolog Elvan\",\"description\":\"\",\"potentialAction\":[{\"@type\":\"SearchAction\",\"target\":{\"@type\":\"EntryPoint\",\"urlTemplate\":\"https:\\\/\\\/astrologelvan.com\\\/magaza\\\/?s={search_term_string}\"},\"query-input\":{\"@type\":\"PropertyValueSpecification\",\"valueRequired\":true,\"valueName\":\"search_term_string\"}}],\"inLanguage\":\"tr\"}]}<\/script>\n<!-- \/ Yoast SEO plugin. -->","yoast_head_json":{"title":"Serafinit Bileklik - Astrolog Elvan","robots":{"index":"index","follow":"follow","max-snippet":"max-snippet:-1","max-image-preview":"max-image-preview:large","max-video-preview":"max-video-preview:-1"},"canonical":"https:\/\/astrologelvan.com\/magaza\/urun\/serafinit-bileklik\/","og_locale":"tr_TR","og_type":"article","og_title":"Serafinit Bileklik - Astrolog Elvan","og_description":"Serafinit, ye\u015fil tonlar\u0131 ve ipeksi, t\u00fcy benzeri yap\u0131s\u0131yla bilinir. \u00d6zellikle ruhsal b\u00fcy\u00fcme ve ki\u015fisel d\u00f6n\u00fc\u015f\u00fcm i\u00e7in g\u00fc\u00e7l\u00fc bir destekleyicidir. Kalp \u00e7akras\u0131n\u0131 a\u00e7arak ko\u015fulsuz sevgi ve \u015fifa enerjilerini art\u0131r\u0131r. \u0130\u00e7 huzuru destekler ve ki\u015fisel ile ruhsal uyumun derinle\u015ftirilmesine yard\u0131mc\u0131 olur. T\u00fcm \u00e7akra sistemini yeniden dengeleyebilir.  Sezgileriniz ve zihinsel kapasiteniz artarken, d\u00fc\u015f\u00fcncelerinizi ve dikkatinizi net ve hedefli bir \u015fekilde y\u00f6nlendirebilirsiniz. Zihinsel blokajlar\u0131 \u00e7\u00f6zerek d\u00fc\u015f\u00fcncelerin serbest\u00e7e akmas\u0131n\u0131 sa\u011flar.  Serafinit, bir t\u00fcr kalkan gibi sizi \u00e7evreler ve sahip oldu\u011funuz g\u00fcc\u00fc s\u00fcrekli\u00a0 olarak hat\u0131rlat\u0131r. Bu ta\u015f, yeni ba\u015flang\u0131\u00e7lar ve sonsuz f\u0131rsatlarla dolu yeni bir d\u00f6neme haz\u0131r olanlar i\u00e7in m\u00fckemmel bir t\u0131ls\u0131md\u0131r.","og_url":"https:\/\/astrologelvan.com\/magaza\/urun\/serafinit-bileklik\/","og_site_name":"Astrolog Elvan","article_modified_time":"2026-01-27T21:03:00+00:00","twitter_card":"summary_large_image","twitter_misc":{"Tahmini okuma s\u00fcresi":"1 dakika"},"schema":{"@context":"https:\/\/schema.org","@graph":[{"@type":["WebPage","ItemPage"],"@id":"https:\/\/astrologelvan.com\/magaza\/urun\/serafinit-bileklik\/","url":"https:\/\/astrologelvan.com\/magaza\/urun\/serafinit-bileklik\/","name":"Serafinit Bileklik - Astrolog Elvan","isPartOf":{"@id":"https:\/\/astrologelvan.com\/magaza\/#website"},"primaryImageOfPage":{"@id":"https:\/\/astrologelvan.com\/magaza\/urun\/serafinit-bileklik\/#primaryimage"},"image":{"@id":"https:\/\/astrologelvan.com\/magaza\/urun\/serafinit-bileklik\/#primaryimage"},"thumbnailUrl":"https:\/\/astrologelvan.com\/magaza\/wp-content\/uploads\/2025\/08\/IMG_1063.jpg","datePublished":"2025-09-30T10:53:57+00:00","dateModified":"2026-01-27T21:03:00+00:00","breadcrumb":{"@id":"https:\/\/astrologelvan.com\/magaza\/urun\/serafinit-bileklik\/#breadcrumb"},"inLanguage":"tr","potentialAction":[{"@type":"ReadAction","target":["https:\/\/astrologelvan.com\/magaza\/urun\/serafinit-bileklik\/"]}]},{"@type":"ImageObject","inLanguage":"tr","@id":"https:\/\/astrologelvan.com\/magaza\/urun\/serafinit-bileklik\/#primaryimage","url":"https:\/\/astrologelvan.com\/magaza\/wp-content\/uploads\/2025\/08\/IMG_1063.jpg","contentUrl":"https:\/\/astrologelvan.com\/magaza\/wp-content\/uploads\/2025\/08\/IMG_1063.jpg","width":3024,"height":4032},{"@type":"BreadcrumbList","@id":"https:\/\/astrologelvan.com\/magaza\/urun\/serafinit-bileklik\/#breadcrumb","itemListElement":[{"@type":"ListItem","position":1,"name":"Anasayfa","item":"https:\/\/astrologelvan.com\/magaza\/"},{"@type":"ListItem","position":2,"name":"Ma\u011faza","item":"https:\/\/astrologelvan.com\/magaza\/magaza\/"},{"@type":"ListItem","position":3,"name":"Serafinit Bileklik"}]},{"@type":"WebSite","@id":"https:\/\/astrologelvan.com\/magaza\/#website","url":"https:\/\/astrologelvan.com\/magaza\/","name":"Astrolog Elvan","description":"","potentialAction":[{"@type":"SearchAction","target":{"@type":"EntryPoint","urlTemplate":"https:\/\/astrologelvan.com\/magaza\/?s={search_term_string}"},"query-input":{"@type":"PropertyValueSpecification","valueRequired":true,"valueName":"search_term_string"}}],"inLanguage":"tr"}]}},"_links":{"self":[{"href":"https:\/\/astrologelvan.com\/magaza\/wp-json\/wp\/v2\/product\/108837","targetHints":{"allow":["GET"]}}],"collection":[{"href":"https:\/\/astrologelvan.com\/magaza\/wp-json\/wp\/v2\/product"}],"about":[{"href":"https:\/\/astrologelvan.com\/magaza\/wp-json\/wp\/v2\/types\/product"}],"replies":[{"embeddable":true,"href":"https:\/\/astrologelvan.com\/magaza\/wp-json\/wp\/v2\/comments?post=108837"}],"wp:featuredmedia":[{"embeddable":true,"href":"https:\/\/astrologelvan.com\/magaza\/wp-json\/wp\/v2\/media\/108832"}],"wp:attachment":[{"href":"https:\/\/astrologelvan.com\/magaza\/wp-json\/wp\/v2\/media?parent=108837"}],"wp:term":[{"taxonomy":"product_brand","embeddable":true,"href":"https:\/\/astrologelvan.com\/magaza\/wp-json\/wp\/v2\/product_brand?post=108837"},{"taxonomy":"product_cat","embeddable":true,"href":"https:\/\/astrologelvan.com\/magaza\/wp-json\/wp\/v2\/product_cat?post=108837"},{"taxonomy":"product_tag","embeddable":true,"href":"https:\/\/astrologelvan.com\/magaza\/wp-json\/wp\/v2\/product_tag?post=108837"}],"curies":[{"name":"wp","href":"https:\/\/api.w.org\/{rel}","templated":true}]}}