{"id":1085,"date":"2024-02-28T03:13:54","date_gmt":"2024-02-28T00:13:54","guid":{"rendered":"https:\/\/astrologelvan.shop\/?post_type=product&#038;p=1085"},"modified":"2025-10-06T08:15:09","modified_gmt":"2025-10-06T05:15:09","slug":"sari-safir-limited-edition-kupe","status":"publish","type":"product","link":"https:\/\/astrologelvan.com\/magaza\/urun\/sari-safir-limited-edition-kupe\/","title":{"rendered":"SARI SAF\u0130R LIMITED EDITION K\u00dcPE"},"content":{"rendered":"<p><strong>\u00dcr\u00fcn \u00d6zellikleri:<\/strong><br \/>\nTa\u015f\u0131n a\u011f\u0131rl\u0131\u011f\u0131: 5 &#8211; 8 gram<br \/>\nK\u00fcpenin toplam a\u011f\u0131rl\u0131\u011f\u0131: 13 &#8211; 15 gram<br \/>\n925 Ayar G\u00fcm\u00fc\u015f \u00fczeri Alt\u0131n Kaplama<\/p>\n<p><strong>Do\u011fal ta\u015flar\u0131n do\u011frudan cilde temas etmesini sa\u011fl\u0131yoruz. B\u00f6ylece do\u011fal ta\u015f\u0131n\u0131z\u0131 takt\u0131k\u00e7a v\u00fccudunuzun titre\u015fimlerine ba\u011flan\u0131r ve size denge ve uyum getirir.<\/strong><\/p>\n<p><strong>Tak\u0131lar\u0131n\u0131z\u0131n uzun s\u00fcre kullanabilmesi i\u00e7in; Parf\u00fcm, su, s\u0131v\u0131, dezenfektan, krem v.b. gibi maddelerle temas etmemesi, du\u015f-banyo s\u0131ras\u0131nda \u00e7\u0131kart\u0131lmas\u0131 gerekmektedir. Ki\u015finin ter-ten yap\u0131s\u0131na g\u00f6re de etkilenmektedir. Tak\u0131lar\u0131n\u0131z\u0131 kullanmad\u0131\u011f\u0131n\u0131z zamanlarda kesesinde saklaman\u0131z\u0131 \u00f6neririz.<\/strong><\/p>\n<p><strong>Do\u011fal ta\u015flar\u0131n belirli titre\u015fimlere ve frekanslara sahip oldu\u011fu bilinmektedir. Bu nedenle v\u00fccudumuzda ve auram\u0131zda birtak\u0131m iyi etkileri oldu\u011fu s\u00f6ylenmektedir. Ta\u015flar\u0131n \u00f6zelliklerinin bilimsel kesinli\u011fi yoktur. Astrologelvan ma\u011fazas\u0131ndaki t\u00fcm ta\u015flar orijinal, ger\u00e7ek do\u011fal ta\u015flard\u0131r. T\u0131bbi konularda doktora dan\u0131\u015fman\u0131z\u0131 tavsiye ederiz. Ta\u015flar\u0131n tedavi edici \u00f6zelli\u011fi yoktur, sadece ki\u015fisel enerjimizi y\u00fckseltmekte ve astrolojik olarak da temsil etti\u011fi gezegenlerin etkilerini artt\u0131rmakta oldu\u011fu kabul edilir. \u00d6rne\u011fin; pembe kuvars ta\u015f\u0131 a\u015fk ve sevgi gezegeni Ven\u00fcs&#8217;\u00fcn ta\u015f\u0131d\u0131r ve bu sebeple \u00fczerinde ta\u015f\u0131yan ki\u015finin a\u015fk ve sevgi frekans\u0131n\u0131 y\u00fckseltti\u011fi bilinir.<\/strong><\/p>\n","protected":false},"excerpt":{"rendered":"<p>Renkli m\u00fccevherlerin \u00fc\u00e7 b\u00fcy\u00fcklerinden biri olan Safir, g\u00fcn\u00fcm\u00fcze kadar kraliyet ailesi ile ili\u015fkilendirilmi\u015ftir. Safir ta\u015f\u0131; bollu\u011fu ve zenginli\u011fi ifade eder. Sar\u0131 Safir, J\u00fcpiter\u2019in ta\u015f\u0131d\u0131r. Hint astrolojisinde evlilikle ba\u011flant\u0131l\u0131d\u0131r. \u00d6zellikle ili\u015fkilerde size uygun partneri hayat\u0131n\u0131za \u00e7ekmek i\u00e7in kullan\u0131l\u0131r. Safir sizi negatif enerjilerden korumak, karman\u0131n s\u0131navlar\u0131na kar\u015f\u0131 s\u00fcreci hafifletmek, sezgileri g\u00fc\u00e7lendirmek ve ruhsal a\u00e7\u0131dan sakinle\u015fmek i\u00e7in kullan\u0131l\u0131r.<br \/>\nSafir, Sat\u00fcrn ta\u015f\u0131d\u0131r. Bilin\u00e7li bir \u015fekilde kullan\u0131lmas\u0131 gerekmektedir. Sat\u00fcrn bizi disipline eden ve ayn\u0131 zamanda sorumluluk ald\u0131\u011f\u0131m\u0131zda \u00f6d\u00fcller veren bir gezegendir. Sat\u00fcrn gezegeninin bize verdi\u011fi \u00f6d\u00fcller uzun vadeli ve kal\u0131c\u0131 olur. Bu sebeple, Astrolog Elvan t\u00fcm safirlere hayat\u0131n\u0131zdaki sorumluluklar\u0131n\u0131z\u0131 kolayl\u0131kla, keyifle ve size katk\u0131 sa\u011flayarak geri d\u00f6nmesini, bereket alan\u0131n\u0131za, zihninize ve bilgeli\u011finize katk\u0131 sa\u011flamas\u0131 ayn\u0131 zamanda emeklerinizin kar\u015f\u0131l\u0131\u011f\u0131n\u0131 alman\u0131z\u0131n m\u00fcmk\u00fcn oldu\u011fu hissini y\u00fcklemi\u015ftir. Bu hissi kabul etmek i\u00e7in yapaca\u011f\u0131n\u0131z tek \u015fey EVET demektir.<br \/>\nUYARI: Safir serimiz farkl\u0131 renk tonlar\u0131nda ve farkl\u0131 boyutlarda gelebilir.<\/p>\n","protected":false},"featured_media":1148,"comment_status":"open","ping_status":"closed","template":"","meta":[],"product_brand":[],"product_cat":[135,463],"product_tag":[],"class_list":{"0":"post-1085","1":"product","2":"type-product","3":"status-publish","4":"has-post-thumbnail","6":"product_cat-kupe","7":"product_cat-safir-tasi","9":"first","10":"outofstock","11":"taxable","12":"shipping-taxable","13":"purchasable","14":"product-type-simple"},"yoast_head":"<!-- This site is optimized with the Yoast SEO plugin v27.3 - https:\/\/yoast.com\/product\/yoast-seo-wordpress\/ -->\n<title>SARI SAF\u0130R LIMITED EDITION K\u00dcPE - Astrolog Elvan<\/title>\n<meta name=\"robots\" content=\"index, follow, max-snippet:-1, max-image-preview:large, max-video-preview:-1\" \/>\n<link rel=\"canonical\" href=\"https:\/\/astrologelvan.com\/magaza\/urun\/sari-safir-limited-edition-kupe\/\" \/>\n<meta property=\"og:locale\" content=\"tr_TR\" \/>\n<meta property=\"og:type\" content=\"article\" \/>\n<meta property=\"og:title\" content=\"SARI SAF\u0130R LIMITED EDITION K\u00dcPE - Astrolog Elvan\" \/>\n<meta property=\"og:description\" content=\"Renkli m\u00fccevherlerin \u00fc\u00e7 b\u00fcy\u00fcklerinden biri olan Safir, g\u00fcn\u00fcm\u00fcze kadar kraliyet ailesi ile ili\u015fkilendirilmi\u015ftir. Safir ta\u015f\u0131; bollu\u011fu ve zenginli\u011fi ifade eder. Sar\u0131 Safir, J\u00fcpiter\u2019in ta\u015f\u0131d\u0131r. Hint astrolojisinde evlilikle ba\u011flant\u0131l\u0131d\u0131r. \u00d6zellikle ili\u015fkilerde size uygun partneri hayat\u0131n\u0131za \u00e7ekmek i\u00e7in kullan\u0131l\u0131r. Safir sizi negatif enerjilerden korumak, karman\u0131n s\u0131navlar\u0131na kar\u015f\u0131 s\u00fcreci hafifletmek, sezgileri g\u00fc\u00e7lendirmek ve ruhsal a\u00e7\u0131dan sakinle\u015fmek i\u00e7in kullan\u0131l\u0131r. Safir, Sat\u00fcrn ta\u015f\u0131d\u0131r. Bilin\u00e7li bir \u015fekilde kullan\u0131lmas\u0131 gerekmektedir. Sat\u00fcrn bizi disipline eden ve ayn\u0131 zamanda sorumluluk ald\u0131\u011f\u0131m\u0131zda \u00f6d\u00fcller veren bir gezegendir. Sat\u00fcrn gezegeninin bize verdi\u011fi \u00f6d\u00fcller uzun vadeli ve kal\u0131c\u0131 olur. Bu sebeple, Astrolog Elvan t\u00fcm safirlere hayat\u0131n\u0131zdaki sorumluluklar\u0131n\u0131z\u0131 kolayl\u0131kla, keyifle ve size katk\u0131 sa\u011flayarak geri d\u00f6nmesini, bereket alan\u0131n\u0131za, zihninize ve bilgeli\u011finize katk\u0131 sa\u011flamas\u0131 ayn\u0131 zamanda emeklerinizin kar\u015f\u0131l\u0131\u011f\u0131n\u0131 alman\u0131z\u0131n m\u00fcmk\u00fcn oldu\u011fu hissini y\u00fcklemi\u015ftir. Bu hissi kabul etmek i\u00e7in yapaca\u011f\u0131n\u0131z tek \u015fey EVET demektir. UYARI: Safir serimiz farkl\u0131 renk tonlar\u0131nda ve farkl\u0131 boyutlarda gelebilir.\" \/>\n<meta property=\"og:url\" content=\"https:\/\/astrologelvan.com\/magaza\/urun\/sari-safir-limited-edition-kupe\/\" \/>\n<meta property=\"og:site_name\" content=\"Astrolog Elvan\" \/>\n<meta property=\"article:modified_time\" content=\"2025-10-06T05:15:09+00:00\" \/>\n<meta property=\"og:image\" content=\"https:\/\/astrologelvan.com\/magaza\/wp-content\/uploads\/2024\/02\/SARI-SAFIR-LIMITED-EDITION-KUPE-2.jpg\" \/>\n\t<meta property=\"og:image:width\" content=\"1080\" \/>\n\t<meta property=\"og:image:height\" content=\"1080\" \/>\n\t<meta property=\"og:image:type\" content=\"image\/jpeg\" \/>\n<meta name=\"twitter:card\" content=\"summary_large_image\" \/>\n<meta name=\"twitter:label1\" content=\"Tahmini okuma s\u00fcresi\" \/>\n\t<meta name=\"twitter:data1\" content=\"1 dakika\" \/>\n<script type=\"application\/ld+json\" class=\"yoast-schema-graph\">{\"@context\":\"https:\\\/\\\/schema.org\",\"@graph\":[{\"@type\":[\"WebPage\",\"ItemPage\"],\"@id\":\"https:\\\/\\\/astrologelvan.com\\\/magaza\\\/urun\\\/sari-safir-limited-edition-kupe\\\/\",\"url\":\"https:\\\/\\\/astrologelvan.com\\\/magaza\\\/urun\\\/sari-safir-limited-edition-kupe\\\/\",\"name\":\"SARI SAF\u0130R LIMITED EDITION K\u00dcPE - Astrolog Elvan\",\"isPartOf\":{\"@id\":\"https:\\\/\\\/astrologelvan.com\\\/magaza\\\/#website\"},\"primaryImageOfPage\":{\"@id\":\"https:\\\/\\\/astrologelvan.com\\\/magaza\\\/urun\\\/sari-safir-limited-edition-kupe\\\/#primaryimage\"},\"image\":{\"@id\":\"https:\\\/\\\/astrologelvan.com\\\/magaza\\\/urun\\\/sari-safir-limited-edition-kupe\\\/#primaryimage\"},\"thumbnailUrl\":\"https:\\\/\\\/astrologelvan.com\\\/magaza\\\/wp-content\\\/uploads\\\/2024\\\/02\\\/SARI-SAFIR-LIMITED-EDITION-KUPE-2.jpg\",\"datePublished\":\"2024-02-28T00:13:54+00:00\",\"dateModified\":\"2025-10-06T05:15:09+00:00\",\"breadcrumb\":{\"@id\":\"https:\\\/\\\/astrologelvan.com\\\/magaza\\\/urun\\\/sari-safir-limited-edition-kupe\\\/#breadcrumb\"},\"inLanguage\":\"tr\",\"potentialAction\":[{\"@type\":\"ReadAction\",\"target\":[\"https:\\\/\\\/astrologelvan.com\\\/magaza\\\/urun\\\/sari-safir-limited-edition-kupe\\\/\"]}]},{\"@type\":\"ImageObject\",\"inLanguage\":\"tr\",\"@id\":\"https:\\\/\\\/astrologelvan.com\\\/magaza\\\/urun\\\/sari-safir-limited-edition-kupe\\\/#primaryimage\",\"url\":\"https:\\\/\\\/astrologelvan.com\\\/magaza\\\/wp-content\\\/uploads\\\/2024\\\/02\\\/SARI-SAFIR-LIMITED-EDITION-KUPE-2.jpg\",\"contentUrl\":\"https:\\\/\\\/astrologelvan.com\\\/magaza\\\/wp-content\\\/uploads\\\/2024\\\/02\\\/SARI-SAFIR-LIMITED-EDITION-KUPE-2.jpg\",\"width\":1080,\"height\":1080},{\"@type\":\"BreadcrumbList\",\"@id\":\"https:\\\/\\\/astrologelvan.com\\\/magaza\\\/urun\\\/sari-safir-limited-edition-kupe\\\/#breadcrumb\",\"itemListElement\":[{\"@type\":\"ListItem\",\"position\":1,\"name\":\"Anasayfa\",\"item\":\"https:\\\/\\\/astrologelvan.com\\\/magaza\\\/\"},{\"@type\":\"ListItem\",\"position\":2,\"name\":\"Ma\u011faza\",\"item\":\"https:\\\/\\\/astrologelvan.com\\\/magaza\\\/magaza\\\/\"},{\"@type\":\"ListItem\",\"position\":3,\"name\":\"SARI SAF\u0130R LIMITED EDITION K\u00dcPE\"}]},{\"@type\":\"WebSite\",\"@id\":\"https:\\\/\\\/astrologelvan.com\\\/magaza\\\/#website\",\"url\":\"https:\\\/\\\/astrologelvan.com\\\/magaza\\\/\",\"name\":\"Astrolog Elvan\",\"description\":\"\",\"potentialAction\":[{\"@type\":\"SearchAction\",\"target\":{\"@type\":\"EntryPoint\",\"urlTemplate\":\"https:\\\/\\\/astrologelvan.com\\\/magaza\\\/?s={search_term_string}\"},\"query-input\":{\"@type\":\"PropertyValueSpecification\",\"valueRequired\":true,\"valueName\":\"search_term_string\"}}],\"inLanguage\":\"tr\"}]}<\/script>\n<!-- \/ Yoast SEO plugin. -->","yoast_head_json":{"title":"SARI SAF\u0130R LIMITED EDITION K\u00dcPE - Astrolog Elvan","robots":{"index":"index","follow":"follow","max-snippet":"max-snippet:-1","max-image-preview":"max-image-preview:large","max-video-preview":"max-video-preview:-1"},"canonical":"https:\/\/astrologelvan.com\/magaza\/urun\/sari-safir-limited-edition-kupe\/","og_locale":"tr_TR","og_type":"article","og_title":"SARI SAF\u0130R LIMITED EDITION K\u00dcPE - Astrolog Elvan","og_description":"Renkli m\u00fccevherlerin \u00fc\u00e7 b\u00fcy\u00fcklerinden biri olan Safir, g\u00fcn\u00fcm\u00fcze kadar kraliyet ailesi ile ili\u015fkilendirilmi\u015ftir. Safir ta\u015f\u0131; bollu\u011fu ve zenginli\u011fi ifade eder. Sar\u0131 Safir, J\u00fcpiter\u2019in ta\u015f\u0131d\u0131r. Hint astrolojisinde evlilikle ba\u011flant\u0131l\u0131d\u0131r. \u00d6zellikle ili\u015fkilerde size uygun partneri hayat\u0131n\u0131za \u00e7ekmek i\u00e7in kullan\u0131l\u0131r. Safir sizi negatif enerjilerden korumak, karman\u0131n s\u0131navlar\u0131na kar\u015f\u0131 s\u00fcreci hafifletmek, sezgileri g\u00fc\u00e7lendirmek ve ruhsal a\u00e7\u0131dan sakinle\u015fmek i\u00e7in kullan\u0131l\u0131r. Safir, Sat\u00fcrn ta\u015f\u0131d\u0131r. Bilin\u00e7li bir \u015fekilde kullan\u0131lmas\u0131 gerekmektedir. Sat\u00fcrn bizi disipline eden ve ayn\u0131 zamanda sorumluluk ald\u0131\u011f\u0131m\u0131zda \u00f6d\u00fcller veren bir gezegendir. Sat\u00fcrn gezegeninin bize verdi\u011fi \u00f6d\u00fcller uzun vadeli ve kal\u0131c\u0131 olur. Bu sebeple, Astrolog Elvan t\u00fcm safirlere hayat\u0131n\u0131zdaki sorumluluklar\u0131n\u0131z\u0131 kolayl\u0131kla, keyifle ve size katk\u0131 sa\u011flayarak geri d\u00f6nmesini, bereket alan\u0131n\u0131za, zihninize ve bilgeli\u011finize katk\u0131 sa\u011flamas\u0131 ayn\u0131 zamanda emeklerinizin kar\u015f\u0131l\u0131\u011f\u0131n\u0131 alman\u0131z\u0131n m\u00fcmk\u00fcn oldu\u011fu hissini y\u00fcklemi\u015ftir. Bu hissi kabul etmek i\u00e7in yapaca\u011f\u0131n\u0131z tek \u015fey EVET demektir. UYARI: Safir serimiz farkl\u0131 renk tonlar\u0131nda ve farkl\u0131 boyutlarda gelebilir.","og_url":"https:\/\/astrologelvan.com\/magaza\/urun\/sari-safir-limited-edition-kupe\/","og_site_name":"Astrolog Elvan","article_modified_time":"2025-10-06T05:15:09+00:00","og_image":[{"width":1080,"height":1080,"url":"https:\/\/astrologelvan.com\/magaza\/wp-content\/uploads\/2024\/02\/SARI-SAFIR-LIMITED-EDITION-KUPE-2.jpg","type":"image\/jpeg"}],"twitter_card":"summary_large_image","twitter_misc":{"Tahmini okuma s\u00fcresi":"1 dakika"},"schema":{"@context":"https:\/\/schema.org","@graph":[{"@type":["WebPage","ItemPage"],"@id":"https:\/\/astrologelvan.com\/magaza\/urun\/sari-safir-limited-edition-kupe\/","url":"https:\/\/astrologelvan.com\/magaza\/urun\/sari-safir-limited-edition-kupe\/","name":"SARI SAF\u0130R LIMITED EDITION K\u00dcPE - Astrolog Elvan","isPartOf":{"@id":"https:\/\/astrologelvan.com\/magaza\/#website"},"primaryImageOfPage":{"@id":"https:\/\/astrologelvan.com\/magaza\/urun\/sari-safir-limited-edition-kupe\/#primaryimage"},"image":{"@id":"https:\/\/astrologelvan.com\/magaza\/urun\/sari-safir-limited-edition-kupe\/#primaryimage"},"thumbnailUrl":"https:\/\/astrologelvan.com\/magaza\/wp-content\/uploads\/2024\/02\/SARI-SAFIR-LIMITED-EDITION-KUPE-2.jpg","datePublished":"2024-02-28T00:13:54+00:00","dateModified":"2025-10-06T05:15:09+00:00","breadcrumb":{"@id":"https:\/\/astrologelvan.com\/magaza\/urun\/sari-safir-limited-edition-kupe\/#breadcrumb"},"inLanguage":"tr","potentialAction":[{"@type":"ReadAction","target":["https:\/\/astrologelvan.com\/magaza\/urun\/sari-safir-limited-edition-kupe\/"]}]},{"@type":"ImageObject","inLanguage":"tr","@id":"https:\/\/astrologelvan.com\/magaza\/urun\/sari-safir-limited-edition-kupe\/#primaryimage","url":"https:\/\/astrologelvan.com\/magaza\/wp-content\/uploads\/2024\/02\/SARI-SAFIR-LIMITED-EDITION-KUPE-2.jpg","contentUrl":"https:\/\/astrologelvan.com\/magaza\/wp-content\/uploads\/2024\/02\/SARI-SAFIR-LIMITED-EDITION-KUPE-2.jpg","width":1080,"height":1080},{"@type":"BreadcrumbList","@id":"https:\/\/astrologelvan.com\/magaza\/urun\/sari-safir-limited-edition-kupe\/#breadcrumb","itemListElement":[{"@type":"ListItem","position":1,"name":"Anasayfa","item":"https:\/\/astrologelvan.com\/magaza\/"},{"@type":"ListItem","position":2,"name":"Ma\u011faza","item":"https:\/\/astrologelvan.com\/magaza\/magaza\/"},{"@type":"ListItem","position":3,"name":"SARI SAF\u0130R LIMITED EDITION K\u00dcPE"}]},{"@type":"WebSite","@id":"https:\/\/astrologelvan.com\/magaza\/#website","url":"https:\/\/astrologelvan.com\/magaza\/","name":"Astrolog Elvan","description":"","potentialAction":[{"@type":"SearchAction","target":{"@type":"EntryPoint","urlTemplate":"https:\/\/astrologelvan.com\/magaza\/?s={search_term_string}"},"query-input":{"@type":"PropertyValueSpecification","valueRequired":true,"valueName":"search_term_string"}}],"inLanguage":"tr"}]}},"_links":{"self":[{"href":"https:\/\/astrologelvan.com\/magaza\/wp-json\/wp\/v2\/product\/1085","targetHints":{"allow":["GET"]}}],"collection":[{"href":"https:\/\/astrologelvan.com\/magaza\/wp-json\/wp\/v2\/product"}],"about":[{"href":"https:\/\/astrologelvan.com\/magaza\/wp-json\/wp\/v2\/types\/product"}],"replies":[{"embeddable":true,"href":"https:\/\/astrologelvan.com\/magaza\/wp-json\/wp\/v2\/comments?post=1085"}],"wp:featuredmedia":[{"embeddable":true,"href":"https:\/\/astrologelvan.com\/magaza\/wp-json\/wp\/v2\/media\/1148"}],"wp:attachment":[{"href":"https:\/\/astrologelvan.com\/magaza\/wp-json\/wp\/v2\/media?parent=1085"}],"wp:term":[{"taxonomy":"product_brand","embeddable":true,"href":"https:\/\/astrologelvan.com\/magaza\/wp-json\/wp\/v2\/product_brand?post=1085"},{"taxonomy":"product_cat","embeddable":true,"href":"https:\/\/astrologelvan.com\/magaza\/wp-json\/wp\/v2\/product_cat?post=1085"},{"taxonomy":"product_tag","embeddable":true,"href":"https:\/\/astrologelvan.com\/magaza\/wp-json\/wp\/v2\/product_tag?post=1085"}],"curies":[{"name":"wp","href":"https:\/\/api.w.org\/{rel}","templated":true}]}}