{"id":108291,"date":"2025-09-27T16:11:25","date_gmt":"2025-09-27T13:11:25","guid":{"rendered":"https:\/\/astrologelvan.com\/magaza\/?post_type=product&#038;p=108291"},"modified":"2025-10-19T21:01:15","modified_gmt":"2025-10-19T18:01:15","slug":"ideal-kilo-beden-atolyesi","status":"publish","type":"product","link":"https:\/\/astrologelvan.com\/magaza\/urun\/ideal-kilo-beden-atolyesi\/","title":{"rendered":"\u0130deal Kilo Beden At\u00f6lyesi"},"content":{"rendered":"","protected":false},"excerpt":{"rendered":"<p>Bedenimiz yaln\u0131zca g\u00f6rd\u00fc\u011f\u00fcm\u00fcz \u015fekilden ibaret de\u011fil; her h\u00fccre, ya\u015fad\u0131\u011f\u0131m\u0131z an\u0131lar\u0131n ve duygular\u0131n izini ta\u015f\u0131r.Kimi y\u00fcklerini fazladan ta\u015f\u0131yor, kimi eksik kalan par\u00e7alar\u0131n\u0131n pe\u015finde\u2026<br \/>\nOysa beden, \u00f6z\u00fcnde hep dengeyi bilir.<\/p>\n<p>Bu \u00f6zel at\u00f6lyede;<br \/>\n<strong>Fazla kilolar\u0131n ard\u0131ndaki duygusal ba\u011flar\u0131 \u00e7\u00f6z\u00fcyor,<\/strong><br \/>\n<strong>Al\u0131namayan kilolar\u0131n arkas\u0131ndaki bilin\u00e7alt\u0131 kay\u0131tlar\u0131n\u0131 \u015fifaland\u0131r\u0131yoruz.<\/strong><\/p>\n<p>ThetaHealing ile h\u00fccresel d\u00fczeyde d\u00f6n\u00fc\u015f\u00fcm,<br \/>\nJean Adrianne Ar\u0131nd\u0131rma Sistemi (JAAS) ile enerji alan\u0131nda derin temizlik yap\u0131yoruz.<\/p>\n<p>Bu yaln\u0131zca fiziksel bir de\u011fi\u015fim de\u011fil; Kendini yeniden sevme, bedeninle bar\u0131\u015fma, \u00f6zg\u00fcrle\u015fme yolculu\u011fu\u2026<\/p>\n<p>Sonbahar\u0131n ar\u0131nd\u0131r\u0131c\u0131 enerjisiyle, ideal frekans\u0131na kavu\u015fmak i\u00e7in sen de yerini al.<br \/>\nBedenin sana te\u015fekk\u00fcr edecek.<\/p>\n<p><strong>\ud83c\udf19 Tarih:<\/strong> 7 Ekim 2025 21:00<br \/>\n<strong>\ud83c\udfa5 Platform:<\/strong> Zoom \u00fczerinden ve kay\u0131t g\u00f6r\u00fcnt\u00fcler<\/p>\n<p>Sipari\u015flerinizi olu\u015ftururken aktif kulland\u0131\u011f\u0131n\u0131z telefon numaran\u0131z\u0131 ve e-mail adresinizi girmelisiniz.<br \/>\nAt\u00f6lye kat\u0131l\u0131m linkleri belirtti\u011finiz numaraya SMS olarak ve belirtti\u011finiz e-mail adresine e-mail olarak g\u00f6nderilecektir.<br \/>\nSMS ve E-mail adresinizi do\u011fru yazd\u0131\u011f\u0131n\u0131za ve SMS ve E-mail kutunuzun dolu olmamas\u0131na dikkat ediniz.<\/p>\n<p><strong>At\u00f6lye kay\u0131tlar\u0131 sat\u0131n alan ki\u015filere canl\u0131 yay\u0131n sonras\u0131ndaki g\u00fcnlerde yine ayn\u0131 kanallardan iletilecektir.<\/strong><br \/>\n<strong>Her at\u00f6lye kayd\u0131 bir ki\u015fi i\u00e7in ge\u00e7erlidir, yasal olarak bir ba\u015fkas\u0131 ile payla\u015f\u0131lamaz.<\/strong><\/p>\n<div class=\"sales-counter\" style=\" margin: 1em 0; padding: 10px; background-color: #fff; border: 1px solid #ddd;\">Bu at\u00f6lyeye 218 ki\u015fi kay\u0131t yapt\u0131rd\u0131.<\/div>\n","protected":false},"featured_media":108313,"comment_status":"open","ping_status":"closed","template":"","meta":[],"product_brand":[],"product_cat":[494],"product_tag":[],"class_list":{"0":"post-108291","1":"product","2":"type-product","3":"status-publish","4":"has-post-thumbnail","6":"product_cat-atolyeler","8":"first","9":"instock","10":"virtual","11":"taxable","12":"purchasable","13":"product-type-simple"},"yoast_head":"<!-- This site is optimized with the Yoast SEO plugin v27.3 - https:\/\/yoast.com\/product\/yoast-seo-wordpress\/ -->\n<title>\u0130deal Kilo Beden At\u00f6lyesi - Astrolog Elvan<\/title>\n<meta name=\"robots\" content=\"index, follow, max-snippet:-1, max-image-preview:large, max-video-preview:-1\" \/>\n<link rel=\"canonical\" href=\"https:\/\/astrologelvan.com\/magaza\/urun\/ideal-kilo-beden-atolyesi\/\" \/>\n<meta property=\"og:locale\" content=\"tr_TR\" \/>\n<meta property=\"og:type\" content=\"article\" \/>\n<meta property=\"og:title\" content=\"\u0130deal Kilo Beden At\u00f6lyesi - Astrolog Elvan\" \/>\n<meta property=\"og:description\" content=\"Bedenimiz yaln\u0131zca g\u00f6rd\u00fc\u011f\u00fcm\u00fcz \u015fekilden ibaret de\u011fil; her h\u00fccre, ya\u015fad\u0131\u011f\u0131m\u0131z an\u0131lar\u0131n ve duygular\u0131n izini ta\u015f\u0131r.Kimi y\u00fcklerini fazladan ta\u015f\u0131yor, kimi eksik kalan par\u00e7alar\u0131n\u0131n pe\u015finde\u2026 Oysa beden, \u00f6z\u00fcnde hep dengeyi bilir.  Bu \u00f6zel at\u00f6lyede; Fazla kilolar\u0131n ard\u0131ndaki duygusal ba\u011flar\u0131 \u00e7\u00f6z\u00fcyor, Al\u0131namayan kilolar\u0131n arkas\u0131ndaki bilin\u00e7alt\u0131 kay\u0131tlar\u0131n\u0131 \u015fifaland\u0131r\u0131yoruz.  ThetaHealing ile h\u00fccresel d\u00fczeyde d\u00f6n\u00fc\u015f\u00fcm, Jean Adrianne Ar\u0131nd\u0131rma Sistemi (JAAS) ile enerji alan\u0131nda derin temizlik yap\u0131yoruz.  Bu yaln\u0131zca fiziksel bir de\u011fi\u015fim de\u011fil; Kendini yeniden sevme, bedeninle bar\u0131\u015fma, \u00f6zg\u00fcrle\u015fme yolculu\u011fu\u2026  Sonbahar\u0131n ar\u0131nd\u0131r\u0131c\u0131 enerjisiyle, ideal frekans\u0131na kavu\u015fmak i\u00e7in sen de yerini al. Bedenin sana te\u015fekk\u00fcr edecek.  \ud83c\udf19 Tarih: 7 Ekim 2025 21:00 \ud83c\udfa5 Platform: Zoom \u00fczerinden ve kay\u0131t g\u00f6r\u00fcnt\u00fcler  Sipari\u015flerinizi olu\u015ftururken aktif kulland\u0131\u011f\u0131n\u0131z telefon numaran\u0131z\u0131 ve e-mail adresinizi girmelisiniz. At\u00f6lye kat\u0131l\u0131m linkleri belirtti\u011finiz numaraya SMS olarak ve belirtti\u011finiz e-mail adresine e-mail olarak g\u00f6nderilecektir. SMS ve E-mail adresinizi do\u011fru yazd\u0131\u011f\u0131n\u0131za ve SMS ve E-mail kutunuzun dolu olmamas\u0131na dikkat ediniz.  At\u00f6lye kay\u0131tlar\u0131 sat\u0131n alan ki\u015filere canl\u0131 yay\u0131n sonras\u0131ndaki g\u00fcnlerde yine ayn\u0131 kanallardan iletilecektir. Her at\u00f6lye kayd\u0131 bir ki\u015fi i\u00e7in ge\u00e7erlidir, yasal olarak bir ba\u015fkas\u0131 ile payla\u015f\u0131lamaz.\" \/>\n<meta property=\"og:url\" content=\"https:\/\/astrologelvan.com\/magaza\/urun\/ideal-kilo-beden-atolyesi\/\" \/>\n<meta property=\"og:site_name\" content=\"Astrolog Elvan\" \/>\n<meta property=\"article:modified_time\" content=\"2025-10-19T18:01:15+00:00\" \/>\n<meta property=\"og:image\" content=\"https:\/\/astrologelvan.com\/magaza\/wp-content\/uploads\/2025\/09\/IMG_4555.webp\" \/>\n\t<meta property=\"og:image:width\" content=\"1000\" \/>\n\t<meta property=\"og:image:height\" content=\"1300\" \/>\n\t<meta property=\"og:image:type\" content=\"image\/webp\" \/>\n<meta name=\"twitter:card\" content=\"summary_large_image\" \/>\n<meta name=\"twitter:label1\" content=\"Tahmini okuma s\u00fcresi\" \/>\n\t<meta name=\"twitter:data1\" content=\"1 dakika\" \/>\n<script type=\"application\/ld+json\" class=\"yoast-schema-graph\">{\"@context\":\"https:\\\/\\\/schema.org\",\"@graph\":[{\"@type\":[\"WebPage\",\"ItemPage\"],\"@id\":\"https:\\\/\\\/astrologelvan.com\\\/magaza\\\/urun\\\/ideal-kilo-beden-atolyesi\\\/\",\"url\":\"https:\\\/\\\/astrologelvan.com\\\/magaza\\\/urun\\\/ideal-kilo-beden-atolyesi\\\/\",\"name\":\"\u0130deal Kilo Beden At\u00f6lyesi - Astrolog Elvan\",\"isPartOf\":{\"@id\":\"https:\\\/\\\/astrologelvan.com\\\/magaza\\\/#website\"},\"primaryImageOfPage\":{\"@id\":\"https:\\\/\\\/astrologelvan.com\\\/magaza\\\/urun\\\/ideal-kilo-beden-atolyesi\\\/#primaryimage\"},\"image\":{\"@id\":\"https:\\\/\\\/astrologelvan.com\\\/magaza\\\/urun\\\/ideal-kilo-beden-atolyesi\\\/#primaryimage\"},\"thumbnailUrl\":\"https:\\\/\\\/astrologelvan.com\\\/magaza\\\/wp-content\\\/uploads\\\/2025\\\/09\\\/IMG_4555.webp\",\"datePublished\":\"2025-09-27T13:11:25+00:00\",\"dateModified\":\"2025-10-19T18:01:15+00:00\",\"breadcrumb\":{\"@id\":\"https:\\\/\\\/astrologelvan.com\\\/magaza\\\/urun\\\/ideal-kilo-beden-atolyesi\\\/#breadcrumb\"},\"inLanguage\":\"tr\",\"potentialAction\":[{\"@type\":\"ReadAction\",\"target\":[\"https:\\\/\\\/astrologelvan.com\\\/magaza\\\/urun\\\/ideal-kilo-beden-atolyesi\\\/\"]}]},{\"@type\":\"ImageObject\",\"inLanguage\":\"tr\",\"@id\":\"https:\\\/\\\/astrologelvan.com\\\/magaza\\\/urun\\\/ideal-kilo-beden-atolyesi\\\/#primaryimage\",\"url\":\"https:\\\/\\\/astrologelvan.com\\\/magaza\\\/wp-content\\\/uploads\\\/2025\\\/09\\\/IMG_4555.webp\",\"contentUrl\":\"https:\\\/\\\/astrologelvan.com\\\/magaza\\\/wp-content\\\/uploads\\\/2025\\\/09\\\/IMG_4555.webp\",\"width\":1000,\"height\":1300},{\"@type\":\"BreadcrumbList\",\"@id\":\"https:\\\/\\\/astrologelvan.com\\\/magaza\\\/urun\\\/ideal-kilo-beden-atolyesi\\\/#breadcrumb\",\"itemListElement\":[{\"@type\":\"ListItem\",\"position\":1,\"name\":\"Anasayfa\",\"item\":\"https:\\\/\\\/astrologelvan.com\\\/magaza\\\/\"},{\"@type\":\"ListItem\",\"position\":2,\"name\":\"Ma\u011faza\",\"item\":\"https:\\\/\\\/astrologelvan.com\\\/magaza\\\/magaza\\\/\"},{\"@type\":\"ListItem\",\"position\":3,\"name\":\"\u0130deal Kilo Beden At\u00f6lyesi\"}]},{\"@type\":\"WebSite\",\"@id\":\"https:\\\/\\\/astrologelvan.com\\\/magaza\\\/#website\",\"url\":\"https:\\\/\\\/astrologelvan.com\\\/magaza\\\/\",\"name\":\"Astrolog Elvan\",\"description\":\"\",\"potentialAction\":[{\"@type\":\"SearchAction\",\"target\":{\"@type\":\"EntryPoint\",\"urlTemplate\":\"https:\\\/\\\/astrologelvan.com\\\/magaza\\\/?s={search_term_string}\"},\"query-input\":{\"@type\":\"PropertyValueSpecification\",\"valueRequired\":true,\"valueName\":\"search_term_string\"}}],\"inLanguage\":\"tr\"}]}<\/script>\n<!-- \/ Yoast SEO plugin. -->","yoast_head_json":{"title":"\u0130deal Kilo Beden At\u00f6lyesi - Astrolog Elvan","robots":{"index":"index","follow":"follow","max-snippet":"max-snippet:-1","max-image-preview":"max-image-preview:large","max-video-preview":"max-video-preview:-1"},"canonical":"https:\/\/astrologelvan.com\/magaza\/urun\/ideal-kilo-beden-atolyesi\/","og_locale":"tr_TR","og_type":"article","og_title":"\u0130deal Kilo Beden At\u00f6lyesi - Astrolog Elvan","og_description":"Bedenimiz yaln\u0131zca g\u00f6rd\u00fc\u011f\u00fcm\u00fcz \u015fekilden ibaret de\u011fil; her h\u00fccre, ya\u015fad\u0131\u011f\u0131m\u0131z an\u0131lar\u0131n ve duygular\u0131n izini ta\u015f\u0131r.Kimi y\u00fcklerini fazladan ta\u015f\u0131yor, kimi eksik kalan par\u00e7alar\u0131n\u0131n pe\u015finde\u2026 Oysa beden, \u00f6z\u00fcnde hep dengeyi bilir.  Bu \u00f6zel at\u00f6lyede; Fazla kilolar\u0131n ard\u0131ndaki duygusal ba\u011flar\u0131 \u00e7\u00f6z\u00fcyor, Al\u0131namayan kilolar\u0131n arkas\u0131ndaki bilin\u00e7alt\u0131 kay\u0131tlar\u0131n\u0131 \u015fifaland\u0131r\u0131yoruz.  ThetaHealing ile h\u00fccresel d\u00fczeyde d\u00f6n\u00fc\u015f\u00fcm, Jean Adrianne Ar\u0131nd\u0131rma Sistemi (JAAS) ile enerji alan\u0131nda derin temizlik yap\u0131yoruz.  Bu yaln\u0131zca fiziksel bir de\u011fi\u015fim de\u011fil; Kendini yeniden sevme, bedeninle bar\u0131\u015fma, \u00f6zg\u00fcrle\u015fme yolculu\u011fu\u2026  Sonbahar\u0131n ar\u0131nd\u0131r\u0131c\u0131 enerjisiyle, ideal frekans\u0131na kavu\u015fmak i\u00e7in sen de yerini al. Bedenin sana te\u015fekk\u00fcr edecek.  \ud83c\udf19 Tarih: 7 Ekim 2025 21:00 \ud83c\udfa5 Platform: Zoom \u00fczerinden ve kay\u0131t g\u00f6r\u00fcnt\u00fcler  Sipari\u015flerinizi olu\u015ftururken aktif kulland\u0131\u011f\u0131n\u0131z telefon numaran\u0131z\u0131 ve e-mail adresinizi girmelisiniz. At\u00f6lye kat\u0131l\u0131m linkleri belirtti\u011finiz numaraya SMS olarak ve belirtti\u011finiz e-mail adresine e-mail olarak g\u00f6nderilecektir. SMS ve E-mail adresinizi do\u011fru yazd\u0131\u011f\u0131n\u0131za ve SMS ve E-mail kutunuzun dolu olmamas\u0131na dikkat ediniz.  At\u00f6lye kay\u0131tlar\u0131 sat\u0131n alan ki\u015filere canl\u0131 yay\u0131n sonras\u0131ndaki g\u00fcnlerde yine ayn\u0131 kanallardan iletilecektir. Her at\u00f6lye kayd\u0131 bir ki\u015fi i\u00e7in ge\u00e7erlidir, yasal olarak bir ba\u015fkas\u0131 ile payla\u015f\u0131lamaz.","og_url":"https:\/\/astrologelvan.com\/magaza\/urun\/ideal-kilo-beden-atolyesi\/","og_site_name":"Astrolog Elvan","article_modified_time":"2025-10-19T18:01:15+00:00","og_image":[{"width":1000,"height":1300,"url":"https:\/\/astrologelvan.com\/magaza\/wp-content\/uploads\/2025\/09\/IMG_4555.webp","type":"image\/webp"}],"twitter_card":"summary_large_image","twitter_misc":{"Tahmini okuma s\u00fcresi":"1 dakika"},"schema":{"@context":"https:\/\/schema.org","@graph":[{"@type":["WebPage","ItemPage"],"@id":"https:\/\/astrologelvan.com\/magaza\/urun\/ideal-kilo-beden-atolyesi\/","url":"https:\/\/astrologelvan.com\/magaza\/urun\/ideal-kilo-beden-atolyesi\/","name":"\u0130deal Kilo Beden At\u00f6lyesi - Astrolog Elvan","isPartOf":{"@id":"https:\/\/astrologelvan.com\/magaza\/#website"},"primaryImageOfPage":{"@id":"https:\/\/astrologelvan.com\/magaza\/urun\/ideal-kilo-beden-atolyesi\/#primaryimage"},"image":{"@id":"https:\/\/astrologelvan.com\/magaza\/urun\/ideal-kilo-beden-atolyesi\/#primaryimage"},"thumbnailUrl":"https:\/\/astrologelvan.com\/magaza\/wp-content\/uploads\/2025\/09\/IMG_4555.webp","datePublished":"2025-09-27T13:11:25+00:00","dateModified":"2025-10-19T18:01:15+00:00","breadcrumb":{"@id":"https:\/\/astrologelvan.com\/magaza\/urun\/ideal-kilo-beden-atolyesi\/#breadcrumb"},"inLanguage":"tr","potentialAction":[{"@type":"ReadAction","target":["https:\/\/astrologelvan.com\/magaza\/urun\/ideal-kilo-beden-atolyesi\/"]}]},{"@type":"ImageObject","inLanguage":"tr","@id":"https:\/\/astrologelvan.com\/magaza\/urun\/ideal-kilo-beden-atolyesi\/#primaryimage","url":"https:\/\/astrologelvan.com\/magaza\/wp-content\/uploads\/2025\/09\/IMG_4555.webp","contentUrl":"https:\/\/astrologelvan.com\/magaza\/wp-content\/uploads\/2025\/09\/IMG_4555.webp","width":1000,"height":1300},{"@type":"BreadcrumbList","@id":"https:\/\/astrologelvan.com\/magaza\/urun\/ideal-kilo-beden-atolyesi\/#breadcrumb","itemListElement":[{"@type":"ListItem","position":1,"name":"Anasayfa","item":"https:\/\/astrologelvan.com\/magaza\/"},{"@type":"ListItem","position":2,"name":"Ma\u011faza","item":"https:\/\/astrologelvan.com\/magaza\/magaza\/"},{"@type":"ListItem","position":3,"name":"\u0130deal Kilo Beden At\u00f6lyesi"}]},{"@type":"WebSite","@id":"https:\/\/astrologelvan.com\/magaza\/#website","url":"https:\/\/astrologelvan.com\/magaza\/","name":"Astrolog Elvan","description":"","potentialAction":[{"@type":"SearchAction","target":{"@type":"EntryPoint","urlTemplate":"https:\/\/astrologelvan.com\/magaza\/?s={search_term_string}"},"query-input":{"@type":"PropertyValueSpecification","valueRequired":true,"valueName":"search_term_string"}}],"inLanguage":"tr"}]}},"_links":{"self":[{"href":"https:\/\/astrologelvan.com\/magaza\/wp-json\/wp\/v2\/product\/108291","targetHints":{"allow":["GET"]}}],"collection":[{"href":"https:\/\/astrologelvan.com\/magaza\/wp-json\/wp\/v2\/product"}],"about":[{"href":"https:\/\/astrologelvan.com\/magaza\/wp-json\/wp\/v2\/types\/product"}],"replies":[{"embeddable":true,"href":"https:\/\/astrologelvan.com\/magaza\/wp-json\/wp\/v2\/comments?post=108291"}],"wp:featuredmedia":[{"embeddable":true,"href":"https:\/\/astrologelvan.com\/magaza\/wp-json\/wp\/v2\/media\/108313"}],"wp:attachment":[{"href":"https:\/\/astrologelvan.com\/magaza\/wp-json\/wp\/v2\/media?parent=108291"}],"wp:term":[{"taxonomy":"product_brand","embeddable":true,"href":"https:\/\/astrologelvan.com\/magaza\/wp-json\/wp\/v2\/product_brand?post=108291"},{"taxonomy":"product_cat","embeddable":true,"href":"https:\/\/astrologelvan.com\/magaza\/wp-json\/wp\/v2\/product_cat?post=108291"},{"taxonomy":"product_tag","embeddable":true,"href":"https:\/\/astrologelvan.com\/magaza\/wp-json\/wp\/v2\/product_tag?post=108291"}],"curies":[{"name":"wp","href":"https:\/\/api.w.org\/{rel}","templated":true}]}}