{"id":1063,"date":"2024-02-28T03:12:30","date_gmt":"2024-02-28T00:12:30","guid":{"rendered":"https:\/\/astrologelvan.shop\/?post_type=product&#038;p=1063"},"modified":"2025-10-23T18:56:20","modified_gmt":"2025-10-23T15:56:20","slug":"rutil-kuvars-dogal-tas-bileklik","status":"publish","type":"product","link":"https:\/\/astrologelvan.com\/magaza\/urun\/rutil-kuvars-dogal-tas-bileklik\/","title":{"rendered":"RUT\u0130L KUVARS DO\u011eAL TA\u015e B\u0130LEKL\u0130K"},"content":{"rendered":"<p><strong>\u00dcr\u00fcn\u00fcn \u00d6zellikleri<\/strong><\/p>\n<p style=\"margin-bottom: 18.0pt; background: white;\"><span style=\"font-family: 'Arial',sans-serif; color: #525252;\">Rutil Kuvars Bileklik<\/span><\/p>\n<p style=\"margin-bottom: 18.0pt; background: white;\"><span style=\"font-family: 'Arial',sans-serif; color: #525252;\">Bilekli\u011fin ortalama uzunlu\u011fu: 20 cm<\/span><\/p>\n<p style=\"margin-bottom: 18.0pt; background: white;\"><span style=\"font-family: 'Arial',sans-serif; color: #525252;\">Ta\u015flar\u0131n yakla\u015f\u0131k \u00f6l\u00e7\u00fcs\u00fc:\u00a010 mm<\/span><\/p>\n<p><strong>Do\u011fal ta\u015f kolyelerimizin tasar\u0131mlar\u0131nda do\u011frudan cilde temas etmesini sa\u011fl\u0131yoruz. B\u00f6ylece do\u011fal ta\u015f kolyenizi takt\u0131k\u00e7a v\u00fccudunuzun titre\u015fimlerine ba\u011flan\u0131r ve size denge ve uyum getirir.<\/strong><\/p>\n<p><b>G\u00fcm\u00fc\u015f kararmas\u0131 iadeye tabi de\u011fildir. Do\u011fal y\u00f6ntemlerle ya da sol\u00fcsyon kullanarak kararan g\u00fcm\u00fc\u015f\u00fc yeniden parlatman\u0131z m\u00fcmk\u00fcnd\u00fcr.<\/b><\/p>\n<p><strong>Tak\u0131lar\u0131n\u0131z\u0131n uzun s\u00fcre kullanabilmesi i\u00e7in; Parf\u00fcm, su, s\u0131v\u0131, dezenfektan, krem v.b. gibi maddelerle temas etmemesi, du\u015f-banyo s\u0131ras\u0131nda \u00e7\u0131kart\u0131lmas\u0131 gerekmektedir. Ki\u015finin ter-ten yap\u0131s\u0131na g\u00f6re de etkilenmektedir. Tak\u0131lar\u0131n\u0131z\u0131 kullanmad\u0131\u011f\u0131n\u0131z zamanlarda kesesinde saklaman\u0131z\u0131 \u00f6neririz.<\/strong><\/p>\n<p><strong>Do\u011fal ta\u015flar\u0131n belirli titre\u015fimlere ve frekanslara sahip oldu\u011fu bilinmektedir. Bu nedenle v\u00fccudumuzda ve auram\u0131zda birtak\u0131m iyi etkileri oldu\u011fu s\u00f6ylenmektedir. Ta\u015flar\u0131n \u00f6zelliklerinin bilimsel kesinli\u011fi yoktur. Astrologelvan ma\u011fazas\u0131ndaki t\u00fcm ta\u015flar orijinal, ger\u00e7ek do\u011fal ta\u015flard\u0131r. T\u0131bbi konularda doktora dan\u0131\u015fman\u0131z\u0131 tavsiye ederiz. Ta\u015flar\u0131n tedavi edici \u00f6zelli\u011fi yoktur, sadece ki\u015fisel enerjimizi y\u00fckseltmekte ve astrolojik olarak da temsil etti\u011fi gezegenlerin etkilerini artt\u0131rmakta oldu\u011fu kabul edilir. \u00d6rne\u011fin; pembe kuvars ta\u015f\u0131 a\u015fk ve sevgi gezegeni Ven\u00fcs&#8217;\u00fcn ta\u015f\u0131d\u0131r ve bu sebeple \u00fczerinde ta\u015f\u0131yan ki\u015finin a\u015fk ve sevgi frekans\u0131n\u0131 y\u00fckseltti\u011fi bilinir.<\/strong><\/p>\n","protected":false},"excerpt":{"rendered":"<p>Spirit\u00fcel etkileri ile \u00f6ne \u00e7\u0131kan ta\u015f, d\u00fc\u015f\u00fcncelere netlik kazand\u0131r\u0131r; yarat\u0131c\u0131l\u0131\u011f\u0131 artt\u0131r\u0131r ve ruhani rehberlerle olan ba\u011flar\u0131 g\u00fc\u00e7lendirir.<br \/>\nPozitif d\u00fc\u015f\u00fcnceleri hayat\u0131n\u0131za \u00e7ekmenize yard\u0131m eder. Etkili bir tezah\u00fcr ta\u015f\u0131d\u0131r.<br \/>\nAuray\u0131 negatif enerjilerden temizler. Telepatik ve psi\u015fik yetenekleri g\u00fc\u00e7lendirir.<br \/>\nNegatif enerjiyi uzakla\u015ft\u0131rmas\u0131ndaki ustal\u0131\u011f\u0131, stres, anksiyete ve depresyonla sava\u015fmaya yard\u0131mc\u0131 olur.<br \/>\nRuh, beden ve zihnin dengelenmesine yard\u0131m eder. Ki\u015finin hayat\u0131na d\u00fczen getirir.<\/p>\n","protected":false},"featured_media":5225,"comment_status":"open","ping_status":"closed","template":"","meta":[],"product_brand":[],"product_cat":[258,26,130],"product_tag":[39,332,40,63,290,133],"class_list":{"0":"post-1063","1":"product","2":"type-product","3":"status-publish","4":"has-post-thumbnail","6":"product_cat-bileklik","7":"product_cat-genel","8":"product_cat-rutil-kuvars-tasi","9":"product_tag-astrolog-elvan","10":"product_tag-dogal-aytasi","11":"product_tag-dogal-tas","12":"product_tag-dogal-tas-kolye","13":"product_tag-gumus-kolye","14":"product_tag-rutil-kuvars","16":"first","17":"outofstock","18":"taxable","19":"shipping-taxable","20":"purchasable","21":"product-type-simple"},"yoast_head":"<!-- This site is optimized with the Yoast SEO plugin v27.3 - https:\/\/yoast.com\/product\/yoast-seo-wordpress\/ -->\n<title>RUT\u0130L KUVARS DO\u011eAL TA\u015e B\u0130LEKL\u0130K - Astrolog Elvan<\/title>\n<meta name=\"robots\" content=\"index, follow, max-snippet:-1, max-image-preview:large, max-video-preview:-1\" \/>\n<link rel=\"canonical\" href=\"https:\/\/astrologelvan.com\/magaza\/urun\/rutil-kuvars-dogal-tas-bileklik\/\" \/>\n<meta property=\"og:locale\" content=\"tr_TR\" \/>\n<meta property=\"og:type\" content=\"article\" \/>\n<meta property=\"og:title\" content=\"RUT\u0130L KUVARS DO\u011eAL TA\u015e B\u0130LEKL\u0130K - Astrolog Elvan\" \/>\n<meta property=\"og:description\" content=\"Spirit\u00fcel etkileri ile \u00f6ne \u00e7\u0131kan ta\u015f, d\u00fc\u015f\u00fcncelere netlik kazand\u0131r\u0131r; yarat\u0131c\u0131l\u0131\u011f\u0131 artt\u0131r\u0131r ve ruhani rehberlerle olan ba\u011flar\u0131 g\u00fc\u00e7lendirir. Pozitif d\u00fc\u015f\u00fcnceleri hayat\u0131n\u0131za \u00e7ekmenize yard\u0131m eder. Etkili bir tezah\u00fcr ta\u015f\u0131d\u0131r. Auray\u0131 negatif enerjilerden temizler. Telepatik ve psi\u015fik yetenekleri g\u00fc\u00e7lendirir. Negatif enerjiyi uzakla\u015ft\u0131rmas\u0131ndaki ustal\u0131\u011f\u0131, stres, anksiyete ve depresyonla sava\u015fmaya yard\u0131mc\u0131 olur. Ruh, beden ve zihnin dengelenmesine yard\u0131m eder. Ki\u015finin hayat\u0131na d\u00fczen getirir.\" \/>\n<meta property=\"og:url\" content=\"https:\/\/astrologelvan.com\/magaza\/urun\/rutil-kuvars-dogal-tas-bileklik\/\" \/>\n<meta property=\"og:site_name\" content=\"Astrolog Elvan\" \/>\n<meta property=\"article:modified_time\" content=\"2025-10-23T15:56:20+00:00\" \/>\n<meta property=\"og:image\" content=\"https:\/\/astrologelvan.com\/magaza\/wp-content\/uploads\/2024\/02\/1-49.jpg\" \/>\n\t<meta property=\"og:image:width\" content=\"1600\" \/>\n\t<meta property=\"og:image:height\" content=\"1600\" \/>\n\t<meta property=\"og:image:type\" content=\"image\/jpeg\" \/>\n<meta name=\"twitter:card\" content=\"summary_large_image\" \/>\n<meta name=\"twitter:label1\" content=\"Tahmini okuma s\u00fcresi\" \/>\n\t<meta name=\"twitter:data1\" content=\"2 dakika\" \/>\n<script type=\"application\/ld+json\" class=\"yoast-schema-graph\">{\"@context\":\"https:\\\/\\\/schema.org\",\"@graph\":[{\"@type\":[\"WebPage\",\"ItemPage\"],\"@id\":\"https:\\\/\\\/astrologelvan.com\\\/magaza\\\/urun\\\/rutil-kuvars-dogal-tas-bileklik\\\/\",\"url\":\"https:\\\/\\\/astrologelvan.com\\\/magaza\\\/urun\\\/rutil-kuvars-dogal-tas-bileklik\\\/\",\"name\":\"RUT\u0130L KUVARS DO\u011eAL TA\u015e B\u0130LEKL\u0130K - Astrolog Elvan\",\"isPartOf\":{\"@id\":\"https:\\\/\\\/astrologelvan.com\\\/magaza\\\/#website\"},\"primaryImageOfPage\":{\"@id\":\"https:\\\/\\\/astrologelvan.com\\\/magaza\\\/urun\\\/rutil-kuvars-dogal-tas-bileklik\\\/#primaryimage\"},\"image\":{\"@id\":\"https:\\\/\\\/astrologelvan.com\\\/magaza\\\/urun\\\/rutil-kuvars-dogal-tas-bileklik\\\/#primaryimage\"},\"thumbnailUrl\":\"https:\\\/\\\/astrologelvan.com\\\/magaza\\\/wp-content\\\/uploads\\\/2024\\\/02\\\/1-49.jpg\",\"datePublished\":\"2024-02-28T00:12:30+00:00\",\"dateModified\":\"2025-10-23T15:56:20+00:00\",\"breadcrumb\":{\"@id\":\"https:\\\/\\\/astrologelvan.com\\\/magaza\\\/urun\\\/rutil-kuvars-dogal-tas-bileklik\\\/#breadcrumb\"},\"inLanguage\":\"tr\",\"potentialAction\":[{\"@type\":\"ReadAction\",\"target\":[\"https:\\\/\\\/astrologelvan.com\\\/magaza\\\/urun\\\/rutil-kuvars-dogal-tas-bileklik\\\/\"]}]},{\"@type\":\"ImageObject\",\"inLanguage\":\"tr\",\"@id\":\"https:\\\/\\\/astrologelvan.com\\\/magaza\\\/urun\\\/rutil-kuvars-dogal-tas-bileklik\\\/#primaryimage\",\"url\":\"https:\\\/\\\/astrologelvan.com\\\/magaza\\\/wp-content\\\/uploads\\\/2024\\\/02\\\/1-49.jpg\",\"contentUrl\":\"https:\\\/\\\/astrologelvan.com\\\/magaza\\\/wp-content\\\/uploads\\\/2024\\\/02\\\/1-49.jpg\",\"width\":1600,\"height\":1600},{\"@type\":\"BreadcrumbList\",\"@id\":\"https:\\\/\\\/astrologelvan.com\\\/magaza\\\/urun\\\/rutil-kuvars-dogal-tas-bileklik\\\/#breadcrumb\",\"itemListElement\":[{\"@type\":\"ListItem\",\"position\":1,\"name\":\"Anasayfa\",\"item\":\"https:\\\/\\\/astrologelvan.com\\\/magaza\\\/\"},{\"@type\":\"ListItem\",\"position\":2,\"name\":\"Ma\u011faza\",\"item\":\"https:\\\/\\\/astrologelvan.com\\\/magaza\\\/magaza\\\/\"},{\"@type\":\"ListItem\",\"position\":3,\"name\":\"RUT\u0130L KUVARS DO\u011eAL TA\u015e B\u0130LEKL\u0130K\"}]},{\"@type\":\"WebSite\",\"@id\":\"https:\\\/\\\/astrologelvan.com\\\/magaza\\\/#website\",\"url\":\"https:\\\/\\\/astrologelvan.com\\\/magaza\\\/\",\"name\":\"Astrolog Elvan\",\"description\":\"\",\"potentialAction\":[{\"@type\":\"SearchAction\",\"target\":{\"@type\":\"EntryPoint\",\"urlTemplate\":\"https:\\\/\\\/astrologelvan.com\\\/magaza\\\/?s={search_term_string}\"},\"query-input\":{\"@type\":\"PropertyValueSpecification\",\"valueRequired\":true,\"valueName\":\"search_term_string\"}}],\"inLanguage\":\"tr\"}]}<\/script>\n<!-- \/ Yoast SEO plugin. -->","yoast_head_json":{"title":"RUT\u0130L KUVARS DO\u011eAL TA\u015e B\u0130LEKL\u0130K - Astrolog Elvan","robots":{"index":"index","follow":"follow","max-snippet":"max-snippet:-1","max-image-preview":"max-image-preview:large","max-video-preview":"max-video-preview:-1"},"canonical":"https:\/\/astrologelvan.com\/magaza\/urun\/rutil-kuvars-dogal-tas-bileklik\/","og_locale":"tr_TR","og_type":"article","og_title":"RUT\u0130L KUVARS DO\u011eAL TA\u015e B\u0130LEKL\u0130K - Astrolog Elvan","og_description":"Spirit\u00fcel etkileri ile \u00f6ne \u00e7\u0131kan ta\u015f, d\u00fc\u015f\u00fcncelere netlik kazand\u0131r\u0131r; yarat\u0131c\u0131l\u0131\u011f\u0131 artt\u0131r\u0131r ve ruhani rehberlerle olan ba\u011flar\u0131 g\u00fc\u00e7lendirir. Pozitif d\u00fc\u015f\u00fcnceleri hayat\u0131n\u0131za \u00e7ekmenize yard\u0131m eder. Etkili bir tezah\u00fcr ta\u015f\u0131d\u0131r. Auray\u0131 negatif enerjilerden temizler. Telepatik ve psi\u015fik yetenekleri g\u00fc\u00e7lendirir. Negatif enerjiyi uzakla\u015ft\u0131rmas\u0131ndaki ustal\u0131\u011f\u0131, stres, anksiyete ve depresyonla sava\u015fmaya yard\u0131mc\u0131 olur. Ruh, beden ve zihnin dengelenmesine yard\u0131m eder. Ki\u015finin hayat\u0131na d\u00fczen getirir.","og_url":"https:\/\/astrologelvan.com\/magaza\/urun\/rutil-kuvars-dogal-tas-bileklik\/","og_site_name":"Astrolog Elvan","article_modified_time":"2025-10-23T15:56:20+00:00","og_image":[{"width":1600,"height":1600,"url":"https:\/\/astrologelvan.com\/magaza\/wp-content\/uploads\/2024\/02\/1-49.jpg","type":"image\/jpeg"}],"twitter_card":"summary_large_image","twitter_misc":{"Tahmini okuma s\u00fcresi":"2 dakika"},"schema":{"@context":"https:\/\/schema.org","@graph":[{"@type":["WebPage","ItemPage"],"@id":"https:\/\/astrologelvan.com\/magaza\/urun\/rutil-kuvars-dogal-tas-bileklik\/","url":"https:\/\/astrologelvan.com\/magaza\/urun\/rutil-kuvars-dogal-tas-bileklik\/","name":"RUT\u0130L KUVARS DO\u011eAL TA\u015e B\u0130LEKL\u0130K - Astrolog Elvan","isPartOf":{"@id":"https:\/\/astrologelvan.com\/magaza\/#website"},"primaryImageOfPage":{"@id":"https:\/\/astrologelvan.com\/magaza\/urun\/rutil-kuvars-dogal-tas-bileklik\/#primaryimage"},"image":{"@id":"https:\/\/astrologelvan.com\/magaza\/urun\/rutil-kuvars-dogal-tas-bileklik\/#primaryimage"},"thumbnailUrl":"https:\/\/astrologelvan.com\/magaza\/wp-content\/uploads\/2024\/02\/1-49.jpg","datePublished":"2024-02-28T00:12:30+00:00","dateModified":"2025-10-23T15:56:20+00:00","breadcrumb":{"@id":"https:\/\/astrologelvan.com\/magaza\/urun\/rutil-kuvars-dogal-tas-bileklik\/#breadcrumb"},"inLanguage":"tr","potentialAction":[{"@type":"ReadAction","target":["https:\/\/astrologelvan.com\/magaza\/urun\/rutil-kuvars-dogal-tas-bileklik\/"]}]},{"@type":"ImageObject","inLanguage":"tr","@id":"https:\/\/astrologelvan.com\/magaza\/urun\/rutil-kuvars-dogal-tas-bileklik\/#primaryimage","url":"https:\/\/astrologelvan.com\/magaza\/wp-content\/uploads\/2024\/02\/1-49.jpg","contentUrl":"https:\/\/astrologelvan.com\/magaza\/wp-content\/uploads\/2024\/02\/1-49.jpg","width":1600,"height":1600},{"@type":"BreadcrumbList","@id":"https:\/\/astrologelvan.com\/magaza\/urun\/rutil-kuvars-dogal-tas-bileklik\/#breadcrumb","itemListElement":[{"@type":"ListItem","position":1,"name":"Anasayfa","item":"https:\/\/astrologelvan.com\/magaza\/"},{"@type":"ListItem","position":2,"name":"Ma\u011faza","item":"https:\/\/astrologelvan.com\/magaza\/magaza\/"},{"@type":"ListItem","position":3,"name":"RUT\u0130L KUVARS DO\u011eAL TA\u015e B\u0130LEKL\u0130K"}]},{"@type":"WebSite","@id":"https:\/\/astrologelvan.com\/magaza\/#website","url":"https:\/\/astrologelvan.com\/magaza\/","name":"Astrolog Elvan","description":"","potentialAction":[{"@type":"SearchAction","target":{"@type":"EntryPoint","urlTemplate":"https:\/\/astrologelvan.com\/magaza\/?s={search_term_string}"},"query-input":{"@type":"PropertyValueSpecification","valueRequired":true,"valueName":"search_term_string"}}],"inLanguage":"tr"}]}},"_links":{"self":[{"href":"https:\/\/astrologelvan.com\/magaza\/wp-json\/wp\/v2\/product\/1063","targetHints":{"allow":["GET"]}}],"collection":[{"href":"https:\/\/astrologelvan.com\/magaza\/wp-json\/wp\/v2\/product"}],"about":[{"href":"https:\/\/astrologelvan.com\/magaza\/wp-json\/wp\/v2\/types\/product"}],"replies":[{"embeddable":true,"href":"https:\/\/astrologelvan.com\/magaza\/wp-json\/wp\/v2\/comments?post=1063"}],"wp:featuredmedia":[{"embeddable":true,"href":"https:\/\/astrologelvan.com\/magaza\/wp-json\/wp\/v2\/media\/5225"}],"wp:attachment":[{"href":"https:\/\/astrologelvan.com\/magaza\/wp-json\/wp\/v2\/media?parent=1063"}],"wp:term":[{"taxonomy":"product_brand","embeddable":true,"href":"https:\/\/astrologelvan.com\/magaza\/wp-json\/wp\/v2\/product_brand?post=1063"},{"taxonomy":"product_cat","embeddable":true,"href":"https:\/\/astrologelvan.com\/magaza\/wp-json\/wp\/v2\/product_cat?post=1063"},{"taxonomy":"product_tag","embeddable":true,"href":"https:\/\/astrologelvan.com\/magaza\/wp-json\/wp\/v2\/product_tag?post=1063"}],"curies":[{"name":"wp","href":"https:\/\/api.w.org\/{rel}","templated":true}]}}