{"id":1054,"date":"2024-02-28T03:11:42","date_gmt":"2024-02-28T00:11:42","guid":{"rendered":"https:\/\/astrologelvan.shop\/?post_type=product&#038;p=1054"},"modified":"2026-03-19T12:36:52","modified_gmt":"2026-03-19T09:36:52","slug":"turmalin-gulperi-dogal-tas-kolye","status":"publish","type":"product","link":"https:\/\/astrologelvan.com\/magaza\/urun\/turmalin-gulperi-dogal-tas-kolye\/","title":{"rendered":"TURMAL\u0130N G\u00dcLPER\u0130 DO\u011eAL TA\u015e KOLYE"},"content":{"rendered":"<p><strong>\u00dcr\u00fcn \u00d6zellikleri<\/strong><\/p>\n<p data-start=\"120\" data-end=\"296\">Pembe Turmalin, a\u015fk\u0131 hem bedensel hem ruhsal d\u00fczeyde besleyen g\u00fc\u00e7l\u00fc bir ta\u015ft\u0131r. Kalp \u00e7akras\u0131 \u00fczerinden duygusal yaralar\u0131 \u015fefkatle iyile\u015ftirir, eski ac\u0131lar\u0131 sevgiyle d\u00f6n\u00fc\u015ft\u00fcr\u00fcr.<\/p>\n<p data-start=\"298\" data-end=\"421\">En \u00f6nemli mesaj\u0131, \u00f6nce kendini sevmenin gereklili\u011fidir. Sevilmeyi beklemeden \u00f6nce, sevmenin g\u00fcvenli oldu\u011funu hissettirir.<\/p>\n<p data-start=\"423\" data-end=\"570\">Ruhani bilgelikle a\u015fk\u0131 birle\u015ftirir; huzur, \u015fefkat ve i\u00e7sel dinginlik sunar. Fiziksel zevki payla\u015fmay\u0131 kolayla\u015ft\u0131r\u0131rken, sizi \u015fifa enerilerine a\u00e7ar.<\/p>\n<p><span style=\"font-weight: 400;\">Cinsiyet : Kad\u0131n ve Erkek<\/span><\/p>\n<p><span style=\"font-weight: 400;\">Zincir boyu : 45 Cm<\/span><\/p>\n<p><span style=\"font-weight: 400;\">T\u00fcr\u00fc : Zincir Kolye<\/span><\/p>\n<p><span style=\"font-weight: 400;\">Ta\u015f Cinsi : Turmalin<\/span><\/p>\n<p><strong>Do\u011fal ta\u015f kolyelerimizin tasar\u0131mlar\u0131nda do\u011frudan cilde temas etmesini sa\u011fl\u0131yoruz. B\u00f6ylece do\u011fal ta\u015f kolyenizi takt\u0131k\u00e7a v\u00fccudunuzun titre\u015fimlerine ba\u011flan\u0131r ve size denge ve uyum getirir.<\/strong><\/p>\n<p><strong>Tak\u0131lar\u0131n\u0131z\u0131n uzun s\u00fcre kullanabilmesi i\u00e7in; Parf\u00fcm, su, s\u0131v\u0131, dezenfektan, krem v.b. gibi maddelerle temas etmemesi, du\u015f-banyo s\u0131ras\u0131nda \u00e7\u0131kart\u0131lmas\u0131 gerekmektedir. Ki\u015finin ter-ten yap\u0131s\u0131na g\u00f6re de etkilenmektedir. Tak\u0131lar\u0131n\u0131z\u0131 kullanmad\u0131\u011f\u0131n\u0131z zamanlarda kesesinde saklaman\u0131z\u0131 \u00f6neririz.<\/strong><\/p>\n<p><strong>Do\u011fal ta\u015flar\u0131n belirli titre\u015fimlere ve frekanslara sahip oldu\u011fu bilinmektedir. Bu nedenle v\u00fccudumuzda ve auram\u0131zda birtak\u0131m iyi etkileri oldu\u011fu s\u00f6ylenmektedir. Ta\u015flar\u0131n \u00f6zelliklerinin bilimsel kesinli\u011fi yoktur. Astrologelvan ma\u011fazas\u0131ndaki t\u00fcm ta\u015flar orijinal, ger\u00e7ek do\u011fal ta\u015flard\u0131r. T\u0131bbi konularda doktora dan\u0131\u015fman\u0131z\u0131 tavsiye ederiz. Ta\u015flar\u0131n tedavi edici \u00f6zelli\u011fi yoktur, sadece ki\u015fisel enerjimizi y\u00fckseltmekte ve astrolojik olarak da temsil etti\u011fi gezegenlerin etkilerini artt\u0131rmakta oldu\u011fu kabul edilir. \u00d6rne\u011fin; pembe kuvars ta\u015f\u0131 a\u015fk ve sevgi gezegeni Ven\u00fcs\u2019\u00fcn ta\u015f\u0131d\u0131r ve bu sebeple \u00fczerinde ta\u015f\u0131yan ki\u015finin a\u015fk ve sevgi frekans\u0131n\u0131 y\u00fckseltti\u011fi bilinir.<\/strong><\/p>\n","protected":false},"excerpt":{"rendered":"<p data-start=\"120\" data-end=\"296\">Pembe Turmalin, a\u015fk\u0131 hem bedensel hem ruhsal d\u00fczeyde besleyen g\u00fc\u00e7l\u00fc bir ta\u015ft\u0131r. Kalp \u00e7akras\u0131 \u00fczerinden duygusal yaralar\u0131 \u015fefkatle iyile\u015ftirir, eski ac\u0131lar\u0131 sevgiyle d\u00f6n\u00fc\u015ft\u00fcr\u00fcr.<\/p>\n<p data-start=\"298\" data-end=\"421\">En \u00f6nemli mesaj\u0131, \u00f6nce kendini sevmenin gereklili\u011fidir. Sevilmeyi beklemeden \u00f6nce, sevmenin g\u00fcvenli oldu\u011funu hissettirir.<\/p>\n<p data-start=\"423\" data-end=\"570\">Ruhani bilgelikle a\u015fk\u0131 birle\u015ftirir; huzur, \u015fefkat ve i\u00e7sel dinginlik sunar. Fiziksel zevki payla\u015fmay\u0131 kolayla\u015ft\u0131r\u0131rken, sizi \u015fifa enerilerine a\u00e7ar.<\/p>\n<h5><\/h5>\n","protected":false},"featured_media":8266,"comment_status":"open","ping_status":"closed","template":"","meta":[],"product_brand":[596],"product_cat":[52,48,227,7455],"product_tag":[230,477],"class_list":{"0":"post-1054","1":"product","2":"type-product","3":"status-publish","4":"has-post-thumbnail","6":"product_brand-astrolog-elvan","7":"product_cat-dogal-taslar","8":"product_cat-kolyeler","9":"product_cat-turmalin-tasi","10":"product_cat--kolyeler","11":"product_tag-turmalin","12":"product_tag-turmalin-gulperi-dogal-tas-kolye","14":"first","15":"instock","16":"featured","17":"taxable","18":"shipping-taxable","19":"purchasable","20":"product-type-simple"},"yoast_head":"<!-- This site is optimized with the Yoast SEO plugin v27.3 - https:\/\/yoast.com\/product\/yoast-seo-wordpress\/ -->\n<title>TURMAL\u0130N G\u00dcLPER\u0130 DO\u011eAL TA\u015e KOLYE - Astrolog Elvan<\/title>\n<meta name=\"robots\" content=\"index, follow, max-snippet:-1, max-image-preview:large, max-video-preview:-1\" \/>\n<link rel=\"canonical\" href=\"https:\/\/astrologelvan.com\/magaza\/urun\/turmalin-gulperi-dogal-tas-kolye\/\" \/>\n<meta property=\"og:locale\" content=\"tr_TR\" \/>\n<meta property=\"og:type\" content=\"article\" \/>\n<meta property=\"og:title\" content=\"TURMAL\u0130N G\u00dcLPER\u0130 DO\u011eAL TA\u015e KOLYE - Astrolog Elvan\" \/>\n<meta property=\"og:description\" content=\"Pembe Turmalin, a\u015fk\u0131 hem bedensel hem ruhsal d\u00fczeyde besleyen g\u00fc\u00e7l\u00fc bir ta\u015ft\u0131r. Kalp \u00e7akras\u0131 \u00fczerinden duygusal yaralar\u0131 \u015fefkatle iyile\u015ftirir, eski ac\u0131lar\u0131 sevgiyle d\u00f6n\u00fc\u015ft\u00fcr\u00fcr. En \u00f6nemli mesaj\u0131, \u00f6nce kendini sevmenin gereklili\u011fidir. Sevilmeyi beklemeden \u00f6nce, sevmenin g\u00fcvenli oldu\u011funu hissettirir. Ruhani bilgelikle a\u015fk\u0131 birle\u015ftirir; huzur, \u015fefkat ve i\u00e7sel dinginlik sunar. Fiziksel zevki payla\u015fmay\u0131 kolayla\u015ft\u0131r\u0131rken, sizi \u015fifa enerilerine a\u00e7ar.\" \/>\n<meta property=\"og:url\" content=\"https:\/\/astrologelvan.com\/magaza\/urun\/turmalin-gulperi-dogal-tas-kolye\/\" \/>\n<meta property=\"og:site_name\" content=\"Astrolog Elvan\" \/>\n<meta property=\"article:modified_time\" content=\"2026-03-19T09:36:52+00:00\" \/>\n<meta property=\"og:image\" content=\"https:\/\/astrologelvan.com\/magaza\/wp-content\/uploads\/2024\/02\/1-81-scaled.jpg\" \/>\n\t<meta property=\"og:image:width\" content=\"2560\" \/>\n\t<meta property=\"og:image:height\" content=\"2560\" \/>\n\t<meta property=\"og:image:type\" content=\"image\/jpeg\" \/>\n<meta name=\"twitter:card\" content=\"summary_large_image\" \/>\n<meta name=\"twitter:label1\" content=\"Tahmini okuma s\u00fcresi\" \/>\n\t<meta name=\"twitter:data1\" content=\"2 dakika\" \/>\n<script type=\"application\/ld+json\" class=\"yoast-schema-graph\">{\"@context\":\"https:\\\/\\\/schema.org\",\"@graph\":[{\"@type\":[\"WebPage\",\"ItemPage\"],\"@id\":\"https:\\\/\\\/astrologelvan.com\\\/magaza\\\/urun\\\/turmalin-gulperi-dogal-tas-kolye\\\/\",\"url\":\"https:\\\/\\\/astrologelvan.com\\\/magaza\\\/urun\\\/turmalin-gulperi-dogal-tas-kolye\\\/\",\"name\":\"TURMAL\u0130N G\u00dcLPER\u0130 DO\u011eAL TA\u015e KOLYE - Astrolog Elvan\",\"isPartOf\":{\"@id\":\"https:\\\/\\\/astrologelvan.com\\\/magaza\\\/#website\"},\"primaryImageOfPage\":{\"@id\":\"https:\\\/\\\/astrologelvan.com\\\/magaza\\\/urun\\\/turmalin-gulperi-dogal-tas-kolye\\\/#primaryimage\"},\"image\":{\"@id\":\"https:\\\/\\\/astrologelvan.com\\\/magaza\\\/urun\\\/turmalin-gulperi-dogal-tas-kolye\\\/#primaryimage\"},\"thumbnailUrl\":\"https:\\\/\\\/astrologelvan.com\\\/magaza\\\/wp-content\\\/uploads\\\/2024\\\/02\\\/1-81-scaled.jpg\",\"datePublished\":\"2024-02-28T00:11:42+00:00\",\"dateModified\":\"2026-03-19T09:36:52+00:00\",\"breadcrumb\":{\"@id\":\"https:\\\/\\\/astrologelvan.com\\\/magaza\\\/urun\\\/turmalin-gulperi-dogal-tas-kolye\\\/#breadcrumb\"},\"inLanguage\":\"tr\",\"potentialAction\":[{\"@type\":\"ReadAction\",\"target\":[\"https:\\\/\\\/astrologelvan.com\\\/magaza\\\/urun\\\/turmalin-gulperi-dogal-tas-kolye\\\/\"]}]},{\"@type\":\"ImageObject\",\"inLanguage\":\"tr\",\"@id\":\"https:\\\/\\\/astrologelvan.com\\\/magaza\\\/urun\\\/turmalin-gulperi-dogal-tas-kolye\\\/#primaryimage\",\"url\":\"https:\\\/\\\/astrologelvan.com\\\/magaza\\\/wp-content\\\/uploads\\\/2024\\\/02\\\/1-81-scaled.jpg\",\"contentUrl\":\"https:\\\/\\\/astrologelvan.com\\\/magaza\\\/wp-content\\\/uploads\\\/2024\\\/02\\\/1-81-scaled.jpg\",\"width\":2560,\"height\":2560},{\"@type\":\"BreadcrumbList\",\"@id\":\"https:\\\/\\\/astrologelvan.com\\\/magaza\\\/urun\\\/turmalin-gulperi-dogal-tas-kolye\\\/#breadcrumb\",\"itemListElement\":[{\"@type\":\"ListItem\",\"position\":1,\"name\":\"Anasayfa\",\"item\":\"https:\\\/\\\/astrologelvan.com\\\/magaza\\\/\"},{\"@type\":\"ListItem\",\"position\":2,\"name\":\"Ma\u011faza\",\"item\":\"https:\\\/\\\/astrologelvan.com\\\/magaza\\\/magaza\\\/\"},{\"@type\":\"ListItem\",\"position\":3,\"name\":\"TURMAL\u0130N G\u00dcLPER\u0130 DO\u011eAL TA\u015e KOLYE\"}]},{\"@type\":\"WebSite\",\"@id\":\"https:\\\/\\\/astrologelvan.com\\\/magaza\\\/#website\",\"url\":\"https:\\\/\\\/astrologelvan.com\\\/magaza\\\/\",\"name\":\"Astrolog Elvan\",\"description\":\"\",\"potentialAction\":[{\"@type\":\"SearchAction\",\"target\":{\"@type\":\"EntryPoint\",\"urlTemplate\":\"https:\\\/\\\/astrologelvan.com\\\/magaza\\\/?s={search_term_string}\"},\"query-input\":{\"@type\":\"PropertyValueSpecification\",\"valueRequired\":true,\"valueName\":\"search_term_string\"}}],\"inLanguage\":\"tr\"}]}<\/script>\n<!-- \/ Yoast SEO plugin. -->","yoast_head_json":{"title":"TURMAL\u0130N G\u00dcLPER\u0130 DO\u011eAL TA\u015e KOLYE - Astrolog Elvan","robots":{"index":"index","follow":"follow","max-snippet":"max-snippet:-1","max-image-preview":"max-image-preview:large","max-video-preview":"max-video-preview:-1"},"canonical":"https:\/\/astrologelvan.com\/magaza\/urun\/turmalin-gulperi-dogal-tas-kolye\/","og_locale":"tr_TR","og_type":"article","og_title":"TURMAL\u0130N G\u00dcLPER\u0130 DO\u011eAL TA\u015e KOLYE - Astrolog Elvan","og_description":"Pembe Turmalin, a\u015fk\u0131 hem bedensel hem ruhsal d\u00fczeyde besleyen g\u00fc\u00e7l\u00fc bir ta\u015ft\u0131r. Kalp \u00e7akras\u0131 \u00fczerinden duygusal yaralar\u0131 \u015fefkatle iyile\u015ftirir, eski ac\u0131lar\u0131 sevgiyle d\u00f6n\u00fc\u015ft\u00fcr\u00fcr. En \u00f6nemli mesaj\u0131, \u00f6nce kendini sevmenin gereklili\u011fidir. Sevilmeyi beklemeden \u00f6nce, sevmenin g\u00fcvenli oldu\u011funu hissettirir. Ruhani bilgelikle a\u015fk\u0131 birle\u015ftirir; huzur, \u015fefkat ve i\u00e7sel dinginlik sunar. Fiziksel zevki payla\u015fmay\u0131 kolayla\u015ft\u0131r\u0131rken, sizi \u015fifa enerilerine a\u00e7ar.","og_url":"https:\/\/astrologelvan.com\/magaza\/urun\/turmalin-gulperi-dogal-tas-kolye\/","og_site_name":"Astrolog Elvan","article_modified_time":"2026-03-19T09:36:52+00:00","og_image":[{"width":2560,"height":2560,"url":"https:\/\/astrologelvan.com\/magaza\/wp-content\/uploads\/2024\/02\/1-81-scaled.jpg","type":"image\/jpeg"}],"twitter_card":"summary_large_image","twitter_misc":{"Tahmini okuma s\u00fcresi":"2 dakika"},"schema":{"@context":"https:\/\/schema.org","@graph":[{"@type":["WebPage","ItemPage"],"@id":"https:\/\/astrologelvan.com\/magaza\/urun\/turmalin-gulperi-dogal-tas-kolye\/","url":"https:\/\/astrologelvan.com\/magaza\/urun\/turmalin-gulperi-dogal-tas-kolye\/","name":"TURMAL\u0130N G\u00dcLPER\u0130 DO\u011eAL TA\u015e KOLYE - Astrolog Elvan","isPartOf":{"@id":"https:\/\/astrologelvan.com\/magaza\/#website"},"primaryImageOfPage":{"@id":"https:\/\/astrologelvan.com\/magaza\/urun\/turmalin-gulperi-dogal-tas-kolye\/#primaryimage"},"image":{"@id":"https:\/\/astrologelvan.com\/magaza\/urun\/turmalin-gulperi-dogal-tas-kolye\/#primaryimage"},"thumbnailUrl":"https:\/\/astrologelvan.com\/magaza\/wp-content\/uploads\/2024\/02\/1-81-scaled.jpg","datePublished":"2024-02-28T00:11:42+00:00","dateModified":"2026-03-19T09:36:52+00:00","breadcrumb":{"@id":"https:\/\/astrologelvan.com\/magaza\/urun\/turmalin-gulperi-dogal-tas-kolye\/#breadcrumb"},"inLanguage":"tr","potentialAction":[{"@type":"ReadAction","target":["https:\/\/astrologelvan.com\/magaza\/urun\/turmalin-gulperi-dogal-tas-kolye\/"]}]},{"@type":"ImageObject","inLanguage":"tr","@id":"https:\/\/astrologelvan.com\/magaza\/urun\/turmalin-gulperi-dogal-tas-kolye\/#primaryimage","url":"https:\/\/astrologelvan.com\/magaza\/wp-content\/uploads\/2024\/02\/1-81-scaled.jpg","contentUrl":"https:\/\/astrologelvan.com\/magaza\/wp-content\/uploads\/2024\/02\/1-81-scaled.jpg","width":2560,"height":2560},{"@type":"BreadcrumbList","@id":"https:\/\/astrologelvan.com\/magaza\/urun\/turmalin-gulperi-dogal-tas-kolye\/#breadcrumb","itemListElement":[{"@type":"ListItem","position":1,"name":"Anasayfa","item":"https:\/\/astrologelvan.com\/magaza\/"},{"@type":"ListItem","position":2,"name":"Ma\u011faza","item":"https:\/\/astrologelvan.com\/magaza\/magaza\/"},{"@type":"ListItem","position":3,"name":"TURMAL\u0130N G\u00dcLPER\u0130 DO\u011eAL TA\u015e KOLYE"}]},{"@type":"WebSite","@id":"https:\/\/astrologelvan.com\/magaza\/#website","url":"https:\/\/astrologelvan.com\/magaza\/","name":"Astrolog Elvan","description":"","potentialAction":[{"@type":"SearchAction","target":{"@type":"EntryPoint","urlTemplate":"https:\/\/astrologelvan.com\/magaza\/?s={search_term_string}"},"query-input":{"@type":"PropertyValueSpecification","valueRequired":true,"valueName":"search_term_string"}}],"inLanguage":"tr"}]}},"_links":{"self":[{"href":"https:\/\/astrologelvan.com\/magaza\/wp-json\/wp\/v2\/product\/1054","targetHints":{"allow":["GET"]}}],"collection":[{"href":"https:\/\/astrologelvan.com\/magaza\/wp-json\/wp\/v2\/product"}],"about":[{"href":"https:\/\/astrologelvan.com\/magaza\/wp-json\/wp\/v2\/types\/product"}],"replies":[{"embeddable":true,"href":"https:\/\/astrologelvan.com\/magaza\/wp-json\/wp\/v2\/comments?post=1054"}],"wp:featuredmedia":[{"embeddable":true,"href":"https:\/\/astrologelvan.com\/magaza\/wp-json\/wp\/v2\/media\/8266"}],"wp:attachment":[{"href":"https:\/\/astrologelvan.com\/magaza\/wp-json\/wp\/v2\/media?parent=1054"}],"wp:term":[{"taxonomy":"product_brand","embeddable":true,"href":"https:\/\/astrologelvan.com\/magaza\/wp-json\/wp\/v2\/product_brand?post=1054"},{"taxonomy":"product_cat","embeddable":true,"href":"https:\/\/astrologelvan.com\/magaza\/wp-json\/wp\/v2\/product_cat?post=1054"},{"taxonomy":"product_tag","embeddable":true,"href":"https:\/\/astrologelvan.com\/magaza\/wp-json\/wp\/v2\/product_tag?post=1054"}],"curies":[{"name":"wp","href":"https:\/\/api.w.org\/{rel}","templated":true}]}}