{"id":105310,"date":"2025-09-18T12:45:41","date_gmt":"2025-09-18T09:45:41","guid":{"rendered":"https:\/\/astrologelvan.com\/magaza\/?post_type=product&#038;p=105310"},"modified":"2025-10-27T18:35:00","modified_gmt":"2025-10-27T15:35:00","slug":"dogal-pembe-kuvars-kure","status":"publish","type":"product","link":"https:\/\/astrologelvan.com\/magaza\/urun\/dogal-pembe-kuvars-kure\/","title":{"rendered":"Do\u011fal Pembe Kuvars K\u00fcre"},"content":{"rendered":"<p>A\u015fk\u0131n ve \u015fefkatin ta\u015f\u0131 olarak bilinen pembe kuvars, yumu\u015fak pembe tonlar\u0131 ve do\u011fal \u0131\u015f\u0131lt\u0131s\u0131yla bulundu\u011fu ortama huzur ve s\u0131cakl\u0131k getirir. Bu zarif k\u00fcre formu, enerjinin dengeli \u015fekilde yay\u0131lmas\u0131n\u0131 sa\u011flar. Kalp \u00e7akras\u0131 ile uyumlu olan pembe kuvars, duygusal dengeyi destekler, sevgi enerjisini art\u0131r\u0131r. \u00d6zellikle yatak odas\u0131nda pembe kuvars kulland\u0131\u011f\u0131n\u0131zda a\u015fk hayat\u0131n\u0131z\u0131 hareketlendirirsiniz. \u015e\u0131k metal stand\u0131 ile birlikte g\u00f6nderilir.<\/p>\n","protected":false},"excerpt":{"rendered":"<p>A\u015fk\u0131n ve \u015fefkatin ta\u015f\u0131 olarak bilinen pembe kuvars, yumu\u015fak pembe tonlar\u0131 ve do\u011fal \u0131\u015f\u0131lt\u0131s\u0131yla bulundu\u011fu ortama huzur ve s\u0131cakl\u0131k getirir. Bu zarif k\u00fcre formu, enerjinin dengeli \u015fekilde yay\u0131lmas\u0131n\u0131 sa\u011flar. Kalp \u00e7akras\u0131 ile uyumlu olan pembe kuvars, duygusal dengeyi destekler, sevgi enerjisini art\u0131r\u0131r. \u00d6zellikle yatak odas\u0131nda pembe kuvars kulland\u0131\u011f\u0131n\u0131zda a\u015fk hayat\u0131n\u0131z\u0131 hareketlendirirsiniz. \u015e\u0131k metal stand\u0131 ile birlikte g\u00f6nderilir.<\/p>\n","protected":false},"featured_media":105311,"comment_status":"open","ping_status":"closed","template":"","meta":[],"product_brand":[],"product_cat":[34],"product_tag":[],"class_list":{"0":"post-105310","1":"product","2":"type-product","3":"status-publish","4":"has-post-thumbnail","6":"product_cat-pembe-kuvars","8":"first","9":"outofstock","10":"taxable","11":"shipping-taxable","12":"purchasable","13":"product-type-simple"},"yoast_head":"<!-- This site is optimized with the Yoast SEO plugin v27.3 - https:\/\/yoast.com\/product\/yoast-seo-wordpress\/ -->\n<title>Do\u011fal Pembe Kuvars K\u00fcre - Astrolog Elvan<\/title>\n<meta name=\"robots\" content=\"index, follow, max-snippet:-1, max-image-preview:large, max-video-preview:-1\" \/>\n<link rel=\"canonical\" href=\"https:\/\/astrologelvan.com\/magaza\/urun\/dogal-pembe-kuvars-kure\/\" \/>\n<meta property=\"og:locale\" content=\"tr_TR\" \/>\n<meta property=\"og:type\" content=\"article\" \/>\n<meta property=\"og:title\" content=\"Do\u011fal Pembe Kuvars K\u00fcre - Astrolog Elvan\" \/>\n<meta property=\"og:description\" content=\"A\u015fk\u0131n ve \u015fefkatin ta\u015f\u0131 olarak bilinen pembe kuvars, yumu\u015fak pembe tonlar\u0131 ve do\u011fal \u0131\u015f\u0131lt\u0131s\u0131yla bulundu\u011fu ortama huzur ve s\u0131cakl\u0131k getirir. Bu zarif k\u00fcre formu, enerjinin dengeli \u015fekilde yay\u0131lmas\u0131n\u0131 sa\u011flar. Kalp \u00e7akras\u0131 ile uyumlu olan pembe kuvars, duygusal dengeyi destekler, sevgi enerjisini art\u0131r\u0131r. \u00d6zellikle yatak odas\u0131nda pembe kuvars kulland\u0131\u011f\u0131n\u0131zda a\u015fk hayat\u0131n\u0131z\u0131 hareketlendirirsiniz. \u015e\u0131k metal stand\u0131 ile birlikte g\u00f6nderilir.\" \/>\n<meta property=\"og:url\" content=\"https:\/\/astrologelvan.com\/magaza\/urun\/dogal-pembe-kuvars-kure\/\" \/>\n<meta property=\"og:site_name\" content=\"Astrolog Elvan\" \/>\n<meta property=\"article:modified_time\" content=\"2025-10-27T15:35:00+00:00\" \/>\n<meta property=\"og:image\" content=\"https:\/\/astrologelvan.com\/magaza\/wp-content\/uploads\/2025\/09\/WhatsApp-Image-2025-09-12-at-15.55.38.jpeg\" \/>\n\t<meta property=\"og:image:width\" content=\"924\" \/>\n\t<meta property=\"og:image:height\" content=\"2000\" \/>\n\t<meta property=\"og:image:type\" content=\"image\/jpeg\" \/>\n<meta name=\"twitter:card\" content=\"summary_large_image\" \/>\n<meta name=\"twitter:label1\" content=\"Tahmini okuma s\u00fcresi\" \/>\n\t<meta name=\"twitter:data1\" content=\"1 dakika\" \/>\n<script type=\"application\/ld+json\" class=\"yoast-schema-graph\">{\"@context\":\"https:\\\/\\\/schema.org\",\"@graph\":[{\"@type\":[\"WebPage\",\"ItemPage\"],\"@id\":\"https:\\\/\\\/astrologelvan.com\\\/magaza\\\/urun\\\/dogal-pembe-kuvars-kure\\\/\",\"url\":\"https:\\\/\\\/astrologelvan.com\\\/magaza\\\/urun\\\/dogal-pembe-kuvars-kure\\\/\",\"name\":\"Do\u011fal Pembe Kuvars K\u00fcre - Astrolog Elvan\",\"isPartOf\":{\"@id\":\"https:\\\/\\\/astrologelvan.com\\\/magaza\\\/#website\"},\"primaryImageOfPage\":{\"@id\":\"https:\\\/\\\/astrologelvan.com\\\/magaza\\\/urun\\\/dogal-pembe-kuvars-kure\\\/#primaryimage\"},\"image\":{\"@id\":\"https:\\\/\\\/astrologelvan.com\\\/magaza\\\/urun\\\/dogal-pembe-kuvars-kure\\\/#primaryimage\"},\"thumbnailUrl\":\"https:\\\/\\\/astrologelvan.com\\\/magaza\\\/wp-content\\\/uploads\\\/2025\\\/09\\\/WhatsApp-Image-2025-09-12-at-15.55.38.jpeg\",\"datePublished\":\"2025-09-18T09:45:41+00:00\",\"dateModified\":\"2025-10-27T15:35:00+00:00\",\"breadcrumb\":{\"@id\":\"https:\\\/\\\/astrologelvan.com\\\/magaza\\\/urun\\\/dogal-pembe-kuvars-kure\\\/#breadcrumb\"},\"inLanguage\":\"tr\",\"potentialAction\":[{\"@type\":\"ReadAction\",\"target\":[\"https:\\\/\\\/astrologelvan.com\\\/magaza\\\/urun\\\/dogal-pembe-kuvars-kure\\\/\"]}]},{\"@type\":\"ImageObject\",\"inLanguage\":\"tr\",\"@id\":\"https:\\\/\\\/astrologelvan.com\\\/magaza\\\/urun\\\/dogal-pembe-kuvars-kure\\\/#primaryimage\",\"url\":\"https:\\\/\\\/astrologelvan.com\\\/magaza\\\/wp-content\\\/uploads\\\/2025\\\/09\\\/WhatsApp-Image-2025-09-12-at-15.55.38.jpeg\",\"contentUrl\":\"https:\\\/\\\/astrologelvan.com\\\/magaza\\\/wp-content\\\/uploads\\\/2025\\\/09\\\/WhatsApp-Image-2025-09-12-at-15.55.38.jpeg\",\"width\":924,\"height\":2000},{\"@type\":\"BreadcrumbList\",\"@id\":\"https:\\\/\\\/astrologelvan.com\\\/magaza\\\/urun\\\/dogal-pembe-kuvars-kure\\\/#breadcrumb\",\"itemListElement\":[{\"@type\":\"ListItem\",\"position\":1,\"name\":\"Anasayfa\",\"item\":\"https:\\\/\\\/astrologelvan.com\\\/magaza\\\/\"},{\"@type\":\"ListItem\",\"position\":2,\"name\":\"Ma\u011faza\",\"item\":\"https:\\\/\\\/astrologelvan.com\\\/magaza\\\/magaza\\\/\"},{\"@type\":\"ListItem\",\"position\":3,\"name\":\"Do\u011fal Pembe Kuvars K\u00fcre\"}]},{\"@type\":\"WebSite\",\"@id\":\"https:\\\/\\\/astrologelvan.com\\\/magaza\\\/#website\",\"url\":\"https:\\\/\\\/astrologelvan.com\\\/magaza\\\/\",\"name\":\"Astrolog Elvan\",\"description\":\"\",\"potentialAction\":[{\"@type\":\"SearchAction\",\"target\":{\"@type\":\"EntryPoint\",\"urlTemplate\":\"https:\\\/\\\/astrologelvan.com\\\/magaza\\\/?s={search_term_string}\"},\"query-input\":{\"@type\":\"PropertyValueSpecification\",\"valueRequired\":true,\"valueName\":\"search_term_string\"}}],\"inLanguage\":\"tr\"}]}<\/script>\n<!-- \/ Yoast SEO plugin. -->","yoast_head_json":{"title":"Do\u011fal Pembe Kuvars K\u00fcre - Astrolog Elvan","robots":{"index":"index","follow":"follow","max-snippet":"max-snippet:-1","max-image-preview":"max-image-preview:large","max-video-preview":"max-video-preview:-1"},"canonical":"https:\/\/astrologelvan.com\/magaza\/urun\/dogal-pembe-kuvars-kure\/","og_locale":"tr_TR","og_type":"article","og_title":"Do\u011fal Pembe Kuvars K\u00fcre - Astrolog Elvan","og_description":"A\u015fk\u0131n ve \u015fefkatin ta\u015f\u0131 olarak bilinen pembe kuvars, yumu\u015fak pembe tonlar\u0131 ve do\u011fal \u0131\u015f\u0131lt\u0131s\u0131yla bulundu\u011fu ortama huzur ve s\u0131cakl\u0131k getirir. Bu zarif k\u00fcre formu, enerjinin dengeli \u015fekilde yay\u0131lmas\u0131n\u0131 sa\u011flar. Kalp \u00e7akras\u0131 ile uyumlu olan pembe kuvars, duygusal dengeyi destekler, sevgi enerjisini art\u0131r\u0131r. \u00d6zellikle yatak odas\u0131nda pembe kuvars kulland\u0131\u011f\u0131n\u0131zda a\u015fk hayat\u0131n\u0131z\u0131 hareketlendirirsiniz. \u015e\u0131k metal stand\u0131 ile birlikte g\u00f6nderilir.","og_url":"https:\/\/astrologelvan.com\/magaza\/urun\/dogal-pembe-kuvars-kure\/","og_site_name":"Astrolog Elvan","article_modified_time":"2025-10-27T15:35:00+00:00","og_image":[{"width":924,"height":2000,"url":"https:\/\/astrologelvan.com\/magaza\/wp-content\/uploads\/2025\/09\/WhatsApp-Image-2025-09-12-at-15.55.38.jpeg","type":"image\/jpeg"}],"twitter_card":"summary_large_image","twitter_misc":{"Tahmini okuma s\u00fcresi":"1 dakika"},"schema":{"@context":"https:\/\/schema.org","@graph":[{"@type":["WebPage","ItemPage"],"@id":"https:\/\/astrologelvan.com\/magaza\/urun\/dogal-pembe-kuvars-kure\/","url":"https:\/\/astrologelvan.com\/magaza\/urun\/dogal-pembe-kuvars-kure\/","name":"Do\u011fal Pembe Kuvars K\u00fcre - Astrolog Elvan","isPartOf":{"@id":"https:\/\/astrologelvan.com\/magaza\/#website"},"primaryImageOfPage":{"@id":"https:\/\/astrologelvan.com\/magaza\/urun\/dogal-pembe-kuvars-kure\/#primaryimage"},"image":{"@id":"https:\/\/astrologelvan.com\/magaza\/urun\/dogal-pembe-kuvars-kure\/#primaryimage"},"thumbnailUrl":"https:\/\/astrologelvan.com\/magaza\/wp-content\/uploads\/2025\/09\/WhatsApp-Image-2025-09-12-at-15.55.38.jpeg","datePublished":"2025-09-18T09:45:41+00:00","dateModified":"2025-10-27T15:35:00+00:00","breadcrumb":{"@id":"https:\/\/astrologelvan.com\/magaza\/urun\/dogal-pembe-kuvars-kure\/#breadcrumb"},"inLanguage":"tr","potentialAction":[{"@type":"ReadAction","target":["https:\/\/astrologelvan.com\/magaza\/urun\/dogal-pembe-kuvars-kure\/"]}]},{"@type":"ImageObject","inLanguage":"tr","@id":"https:\/\/astrologelvan.com\/magaza\/urun\/dogal-pembe-kuvars-kure\/#primaryimage","url":"https:\/\/astrologelvan.com\/magaza\/wp-content\/uploads\/2025\/09\/WhatsApp-Image-2025-09-12-at-15.55.38.jpeg","contentUrl":"https:\/\/astrologelvan.com\/magaza\/wp-content\/uploads\/2025\/09\/WhatsApp-Image-2025-09-12-at-15.55.38.jpeg","width":924,"height":2000},{"@type":"BreadcrumbList","@id":"https:\/\/astrologelvan.com\/magaza\/urun\/dogal-pembe-kuvars-kure\/#breadcrumb","itemListElement":[{"@type":"ListItem","position":1,"name":"Anasayfa","item":"https:\/\/astrologelvan.com\/magaza\/"},{"@type":"ListItem","position":2,"name":"Ma\u011faza","item":"https:\/\/astrologelvan.com\/magaza\/magaza\/"},{"@type":"ListItem","position":3,"name":"Do\u011fal Pembe Kuvars K\u00fcre"}]},{"@type":"WebSite","@id":"https:\/\/astrologelvan.com\/magaza\/#website","url":"https:\/\/astrologelvan.com\/magaza\/","name":"Astrolog Elvan","description":"","potentialAction":[{"@type":"SearchAction","target":{"@type":"EntryPoint","urlTemplate":"https:\/\/astrologelvan.com\/magaza\/?s={search_term_string}"},"query-input":{"@type":"PropertyValueSpecification","valueRequired":true,"valueName":"search_term_string"}}],"inLanguage":"tr"}]}},"_links":{"self":[{"href":"https:\/\/astrologelvan.com\/magaza\/wp-json\/wp\/v2\/product\/105310","targetHints":{"allow":["GET"]}}],"collection":[{"href":"https:\/\/astrologelvan.com\/magaza\/wp-json\/wp\/v2\/product"}],"about":[{"href":"https:\/\/astrologelvan.com\/magaza\/wp-json\/wp\/v2\/types\/product"}],"replies":[{"embeddable":true,"href":"https:\/\/astrologelvan.com\/magaza\/wp-json\/wp\/v2\/comments?post=105310"}],"wp:featuredmedia":[{"embeddable":true,"href":"https:\/\/astrologelvan.com\/magaza\/wp-json\/wp\/v2\/media\/105311"}],"wp:attachment":[{"href":"https:\/\/astrologelvan.com\/magaza\/wp-json\/wp\/v2\/media?parent=105310"}],"wp:term":[{"taxonomy":"product_brand","embeddable":true,"href":"https:\/\/astrologelvan.com\/magaza\/wp-json\/wp\/v2\/product_brand?post=105310"},{"taxonomy":"product_cat","embeddable":true,"href":"https:\/\/astrologelvan.com\/magaza\/wp-json\/wp\/v2\/product_cat?post=105310"},{"taxonomy":"product_tag","embeddable":true,"href":"https:\/\/astrologelvan.com\/magaza\/wp-json\/wp\/v2\/product_tag?post=105310"}],"curies":[{"name":"wp","href":"https:\/\/api.w.org\/{rel}","templated":true}]}}