{"id":1053,"date":"2024-02-28T03:11:42","date_gmt":"2024-02-28T00:11:42","guid":{"rendered":"https:\/\/astrologelvan.shop\/?post_type=product&#038;p=1053"},"modified":"2026-04-01T11:56:30","modified_gmt":"2026-04-01T08:56:30","slug":"silindir-form-rodonit-kolye","status":"publish","type":"product","link":"https:\/\/astrologelvan.com\/magaza\/urun\/silindir-form-rodonit-kolye\/","title":{"rendered":"RODON\u0130T KOLYE S\u0130L\u0130ND\u0130R FORM"},"content":{"rendered":"<p><strong>\u00dcr\u00fcn \u00d6zellikleri<\/strong><\/p>\n<p><span style=\"font-weight: 400;\">Cinsiyet : Kad\u0131n ve Erkek<\/span><\/p>\n<p><span style=\"font-weight: 400;\">\u00a0Zincir Boyu:\u00a045 Cm<\/span><\/p>\n<p><span style=\"font-weight: 400;\">T\u00fcr\u00fc : Zincir Kolye<\/span><\/p>\n<p><span style=\"font-weight: 400;\">Ta\u015f Cinsi : Rodonit<\/span><\/p>\n<p><strong>Do\u011fal ta\u015f kolyelerimizin tasar\u0131mlar\u0131nda do\u011frudan cilde temas etmesini sa\u011fl\u0131yoruz. B\u00f6ylece do\u011fal ta\u015f kolyenizi takt\u0131k\u00e7a v\u00fccudunuzun titre\u015fimlerine ba\u011flan\u0131r ve size denge ve uyum getirir.<\/strong><\/p>\n<p><strong>Tak\u0131lar\u0131n\u0131z\u0131n uzun s\u00fcre kullanabilmesi i\u00e7in; Parf\u00fcm, su, s\u0131v\u0131, dezenfektan, krem v.b. gibi maddelerle temas etmemesi, du\u015f-banyo s\u0131ras\u0131nda \u00e7\u0131kart\u0131lmas\u0131 gerekmektedir. Ki\u015finin ter-ten yap\u0131s\u0131na g\u00f6re de etkilenmektedir. Tak\u0131lar\u0131n\u0131z\u0131 kullanmad\u0131\u011f\u0131n\u0131z zamanlarda kesesinde saklaman\u0131z\u0131 \u00f6neririz.<\/strong><\/p>\n<p><strong>Do\u011fal ta\u015flar\u0131n belirli titre\u015fimlere ve frekanslara sahip oldu\u011fu bilinmektedir. Bu nedenle v\u00fccudumuzda ve auram\u0131zda birtak\u0131m iyi etkileri oldu\u011fu s\u00f6ylenmektedir. Ta\u015flar\u0131n \u00f6zelliklerinin bilimsel kesinli\u011fi yoktur. Astrologelvan ma\u011fazas\u0131ndaki t\u00fcm ta\u015flar orijinal, ger\u00e7ek do\u011fal ta\u015flard\u0131r. T\u0131bbi konularda doktora dan\u0131\u015fman\u0131z\u0131 tavsiye ederiz. Ta\u015flar\u0131n tedavi edici \u00f6zelli\u011fi yoktur, sadece ki\u015fisel enerjimizi y\u00fckseltmekte ve astrolojik olarak da temsil etti\u011fi gezegenlerin etkilerini artt\u0131rmakta oldu\u011fu kabul edilir. \u00d6rne\u011fin; pembe kuvars ta\u015f\u0131 a\u015fk ve sevgi gezegeni Ven\u00fcs\u2019\u00fcn ta\u015f\u0131d\u0131r ve bu sebeple \u00fczerinde ta\u015f\u0131yan ki\u015finin a\u015fk ve sevgi frekans\u0131n\u0131 y\u00fckseltti\u011fi bilinir.<\/strong><\/p>\n","protected":false},"excerpt":{"rendered":"<h4><\/h4>\n<p><span style=\"font-weight: 400;\">Detoks ta\u015f\u0131 olarak bilinen Rodonit v\u00fccudun g\u00fc\u00e7lenmesini destekler.<br \/>\n<\/span><span style=\"font-weight: 400;\">\u0130li\u015fkilere bar\u0131\u015f getirmeye yard\u0131mc\u0131 olur.<br \/>\n<\/span><span style=\"font-weight: 400;\">Pembenin \u00f6zg\u00fcn bir tonuna sahip olan\u00a0<\/span><span style=\"font-weight: 400;\">ta\u015f<\/span><span style=\"font-weight: 400;\">, siyah veya kahverengi damarlara sahip olarak bulunur.<br \/>\n<\/span><span style=\"font-weight: 400;\">Kar\u015f\u0131l\u0131ks\u0131z sevgiyi temsil eden pembe ta\u015flardan biri olan R<\/span><span style=\"font-weight: 400;\">odonit<\/span><span style=\"font-weight: 400;\">, enerji dengelemeye yard\u0131mc\u0131 alan\u0131nda etkili bir kristaldir.<br \/>\n<\/span><span style=\"font-weight: 400;\">Kalp \u00e7akras\u0131 ile yak\u0131ndan ili\u015fkilidir.<br \/>\n<\/span><span style=\"font-weight: 400;\">\u015eifal\u0131 enerjisi y\u00fcksektir ve \u00e7akra <\/span><span style=\"font-weight: 400;\">ta\u015f\u0131<\/span><span style=\"font-weight: 400;\">\u00a0olarak kullan\u0131labilir.<\/span><\/p>\n","protected":false},"featured_media":8268,"comment_status":"open","ping_status":"closed","template":"","meta":[],"product_brand":[596],"product_cat":[52,26,48,474,7455],"product_tag":[475,476],"class_list":{"0":"post-1053","1":"product","2":"type-product","3":"status-publish","4":"has-post-thumbnail","6":"product_brand-astrolog-elvan","7":"product_cat-dogal-taslar","8":"product_cat-genel","9":"product_cat-kolyeler","10":"product_cat-rodonit-tasi","11":"product_cat--kolyeler","12":"product_tag-rodonit-kolye","13":"product_tag-silindir-form-rodonit-kolye","15":"first","16":"instock","17":"featured","18":"taxable","19":"shipping-taxable","20":"purchasable","21":"product-type-simple"},"yoast_head":"<!-- This site is optimized with the Yoast SEO plugin v27.3 - https:\/\/yoast.com\/product\/yoast-seo-wordpress\/ -->\n<title>RODON\u0130T KOLYE S\u0130L\u0130ND\u0130R FORM - Astrolog Elvan<\/title>\n<meta name=\"robots\" content=\"index, follow, max-snippet:-1, max-image-preview:large, max-video-preview:-1\" \/>\n<link rel=\"canonical\" href=\"https:\/\/astrologelvan.com\/magaza\/urun\/silindir-form-rodonit-kolye\/\" \/>\n<meta property=\"og:locale\" content=\"tr_TR\" \/>\n<meta property=\"og:type\" content=\"article\" \/>\n<meta property=\"og:title\" content=\"RODON\u0130T KOLYE S\u0130L\u0130ND\u0130R FORM - Astrolog Elvan\" \/>\n<meta property=\"og:description\" content=\"Detoks ta\u015f\u0131 olarak bilinen Rodonit v\u00fccudun g\u00fc\u00e7lenmesini destekler. \u0130li\u015fkilere bar\u0131\u015f getirmeye yard\u0131mc\u0131 olur. Pembenin \u00f6zg\u00fcn bir tonuna sahip olan\u00a0ta\u015f, siyah veya kahverengi damarlara sahip olarak bulunur. Kar\u015f\u0131l\u0131ks\u0131z sevgiyi temsil eden pembe ta\u015flardan biri olan Rodonit, enerji dengelemeye yard\u0131mc\u0131 alan\u0131nda etkili bir kristaldir. Kalp \u00e7akras\u0131 ile yak\u0131ndan ili\u015fkilidir. \u015eifal\u0131 enerjisi y\u00fcksektir ve \u00e7akra ta\u015f\u0131\u00a0olarak kullan\u0131labilir.\" \/>\n<meta property=\"og:url\" content=\"https:\/\/astrologelvan.com\/magaza\/urun\/silindir-form-rodonit-kolye\/\" \/>\n<meta property=\"og:site_name\" content=\"Astrolog Elvan\" \/>\n<meta property=\"article:modified_time\" content=\"2026-04-01T08:56:30+00:00\" \/>\n<meta property=\"og:image\" content=\"https:\/\/astrologelvan.com\/magaza\/wp-content\/uploads\/2024\/02\/1-82-scaled.jpg\" \/>\n\t<meta property=\"og:image:width\" content=\"2560\" \/>\n\t<meta property=\"og:image:height\" content=\"2560\" \/>\n\t<meta property=\"og:image:type\" content=\"image\/jpeg\" \/>\n<meta name=\"twitter:card\" content=\"summary_large_image\" \/>\n<meta name=\"twitter:label1\" content=\"Tahmini okuma s\u00fcresi\" \/>\n\t<meta name=\"twitter:data1\" content=\"2 dakika\" \/>\n<script type=\"application\/ld+json\" class=\"yoast-schema-graph\">{\"@context\":\"https:\\\/\\\/schema.org\",\"@graph\":[{\"@type\":[\"WebPage\",\"ItemPage\"],\"@id\":\"https:\\\/\\\/astrologelvan.com\\\/magaza\\\/urun\\\/silindir-form-rodonit-kolye\\\/\",\"url\":\"https:\\\/\\\/astrologelvan.com\\\/magaza\\\/urun\\\/silindir-form-rodonit-kolye\\\/\",\"name\":\"RODON\u0130T KOLYE S\u0130L\u0130ND\u0130R FORM - Astrolog Elvan\",\"isPartOf\":{\"@id\":\"https:\\\/\\\/astrologelvan.com\\\/magaza\\\/#website\"},\"primaryImageOfPage\":{\"@id\":\"https:\\\/\\\/astrologelvan.com\\\/magaza\\\/urun\\\/silindir-form-rodonit-kolye\\\/#primaryimage\"},\"image\":{\"@id\":\"https:\\\/\\\/astrologelvan.com\\\/magaza\\\/urun\\\/silindir-form-rodonit-kolye\\\/#primaryimage\"},\"thumbnailUrl\":\"https:\\\/\\\/astrologelvan.com\\\/magaza\\\/wp-content\\\/uploads\\\/2024\\\/02\\\/1-82-scaled.jpg\",\"datePublished\":\"2024-02-28T00:11:42+00:00\",\"dateModified\":\"2026-04-01T08:56:30+00:00\",\"breadcrumb\":{\"@id\":\"https:\\\/\\\/astrologelvan.com\\\/magaza\\\/urun\\\/silindir-form-rodonit-kolye\\\/#breadcrumb\"},\"inLanguage\":\"tr\",\"potentialAction\":[{\"@type\":\"ReadAction\",\"target\":[\"https:\\\/\\\/astrologelvan.com\\\/magaza\\\/urun\\\/silindir-form-rodonit-kolye\\\/\"]}]},{\"@type\":\"ImageObject\",\"inLanguage\":\"tr\",\"@id\":\"https:\\\/\\\/astrologelvan.com\\\/magaza\\\/urun\\\/silindir-form-rodonit-kolye\\\/#primaryimage\",\"url\":\"https:\\\/\\\/astrologelvan.com\\\/magaza\\\/wp-content\\\/uploads\\\/2024\\\/02\\\/1-82-scaled.jpg\",\"contentUrl\":\"https:\\\/\\\/astrologelvan.com\\\/magaza\\\/wp-content\\\/uploads\\\/2024\\\/02\\\/1-82-scaled.jpg\",\"width\":2560,\"height\":2560},{\"@type\":\"BreadcrumbList\",\"@id\":\"https:\\\/\\\/astrologelvan.com\\\/magaza\\\/urun\\\/silindir-form-rodonit-kolye\\\/#breadcrumb\",\"itemListElement\":[{\"@type\":\"ListItem\",\"position\":1,\"name\":\"Anasayfa\",\"item\":\"https:\\\/\\\/astrologelvan.com\\\/magaza\\\/\"},{\"@type\":\"ListItem\",\"position\":2,\"name\":\"Ma\u011faza\",\"item\":\"https:\\\/\\\/astrologelvan.com\\\/magaza\\\/magaza\\\/\"},{\"@type\":\"ListItem\",\"position\":3,\"name\":\"RODON\u0130T KOLYE S\u0130L\u0130ND\u0130R FORM\"}]},{\"@type\":\"WebSite\",\"@id\":\"https:\\\/\\\/astrologelvan.com\\\/magaza\\\/#website\",\"url\":\"https:\\\/\\\/astrologelvan.com\\\/magaza\\\/\",\"name\":\"Astrolog Elvan\",\"description\":\"\",\"potentialAction\":[{\"@type\":\"SearchAction\",\"target\":{\"@type\":\"EntryPoint\",\"urlTemplate\":\"https:\\\/\\\/astrologelvan.com\\\/magaza\\\/?s={search_term_string}\"},\"query-input\":{\"@type\":\"PropertyValueSpecification\",\"valueRequired\":true,\"valueName\":\"search_term_string\"}}],\"inLanguage\":\"tr\"}]}<\/script>\n<!-- \/ Yoast SEO plugin. -->","yoast_head_json":{"title":"RODON\u0130T KOLYE S\u0130L\u0130ND\u0130R FORM - Astrolog Elvan","robots":{"index":"index","follow":"follow","max-snippet":"max-snippet:-1","max-image-preview":"max-image-preview:large","max-video-preview":"max-video-preview:-1"},"canonical":"https:\/\/astrologelvan.com\/magaza\/urun\/silindir-form-rodonit-kolye\/","og_locale":"tr_TR","og_type":"article","og_title":"RODON\u0130T KOLYE S\u0130L\u0130ND\u0130R FORM - Astrolog Elvan","og_description":"Detoks ta\u015f\u0131 olarak bilinen Rodonit v\u00fccudun g\u00fc\u00e7lenmesini destekler. \u0130li\u015fkilere bar\u0131\u015f getirmeye yard\u0131mc\u0131 olur. Pembenin \u00f6zg\u00fcn bir tonuna sahip olan\u00a0ta\u015f, siyah veya kahverengi damarlara sahip olarak bulunur. Kar\u015f\u0131l\u0131ks\u0131z sevgiyi temsil eden pembe ta\u015flardan biri olan Rodonit, enerji dengelemeye yard\u0131mc\u0131 alan\u0131nda etkili bir kristaldir. Kalp \u00e7akras\u0131 ile yak\u0131ndan ili\u015fkilidir. \u015eifal\u0131 enerjisi y\u00fcksektir ve \u00e7akra ta\u015f\u0131\u00a0olarak kullan\u0131labilir.","og_url":"https:\/\/astrologelvan.com\/magaza\/urun\/silindir-form-rodonit-kolye\/","og_site_name":"Astrolog Elvan","article_modified_time":"2026-04-01T08:56:30+00:00","og_image":[{"width":2560,"height":2560,"url":"https:\/\/astrologelvan.com\/magaza\/wp-content\/uploads\/2024\/02\/1-82-scaled.jpg","type":"image\/jpeg"}],"twitter_card":"summary_large_image","twitter_misc":{"Tahmini okuma s\u00fcresi":"2 dakika"},"schema":{"@context":"https:\/\/schema.org","@graph":[{"@type":["WebPage","ItemPage"],"@id":"https:\/\/astrologelvan.com\/magaza\/urun\/silindir-form-rodonit-kolye\/","url":"https:\/\/astrologelvan.com\/magaza\/urun\/silindir-form-rodonit-kolye\/","name":"RODON\u0130T KOLYE S\u0130L\u0130ND\u0130R FORM - Astrolog Elvan","isPartOf":{"@id":"https:\/\/astrologelvan.com\/magaza\/#website"},"primaryImageOfPage":{"@id":"https:\/\/astrologelvan.com\/magaza\/urun\/silindir-form-rodonit-kolye\/#primaryimage"},"image":{"@id":"https:\/\/astrologelvan.com\/magaza\/urun\/silindir-form-rodonit-kolye\/#primaryimage"},"thumbnailUrl":"https:\/\/astrologelvan.com\/magaza\/wp-content\/uploads\/2024\/02\/1-82-scaled.jpg","datePublished":"2024-02-28T00:11:42+00:00","dateModified":"2026-04-01T08:56:30+00:00","breadcrumb":{"@id":"https:\/\/astrologelvan.com\/magaza\/urun\/silindir-form-rodonit-kolye\/#breadcrumb"},"inLanguage":"tr","potentialAction":[{"@type":"ReadAction","target":["https:\/\/astrologelvan.com\/magaza\/urun\/silindir-form-rodonit-kolye\/"]}]},{"@type":"ImageObject","inLanguage":"tr","@id":"https:\/\/astrologelvan.com\/magaza\/urun\/silindir-form-rodonit-kolye\/#primaryimage","url":"https:\/\/astrologelvan.com\/magaza\/wp-content\/uploads\/2024\/02\/1-82-scaled.jpg","contentUrl":"https:\/\/astrologelvan.com\/magaza\/wp-content\/uploads\/2024\/02\/1-82-scaled.jpg","width":2560,"height":2560},{"@type":"BreadcrumbList","@id":"https:\/\/astrologelvan.com\/magaza\/urun\/silindir-form-rodonit-kolye\/#breadcrumb","itemListElement":[{"@type":"ListItem","position":1,"name":"Anasayfa","item":"https:\/\/astrologelvan.com\/magaza\/"},{"@type":"ListItem","position":2,"name":"Ma\u011faza","item":"https:\/\/astrologelvan.com\/magaza\/magaza\/"},{"@type":"ListItem","position":3,"name":"RODON\u0130T KOLYE S\u0130L\u0130ND\u0130R FORM"}]},{"@type":"WebSite","@id":"https:\/\/astrologelvan.com\/magaza\/#website","url":"https:\/\/astrologelvan.com\/magaza\/","name":"Astrolog Elvan","description":"","potentialAction":[{"@type":"SearchAction","target":{"@type":"EntryPoint","urlTemplate":"https:\/\/astrologelvan.com\/magaza\/?s={search_term_string}"},"query-input":{"@type":"PropertyValueSpecification","valueRequired":true,"valueName":"search_term_string"}}],"inLanguage":"tr"}]}},"_links":{"self":[{"href":"https:\/\/astrologelvan.com\/magaza\/wp-json\/wp\/v2\/product\/1053","targetHints":{"allow":["GET"]}}],"collection":[{"href":"https:\/\/astrologelvan.com\/magaza\/wp-json\/wp\/v2\/product"}],"about":[{"href":"https:\/\/astrologelvan.com\/magaza\/wp-json\/wp\/v2\/types\/product"}],"replies":[{"embeddable":true,"href":"https:\/\/astrologelvan.com\/magaza\/wp-json\/wp\/v2\/comments?post=1053"}],"wp:featuredmedia":[{"embeddable":true,"href":"https:\/\/astrologelvan.com\/magaza\/wp-json\/wp\/v2\/media\/8268"}],"wp:attachment":[{"href":"https:\/\/astrologelvan.com\/magaza\/wp-json\/wp\/v2\/media?parent=1053"}],"wp:term":[{"taxonomy":"product_brand","embeddable":true,"href":"https:\/\/astrologelvan.com\/magaza\/wp-json\/wp\/v2\/product_brand?post=1053"},{"taxonomy":"product_cat","embeddable":true,"href":"https:\/\/astrologelvan.com\/magaza\/wp-json\/wp\/v2\/product_cat?post=1053"},{"taxonomy":"product_tag","embeddable":true,"href":"https:\/\/astrologelvan.com\/magaza\/wp-json\/wp\/v2\/product_tag?post=1053"}],"curies":[{"name":"wp","href":"https:\/\/api.w.org\/{rel}","templated":true}]}}