{"id":104680,"date":"2025-09-17T18:43:28","date_gmt":"2025-09-17T15:43:28","guid":{"rendered":"https:\/\/astrologelvan.com\/magaza\/?post_type=product&#038;p=104680"},"modified":"2025-10-06T08:15:47","modified_gmt":"2025-10-06T05:15:47","slug":"ham-kayac-ametist-tasi-2","status":"publish","type":"product","link":"https:\/\/astrologelvan.com\/magaza\/urun\/ham-kayac-ametist-tasi-2\/","title":{"rendered":"Ham Kaya\u00e7 Ametist Ta\u015f\u0131"},"content":{"rendered":"<p>Do\u011fal formunu koruyan ham ametist ta\u015f\u0131, morun en g\u00fczel tonlar\u0131yla bulundu\u011fu ortama hem estetik hem de enerjik bir dokunu\u015f katar. Kuvars ailesine ait olan bu de\u011ferli ta\u015f, \u00f6zellikle stres ve negatif enerjiyi uzakla\u015ft\u0131rma etkisiyle bilinir.\u00a0 \u00c7al\u0131\u015fma alanlar\u0131n\u0131za ve evinizde kap\u0131 giri\u015flerine koyarsan\u0131z negatif enerjiyi engeller, bloke eder. Meditasyon ve yoga yaparken yan\u0131n\u0131zda bulundurabilirsiniz. Ayn\u0131 zamanda dekoratif olarak da dikkat \u00e7eken bu \u00f6zel ta\u015f, bulundu\u011fu her alanda do\u011fall\u0131\u011f\u0131 ve zarafetiyle \u00f6ne \u00e7\u0131kar.<\/p>\n<p>\u00dcr\u00fcn a\u011f\u0131rl\u0131\u011f\u0131: 1,238 kg<\/p>\n","protected":false},"excerpt":{"rendered":"<p>Do\u011fal formunu koruyan ham ametist ta\u015f\u0131, morun en g\u00fczel tonlar\u0131yla bulundu\u011fu ortama hem estetik hem de enerjik bir dokunu\u015f katar. Kuvars ailesine ait olan bu de\u011ferli ta\u015f, \u00f6zellikle stres ve negatif enerjiyi uzakla\u015ft\u0131rma etkisiyle bilinir.\u00a0 \u00c7al\u0131\u015fma alanlar\u0131n\u0131za ve evinizde kap\u0131 giri\u015flerine koyarsan\u0131z negatif enerjiyi engeller, bloke eder. Meditasyon ve yoga yaparken yan\u0131n\u0131zda bulundurabilirsiniz. Ayn\u0131 zamanda dekoratif olarak da dikkat \u00e7eken bu \u00f6zel ta\u015f, bulundu\u011fu her alanda do\u011fall\u0131\u011f\u0131 ve zarafetiyle \u00f6ne \u00e7\u0131kar.<\/p>\n<p>\u00dcr\u00fcn a\u011f\u0131rl\u0131\u011f\u0131: 1,238 kg<\/p>\n","protected":false},"featured_media":104687,"comment_status":"open","ping_status":"closed","template":"","meta":[],"product_brand":[],"product_cat":[47],"product_tag":[],"class_list":{"0":"post-104680","1":"product","2":"type-product","3":"status-publish","4":"has-post-thumbnail","6":"product_cat-ametist-serisi","8":"first","9":"instock","10":"taxable","11":"shipping-taxable","12":"purchasable","13":"product-type-simple"},"yoast_head":"<!-- This site is optimized with the Yoast SEO plugin v27.3 - https:\/\/yoast.com\/product\/yoast-seo-wordpress\/ -->\n<title>Ham Kaya\u00e7 Ametist Ta\u015f\u0131 - Astrolog Elvan<\/title>\n<meta name=\"robots\" content=\"index, follow, max-snippet:-1, max-image-preview:large, max-video-preview:-1\" \/>\n<link rel=\"canonical\" href=\"https:\/\/astrologelvan.com\/magaza\/urun\/ham-kayac-ametist-tasi-2\/\" \/>\n<meta property=\"og:locale\" content=\"tr_TR\" \/>\n<meta property=\"og:type\" content=\"article\" \/>\n<meta property=\"og:title\" content=\"Ham Kaya\u00e7 Ametist Ta\u015f\u0131 - Astrolog Elvan\" \/>\n<meta property=\"og:description\" content=\"Do\u011fal formunu koruyan ham ametist ta\u015f\u0131, morun en g\u00fczel tonlar\u0131yla bulundu\u011fu ortama hem estetik hem de enerjik bir dokunu\u015f katar. Kuvars ailesine ait olan bu de\u011ferli ta\u015f, \u00f6zellikle stres ve negatif enerjiyi uzakla\u015ft\u0131rma etkisiyle bilinir.\u00a0 \u00c7al\u0131\u015fma alanlar\u0131n\u0131za ve evinizde kap\u0131 giri\u015flerine koyarsan\u0131z negatif enerjiyi engeller, bloke eder. Meditasyon ve yoga yaparken yan\u0131n\u0131zda bulundurabilirsiniz. Ayn\u0131 zamanda dekoratif olarak da dikkat \u00e7eken bu \u00f6zel ta\u015f, bulundu\u011fu her alanda do\u011fall\u0131\u011f\u0131 ve zarafetiyle \u00f6ne \u00e7\u0131kar.  \u00dcr\u00fcn a\u011f\u0131rl\u0131\u011f\u0131: 1,238 kg\" \/>\n<meta property=\"og:url\" content=\"https:\/\/astrologelvan.com\/magaza\/urun\/ham-kayac-ametist-tasi-2\/\" \/>\n<meta property=\"og:site_name\" content=\"Astrolog Elvan\" \/>\n<meta property=\"article:modified_time\" content=\"2025-10-06T05:15:47+00:00\" \/>\n<meta property=\"og:image\" content=\"https:\/\/astrologelvan.com\/magaza\/wp-content\/uploads\/2025\/09\/amtest1.jpeg\" \/>\n\t<meta property=\"og:image:width\" content=\"924\" \/>\n\t<meta property=\"og:image:height\" content=\"2000\" \/>\n\t<meta property=\"og:image:type\" content=\"image\/jpeg\" \/>\n<meta name=\"twitter:card\" content=\"summary_large_image\" \/>\n<meta name=\"twitter:label1\" content=\"Tahmini okuma s\u00fcresi\" \/>\n\t<meta name=\"twitter:data1\" content=\"1 dakika\" \/>\n<script type=\"application\/ld+json\" class=\"yoast-schema-graph\">{\"@context\":\"https:\\\/\\\/schema.org\",\"@graph\":[{\"@type\":[\"WebPage\",\"ItemPage\"],\"@id\":\"https:\\\/\\\/astrologelvan.com\\\/magaza\\\/urun\\\/ham-kayac-ametist-tasi-2\\\/\",\"url\":\"https:\\\/\\\/astrologelvan.com\\\/magaza\\\/urun\\\/ham-kayac-ametist-tasi-2\\\/\",\"name\":\"Ham Kaya\u00e7 Ametist Ta\u015f\u0131 - Astrolog Elvan\",\"isPartOf\":{\"@id\":\"https:\\\/\\\/astrologelvan.com\\\/magaza\\\/#website\"},\"primaryImageOfPage\":{\"@id\":\"https:\\\/\\\/astrologelvan.com\\\/magaza\\\/urun\\\/ham-kayac-ametist-tasi-2\\\/#primaryimage\"},\"image\":{\"@id\":\"https:\\\/\\\/astrologelvan.com\\\/magaza\\\/urun\\\/ham-kayac-ametist-tasi-2\\\/#primaryimage\"},\"thumbnailUrl\":\"https:\\\/\\\/astrologelvan.com\\\/magaza\\\/wp-content\\\/uploads\\\/2025\\\/09\\\/amtest1.jpeg\",\"datePublished\":\"2025-09-17T15:43:28+00:00\",\"dateModified\":\"2025-10-06T05:15:47+00:00\",\"breadcrumb\":{\"@id\":\"https:\\\/\\\/astrologelvan.com\\\/magaza\\\/urun\\\/ham-kayac-ametist-tasi-2\\\/#breadcrumb\"},\"inLanguage\":\"tr\",\"potentialAction\":[{\"@type\":\"ReadAction\",\"target\":[\"https:\\\/\\\/astrologelvan.com\\\/magaza\\\/urun\\\/ham-kayac-ametist-tasi-2\\\/\"]}]},{\"@type\":\"ImageObject\",\"inLanguage\":\"tr\",\"@id\":\"https:\\\/\\\/astrologelvan.com\\\/magaza\\\/urun\\\/ham-kayac-ametist-tasi-2\\\/#primaryimage\",\"url\":\"https:\\\/\\\/astrologelvan.com\\\/magaza\\\/wp-content\\\/uploads\\\/2025\\\/09\\\/amtest1.jpeg\",\"contentUrl\":\"https:\\\/\\\/astrologelvan.com\\\/magaza\\\/wp-content\\\/uploads\\\/2025\\\/09\\\/amtest1.jpeg\",\"width\":924,\"height\":2000},{\"@type\":\"BreadcrumbList\",\"@id\":\"https:\\\/\\\/astrologelvan.com\\\/magaza\\\/urun\\\/ham-kayac-ametist-tasi-2\\\/#breadcrumb\",\"itemListElement\":[{\"@type\":\"ListItem\",\"position\":1,\"name\":\"Anasayfa\",\"item\":\"https:\\\/\\\/astrologelvan.com\\\/magaza\\\/\"},{\"@type\":\"ListItem\",\"position\":2,\"name\":\"Ma\u011faza\",\"item\":\"https:\\\/\\\/astrologelvan.com\\\/magaza\\\/magaza\\\/\"},{\"@type\":\"ListItem\",\"position\":3,\"name\":\"Ham Kaya\u00e7 Ametist Ta\u015f\u0131\"}]},{\"@type\":\"WebSite\",\"@id\":\"https:\\\/\\\/astrologelvan.com\\\/magaza\\\/#website\",\"url\":\"https:\\\/\\\/astrologelvan.com\\\/magaza\\\/\",\"name\":\"Astrolog Elvan\",\"description\":\"\",\"potentialAction\":[{\"@type\":\"SearchAction\",\"target\":{\"@type\":\"EntryPoint\",\"urlTemplate\":\"https:\\\/\\\/astrologelvan.com\\\/magaza\\\/?s={search_term_string}\"},\"query-input\":{\"@type\":\"PropertyValueSpecification\",\"valueRequired\":true,\"valueName\":\"search_term_string\"}}],\"inLanguage\":\"tr\"}]}<\/script>\n<!-- \/ Yoast SEO plugin. -->","yoast_head_json":{"title":"Ham Kaya\u00e7 Ametist Ta\u015f\u0131 - Astrolog Elvan","robots":{"index":"index","follow":"follow","max-snippet":"max-snippet:-1","max-image-preview":"max-image-preview:large","max-video-preview":"max-video-preview:-1"},"canonical":"https:\/\/astrologelvan.com\/magaza\/urun\/ham-kayac-ametist-tasi-2\/","og_locale":"tr_TR","og_type":"article","og_title":"Ham Kaya\u00e7 Ametist Ta\u015f\u0131 - Astrolog Elvan","og_description":"Do\u011fal formunu koruyan ham ametist ta\u015f\u0131, morun en g\u00fczel tonlar\u0131yla bulundu\u011fu ortama hem estetik hem de enerjik bir dokunu\u015f katar. Kuvars ailesine ait olan bu de\u011ferli ta\u015f, \u00f6zellikle stres ve negatif enerjiyi uzakla\u015ft\u0131rma etkisiyle bilinir.\u00a0 \u00c7al\u0131\u015fma alanlar\u0131n\u0131za ve evinizde kap\u0131 giri\u015flerine koyarsan\u0131z negatif enerjiyi engeller, bloke eder. Meditasyon ve yoga yaparken yan\u0131n\u0131zda bulundurabilirsiniz. Ayn\u0131 zamanda dekoratif olarak da dikkat \u00e7eken bu \u00f6zel ta\u015f, bulundu\u011fu her alanda do\u011fall\u0131\u011f\u0131 ve zarafetiyle \u00f6ne \u00e7\u0131kar.  \u00dcr\u00fcn a\u011f\u0131rl\u0131\u011f\u0131: 1,238 kg","og_url":"https:\/\/astrologelvan.com\/magaza\/urun\/ham-kayac-ametist-tasi-2\/","og_site_name":"Astrolog Elvan","article_modified_time":"2025-10-06T05:15:47+00:00","og_image":[{"width":924,"height":2000,"url":"https:\/\/astrologelvan.com\/magaza\/wp-content\/uploads\/2025\/09\/amtest1.jpeg","type":"image\/jpeg"}],"twitter_card":"summary_large_image","twitter_misc":{"Tahmini okuma s\u00fcresi":"1 dakika"},"schema":{"@context":"https:\/\/schema.org","@graph":[{"@type":["WebPage","ItemPage"],"@id":"https:\/\/astrologelvan.com\/magaza\/urun\/ham-kayac-ametist-tasi-2\/","url":"https:\/\/astrologelvan.com\/magaza\/urun\/ham-kayac-ametist-tasi-2\/","name":"Ham Kaya\u00e7 Ametist Ta\u015f\u0131 - Astrolog Elvan","isPartOf":{"@id":"https:\/\/astrologelvan.com\/magaza\/#website"},"primaryImageOfPage":{"@id":"https:\/\/astrologelvan.com\/magaza\/urun\/ham-kayac-ametist-tasi-2\/#primaryimage"},"image":{"@id":"https:\/\/astrologelvan.com\/magaza\/urun\/ham-kayac-ametist-tasi-2\/#primaryimage"},"thumbnailUrl":"https:\/\/astrologelvan.com\/magaza\/wp-content\/uploads\/2025\/09\/amtest1.jpeg","datePublished":"2025-09-17T15:43:28+00:00","dateModified":"2025-10-06T05:15:47+00:00","breadcrumb":{"@id":"https:\/\/astrologelvan.com\/magaza\/urun\/ham-kayac-ametist-tasi-2\/#breadcrumb"},"inLanguage":"tr","potentialAction":[{"@type":"ReadAction","target":["https:\/\/astrologelvan.com\/magaza\/urun\/ham-kayac-ametist-tasi-2\/"]}]},{"@type":"ImageObject","inLanguage":"tr","@id":"https:\/\/astrologelvan.com\/magaza\/urun\/ham-kayac-ametist-tasi-2\/#primaryimage","url":"https:\/\/astrologelvan.com\/magaza\/wp-content\/uploads\/2025\/09\/amtest1.jpeg","contentUrl":"https:\/\/astrologelvan.com\/magaza\/wp-content\/uploads\/2025\/09\/amtest1.jpeg","width":924,"height":2000},{"@type":"BreadcrumbList","@id":"https:\/\/astrologelvan.com\/magaza\/urun\/ham-kayac-ametist-tasi-2\/#breadcrumb","itemListElement":[{"@type":"ListItem","position":1,"name":"Anasayfa","item":"https:\/\/astrologelvan.com\/magaza\/"},{"@type":"ListItem","position":2,"name":"Ma\u011faza","item":"https:\/\/astrologelvan.com\/magaza\/magaza\/"},{"@type":"ListItem","position":3,"name":"Ham Kaya\u00e7 Ametist Ta\u015f\u0131"}]},{"@type":"WebSite","@id":"https:\/\/astrologelvan.com\/magaza\/#website","url":"https:\/\/astrologelvan.com\/magaza\/","name":"Astrolog Elvan","description":"","potentialAction":[{"@type":"SearchAction","target":{"@type":"EntryPoint","urlTemplate":"https:\/\/astrologelvan.com\/magaza\/?s={search_term_string}"},"query-input":{"@type":"PropertyValueSpecification","valueRequired":true,"valueName":"search_term_string"}}],"inLanguage":"tr"}]}},"_links":{"self":[{"href":"https:\/\/astrologelvan.com\/magaza\/wp-json\/wp\/v2\/product\/104680","targetHints":{"allow":["GET"]}}],"collection":[{"href":"https:\/\/astrologelvan.com\/magaza\/wp-json\/wp\/v2\/product"}],"about":[{"href":"https:\/\/astrologelvan.com\/magaza\/wp-json\/wp\/v2\/types\/product"}],"replies":[{"embeddable":true,"href":"https:\/\/astrologelvan.com\/magaza\/wp-json\/wp\/v2\/comments?post=104680"}],"wp:featuredmedia":[{"embeddable":true,"href":"https:\/\/astrologelvan.com\/magaza\/wp-json\/wp\/v2\/media\/104687"}],"wp:attachment":[{"href":"https:\/\/astrologelvan.com\/magaza\/wp-json\/wp\/v2\/media?parent=104680"}],"wp:term":[{"taxonomy":"product_brand","embeddable":true,"href":"https:\/\/astrologelvan.com\/magaza\/wp-json\/wp\/v2\/product_brand?post=104680"},{"taxonomy":"product_cat","embeddable":true,"href":"https:\/\/astrologelvan.com\/magaza\/wp-json\/wp\/v2\/product_cat?post=104680"},{"taxonomy":"product_tag","embeddable":true,"href":"https:\/\/astrologelvan.com\/magaza\/wp-json\/wp\/v2\/product_tag?post=104680"}],"curies":[{"name":"wp","href":"https:\/\/api.w.org\/{rel}","templated":true}]}}