{"id":1027,"date":"2024-02-28T03:09:47","date_gmt":"2024-02-28T00:09:47","guid":{"rendered":"https:\/\/astrologelvan.shop\/?post_type=product&#038;p=1027"},"modified":"2026-03-21T07:53:15","modified_gmt":"2026-03-21T04:53:15","slug":"yilancik-tasi","status":"publish","type":"product","link":"https:\/\/astrologelvan.com\/magaza\/urun\/yilancik-tasi\/","title":{"rendered":"YILANCIK TA\u015eI"},"content":{"rendered":"<p><b>\u00dcr\u00fcn \u00d6zellikleri<\/b><\/p>\n<p><span style=\"font-weight: 400;\">Y\u0131lanc\u0131k Ta\u015f\u0131<\/span><\/p>\n<p><span style=\"font-weight: 400;\">Ta\u015f\u0131n yakla\u015f\u0131k \u00f6l\u00e7\u00fcs\u00fc: 2 \u2013 10 MM<\/span><\/p>\n<p><strong>Do\u011fal ta\u015flar\u0131n tasar\u0131mlar\u0131nda do\u011frudan cilde temas etmesini sa\u011fl\u0131yoruz. B\u00f6ylece do\u011fal ta\u015f\u0131n\u0131z\u0131 takt\u0131k\u00e7a v\u00fccudunuzun titre\u015fimlerine ba\u011flan\u0131r ve size denge ve uyum getirir.<\/strong><\/p>\n<p><b>G\u00fcm\u00fc\u015f kararmas\u0131 iadeye tabi de\u011fildir. Do\u011fal y\u00f6ntemlerle ya da sol\u00fcsyon kullanarak kararan g\u00fcm\u00fc\u015f\u00fc yeniden parlatman\u0131z m\u00fcmk\u00fcnd\u00fcr.<\/b><\/p>\n<p><strong>Tak\u0131lar\u0131n\u0131z\u0131n uzun s\u00fcre kullanabilmesi i\u00e7in; Parf\u00fcm, su, s\u0131v\u0131, dezenfektan, krem v.b. gibi maddelerle temas etmemesi, du\u015f-banyo s\u0131ras\u0131nda \u00e7\u0131kart\u0131lmas\u0131 gerekmektedir. Ki\u015finin ter-ten yap\u0131s\u0131na g\u00f6re de etkilenmektedir. Tak\u0131lar\u0131n\u0131z\u0131 kullanmad\u0131\u011f\u0131n\u0131z zamanlarda kesesinde saklaman\u0131z\u0131 \u00f6neririz.<\/strong><\/p>\n<p><strong>Do\u011fal ta\u015flar\u0131n belirli titre\u015fimlere ve frekanslara sahip oldu\u011fu bilinmektedir. Bu nedenle v\u00fccudumuzda ve auram\u0131zda birtak\u0131m iyi etkileri oldu\u011fu s\u00f6ylenmektedir. Ta\u015flar\u0131n \u00f6zelliklerinin bilimsel kesinli\u011fi yoktur. Astrologelvan ma\u011fazas\u0131ndaki t\u00fcm ta\u015flar orijinal, ger\u00e7ek do\u011fal ta\u015flard\u0131r. T\u0131bbi konularda doktora dan\u0131\u015fman\u0131z\u0131 tavsiye ederiz. Ta\u015flar\u0131n tedavi edici \u00f6zelli\u011fi yoktur, sadece ki\u015fisel enerjimizi y\u00fckseltmekte ve astrolojik olarak da temsil etti\u011fi gezegenlerin etkilerini artt\u0131rmakta oldu\u011fu kabul edilir. \u00d6rne\u011fin; pembe kuvars ta\u015f\u0131 a\u015fk ve sevgi gezegeni Ven\u00fcs\u2019\u00fcn ta\u015f\u0131d\u0131r ve bu sebeple \u00fczerinde ta\u015f\u0131yan ki\u015finin a\u015fk ve sevgi frekans\u0131n\u0131 y\u00fckseltti\u011fi bilinir.<\/strong><\/p>\n","protected":false},"excerpt":{"rendered":"<p><span style=\"font-weight: 400;\">Y\u0131lanc\u0131k ta\u015f\u0131n\u0131n orijinal hali ovalimsi bir yap\u0131ya sahiptir. Mavi, kahverengi, sar\u0131 ve beyaz renklerinin karmas\u0131ndan olu\u015fur. Bu ta\u015flar\u0131n alt k\u0131s\u0131mlar\u0131 tamamen beyaz olmakla birlikte salyangoza benzetilen \u015fekilleri de bulunur.\u00a0Bu ta\u015f\u0131n strese \u00e7ok iyi geldi\u011fi g\u00f6r\u00fclebilir. Mide hastal\u0131klar\u0131ndan v\u00fccut a\u011fr\u0131lar\u0131na kadar etki etti\u011fi bilinir. Hem bedene hem de ruha iyi gelen bu ta\u015flar Orta Do\u011fu \u00fclkelerinde nazardan ve b\u00fcy\u00fcden korunmak i\u00e7in de kullan\u0131l\u0131rlar.\u00a0<\/span><\/p>\n<p><b>Anadolu&#8217;da yayg\u0131n olan bir inan\u0131\u015fa g\u00f6re \u00f6<\/b><b>zellikle a\u011fr\u0131yan b\u00f6lgeye koyuldu\u011funda a\u011fr\u0131y\u0131 ald\u0131\u011f\u0131 s\u00f6ylenir. Bereket i\u00e7in de kullan\u0131lan Y\u0131lanc\u0131k ta\u015f\u0131n\u0131 c\u00fczdan\u0131n\u0131zda da ta\u015f\u0131yabilirsiniz.<\/b><\/p>\n<p><b>Not: Y\u0131lanc\u0131k ta\u015f\u0131 farkl\u0131 boyutlarda bulunmaktad\u0131r. Ak\u0131\u015fa g\u00f6re sizlere hangi boyutta Y\u0131lanc\u0131k Ta\u015f\u0131 geldiyse kabul ediniz.\u00a0<\/b><\/p>\n","protected":false},"featured_media":5547,"comment_status":"open","ping_status":"closed","template":"","meta":[],"product_brand":[],"product_cat":[52,48,9553],"product_tag":[],"class_list":{"0":"post-1027","1":"product","2":"type-product","3":"status-publish","4":"has-post-thumbnail","6":"product_cat-dogal-taslar","7":"product_cat-kolyeler","8":"product_cat-yilancik","10":"first","11":"instock","12":"taxable","13":"shipping-taxable","14":"purchasable","15":"product-type-simple"},"yoast_head":"<!-- This site is optimized with the Yoast SEO plugin v27.2 - https:\/\/yoast.com\/product\/yoast-seo-wordpress\/ -->\n<title>YILANCIK TA\u015eI - Astrolog Elvan<\/title>\n<meta name=\"robots\" content=\"index, follow, max-snippet:-1, max-image-preview:large, max-video-preview:-1\" \/>\n<link rel=\"canonical\" href=\"https:\/\/astrologelvan.com\/magaza\/urun\/yilancik-tasi\/\" \/>\n<meta property=\"og:locale\" content=\"tr_TR\" \/>\n<meta property=\"og:type\" content=\"article\" \/>\n<meta property=\"og:title\" content=\"YILANCIK TA\u015eI - Astrolog Elvan\" \/>\n<meta property=\"og:description\" content=\"Y\u0131lanc\u0131k ta\u015f\u0131n\u0131n orijinal hali ovalimsi bir yap\u0131ya sahiptir. Mavi, kahverengi, sar\u0131 ve beyaz renklerinin karmas\u0131ndan olu\u015fur. Bu ta\u015flar\u0131n alt k\u0131s\u0131mlar\u0131 tamamen beyaz olmakla birlikte salyangoza benzetilen \u015fekilleri de bulunur.\u00a0Bu ta\u015f\u0131n strese \u00e7ok iyi geldi\u011fi g\u00f6r\u00fclebilir. Mide hastal\u0131klar\u0131ndan v\u00fccut a\u011fr\u0131lar\u0131na kadar etki etti\u011fi bilinir. Hem bedene hem de ruha iyi gelen bu ta\u015flar Orta Do\u011fu \u00fclkelerinde nazardan ve b\u00fcy\u00fcden korunmak i\u00e7in de kullan\u0131l\u0131rlar.\u00a0  Anadolu&#039;da yayg\u0131n olan bir inan\u0131\u015fa g\u00f6re \u00f6zellikle a\u011fr\u0131yan b\u00f6lgeye koyuldu\u011funda a\u011fr\u0131y\u0131 ald\u0131\u011f\u0131 s\u00f6ylenir. Bereket i\u00e7in de kullan\u0131lan Y\u0131lanc\u0131k ta\u015f\u0131n\u0131 c\u00fczdan\u0131n\u0131zda da ta\u015f\u0131yabilirsiniz.  Not: Y\u0131lanc\u0131k ta\u015f\u0131 farkl\u0131 boyutlarda bulunmaktad\u0131r. Ak\u0131\u015fa g\u00f6re sizlere hangi boyutta Y\u0131lanc\u0131k Ta\u015f\u0131 geldiyse kabul ediniz.\u00a0\" \/>\n<meta property=\"og:url\" content=\"https:\/\/astrologelvan.com\/magaza\/urun\/yilancik-tasi\/\" \/>\n<meta property=\"og:site_name\" content=\"Astrolog Elvan\" \/>\n<meta property=\"article:modified_time\" content=\"2026-03-21T04:53:15+00:00\" \/>\n<meta property=\"og:image\" content=\"https:\/\/astrologelvan.com\/magaza\/wp-content\/uploads\/2024\/02\/1-63.jpg\" \/>\n\t<meta property=\"og:image:width\" content=\"1600\" \/>\n\t<meta property=\"og:image:height\" content=\"1600\" \/>\n\t<meta property=\"og:image:type\" content=\"image\/jpeg\" \/>\n<meta name=\"twitter:card\" content=\"summary_large_image\" \/>\n<meta name=\"twitter:label1\" content=\"Tahmini okuma s\u00fcresi\" \/>\n\t<meta name=\"twitter:data1\" content=\"2 dakika\" \/>\n<script type=\"application\/ld+json\" class=\"yoast-schema-graph\">{\"@context\":\"https:\/\/schema.org\",\"@graph\":[{\"@type\":[\"WebPage\",\"ItemPage\"],\"@id\":\"https:\/\/astrologelvan.com\/magaza\/urun\/yilancik-tasi\/\",\"url\":\"https:\/\/astrologelvan.com\/magaza\/urun\/yilancik-tasi\/\",\"name\":\"YILANCIK TA\u015eI - Astrolog Elvan\",\"isPartOf\":{\"@id\":\"https:\/\/astrologelvan.com\/magaza\/#website\"},\"primaryImageOfPage\":{\"@id\":\"https:\/\/astrologelvan.com\/magaza\/urun\/yilancik-tasi\/#primaryimage\"},\"image\":{\"@id\":\"https:\/\/astrologelvan.com\/magaza\/urun\/yilancik-tasi\/#primaryimage\"},\"thumbnailUrl\":\"https:\/\/astrologelvan.com\/magaza\/wp-content\/uploads\/2024\/02\/1-63.jpg\",\"datePublished\":\"2024-02-28T00:09:47+00:00\",\"dateModified\":\"2026-03-21T04:53:15+00:00\",\"breadcrumb\":{\"@id\":\"https:\/\/astrologelvan.com\/magaza\/urun\/yilancik-tasi\/#breadcrumb\"},\"inLanguage\":\"tr\",\"potentialAction\":[{\"@type\":\"ReadAction\",\"target\":[\"https:\/\/astrologelvan.com\/magaza\/urun\/yilancik-tasi\/\"]}]},{\"@type\":\"ImageObject\",\"inLanguage\":\"tr\",\"@id\":\"https:\/\/astrologelvan.com\/magaza\/urun\/yilancik-tasi\/#primaryimage\",\"url\":\"https:\/\/astrologelvan.com\/magaza\/wp-content\/uploads\/2024\/02\/1-63.jpg\",\"contentUrl\":\"https:\/\/astrologelvan.com\/magaza\/wp-content\/uploads\/2024\/02\/1-63.jpg\",\"width\":1600,\"height\":1600},{\"@type\":\"BreadcrumbList\",\"@id\":\"https:\/\/astrologelvan.com\/magaza\/urun\/yilancik-tasi\/#breadcrumb\",\"itemListElement\":[{\"@type\":\"ListItem\",\"position\":1,\"name\":\"Anasayfa\",\"item\":\"https:\/\/astrologelvan.com\/magaza\/\"},{\"@type\":\"ListItem\",\"position\":2,\"name\":\"Ma\u011faza\",\"item\":\"https:\/\/astrologelvan.com\/magaza\/magaza\/\"},{\"@type\":\"ListItem\",\"position\":3,\"name\":\"YILANCIK TA\u015eI\"}]},{\"@type\":\"WebSite\",\"@id\":\"https:\/\/astrologelvan.com\/magaza\/#website\",\"url\":\"https:\/\/astrologelvan.com\/magaza\/\",\"name\":\"Astrolog Elvan\",\"description\":\"\",\"potentialAction\":[{\"@type\":\"SearchAction\",\"target\":{\"@type\":\"EntryPoint\",\"urlTemplate\":\"https:\/\/astrologelvan.com\/magaza\/?s={search_term_string}\"},\"query-input\":{\"@type\":\"PropertyValueSpecification\",\"valueRequired\":true,\"valueName\":\"search_term_string\"}}],\"inLanguage\":\"tr\"}]}<\/script>\n<!-- \/ Yoast SEO plugin. -->","yoast_head_json":{"title":"YILANCIK TA\u015eI - Astrolog Elvan","robots":{"index":"index","follow":"follow","max-snippet":"max-snippet:-1","max-image-preview":"max-image-preview:large","max-video-preview":"max-video-preview:-1"},"canonical":"https:\/\/astrologelvan.com\/magaza\/urun\/yilancik-tasi\/","og_locale":"tr_TR","og_type":"article","og_title":"YILANCIK TA\u015eI - Astrolog Elvan","og_description":"Y\u0131lanc\u0131k ta\u015f\u0131n\u0131n orijinal hali ovalimsi bir yap\u0131ya sahiptir. Mavi, kahverengi, sar\u0131 ve beyaz renklerinin karmas\u0131ndan olu\u015fur. Bu ta\u015flar\u0131n alt k\u0131s\u0131mlar\u0131 tamamen beyaz olmakla birlikte salyangoza benzetilen \u015fekilleri de bulunur.\u00a0Bu ta\u015f\u0131n strese \u00e7ok iyi geldi\u011fi g\u00f6r\u00fclebilir. Mide hastal\u0131klar\u0131ndan v\u00fccut a\u011fr\u0131lar\u0131na kadar etki etti\u011fi bilinir. Hem bedene hem de ruha iyi gelen bu ta\u015flar Orta Do\u011fu \u00fclkelerinde nazardan ve b\u00fcy\u00fcden korunmak i\u00e7in de kullan\u0131l\u0131rlar.\u00a0  Anadolu'da yayg\u0131n olan bir inan\u0131\u015fa g\u00f6re \u00f6zellikle a\u011fr\u0131yan b\u00f6lgeye koyuldu\u011funda a\u011fr\u0131y\u0131 ald\u0131\u011f\u0131 s\u00f6ylenir. Bereket i\u00e7in de kullan\u0131lan Y\u0131lanc\u0131k ta\u015f\u0131n\u0131 c\u00fczdan\u0131n\u0131zda da ta\u015f\u0131yabilirsiniz.  Not: Y\u0131lanc\u0131k ta\u015f\u0131 farkl\u0131 boyutlarda bulunmaktad\u0131r. Ak\u0131\u015fa g\u00f6re sizlere hangi boyutta Y\u0131lanc\u0131k Ta\u015f\u0131 geldiyse kabul ediniz.\u00a0","og_url":"https:\/\/astrologelvan.com\/magaza\/urun\/yilancik-tasi\/","og_site_name":"Astrolog Elvan","article_modified_time":"2026-03-21T04:53:15+00:00","og_image":[{"width":1600,"height":1600,"url":"https:\/\/astrologelvan.com\/magaza\/wp-content\/uploads\/2024\/02\/1-63.jpg","type":"image\/jpeg"}],"twitter_card":"summary_large_image","twitter_misc":{"Tahmini okuma s\u00fcresi":"2 dakika"},"schema":{"@context":"https:\/\/schema.org","@graph":[{"@type":["WebPage","ItemPage"],"@id":"https:\/\/astrologelvan.com\/magaza\/urun\/yilancik-tasi\/","url":"https:\/\/astrologelvan.com\/magaza\/urun\/yilancik-tasi\/","name":"YILANCIK TA\u015eI - Astrolog Elvan","isPartOf":{"@id":"https:\/\/astrologelvan.com\/magaza\/#website"},"primaryImageOfPage":{"@id":"https:\/\/astrologelvan.com\/magaza\/urun\/yilancik-tasi\/#primaryimage"},"image":{"@id":"https:\/\/astrologelvan.com\/magaza\/urun\/yilancik-tasi\/#primaryimage"},"thumbnailUrl":"https:\/\/astrologelvan.com\/magaza\/wp-content\/uploads\/2024\/02\/1-63.jpg","datePublished":"2024-02-28T00:09:47+00:00","dateModified":"2026-03-21T04:53:15+00:00","breadcrumb":{"@id":"https:\/\/astrologelvan.com\/magaza\/urun\/yilancik-tasi\/#breadcrumb"},"inLanguage":"tr","potentialAction":[{"@type":"ReadAction","target":["https:\/\/astrologelvan.com\/magaza\/urun\/yilancik-tasi\/"]}]},{"@type":"ImageObject","inLanguage":"tr","@id":"https:\/\/astrologelvan.com\/magaza\/urun\/yilancik-tasi\/#primaryimage","url":"https:\/\/astrologelvan.com\/magaza\/wp-content\/uploads\/2024\/02\/1-63.jpg","contentUrl":"https:\/\/astrologelvan.com\/magaza\/wp-content\/uploads\/2024\/02\/1-63.jpg","width":1600,"height":1600},{"@type":"BreadcrumbList","@id":"https:\/\/astrologelvan.com\/magaza\/urun\/yilancik-tasi\/#breadcrumb","itemListElement":[{"@type":"ListItem","position":1,"name":"Anasayfa","item":"https:\/\/astrologelvan.com\/magaza\/"},{"@type":"ListItem","position":2,"name":"Ma\u011faza","item":"https:\/\/astrologelvan.com\/magaza\/magaza\/"},{"@type":"ListItem","position":3,"name":"YILANCIK TA\u015eI"}]},{"@type":"WebSite","@id":"https:\/\/astrologelvan.com\/magaza\/#website","url":"https:\/\/astrologelvan.com\/magaza\/","name":"Astrolog Elvan","description":"","potentialAction":[{"@type":"SearchAction","target":{"@type":"EntryPoint","urlTemplate":"https:\/\/astrologelvan.com\/magaza\/?s={search_term_string}"},"query-input":{"@type":"PropertyValueSpecification","valueRequired":true,"valueName":"search_term_string"}}],"inLanguage":"tr"}]}},"_links":{"self":[{"href":"https:\/\/astrologelvan.com\/magaza\/wp-json\/wp\/v2\/product\/1027","targetHints":{"allow":["GET"]}}],"collection":[{"href":"https:\/\/astrologelvan.com\/magaza\/wp-json\/wp\/v2\/product"}],"about":[{"href":"https:\/\/astrologelvan.com\/magaza\/wp-json\/wp\/v2\/types\/product"}],"replies":[{"embeddable":true,"href":"https:\/\/astrologelvan.com\/magaza\/wp-json\/wp\/v2\/comments?post=1027"}],"wp:featuredmedia":[{"embeddable":true,"href":"https:\/\/astrologelvan.com\/magaza\/wp-json\/wp\/v2\/media\/5547"}],"wp:attachment":[{"href":"https:\/\/astrologelvan.com\/magaza\/wp-json\/wp\/v2\/media?parent=1027"}],"wp:term":[{"taxonomy":"product_brand","embeddable":true,"href":"https:\/\/astrologelvan.com\/magaza\/wp-json\/wp\/v2\/product_brand?post=1027"},{"taxonomy":"product_cat","embeddable":true,"href":"https:\/\/astrologelvan.com\/magaza\/wp-json\/wp\/v2\/product_cat?post=1027"},{"taxonomy":"product_tag","embeddable":true,"href":"https:\/\/astrologelvan.com\/magaza\/wp-json\/wp\/v2\/product_tag?post=1027"}],"curies":[{"name":"wp","href":"https:\/\/api.w.org\/{rel}","templated":true}]}}