{"id":1026,"date":"2024-02-28T03:09:47","date_gmt":"2024-02-28T00:09:47","guid":{"rendered":"https:\/\/astrologelvan.shop\/?post_type=product&#038;p=1026"},"modified":"2026-03-30T09:38:41","modified_gmt":"2026-03-30T06:38:41","slug":"pembe-turmalin-1171-charmli-dogal-tas-kadin-bileklik","status":"publish","type":"product","link":"https:\/\/astrologelvan.com\/magaza\/urun\/pembe-turmalin-1171-charmli-dogal-tas-kadin-bileklik\/","title":{"rendered":"PEMBE TURMAL\u0130N 1171 CHARMLI DO\u011eAL TA\u015e KADIN B\u0130LEKL\u0130K"},"content":{"rendered":"<p><b>\u00dcr\u00fcn \u00d6zellikleri<\/b><\/p>\n<p><span style=\"font-weight: 400\">Pembe Turmalin 1171 Charml\u0131 Do\u011fal Ta\u015f Kad\u0131n Bileklik<\/span><\/p>\n<p><span style=\"font-weight: 400\">Ta\u015f\u0131n A\u011f\u0131rl\u0131\u011f\u0131:\u00a01 &#8211; 2 gr<\/span><\/p>\n<p><span style=\"font-weight: 400\">Ta\u015flar\u0131n yakla\u015f\u0131k \u00f6l\u00e7\u00fcs\u00fc:\u00a0\u00a0 4 \u2013 11 MM<\/span><\/p>\n<p><span style=\"font-weight: 400\">Bilekli\u011fin ortalama uzunlu\u011fu: 21 CM<\/span><\/p>\n","protected":false},"excerpt":{"rendered":"<p><span style=\"font-weight: 400\">Pembe turmalin, korkular\u0131yla y\u00fczle\u015fmekte zorluk \u00e7ekenler, panik atak ge\u00e7irenler ve i\u00e7sel kaos duygular\u0131n\u0131 yat\u0131\u015ft\u0131rmaya \u00e7al\u0131\u015fanlar i\u00e7in yard\u0131mc\u0131d\u0131r. Pembe turmalin, daha iyi dinlemeyi ve anlamay\u0131 te\u015fvik\u00a0eder.<\/span> <span style=\"font-weight: 400\">Sonsuz dostluk kadar ko\u015fulsuz sevgi erdemini de ta\u015f\u0131d\u0131\u011f\u0131na inan\u0131l\u0131r.\u00a0Kalp \u00e7akras\u0131na, y\u00fcksek kalp \u00e7akras\u0131na ve bo\u011faz \u00e7akras\u0131na ba\u011flan\u0131r.<\/span><\/p>\n<p><span style=\"font-weight: 400\">1171 \u2013 925 Ayar G\u00fcm\u00fc\u015f Charm ise Nazar Koruma Sekans\u0131 anlam\u0131na gelir. G\u00fcn i\u00e7erisinde s\u00fcrekli tekrar edebilirsiniz. Birbiryedibir diye okunur.<\/span><\/p>\n","protected":false},"featured_media":1087,"comment_status":"open","ping_status":"closed","template":"","meta":[],"product_brand":[],"product_cat":[52,48,227],"product_tag":[],"class_list":{"0":"post-1026","1":"product","2":"type-product","3":"status-publish","4":"has-post-thumbnail","6":"product_cat-dogal-taslar","7":"product_cat-kolyeler","8":"product_cat-turmalin-tasi","10":"first","11":"outofstock","12":"taxable","13":"shipping-taxable","14":"purchasable","15":"product-type-simple"},"yoast_head":"<!-- This site is optimized with the Yoast SEO plugin v27.2 - https:\/\/yoast.com\/product\/yoast-seo-wordpress\/ -->\n<title>PEMBE TURMAL\u0130N 1171 CHARMLI DO\u011eAL TA\u015e KADIN B\u0130LEKL\u0130K - Astrolog Elvan<\/title>\n<meta name=\"robots\" content=\"index, follow, max-snippet:-1, max-image-preview:large, max-video-preview:-1\" \/>\n<link rel=\"canonical\" href=\"https:\/\/astrologelvan.com\/magaza\/urun\/pembe-turmalin-1171-charmli-dogal-tas-kadin-bileklik\/\" \/>\n<meta property=\"og:locale\" content=\"tr_TR\" \/>\n<meta property=\"og:type\" content=\"article\" \/>\n<meta property=\"og:title\" content=\"PEMBE TURMAL\u0130N 1171 CHARMLI DO\u011eAL TA\u015e KADIN B\u0130LEKL\u0130K - Astrolog Elvan\" \/>\n<meta property=\"og:description\" content=\"Pembe turmalin, korkular\u0131yla y\u00fczle\u015fmekte zorluk \u00e7ekenler, panik atak ge\u00e7irenler ve i\u00e7sel kaos duygular\u0131n\u0131 yat\u0131\u015ft\u0131rmaya \u00e7al\u0131\u015fanlar i\u00e7in yard\u0131mc\u0131d\u0131r. Pembe turmalin, daha iyi dinlemeyi ve anlamay\u0131 te\u015fvik\u00a0eder. Sonsuz dostluk kadar ko\u015fulsuz sevgi erdemini de ta\u015f\u0131d\u0131\u011f\u0131na inan\u0131l\u0131r.\u00a0Kalp \u00e7akras\u0131na, y\u00fcksek kalp \u00e7akras\u0131na ve bo\u011faz \u00e7akras\u0131na ba\u011flan\u0131r.  1171 \u2013 925 Ayar G\u00fcm\u00fc\u015f Charm ise Nazar Koruma Sekans\u0131 anlam\u0131na gelir. G\u00fcn i\u00e7erisinde s\u00fcrekli tekrar edebilirsiniz. Birbiryedibir diye okunur.\" \/>\n<meta property=\"og:url\" content=\"https:\/\/astrologelvan.com\/magaza\/urun\/pembe-turmalin-1171-charmli-dogal-tas-kadin-bileklik\/\" \/>\n<meta property=\"og:site_name\" content=\"Astrolog Elvan\" \/>\n<meta property=\"article:modified_time\" content=\"2026-03-30T06:38:41+00:00\" \/>\n<meta property=\"og:image\" content=\"https:\/\/astrologelvan.com\/magaza\/wp-content\/uploads\/2024\/02\/Pembe-Turmalin-Kadin-bileklik-1.jpg\" \/>\n\t<meta property=\"og:image:width\" content=\"1080\" \/>\n\t<meta property=\"og:image:height\" content=\"1080\" \/>\n\t<meta property=\"og:image:type\" content=\"image\/jpeg\" \/>\n<meta name=\"twitter:card\" content=\"summary_large_image\" \/>\n<meta name=\"twitter:label1\" content=\"Tahmini okuma s\u00fcresi\" \/>\n\t<meta name=\"twitter:data1\" content=\"1 dakika\" \/>\n<script type=\"application\/ld+json\" class=\"yoast-schema-graph\">{\"@context\":\"https:\/\/schema.org\",\"@graph\":[{\"@type\":[\"WebPage\",\"ItemPage\"],\"@id\":\"https:\/\/astrologelvan.com\/magaza\/urun\/pembe-turmalin-1171-charmli-dogal-tas-kadin-bileklik\/\",\"url\":\"https:\/\/astrologelvan.com\/magaza\/urun\/pembe-turmalin-1171-charmli-dogal-tas-kadin-bileklik\/\",\"name\":\"PEMBE TURMAL\u0130N 1171 CHARMLI DO\u011eAL TA\u015e KADIN B\u0130LEKL\u0130K - Astrolog Elvan\",\"isPartOf\":{\"@id\":\"https:\/\/astrologelvan.com\/magaza\/#website\"},\"primaryImageOfPage\":{\"@id\":\"https:\/\/astrologelvan.com\/magaza\/urun\/pembe-turmalin-1171-charmli-dogal-tas-kadin-bileklik\/#primaryimage\"},\"image\":{\"@id\":\"https:\/\/astrologelvan.com\/magaza\/urun\/pembe-turmalin-1171-charmli-dogal-tas-kadin-bileklik\/#primaryimage\"},\"thumbnailUrl\":\"https:\/\/astrologelvan.com\/magaza\/wp-content\/uploads\/2024\/02\/Pembe-Turmalin-Kadin-bileklik-1.jpg\",\"datePublished\":\"2024-02-28T00:09:47+00:00\",\"dateModified\":\"2026-03-30T06:38:41+00:00\",\"breadcrumb\":{\"@id\":\"https:\/\/astrologelvan.com\/magaza\/urun\/pembe-turmalin-1171-charmli-dogal-tas-kadin-bileklik\/#breadcrumb\"},\"inLanguage\":\"tr\",\"potentialAction\":[{\"@type\":\"ReadAction\",\"target\":[\"https:\/\/astrologelvan.com\/magaza\/urun\/pembe-turmalin-1171-charmli-dogal-tas-kadin-bileklik\/\"]}]},{\"@type\":\"ImageObject\",\"inLanguage\":\"tr\",\"@id\":\"https:\/\/astrologelvan.com\/magaza\/urun\/pembe-turmalin-1171-charmli-dogal-tas-kadin-bileklik\/#primaryimage\",\"url\":\"https:\/\/astrologelvan.com\/magaza\/wp-content\/uploads\/2024\/02\/Pembe-Turmalin-Kadin-bileklik-1.jpg\",\"contentUrl\":\"https:\/\/astrologelvan.com\/magaza\/wp-content\/uploads\/2024\/02\/Pembe-Turmalin-Kadin-bileklik-1.jpg\",\"width\":1080,\"height\":1080},{\"@type\":\"BreadcrumbList\",\"@id\":\"https:\/\/astrologelvan.com\/magaza\/urun\/pembe-turmalin-1171-charmli-dogal-tas-kadin-bileklik\/#breadcrumb\",\"itemListElement\":[{\"@type\":\"ListItem\",\"position\":1,\"name\":\"Anasayfa\",\"item\":\"https:\/\/astrologelvan.com\/magaza\/\"},{\"@type\":\"ListItem\",\"position\":2,\"name\":\"Ma\u011faza\",\"item\":\"https:\/\/astrologelvan.com\/magaza\/magaza\/\"},{\"@type\":\"ListItem\",\"position\":3,\"name\":\"PEMBE TURMAL\u0130N 1171 CHARMLI DO\u011eAL TA\u015e KADIN B\u0130LEKL\u0130K\"}]},{\"@type\":\"WebSite\",\"@id\":\"https:\/\/astrologelvan.com\/magaza\/#website\",\"url\":\"https:\/\/astrologelvan.com\/magaza\/\",\"name\":\"Astrolog Elvan\",\"description\":\"\",\"potentialAction\":[{\"@type\":\"SearchAction\",\"target\":{\"@type\":\"EntryPoint\",\"urlTemplate\":\"https:\/\/astrologelvan.com\/magaza\/?s={search_term_string}\"},\"query-input\":{\"@type\":\"PropertyValueSpecification\",\"valueRequired\":true,\"valueName\":\"search_term_string\"}}],\"inLanguage\":\"tr\"}]}<\/script>\n<!-- \/ Yoast SEO plugin. -->","yoast_head_json":{"title":"PEMBE TURMAL\u0130N 1171 CHARMLI DO\u011eAL TA\u015e KADIN B\u0130LEKL\u0130K - Astrolog Elvan","robots":{"index":"index","follow":"follow","max-snippet":"max-snippet:-1","max-image-preview":"max-image-preview:large","max-video-preview":"max-video-preview:-1"},"canonical":"https:\/\/astrologelvan.com\/magaza\/urun\/pembe-turmalin-1171-charmli-dogal-tas-kadin-bileklik\/","og_locale":"tr_TR","og_type":"article","og_title":"PEMBE TURMAL\u0130N 1171 CHARMLI DO\u011eAL TA\u015e KADIN B\u0130LEKL\u0130K - Astrolog Elvan","og_description":"Pembe turmalin, korkular\u0131yla y\u00fczle\u015fmekte zorluk \u00e7ekenler, panik atak ge\u00e7irenler ve i\u00e7sel kaos duygular\u0131n\u0131 yat\u0131\u015ft\u0131rmaya \u00e7al\u0131\u015fanlar i\u00e7in yard\u0131mc\u0131d\u0131r. Pembe turmalin, daha iyi dinlemeyi ve anlamay\u0131 te\u015fvik\u00a0eder. Sonsuz dostluk kadar ko\u015fulsuz sevgi erdemini de ta\u015f\u0131d\u0131\u011f\u0131na inan\u0131l\u0131r.\u00a0Kalp \u00e7akras\u0131na, y\u00fcksek kalp \u00e7akras\u0131na ve bo\u011faz \u00e7akras\u0131na ba\u011flan\u0131r.  1171 \u2013 925 Ayar G\u00fcm\u00fc\u015f Charm ise Nazar Koruma Sekans\u0131 anlam\u0131na gelir. G\u00fcn i\u00e7erisinde s\u00fcrekli tekrar edebilirsiniz. Birbiryedibir diye okunur.","og_url":"https:\/\/astrologelvan.com\/magaza\/urun\/pembe-turmalin-1171-charmli-dogal-tas-kadin-bileklik\/","og_site_name":"Astrolog Elvan","article_modified_time":"2026-03-30T06:38:41+00:00","og_image":[{"width":1080,"height":1080,"url":"https:\/\/astrologelvan.com\/magaza\/wp-content\/uploads\/2024\/02\/Pembe-Turmalin-Kadin-bileklik-1.jpg","type":"image\/jpeg"}],"twitter_card":"summary_large_image","twitter_misc":{"Tahmini okuma s\u00fcresi":"1 dakika"},"schema":{"@context":"https:\/\/schema.org","@graph":[{"@type":["WebPage","ItemPage"],"@id":"https:\/\/astrologelvan.com\/magaza\/urun\/pembe-turmalin-1171-charmli-dogal-tas-kadin-bileklik\/","url":"https:\/\/astrologelvan.com\/magaza\/urun\/pembe-turmalin-1171-charmli-dogal-tas-kadin-bileklik\/","name":"PEMBE TURMAL\u0130N 1171 CHARMLI DO\u011eAL TA\u015e KADIN B\u0130LEKL\u0130K - Astrolog Elvan","isPartOf":{"@id":"https:\/\/astrologelvan.com\/magaza\/#website"},"primaryImageOfPage":{"@id":"https:\/\/astrologelvan.com\/magaza\/urun\/pembe-turmalin-1171-charmli-dogal-tas-kadin-bileklik\/#primaryimage"},"image":{"@id":"https:\/\/astrologelvan.com\/magaza\/urun\/pembe-turmalin-1171-charmli-dogal-tas-kadin-bileklik\/#primaryimage"},"thumbnailUrl":"https:\/\/astrologelvan.com\/magaza\/wp-content\/uploads\/2024\/02\/Pembe-Turmalin-Kadin-bileklik-1.jpg","datePublished":"2024-02-28T00:09:47+00:00","dateModified":"2026-03-30T06:38:41+00:00","breadcrumb":{"@id":"https:\/\/astrologelvan.com\/magaza\/urun\/pembe-turmalin-1171-charmli-dogal-tas-kadin-bileklik\/#breadcrumb"},"inLanguage":"tr","potentialAction":[{"@type":"ReadAction","target":["https:\/\/astrologelvan.com\/magaza\/urun\/pembe-turmalin-1171-charmli-dogal-tas-kadin-bileklik\/"]}]},{"@type":"ImageObject","inLanguage":"tr","@id":"https:\/\/astrologelvan.com\/magaza\/urun\/pembe-turmalin-1171-charmli-dogal-tas-kadin-bileklik\/#primaryimage","url":"https:\/\/astrologelvan.com\/magaza\/wp-content\/uploads\/2024\/02\/Pembe-Turmalin-Kadin-bileklik-1.jpg","contentUrl":"https:\/\/astrologelvan.com\/magaza\/wp-content\/uploads\/2024\/02\/Pembe-Turmalin-Kadin-bileklik-1.jpg","width":1080,"height":1080},{"@type":"BreadcrumbList","@id":"https:\/\/astrologelvan.com\/magaza\/urun\/pembe-turmalin-1171-charmli-dogal-tas-kadin-bileklik\/#breadcrumb","itemListElement":[{"@type":"ListItem","position":1,"name":"Anasayfa","item":"https:\/\/astrologelvan.com\/magaza\/"},{"@type":"ListItem","position":2,"name":"Ma\u011faza","item":"https:\/\/astrologelvan.com\/magaza\/magaza\/"},{"@type":"ListItem","position":3,"name":"PEMBE TURMAL\u0130N 1171 CHARMLI DO\u011eAL TA\u015e KADIN B\u0130LEKL\u0130K"}]},{"@type":"WebSite","@id":"https:\/\/astrologelvan.com\/magaza\/#website","url":"https:\/\/astrologelvan.com\/magaza\/","name":"Astrolog Elvan","description":"","potentialAction":[{"@type":"SearchAction","target":{"@type":"EntryPoint","urlTemplate":"https:\/\/astrologelvan.com\/magaza\/?s={search_term_string}"},"query-input":{"@type":"PropertyValueSpecification","valueRequired":true,"valueName":"search_term_string"}}],"inLanguage":"tr"}]}},"_links":{"self":[{"href":"https:\/\/astrologelvan.com\/magaza\/wp-json\/wp\/v2\/product\/1026","targetHints":{"allow":["GET"]}}],"collection":[{"href":"https:\/\/astrologelvan.com\/magaza\/wp-json\/wp\/v2\/product"}],"about":[{"href":"https:\/\/astrologelvan.com\/magaza\/wp-json\/wp\/v2\/types\/product"}],"replies":[{"embeddable":true,"href":"https:\/\/astrologelvan.com\/magaza\/wp-json\/wp\/v2\/comments?post=1026"}],"wp:featuredmedia":[{"embeddable":true,"href":"https:\/\/astrologelvan.com\/magaza\/wp-json\/wp\/v2\/media\/1087"}],"wp:attachment":[{"href":"https:\/\/astrologelvan.com\/magaza\/wp-json\/wp\/v2\/media?parent=1026"}],"wp:term":[{"taxonomy":"product_brand","embeddable":true,"href":"https:\/\/astrologelvan.com\/magaza\/wp-json\/wp\/v2\/product_brand?post=1026"},{"taxonomy":"product_cat","embeddable":true,"href":"https:\/\/astrologelvan.com\/magaza\/wp-json\/wp\/v2\/product_cat?post=1026"},{"taxonomy":"product_tag","embeddable":true,"href":"https:\/\/astrologelvan.com\/magaza\/wp-json\/wp\/v2\/product_tag?post=1026"}],"curies":[{"name":"wp","href":"https:\/\/api.w.org\/{rel}","templated":true}]}}