{"id":102017,"date":"2025-09-05T16:14:04","date_gmt":"2025-09-05T13:14:04","guid":{"rendered":"https:\/\/astrologelvan.com\/magaza\/?post_type=product&#038;p=102017"},"modified":"2025-10-06T08:15:47","modified_gmt":"2025-10-06T05:15:47","slug":"lord-hanuman-kolye","status":"publish","type":"product","link":"https:\/\/astrologelvan.com\/magaza\/urun\/lord-hanuman-kolye\/","title":{"rendered":"Lord Hanuman Kolye"},"content":{"rendered":"","protected":false},"excerpt":{"rendered":"<p>Karma astrolojide Hanuman, koruma enerjisinin en g\u00fc\u00e7l\u00fc sembollerinden biridir. Maymun formuyla ili\u015fkilendirilmesi, onun do\u011frudan zeka, \u00e7eviklik ve sezgisel g\u00fc\u00e7le ba\u011flant\u0131l\u0131 arketipini temsil eder.<\/p>\n<p>Hanuman; negatif enerjilere kar\u015f\u0131 kalkan olur, ki\u015fiyi zorluklardan ustaca \u00e7\u0131kar\u0131r ve negatif enerjilere, karmasal y\u00fcklenmelere ve tutulmalara kar\u015f\u0131 g\u00fc\u00e7l\u00fc bir kalkan olu\u015fturur. Bu sembol\u00fc \u00fczerinde ta\u015f\u0131yan ki\u015fi, evrensel koruma alt\u0131na girer.<\/p>\n<p><strong>925 Ayar G\u00fcm\u00fc\u015f.<\/strong><br \/>\n<strong>A\u011f\u0131rl\u0131\u011f\u0131 6.95gr<\/strong><\/p>\n","protected":false},"featured_media":102018,"comment_status":"open","ping_status":"closed","template":"","meta":[],"product_brand":[],"product_cat":[48],"product_tag":[],"class_list":{"0":"post-102017","1":"product","2":"type-product","3":"status-publish","4":"has-post-thumbnail","6":"product_cat-kolyeler","8":"first","9":"instock","10":"purchasable","11":"product-type-simple"},"yoast_head":"<!-- This site is optimized with the Yoast SEO plugin v27.3 - https:\/\/yoast.com\/product\/yoast-seo-wordpress\/ -->\n<title>Lord Hanuman Kolye - Astrolog Elvan<\/title>\n<meta name=\"robots\" content=\"index, follow, max-snippet:-1, max-image-preview:large, max-video-preview:-1\" \/>\n<link rel=\"canonical\" href=\"https:\/\/astrologelvan.com\/magaza\/urun\/lord-hanuman-kolye\/\" \/>\n<meta property=\"og:locale\" content=\"tr_TR\" \/>\n<meta property=\"og:type\" content=\"article\" \/>\n<meta property=\"og:title\" content=\"Lord Hanuman Kolye - Astrolog Elvan\" \/>\n<meta property=\"og:description\" content=\"Karma astrolojide Hanuman, koruma enerjisinin en g\u00fc\u00e7l\u00fc sembollerinden biridir. Maymun formuyla ili\u015fkilendirilmesi, onun do\u011frudan zeka, \u00e7eviklik ve sezgisel g\u00fc\u00e7le ba\u011flant\u0131l\u0131 arketipini temsil eder.  Hanuman; negatif enerjilere kar\u015f\u0131 kalkan olur, ki\u015fiyi zorluklardan ustaca \u00e7\u0131kar\u0131r ve negatif enerjilere, karmasal y\u00fcklenmelere ve tutulmalara kar\u015f\u0131 g\u00fc\u00e7l\u00fc bir kalkan olu\u015fturur. Bu sembol\u00fc \u00fczerinde ta\u015f\u0131yan ki\u015fi, evrensel koruma alt\u0131na girer.  925 Ayar G\u00fcm\u00fc\u015f. A\u011f\u0131rl\u0131\u011f\u0131 6.95gr\" \/>\n<meta property=\"og:url\" content=\"https:\/\/astrologelvan.com\/magaza\/urun\/lord-hanuman-kolye\/\" \/>\n<meta property=\"og:site_name\" content=\"Astrolog Elvan\" \/>\n<meta property=\"article:modified_time\" content=\"2025-10-06T05:15:47+00:00\" \/>\n<meta property=\"og:image\" content=\"https:\/\/astrologelvan.com\/magaza\/wp-content\/uploads\/2025\/09\/9-1-kopya-3000x4000.webp\" \/>\n\t<meta property=\"og:image:width\" content=\"3000\" \/>\n\t<meta property=\"og:image:height\" content=\"4000\" \/>\n\t<meta property=\"og:image:type\" content=\"image\/webp\" \/>\n<meta name=\"twitter:card\" content=\"summary_large_image\" \/>\n<meta name=\"twitter:label1\" content=\"Tahmini okuma s\u00fcresi\" \/>\n\t<meta name=\"twitter:data1\" content=\"1 dakika\" \/>\n<script type=\"application\/ld+json\" class=\"yoast-schema-graph\">{\"@context\":\"https:\\\/\\\/schema.org\",\"@graph\":[{\"@type\":[\"WebPage\",\"ItemPage\"],\"@id\":\"https:\\\/\\\/astrologelvan.com\\\/magaza\\\/urun\\\/lord-hanuman-kolye\\\/\",\"url\":\"https:\\\/\\\/astrologelvan.com\\\/magaza\\\/urun\\\/lord-hanuman-kolye\\\/\",\"name\":\"Lord Hanuman Kolye - Astrolog Elvan\",\"isPartOf\":{\"@id\":\"https:\\\/\\\/astrologelvan.com\\\/magaza\\\/#website\"},\"primaryImageOfPage\":{\"@id\":\"https:\\\/\\\/astrologelvan.com\\\/magaza\\\/urun\\\/lord-hanuman-kolye\\\/#primaryimage\"},\"image\":{\"@id\":\"https:\\\/\\\/astrologelvan.com\\\/magaza\\\/urun\\\/lord-hanuman-kolye\\\/#primaryimage\"},\"thumbnailUrl\":\"https:\\\/\\\/astrologelvan.com\\\/magaza\\\/wp-content\\\/uploads\\\/2025\\\/09\\\/9-1-kopya.webp\",\"datePublished\":\"2025-09-05T13:14:04+00:00\",\"dateModified\":\"2025-10-06T05:15:47+00:00\",\"breadcrumb\":{\"@id\":\"https:\\\/\\\/astrologelvan.com\\\/magaza\\\/urun\\\/lord-hanuman-kolye\\\/#breadcrumb\"},\"inLanguage\":\"tr\",\"potentialAction\":[{\"@type\":\"ReadAction\",\"target\":[\"https:\\\/\\\/astrologelvan.com\\\/magaza\\\/urun\\\/lord-hanuman-kolye\\\/\"]}]},{\"@type\":\"ImageObject\",\"inLanguage\":\"tr\",\"@id\":\"https:\\\/\\\/astrologelvan.com\\\/magaza\\\/urun\\\/lord-hanuman-kolye\\\/#primaryimage\",\"url\":\"https:\\\/\\\/astrologelvan.com\\\/magaza\\\/wp-content\\\/uploads\\\/2025\\\/09\\\/9-1-kopya.webp\",\"contentUrl\":\"https:\\\/\\\/astrologelvan.com\\\/magaza\\\/wp-content\\\/uploads\\\/2025\\\/09\\\/9-1-kopya.webp\",\"width\":6336,\"height\":8448},{\"@type\":\"BreadcrumbList\",\"@id\":\"https:\\\/\\\/astrologelvan.com\\\/magaza\\\/urun\\\/lord-hanuman-kolye\\\/#breadcrumb\",\"itemListElement\":[{\"@type\":\"ListItem\",\"position\":1,\"name\":\"Anasayfa\",\"item\":\"https:\\\/\\\/astrologelvan.com\\\/magaza\\\/\"},{\"@type\":\"ListItem\",\"position\":2,\"name\":\"Ma\u011faza\",\"item\":\"https:\\\/\\\/astrologelvan.com\\\/magaza\\\/magaza\\\/\"},{\"@type\":\"ListItem\",\"position\":3,\"name\":\"Lord Hanuman Kolye\"}]},{\"@type\":\"WebSite\",\"@id\":\"https:\\\/\\\/astrologelvan.com\\\/magaza\\\/#website\",\"url\":\"https:\\\/\\\/astrologelvan.com\\\/magaza\\\/\",\"name\":\"Astrolog Elvan\",\"description\":\"\",\"potentialAction\":[{\"@type\":\"SearchAction\",\"target\":{\"@type\":\"EntryPoint\",\"urlTemplate\":\"https:\\\/\\\/astrologelvan.com\\\/magaza\\\/?s={search_term_string}\"},\"query-input\":{\"@type\":\"PropertyValueSpecification\",\"valueRequired\":true,\"valueName\":\"search_term_string\"}}],\"inLanguage\":\"tr\"}]}<\/script>\n<!-- \/ Yoast SEO plugin. -->","yoast_head_json":{"title":"Lord Hanuman Kolye - Astrolog Elvan","robots":{"index":"index","follow":"follow","max-snippet":"max-snippet:-1","max-image-preview":"max-image-preview:large","max-video-preview":"max-video-preview:-1"},"canonical":"https:\/\/astrologelvan.com\/magaza\/urun\/lord-hanuman-kolye\/","og_locale":"tr_TR","og_type":"article","og_title":"Lord Hanuman Kolye - Astrolog Elvan","og_description":"Karma astrolojide Hanuman, koruma enerjisinin en g\u00fc\u00e7l\u00fc sembollerinden biridir. Maymun formuyla ili\u015fkilendirilmesi, onun do\u011frudan zeka, \u00e7eviklik ve sezgisel g\u00fc\u00e7le ba\u011flant\u0131l\u0131 arketipini temsil eder.  Hanuman; negatif enerjilere kar\u015f\u0131 kalkan olur, ki\u015fiyi zorluklardan ustaca \u00e7\u0131kar\u0131r ve negatif enerjilere, karmasal y\u00fcklenmelere ve tutulmalara kar\u015f\u0131 g\u00fc\u00e7l\u00fc bir kalkan olu\u015fturur. Bu sembol\u00fc \u00fczerinde ta\u015f\u0131yan ki\u015fi, evrensel koruma alt\u0131na girer.  925 Ayar G\u00fcm\u00fc\u015f. A\u011f\u0131rl\u0131\u011f\u0131 6.95gr","og_url":"https:\/\/astrologelvan.com\/magaza\/urun\/lord-hanuman-kolye\/","og_site_name":"Astrolog Elvan","article_modified_time":"2025-10-06T05:15:47+00:00","og_image":[{"width":3000,"height":4000,"url":"https:\/\/astrologelvan.com\/magaza\/wp-content\/uploads\/2025\/09\/9-1-kopya-3000x4000.webp","type":"image\/webp"}],"twitter_card":"summary_large_image","twitter_misc":{"Tahmini okuma s\u00fcresi":"1 dakika"},"schema":{"@context":"https:\/\/schema.org","@graph":[{"@type":["WebPage","ItemPage"],"@id":"https:\/\/astrologelvan.com\/magaza\/urun\/lord-hanuman-kolye\/","url":"https:\/\/astrologelvan.com\/magaza\/urun\/lord-hanuman-kolye\/","name":"Lord Hanuman Kolye - Astrolog Elvan","isPartOf":{"@id":"https:\/\/astrologelvan.com\/magaza\/#website"},"primaryImageOfPage":{"@id":"https:\/\/astrologelvan.com\/magaza\/urun\/lord-hanuman-kolye\/#primaryimage"},"image":{"@id":"https:\/\/astrologelvan.com\/magaza\/urun\/lord-hanuman-kolye\/#primaryimage"},"thumbnailUrl":"https:\/\/astrologelvan.com\/magaza\/wp-content\/uploads\/2025\/09\/9-1-kopya.webp","datePublished":"2025-09-05T13:14:04+00:00","dateModified":"2025-10-06T05:15:47+00:00","breadcrumb":{"@id":"https:\/\/astrologelvan.com\/magaza\/urun\/lord-hanuman-kolye\/#breadcrumb"},"inLanguage":"tr","potentialAction":[{"@type":"ReadAction","target":["https:\/\/astrologelvan.com\/magaza\/urun\/lord-hanuman-kolye\/"]}]},{"@type":"ImageObject","inLanguage":"tr","@id":"https:\/\/astrologelvan.com\/magaza\/urun\/lord-hanuman-kolye\/#primaryimage","url":"https:\/\/astrologelvan.com\/magaza\/wp-content\/uploads\/2025\/09\/9-1-kopya.webp","contentUrl":"https:\/\/astrologelvan.com\/magaza\/wp-content\/uploads\/2025\/09\/9-1-kopya.webp","width":6336,"height":8448},{"@type":"BreadcrumbList","@id":"https:\/\/astrologelvan.com\/magaza\/urun\/lord-hanuman-kolye\/#breadcrumb","itemListElement":[{"@type":"ListItem","position":1,"name":"Anasayfa","item":"https:\/\/astrologelvan.com\/magaza\/"},{"@type":"ListItem","position":2,"name":"Ma\u011faza","item":"https:\/\/astrologelvan.com\/magaza\/magaza\/"},{"@type":"ListItem","position":3,"name":"Lord Hanuman Kolye"}]},{"@type":"WebSite","@id":"https:\/\/astrologelvan.com\/magaza\/#website","url":"https:\/\/astrologelvan.com\/magaza\/","name":"Astrolog Elvan","description":"","potentialAction":[{"@type":"SearchAction","target":{"@type":"EntryPoint","urlTemplate":"https:\/\/astrologelvan.com\/magaza\/?s={search_term_string}"},"query-input":{"@type":"PropertyValueSpecification","valueRequired":true,"valueName":"search_term_string"}}],"inLanguage":"tr"}]}},"_links":{"self":[{"href":"https:\/\/astrologelvan.com\/magaza\/wp-json\/wp\/v2\/product\/102017","targetHints":{"allow":["GET"]}}],"collection":[{"href":"https:\/\/astrologelvan.com\/magaza\/wp-json\/wp\/v2\/product"}],"about":[{"href":"https:\/\/astrologelvan.com\/magaza\/wp-json\/wp\/v2\/types\/product"}],"replies":[{"embeddable":true,"href":"https:\/\/astrologelvan.com\/magaza\/wp-json\/wp\/v2\/comments?post=102017"}],"wp:featuredmedia":[{"embeddable":true,"href":"https:\/\/astrologelvan.com\/magaza\/wp-json\/wp\/v2\/media\/102018"}],"wp:attachment":[{"href":"https:\/\/astrologelvan.com\/magaza\/wp-json\/wp\/v2\/media?parent=102017"}],"wp:term":[{"taxonomy":"product_brand","embeddable":true,"href":"https:\/\/astrologelvan.com\/magaza\/wp-json\/wp\/v2\/product_brand?post=102017"},{"taxonomy":"product_cat","embeddable":true,"href":"https:\/\/astrologelvan.com\/magaza\/wp-json\/wp\/v2\/product_cat?post=102017"},{"taxonomy":"product_tag","embeddable":true,"href":"https:\/\/astrologelvan.com\/magaza\/wp-json\/wp\/v2\/product_tag?post=102017"}],"curies":[{"name":"wp","href":"https:\/\/api.w.org\/{rel}","templated":true}]}}