{"id":101996,"date":"2025-09-05T14:38:46","date_gmt":"2025-09-05T11:38:46","guid":{"rendered":"https:\/\/astrologelvan.com\/magaza\/?post_type=product&#038;p=101996"},"modified":"2026-04-02T16:04:54","modified_gmt":"2026-04-02T13:04:54","slug":"venus-mantra-gold-rose-edition","status":"publish","type":"product","link":"https:\/\/astrologelvan.com\/magaza\/urun\/venus-mantra-gold-rose-edition\/","title":{"rendered":"Ven\u00fcs Mantra Gold Rose Edition"},"content":{"rendered":"","protected":false},"excerpt":{"rendered":"<p>Ven\u00fcs, astrolojide a\u015fk, sevgi, fl\u00f6rt, refah ve bollu\u011fun gezegenidir.<br \/>\nY\u00fczy\u0131llard\u0131r Hindistan\u2019da kullan\u0131lan en g\u00fc\u00e7l\u00fc a\u015fk mantralar\u0131ndan biri \u015fimdi rose gold kaplama ve mine i\u015flemeli, zarif tasar\u0131m\u0131yla sizlerle bulu\u015fuyor!<\/p>\n<p>Tek yapman\u0131z gereken, bu \u00f6zel Ven\u00fcs A\u015fk Mantra Kolyesi\u2019ni 30 g\u00fcn boyunca \u00fczerinizde ta\u015f\u0131mak.<br \/>\nA\u015fk\u0131 hayat\u0131n\u0131za \u00e7ekmek, sevilmeyi deneyimlemek, lay\u0131k oldu\u011funuz ili\u015fkileri ya\u015famak, mevcut ili\u015fkinizde denge sa\u011flamak ve refah frekans\u0131n\u0131z\u0131 y\u00fckseltmek i\u00e7in bu kolyeyi bir niyet arac\u0131 olarak kullanabilirsiniz.<\/p>\n<p>Enerjisini d\u00fczenli kulland\u0131\u011f\u0131n\u0131zda, d\u00f6n\u00fc\u015f\u00fcm\u00fcn etkisini siz de hissedeceksiniz.<\/p>\n","protected":false},"featured_media":102001,"comment_status":"open","ping_status":"closed","template":"","meta":[],"product_brand":[596],"product_cat":[255,48,8106],"product_tag":[],"class_list":{"0":"post-101996","1":"product","2":"type-product","3":"status-publish","4":"has-post-thumbnail","6":"product_brand-astrolog-elvan","7":"product_cat-gumus-kolye","8":"product_cat-kolyeler","9":"product_cat--gumus-kolyeler","11":"first","12":"instock","13":"purchasable","14":"product-type-simple"},"yoast_head":"<!-- This site is optimized with the Yoast SEO plugin v27.3 - https:\/\/yoast.com\/product\/yoast-seo-wordpress\/ -->\n<title>Ven\u00fcs Mantra Gold Rose Edition - Astrolog Elvan<\/title>\n<meta name=\"robots\" content=\"index, follow, max-snippet:-1, max-image-preview:large, max-video-preview:-1\" \/>\n<link rel=\"canonical\" href=\"https:\/\/astrologelvan.com\/magaza\/urun\/venus-mantra-gold-rose-edition\/\" \/>\n<meta property=\"og:locale\" content=\"tr_TR\" \/>\n<meta property=\"og:type\" content=\"article\" \/>\n<meta property=\"og:title\" content=\"Ven\u00fcs Mantra Gold Rose Edition - Astrolog Elvan\" \/>\n<meta property=\"og:description\" content=\"Ven\u00fcs, astrolojide a\u015fk, sevgi, fl\u00f6rt, refah ve bollu\u011fun gezegenidir. Y\u00fczy\u0131llard\u0131r Hindistan\u2019da kullan\u0131lan en g\u00fc\u00e7l\u00fc a\u015fk mantralar\u0131ndan biri \u015fimdi rose gold kaplama ve mine i\u015flemeli, zarif tasar\u0131m\u0131yla sizlerle bulu\u015fuyor!  Tek yapman\u0131z gereken, bu \u00f6zel Ven\u00fcs A\u015fk Mantra Kolyesi\u2019ni 30 g\u00fcn boyunca \u00fczerinizde ta\u015f\u0131mak. A\u015fk\u0131 hayat\u0131n\u0131za \u00e7ekmek, sevilmeyi deneyimlemek, lay\u0131k oldu\u011funuz ili\u015fkileri ya\u015famak, mevcut ili\u015fkinizde denge sa\u011flamak ve refah frekans\u0131n\u0131z\u0131 y\u00fckseltmek i\u00e7in bu kolyeyi bir niyet arac\u0131 olarak kullanabilirsiniz.  Enerjisini d\u00fczenli kulland\u0131\u011f\u0131n\u0131zda, d\u00f6n\u00fc\u015f\u00fcm\u00fcn etkisini siz de hissedeceksiniz.\" \/>\n<meta property=\"og:url\" content=\"https:\/\/astrologelvan.com\/magaza\/urun\/venus-mantra-gold-rose-edition\/\" \/>\n<meta property=\"og:site_name\" content=\"Astrolog Elvan\" \/>\n<meta property=\"article:modified_time\" content=\"2026-04-02T13:04:54+00:00\" \/>\n<meta property=\"og:image\" content=\"https:\/\/astrologelvan.com\/magaza\/wp-content\/uploads\/2025\/09\/IMG_9632-kopya-768x1024.webp\" \/>\n\t<meta property=\"og:image:width\" content=\"768\" \/>\n\t<meta property=\"og:image:height\" content=\"1024\" \/>\n\t<meta property=\"og:image:type\" content=\"image\/webp\" \/>\n<meta name=\"twitter:card\" content=\"summary_large_image\" \/>\n<meta name=\"twitter:label1\" content=\"Tahmini okuma s\u00fcresi\" \/>\n\t<meta name=\"twitter:data1\" content=\"1 dakika\" \/>\n<script type=\"application\/ld+json\" class=\"yoast-schema-graph\">{\"@context\":\"https:\\\/\\\/schema.org\",\"@graph\":[{\"@type\":[\"WebPage\",\"ItemPage\"],\"@id\":\"https:\\\/\\\/astrologelvan.com\\\/magaza\\\/urun\\\/venus-mantra-gold-rose-edition\\\/\",\"url\":\"https:\\\/\\\/astrologelvan.com\\\/magaza\\\/urun\\\/venus-mantra-gold-rose-edition\\\/\",\"name\":\"Ven\u00fcs Mantra Gold Rose Edition - Astrolog Elvan\",\"isPartOf\":{\"@id\":\"https:\\\/\\\/astrologelvan.com\\\/magaza\\\/#website\"},\"primaryImageOfPage\":{\"@id\":\"https:\\\/\\\/astrologelvan.com\\\/magaza\\\/urun\\\/venus-mantra-gold-rose-edition\\\/#primaryimage\"},\"image\":{\"@id\":\"https:\\\/\\\/astrologelvan.com\\\/magaza\\\/urun\\\/venus-mantra-gold-rose-edition\\\/#primaryimage\"},\"thumbnailUrl\":\"https:\\\/\\\/astrologelvan.com\\\/magaza\\\/wp-content\\\/uploads\\\/2025\\\/09\\\/IMG_9632-kopya.webp\",\"datePublished\":\"2025-09-05T11:38:46+00:00\",\"dateModified\":\"2026-04-02T13:04:54+00:00\",\"breadcrumb\":{\"@id\":\"https:\\\/\\\/astrologelvan.com\\\/magaza\\\/urun\\\/venus-mantra-gold-rose-edition\\\/#breadcrumb\"},\"inLanguage\":\"tr\",\"potentialAction\":[{\"@type\":\"ReadAction\",\"target\":[\"https:\\\/\\\/astrologelvan.com\\\/magaza\\\/urun\\\/venus-mantra-gold-rose-edition\\\/\"]}]},{\"@type\":\"ImageObject\",\"inLanguage\":\"tr\",\"@id\":\"https:\\\/\\\/astrologelvan.com\\\/magaza\\\/urun\\\/venus-mantra-gold-rose-edition\\\/#primaryimage\",\"url\":\"https:\\\/\\\/astrologelvan.com\\\/magaza\\\/wp-content\\\/uploads\\\/2025\\\/09\\\/IMG_9632-kopya.webp\",\"contentUrl\":\"https:\\\/\\\/astrologelvan.com\\\/magaza\\\/wp-content\\\/uploads\\\/2025\\\/09\\\/IMG_9632-kopya.webp\",\"width\":3024,\"height\":4032},{\"@type\":\"BreadcrumbList\",\"@id\":\"https:\\\/\\\/astrologelvan.com\\\/magaza\\\/urun\\\/venus-mantra-gold-rose-edition\\\/#breadcrumb\",\"itemListElement\":[{\"@type\":\"ListItem\",\"position\":1,\"name\":\"Anasayfa\",\"item\":\"https:\\\/\\\/astrologelvan.com\\\/magaza\\\/\"},{\"@type\":\"ListItem\",\"position\":2,\"name\":\"Ma\u011faza\",\"item\":\"https:\\\/\\\/astrologelvan.com\\\/magaza\\\/magaza\\\/\"},{\"@type\":\"ListItem\",\"position\":3,\"name\":\"Ven\u00fcs Mantra Gold Rose Edition\"}]},{\"@type\":\"WebSite\",\"@id\":\"https:\\\/\\\/astrologelvan.com\\\/magaza\\\/#website\",\"url\":\"https:\\\/\\\/astrologelvan.com\\\/magaza\\\/\",\"name\":\"Astrolog Elvan\",\"description\":\"\",\"potentialAction\":[{\"@type\":\"SearchAction\",\"target\":{\"@type\":\"EntryPoint\",\"urlTemplate\":\"https:\\\/\\\/astrologelvan.com\\\/magaza\\\/?s={search_term_string}\"},\"query-input\":{\"@type\":\"PropertyValueSpecification\",\"valueRequired\":true,\"valueName\":\"search_term_string\"}}],\"inLanguage\":\"tr\"}]}<\/script>\n<!-- \/ Yoast SEO plugin. -->","yoast_head_json":{"title":"Ven\u00fcs Mantra Gold Rose Edition - Astrolog Elvan","robots":{"index":"index","follow":"follow","max-snippet":"max-snippet:-1","max-image-preview":"max-image-preview:large","max-video-preview":"max-video-preview:-1"},"canonical":"https:\/\/astrologelvan.com\/magaza\/urun\/venus-mantra-gold-rose-edition\/","og_locale":"tr_TR","og_type":"article","og_title":"Ven\u00fcs Mantra Gold Rose Edition - Astrolog Elvan","og_description":"Ven\u00fcs, astrolojide a\u015fk, sevgi, fl\u00f6rt, refah ve bollu\u011fun gezegenidir. Y\u00fczy\u0131llard\u0131r Hindistan\u2019da kullan\u0131lan en g\u00fc\u00e7l\u00fc a\u015fk mantralar\u0131ndan biri \u015fimdi rose gold kaplama ve mine i\u015flemeli, zarif tasar\u0131m\u0131yla sizlerle bulu\u015fuyor!  Tek yapman\u0131z gereken, bu \u00f6zel Ven\u00fcs A\u015fk Mantra Kolyesi\u2019ni 30 g\u00fcn boyunca \u00fczerinizde ta\u015f\u0131mak. A\u015fk\u0131 hayat\u0131n\u0131za \u00e7ekmek, sevilmeyi deneyimlemek, lay\u0131k oldu\u011funuz ili\u015fkileri ya\u015famak, mevcut ili\u015fkinizde denge sa\u011flamak ve refah frekans\u0131n\u0131z\u0131 y\u00fckseltmek i\u00e7in bu kolyeyi bir niyet arac\u0131 olarak kullanabilirsiniz.  Enerjisini d\u00fczenli kulland\u0131\u011f\u0131n\u0131zda, d\u00f6n\u00fc\u015f\u00fcm\u00fcn etkisini siz de hissedeceksiniz.","og_url":"https:\/\/astrologelvan.com\/magaza\/urun\/venus-mantra-gold-rose-edition\/","og_site_name":"Astrolog Elvan","article_modified_time":"2026-04-02T13:04:54+00:00","og_image":[{"width":768,"height":1024,"url":"https:\/\/astrologelvan.com\/magaza\/wp-content\/uploads\/2025\/09\/IMG_9632-kopya-768x1024.webp","type":"image\/webp"}],"twitter_card":"summary_large_image","twitter_misc":{"Tahmini okuma s\u00fcresi":"1 dakika"},"schema":{"@context":"https:\/\/schema.org","@graph":[{"@type":["WebPage","ItemPage"],"@id":"https:\/\/astrologelvan.com\/magaza\/urun\/venus-mantra-gold-rose-edition\/","url":"https:\/\/astrologelvan.com\/magaza\/urun\/venus-mantra-gold-rose-edition\/","name":"Ven\u00fcs Mantra Gold Rose Edition - Astrolog Elvan","isPartOf":{"@id":"https:\/\/astrologelvan.com\/magaza\/#website"},"primaryImageOfPage":{"@id":"https:\/\/astrologelvan.com\/magaza\/urun\/venus-mantra-gold-rose-edition\/#primaryimage"},"image":{"@id":"https:\/\/astrologelvan.com\/magaza\/urun\/venus-mantra-gold-rose-edition\/#primaryimage"},"thumbnailUrl":"https:\/\/astrologelvan.com\/magaza\/wp-content\/uploads\/2025\/09\/IMG_9632-kopya.webp","datePublished":"2025-09-05T11:38:46+00:00","dateModified":"2026-04-02T13:04:54+00:00","breadcrumb":{"@id":"https:\/\/astrologelvan.com\/magaza\/urun\/venus-mantra-gold-rose-edition\/#breadcrumb"},"inLanguage":"tr","potentialAction":[{"@type":"ReadAction","target":["https:\/\/astrologelvan.com\/magaza\/urun\/venus-mantra-gold-rose-edition\/"]}]},{"@type":"ImageObject","inLanguage":"tr","@id":"https:\/\/astrologelvan.com\/magaza\/urun\/venus-mantra-gold-rose-edition\/#primaryimage","url":"https:\/\/astrologelvan.com\/magaza\/wp-content\/uploads\/2025\/09\/IMG_9632-kopya.webp","contentUrl":"https:\/\/astrologelvan.com\/magaza\/wp-content\/uploads\/2025\/09\/IMG_9632-kopya.webp","width":3024,"height":4032},{"@type":"BreadcrumbList","@id":"https:\/\/astrologelvan.com\/magaza\/urun\/venus-mantra-gold-rose-edition\/#breadcrumb","itemListElement":[{"@type":"ListItem","position":1,"name":"Anasayfa","item":"https:\/\/astrologelvan.com\/magaza\/"},{"@type":"ListItem","position":2,"name":"Ma\u011faza","item":"https:\/\/astrologelvan.com\/magaza\/magaza\/"},{"@type":"ListItem","position":3,"name":"Ven\u00fcs Mantra Gold Rose Edition"}]},{"@type":"WebSite","@id":"https:\/\/astrologelvan.com\/magaza\/#website","url":"https:\/\/astrologelvan.com\/magaza\/","name":"Astrolog Elvan","description":"","potentialAction":[{"@type":"SearchAction","target":{"@type":"EntryPoint","urlTemplate":"https:\/\/astrologelvan.com\/magaza\/?s={search_term_string}"},"query-input":{"@type":"PropertyValueSpecification","valueRequired":true,"valueName":"search_term_string"}}],"inLanguage":"tr"}]}},"_links":{"self":[{"href":"https:\/\/astrologelvan.com\/magaza\/wp-json\/wp\/v2\/product\/101996","targetHints":{"allow":["GET"]}}],"collection":[{"href":"https:\/\/astrologelvan.com\/magaza\/wp-json\/wp\/v2\/product"}],"about":[{"href":"https:\/\/astrologelvan.com\/magaza\/wp-json\/wp\/v2\/types\/product"}],"replies":[{"embeddable":true,"href":"https:\/\/astrologelvan.com\/magaza\/wp-json\/wp\/v2\/comments?post=101996"}],"wp:featuredmedia":[{"embeddable":true,"href":"https:\/\/astrologelvan.com\/magaza\/wp-json\/wp\/v2\/media\/102001"}],"wp:attachment":[{"href":"https:\/\/astrologelvan.com\/magaza\/wp-json\/wp\/v2\/media?parent=101996"}],"wp:term":[{"taxonomy":"product_brand","embeddable":true,"href":"https:\/\/astrologelvan.com\/magaza\/wp-json\/wp\/v2\/product_brand?post=101996"},{"taxonomy":"product_cat","embeddable":true,"href":"https:\/\/astrologelvan.com\/magaza\/wp-json\/wp\/v2\/product_cat?post=101996"},{"taxonomy":"product_tag","embeddable":true,"href":"https:\/\/astrologelvan.com\/magaza\/wp-json\/wp\/v2\/product_tag?post=101996"}],"curies":[{"name":"wp","href":"https:\/\/api.w.org\/{rel}","templated":true}]}}