{"id":101696,"date":"2025-09-03T17:42:50","date_gmt":"2025-09-03T14:42:50","guid":{"rendered":"https:\/\/astrologelvan.com\/magaza\/?post_type=product&#038;p=101696"},"modified":"2026-01-27T11:49:44","modified_gmt":"2026-01-27T08:49:44","slug":"ankh-sonsuz-ruhun-gucu-kupe","status":"publish","type":"product","link":"https:\/\/astrologelvan.com\/magaza\/urun\/ankh-sonsuz-ruhun-gucu-kupe\/","title":{"rendered":"Ankh Sonsuz Ruhun G\u00fcc\u00fc K\u00fcpe"},"content":{"rendered":"","protected":false},"excerpt":{"rendered":"<p>Kadim M\u0131s\u0131r\u2019\u0131n ya\u015fam anahtar\u0131 Ankh, ya\u015fam\u0131n s\u00fcreklili\u011fini ve ruhun \u00f6l\u00fcms\u00fczl\u00fc\u011f\u00fcn\u00fc simgeler.<br \/>\nDerin k\u00f6klerden g\u00f6\u011fe uzanan bu sembol, zaman\u0131n \u00f6tesinde bir yolculuk.<\/p>\n<p>Bu sembol evrenin sonsuz d\u00f6ng\u00fcs\u00fcn\u00fc kalbinize ta\u015f\u0131rken, size hat\u0131rlat\u0131r:<br \/>\nHer ba\u015flang\u0131\u00e7 bir devamd\u0131r, her an sonsuzlu\u011fun derinli\u011finde bir iz b\u0131rak\u0131r.<\/p>\n<p>\ud83c\udf0c Ankh ile ta\u015f\u0131d\u0131\u011f\u0131n\u0131z; ya\u015fam, sevgi ve sonsuz ruhun g\u00fcc\u00fcd\u00fcr.<\/p>\n<p><strong>5.5 gr \u00fcr\u00fcn a\u011f\u0131rl\u0131\u011f\u0131<br \/>\nG\u00fcm\u00fc\u015f<\/strong><\/p>\n","protected":false},"featured_media":101734,"comment_status":"open","ping_status":"closed","template":"","meta":[],"product_brand":[],"product_cat":[135],"product_tag":[],"class_list":{"0":"post-101696","1":"product","2":"type-product","3":"status-publish","4":"has-post-thumbnail","6":"product_cat-kupe","8":"first","9":"instock","10":"purchasable","11":"product-type-simple"},"yoast_head":"<!-- This site is optimized with the Yoast SEO plugin v27.3 - https:\/\/yoast.com\/product\/yoast-seo-wordpress\/ -->\n<title>Ankh Sonsuz Ruhun G\u00fcc\u00fc K\u00fcpe - Astrolog Elvan<\/title>\n<meta name=\"robots\" content=\"index, follow, max-snippet:-1, max-image-preview:large, max-video-preview:-1\" \/>\n<link rel=\"canonical\" href=\"https:\/\/astrologelvan.com\/magaza\/urun\/ankh-sonsuz-ruhun-gucu-kupe\/\" \/>\n<meta property=\"og:locale\" content=\"tr_TR\" \/>\n<meta property=\"og:type\" content=\"article\" \/>\n<meta property=\"og:title\" content=\"Ankh Sonsuz Ruhun G\u00fcc\u00fc K\u00fcpe - Astrolog Elvan\" \/>\n<meta property=\"og:description\" content=\"Kadim M\u0131s\u0131r\u2019\u0131n ya\u015fam anahtar\u0131 Ankh, ya\u015fam\u0131n s\u00fcreklili\u011fini ve ruhun \u00f6l\u00fcms\u00fczl\u00fc\u011f\u00fcn\u00fc simgeler. Derin k\u00f6klerden g\u00f6\u011fe uzanan bu sembol, zaman\u0131n \u00f6tesinde bir yolculuk.  Bu sembol evrenin sonsuz d\u00f6ng\u00fcs\u00fcn\u00fc kalbinize ta\u015f\u0131rken, size hat\u0131rlat\u0131r: Her ba\u015flang\u0131\u00e7 bir devamd\u0131r, her an sonsuzlu\u011fun derinli\u011finde bir iz b\u0131rak\u0131r.  \ud83c\udf0c Ankh ile ta\u015f\u0131d\u0131\u011f\u0131n\u0131z; ya\u015fam, sevgi ve sonsuz ruhun g\u00fcc\u00fcd\u00fcr.  5.5 gr \u00fcr\u00fcn a\u011f\u0131rl\u0131\u011f\u0131 G\u00fcm\u00fc\u015f\" \/>\n<meta property=\"og:url\" content=\"https:\/\/astrologelvan.com\/magaza\/urun\/ankh-sonsuz-ruhun-gucu-kupe\/\" \/>\n<meta property=\"og:site_name\" content=\"Astrolog Elvan\" \/>\n<meta property=\"article:modified_time\" content=\"2026-01-27T08:49:44+00:00\" \/>\n<meta property=\"og:image\" content=\"https:\/\/astrologelvan.com\/magaza\/wp-content\/uploads\/2025\/09\/IMG_4355.jpeg\" \/>\n\t<meta property=\"og:image:width\" content=\"1020\" \/>\n\t<meta property=\"og:image:height\" content=\"1360\" \/>\n\t<meta property=\"og:image:type\" content=\"image\/jpeg\" \/>\n<meta name=\"twitter:card\" content=\"summary_large_image\" \/>\n<meta name=\"twitter:label1\" content=\"Tahmini okuma s\u00fcresi\" \/>\n\t<meta name=\"twitter:data1\" content=\"1 dakika\" \/>\n<script type=\"application\/ld+json\" class=\"yoast-schema-graph\">{\"@context\":\"https:\\\/\\\/schema.org\",\"@graph\":[{\"@type\":[\"WebPage\",\"ItemPage\"],\"@id\":\"https:\\\/\\\/astrologelvan.com\\\/magaza\\\/urun\\\/ankh-sonsuz-ruhun-gucu-kupe\\\/\",\"url\":\"https:\\\/\\\/astrologelvan.com\\\/magaza\\\/urun\\\/ankh-sonsuz-ruhun-gucu-kupe\\\/\",\"name\":\"Ankh Sonsuz Ruhun G\u00fcc\u00fc K\u00fcpe - Astrolog Elvan\",\"isPartOf\":{\"@id\":\"https:\\\/\\\/astrologelvan.com\\\/magaza\\\/#website\"},\"primaryImageOfPage\":{\"@id\":\"https:\\\/\\\/astrologelvan.com\\\/magaza\\\/urun\\\/ankh-sonsuz-ruhun-gucu-kupe\\\/#primaryimage\"},\"image\":{\"@id\":\"https:\\\/\\\/astrologelvan.com\\\/magaza\\\/urun\\\/ankh-sonsuz-ruhun-gucu-kupe\\\/#primaryimage\"},\"thumbnailUrl\":\"https:\\\/\\\/astrologelvan.com\\\/magaza\\\/wp-content\\\/uploads\\\/2025\\\/09\\\/IMG_4355.jpeg\",\"datePublished\":\"2025-09-03T14:42:50+00:00\",\"dateModified\":\"2026-01-27T08:49:44+00:00\",\"breadcrumb\":{\"@id\":\"https:\\\/\\\/astrologelvan.com\\\/magaza\\\/urun\\\/ankh-sonsuz-ruhun-gucu-kupe\\\/#breadcrumb\"},\"inLanguage\":\"tr\",\"potentialAction\":[{\"@type\":\"ReadAction\",\"target\":[\"https:\\\/\\\/astrologelvan.com\\\/magaza\\\/urun\\\/ankh-sonsuz-ruhun-gucu-kupe\\\/\"]}]},{\"@type\":\"ImageObject\",\"inLanguage\":\"tr\",\"@id\":\"https:\\\/\\\/astrologelvan.com\\\/magaza\\\/urun\\\/ankh-sonsuz-ruhun-gucu-kupe\\\/#primaryimage\",\"url\":\"https:\\\/\\\/astrologelvan.com\\\/magaza\\\/wp-content\\\/uploads\\\/2025\\\/09\\\/IMG_4355.jpeg\",\"contentUrl\":\"https:\\\/\\\/astrologelvan.com\\\/magaza\\\/wp-content\\\/uploads\\\/2025\\\/09\\\/IMG_4355.jpeg\",\"width\":1536,\"height\":2048,\"caption\":\"Edited in Tezza with: Vintage, Brightness, &amp; Contrast\"},{\"@type\":\"BreadcrumbList\",\"@id\":\"https:\\\/\\\/astrologelvan.com\\\/magaza\\\/urun\\\/ankh-sonsuz-ruhun-gucu-kupe\\\/#breadcrumb\",\"itemListElement\":[{\"@type\":\"ListItem\",\"position\":1,\"name\":\"Anasayfa\",\"item\":\"https:\\\/\\\/astrologelvan.com\\\/magaza\\\/\"},{\"@type\":\"ListItem\",\"position\":2,\"name\":\"Ma\u011faza\",\"item\":\"https:\\\/\\\/astrologelvan.com\\\/magaza\\\/magaza\\\/\"},{\"@type\":\"ListItem\",\"position\":3,\"name\":\"Ankh Sonsuz Ruhun G\u00fcc\u00fc K\u00fcpe\"}]},{\"@type\":\"WebSite\",\"@id\":\"https:\\\/\\\/astrologelvan.com\\\/magaza\\\/#website\",\"url\":\"https:\\\/\\\/astrologelvan.com\\\/magaza\\\/\",\"name\":\"Astrolog Elvan\",\"description\":\"\",\"potentialAction\":[{\"@type\":\"SearchAction\",\"target\":{\"@type\":\"EntryPoint\",\"urlTemplate\":\"https:\\\/\\\/astrologelvan.com\\\/magaza\\\/?s={search_term_string}\"},\"query-input\":{\"@type\":\"PropertyValueSpecification\",\"valueRequired\":true,\"valueName\":\"search_term_string\"}}],\"inLanguage\":\"tr\"}]}<\/script>\n<!-- \/ Yoast SEO plugin. -->","yoast_head_json":{"title":"Ankh Sonsuz Ruhun G\u00fcc\u00fc K\u00fcpe - Astrolog Elvan","robots":{"index":"index","follow":"follow","max-snippet":"max-snippet:-1","max-image-preview":"max-image-preview:large","max-video-preview":"max-video-preview:-1"},"canonical":"https:\/\/astrologelvan.com\/magaza\/urun\/ankh-sonsuz-ruhun-gucu-kupe\/","og_locale":"tr_TR","og_type":"article","og_title":"Ankh Sonsuz Ruhun G\u00fcc\u00fc K\u00fcpe - Astrolog Elvan","og_description":"Kadim M\u0131s\u0131r\u2019\u0131n ya\u015fam anahtar\u0131 Ankh, ya\u015fam\u0131n s\u00fcreklili\u011fini ve ruhun \u00f6l\u00fcms\u00fczl\u00fc\u011f\u00fcn\u00fc simgeler. Derin k\u00f6klerden g\u00f6\u011fe uzanan bu sembol, zaman\u0131n \u00f6tesinde bir yolculuk.  Bu sembol evrenin sonsuz d\u00f6ng\u00fcs\u00fcn\u00fc kalbinize ta\u015f\u0131rken, size hat\u0131rlat\u0131r: Her ba\u015flang\u0131\u00e7 bir devamd\u0131r, her an sonsuzlu\u011fun derinli\u011finde bir iz b\u0131rak\u0131r.  \ud83c\udf0c Ankh ile ta\u015f\u0131d\u0131\u011f\u0131n\u0131z; ya\u015fam, sevgi ve sonsuz ruhun g\u00fcc\u00fcd\u00fcr.  5.5 gr \u00fcr\u00fcn a\u011f\u0131rl\u0131\u011f\u0131 G\u00fcm\u00fc\u015f","og_url":"https:\/\/astrologelvan.com\/magaza\/urun\/ankh-sonsuz-ruhun-gucu-kupe\/","og_site_name":"Astrolog Elvan","article_modified_time":"2026-01-27T08:49:44+00:00","og_image":[{"url":"https:\/\/astrologelvan.com\/magaza\/wp-content\/uploads\/2025\/09\/IMG_4355.jpeg","width":1020,"height":1360,"type":"image\/jpeg"}],"twitter_card":"summary_large_image","twitter_misc":{"Tahmini okuma s\u00fcresi":"1 dakika"},"schema":{"@context":"https:\/\/schema.org","@graph":[{"@type":["WebPage","ItemPage"],"@id":"https:\/\/astrologelvan.com\/magaza\/urun\/ankh-sonsuz-ruhun-gucu-kupe\/","url":"https:\/\/astrologelvan.com\/magaza\/urun\/ankh-sonsuz-ruhun-gucu-kupe\/","name":"Ankh Sonsuz Ruhun G\u00fcc\u00fc K\u00fcpe - Astrolog Elvan","isPartOf":{"@id":"https:\/\/astrologelvan.com\/magaza\/#website"},"primaryImageOfPage":{"@id":"https:\/\/astrologelvan.com\/magaza\/urun\/ankh-sonsuz-ruhun-gucu-kupe\/#primaryimage"},"image":{"@id":"https:\/\/astrologelvan.com\/magaza\/urun\/ankh-sonsuz-ruhun-gucu-kupe\/#primaryimage"},"thumbnailUrl":"https:\/\/astrologelvan.com\/magaza\/wp-content\/uploads\/2025\/09\/IMG_4355.jpeg","datePublished":"2025-09-03T14:42:50+00:00","dateModified":"2026-01-27T08:49:44+00:00","breadcrumb":{"@id":"https:\/\/astrologelvan.com\/magaza\/urun\/ankh-sonsuz-ruhun-gucu-kupe\/#breadcrumb"},"inLanguage":"tr","potentialAction":[{"@type":"ReadAction","target":["https:\/\/astrologelvan.com\/magaza\/urun\/ankh-sonsuz-ruhun-gucu-kupe\/"]}]},{"@type":"ImageObject","inLanguage":"tr","@id":"https:\/\/astrologelvan.com\/magaza\/urun\/ankh-sonsuz-ruhun-gucu-kupe\/#primaryimage","url":"https:\/\/astrologelvan.com\/magaza\/wp-content\/uploads\/2025\/09\/IMG_4355.jpeg","contentUrl":"https:\/\/astrologelvan.com\/magaza\/wp-content\/uploads\/2025\/09\/IMG_4355.jpeg","width":1536,"height":2048,"caption":"Edited in Tezza with: Vintage, Brightness, &amp; Contrast"},{"@type":"BreadcrumbList","@id":"https:\/\/astrologelvan.com\/magaza\/urun\/ankh-sonsuz-ruhun-gucu-kupe\/#breadcrumb","itemListElement":[{"@type":"ListItem","position":1,"name":"Anasayfa","item":"https:\/\/astrologelvan.com\/magaza\/"},{"@type":"ListItem","position":2,"name":"Ma\u011faza","item":"https:\/\/astrologelvan.com\/magaza\/magaza\/"},{"@type":"ListItem","position":3,"name":"Ankh Sonsuz Ruhun G\u00fcc\u00fc K\u00fcpe"}]},{"@type":"WebSite","@id":"https:\/\/astrologelvan.com\/magaza\/#website","url":"https:\/\/astrologelvan.com\/magaza\/","name":"Astrolog Elvan","description":"","potentialAction":[{"@type":"SearchAction","target":{"@type":"EntryPoint","urlTemplate":"https:\/\/astrologelvan.com\/magaza\/?s={search_term_string}"},"query-input":{"@type":"PropertyValueSpecification","valueRequired":true,"valueName":"search_term_string"}}],"inLanguage":"tr"}]}},"_links":{"self":[{"href":"https:\/\/astrologelvan.com\/magaza\/wp-json\/wp\/v2\/product\/101696","targetHints":{"allow":["GET"]}}],"collection":[{"href":"https:\/\/astrologelvan.com\/magaza\/wp-json\/wp\/v2\/product"}],"about":[{"href":"https:\/\/astrologelvan.com\/magaza\/wp-json\/wp\/v2\/types\/product"}],"replies":[{"embeddable":true,"href":"https:\/\/astrologelvan.com\/magaza\/wp-json\/wp\/v2\/comments?post=101696"}],"wp:featuredmedia":[{"embeddable":true,"href":"https:\/\/astrologelvan.com\/magaza\/wp-json\/wp\/v2\/media\/101734"}],"wp:attachment":[{"href":"https:\/\/astrologelvan.com\/magaza\/wp-json\/wp\/v2\/media?parent=101696"}],"wp:term":[{"taxonomy":"product_brand","embeddable":true,"href":"https:\/\/astrologelvan.com\/magaza\/wp-json\/wp\/v2\/product_brand?post=101696"},{"taxonomy":"product_cat","embeddable":true,"href":"https:\/\/astrologelvan.com\/magaza\/wp-json\/wp\/v2\/product_cat?post=101696"},{"taxonomy":"product_tag","embeddable":true,"href":"https:\/\/astrologelvan.com\/magaza\/wp-json\/wp\/v2\/product_tag?post=101696"}],"curies":[{"name":"wp","href":"https:\/\/api.w.org\/{rel}","templated":true}]}}