{"id":1015,"date":"2024-02-28T03:08:54","date_gmt":"2024-02-28T00:08:54","guid":{"rendered":"https:\/\/astrologelvan.shop\/?post_type=product&#038;p=1015"},"modified":"2026-03-06T15:23:46","modified_gmt":"2026-03-06T12:23:46","slug":"1171-925-ayar-gumus-charm-nazar-koruma-sekansi","status":"publish","type":"product","link":"https:\/\/astrologelvan.com\/magaza\/urun\/1171-925-ayar-gumus-charm-nazar-koruma-sekansi\/","title":{"rendered":"1171 \u2013 925 AYAR G\u00dcM\u00dc\u015e CHARM \u2013 (NAZAR KORUMA SEKANSI)"},"content":{"rendered":"","protected":false},"excerpt":{"rendered":"<p><span style=\"font-weight: 400\">Birbiryedibir diye okunur. <\/span><span style=\"font-weight: 400\">Kolye ya da bilekliklerinize takabilirsiniz. G\u00fcn i\u00e7erisinde s\u00fcrekli tekrar edebilirsiniz.<\/span><\/p>\n","protected":false},"featured_media":1080,"comment_status":"open","ping_status":"closed","template":"","meta":[],"product_brand":[],"product_cat":[370,261],"product_tag":[371,39,372],"class_list":{"0":"post-1015","1":"product","2":"type-product","3":"status-publish","4":"has-post-thumbnail","6":"product_cat-charmlar","7":"product_cat-sayi-sekansli-dogal-taslar","8":"product_tag-925-ayar","9":"product_tag-astrolog-elvan","10":"product_tag-charm","12":"first","13":"instock","14":"purchasable","15":"product-type-simple"},"yoast_head":"<!-- This site is optimized with the Yoast SEO plugin v27.3 - https:\/\/yoast.com\/product\/yoast-seo-wordpress\/ -->\n<title>1171 \u2013 925 AYAR G\u00dcM\u00dc\u015e CHARM \u2013 (NAZAR KORUMA SEKANSI) - Astrolog Elvan<\/title>\n<meta name=\"description\" content=\"Be\u015fikis\u0131f\u0131r diye okunur. Kolye ya da bilekliklerinize takabilirsiniz. G\u00fcn i\u00e7erisinde s\u0131k\u00e7a tekrar etmeniz para ak\u0131\u015f\u0131n\u0131z\u0131 h\u0131zland\u0131racakt\u0131r.\" \/>\n<meta name=\"robots\" content=\"index, follow, max-snippet:-1, max-image-preview:large, max-video-preview:-1\" \/>\n<link rel=\"canonical\" href=\"https:\/\/astrologelvan.com\/magaza\/urun\/1171-925-ayar-gumus-charm-nazar-koruma-sekansi\/\" \/>\n<meta property=\"og:locale\" content=\"tr_TR\" \/>\n<meta property=\"og:type\" content=\"article\" \/>\n<meta property=\"og:title\" content=\"1171 \u2013 925 AYAR G\u00dcM\u00dc\u015e CHARM \u2013 (NAZAR KORUMA SEKANSI) - Astrolog Elvan\" \/>\n<meta property=\"og:description\" content=\"Be\u015fikis\u0131f\u0131r diye okunur. Kolye ya da bilekliklerinize takabilirsiniz. G\u00fcn i\u00e7erisinde s\u0131k\u00e7a tekrar etmeniz para ak\u0131\u015f\u0131n\u0131z\u0131 h\u0131zland\u0131racakt\u0131r.\" \/>\n<meta property=\"og:url\" content=\"https:\/\/astrologelvan.com\/magaza\/urun\/1171-925-ayar-gumus-charm-nazar-koruma-sekansi\/\" \/>\n<meta property=\"og:site_name\" content=\"Astrolog Elvan\" \/>\n<meta property=\"article:modified_time\" content=\"2026-03-06T12:23:46+00:00\" \/>\n<meta property=\"og:image\" content=\"https:\/\/astrologelvan.com\/magaza\/wp-content\/uploads\/2024\/02\/11711-Charm.jpg\" \/>\n\t<meta property=\"og:image:width\" content=\"1080\" \/>\n\t<meta property=\"og:image:height\" content=\"1080\" \/>\n\t<meta property=\"og:image:type\" content=\"image\/jpeg\" \/>\n<meta name=\"twitter:card\" content=\"summary_large_image\" \/>\n<script type=\"application\/ld+json\" class=\"yoast-schema-graph\">{\"@context\":\"https:\\\/\\\/schema.org\",\"@graph\":[{\"@type\":[\"WebPage\",\"ItemPage\"],\"@id\":\"https:\\\/\\\/astrologelvan.com\\\/magaza\\\/urun\\\/1171-925-ayar-gumus-charm-nazar-koruma-sekansi\\\/\",\"url\":\"https:\\\/\\\/astrologelvan.com\\\/magaza\\\/urun\\\/1171-925-ayar-gumus-charm-nazar-koruma-sekansi\\\/\",\"name\":\"1171 \u2013 925 AYAR G\u00dcM\u00dc\u015e CHARM \u2013 (NAZAR KORUMA SEKANSI) - Astrolog Elvan\",\"isPartOf\":{\"@id\":\"https:\\\/\\\/astrologelvan.com\\\/magaza\\\/#website\"},\"primaryImageOfPage\":{\"@id\":\"https:\\\/\\\/astrologelvan.com\\\/magaza\\\/urun\\\/1171-925-ayar-gumus-charm-nazar-koruma-sekansi\\\/#primaryimage\"},\"image\":{\"@id\":\"https:\\\/\\\/astrologelvan.com\\\/magaza\\\/urun\\\/1171-925-ayar-gumus-charm-nazar-koruma-sekansi\\\/#primaryimage\"},\"thumbnailUrl\":\"https:\\\/\\\/astrologelvan.com\\\/magaza\\\/wp-content\\\/uploads\\\/2024\\\/02\\\/11711-Charm.jpg\",\"datePublished\":\"2024-02-28T00:08:54+00:00\",\"dateModified\":\"2026-03-06T12:23:46+00:00\",\"description\":\"Be\u015fikis\u0131f\u0131r diye okunur. Kolye ya da bilekliklerinize takabilirsiniz. G\u00fcn i\u00e7erisinde s\u0131k\u00e7a tekrar etmeniz para ak\u0131\u015f\u0131n\u0131z\u0131 h\u0131zland\u0131racakt\u0131r.\",\"breadcrumb\":{\"@id\":\"https:\\\/\\\/astrologelvan.com\\\/magaza\\\/urun\\\/1171-925-ayar-gumus-charm-nazar-koruma-sekansi\\\/#breadcrumb\"},\"inLanguage\":\"tr\",\"potentialAction\":[{\"@type\":\"ReadAction\",\"target\":[\"https:\\\/\\\/astrologelvan.com\\\/magaza\\\/urun\\\/1171-925-ayar-gumus-charm-nazar-koruma-sekansi\\\/\"]}]},{\"@type\":\"ImageObject\",\"inLanguage\":\"tr\",\"@id\":\"https:\\\/\\\/astrologelvan.com\\\/magaza\\\/urun\\\/1171-925-ayar-gumus-charm-nazar-koruma-sekansi\\\/#primaryimage\",\"url\":\"https:\\\/\\\/astrologelvan.com\\\/magaza\\\/wp-content\\\/uploads\\\/2024\\\/02\\\/11711-Charm.jpg\",\"contentUrl\":\"https:\\\/\\\/astrologelvan.com\\\/magaza\\\/wp-content\\\/uploads\\\/2024\\\/02\\\/11711-Charm.jpg\",\"width\":1080,\"height\":1080},{\"@type\":\"BreadcrumbList\",\"@id\":\"https:\\\/\\\/astrologelvan.com\\\/magaza\\\/urun\\\/1171-925-ayar-gumus-charm-nazar-koruma-sekansi\\\/#breadcrumb\",\"itemListElement\":[{\"@type\":\"ListItem\",\"position\":1,\"name\":\"Anasayfa\",\"item\":\"https:\\\/\\\/astrologelvan.com\\\/magaza\\\/\"},{\"@type\":\"ListItem\",\"position\":2,\"name\":\"Ma\u011faza\",\"item\":\"https:\\\/\\\/astrologelvan.com\\\/magaza\\\/magaza\\\/\"},{\"@type\":\"ListItem\",\"position\":3,\"name\":\"1171 \u2013 925 AYAR G\u00dcM\u00dc\u015e CHARM \u2013 (NAZAR KORUMA SEKANSI)\"}]},{\"@type\":\"WebSite\",\"@id\":\"https:\\\/\\\/astrologelvan.com\\\/magaza\\\/#website\",\"url\":\"https:\\\/\\\/astrologelvan.com\\\/magaza\\\/\",\"name\":\"Astrolog Elvan\",\"description\":\"\",\"potentialAction\":[{\"@type\":\"SearchAction\",\"target\":{\"@type\":\"EntryPoint\",\"urlTemplate\":\"https:\\\/\\\/astrologelvan.com\\\/magaza\\\/?s={search_term_string}\"},\"query-input\":{\"@type\":\"PropertyValueSpecification\",\"valueRequired\":true,\"valueName\":\"search_term_string\"}}],\"inLanguage\":\"tr\"}]}<\/script>\n<!-- \/ Yoast SEO plugin. -->","yoast_head_json":{"title":"1171 \u2013 925 AYAR G\u00dcM\u00dc\u015e CHARM \u2013 (NAZAR KORUMA SEKANSI) - Astrolog Elvan","description":"Be\u015fikis\u0131f\u0131r diye okunur. Kolye ya da bilekliklerinize takabilirsiniz. G\u00fcn i\u00e7erisinde s\u0131k\u00e7a tekrar etmeniz para ak\u0131\u015f\u0131n\u0131z\u0131 h\u0131zland\u0131racakt\u0131r.","robots":{"index":"index","follow":"follow","max-snippet":"max-snippet:-1","max-image-preview":"max-image-preview:large","max-video-preview":"max-video-preview:-1"},"canonical":"https:\/\/astrologelvan.com\/magaza\/urun\/1171-925-ayar-gumus-charm-nazar-koruma-sekansi\/","og_locale":"tr_TR","og_type":"article","og_title":"1171 \u2013 925 AYAR G\u00dcM\u00dc\u015e CHARM \u2013 (NAZAR KORUMA SEKANSI) - Astrolog Elvan","og_description":"Be\u015fikis\u0131f\u0131r diye okunur. Kolye ya da bilekliklerinize takabilirsiniz. G\u00fcn i\u00e7erisinde s\u0131k\u00e7a tekrar etmeniz para ak\u0131\u015f\u0131n\u0131z\u0131 h\u0131zland\u0131racakt\u0131r.","og_url":"https:\/\/astrologelvan.com\/magaza\/urun\/1171-925-ayar-gumus-charm-nazar-koruma-sekansi\/","og_site_name":"Astrolog Elvan","article_modified_time":"2026-03-06T12:23:46+00:00","og_image":[{"width":1080,"height":1080,"url":"https:\/\/astrologelvan.com\/magaza\/wp-content\/uploads\/2024\/02\/11711-Charm.jpg","type":"image\/jpeg"}],"twitter_card":"summary_large_image","schema":{"@context":"https:\/\/schema.org","@graph":[{"@type":["WebPage","ItemPage"],"@id":"https:\/\/astrologelvan.com\/magaza\/urun\/1171-925-ayar-gumus-charm-nazar-koruma-sekansi\/","url":"https:\/\/astrologelvan.com\/magaza\/urun\/1171-925-ayar-gumus-charm-nazar-koruma-sekansi\/","name":"1171 \u2013 925 AYAR G\u00dcM\u00dc\u015e CHARM \u2013 (NAZAR KORUMA SEKANSI) - Astrolog Elvan","isPartOf":{"@id":"https:\/\/astrologelvan.com\/magaza\/#website"},"primaryImageOfPage":{"@id":"https:\/\/astrologelvan.com\/magaza\/urun\/1171-925-ayar-gumus-charm-nazar-koruma-sekansi\/#primaryimage"},"image":{"@id":"https:\/\/astrologelvan.com\/magaza\/urun\/1171-925-ayar-gumus-charm-nazar-koruma-sekansi\/#primaryimage"},"thumbnailUrl":"https:\/\/astrologelvan.com\/magaza\/wp-content\/uploads\/2024\/02\/11711-Charm.jpg","datePublished":"2024-02-28T00:08:54+00:00","dateModified":"2026-03-06T12:23:46+00:00","description":"Be\u015fikis\u0131f\u0131r diye okunur. Kolye ya da bilekliklerinize takabilirsiniz. G\u00fcn i\u00e7erisinde s\u0131k\u00e7a tekrar etmeniz para ak\u0131\u015f\u0131n\u0131z\u0131 h\u0131zland\u0131racakt\u0131r.","breadcrumb":{"@id":"https:\/\/astrologelvan.com\/magaza\/urun\/1171-925-ayar-gumus-charm-nazar-koruma-sekansi\/#breadcrumb"},"inLanguage":"tr","potentialAction":[{"@type":"ReadAction","target":["https:\/\/astrologelvan.com\/magaza\/urun\/1171-925-ayar-gumus-charm-nazar-koruma-sekansi\/"]}]},{"@type":"ImageObject","inLanguage":"tr","@id":"https:\/\/astrologelvan.com\/magaza\/urun\/1171-925-ayar-gumus-charm-nazar-koruma-sekansi\/#primaryimage","url":"https:\/\/astrologelvan.com\/magaza\/wp-content\/uploads\/2024\/02\/11711-Charm.jpg","contentUrl":"https:\/\/astrologelvan.com\/magaza\/wp-content\/uploads\/2024\/02\/11711-Charm.jpg","width":1080,"height":1080},{"@type":"BreadcrumbList","@id":"https:\/\/astrologelvan.com\/magaza\/urun\/1171-925-ayar-gumus-charm-nazar-koruma-sekansi\/#breadcrumb","itemListElement":[{"@type":"ListItem","position":1,"name":"Anasayfa","item":"https:\/\/astrologelvan.com\/magaza\/"},{"@type":"ListItem","position":2,"name":"Ma\u011faza","item":"https:\/\/astrologelvan.com\/magaza\/magaza\/"},{"@type":"ListItem","position":3,"name":"1171 \u2013 925 AYAR G\u00dcM\u00dc\u015e CHARM \u2013 (NAZAR KORUMA SEKANSI)"}]},{"@type":"WebSite","@id":"https:\/\/astrologelvan.com\/magaza\/#website","url":"https:\/\/astrologelvan.com\/magaza\/","name":"Astrolog Elvan","description":"","potentialAction":[{"@type":"SearchAction","target":{"@type":"EntryPoint","urlTemplate":"https:\/\/astrologelvan.com\/magaza\/?s={search_term_string}"},"query-input":{"@type":"PropertyValueSpecification","valueRequired":true,"valueName":"search_term_string"}}],"inLanguage":"tr"}]}},"_links":{"self":[{"href":"https:\/\/astrologelvan.com\/magaza\/wp-json\/wp\/v2\/product\/1015","targetHints":{"allow":["GET"]}}],"collection":[{"href":"https:\/\/astrologelvan.com\/magaza\/wp-json\/wp\/v2\/product"}],"about":[{"href":"https:\/\/astrologelvan.com\/magaza\/wp-json\/wp\/v2\/types\/product"}],"replies":[{"embeddable":true,"href":"https:\/\/astrologelvan.com\/magaza\/wp-json\/wp\/v2\/comments?post=1015"}],"wp:featuredmedia":[{"embeddable":true,"href":"https:\/\/astrologelvan.com\/magaza\/wp-json\/wp\/v2\/media\/1080"}],"wp:attachment":[{"href":"https:\/\/astrologelvan.com\/magaza\/wp-json\/wp\/v2\/media?parent=1015"}],"wp:term":[{"taxonomy":"product_brand","embeddable":true,"href":"https:\/\/astrologelvan.com\/magaza\/wp-json\/wp\/v2\/product_brand?post=1015"},{"taxonomy":"product_cat","embeddable":true,"href":"https:\/\/astrologelvan.com\/magaza\/wp-json\/wp\/v2\/product_cat?post=1015"},{"taxonomy":"product_tag","embeddable":true,"href":"https:\/\/astrologelvan.com\/magaza\/wp-json\/wp\/v2\/product_tag?post=1015"}],"curies":[{"name":"wp","href":"https:\/\/api.w.org\/{rel}","templated":true}]}}