{"id":1014,"date":"2024-02-28T03:08:54","date_gmt":"2024-02-28T00:08:54","guid":{"rendered":"https:\/\/astrologelvan.shop\/?post_type=product&#038;p=1014"},"modified":"2026-03-24T10:00:04","modified_gmt":"2026-03-24T07:00:04","slug":"kup-turmalin-dogal-tas-erkek-kolye","status":"publish","type":"product","link":"https:\/\/astrologelvan.com\/magaza\/urun\/kup-turmalin-dogal-tas-erkek-kolye\/","title":{"rendered":"K\u00dcP TURMAL\u0130N DO\u011eAL TA\u015e ERKEK KOLYE"},"content":{"rendered":"<p><strong>\u00dcr\u00fcn \u00d6zellikleri<\/strong><\/p>\n<p><span style=\"font-weight: 400;\">K\u00fcp Turmalin Do\u011fal Ta\u015f Erkek Kolye<\/span><\/p>\n<p><span style=\"font-weight: 400;\">Ta\u015f boyutu: 2 \u2013 4 MM<\/span><\/p>\n<p><span style=\"font-weight: 400;\">Deri Zincir Boyutu:\u00a065 cm<\/span><\/p>\n<p><span style=\"font-weight: 400;\">Ta\u015f\u0131n A\u011f\u0131rl\u0131\u011f\u0131: 2 \u2013 3 gr<\/span><\/p>\n<p><strong>Do\u011fal ta\u015flar\u0131n tasar\u0131mlar\u0131nda do\u011frudan cilde temas etmesini sa\u011fl\u0131yoruz. B\u00f6ylece do\u011fal ta\u015f\u0131n\u0131z\u0131 takt\u0131k\u00e7a v\u00fccudunuzun titre\u015fimlerine ba\u011flan\u0131r ve size denge ve uyum getirir.<\/strong><\/p>\n<p><b>G\u00fcm\u00fc\u015f kararmas\u0131 iadeye tabi de\u011fildir. Do\u011fal y\u00f6ntemlerle ya da sol\u00fcsyon kullanarak kararan g\u00fcm\u00fc\u015f\u00fc yeniden parlatman\u0131z m\u00fcmk\u00fcnd\u00fcr.<\/b><\/p>\n<p><strong>Tak\u0131lar\u0131n\u0131z\u0131n uzun s\u00fcre kullanabilmesi i\u00e7in; Parf\u00fcm, su, s\u0131v\u0131, dezenfektan, krem v.b. gibi maddelerle temas etmemesi, du\u015f-banyo s\u0131ras\u0131nda \u00e7\u0131kart\u0131lmas\u0131 gerekmektedir. Ki\u015finin ter-ten yap\u0131s\u0131na g\u00f6re de etkilenmektedir. Tak\u0131lar\u0131n\u0131z\u0131 kullanmad\u0131\u011f\u0131n\u0131z zamanlarda kesesinde saklaman\u0131z\u0131 \u00f6neririz.<\/strong><\/p>\n<p><strong>Do\u011fal ta\u015flar\u0131n belirli titre\u015fimlere ve frekanslara sahip oldu\u011fu bilinmektedir. Bu nedenle v\u00fccudumuzda ve auram\u0131zda birtak\u0131m iyi etkileri oldu\u011fu s\u00f6ylenmektedir. Ta\u015flar\u0131n \u00f6zelliklerinin bilimsel kesinli\u011fi yoktur. Astrologelvan ma\u011fazas\u0131ndaki t\u00fcm ta\u015flar orijinal, ger\u00e7ek do\u011fal ta\u015flard\u0131r. T\u0131bbi konularda doktora dan\u0131\u015fman\u0131z\u0131 tavsiye ederiz. Ta\u015flar\u0131n tedavi edici \u00f6zelli\u011fi yoktur, sadece ki\u015fisel enerjimizi y\u00fckseltmekte ve astrolojik olarak da temsil etti\u011fi gezegenlerin etkilerini artt\u0131rmakta oldu\u011fu kabul edilir. \u00d6rne\u011fin; pembe kuvars ta\u015f\u0131 a\u015fk ve sevgi gezegeni Ven\u00fcs\u2019\u00fcn ta\u015f\u0131d\u0131r ve bu sebeple \u00fczerinde ta\u015f\u0131yan ki\u015finin a\u015fk ve sevgi frekans\u0131n\u0131 y\u00fckseltti\u011fi bilinir.<\/strong><\/p>\n","protected":false},"excerpt":{"rendered":"<p><span style=\"font-weight: 400;\">Siyah Turmalin ta\u015f\u0131 \u00e7ok g\u00fc\u00e7l\u00fc bir koruma ta\u015f\u0131d\u0131r. Negatif t\u00fcm varl\u0131klara kar\u015f\u0131 kalkan g\u00f6revi g\u00f6r\u00fcr. Her bur\u00e7 \u00fczerinde ta\u015f\u0131yabilir. Siyaht\u0131r ama g\u00f6kku\u015fa\u011f\u0131ndaki t\u00fcm renklerin bir araya gelmesi nedeniyle siyah g\u00f6r\u00fcn\u00fcr. Ondan 7 \u00e7akra \u00fczerinde de etkili \u00e7al\u0131\u015f\u0131r. Ruhsal olarak k\u00f6t\u00fc hissetti\u011finizde, enerji dengelemek i\u00e7in \u00fczerinizde ta\u015f\u0131yabilirsiniz. Haftada bir ada\u00e7ay\u0131 t\u00fcts\u00fcs\u00fc ile temizleyin.<\/span><\/p>\n","protected":false},"featured_media":1075,"comment_status":"open","ping_status":"closed","template":"","meta":[],"product_brand":[],"product_cat":[52,465,347,26,48,227],"product_tag":[],"class_list":{"0":"post-1014","1":"product","2":"type-product","3":"status-publish","4":"has-post-thumbnail","6":"product_cat-dogal-taslar","7":"product_cat-erkek-kolyeler","8":"product_cat-erkekler-icin-dogal-taslar","9":"product_cat-genel","10":"product_cat-kolyeler","11":"product_cat-turmalin-tasi","13":"first","14":"instock","15":"taxable","16":"shipping-taxable","17":"purchasable","18":"product-type-simple"},"yoast_head":"<!-- This site is optimized with the Yoast SEO plugin v27.3 - https:\/\/yoast.com\/product\/yoast-seo-wordpress\/ -->\n<title>K\u00dcP TURMAL\u0130N DO\u011eAL TA\u015e ERKEK KOLYE - Astrolog Elvan<\/title>\n<meta name=\"robots\" content=\"index, follow, max-snippet:-1, max-image-preview:large, max-video-preview:-1\" \/>\n<link rel=\"canonical\" href=\"https:\/\/astrologelvan.com\/magaza\/urun\/kup-turmalin-dogal-tas-erkek-kolye\/\" \/>\n<meta property=\"og:locale\" content=\"tr_TR\" \/>\n<meta property=\"og:type\" content=\"article\" \/>\n<meta property=\"og:title\" content=\"K\u00dcP TURMAL\u0130N DO\u011eAL TA\u015e ERKEK KOLYE - Astrolog Elvan\" \/>\n<meta property=\"og:description\" content=\"Siyah Turmalin ta\u015f\u0131 \u00e7ok g\u00fc\u00e7l\u00fc bir koruma ta\u015f\u0131d\u0131r. Negatif t\u00fcm varl\u0131klara kar\u015f\u0131 kalkan g\u00f6revi g\u00f6r\u00fcr. Her bur\u00e7 \u00fczerinde ta\u015f\u0131yabilir. Siyaht\u0131r ama g\u00f6kku\u015fa\u011f\u0131ndaki t\u00fcm renklerin bir araya gelmesi nedeniyle siyah g\u00f6r\u00fcn\u00fcr. Ondan 7 \u00e7akra \u00fczerinde de etkili \u00e7al\u0131\u015f\u0131r. Ruhsal olarak k\u00f6t\u00fc hissetti\u011finizde, enerji dengelemek i\u00e7in \u00fczerinizde ta\u015f\u0131yabilirsiniz. Haftada bir ada\u00e7ay\u0131 t\u00fcts\u00fcs\u00fc ile temizleyin.\" \/>\n<meta property=\"og:url\" content=\"https:\/\/astrologelvan.com\/magaza\/urun\/kup-turmalin-dogal-tas-erkek-kolye\/\" \/>\n<meta property=\"og:site_name\" content=\"Astrolog Elvan\" \/>\n<meta property=\"article:modified_time\" content=\"2026-03-24T07:00:04+00:00\" \/>\n<meta property=\"og:image\" content=\"https:\/\/astrologelvan.com\/magaza\/wp-content\/uploads\/2024\/02\/Turmalin-1.jpg\" \/>\n\t<meta property=\"og:image:width\" content=\"1080\" \/>\n\t<meta property=\"og:image:height\" content=\"1080\" \/>\n\t<meta property=\"og:image:type\" content=\"image\/jpeg\" \/>\n<meta name=\"twitter:card\" content=\"summary_large_image\" \/>\n<meta name=\"twitter:label1\" content=\"Tahmini okuma s\u00fcresi\" \/>\n\t<meta name=\"twitter:data1\" content=\"2 dakika\" \/>\n<script type=\"application\/ld+json\" class=\"yoast-schema-graph\">{\"@context\":\"https:\\\/\\\/schema.org\",\"@graph\":[{\"@type\":[\"WebPage\",\"ItemPage\"],\"@id\":\"https:\\\/\\\/astrologelvan.com\\\/magaza\\\/urun\\\/kup-turmalin-dogal-tas-erkek-kolye\\\/\",\"url\":\"https:\\\/\\\/astrologelvan.com\\\/magaza\\\/urun\\\/kup-turmalin-dogal-tas-erkek-kolye\\\/\",\"name\":\"K\u00dcP TURMAL\u0130N DO\u011eAL TA\u015e ERKEK KOLYE - Astrolog Elvan\",\"isPartOf\":{\"@id\":\"https:\\\/\\\/astrologelvan.com\\\/magaza\\\/#website\"},\"primaryImageOfPage\":{\"@id\":\"https:\\\/\\\/astrologelvan.com\\\/magaza\\\/urun\\\/kup-turmalin-dogal-tas-erkek-kolye\\\/#primaryimage\"},\"image\":{\"@id\":\"https:\\\/\\\/astrologelvan.com\\\/magaza\\\/urun\\\/kup-turmalin-dogal-tas-erkek-kolye\\\/#primaryimage\"},\"thumbnailUrl\":\"https:\\\/\\\/astrologelvan.com\\\/magaza\\\/wp-content\\\/uploads\\\/2024\\\/02\\\/Turmalin-1.jpg\",\"datePublished\":\"2024-02-28T00:08:54+00:00\",\"dateModified\":\"2026-03-24T07:00:04+00:00\",\"breadcrumb\":{\"@id\":\"https:\\\/\\\/astrologelvan.com\\\/magaza\\\/urun\\\/kup-turmalin-dogal-tas-erkek-kolye\\\/#breadcrumb\"},\"inLanguage\":\"tr\",\"potentialAction\":[{\"@type\":\"ReadAction\",\"target\":[\"https:\\\/\\\/astrologelvan.com\\\/magaza\\\/urun\\\/kup-turmalin-dogal-tas-erkek-kolye\\\/\"]}]},{\"@type\":\"ImageObject\",\"inLanguage\":\"tr\",\"@id\":\"https:\\\/\\\/astrologelvan.com\\\/magaza\\\/urun\\\/kup-turmalin-dogal-tas-erkek-kolye\\\/#primaryimage\",\"url\":\"https:\\\/\\\/astrologelvan.com\\\/magaza\\\/wp-content\\\/uploads\\\/2024\\\/02\\\/Turmalin-1.jpg\",\"contentUrl\":\"https:\\\/\\\/astrologelvan.com\\\/magaza\\\/wp-content\\\/uploads\\\/2024\\\/02\\\/Turmalin-1.jpg\",\"width\":1080,\"height\":1080},{\"@type\":\"BreadcrumbList\",\"@id\":\"https:\\\/\\\/astrologelvan.com\\\/magaza\\\/urun\\\/kup-turmalin-dogal-tas-erkek-kolye\\\/#breadcrumb\",\"itemListElement\":[{\"@type\":\"ListItem\",\"position\":1,\"name\":\"Anasayfa\",\"item\":\"https:\\\/\\\/astrologelvan.com\\\/magaza\\\/\"},{\"@type\":\"ListItem\",\"position\":2,\"name\":\"Ma\u011faza\",\"item\":\"https:\\\/\\\/astrologelvan.com\\\/magaza\\\/magaza\\\/\"},{\"@type\":\"ListItem\",\"position\":3,\"name\":\"K\u00dcP TURMAL\u0130N DO\u011eAL TA\u015e ERKEK KOLYE\"}]},{\"@type\":\"WebSite\",\"@id\":\"https:\\\/\\\/astrologelvan.com\\\/magaza\\\/#website\",\"url\":\"https:\\\/\\\/astrologelvan.com\\\/magaza\\\/\",\"name\":\"Astrolog Elvan\",\"description\":\"\",\"potentialAction\":[{\"@type\":\"SearchAction\",\"target\":{\"@type\":\"EntryPoint\",\"urlTemplate\":\"https:\\\/\\\/astrologelvan.com\\\/magaza\\\/?s={search_term_string}\"},\"query-input\":{\"@type\":\"PropertyValueSpecification\",\"valueRequired\":true,\"valueName\":\"search_term_string\"}}],\"inLanguage\":\"tr\"}]}<\/script>\n<!-- \/ Yoast SEO plugin. -->","yoast_head_json":{"title":"K\u00dcP TURMAL\u0130N DO\u011eAL TA\u015e ERKEK KOLYE - Astrolog Elvan","robots":{"index":"index","follow":"follow","max-snippet":"max-snippet:-1","max-image-preview":"max-image-preview:large","max-video-preview":"max-video-preview:-1"},"canonical":"https:\/\/astrologelvan.com\/magaza\/urun\/kup-turmalin-dogal-tas-erkek-kolye\/","og_locale":"tr_TR","og_type":"article","og_title":"K\u00dcP TURMAL\u0130N DO\u011eAL TA\u015e ERKEK KOLYE - Astrolog Elvan","og_description":"Siyah Turmalin ta\u015f\u0131 \u00e7ok g\u00fc\u00e7l\u00fc bir koruma ta\u015f\u0131d\u0131r. Negatif t\u00fcm varl\u0131klara kar\u015f\u0131 kalkan g\u00f6revi g\u00f6r\u00fcr. Her bur\u00e7 \u00fczerinde ta\u015f\u0131yabilir. Siyaht\u0131r ama g\u00f6kku\u015fa\u011f\u0131ndaki t\u00fcm renklerin bir araya gelmesi nedeniyle siyah g\u00f6r\u00fcn\u00fcr. Ondan 7 \u00e7akra \u00fczerinde de etkili \u00e7al\u0131\u015f\u0131r. Ruhsal olarak k\u00f6t\u00fc hissetti\u011finizde, enerji dengelemek i\u00e7in \u00fczerinizde ta\u015f\u0131yabilirsiniz. Haftada bir ada\u00e7ay\u0131 t\u00fcts\u00fcs\u00fc ile temizleyin.","og_url":"https:\/\/astrologelvan.com\/magaza\/urun\/kup-turmalin-dogal-tas-erkek-kolye\/","og_site_name":"Astrolog Elvan","article_modified_time":"2026-03-24T07:00:04+00:00","og_image":[{"width":1080,"height":1080,"url":"https:\/\/astrologelvan.com\/magaza\/wp-content\/uploads\/2024\/02\/Turmalin-1.jpg","type":"image\/jpeg"}],"twitter_card":"summary_large_image","twitter_misc":{"Tahmini okuma s\u00fcresi":"2 dakika"},"schema":{"@context":"https:\/\/schema.org","@graph":[{"@type":["WebPage","ItemPage"],"@id":"https:\/\/astrologelvan.com\/magaza\/urun\/kup-turmalin-dogal-tas-erkek-kolye\/","url":"https:\/\/astrologelvan.com\/magaza\/urun\/kup-turmalin-dogal-tas-erkek-kolye\/","name":"K\u00dcP TURMAL\u0130N DO\u011eAL TA\u015e ERKEK KOLYE - Astrolog Elvan","isPartOf":{"@id":"https:\/\/astrologelvan.com\/magaza\/#website"},"primaryImageOfPage":{"@id":"https:\/\/astrologelvan.com\/magaza\/urun\/kup-turmalin-dogal-tas-erkek-kolye\/#primaryimage"},"image":{"@id":"https:\/\/astrologelvan.com\/magaza\/urun\/kup-turmalin-dogal-tas-erkek-kolye\/#primaryimage"},"thumbnailUrl":"https:\/\/astrologelvan.com\/magaza\/wp-content\/uploads\/2024\/02\/Turmalin-1.jpg","datePublished":"2024-02-28T00:08:54+00:00","dateModified":"2026-03-24T07:00:04+00:00","breadcrumb":{"@id":"https:\/\/astrologelvan.com\/magaza\/urun\/kup-turmalin-dogal-tas-erkek-kolye\/#breadcrumb"},"inLanguage":"tr","potentialAction":[{"@type":"ReadAction","target":["https:\/\/astrologelvan.com\/magaza\/urun\/kup-turmalin-dogal-tas-erkek-kolye\/"]}]},{"@type":"ImageObject","inLanguage":"tr","@id":"https:\/\/astrologelvan.com\/magaza\/urun\/kup-turmalin-dogal-tas-erkek-kolye\/#primaryimage","url":"https:\/\/astrologelvan.com\/magaza\/wp-content\/uploads\/2024\/02\/Turmalin-1.jpg","contentUrl":"https:\/\/astrologelvan.com\/magaza\/wp-content\/uploads\/2024\/02\/Turmalin-1.jpg","width":1080,"height":1080},{"@type":"BreadcrumbList","@id":"https:\/\/astrologelvan.com\/magaza\/urun\/kup-turmalin-dogal-tas-erkek-kolye\/#breadcrumb","itemListElement":[{"@type":"ListItem","position":1,"name":"Anasayfa","item":"https:\/\/astrologelvan.com\/magaza\/"},{"@type":"ListItem","position":2,"name":"Ma\u011faza","item":"https:\/\/astrologelvan.com\/magaza\/magaza\/"},{"@type":"ListItem","position":3,"name":"K\u00dcP TURMAL\u0130N DO\u011eAL TA\u015e ERKEK KOLYE"}]},{"@type":"WebSite","@id":"https:\/\/astrologelvan.com\/magaza\/#website","url":"https:\/\/astrologelvan.com\/magaza\/","name":"Astrolog Elvan","description":"","potentialAction":[{"@type":"SearchAction","target":{"@type":"EntryPoint","urlTemplate":"https:\/\/astrologelvan.com\/magaza\/?s={search_term_string}"},"query-input":{"@type":"PropertyValueSpecification","valueRequired":true,"valueName":"search_term_string"}}],"inLanguage":"tr"}]}},"_links":{"self":[{"href":"https:\/\/astrologelvan.com\/magaza\/wp-json\/wp\/v2\/product\/1014","targetHints":{"allow":["GET"]}}],"collection":[{"href":"https:\/\/astrologelvan.com\/magaza\/wp-json\/wp\/v2\/product"}],"about":[{"href":"https:\/\/astrologelvan.com\/magaza\/wp-json\/wp\/v2\/types\/product"}],"replies":[{"embeddable":true,"href":"https:\/\/astrologelvan.com\/magaza\/wp-json\/wp\/v2\/comments?post=1014"}],"wp:featuredmedia":[{"embeddable":true,"href":"https:\/\/astrologelvan.com\/magaza\/wp-json\/wp\/v2\/media\/1075"}],"wp:attachment":[{"href":"https:\/\/astrologelvan.com\/magaza\/wp-json\/wp\/v2\/media?parent=1014"}],"wp:term":[{"taxonomy":"product_brand","embeddable":true,"href":"https:\/\/astrologelvan.com\/magaza\/wp-json\/wp\/v2\/product_brand?post=1014"},{"taxonomy":"product_cat","embeddable":true,"href":"https:\/\/astrologelvan.com\/magaza\/wp-json\/wp\/v2\/product_cat?post=1014"},{"taxonomy":"product_tag","embeddable":true,"href":"https:\/\/astrologelvan.com\/magaza\/wp-json\/wp\/v2\/product_tag?post=1014"}],"curies":[{"name":"wp","href":"https:\/\/api.w.org\/{rel}","templated":true}]}}