{"id":10121,"date":"2024-05-27T15:50:21","date_gmt":"2024-05-27T12:50:21","guid":{"rendered":"https:\/\/astrologelvan.com\/magaza\/?post_type=product&#038;p=10121"},"modified":"2025-10-06T08:15:16","modified_gmt":"2025-10-06T05:15:16","slug":"dogal-tas-yesil-akik-bardak-altligi","status":"publish","type":"product","link":"https:\/\/astrologelvan.com\/magaza\/urun\/dogal-tas-yesil-akik-bardak-altligi\/","title":{"rendered":"DO\u011eAL TA\u015e YE\u015e\u0130L AK\u0130K BARDAK ALTLI\u011eI"},"content":{"rendered":"<p>Do\u011fal ta\u015f oldu\u011fu i\u00e7in farkl\u0131 boy ve a\u011f\u0131rl\u0131kta gelmektedir.<\/p>\n","protected":false},"excerpt":{"rendered":"<p>\u00c7ok k\u0131ymetli ve de\u011ferli bir ta\u015f; Akik. Hz.Muhammed (s.a.v)\u2019in de m\u00fch\u00fcr olarak bir akik y\u00fcz\u00fck ta\u015f\u0131d\u0131\u011f\u0131 rivayet edilir. Akik ta\u015f\u0131n\u0131n en bilinen faydas\u0131 \u00a0ki\u015fiyi ruhsal a\u00e7\u0131dan korur. Nazar, b\u00fcy\u00fc, negatif enerjiye kar\u015f\u0131 kalkan g\u00f6revini g\u00f6r\u00fcr. \u00c7ok g\u00fc\u00e7l\u00fc bir enerjisi vard\u0131r. Ayr\u0131ca yeni bir i\u015fe ba\u015flayacaklar, bereket i\u00e7in akik ta\u015f\u0131n\u0131 mutlaka bulundurmal\u0131d\u0131r.<\/p>\n<div class=\"row\"  id=\"row-497926397\">\n\n\t<div id=\"col-968996061\" class=\"col small-12 large-12\"  >\n\t\t\t\t<div class=\"col-inner\"  >\n\t\t\t\n\t<div class=\"is-border\"\n\t\tstyle=\"border-color:rgb(221, 221, 221);border-width:1px 0px 1px 0px;margin:10px 0px 25px 0px;\">\n\t<\/div>\n\t\t\t\n\t<div id=\"text-2813629768\" class=\"text\">\n\t\t\n<p><a href=\"https:\/\/astrologelvan.com\/magaza\/urun\/anyolit-saglik-ve-nese-tasi\/\"><span style=\"color: #ed1c24\"><strong>ANYOL\u0130T (SA\u011eLIK&amp;NE\u015eE) TA\u015eI HED\u0130YE!<\/strong><\/span><\/a><\/p>\n\t\t\n<style>\n#text-2813629768 {\n  text-align: center;\n}\n<\/style>\n\t<\/div>\n\t\n\t\t<\/div>\n\t\t\t\t\n<style>\n#col-968996061 > .col-inner {\n  padding: 1px 5px 1px 5px;\n}\n<\/style>\n\t<\/div>\n\n\t\n<\/div>\n","protected":false},"featured_media":10124,"comment_status":"open","ping_status":"closed","template":"","meta":[],"product_brand":[],"product_cat":[26],"product_tag":[],"class_list":{"0":"post-10121","1":"product","2":"type-product","3":"status-publish","4":"has-post-thumbnail","6":"product_cat-genel","8":"first","9":"outofstock","10":"taxable","11":"shipping-taxable","12":"purchasable","13":"product-type-simple"},"yoast_head":"<!-- This site is optimized with the Yoast SEO plugin v27.3 - https:\/\/yoast.com\/product\/yoast-seo-wordpress\/ -->\n<title>DO\u011eAL TA\u015e YE\u015e\u0130L AK\u0130K BARDAK ALTLI\u011eI - Astrolog Elvan<\/title>\n<meta name=\"robots\" content=\"index, follow, max-snippet:-1, max-image-preview:large, max-video-preview:-1\" \/>\n<link rel=\"canonical\" href=\"https:\/\/astrologelvan.com\/magaza\/urun\/dogal-tas-yesil-akik-bardak-altligi\/\" \/>\n<meta property=\"og:locale\" content=\"tr_TR\" \/>\n<meta property=\"og:type\" content=\"article\" \/>\n<meta property=\"og:title\" content=\"DO\u011eAL TA\u015e YE\u015e\u0130L AK\u0130K BARDAK ALTLI\u011eI - Astrolog Elvan\" \/>\n<meta property=\"og:description\" content=\"\u00c7ok k\u0131ymetli ve de\u011ferli bir ta\u015f; Akik. Hz.Muhammed (s.a.v)\u2019in de m\u00fch\u00fcr olarak bir akik y\u00fcz\u00fck ta\u015f\u0131d\u0131\u011f\u0131 rivayet edilir. Akik ta\u015f\u0131n\u0131n en bilinen faydas\u0131 \u00a0ki\u015fiyi ruhsal a\u00e7\u0131dan korur. Nazar, b\u00fcy\u00fc, negatif enerjiye kar\u015f\u0131 kalkan g\u00f6revini g\u00f6r\u00fcr. \u00c7ok g\u00fc\u00e7l\u00fc bir enerjisi vard\u0131r. Ayr\u0131ca yeni bir i\u015fe ba\u015flayacaklar, bereket i\u00e7in akik ta\u015f\u0131n\u0131 mutlaka bulundurmal\u0131d\u0131r.\" \/>\n<meta property=\"og:url\" content=\"https:\/\/astrologelvan.com\/magaza\/urun\/dogal-tas-yesil-akik-bardak-altligi\/\" \/>\n<meta property=\"og:site_name\" content=\"Astrolog Elvan\" \/>\n<meta property=\"article:modified_time\" content=\"2025-10-06T05:15:16+00:00\" \/>\n<meta property=\"og:image\" content=\"https:\/\/astrologelvan.com\/magaza\/wp-content\/uploads\/2024\/05\/3-14.jpg\" \/>\n\t<meta property=\"og:image:width\" content=\"1080\" \/>\n\t<meta property=\"og:image:height\" content=\"1080\" \/>\n\t<meta property=\"og:image:type\" content=\"image\/jpeg\" \/>\n<meta name=\"twitter:card\" content=\"summary_large_image\" \/>\n<meta name=\"twitter:label1\" content=\"Tahmini okuma s\u00fcresi\" \/>\n\t<meta name=\"twitter:data1\" content=\"1 dakika\" \/>\n<script type=\"application\/ld+json\" class=\"yoast-schema-graph\">{\"@context\":\"https:\\\/\\\/schema.org\",\"@graph\":[{\"@type\":[\"WebPage\",\"ItemPage\"],\"@id\":\"https:\\\/\\\/astrologelvan.com\\\/magaza\\\/urun\\\/dogal-tas-yesil-akik-bardak-altligi\\\/\",\"url\":\"https:\\\/\\\/astrologelvan.com\\\/magaza\\\/urun\\\/dogal-tas-yesil-akik-bardak-altligi\\\/\",\"name\":\"DO\u011eAL TA\u015e YE\u015e\u0130L AK\u0130K BARDAK ALTLI\u011eI - Astrolog Elvan\",\"isPartOf\":{\"@id\":\"https:\\\/\\\/astrologelvan.com\\\/magaza\\\/#website\"},\"primaryImageOfPage\":{\"@id\":\"https:\\\/\\\/astrologelvan.com\\\/magaza\\\/urun\\\/dogal-tas-yesil-akik-bardak-altligi\\\/#primaryimage\"},\"image\":{\"@id\":\"https:\\\/\\\/astrologelvan.com\\\/magaza\\\/urun\\\/dogal-tas-yesil-akik-bardak-altligi\\\/#primaryimage\"},\"thumbnailUrl\":\"https:\\\/\\\/astrologelvan.com\\\/magaza\\\/wp-content\\\/uploads\\\/2024\\\/05\\\/3-14.jpg\",\"datePublished\":\"2024-05-27T12:50:21+00:00\",\"dateModified\":\"2025-10-06T05:15:16+00:00\",\"breadcrumb\":{\"@id\":\"https:\\\/\\\/astrologelvan.com\\\/magaza\\\/urun\\\/dogal-tas-yesil-akik-bardak-altligi\\\/#breadcrumb\"},\"inLanguage\":\"tr\",\"potentialAction\":[{\"@type\":\"ReadAction\",\"target\":[\"https:\\\/\\\/astrologelvan.com\\\/magaza\\\/urun\\\/dogal-tas-yesil-akik-bardak-altligi\\\/\"]}]},{\"@type\":\"ImageObject\",\"inLanguage\":\"tr\",\"@id\":\"https:\\\/\\\/astrologelvan.com\\\/magaza\\\/urun\\\/dogal-tas-yesil-akik-bardak-altligi\\\/#primaryimage\",\"url\":\"https:\\\/\\\/astrologelvan.com\\\/magaza\\\/wp-content\\\/uploads\\\/2024\\\/05\\\/3-14.jpg\",\"contentUrl\":\"https:\\\/\\\/astrologelvan.com\\\/magaza\\\/wp-content\\\/uploads\\\/2024\\\/05\\\/3-14.jpg\",\"width\":1080,\"height\":1080},{\"@type\":\"BreadcrumbList\",\"@id\":\"https:\\\/\\\/astrologelvan.com\\\/magaza\\\/urun\\\/dogal-tas-yesil-akik-bardak-altligi\\\/#breadcrumb\",\"itemListElement\":[{\"@type\":\"ListItem\",\"position\":1,\"name\":\"Anasayfa\",\"item\":\"https:\\\/\\\/astrologelvan.com\\\/magaza\\\/\"},{\"@type\":\"ListItem\",\"position\":2,\"name\":\"Ma\u011faza\",\"item\":\"https:\\\/\\\/astrologelvan.com\\\/magaza\\\/magaza\\\/\"},{\"@type\":\"ListItem\",\"position\":3,\"name\":\"DO\u011eAL TA\u015e YE\u015e\u0130L AK\u0130K BARDAK ALTLI\u011eI\"}]},{\"@type\":\"WebSite\",\"@id\":\"https:\\\/\\\/astrologelvan.com\\\/magaza\\\/#website\",\"url\":\"https:\\\/\\\/astrologelvan.com\\\/magaza\\\/\",\"name\":\"Astrolog Elvan\",\"description\":\"\",\"potentialAction\":[{\"@type\":\"SearchAction\",\"target\":{\"@type\":\"EntryPoint\",\"urlTemplate\":\"https:\\\/\\\/astrologelvan.com\\\/magaza\\\/?s={search_term_string}\"},\"query-input\":{\"@type\":\"PropertyValueSpecification\",\"valueRequired\":true,\"valueName\":\"search_term_string\"}}],\"inLanguage\":\"tr\"}]}<\/script>\n<!-- \/ Yoast SEO plugin. -->","yoast_head_json":{"title":"DO\u011eAL TA\u015e YE\u015e\u0130L AK\u0130K BARDAK ALTLI\u011eI - Astrolog Elvan","robots":{"index":"index","follow":"follow","max-snippet":"max-snippet:-1","max-image-preview":"max-image-preview:large","max-video-preview":"max-video-preview:-1"},"canonical":"https:\/\/astrologelvan.com\/magaza\/urun\/dogal-tas-yesil-akik-bardak-altligi\/","og_locale":"tr_TR","og_type":"article","og_title":"DO\u011eAL TA\u015e YE\u015e\u0130L AK\u0130K BARDAK ALTLI\u011eI - Astrolog Elvan","og_description":"\u00c7ok k\u0131ymetli ve de\u011ferli bir ta\u015f; Akik. Hz.Muhammed (s.a.v)\u2019in de m\u00fch\u00fcr olarak bir akik y\u00fcz\u00fck ta\u015f\u0131d\u0131\u011f\u0131 rivayet edilir. Akik ta\u015f\u0131n\u0131n en bilinen faydas\u0131 \u00a0ki\u015fiyi ruhsal a\u00e7\u0131dan korur. Nazar, b\u00fcy\u00fc, negatif enerjiye kar\u015f\u0131 kalkan g\u00f6revini g\u00f6r\u00fcr. \u00c7ok g\u00fc\u00e7l\u00fc bir enerjisi vard\u0131r. Ayr\u0131ca yeni bir i\u015fe ba\u015flayacaklar, bereket i\u00e7in akik ta\u015f\u0131n\u0131 mutlaka bulundurmal\u0131d\u0131r.","og_url":"https:\/\/astrologelvan.com\/magaza\/urun\/dogal-tas-yesil-akik-bardak-altligi\/","og_site_name":"Astrolog Elvan","article_modified_time":"2025-10-06T05:15:16+00:00","og_image":[{"width":1080,"height":1080,"url":"https:\/\/astrologelvan.com\/magaza\/wp-content\/uploads\/2024\/05\/3-14.jpg","type":"image\/jpeg"}],"twitter_card":"summary_large_image","twitter_misc":{"Tahmini okuma s\u00fcresi":"1 dakika"},"schema":{"@context":"https:\/\/schema.org","@graph":[{"@type":["WebPage","ItemPage"],"@id":"https:\/\/astrologelvan.com\/magaza\/urun\/dogal-tas-yesil-akik-bardak-altligi\/","url":"https:\/\/astrologelvan.com\/magaza\/urun\/dogal-tas-yesil-akik-bardak-altligi\/","name":"DO\u011eAL TA\u015e YE\u015e\u0130L AK\u0130K BARDAK ALTLI\u011eI - Astrolog Elvan","isPartOf":{"@id":"https:\/\/astrologelvan.com\/magaza\/#website"},"primaryImageOfPage":{"@id":"https:\/\/astrologelvan.com\/magaza\/urun\/dogal-tas-yesil-akik-bardak-altligi\/#primaryimage"},"image":{"@id":"https:\/\/astrologelvan.com\/magaza\/urun\/dogal-tas-yesil-akik-bardak-altligi\/#primaryimage"},"thumbnailUrl":"https:\/\/astrologelvan.com\/magaza\/wp-content\/uploads\/2024\/05\/3-14.jpg","datePublished":"2024-05-27T12:50:21+00:00","dateModified":"2025-10-06T05:15:16+00:00","breadcrumb":{"@id":"https:\/\/astrologelvan.com\/magaza\/urun\/dogal-tas-yesil-akik-bardak-altligi\/#breadcrumb"},"inLanguage":"tr","potentialAction":[{"@type":"ReadAction","target":["https:\/\/astrologelvan.com\/magaza\/urun\/dogal-tas-yesil-akik-bardak-altligi\/"]}]},{"@type":"ImageObject","inLanguage":"tr","@id":"https:\/\/astrologelvan.com\/magaza\/urun\/dogal-tas-yesil-akik-bardak-altligi\/#primaryimage","url":"https:\/\/astrologelvan.com\/magaza\/wp-content\/uploads\/2024\/05\/3-14.jpg","contentUrl":"https:\/\/astrologelvan.com\/magaza\/wp-content\/uploads\/2024\/05\/3-14.jpg","width":1080,"height":1080},{"@type":"BreadcrumbList","@id":"https:\/\/astrologelvan.com\/magaza\/urun\/dogal-tas-yesil-akik-bardak-altligi\/#breadcrumb","itemListElement":[{"@type":"ListItem","position":1,"name":"Anasayfa","item":"https:\/\/astrologelvan.com\/magaza\/"},{"@type":"ListItem","position":2,"name":"Ma\u011faza","item":"https:\/\/astrologelvan.com\/magaza\/magaza\/"},{"@type":"ListItem","position":3,"name":"DO\u011eAL TA\u015e YE\u015e\u0130L AK\u0130K BARDAK ALTLI\u011eI"}]},{"@type":"WebSite","@id":"https:\/\/astrologelvan.com\/magaza\/#website","url":"https:\/\/astrologelvan.com\/magaza\/","name":"Astrolog Elvan","description":"","potentialAction":[{"@type":"SearchAction","target":{"@type":"EntryPoint","urlTemplate":"https:\/\/astrologelvan.com\/magaza\/?s={search_term_string}"},"query-input":{"@type":"PropertyValueSpecification","valueRequired":true,"valueName":"search_term_string"}}],"inLanguage":"tr"}]}},"_links":{"self":[{"href":"https:\/\/astrologelvan.com\/magaza\/wp-json\/wp\/v2\/product\/10121","targetHints":{"allow":["GET"]}}],"collection":[{"href":"https:\/\/astrologelvan.com\/magaza\/wp-json\/wp\/v2\/product"}],"about":[{"href":"https:\/\/astrologelvan.com\/magaza\/wp-json\/wp\/v2\/types\/product"}],"replies":[{"embeddable":true,"href":"https:\/\/astrologelvan.com\/magaza\/wp-json\/wp\/v2\/comments?post=10121"}],"wp:featuredmedia":[{"embeddable":true,"href":"https:\/\/astrologelvan.com\/magaza\/wp-json\/wp\/v2\/media\/10124"}],"wp:attachment":[{"href":"https:\/\/astrologelvan.com\/magaza\/wp-json\/wp\/v2\/media?parent=10121"}],"wp:term":[{"taxonomy":"product_brand","embeddable":true,"href":"https:\/\/astrologelvan.com\/magaza\/wp-json\/wp\/v2\/product_brand?post=10121"},{"taxonomy":"product_cat","embeddable":true,"href":"https:\/\/astrologelvan.com\/magaza\/wp-json\/wp\/v2\/product_cat?post=10121"},{"taxonomy":"product_tag","embeddable":true,"href":"https:\/\/astrologelvan.com\/magaza\/wp-json\/wp\/v2\/product_tag?post=10121"}],"curies":[{"name":"wp","href":"https:\/\/api.w.org\/{rel}","templated":true}]}}