{"id":1007,"date":"2024-02-28T03:08:28","date_gmt":"2024-02-28T00:08:28","guid":{"rendered":"https:\/\/astrologelvan.shop\/?post_type=product&#038;p=1007"},"modified":"2026-04-05T14:50:05","modified_gmt":"2026-04-05T11:50:05","slug":"dikdortgen-form-opal-dogal-tas-kadin-kolye","status":"publish","type":"product","link":"https:\/\/astrologelvan.com\/magaza\/urun\/dikdortgen-form-opal-dogal-tas-kadin-kolye\/","title":{"rendered":"D\u0130KD\u00d6RTGEN FORM OPAL DO\u011eAL TA\u015e KADIN KOLYE"},"content":{"rendered":"<p><b>\u00dcr\u00fcn \u00d6zellikleri<\/b><br \/>\nOpal ince bir titre\u015fimi olan hassas bir ta\u015ft\u0131r. Kozmik fark\u0131ndal\u0131\u011f\u0131 art\u0131r\u0131r, psi\u015fik ve mistik vizyonlara sebep olur. Emici ve yans\u0131t\u0131c\u0131d\u0131r. Duygu ve d\u00fc\u015f\u00fcnceleri al\u0131r, b\u00fcy\u00fct\u00fcr ve kaynaklar\u0131na geri d\u00f6nd\u00fcr\u00fcr. Karmik bir ta\u015ft\u0131r, d\u0131\u015far\u0131 ne veriyorsan\u0131z onun size geri d\u00f6nece\u011fini \u00f6\u011fretir.<br \/>\nA\u015fk ve tutku, arzu ve erotizmle \u00f6zde\u015fle\u015fmi\u015ftir. Duygusal durumlar\u0131 yo\u011funla\u015ft\u0131r\u0131p sonorlar\u0131 kald\u0131ran ba\u015ftan \u00e7\u0131kar\u0131c\u0131 bir ta\u015ft\u0131r.<br \/>\nOpal size ge\u00e7mi\u015fte, \u00f6zellikle ba\u015fka hayatlarda duygusal durumunuzun nas\u0131l oldu\u011funu g\u00f6sterir ve hissettikleriniz hakk\u0131nda sorumluluk almay\u0131 \u00f6\u011fretir.<\/p>\n<p><span style=\"font-weight: 400;\">Dikd\u00f6rtgen Form Opal Do\u011fal Ta\u015f Kad\u0131n Kolye<\/span><\/p>\n<p><span style=\"font-weight: 400;\">Ta\u015f\u0131n A\u011f\u0131rl\u0131\u011f\u0131:\u00a02 &#8211; 4 gr<\/span><\/p>\n<p><span style=\"font-weight: 400;\">Ta\u015f\u0131n boyutu:\u00a012 &#8211; 15 MM<\/span><\/p>\n<p><strong>Do\u011fal ta\u015flar\u0131n tasar\u0131mlar\u0131nda do\u011frudan cilde temas etmesini sa\u011fl\u0131yoruz. B\u00f6ylece do\u011fal ta\u015f\u0131n\u0131z\u0131 takt\u0131k\u00e7a v\u00fccudunuzun titre\u015fimlerine ba\u011flan\u0131r ve size denge ve uyum getirir.<\/strong><\/p>\n<p><b>G\u00fcm\u00fc\u015f kararmas\u0131 iadeye tabi de\u011fildir. Do\u011fal y\u00f6ntemlerle ya da sol\u00fcsyon kullanarak kararan g\u00fcm\u00fc\u015f\u00fc yeniden parlatman\u0131z m\u00fcmk\u00fcnd\u00fcr.<\/b><\/p>\n<p><strong>Tak\u0131lar\u0131n\u0131z\u0131n uzun s\u00fcre kullanabilmesi i\u00e7in; Parf\u00fcm, su, s\u0131v\u0131, dezenfektan, krem v.b. gibi maddelerle temas etmemesi, du\u015f-banyo s\u0131ras\u0131nda \u00e7\u0131kart\u0131lmas\u0131 gerekmektedir. Ki\u015finin ter-ten yap\u0131s\u0131na g\u00f6re de etkilenmektedir. Tak\u0131lar\u0131n\u0131z\u0131 kullanmad\u0131\u011f\u0131n\u0131z zamanlarda kesesinde saklaman\u0131z\u0131 \u00f6neririz.<\/strong><\/p>\n","protected":false},"excerpt":{"rendered":"<p>Opal ince bir titre\u015fimi olan hassas bir ta\u015ft\u0131r. Kozmik fark\u0131ndal\u0131\u011f\u0131 art\u0131r\u0131r, psi\u015fik ve mistik vizyonlara sebep olur. Emici ve yans\u0131t\u0131c\u0131d\u0131r. Duygu ve d\u00fc\u015f\u00fcnceleri al\u0131r, b\u00fcy\u00fct\u00fcr ve kaynaklar\u0131na geri d\u00f6nd\u00fcr\u00fcr. Karmik bir ta\u015ft\u0131r, d\u0131\u015far\u0131 ne veriyorsan\u0131z onun size geri d\u00f6nece\u011fini \u00f6\u011fretir.<br \/>\nA\u015fk ve tutku, arzu ve erotizmle \u00f6zde\u015fle\u015fmi\u015ftir. Duygusal durumlar\u0131 yo\u011funla\u015ft\u0131r\u0131p sonorlar\u0131 kald\u0131ran ba\u015ftan \u00e7\u0131kar\u0131c\u0131 bir ta\u015ft\u0131r.<br \/>\nOpal size ge\u00e7mi\u015fte, \u00f6zellikle ba\u015fka hayatlarda duygusal durumunuzun nas\u0131l oldu\u011funu g\u00f6sterir ve hissettikleriniz hakk\u0131nda sorumluluk almay\u0131 \u00f6\u011fretir.<\/p>\n","protected":false},"featured_media":10251,"comment_status":"open","ping_status":"closed","template":"","meta":[],"product_brand":[596],"product_cat":[52,48,471,7455],"product_tag":[],"class_list":{"0":"post-1007","1":"product","2":"type-product","3":"status-publish","4":"has-post-thumbnail","6":"product_brand-astrolog-elvan","7":"product_cat-dogal-taslar","8":"product_cat-kolyeler","9":"product_cat-opal-tasi","10":"product_cat--kolyeler","12":"first","13":"instock","14":"taxable","15":"shipping-taxable","16":"purchasable","17":"product-type-simple"},"yoast_head":"<!-- This site is optimized with the Yoast SEO plugin v27.3 - https:\/\/yoast.com\/product\/yoast-seo-wordpress\/ -->\n<title>D\u0130KD\u00d6RTGEN FORM OPAL DO\u011eAL TA\u015e KADIN KOLYE - Astrolog Elvan<\/title>\n<meta name=\"robots\" content=\"index, follow, max-snippet:-1, max-image-preview:large, max-video-preview:-1\" \/>\n<link rel=\"canonical\" href=\"https:\/\/astrologelvan.com\/magaza\/urun\/dikdortgen-form-opal-dogal-tas-kadin-kolye\/\" \/>\n<meta property=\"og:locale\" content=\"tr_TR\" \/>\n<meta property=\"og:type\" content=\"article\" \/>\n<meta property=\"og:title\" content=\"D\u0130KD\u00d6RTGEN FORM OPAL DO\u011eAL TA\u015e KADIN KOLYE - Astrolog Elvan\" \/>\n<meta property=\"og:description\" content=\"Opal ince bir titre\u015fimi olan hassas bir ta\u015ft\u0131r. Kozmik fark\u0131ndal\u0131\u011f\u0131 art\u0131r\u0131r, psi\u015fik ve mistik vizyonlara sebep olur. Emici ve yans\u0131t\u0131c\u0131d\u0131r. Duygu ve d\u00fc\u015f\u00fcnceleri al\u0131r, b\u00fcy\u00fct\u00fcr ve kaynaklar\u0131na geri d\u00f6nd\u00fcr\u00fcr. Karmik bir ta\u015ft\u0131r, d\u0131\u015far\u0131 ne veriyorsan\u0131z onun size geri d\u00f6nece\u011fini \u00f6\u011fretir. A\u015fk ve tutku, arzu ve erotizmle \u00f6zde\u015fle\u015fmi\u015ftir. Duygusal durumlar\u0131 yo\u011funla\u015ft\u0131r\u0131p sonorlar\u0131 kald\u0131ran ba\u015ftan \u00e7\u0131kar\u0131c\u0131 bir ta\u015ft\u0131r. Opal size ge\u00e7mi\u015fte, \u00f6zellikle ba\u015fka hayatlarda duygusal durumunuzun nas\u0131l oldu\u011funu g\u00f6sterir ve hissettikleriniz hakk\u0131nda sorumluluk almay\u0131 \u00f6\u011fretir.\" \/>\n<meta property=\"og:url\" content=\"https:\/\/astrologelvan.com\/magaza\/urun\/dikdortgen-form-opal-dogal-tas-kadin-kolye\/\" \/>\n<meta property=\"og:site_name\" content=\"Astrolog Elvan\" \/>\n<meta property=\"article:modified_time\" content=\"2026-04-05T11:50:05+00:00\" \/>\n<meta property=\"og:image\" content=\"https:\/\/astrologelvan.com\/magaza\/wp-content\/uploads\/2024\/02\/1-149-scaled.jpg\" \/>\n\t<meta property=\"og:image:width\" content=\"2560\" \/>\n\t<meta property=\"og:image:height\" content=\"2560\" \/>\n\t<meta property=\"og:image:type\" content=\"image\/jpeg\" \/>\n<meta name=\"twitter:card\" content=\"summary_large_image\" \/>\n<meta name=\"twitter:label1\" content=\"Tahmini okuma s\u00fcresi\" \/>\n\t<meta name=\"twitter:data1\" content=\"2 dakika\" \/>\n<script type=\"application\/ld+json\" class=\"yoast-schema-graph\">{\"@context\":\"https:\\\/\\\/schema.org\",\"@graph\":[{\"@type\":[\"WebPage\",\"ItemPage\"],\"@id\":\"https:\\\/\\\/astrologelvan.com\\\/magaza\\\/urun\\\/dikdortgen-form-opal-dogal-tas-kadin-kolye\\\/\",\"url\":\"https:\\\/\\\/astrologelvan.com\\\/magaza\\\/urun\\\/dikdortgen-form-opal-dogal-tas-kadin-kolye\\\/\",\"name\":\"D\u0130KD\u00d6RTGEN FORM OPAL DO\u011eAL TA\u015e KADIN KOLYE - Astrolog Elvan\",\"isPartOf\":{\"@id\":\"https:\\\/\\\/astrologelvan.com\\\/magaza\\\/#website\"},\"primaryImageOfPage\":{\"@id\":\"https:\\\/\\\/astrologelvan.com\\\/magaza\\\/urun\\\/dikdortgen-form-opal-dogal-tas-kadin-kolye\\\/#primaryimage\"},\"image\":{\"@id\":\"https:\\\/\\\/astrologelvan.com\\\/magaza\\\/urun\\\/dikdortgen-form-opal-dogal-tas-kadin-kolye\\\/#primaryimage\"},\"thumbnailUrl\":\"https:\\\/\\\/astrologelvan.com\\\/magaza\\\/wp-content\\\/uploads\\\/2024\\\/02\\\/1-149-scaled.jpg\",\"datePublished\":\"2024-02-28T00:08:28+00:00\",\"dateModified\":\"2026-04-05T11:50:05+00:00\",\"breadcrumb\":{\"@id\":\"https:\\\/\\\/astrologelvan.com\\\/magaza\\\/urun\\\/dikdortgen-form-opal-dogal-tas-kadin-kolye\\\/#breadcrumb\"},\"inLanguage\":\"tr\",\"potentialAction\":[{\"@type\":\"ReadAction\",\"target\":[\"https:\\\/\\\/astrologelvan.com\\\/magaza\\\/urun\\\/dikdortgen-form-opal-dogal-tas-kadin-kolye\\\/\"]}]},{\"@type\":\"ImageObject\",\"inLanguage\":\"tr\",\"@id\":\"https:\\\/\\\/astrologelvan.com\\\/magaza\\\/urun\\\/dikdortgen-form-opal-dogal-tas-kadin-kolye\\\/#primaryimage\",\"url\":\"https:\\\/\\\/astrologelvan.com\\\/magaza\\\/wp-content\\\/uploads\\\/2024\\\/02\\\/1-149-scaled.jpg\",\"contentUrl\":\"https:\\\/\\\/astrologelvan.com\\\/magaza\\\/wp-content\\\/uploads\\\/2024\\\/02\\\/1-149-scaled.jpg\",\"width\":2560,\"height\":2560},{\"@type\":\"BreadcrumbList\",\"@id\":\"https:\\\/\\\/astrologelvan.com\\\/magaza\\\/urun\\\/dikdortgen-form-opal-dogal-tas-kadin-kolye\\\/#breadcrumb\",\"itemListElement\":[{\"@type\":\"ListItem\",\"position\":1,\"name\":\"Anasayfa\",\"item\":\"https:\\\/\\\/astrologelvan.com\\\/magaza\\\/\"},{\"@type\":\"ListItem\",\"position\":2,\"name\":\"Ma\u011faza\",\"item\":\"https:\\\/\\\/astrologelvan.com\\\/magaza\\\/magaza\\\/\"},{\"@type\":\"ListItem\",\"position\":3,\"name\":\"D\u0130KD\u00d6RTGEN FORM OPAL DO\u011eAL TA\u015e KADIN KOLYE\"}]},{\"@type\":\"WebSite\",\"@id\":\"https:\\\/\\\/astrologelvan.com\\\/magaza\\\/#website\",\"url\":\"https:\\\/\\\/astrologelvan.com\\\/magaza\\\/\",\"name\":\"Astrolog Elvan\",\"description\":\"\",\"potentialAction\":[{\"@type\":\"SearchAction\",\"target\":{\"@type\":\"EntryPoint\",\"urlTemplate\":\"https:\\\/\\\/astrologelvan.com\\\/magaza\\\/?s={search_term_string}\"},\"query-input\":{\"@type\":\"PropertyValueSpecification\",\"valueRequired\":true,\"valueName\":\"search_term_string\"}}],\"inLanguage\":\"tr\"}]}<\/script>\n<!-- \/ Yoast SEO plugin. -->","yoast_head_json":{"title":"D\u0130KD\u00d6RTGEN FORM OPAL DO\u011eAL TA\u015e KADIN KOLYE - Astrolog Elvan","robots":{"index":"index","follow":"follow","max-snippet":"max-snippet:-1","max-image-preview":"max-image-preview:large","max-video-preview":"max-video-preview:-1"},"canonical":"https:\/\/astrologelvan.com\/magaza\/urun\/dikdortgen-form-opal-dogal-tas-kadin-kolye\/","og_locale":"tr_TR","og_type":"article","og_title":"D\u0130KD\u00d6RTGEN FORM OPAL DO\u011eAL TA\u015e KADIN KOLYE - Astrolog Elvan","og_description":"Opal ince bir titre\u015fimi olan hassas bir ta\u015ft\u0131r. Kozmik fark\u0131ndal\u0131\u011f\u0131 art\u0131r\u0131r, psi\u015fik ve mistik vizyonlara sebep olur. Emici ve yans\u0131t\u0131c\u0131d\u0131r. Duygu ve d\u00fc\u015f\u00fcnceleri al\u0131r, b\u00fcy\u00fct\u00fcr ve kaynaklar\u0131na geri d\u00f6nd\u00fcr\u00fcr. Karmik bir ta\u015ft\u0131r, d\u0131\u015far\u0131 ne veriyorsan\u0131z onun size geri d\u00f6nece\u011fini \u00f6\u011fretir. A\u015fk ve tutku, arzu ve erotizmle \u00f6zde\u015fle\u015fmi\u015ftir. Duygusal durumlar\u0131 yo\u011funla\u015ft\u0131r\u0131p sonorlar\u0131 kald\u0131ran ba\u015ftan \u00e7\u0131kar\u0131c\u0131 bir ta\u015ft\u0131r. Opal size ge\u00e7mi\u015fte, \u00f6zellikle ba\u015fka hayatlarda duygusal durumunuzun nas\u0131l oldu\u011funu g\u00f6sterir ve hissettikleriniz hakk\u0131nda sorumluluk almay\u0131 \u00f6\u011fretir.","og_url":"https:\/\/astrologelvan.com\/magaza\/urun\/dikdortgen-form-opal-dogal-tas-kadin-kolye\/","og_site_name":"Astrolog Elvan","article_modified_time":"2026-04-05T11:50:05+00:00","og_image":[{"width":2560,"height":2560,"url":"https:\/\/astrologelvan.com\/magaza\/wp-content\/uploads\/2024\/02\/1-149-scaled.jpg","type":"image\/jpeg"}],"twitter_card":"summary_large_image","twitter_misc":{"Tahmini okuma s\u00fcresi":"2 dakika"},"schema":{"@context":"https:\/\/schema.org","@graph":[{"@type":["WebPage","ItemPage"],"@id":"https:\/\/astrologelvan.com\/magaza\/urun\/dikdortgen-form-opal-dogal-tas-kadin-kolye\/","url":"https:\/\/astrologelvan.com\/magaza\/urun\/dikdortgen-form-opal-dogal-tas-kadin-kolye\/","name":"D\u0130KD\u00d6RTGEN FORM OPAL DO\u011eAL TA\u015e KADIN KOLYE - Astrolog Elvan","isPartOf":{"@id":"https:\/\/astrologelvan.com\/magaza\/#website"},"primaryImageOfPage":{"@id":"https:\/\/astrologelvan.com\/magaza\/urun\/dikdortgen-form-opal-dogal-tas-kadin-kolye\/#primaryimage"},"image":{"@id":"https:\/\/astrologelvan.com\/magaza\/urun\/dikdortgen-form-opal-dogal-tas-kadin-kolye\/#primaryimage"},"thumbnailUrl":"https:\/\/astrologelvan.com\/magaza\/wp-content\/uploads\/2024\/02\/1-149-scaled.jpg","datePublished":"2024-02-28T00:08:28+00:00","dateModified":"2026-04-05T11:50:05+00:00","breadcrumb":{"@id":"https:\/\/astrologelvan.com\/magaza\/urun\/dikdortgen-form-opal-dogal-tas-kadin-kolye\/#breadcrumb"},"inLanguage":"tr","potentialAction":[{"@type":"ReadAction","target":["https:\/\/astrologelvan.com\/magaza\/urun\/dikdortgen-form-opal-dogal-tas-kadin-kolye\/"]}]},{"@type":"ImageObject","inLanguage":"tr","@id":"https:\/\/astrologelvan.com\/magaza\/urun\/dikdortgen-form-opal-dogal-tas-kadin-kolye\/#primaryimage","url":"https:\/\/astrologelvan.com\/magaza\/wp-content\/uploads\/2024\/02\/1-149-scaled.jpg","contentUrl":"https:\/\/astrologelvan.com\/magaza\/wp-content\/uploads\/2024\/02\/1-149-scaled.jpg","width":2560,"height":2560},{"@type":"BreadcrumbList","@id":"https:\/\/astrologelvan.com\/magaza\/urun\/dikdortgen-form-opal-dogal-tas-kadin-kolye\/#breadcrumb","itemListElement":[{"@type":"ListItem","position":1,"name":"Anasayfa","item":"https:\/\/astrologelvan.com\/magaza\/"},{"@type":"ListItem","position":2,"name":"Ma\u011faza","item":"https:\/\/astrologelvan.com\/magaza\/magaza\/"},{"@type":"ListItem","position":3,"name":"D\u0130KD\u00d6RTGEN FORM OPAL DO\u011eAL TA\u015e KADIN KOLYE"}]},{"@type":"WebSite","@id":"https:\/\/astrologelvan.com\/magaza\/#website","url":"https:\/\/astrologelvan.com\/magaza\/","name":"Astrolog Elvan","description":"","potentialAction":[{"@type":"SearchAction","target":{"@type":"EntryPoint","urlTemplate":"https:\/\/astrologelvan.com\/magaza\/?s={search_term_string}"},"query-input":{"@type":"PropertyValueSpecification","valueRequired":true,"valueName":"search_term_string"}}],"inLanguage":"tr"}]}},"_links":{"self":[{"href":"https:\/\/astrologelvan.com\/magaza\/wp-json\/wp\/v2\/product\/1007","targetHints":{"allow":["GET"]}}],"collection":[{"href":"https:\/\/astrologelvan.com\/magaza\/wp-json\/wp\/v2\/product"}],"about":[{"href":"https:\/\/astrologelvan.com\/magaza\/wp-json\/wp\/v2\/types\/product"}],"replies":[{"embeddable":true,"href":"https:\/\/astrologelvan.com\/magaza\/wp-json\/wp\/v2\/comments?post=1007"}],"wp:featuredmedia":[{"embeddable":true,"href":"https:\/\/astrologelvan.com\/magaza\/wp-json\/wp\/v2\/media\/10251"}],"wp:attachment":[{"href":"https:\/\/astrologelvan.com\/magaza\/wp-json\/wp\/v2\/media?parent=1007"}],"wp:term":[{"taxonomy":"product_brand","embeddable":true,"href":"https:\/\/astrologelvan.com\/magaza\/wp-json\/wp\/v2\/product_brand?post=1007"},{"taxonomy":"product_cat","embeddable":true,"href":"https:\/\/astrologelvan.com\/magaza\/wp-json\/wp\/v2\/product_cat?post=1007"},{"taxonomy":"product_tag","embeddable":true,"href":"https:\/\/astrologelvan.com\/magaza\/wp-json\/wp\/v2\/product_tag?post=1007"}],"curies":[{"name":"wp","href":"https:\/\/api.w.org\/{rel}","templated":true}]}}