{"id":1006,"date":"2024-02-28T03:08:27","date_gmt":"2024-02-28T00:08:27","guid":{"rendered":"https:\/\/astrologelvan.shop\/?post_type=product&#038;p=1006"},"modified":"2026-03-26T20:31:05","modified_gmt":"2026-03-26T17:31:05","slug":"private-kit-neptun","status":"publish","type":"product","link":"https:\/\/astrologelvan.com\/magaza\/urun\/private-kit-neptun\/","title":{"rendered":"PR\u0130VATE K\u0130T &#8211; NEPT\u00dcN"},"content":{"rendered":"<p><b>K\u0130T \u0130\u00c7ER\u0130\u011e\u0130<\/b><\/p>\n<p class=\"p3\"><strong>Lapis Lazuli Ta\u015f\u0131 Pand\u00fcl<\/strong><\/p>\n<p class=\"p5\">Lapis Lazuli ta\u015f\u0131, ruhsal koruma ve g\u00fc\u00e7 i\u00e7in kullan\u0131l\u0131r. \u00d6zellikle dolunaylarda ve negatif gezegen etkilerinin oldu\u011fu gergin g\u00fcnlerde auran\u0131z\u0131 koruyacakt\u0131r. Antik M\u0131s\u0131r\u2019da Firavunlar\u0131n ta\u015f\u0131d\u0131r ve M\u0131s\u0131r piramitlerinin i\u00e7inde duvarlar\u0131n Lapis Lazuli ta\u015f\u0131 ile kapland\u0131\u011f\u0131 belirtilir. 3. g\u00f6z\u00fc a\u00e7mak, sezgileri kuvvetlendirmek i\u00e7in de kullan\u0131l\u0131r.<\/p>\n<p class=\"p3\"><strong>Krizopras Ta\u015f\u0131 Erkek Bilekli\u011fi<\/strong><\/p>\n<p class=\"p8\">Krizopras ta\u015f\u0131\u00a0ok\u00fclt bilgilerde ge\u00e7en en g\u00fc\u00e7l\u00fc ta\u015flardan biridir. Antik Roma \u00f6ncesi d\u00f6nemlerden beri kameler veya m\u00fch\u00fcrta\u015flar\u0131 halinde y\u00fcz\u00fck ve tak\u0131larda kullan\u0131lm\u0131\u015f olan krizopras, ho\u015f ye\u015fil rengi ve di\u011fer kuvarslara oranla daha nadir olu\u015fu ile tarih boyunca en de\u011ferli kuvars \u00e7e\u015fitlerinden biri olmu\u015ftur. Krizopras ta\u015f\u0131, soluk ye\u015fil, koyu ye\u015fil, elma ye\u015fili ve sar\u0131ms\u0131 ye\u015fil ve kahve renklerinde bulunan bir ta\u015ft\u0131r. Krizopras, negatif enerjiye kar\u015f\u0131 sizi g\u00f6r\u00fcnmez k\u0131lar. Nazar ve k\u00f6t\u00fc enerjiden sizi koruyan en k\u0131ymetli ta\u015ft\u0131r.<\/p>\n<p class=\"p3\"><strong>Hindistan 925 Ayar Rose Aura Kuvars Do\u011fal Ta\u015f Kolye<\/strong><\/p>\n<p class=\"p10\">Aura Kuvars\u0131n y\u00fcksek titre\u015fimi,\u00a0 ki\u015finin en derin hedef ve arzular\u0131n\u0131n pe\u015finde ko\u015fmas\u0131na ilham verir. Aura Kuvars\u0131n bu kadar y\u00fcksek bir titre\u015fime sahip olmas\u0131, ona dokunanlar\u0131n hassasiyet seviyesi ne olursa olsun kolayca etkileyebilir.\u00a0Bu durum, bulundu\u011funuz ortamda bolca mutluluk ve pozitiflikle doldurmak i\u00e7in yeterli enerji sa\u011flar. Kendinizle ve ba\u015fkalar\u0131yla aran\u0131zda olan sevgi ba\u011f\u0131n\u0131 ortaya \u00e7\u0131karmaktad\u0131r.\u00a0\u00a0Zihinsel ve fiziksel sa\u011fl\u0131\u011f\u0131n\u0131z\u0131 desteklemenin yan\u0131 s\u0131ra maneviyat\u0131n\u0131z\u0131 geli\u015ftirmenize de yard\u0131mc\u0131 olabilir.<\/p>\n<p class=\"p3\"><strong>925 Ayar G\u00fcm\u00fc\u015f \u00dczeri Alt\u0131n Kaplama Yuvarlak Form Lapis Lazuli Do\u011fal Ta\u015f Kolye<\/strong><\/p>\n<p class=\"p5\">Lapis Lazuli ta\u015f\u0131, ruhsal koruma ve g\u00fc\u00e7 i\u00e7in kullan\u0131l\u0131r. \u00d6zellikle dolunaylarda ve negatif gezegen etkilerinin oldu\u011fu gergin g\u00fcnlerde auran\u0131z\u0131 koruyacakt\u0131r. Antik M\u0131s\u0131r\u2019da Firavunlar\u0131n ta\u015f\u0131d\u0131r ve M\u0131s\u0131r piramitlerinin i\u00e7inde duvarlar\u0131n Lapis Lazuli ta\u015f\u0131 ile kapland\u0131\u011f\u0131 belirtilir. 3. g\u00f6z\u00fc a\u00e7mak, sezgileri kuvvetlendirmek i\u00e7in de kullan\u0131l\u0131r.<\/p>\n<p class=\"p3\"><strong>Ankh K\u00fcpe 925 Ayar G\u00fcm\u00fc\u015f \u00dczeri Alt\u0131n Kaplama<\/strong><\/p>\n<p class=\"p5\"><b>\u00a0<\/b>Ankh, Nil Nehri\u2019nin anahtar\u0131. M\u0131s\u0131r tarihinin en eski ve g\u00fc\u00e7l\u00fc sembollerinden. Kad\u0131n ve erke\u011fin birlikteli\u011fini anlat\u0131r. Sonsuz ya\u015fam d\u00f6ng\u00fcs\u00fcn\u00fc ve yeniden hayata gelmeyi temsil eder. T harfinin bir daire ile birle\u015fiminden olu\u015fur. T harfi, iki alem aras\u0131ndaki ileti\u015fimi ve ba\u011flant\u0131y\u0131 anlat\u0131r. Antik M\u0131s\u0131r\u2019da \u00f6l\u00fcler Ankh sembol\u00fc ile g\u00f6m\u00fcl\u00fcrlerdi. Daire ise g\u00f6ksel alemi sembolize eder.<br \/>\nAnkh sembol\u00fc, ger\u00e7e\u011fi g\u00f6rmekle alakal\u0131d\u0131r. Bize anlat\u0131landan fazlas\u0131n\u0131 bilmek, s\u00f6ylenilenlerin \u00f6tesini g\u00f6rmek. Ruhsal amac\u0131m\u0131z\u0131 bulmaya yard\u0131mc\u0131 olur. Spirit\u00fcel bilgeli\u011fin bir i\u015fareti olarak ta\u015f\u0131d\u0131\u011f\u0131n\u0131zda g\u00fcnden g\u00fcne i\u00e7inizdeki de\u011fi\u015fime \u015fahit olacaks\u0131n\u0131z.<\/p>\n<p class=\"p3\"><strong>Akuamarin Do\u011fal Ta\u015f Bileklik ( K\u00fc\u00e7\u00fck Boy )<\/strong><\/p>\n<p class=\"p5\">Akuamarin ta\u015flar\u0131 ismini deniz suyunu and\u0131rd\u0131\u011f\u0131, mavi ve ye\u015fil renkleri i\u00e7inde bar\u0131nd\u0131rd\u0131\u011f\u0131 i\u00e7in Latincede \u201cdenizin suyu\u201d anlam\u0131na gelen \u201cAqua Marinus\u201d isminden alm\u0131\u015ft\u0131r. Akuamarin ta\u015f\u0131 bar\u0131\u015f, cesaret ve dinginli\u011fi i\u00e7inde bar\u0131nd\u0131rarak size uyumlu bir atmosfer yarat\u0131r. A\u015fk\u0131 temsil etme \u00f6zelli\u011fi olan Akuamarin ta\u015flar\u0131n\u0131 yeni ba\u015flang\u0131\u00e7lar\u0131n\u0131zda kullan\u0131labilirsiniz. Olumlu ve sakinle\u015ftirici \u00f6zelli\u011fi bulunan Akuamarin ta\u015flar\u0131; meditasyon yaparken kullanabilir, enerji merkezinizi dengeleyerek daha iyi ileti\u015fim kurabilirsiniz.<\/p>\n","protected":false},"excerpt":{"rendered":"<p><strong>S\u0131n\u0131rl\u0131 Say\u0131da!<\/strong><\/p>\n<p>Eyl\u00fcl ay\u0131 boyunca ald\u0131\u011f\u0131n\u0131z kit ile <strong>Astrolog Elvan Vip Zoom<\/strong> toplant\u0131s\u0131na kat\u0131lma \u015fans\u0131 elde edeceksiniz.<\/p>\n<p><strong>Kit i\u00e7eri\u011fi:<\/strong><\/p>\n<p class=\"p1\">Lapis Lazuli Ta\u015f\u0131 Pand\u00fcl<\/p>\n<p class=\"p1\">Krizopras Ta\u015f\u0131 Erkek Bilekli\u011fi<\/p>\n<p class=\"p1\">Hindistan 925 Ayar Rose Aura Kuvars Do\u011fal Ta\u015f Kolye<\/p>\n<p class=\"p1\">925 Ayar G\u00fcm\u00fc\u015f \u00dczeri Alt\u0131n Kaplama Yuvarlak Form Lapis Lazuli Do\u011fal Ta\u015f Kolye<\/p>\n<p class=\"p1\">Ankh K\u00fcpe 925 Ayar G\u00fcm\u00fc\u015f \u00dczeri Alt\u0131n Kaplama<\/p>\n<p class=\"p1\">Akuamarin Do\u011fal Ta\u015f Bileklik ( K\u00fc\u00e7\u00fck Boy )<\/p>\n","protected":false},"featured_media":1066,"comment_status":"open","ping_status":"closed","template":"","meta":[],"product_brand":[],"product_cat":[470],"product_tag":[],"class_list":{"0":"post-1006","1":"product","2":"type-product","3":"status-publish","4":"has-post-thumbnail","6":"product_cat-private-kitler","8":"first","9":"outofstock","10":"taxable","11":"shipping-taxable","12":"purchasable","13":"product-type-simple"},"yoast_head":"<!-- This site is optimized with the Yoast SEO plugin v27.3 - https:\/\/yoast.com\/product\/yoast-seo-wordpress\/ -->\n<title>PR\u0130VATE K\u0130T - NEPT\u00dcN - Astrolog Elvan<\/title>\n<meta name=\"robots\" content=\"index, follow, max-snippet:-1, max-image-preview:large, max-video-preview:-1\" \/>\n<link rel=\"canonical\" href=\"https:\/\/astrologelvan.com\/magaza\/urun\/private-kit-neptun\/\" \/>\n<meta property=\"og:locale\" content=\"tr_TR\" \/>\n<meta property=\"og:type\" content=\"article\" \/>\n<meta property=\"og:title\" content=\"PR\u0130VATE K\u0130T - NEPT\u00dcN - Astrolog Elvan\" \/>\n<meta property=\"og:description\" content=\"S\u0131n\u0131rl\u0131 Say\u0131da!  Eyl\u00fcl ay\u0131 boyunca ald\u0131\u011f\u0131n\u0131z kit ile Astrolog Elvan Vip Zoom toplant\u0131s\u0131na kat\u0131lma \u015fans\u0131 elde edeceksiniz.  Kit i\u00e7eri\u011fi: Lapis Lazuli Ta\u015f\u0131 Pand\u00fcl Krizopras Ta\u015f\u0131 Erkek Bilekli\u011fi Hindistan 925 Ayar Rose Aura Kuvars Do\u011fal Ta\u015f Kolye 925 Ayar G\u00fcm\u00fc\u015f \u00dczeri Alt\u0131n Kaplama Yuvarlak Form Lapis Lazuli Do\u011fal Ta\u015f Kolye Ankh K\u00fcpe 925 Ayar G\u00fcm\u00fc\u015f \u00dczeri Alt\u0131n Kaplama Akuamarin Do\u011fal Ta\u015f Bileklik ( K\u00fc\u00e7\u00fck Boy )\" \/>\n<meta property=\"og:url\" content=\"https:\/\/astrologelvan.com\/magaza\/urun\/private-kit-neptun\/\" \/>\n<meta property=\"og:site_name\" content=\"Astrolog Elvan\" \/>\n<meta property=\"article:modified_time\" content=\"2026-03-26T17:31:05+00:00\" \/>\n<meta property=\"og:image\" content=\"https:\/\/astrologelvan.com\/magaza\/wp-content\/uploads\/2024\/02\/neptun-private-kit-1.jpg\" \/>\n\t<meta property=\"og:image:width\" content=\"1080\" \/>\n\t<meta property=\"og:image:height\" content=\"1080\" \/>\n\t<meta property=\"og:image:type\" content=\"image\/jpeg\" \/>\n<meta name=\"twitter:card\" content=\"summary_large_image\" \/>\n<meta name=\"twitter:label1\" content=\"Tahmini okuma s\u00fcresi\" \/>\n\t<meta name=\"twitter:data1\" content=\"3 dakika\" \/>\n<script type=\"application\/ld+json\" class=\"yoast-schema-graph\">{\"@context\":\"https:\\\/\\\/schema.org\",\"@graph\":[{\"@type\":[\"WebPage\",\"ItemPage\"],\"@id\":\"https:\\\/\\\/astrologelvan.com\\\/magaza\\\/urun\\\/private-kit-neptun\\\/\",\"url\":\"https:\\\/\\\/astrologelvan.com\\\/magaza\\\/urun\\\/private-kit-neptun\\\/\",\"name\":\"PR\u0130VATE K\u0130T - NEPT\u00dcN - Astrolog Elvan\",\"isPartOf\":{\"@id\":\"https:\\\/\\\/astrologelvan.com\\\/magaza\\\/#website\"},\"primaryImageOfPage\":{\"@id\":\"https:\\\/\\\/astrologelvan.com\\\/magaza\\\/urun\\\/private-kit-neptun\\\/#primaryimage\"},\"image\":{\"@id\":\"https:\\\/\\\/astrologelvan.com\\\/magaza\\\/urun\\\/private-kit-neptun\\\/#primaryimage\"},\"thumbnailUrl\":\"https:\\\/\\\/astrologelvan.com\\\/magaza\\\/wp-content\\\/uploads\\\/2024\\\/02\\\/neptun-private-kit-1.jpg\",\"datePublished\":\"2024-02-28T00:08:27+00:00\",\"dateModified\":\"2026-03-26T17:31:05+00:00\",\"breadcrumb\":{\"@id\":\"https:\\\/\\\/astrologelvan.com\\\/magaza\\\/urun\\\/private-kit-neptun\\\/#breadcrumb\"},\"inLanguage\":\"tr\",\"potentialAction\":[{\"@type\":\"ReadAction\",\"target\":[\"https:\\\/\\\/astrologelvan.com\\\/magaza\\\/urun\\\/private-kit-neptun\\\/\"]}]},{\"@type\":\"ImageObject\",\"inLanguage\":\"tr\",\"@id\":\"https:\\\/\\\/astrologelvan.com\\\/magaza\\\/urun\\\/private-kit-neptun\\\/#primaryimage\",\"url\":\"https:\\\/\\\/astrologelvan.com\\\/magaza\\\/wp-content\\\/uploads\\\/2024\\\/02\\\/neptun-private-kit-1.jpg\",\"contentUrl\":\"https:\\\/\\\/astrologelvan.com\\\/magaza\\\/wp-content\\\/uploads\\\/2024\\\/02\\\/neptun-private-kit-1.jpg\",\"width\":1080,\"height\":1080},{\"@type\":\"BreadcrumbList\",\"@id\":\"https:\\\/\\\/astrologelvan.com\\\/magaza\\\/urun\\\/private-kit-neptun\\\/#breadcrumb\",\"itemListElement\":[{\"@type\":\"ListItem\",\"position\":1,\"name\":\"Anasayfa\",\"item\":\"https:\\\/\\\/astrologelvan.com\\\/magaza\\\/\"},{\"@type\":\"ListItem\",\"position\":2,\"name\":\"Ma\u011faza\",\"item\":\"https:\\\/\\\/astrologelvan.com\\\/magaza\\\/magaza\\\/\"},{\"@type\":\"ListItem\",\"position\":3,\"name\":\"PR\u0130VATE K\u0130T &#8211; NEPT\u00dcN\"}]},{\"@type\":\"WebSite\",\"@id\":\"https:\\\/\\\/astrologelvan.com\\\/magaza\\\/#website\",\"url\":\"https:\\\/\\\/astrologelvan.com\\\/magaza\\\/\",\"name\":\"Astrolog Elvan\",\"description\":\"\",\"potentialAction\":[{\"@type\":\"SearchAction\",\"target\":{\"@type\":\"EntryPoint\",\"urlTemplate\":\"https:\\\/\\\/astrologelvan.com\\\/magaza\\\/?s={search_term_string}\"},\"query-input\":{\"@type\":\"PropertyValueSpecification\",\"valueRequired\":true,\"valueName\":\"search_term_string\"}}],\"inLanguage\":\"tr\"}]}<\/script>\n<!-- \/ Yoast SEO plugin. -->","yoast_head_json":{"title":"PR\u0130VATE K\u0130T - NEPT\u00dcN - Astrolog Elvan","robots":{"index":"index","follow":"follow","max-snippet":"max-snippet:-1","max-image-preview":"max-image-preview:large","max-video-preview":"max-video-preview:-1"},"canonical":"https:\/\/astrologelvan.com\/magaza\/urun\/private-kit-neptun\/","og_locale":"tr_TR","og_type":"article","og_title":"PR\u0130VATE K\u0130T - NEPT\u00dcN - Astrolog Elvan","og_description":"S\u0131n\u0131rl\u0131 Say\u0131da!  Eyl\u00fcl ay\u0131 boyunca ald\u0131\u011f\u0131n\u0131z kit ile Astrolog Elvan Vip Zoom toplant\u0131s\u0131na kat\u0131lma \u015fans\u0131 elde edeceksiniz.  Kit i\u00e7eri\u011fi: Lapis Lazuli Ta\u015f\u0131 Pand\u00fcl Krizopras Ta\u015f\u0131 Erkek Bilekli\u011fi Hindistan 925 Ayar Rose Aura Kuvars Do\u011fal Ta\u015f Kolye 925 Ayar G\u00fcm\u00fc\u015f \u00dczeri Alt\u0131n Kaplama Yuvarlak Form Lapis Lazuli Do\u011fal Ta\u015f Kolye Ankh K\u00fcpe 925 Ayar G\u00fcm\u00fc\u015f \u00dczeri Alt\u0131n Kaplama Akuamarin Do\u011fal Ta\u015f Bileklik ( K\u00fc\u00e7\u00fck Boy )","og_url":"https:\/\/astrologelvan.com\/magaza\/urun\/private-kit-neptun\/","og_site_name":"Astrolog Elvan","article_modified_time":"2026-03-26T17:31:05+00:00","og_image":[{"width":1080,"height":1080,"url":"https:\/\/astrologelvan.com\/magaza\/wp-content\/uploads\/2024\/02\/neptun-private-kit-1.jpg","type":"image\/jpeg"}],"twitter_card":"summary_large_image","twitter_misc":{"Tahmini okuma s\u00fcresi":"3 dakika"},"schema":{"@context":"https:\/\/schema.org","@graph":[{"@type":["WebPage","ItemPage"],"@id":"https:\/\/astrologelvan.com\/magaza\/urun\/private-kit-neptun\/","url":"https:\/\/astrologelvan.com\/magaza\/urun\/private-kit-neptun\/","name":"PR\u0130VATE K\u0130T - NEPT\u00dcN - Astrolog Elvan","isPartOf":{"@id":"https:\/\/astrologelvan.com\/magaza\/#website"},"primaryImageOfPage":{"@id":"https:\/\/astrologelvan.com\/magaza\/urun\/private-kit-neptun\/#primaryimage"},"image":{"@id":"https:\/\/astrologelvan.com\/magaza\/urun\/private-kit-neptun\/#primaryimage"},"thumbnailUrl":"https:\/\/astrologelvan.com\/magaza\/wp-content\/uploads\/2024\/02\/neptun-private-kit-1.jpg","datePublished":"2024-02-28T00:08:27+00:00","dateModified":"2026-03-26T17:31:05+00:00","breadcrumb":{"@id":"https:\/\/astrologelvan.com\/magaza\/urun\/private-kit-neptun\/#breadcrumb"},"inLanguage":"tr","potentialAction":[{"@type":"ReadAction","target":["https:\/\/astrologelvan.com\/magaza\/urun\/private-kit-neptun\/"]}]},{"@type":"ImageObject","inLanguage":"tr","@id":"https:\/\/astrologelvan.com\/magaza\/urun\/private-kit-neptun\/#primaryimage","url":"https:\/\/astrologelvan.com\/magaza\/wp-content\/uploads\/2024\/02\/neptun-private-kit-1.jpg","contentUrl":"https:\/\/astrologelvan.com\/magaza\/wp-content\/uploads\/2024\/02\/neptun-private-kit-1.jpg","width":1080,"height":1080},{"@type":"BreadcrumbList","@id":"https:\/\/astrologelvan.com\/magaza\/urun\/private-kit-neptun\/#breadcrumb","itemListElement":[{"@type":"ListItem","position":1,"name":"Anasayfa","item":"https:\/\/astrologelvan.com\/magaza\/"},{"@type":"ListItem","position":2,"name":"Ma\u011faza","item":"https:\/\/astrologelvan.com\/magaza\/magaza\/"},{"@type":"ListItem","position":3,"name":"PR\u0130VATE K\u0130T &#8211; NEPT\u00dcN"}]},{"@type":"WebSite","@id":"https:\/\/astrologelvan.com\/magaza\/#website","url":"https:\/\/astrologelvan.com\/magaza\/","name":"Astrolog Elvan","description":"","potentialAction":[{"@type":"SearchAction","target":{"@type":"EntryPoint","urlTemplate":"https:\/\/astrologelvan.com\/magaza\/?s={search_term_string}"},"query-input":{"@type":"PropertyValueSpecification","valueRequired":true,"valueName":"search_term_string"}}],"inLanguage":"tr"}]}},"_links":{"self":[{"href":"https:\/\/astrologelvan.com\/magaza\/wp-json\/wp\/v2\/product\/1006","targetHints":{"allow":["GET"]}}],"collection":[{"href":"https:\/\/astrologelvan.com\/magaza\/wp-json\/wp\/v2\/product"}],"about":[{"href":"https:\/\/astrologelvan.com\/magaza\/wp-json\/wp\/v2\/types\/product"}],"replies":[{"embeddable":true,"href":"https:\/\/astrologelvan.com\/magaza\/wp-json\/wp\/v2\/comments?post=1006"}],"wp:featuredmedia":[{"embeddable":true,"href":"https:\/\/astrologelvan.com\/magaza\/wp-json\/wp\/v2\/media\/1066"}],"wp:attachment":[{"href":"https:\/\/astrologelvan.com\/magaza\/wp-json\/wp\/v2\/media?parent=1006"}],"wp:term":[{"taxonomy":"product_brand","embeddable":true,"href":"https:\/\/astrologelvan.com\/magaza\/wp-json\/wp\/v2\/product_brand?post=1006"},{"taxonomy":"product_cat","embeddable":true,"href":"https:\/\/astrologelvan.com\/magaza\/wp-json\/wp\/v2\/product_cat?post=1006"},{"taxonomy":"product_tag","embeddable":true,"href":"https:\/\/astrologelvan.com\/magaza\/wp-json\/wp\/v2\/product_tag?post=1006"}],"curies":[{"name":"wp","href":"https:\/\/api.w.org\/{rel}","templated":true}]}}