{"id":100337,"date":"2025-08-26T13:41:55","date_gmt":"2025-08-26T10:41:55","guid":{"rendered":"https:\/\/astrologelvan.com\/magaza\/?post_type=product&#038;p=100337"},"modified":"2026-03-18T15:08:35","modified_gmt":"2026-03-18T12:08:35","slug":"eat-pray-lova-manifest-madalyon","status":"publish","type":"product","link":"https:\/\/astrologelvan.com\/magaza\/urun\/eat-pray-lova-manifest-madalyon\/","title":{"rendered":"Eat Pray Love Manifest Madalyon"},"content":{"rendered":"<div>Baz\u0131 \u00fclkeler sihirlidir ve baz\u0131 kolyeler de \u00f6yle. \u00c7\u00fcnk\u00fc hayat; g\u00fczel yemekler, dua etmek ve sevmekle g\u00fczelle\u015fir. Peki \u015fimdi, sen kendi hayat\u0131n\u0131, kendi hayat\u0131n\u0131n sihrini yaratmaya haz\u0131r m\u0131s\u0131n? Bu kolye, Bali&#8217;nin kutsal ve b\u00fcy\u00fcleyici enerjisiyle m\u00fch\u00fcrlendi. Ve \u015fimdi se\u00e7ilmi\u015f olanlara ve andan keyif almaya haz\u0131r olanlara da t\u0131ls\u0131m\u0131n\u0131 hediye edecek.<\/div>\n<div><\/div>\n<div>E\u011fer andan keyif almay\u0131, an\u0131n hediyelerini g\u00f6rmeyi, ruhsal olarak ayd\u0131nlanmay\u0131 ve b\u00fcy\u00fcmeyi ve de sevmeye sevilmeye kalbini, ruhunu, bedenini a\u00e7may\u0131 manifestliyorsan, bu kolye sana \u00e7ok iyi gelecek.<\/div>\n","protected":false},"excerpt":{"rendered":"<p>Baz\u0131 \u00fclkeler sihirlidir ve baz\u0131 kolyeler de \u00f6yle. \u00c7\u00fcnk\u00fc hayat; g\u00fczel yemekler, dua etmek ve sevmekle g\u00fczelle\u015fir. Peki \u015fimdi, sen kendi hayat\u0131n\u0131, kendi hayat\u0131n\u0131n sihrini yaratmaya haz\u0131r m\u0131s\u0131n? Bu kolye, Bali&#8217;nin kutsal ve b\u00fcy\u00fcleyici enerjisiyle m\u00fch\u00fcrlendi. Ve \u015fimdi se\u00e7ilmi\u015f olanlara ve andan keyif almaya haz\u0131r olanlara da t\u0131ls\u0131m\u0131n\u0131 hediye edecek.<br \/>\nE\u011fer andan keyif almay\u0131, an\u0131n hediyelerini g\u00f6rmeyi, ruhsal olarak ayd\u0131nlanmay\u0131 ve b\u00fcy\u00fcmeyi ve de sevmeye sevilmeye kalbini, ruhunu, bedenini a\u00e7may\u0131 manifestliyorsan, bu kolye sana \u00e7ok iyi gelecek.<\/p>\n<p><strong>12gr 925 Ayar G\u00fcm\u00fc\u015f<br \/>\nAlt\u0131n Kaplama<\/p>\n<p><\/strong>Madalyonun i\u00e7 y\u00fcz\u00fcne manifestledi\u011finiz ismi yazabiliriz. Yaz\u0131lmas\u0131n\u0131 istedi\u011finiz ismi sipari\u015f olu\u015ftururken <strong>sipari\u015f notlar\u0131<\/strong> k\u0131sm\u0131nda belirtmeniz yeterlidir.<strong><br \/>\n<\/strong><\/p>\n","protected":false},"featured_media":100328,"comment_status":"open","ping_status":"closed","template":"","meta":[],"product_brand":[],"product_cat":[255],"product_tag":[],"class_list":{"0":"post-100337","1":"product","2":"type-product","3":"status-publish","4":"has-post-thumbnail","6":"product_cat-gumus-kolye","8":"first","9":"instock","10":"purchasable","11":"product-type-simple"},"yoast_head":"<!-- This site is optimized with the Yoast SEO plugin v27.3 - https:\/\/yoast.com\/product\/yoast-seo-wordpress\/ -->\n<title>Eat Pray Love Manifest Madalyon - Astrolog Elvan<\/title>\n<meta name=\"robots\" content=\"index, follow, max-snippet:-1, max-image-preview:large, max-video-preview:-1\" \/>\n<link rel=\"canonical\" href=\"https:\/\/astrologelvan.com\/magaza\/urun\/eat-pray-lova-manifest-madalyon\/\" \/>\n<meta property=\"og:locale\" content=\"tr_TR\" \/>\n<meta property=\"og:type\" content=\"article\" \/>\n<meta property=\"og:title\" content=\"Eat Pray Love Manifest Madalyon - Astrolog Elvan\" \/>\n<meta property=\"og:description\" content=\"Baz\u0131 \u00fclkeler sihirlidir ve baz\u0131 kolyeler de \u00f6yle. \u00c7\u00fcnk\u00fc hayat; g\u00fczel yemekler, dua etmek ve sevmekle g\u00fczelle\u015fir. Peki \u015fimdi, sen kendi hayat\u0131n\u0131, kendi hayat\u0131n\u0131n sihrini yaratmaya haz\u0131r m\u0131s\u0131n? Bu kolye, Bali&#039;nin kutsal ve b\u00fcy\u00fcleyici enerjisiyle m\u00fch\u00fcrlendi. Ve \u015fimdi se\u00e7ilmi\u015f olanlara ve andan keyif almaya haz\u0131r olanlara da t\u0131ls\u0131m\u0131n\u0131 hediye edecek. E\u011fer andan keyif almay\u0131, an\u0131n hediyelerini g\u00f6rmeyi, ruhsal olarak ayd\u0131nlanmay\u0131 ve b\u00fcy\u00fcmeyi ve de sevmeye sevilmeye kalbini, ruhunu, bedenini a\u00e7may\u0131 manifestliyorsan, bu kolye sana \u00e7ok iyi gelecek.  12gr 925 Ayar G\u00fcm\u00fc\u015f Alt\u0131n Kaplama  Madalyonun i\u00e7 y\u00fcz\u00fcne manifestledi\u011finiz ismi yazabiliriz. Yaz\u0131lmas\u0131n\u0131 istedi\u011finiz ismi sipari\u015f olu\u015ftururken sipari\u015f notlar\u0131 k\u0131sm\u0131nda belirtmeniz yeterlidir.\" \/>\n<meta property=\"og:url\" content=\"https:\/\/astrologelvan.com\/magaza\/urun\/eat-pray-lova-manifest-madalyon\/\" \/>\n<meta property=\"og:site_name\" content=\"Astrolog Elvan\" \/>\n<meta property=\"article:modified_time\" content=\"2026-03-18T12:08:35+00:00\" \/>\n<meta property=\"og:image\" content=\"https:\/\/astrologelvan.com\/magaza\/wp-content\/uploads\/2025\/08\/IMG_8374-1-3000x4000.jpg\" \/>\n\t<meta property=\"og:image:width\" content=\"3000\" \/>\n\t<meta property=\"og:image:height\" content=\"4000\" \/>\n\t<meta property=\"og:image:type\" content=\"image\/jpeg\" \/>\n<meta name=\"twitter:card\" content=\"summary_large_image\" \/>\n<meta name=\"twitter:label1\" content=\"Tahmini okuma s\u00fcresi\" \/>\n\t<meta name=\"twitter:data1\" content=\"1 dakika\" \/>\n<script type=\"application\/ld+json\" class=\"yoast-schema-graph\">{\"@context\":\"https:\\\/\\\/schema.org\",\"@graph\":[{\"@type\":[\"WebPage\",\"ItemPage\"],\"@id\":\"https:\\\/\\\/astrologelvan.com\\\/magaza\\\/urun\\\/eat-pray-lova-manifest-madalyon\\\/\",\"url\":\"https:\\\/\\\/astrologelvan.com\\\/magaza\\\/urun\\\/eat-pray-lova-manifest-madalyon\\\/\",\"name\":\"Eat Pray Love Manifest Madalyon - Astrolog Elvan\",\"isPartOf\":{\"@id\":\"https:\\\/\\\/astrologelvan.com\\\/magaza\\\/#website\"},\"primaryImageOfPage\":{\"@id\":\"https:\\\/\\\/astrologelvan.com\\\/magaza\\\/urun\\\/eat-pray-lova-manifest-madalyon\\\/#primaryimage\"},\"image\":{\"@id\":\"https:\\\/\\\/astrologelvan.com\\\/magaza\\\/urun\\\/eat-pray-lova-manifest-madalyon\\\/#primaryimage\"},\"thumbnailUrl\":\"https:\\\/\\\/astrologelvan.com\\\/magaza\\\/wp-content\\\/uploads\\\/2025\\\/08\\\/IMG_8374-1.jpg\",\"datePublished\":\"2025-08-26T10:41:55+00:00\",\"dateModified\":\"2026-03-18T12:08:35+00:00\",\"breadcrumb\":{\"@id\":\"https:\\\/\\\/astrologelvan.com\\\/magaza\\\/urun\\\/eat-pray-lova-manifest-madalyon\\\/#breadcrumb\"},\"inLanguage\":\"tr\",\"potentialAction\":[{\"@type\":\"ReadAction\",\"target\":[\"https:\\\/\\\/astrologelvan.com\\\/magaza\\\/urun\\\/eat-pray-lova-manifest-madalyon\\\/\"]}]},{\"@type\":\"ImageObject\",\"inLanguage\":\"tr\",\"@id\":\"https:\\\/\\\/astrologelvan.com\\\/magaza\\\/urun\\\/eat-pray-lova-manifest-madalyon\\\/#primaryimage\",\"url\":\"https:\\\/\\\/astrologelvan.com\\\/magaza\\\/wp-content\\\/uploads\\\/2025\\\/08\\\/IMG_8374-1.jpg\",\"contentUrl\":\"https:\\\/\\\/astrologelvan.com\\\/magaza\\\/wp-content\\\/uploads\\\/2025\\\/08\\\/IMG_8374-1.jpg\",\"width\":3024,\"height\":4032},{\"@type\":\"BreadcrumbList\",\"@id\":\"https:\\\/\\\/astrologelvan.com\\\/magaza\\\/urun\\\/eat-pray-lova-manifest-madalyon\\\/#breadcrumb\",\"itemListElement\":[{\"@type\":\"ListItem\",\"position\":1,\"name\":\"Anasayfa\",\"item\":\"https:\\\/\\\/astrologelvan.com\\\/magaza\\\/\"},{\"@type\":\"ListItem\",\"position\":2,\"name\":\"Ma\u011faza\",\"item\":\"https:\\\/\\\/astrologelvan.com\\\/magaza\\\/magaza\\\/\"},{\"@type\":\"ListItem\",\"position\":3,\"name\":\"Eat Pray Love Manifest Madalyon\"}]},{\"@type\":\"WebSite\",\"@id\":\"https:\\\/\\\/astrologelvan.com\\\/magaza\\\/#website\",\"url\":\"https:\\\/\\\/astrologelvan.com\\\/magaza\\\/\",\"name\":\"Astrolog Elvan\",\"description\":\"\",\"potentialAction\":[{\"@type\":\"SearchAction\",\"target\":{\"@type\":\"EntryPoint\",\"urlTemplate\":\"https:\\\/\\\/astrologelvan.com\\\/magaza\\\/?s={search_term_string}\"},\"query-input\":{\"@type\":\"PropertyValueSpecification\",\"valueRequired\":true,\"valueName\":\"search_term_string\"}}],\"inLanguage\":\"tr\"}]}<\/script>\n<!-- \/ Yoast SEO plugin. -->","yoast_head_json":{"title":"Eat Pray Love Manifest Madalyon - Astrolog Elvan","robots":{"index":"index","follow":"follow","max-snippet":"max-snippet:-1","max-image-preview":"max-image-preview:large","max-video-preview":"max-video-preview:-1"},"canonical":"https:\/\/astrologelvan.com\/magaza\/urun\/eat-pray-lova-manifest-madalyon\/","og_locale":"tr_TR","og_type":"article","og_title":"Eat Pray Love Manifest Madalyon - Astrolog Elvan","og_description":"Baz\u0131 \u00fclkeler sihirlidir ve baz\u0131 kolyeler de \u00f6yle. \u00c7\u00fcnk\u00fc hayat; g\u00fczel yemekler, dua etmek ve sevmekle g\u00fczelle\u015fir. Peki \u015fimdi, sen kendi hayat\u0131n\u0131, kendi hayat\u0131n\u0131n sihrini yaratmaya haz\u0131r m\u0131s\u0131n? Bu kolye, Bali'nin kutsal ve b\u00fcy\u00fcleyici enerjisiyle m\u00fch\u00fcrlendi. Ve \u015fimdi se\u00e7ilmi\u015f olanlara ve andan keyif almaya haz\u0131r olanlara da t\u0131ls\u0131m\u0131n\u0131 hediye edecek. E\u011fer andan keyif almay\u0131, an\u0131n hediyelerini g\u00f6rmeyi, ruhsal olarak ayd\u0131nlanmay\u0131 ve b\u00fcy\u00fcmeyi ve de sevmeye sevilmeye kalbini, ruhunu, bedenini a\u00e7may\u0131 manifestliyorsan, bu kolye sana \u00e7ok iyi gelecek.  12gr 925 Ayar G\u00fcm\u00fc\u015f Alt\u0131n Kaplama  Madalyonun i\u00e7 y\u00fcz\u00fcne manifestledi\u011finiz ismi yazabiliriz. Yaz\u0131lmas\u0131n\u0131 istedi\u011finiz ismi sipari\u015f olu\u015ftururken sipari\u015f notlar\u0131 k\u0131sm\u0131nda belirtmeniz yeterlidir.","og_url":"https:\/\/astrologelvan.com\/magaza\/urun\/eat-pray-lova-manifest-madalyon\/","og_site_name":"Astrolog Elvan","article_modified_time":"2026-03-18T12:08:35+00:00","og_image":[{"width":3000,"height":4000,"url":"https:\/\/astrologelvan.com\/magaza\/wp-content\/uploads\/2025\/08\/IMG_8374-1-3000x4000.jpg","type":"image\/jpeg"}],"twitter_card":"summary_large_image","twitter_misc":{"Tahmini okuma s\u00fcresi":"1 dakika"},"schema":{"@context":"https:\/\/schema.org","@graph":[{"@type":["WebPage","ItemPage"],"@id":"https:\/\/astrologelvan.com\/magaza\/urun\/eat-pray-lova-manifest-madalyon\/","url":"https:\/\/astrologelvan.com\/magaza\/urun\/eat-pray-lova-manifest-madalyon\/","name":"Eat Pray Love Manifest Madalyon - Astrolog Elvan","isPartOf":{"@id":"https:\/\/astrologelvan.com\/magaza\/#website"},"primaryImageOfPage":{"@id":"https:\/\/astrologelvan.com\/magaza\/urun\/eat-pray-lova-manifest-madalyon\/#primaryimage"},"image":{"@id":"https:\/\/astrologelvan.com\/magaza\/urun\/eat-pray-lova-manifest-madalyon\/#primaryimage"},"thumbnailUrl":"https:\/\/astrologelvan.com\/magaza\/wp-content\/uploads\/2025\/08\/IMG_8374-1.jpg","datePublished":"2025-08-26T10:41:55+00:00","dateModified":"2026-03-18T12:08:35+00:00","breadcrumb":{"@id":"https:\/\/astrologelvan.com\/magaza\/urun\/eat-pray-lova-manifest-madalyon\/#breadcrumb"},"inLanguage":"tr","potentialAction":[{"@type":"ReadAction","target":["https:\/\/astrologelvan.com\/magaza\/urun\/eat-pray-lova-manifest-madalyon\/"]}]},{"@type":"ImageObject","inLanguage":"tr","@id":"https:\/\/astrologelvan.com\/magaza\/urun\/eat-pray-lova-manifest-madalyon\/#primaryimage","url":"https:\/\/astrologelvan.com\/magaza\/wp-content\/uploads\/2025\/08\/IMG_8374-1.jpg","contentUrl":"https:\/\/astrologelvan.com\/magaza\/wp-content\/uploads\/2025\/08\/IMG_8374-1.jpg","width":3024,"height":4032},{"@type":"BreadcrumbList","@id":"https:\/\/astrologelvan.com\/magaza\/urun\/eat-pray-lova-manifest-madalyon\/#breadcrumb","itemListElement":[{"@type":"ListItem","position":1,"name":"Anasayfa","item":"https:\/\/astrologelvan.com\/magaza\/"},{"@type":"ListItem","position":2,"name":"Ma\u011faza","item":"https:\/\/astrologelvan.com\/magaza\/magaza\/"},{"@type":"ListItem","position":3,"name":"Eat Pray Love Manifest Madalyon"}]},{"@type":"WebSite","@id":"https:\/\/astrologelvan.com\/magaza\/#website","url":"https:\/\/astrologelvan.com\/magaza\/","name":"Astrolog Elvan","description":"","potentialAction":[{"@type":"SearchAction","target":{"@type":"EntryPoint","urlTemplate":"https:\/\/astrologelvan.com\/magaza\/?s={search_term_string}"},"query-input":{"@type":"PropertyValueSpecification","valueRequired":true,"valueName":"search_term_string"}}],"inLanguage":"tr"}]}},"_links":{"self":[{"href":"https:\/\/astrologelvan.com\/magaza\/wp-json\/wp\/v2\/product\/100337","targetHints":{"allow":["GET"]}}],"collection":[{"href":"https:\/\/astrologelvan.com\/magaza\/wp-json\/wp\/v2\/product"}],"about":[{"href":"https:\/\/astrologelvan.com\/magaza\/wp-json\/wp\/v2\/types\/product"}],"replies":[{"embeddable":true,"href":"https:\/\/astrologelvan.com\/magaza\/wp-json\/wp\/v2\/comments?post=100337"}],"wp:featuredmedia":[{"embeddable":true,"href":"https:\/\/astrologelvan.com\/magaza\/wp-json\/wp\/v2\/media\/100328"}],"wp:attachment":[{"href":"https:\/\/astrologelvan.com\/magaza\/wp-json\/wp\/v2\/media?parent=100337"}],"wp:term":[{"taxonomy":"product_brand","embeddable":true,"href":"https:\/\/astrologelvan.com\/magaza\/wp-json\/wp\/v2\/product_brand?post=100337"},{"taxonomy":"product_cat","embeddable":true,"href":"https:\/\/astrologelvan.com\/magaza\/wp-json\/wp\/v2\/product_cat?post=100337"},{"taxonomy":"product_tag","embeddable":true,"href":"https:\/\/astrologelvan.com\/magaza\/wp-json\/wp\/v2\/product_tag?post=100337"}],"curies":[{"name":"wp","href":"https:\/\/api.w.org\/{rel}","templated":true}]}}