{"id":1001,"date":"2024-02-28T03:08:03","date_gmt":"2024-02-28T00:08:03","guid":{"rendered":"https:\/\/astrologelvan.shop\/?post_type=product&#038;p=1001"},"modified":"2026-03-26T20:31:05","modified_gmt":"2026-03-26T17:31:05","slug":"private-kit-uranus","status":"publish","type":"product","link":"https:\/\/astrologelvan.com\/magaza\/urun\/private-kit-uranus\/","title":{"rendered":"PR\u0130VATE K\u0130T &#8211; URAN\u00dcS"},"content":{"rendered":"<p><b>K\u0130T \u0130\u00c7ER\u0130\u011e\u0130<\/b><\/p>\n<p class=\"p3\"><strong>Sitrin Do\u011fal Ta\u015f Erkek Bileklik<\/strong><\/p>\n<p class=\"p1\">Hayat\u0131n\u0131za bolluk, bereket ve \u015fans\u0131 \u00e7ekin! Para ta\u015f\u0131 olarak da bilinen Sitrin bilekli\u011fi kullanmaya ba\u015flad\u0131\u011f\u0131n\u0131z andan itibaren finansal a\u00e7\u0131dan f\u0131rsatlar\u0131 hayat\u0131n\u0131za \u00e7ekersiniz. Ada\u00e7ay\u0131 ile t\u00fcts\u00fcleyip, \u015fans ve berekete niyet ederek takabilirsiniz!<\/p>\n<p class=\"p5\"><b>Silindir Form Lapis Lazuli Kolye<\/b><\/p>\n<p class=\"p1\">Lapis Lazuli ta\u015f\u0131, ruhsal koruma ve g\u00fc\u00e7 i\u00e7in kullan\u0131l\u0131r. \u00d6zellikle dolunaylarda ve negatif gezegen etkilerinin oldu\u011fu gergin g\u00fcnlerde auran\u0131z\u0131 koruyacakt\u0131r. Antik M\u0131s\u0131r\u2019da Firavunlar\u0131n ta\u015f\u0131d\u0131r ve M\u0131s\u0131r piramitlerinin i\u00e7inde duvarlar\u0131n Lapis Lazuli ta\u015f\u0131 ile kapland\u0131\u011f\u0131 belirtilir.<br \/>\n3. g\u00f6z\u00fc a\u00e7mak, sezgileri kuvvetlendirmek i\u00e7in de kullan\u0131l\u0131r.<\/p>\n<p class=\"p5\"><b>Selenit Kalp Do\u011fal Ta\u015f<\/b><\/p>\n<p class=\"p6\">\u00c7\u00d6L G\u00dcL\u00dc<\/p>\n<p class=\"p6\">\u00c7ok eski bir ge\u00e7mi\u015fi bulunan Selenit ta\u015f\u0131; Roma, M\u0131s\u0131r ve Osmanl\u0131 gibi pek \u00e7ok medeniyet taraf\u0131ndan da kullan\u0131lm\u0131\u015ft\u0131r. Sava\u015fta d\u00fc\u015fmanlardan korudu\u011funa inan\u0131lm\u0131\u015f askerlerin ve komutanlar\u0131n kendini muhafaza etmek i\u00e7in ba\u015fvurdu\u011fu bir ta\u015f olmu\u015ftur.\u00a0Selenit, ki\u015finin ve bulundu\u011fu ortam\u0131n auras\u0131n\u0131 temizleyen, enerjiyi ar\u0131nd\u0131ran titre\u015fimi y\u00fcksek, \u00e7ok g\u00fc\u00e7l\u00fc bir kristaldir.\u00a0K\u00f6t\u00fc enerjilere kar\u015f\u0131 kalkan g\u00f6revi g\u00f6r\u00fcr.\u00a0Selenit\u00a0ta\u015f\u0131 ar\u0131nd\u0131r\u0131c\u0131 ve temizleyici etkisinden dolay\u0131 hem v\u00fccudu hem de ki\u015finin bulundu\u011fu ortamdaki k\u00f6t\u00fc enerjileri temizler. Bu y\u00fczden enerji \u00e7al\u0131\u015fmalar\u0131nda s\u0131kl\u0131kla kullan\u0131l\u0131r.<\/p>\n<p class=\"p5\"><b>Ye\u015fil Fuksit (Fuchsite) Do\u011fal Ta\u015f Bileklik<\/b><\/p>\n<ul class=\"ul1\">\n<li class=\"li10\">Meditasyon esnas\u0131ndaki dingin ve olumlu enerjiyi en y\u00fcksek seviyeye ta\u015f\u0131d\u0131\u011f\u0131 i\u00e7in s\u0131kl\u0131kla bu faaliyetlerde kullan\u0131l\u0131r.<\/li>\n<li class=\"li10\">\u00d6zellikle kendinizi bir \u00e7\u0131kmazda bulup karar verme a\u015famas\u0131nda hissetti\u011finizde fuksit ta\u015f\u0131 stresi azalt\u0131p, beden ve ruhu rahatlatarak uyumlanmas\u0131na en do\u011fru karara bilgiye ula\u015fman\u0131za yard\u0131mc\u0131 olur.<\/li>\n<li class=\"li10\">Hasta odalar\u0131nda fuksit ta\u015f\u0131 bulundurmak, hem hastay\u0131 hem de refakat eden ki\u015fiyi rahatlatarak daha bilin\u00e7li davranmaya ve daha olumlu d\u00fc\u015f\u00fcnmeye yard\u0131m eder.<\/li>\n<li class=\"li10\">Uyku konusunda ya\u015fanan s\u0131k\u0131nt\u0131lar\u0131n giderilmesine fayda sa\u011flar.<\/li>\n<li class=\"li10\">Alerjilere kar\u015f\u0131 etkilidir.<\/li>\n<\/ul>\n<p class=\"p5\"><b>Oval Form Labradorit Do\u011fal Ta\u015f Kad\u0131n Kolye<\/b><\/p>\n<p class=\"p12\">Labradorit ta\u015f\u0131, ismini Kuzey I\u015f\u0131klar\u0131n\u0131n F\u0131rt\u0131nalar\u0131ndan alm\u0131\u015ft\u0131r. \u015eifa sa\u011flad\u0131\u011f\u0131 i\u00e7in rahats\u0131zl\u0131klar\u0131 iyile\u015ftirmeye yard\u0131mc\u0131 olmas\u0131 amac\u0131yla kullan\u0131lmaktad\u0131r. Labradorit de\u011fi\u015fen renkleriyle de\u011ferli bir ta\u015f\u0131n irade g\u00fcc\u00fcn\u00fc, i\u00e7sel de\u011feri artt\u0131rmas\u0131 ve bo\u011faz \u00e7akras\u0131n\u0131 uyard\u0131\u011f\u0131 bilinmektedir. Bu ta\u015f\u0131n y\u00fczeyinde parlayan mavi, ye\u015fil ve sar\u0131 ge\u00e7i\u015fli renkler g\u00f6r\u00fcnmektedir bu renkler size bast\u0131\u011f\u0131n\u0131z zemini, g\u00f6ky\u00fcz\u00fcn\u00fc ve g\u00f6ky\u00fcz\u00fcndeki esintiyi \u00e7a\u011fr\u0131\u015ft\u0131rabilir.<\/p>\n<p class=\"p12\">Akci\u011fere \u00f6zel bir ilgi g\u00f6steren Labradorit ta\u015f\u0131, sa\u011fl\u0131kl\u0131 sindirime, metabolizman\u0131z\u0131n iyi \u00e7al\u0131\u015fmas\u0131na, PMS semptomlar\u0131ndan ve a\u011fr\u0131l\u0131 regl d\u00f6nemlerinden \u015fikayeti olanlar i\u00e7in a\u011fr\u0131 ve gerginli\u011fi d\u00fc\u015f\u00fck seviyede tutma \u00f6zelli\u011fine sahip oldu\u011fu bilinmektedir.<\/p>\n<p class=\"p5\"><b>Do\u011fal Ta\u015f Pembe Kuvars A\u011fac\u0131<\/b><\/p>\n<p class=\"p12\">Ofisiniz de, Ya\u015fad\u0131\u011f\u0131n\u0131z alanlar da hem sizin hem de bulundu\u011funuz mekan\u0131n enerjisini dengeleyecektir.<\/p>\n<p class=\"p12\">\u00d6zellikle Terazi ve Yenge\u00e7 bur\u00e7lar\u0131 kullanabilir ya da bu bur\u00e7lara hediye alabilirsiniz.<\/p>\n<p class=\"p5\"><b>Hindistan 925 Ayar Rose Sitrin Do\u011fal Ta\u015f Kolye<\/b><\/p>\n<p class=\"p12\">G\u00fcne\u015f I\u015f\u0131\u011f\u0131 Ta\u015f\u0131<\/p>\n<p class=\"p12\">Sitrin, \u015fifa enerjisinin nazik ak\u0131\u015f\u0131yla, g\u00fcvenli\u011finiz i\u00e7in sorumluluk alabilece\u011finizi ve ba\u015far\u0131s\u0131z olmayaca\u011f\u0131n\u0131z\u0131 bilerek var olan fobilerinizle sava\u015fman\u0131za yard\u0131mc\u0131 olur. Sitrin ta\u015f\u0131 boynunuzdayken her \u015feyin m\u00fcmk\u00fcn olabilece\u011fini hissedersiniz. Size bol miktarda enerji getiren Sitrin, kronik yorgunluktan, sa\u011fl\u0131kl\u0131 bir sindirim sisteminin uyar\u0131lmas\u0131na, kan dola\u015f\u0131m\u0131na yard\u0131mc\u0131 olur ve her t\u00fcrl\u00fc cilt tahri\u015fini d\u00fc\u015f\u00fck seviyede tutar. Sitrin ta\u015f\u0131 ayn\u0131 zamanda Sakral\u00a0\u00c7akra ile de ba\u011flant\u0131l\u0131d\u0131r.\u00a0Sakral \u00c7akra; Tutkumuzun, yarat\u0131c\u0131l\u0131\u011f\u0131m\u0131z\u0131n ve samimiyetimizin kas\u0131k kemi\u011fimize yak\u0131n oturdu\u011fu yerdir.\u00a0Sevincimizin kuyusu da buradad\u0131r.\u00a0Sakral \u00c7akran\u0131z bloke olursa, kontrol\u00fcn\u00fcz\u00fc kaybetmi\u015f gibi bunalm\u0131\u015f hissedebilirsiniz ve bu, kopukluk veya duygusal olarak kontrolden \u00e7\u0131kma duygular\u0131na yol a\u00e7abilir. Sitrin ta\u015f\u0131 bu \u00e7akray\u0131 harekete ge\u00e7irirken v\u00fccudunuza bir g\u00fcne\u015f \u0131\u015f\u0131\u011f\u0131 gibi do\u011facakt\u0131r.<\/p>\n<p class=\"p5\"><b>P\u00fcsk\u00fcll\u00fc Rusdraksha Mala<\/b><\/p>\n<p class=\"p6\">Elinde tuttu\u011fun bu Rudraksha Mala Himalayalar\u2019\u0131n eteklerinde Hindistan\u2019\u0131n en kutsal inziva yerlerinden Rishikesh\u2019ten \u00f6zenle se\u00e7ilmi\u015ftir. Rudraksha a\u011fac\u0131 Himalayalar\u2019\u0131n eteklerinde, Ganj ovalar\u0131nda, Endonezya ve Papua Yeni Gine de dahil olmak \u00fczere G\u00fcneydo\u011fu Asya b\u00f6lgelerinde yeti\u015fir. Shiva ile kurulan ili\u015fkisi nedeniyle bu tohumlar, ki\u015filer aras\u0131nda manevi d\u00fcnyan\u0131n bir rehberi olarak kabul edilir.<\/p>\n<p class=\"p6\">Shiva\u2019n\u0131n hikayesine g\u00f6re, kefaretini uzun s\u00fcre \u00f6deyece\u011fi bir keyif ve saadete haline kendini kapt\u0131r\u0131r. Nihayetinde kendine geldi\u011finde g\u00f6zlerinden topra\u011fa ya\u015flar d\u00f6k\u00fcl\u00fcr. Bu ya\u015flar tohum haline gelir, b\u00fcy\u00fcr ve Rudraksha a\u011fac\u0131na d\u00f6n\u00fc\u015f\u00fcr. Yani, Shiva\u2019n\u0131n ayd\u0131nlan\u0131rken ak\u0131tt\u0131\u011f\u0131 sevin\u00e7 g\u00f6zya\u015flar\u0131d\u0131r Rudraksha a\u011fac\u0131n\u0131n tohumlar\u0131. 108 adet tak\u0131lmas\u0131n\u0131n sebebi ise, karma bilincinde 108 rakam\u0131n\u0131n tamamlanma ve karmik hediyeleri getirdi\u011fine inan\u0131lmas\u0131d\u0131r.<\/p>\n<p class=\"p6\">Boynunda ta\u015f\u0131yaca\u011f\u0131n bu mala ile Gayatri Mantra veya Shiva Mantra\u2019y\u0131 zikredebilirsin. 108 kere her g\u00fcn \u00e7ekebilirsin. Hayat\u0131nda b\u00fcy\u00fck de\u011fi\u015fimlerin ba\u015flayaca\u011f\u0131n\u0131 g\u00f6receksin.<\/p>\n<p class=\"p6\">Gayatri Mantra S\u00f6zleri:<\/p>\n<p class=\"p6\">Om Bhur Bhuva\u1e25\u00a0Swa\u1e25\u00a0Tat-savitur Vare\u00f1ya\u1e43\u00a0Bhargo Devasya Dhimahi Dhiyo Yona\u1e25\u00a0Pra\u00e7oday\u0101t<\/p>\n<p class=\"p6\">\u201cHayat\u0131n kayna\u011f\u0131, koruyucu Tanr\u0131, tek ve t\u00fcm ac\u0131lardan uzak, ruhu k\u00f6t\u00fcl\u00fcklerden \u00f6zg\u00fcrle\u015ftiren, evrenin i\u00e7ine i\u015flemi\u015f ve her \u015feyi ta\u015f\u0131yan, t\u00fcm evreni yaratan ve ona enerji ve mutluluk veren, en m\u00fckemmel, en saf ve safla\u015ft\u0131r\u0131c\u0131 olan \u0131\u015f\u0131\u011fa dua ediyoruz ki zihnimiz ayd\u0131nlans\u0131n.\u201d<\/p>\n<p class=\"p6\">Shiva Mantra S\u00f6zleri:<\/p>\n<p class=\"p6\">Om Namah Shivaya<\/p>\n<p class=\"p6\">\u201c\u015eiva\u2019ya selam\u201d<\/p>\n<p><strong>Lepidolit \u2013 Lepidolite (Ba\u011f\u0131ml\u0131l\u0131k Ta\u015f\u0131)<\/strong><br \/>\nLepidolit Ta\u015f\u0131, insan\u0131n ba\u011f\u0131ml\u0131l\u0131k ve tiryakilik hissiyat\u0131ndan kurtulmas\u0131na yard\u0131mc\u0131 olur. Genellikle bipolar, \u015fizofreni, depresyon gibi psikolojik rahats\u0131zl\u0131klarda ki\u015finin rahatlamas\u0131 i\u00e7in destekleyici olarak kullan\u0131labilir. Sinir sistemi \u00fczerinde olumlu etkisi vard\u0131r. Depresyon tedavisinde yard\u0131mc\u0131 olur.<\/p>\n","protected":false},"excerpt":{"rendered":"<p><strong>S\u0131n\u0131rl\u0131 say\u0131da!<\/strong><\/p>\n<p>Eyl\u00fcl ay\u0131 boyunca ald\u0131\u011f\u0131n\u0131z kit ile <strong>Astrolog Elvan Vip Zoom<\/strong> toplant\u0131s\u0131na kat\u0131lma \u015fans\u0131 elde edeceksiniz.<\/p>\n<p><strong>Kit i\u00e7eri\u011fi:<\/strong><\/p>\n<p class=\"p1\">Sitrin Do\u011fal Ta\u015f Erkek Bileklik<\/p>\n<p class=\"p1\">Silindir Form Lapis Lazuli Kolye<\/p>\n<p class=\"p1\">Ye\u015fil Fuksit (Fuchsite) Do\u011fal Ta\u015f Bileklik<\/p>\n<p class=\"p1\">Oval Form Labradorit Do\u011fal Ta\u015f Kad\u0131n Kolye<\/p>\n<p class=\"p1\">Do\u011fal Ta\u015f Pembe Kuvars A\u011fac\u0131<\/p>\n<p class=\"p1\">Hindistan 925 Ayar Rose Sitrin Do\u011fal Ta\u015f Kolye<\/p>\n<p class=\"p1\">P\u00fcsk\u00fcll\u00fc Rusdraksha Mala<\/p>\n<p>Silindir Form Lepidolit (Ba\u011f\u0131ml\u0131l\u0131k Ta\u015f\u0131)<\/p>\n<p>Selenit Kalp Do\u011fal Ta\u015f<\/p>\n<p>&nbsp;<\/p>\n","protected":false},"featured_media":1061,"comment_status":"open","ping_status":"closed","template":"","meta":[],"product_brand":[],"product_cat":[470,422],"product_tag":[],"class_list":{"0":"post-1001","1":"product","2":"type-product","3":"status-publish","4":"has-post-thumbnail","6":"product_cat-private-kitler","7":"product_cat-selenit-tasi","9":"first","10":"outofstock","11":"taxable","12":"shipping-taxable","13":"purchasable","14":"product-type-simple"},"yoast_head":"<!-- This site is optimized with the Yoast SEO plugin v27.3 - https:\/\/yoast.com\/product\/yoast-seo-wordpress\/ -->\n<title>PR\u0130VATE K\u0130T - URAN\u00dcS - Astrolog Elvan<\/title>\n<meta name=\"robots\" content=\"index, follow, max-snippet:-1, max-image-preview:large, max-video-preview:-1\" \/>\n<link rel=\"canonical\" href=\"https:\/\/astrologelvan.com\/magaza\/urun\/private-kit-uranus\/\" \/>\n<meta property=\"og:locale\" content=\"tr_TR\" \/>\n<meta property=\"og:type\" content=\"article\" \/>\n<meta property=\"og:title\" content=\"PR\u0130VATE K\u0130T - URAN\u00dcS - Astrolog Elvan\" \/>\n<meta property=\"og:description\" content=\"S\u0131n\u0131rl\u0131 say\u0131da!  Eyl\u00fcl ay\u0131 boyunca ald\u0131\u011f\u0131n\u0131z kit ile Astrolog Elvan Vip Zoom toplant\u0131s\u0131na kat\u0131lma \u015fans\u0131 elde edeceksiniz.  Kit i\u00e7eri\u011fi: Sitrin Do\u011fal Ta\u015f Erkek Bileklik Silindir Form Lapis Lazuli Kolye Ye\u015fil Fuksit (Fuchsite) Do\u011fal Ta\u015f Bileklik Oval Form Labradorit Do\u011fal Ta\u015f Kad\u0131n Kolye Do\u011fal Ta\u015f Pembe Kuvars A\u011fac\u0131 Hindistan 925 Ayar Rose Sitrin Do\u011fal Ta\u015f Kolye P\u00fcsk\u00fcll\u00fc Rusdraksha Mala Silindir Form Lepidolit (Ba\u011f\u0131ml\u0131l\u0131k Ta\u015f\u0131)  Selenit Kalp Do\u011fal Ta\u015f  &nbsp;\" \/>\n<meta property=\"og:url\" content=\"https:\/\/astrologelvan.com\/magaza\/urun\/private-kit-uranus\/\" \/>\n<meta property=\"og:site_name\" content=\"Astrolog Elvan\" \/>\n<meta property=\"article:modified_time\" content=\"2026-03-26T17:31:05+00:00\" \/>\n<meta property=\"og:image\" content=\"https:\/\/astrologelvan.com\/magaza\/wp-content\/uploads\/2024\/02\/private-uranus-.jpg\" \/>\n\t<meta property=\"og:image:width\" content=\"1080\" \/>\n\t<meta property=\"og:image:height\" content=\"1080\" \/>\n\t<meta property=\"og:image:type\" content=\"image\/jpeg\" \/>\n<meta name=\"twitter:card\" content=\"summary_large_image\" \/>\n<meta name=\"twitter:label1\" content=\"Tahmini okuma s\u00fcresi\" \/>\n\t<meta name=\"twitter:data1\" content=\"5 dakika\" \/>\n<script type=\"application\/ld+json\" class=\"yoast-schema-graph\">{\"@context\":\"https:\\\/\\\/schema.org\",\"@graph\":[{\"@type\":[\"WebPage\",\"ItemPage\"],\"@id\":\"https:\\\/\\\/astrologelvan.com\\\/magaza\\\/urun\\\/private-kit-uranus\\\/\",\"url\":\"https:\\\/\\\/astrologelvan.com\\\/magaza\\\/urun\\\/private-kit-uranus\\\/\",\"name\":\"PR\u0130VATE K\u0130T - URAN\u00dcS - Astrolog Elvan\",\"isPartOf\":{\"@id\":\"https:\\\/\\\/astrologelvan.com\\\/magaza\\\/#website\"},\"primaryImageOfPage\":{\"@id\":\"https:\\\/\\\/astrologelvan.com\\\/magaza\\\/urun\\\/private-kit-uranus\\\/#primaryimage\"},\"image\":{\"@id\":\"https:\\\/\\\/astrologelvan.com\\\/magaza\\\/urun\\\/private-kit-uranus\\\/#primaryimage\"},\"thumbnailUrl\":\"https:\\\/\\\/astrologelvan.com\\\/magaza\\\/wp-content\\\/uploads\\\/2024\\\/02\\\/private-uranus-.jpg\",\"datePublished\":\"2024-02-28T00:08:03+00:00\",\"dateModified\":\"2026-03-26T17:31:05+00:00\",\"breadcrumb\":{\"@id\":\"https:\\\/\\\/astrologelvan.com\\\/magaza\\\/urun\\\/private-kit-uranus\\\/#breadcrumb\"},\"inLanguage\":\"tr\",\"potentialAction\":[{\"@type\":\"ReadAction\",\"target\":[\"https:\\\/\\\/astrologelvan.com\\\/magaza\\\/urun\\\/private-kit-uranus\\\/\"]}]},{\"@type\":\"ImageObject\",\"inLanguage\":\"tr\",\"@id\":\"https:\\\/\\\/astrologelvan.com\\\/magaza\\\/urun\\\/private-kit-uranus\\\/#primaryimage\",\"url\":\"https:\\\/\\\/astrologelvan.com\\\/magaza\\\/wp-content\\\/uploads\\\/2024\\\/02\\\/private-uranus-.jpg\",\"contentUrl\":\"https:\\\/\\\/astrologelvan.com\\\/magaza\\\/wp-content\\\/uploads\\\/2024\\\/02\\\/private-uranus-.jpg\",\"width\":1080,\"height\":1080},{\"@type\":\"BreadcrumbList\",\"@id\":\"https:\\\/\\\/astrologelvan.com\\\/magaza\\\/urun\\\/private-kit-uranus\\\/#breadcrumb\",\"itemListElement\":[{\"@type\":\"ListItem\",\"position\":1,\"name\":\"Anasayfa\",\"item\":\"https:\\\/\\\/astrologelvan.com\\\/magaza\\\/\"},{\"@type\":\"ListItem\",\"position\":2,\"name\":\"Ma\u011faza\",\"item\":\"https:\\\/\\\/astrologelvan.com\\\/magaza\\\/magaza\\\/\"},{\"@type\":\"ListItem\",\"position\":3,\"name\":\"PR\u0130VATE K\u0130T &#8211; URAN\u00dcS\"}]},{\"@type\":\"WebSite\",\"@id\":\"https:\\\/\\\/astrologelvan.com\\\/magaza\\\/#website\",\"url\":\"https:\\\/\\\/astrologelvan.com\\\/magaza\\\/\",\"name\":\"Astrolog Elvan\",\"description\":\"\",\"potentialAction\":[{\"@type\":\"SearchAction\",\"target\":{\"@type\":\"EntryPoint\",\"urlTemplate\":\"https:\\\/\\\/astrologelvan.com\\\/magaza\\\/?s={search_term_string}\"},\"query-input\":{\"@type\":\"PropertyValueSpecification\",\"valueRequired\":true,\"valueName\":\"search_term_string\"}}],\"inLanguage\":\"tr\"}]}<\/script>\n<!-- \/ Yoast SEO plugin. -->","yoast_head_json":{"title":"PR\u0130VATE K\u0130T - URAN\u00dcS - Astrolog Elvan","robots":{"index":"index","follow":"follow","max-snippet":"max-snippet:-1","max-image-preview":"max-image-preview:large","max-video-preview":"max-video-preview:-1"},"canonical":"https:\/\/astrologelvan.com\/magaza\/urun\/private-kit-uranus\/","og_locale":"tr_TR","og_type":"article","og_title":"PR\u0130VATE K\u0130T - URAN\u00dcS - Astrolog Elvan","og_description":"S\u0131n\u0131rl\u0131 say\u0131da!  Eyl\u00fcl ay\u0131 boyunca ald\u0131\u011f\u0131n\u0131z kit ile Astrolog Elvan Vip Zoom toplant\u0131s\u0131na kat\u0131lma \u015fans\u0131 elde edeceksiniz.  Kit i\u00e7eri\u011fi: Sitrin Do\u011fal Ta\u015f Erkek Bileklik Silindir Form Lapis Lazuli Kolye Ye\u015fil Fuksit (Fuchsite) Do\u011fal Ta\u015f Bileklik Oval Form Labradorit Do\u011fal Ta\u015f Kad\u0131n Kolye Do\u011fal Ta\u015f Pembe Kuvars A\u011fac\u0131 Hindistan 925 Ayar Rose Sitrin Do\u011fal Ta\u015f Kolye P\u00fcsk\u00fcll\u00fc Rusdraksha Mala Silindir Form Lepidolit (Ba\u011f\u0131ml\u0131l\u0131k Ta\u015f\u0131)  Selenit Kalp Do\u011fal Ta\u015f  &nbsp;","og_url":"https:\/\/astrologelvan.com\/magaza\/urun\/private-kit-uranus\/","og_site_name":"Astrolog Elvan","article_modified_time":"2026-03-26T17:31:05+00:00","og_image":[{"width":1080,"height":1080,"url":"https:\/\/astrologelvan.com\/magaza\/wp-content\/uploads\/2024\/02\/private-uranus-.jpg","type":"image\/jpeg"}],"twitter_card":"summary_large_image","twitter_misc":{"Tahmini okuma s\u00fcresi":"5 dakika"},"schema":{"@context":"https:\/\/schema.org","@graph":[{"@type":["WebPage","ItemPage"],"@id":"https:\/\/astrologelvan.com\/magaza\/urun\/private-kit-uranus\/","url":"https:\/\/astrologelvan.com\/magaza\/urun\/private-kit-uranus\/","name":"PR\u0130VATE K\u0130T - URAN\u00dcS - Astrolog Elvan","isPartOf":{"@id":"https:\/\/astrologelvan.com\/magaza\/#website"},"primaryImageOfPage":{"@id":"https:\/\/astrologelvan.com\/magaza\/urun\/private-kit-uranus\/#primaryimage"},"image":{"@id":"https:\/\/astrologelvan.com\/magaza\/urun\/private-kit-uranus\/#primaryimage"},"thumbnailUrl":"https:\/\/astrologelvan.com\/magaza\/wp-content\/uploads\/2024\/02\/private-uranus-.jpg","datePublished":"2024-02-28T00:08:03+00:00","dateModified":"2026-03-26T17:31:05+00:00","breadcrumb":{"@id":"https:\/\/astrologelvan.com\/magaza\/urun\/private-kit-uranus\/#breadcrumb"},"inLanguage":"tr","potentialAction":[{"@type":"ReadAction","target":["https:\/\/astrologelvan.com\/magaza\/urun\/private-kit-uranus\/"]}]},{"@type":"ImageObject","inLanguage":"tr","@id":"https:\/\/astrologelvan.com\/magaza\/urun\/private-kit-uranus\/#primaryimage","url":"https:\/\/astrologelvan.com\/magaza\/wp-content\/uploads\/2024\/02\/private-uranus-.jpg","contentUrl":"https:\/\/astrologelvan.com\/magaza\/wp-content\/uploads\/2024\/02\/private-uranus-.jpg","width":1080,"height":1080},{"@type":"BreadcrumbList","@id":"https:\/\/astrologelvan.com\/magaza\/urun\/private-kit-uranus\/#breadcrumb","itemListElement":[{"@type":"ListItem","position":1,"name":"Anasayfa","item":"https:\/\/astrologelvan.com\/magaza\/"},{"@type":"ListItem","position":2,"name":"Ma\u011faza","item":"https:\/\/astrologelvan.com\/magaza\/magaza\/"},{"@type":"ListItem","position":3,"name":"PR\u0130VATE K\u0130T &#8211; URAN\u00dcS"}]},{"@type":"WebSite","@id":"https:\/\/astrologelvan.com\/magaza\/#website","url":"https:\/\/astrologelvan.com\/magaza\/","name":"Astrolog Elvan","description":"","potentialAction":[{"@type":"SearchAction","target":{"@type":"EntryPoint","urlTemplate":"https:\/\/astrologelvan.com\/magaza\/?s={search_term_string}"},"query-input":{"@type":"PropertyValueSpecification","valueRequired":true,"valueName":"search_term_string"}}],"inLanguage":"tr"}]}},"_links":{"self":[{"href":"https:\/\/astrologelvan.com\/magaza\/wp-json\/wp\/v2\/product\/1001","targetHints":{"allow":["GET"]}}],"collection":[{"href":"https:\/\/astrologelvan.com\/magaza\/wp-json\/wp\/v2\/product"}],"about":[{"href":"https:\/\/astrologelvan.com\/magaza\/wp-json\/wp\/v2\/types\/product"}],"replies":[{"embeddable":true,"href":"https:\/\/astrologelvan.com\/magaza\/wp-json\/wp\/v2\/comments?post=1001"}],"wp:featuredmedia":[{"embeddable":true,"href":"https:\/\/astrologelvan.com\/magaza\/wp-json\/wp\/v2\/media\/1061"}],"wp:attachment":[{"href":"https:\/\/astrologelvan.com\/magaza\/wp-json\/wp\/v2\/media?parent=1001"}],"wp:term":[{"taxonomy":"product_brand","embeddable":true,"href":"https:\/\/astrologelvan.com\/magaza\/wp-json\/wp\/v2\/product_brand?post=1001"},{"taxonomy":"product_cat","embeddable":true,"href":"https:\/\/astrologelvan.com\/magaza\/wp-json\/wp\/v2\/product_cat?post=1001"},{"taxonomy":"product_tag","embeddable":true,"href":"https:\/\/astrologelvan.com\/magaza\/wp-json\/wp\/v2\/product_tag?post=1001"}],"curies":[{"name":"wp","href":"https:\/\/api.w.org\/{rel}","templated":true}]}}