{"id":100019,"date":"2025-08-22T17:37:20","date_gmt":"2025-08-22T14:37:20","guid":{"rendered":"https:\/\/astrologelvan.com\/magaza\/?post_type=product&#038;p=100019"},"modified":"2026-03-30T09:55:03","modified_gmt":"2026-03-30T06:55:03","slug":"florit-bileklik","status":"publish","type":"product","link":"https:\/\/astrologelvan.com\/magaza\/urun\/florit-bileklik\/","title":{"rendered":"Florit Bileklik"},"content":{"rendered":"<p>Florit, zihninizi berrakla\u015ft\u0131r\u0131r ve odaklanman\u0131z\u0131 art\u0131r\u0131r. Do\u011fru ileti\u015fim kurman\u0131za, kendinizi daha net ve etkileyici ifade etmenize yard\u0131mc\u0131 olur. \u0130\u015f hayat\u0131nda, sunumlarda ya da g\u00fcnl\u00fck ya\u015famda ikna g\u00fcc\u00fcn\u00fcz\u00fc art\u0131rarak ba\u015far\u0131y\u0131 kolayla\u015ft\u0131r\u0131r.<br \/>\nBu bileklikle, hedeflerinize daha h\u0131zl\u0131 ve sa\u011flam ad\u0131mlarla ilerleyin.<\/p>\n","protected":false},"excerpt":{"rendered":"<p>Florit, zihninizi berrakla\u015ft\u0131r\u0131r ve odaklanman\u0131z\u0131 art\u0131r\u0131r. Do\u011fru ileti\u015fim kurman\u0131za, kendinizi daha net ve etkileyici ifade etmenize yard\u0131mc\u0131 olur. \u0130\u015f hayat\u0131nda, sunumlarda ya da g\u00fcnl\u00fck ya\u015famda ikna g\u00fcc\u00fcn\u00fcz\u00fc art\u0131rarak ba\u015far\u0131y\u0131 kolayla\u015ft\u0131r\u0131r.<br \/>\nBu bileklikle, hedeflerinize daha h\u0131zl\u0131 ve sa\u011flam ad\u0131mlarla ilerleyin.15<\/p>\n","protected":false},"featured_media":99998,"comment_status":"open","ping_status":"closed","template":"","meta":[],"product_brand":[],"product_cat":[258,103],"product_tag":[],"class_list":{"0":"post-100019","1":"product","2":"type-product","3":"status-publish","4":"has-post-thumbnail","6":"product_cat-bileklik","7":"product_cat-florit-tasi","9":"first","10":"instock","11":"taxable","12":"shipping-taxable","13":"purchasable","14":"product-type-simple"},"yoast_head":"<!-- This site is optimized with the Yoast SEO plugin v27.3 - https:\/\/yoast.com\/product\/yoast-seo-wordpress\/ -->\n<title>Florit Bileklik - Astrolog Elvan<\/title>\n<meta name=\"robots\" content=\"index, follow, max-snippet:-1, max-image-preview:large, max-video-preview:-1\" \/>\n<link rel=\"canonical\" href=\"https:\/\/astrologelvan.com\/magaza\/urun\/florit-bileklik\/\" \/>\n<meta property=\"og:locale\" content=\"tr_TR\" \/>\n<meta property=\"og:type\" content=\"article\" \/>\n<meta property=\"og:title\" content=\"Florit Bileklik - Astrolog Elvan\" \/>\n<meta property=\"og:description\" content=\"Florit, zihninizi berrakla\u015ft\u0131r\u0131r ve odaklanman\u0131z\u0131 art\u0131r\u0131r. Do\u011fru ileti\u015fim kurman\u0131za, kendinizi daha net ve etkileyici ifade etmenize yard\u0131mc\u0131 olur. \u0130\u015f hayat\u0131nda, sunumlarda ya da g\u00fcnl\u00fck ya\u015famda ikna g\u00fcc\u00fcn\u00fcz\u00fc art\u0131rarak ba\u015far\u0131y\u0131 kolayla\u015ft\u0131r\u0131r. Bu bileklikle, hedeflerinize daha h\u0131zl\u0131 ve sa\u011flam ad\u0131mlarla ilerleyin.15\" \/>\n<meta property=\"og:url\" content=\"https:\/\/astrologelvan.com\/magaza\/urun\/florit-bileklik\/\" \/>\n<meta property=\"og:site_name\" content=\"Astrolog Elvan\" \/>\n<meta property=\"article:modified_time\" content=\"2026-03-30T06:55:03+00:00\" \/>\n<meta property=\"og:image\" content=\"https:\/\/astrologelvan.com\/magaza\/wp-content\/uploads\/2025\/08\/IMG_6925-rotated.jpeg\" \/>\n\t<meta property=\"og:image:width\" content=\"3024\" \/>\n\t<meta property=\"og:image:height\" content=\"4032\" \/>\n\t<meta property=\"og:image:type\" content=\"image\/jpeg\" \/>\n<meta name=\"twitter:card\" content=\"summary_large_image\" \/>\n<meta name=\"twitter:label1\" content=\"Tahmini okuma s\u00fcresi\" \/>\n\t<meta name=\"twitter:data1\" content=\"1 dakika\" \/>\n<script type=\"application\/ld+json\" class=\"yoast-schema-graph\">{\"@context\":\"https:\\\/\\\/schema.org\",\"@graph\":[{\"@type\":[\"WebPage\",\"ItemPage\"],\"@id\":\"https:\\\/\\\/astrologelvan.com\\\/magaza\\\/urun\\\/florit-bileklik\\\/\",\"url\":\"https:\\\/\\\/astrologelvan.com\\\/magaza\\\/urun\\\/florit-bileklik\\\/\",\"name\":\"Florit Bileklik - Astrolog Elvan\",\"isPartOf\":{\"@id\":\"https:\\\/\\\/astrologelvan.com\\\/magaza\\\/#website\"},\"primaryImageOfPage\":{\"@id\":\"https:\\\/\\\/astrologelvan.com\\\/magaza\\\/urun\\\/florit-bileklik\\\/#primaryimage\"},\"image\":{\"@id\":\"https:\\\/\\\/astrologelvan.com\\\/magaza\\\/urun\\\/florit-bileklik\\\/#primaryimage\"},\"thumbnailUrl\":\"https:\\\/\\\/astrologelvan.com\\\/magaza\\\/wp-content\\\/uploads\\\/2025\\\/08\\\/IMG_6925-rotated.jpeg\",\"datePublished\":\"2025-08-22T14:37:20+00:00\",\"dateModified\":\"2026-03-30T06:55:03+00:00\",\"breadcrumb\":{\"@id\":\"https:\\\/\\\/astrologelvan.com\\\/magaza\\\/urun\\\/florit-bileklik\\\/#breadcrumb\"},\"inLanguage\":\"tr\",\"potentialAction\":[{\"@type\":\"ReadAction\",\"target\":[\"https:\\\/\\\/astrologelvan.com\\\/magaza\\\/urun\\\/florit-bileklik\\\/\"]}]},{\"@type\":\"ImageObject\",\"inLanguage\":\"tr\",\"@id\":\"https:\\\/\\\/astrologelvan.com\\\/magaza\\\/urun\\\/florit-bileklik\\\/#primaryimage\",\"url\":\"https:\\\/\\\/astrologelvan.com\\\/magaza\\\/wp-content\\\/uploads\\\/2025\\\/08\\\/IMG_6925-rotated.jpeg\",\"contentUrl\":\"https:\\\/\\\/astrologelvan.com\\\/magaza\\\/wp-content\\\/uploads\\\/2025\\\/08\\\/IMG_6925-rotated.jpeg\",\"width\":3024,\"height\":4032},{\"@type\":\"BreadcrumbList\",\"@id\":\"https:\\\/\\\/astrologelvan.com\\\/magaza\\\/urun\\\/florit-bileklik\\\/#breadcrumb\",\"itemListElement\":[{\"@type\":\"ListItem\",\"position\":1,\"name\":\"Anasayfa\",\"item\":\"https:\\\/\\\/astrologelvan.com\\\/magaza\\\/\"},{\"@type\":\"ListItem\",\"position\":2,\"name\":\"Ma\u011faza\",\"item\":\"https:\\\/\\\/astrologelvan.com\\\/magaza\\\/magaza\\\/\"},{\"@type\":\"ListItem\",\"position\":3,\"name\":\"Florit Bileklik\"}]},{\"@type\":\"WebSite\",\"@id\":\"https:\\\/\\\/astrologelvan.com\\\/magaza\\\/#website\",\"url\":\"https:\\\/\\\/astrologelvan.com\\\/magaza\\\/\",\"name\":\"Astrolog Elvan\",\"description\":\"\",\"potentialAction\":[{\"@type\":\"SearchAction\",\"target\":{\"@type\":\"EntryPoint\",\"urlTemplate\":\"https:\\\/\\\/astrologelvan.com\\\/magaza\\\/?s={search_term_string}\"},\"query-input\":{\"@type\":\"PropertyValueSpecification\",\"valueRequired\":true,\"valueName\":\"search_term_string\"}}],\"inLanguage\":\"tr\"}]}<\/script>\n<!-- \/ Yoast SEO plugin. -->","yoast_head_json":{"title":"Florit Bileklik - Astrolog Elvan","robots":{"index":"index","follow":"follow","max-snippet":"max-snippet:-1","max-image-preview":"max-image-preview:large","max-video-preview":"max-video-preview:-1"},"canonical":"https:\/\/astrologelvan.com\/magaza\/urun\/florit-bileklik\/","og_locale":"tr_TR","og_type":"article","og_title":"Florit Bileklik - Astrolog Elvan","og_description":"Florit, zihninizi berrakla\u015ft\u0131r\u0131r ve odaklanman\u0131z\u0131 art\u0131r\u0131r. Do\u011fru ileti\u015fim kurman\u0131za, kendinizi daha net ve etkileyici ifade etmenize yard\u0131mc\u0131 olur. \u0130\u015f hayat\u0131nda, sunumlarda ya da g\u00fcnl\u00fck ya\u015famda ikna g\u00fcc\u00fcn\u00fcz\u00fc art\u0131rarak ba\u015far\u0131y\u0131 kolayla\u015ft\u0131r\u0131r. Bu bileklikle, hedeflerinize daha h\u0131zl\u0131 ve sa\u011flam ad\u0131mlarla ilerleyin.15","og_url":"https:\/\/astrologelvan.com\/magaza\/urun\/florit-bileklik\/","og_site_name":"Astrolog Elvan","article_modified_time":"2026-03-30T06:55:03+00:00","og_image":[{"width":3024,"height":4032,"url":"https:\/\/astrologelvan.com\/magaza\/wp-content\/uploads\/2025\/08\/IMG_6925-rotated.jpeg","type":"image\/jpeg"}],"twitter_card":"summary_large_image","twitter_misc":{"Tahmini okuma s\u00fcresi":"1 dakika"},"schema":{"@context":"https:\/\/schema.org","@graph":[{"@type":["WebPage","ItemPage"],"@id":"https:\/\/astrologelvan.com\/magaza\/urun\/florit-bileklik\/","url":"https:\/\/astrologelvan.com\/magaza\/urun\/florit-bileklik\/","name":"Florit Bileklik - Astrolog Elvan","isPartOf":{"@id":"https:\/\/astrologelvan.com\/magaza\/#website"},"primaryImageOfPage":{"@id":"https:\/\/astrologelvan.com\/magaza\/urun\/florit-bileklik\/#primaryimage"},"image":{"@id":"https:\/\/astrologelvan.com\/magaza\/urun\/florit-bileklik\/#primaryimage"},"thumbnailUrl":"https:\/\/astrologelvan.com\/magaza\/wp-content\/uploads\/2025\/08\/IMG_6925-rotated.jpeg","datePublished":"2025-08-22T14:37:20+00:00","dateModified":"2026-03-30T06:55:03+00:00","breadcrumb":{"@id":"https:\/\/astrologelvan.com\/magaza\/urun\/florit-bileklik\/#breadcrumb"},"inLanguage":"tr","potentialAction":[{"@type":"ReadAction","target":["https:\/\/astrologelvan.com\/magaza\/urun\/florit-bileklik\/"]}]},{"@type":"ImageObject","inLanguage":"tr","@id":"https:\/\/astrologelvan.com\/magaza\/urun\/florit-bileklik\/#primaryimage","url":"https:\/\/astrologelvan.com\/magaza\/wp-content\/uploads\/2025\/08\/IMG_6925-rotated.jpeg","contentUrl":"https:\/\/astrologelvan.com\/magaza\/wp-content\/uploads\/2025\/08\/IMG_6925-rotated.jpeg","width":3024,"height":4032},{"@type":"BreadcrumbList","@id":"https:\/\/astrologelvan.com\/magaza\/urun\/florit-bileklik\/#breadcrumb","itemListElement":[{"@type":"ListItem","position":1,"name":"Anasayfa","item":"https:\/\/astrologelvan.com\/magaza\/"},{"@type":"ListItem","position":2,"name":"Ma\u011faza","item":"https:\/\/astrologelvan.com\/magaza\/magaza\/"},{"@type":"ListItem","position":3,"name":"Florit Bileklik"}]},{"@type":"WebSite","@id":"https:\/\/astrologelvan.com\/magaza\/#website","url":"https:\/\/astrologelvan.com\/magaza\/","name":"Astrolog Elvan","description":"","potentialAction":[{"@type":"SearchAction","target":{"@type":"EntryPoint","urlTemplate":"https:\/\/astrologelvan.com\/magaza\/?s={search_term_string}"},"query-input":{"@type":"PropertyValueSpecification","valueRequired":true,"valueName":"search_term_string"}}],"inLanguage":"tr"}]}},"_links":{"self":[{"href":"https:\/\/astrologelvan.com\/magaza\/wp-json\/wp\/v2\/product\/100019","targetHints":{"allow":["GET"]}}],"collection":[{"href":"https:\/\/astrologelvan.com\/magaza\/wp-json\/wp\/v2\/product"}],"about":[{"href":"https:\/\/astrologelvan.com\/magaza\/wp-json\/wp\/v2\/types\/product"}],"replies":[{"embeddable":true,"href":"https:\/\/astrologelvan.com\/magaza\/wp-json\/wp\/v2\/comments?post=100019"}],"wp:featuredmedia":[{"embeddable":true,"href":"https:\/\/astrologelvan.com\/magaza\/wp-json\/wp\/v2\/media\/99998"}],"wp:attachment":[{"href":"https:\/\/astrologelvan.com\/magaza\/wp-json\/wp\/v2\/media?parent=100019"}],"wp:term":[{"taxonomy":"product_brand","embeddable":true,"href":"https:\/\/astrologelvan.com\/magaza\/wp-json\/wp\/v2\/product_brand?post=100019"},{"taxonomy":"product_cat","embeddable":true,"href":"https:\/\/astrologelvan.com\/magaza\/wp-json\/wp\/v2\/product_cat?post=100019"},{"taxonomy":"product_tag","embeddable":true,"href":"https:\/\/astrologelvan.com\/magaza\/wp-json\/wp\/v2\/product_tag?post=100019"}],"curies":[{"name":"wp","href":"https:\/\/api.w.org\/{rel}","templated":true}]}}