{"id":100017,"date":"2025-08-22T17:23:59","date_gmt":"2025-08-22T14:23:59","guid":{"rendered":"https:\/\/astrologelvan.com\/magaza\/?post_type=product&#038;p=100017"},"modified":"2026-03-28T16:52:24","modified_gmt":"2026-03-28T13:52:24","slug":"morganit-bileklik-2","status":"publish","type":"product","link":"https:\/\/astrologelvan.com\/magaza\/urun\/morganit-bileklik-2\/","title":{"rendered":"Morganit Bileklik"},"content":{"rendered":"<p>Morganit, sevginin ve sadakatin en zarif ta\u015f\u0131d\u0131r. Evlilikte kalpleri birle\u015ftiren, ruhlar\u0131 saran yumu\u015fak bir enerji yayar. Her dokunu\u015funda a\u015fk\u0131 derinle\u015ftirir, ba\u011fl\u0131l\u0131\u011f\u0131 g\u00fc\u00e7lendirir ve ili\u015fkilerinizi sonsuz bir masala d\u00f6n\u00fc\u015ft\u00fcr\u00fcr.<br \/>\nMorganit bileklikle sevginiz her daim taze, her daim s\u0131cak ve her daim ger\u00e7ek kalacak.<\/p>\n","protected":false},"excerpt":{"rendered":"<p>Morganit, sevginin ve sadakatin en zarif ta\u015f\u0131d\u0131r. Evlilikte kalpleri birle\u015ftiren, ruhlar\u0131 saran yumu\u015fak bir enerji yayar. Her dokunu\u015funda a\u015fk\u0131 derinle\u015ftirir, ba\u011fl\u0131l\u0131\u011f\u0131 g\u00fc\u00e7lendirir ve ili\u015fkilerinizi sonsuz bir masala d\u00f6n\u00fc\u015ft\u00fcr\u00fcr.<br \/>\nMorganit bileklikle sevginiz her daim taze, her daim s\u0131cak ve her daim ger\u00e7ek kalacak.<\/p>\n","protected":false},"featured_media":100001,"comment_status":"open","ping_status":"closed","template":"","meta":[],"product_brand":[],"product_cat":[258,439],"product_tag":[],"class_list":{"0":"post-100017","1":"product","2":"type-product","3":"status-publish","4":"has-post-thumbnail","6":"product_cat-bileklik","7":"product_cat-morganit-tasi","9":"first","10":"instock","11":"sale","12":"taxable","13":"shipping-taxable","14":"purchasable","15":"product-type-simple"},"yoast_head":"<!-- This site is optimized with the Yoast SEO plugin v27.3 - https:\/\/yoast.com\/product\/yoast-seo-wordpress\/ -->\n<title>Morganit Bileklik - Astrolog Elvan<\/title>\n<meta name=\"robots\" content=\"index, follow, max-snippet:-1, max-image-preview:large, max-video-preview:-1\" \/>\n<link rel=\"canonical\" href=\"https:\/\/astrologelvan.com\/magaza\/urun\/morganit-bileklik-2\/\" \/>\n<meta property=\"og:locale\" content=\"tr_TR\" \/>\n<meta property=\"og:type\" content=\"article\" \/>\n<meta property=\"og:title\" content=\"Morganit Bileklik - Astrolog Elvan\" \/>\n<meta property=\"og:description\" content=\"Morganit, sevginin ve sadakatin en zarif ta\u015f\u0131d\u0131r. Evlilikte kalpleri birle\u015ftiren, ruhlar\u0131 saran yumu\u015fak bir enerji yayar. Her dokunu\u015funda a\u015fk\u0131 derinle\u015ftirir, ba\u011fl\u0131l\u0131\u011f\u0131 g\u00fc\u00e7lendirir ve ili\u015fkilerinizi sonsuz bir masala d\u00f6n\u00fc\u015ft\u00fcr\u00fcr. Morganit bileklikle sevginiz her daim taze, her daim s\u0131cak ve her daim ger\u00e7ek kalacak.\" \/>\n<meta property=\"og:url\" content=\"https:\/\/astrologelvan.com\/magaza\/urun\/morganit-bileklik-2\/\" \/>\n<meta property=\"og:site_name\" content=\"Astrolog Elvan\" \/>\n<meta property=\"article:modified_time\" content=\"2026-03-28T13:52:24+00:00\" \/>\n<meta property=\"og:image\" content=\"https:\/\/astrologelvan.com\/magaza\/wp-content\/uploads\/2025\/08\/IMG_6933-rotated.jpeg\" \/>\n\t<meta property=\"og:image:width\" content=\"3024\" \/>\n\t<meta property=\"og:image:height\" content=\"4032\" \/>\n\t<meta property=\"og:image:type\" content=\"image\/jpeg\" \/>\n<meta name=\"twitter:card\" content=\"summary_large_image\" \/>\n<meta name=\"twitter:label1\" content=\"Tahmini okuma s\u00fcresi\" \/>\n\t<meta name=\"twitter:data1\" content=\"1 dakika\" \/>\n<script type=\"application\/ld+json\" class=\"yoast-schema-graph\">{\"@context\":\"https:\\\/\\\/schema.org\",\"@graph\":[{\"@type\":[\"WebPage\",\"ItemPage\"],\"@id\":\"https:\\\/\\\/astrologelvan.com\\\/magaza\\\/urun\\\/morganit-bileklik-2\\\/\",\"url\":\"https:\\\/\\\/astrologelvan.com\\\/magaza\\\/urun\\\/morganit-bileklik-2\\\/\",\"name\":\"Morganit Bileklik - Astrolog Elvan\",\"isPartOf\":{\"@id\":\"https:\\\/\\\/astrologelvan.com\\\/magaza\\\/#website\"},\"primaryImageOfPage\":{\"@id\":\"https:\\\/\\\/astrologelvan.com\\\/magaza\\\/urun\\\/morganit-bileklik-2\\\/#primaryimage\"},\"image\":{\"@id\":\"https:\\\/\\\/astrologelvan.com\\\/magaza\\\/urun\\\/morganit-bileklik-2\\\/#primaryimage\"},\"thumbnailUrl\":\"https:\\\/\\\/astrologelvan.com\\\/magaza\\\/wp-content\\\/uploads\\\/2025\\\/08\\\/IMG_6933-rotated.jpeg\",\"datePublished\":\"2025-08-22T14:23:59+00:00\",\"dateModified\":\"2026-03-28T13:52:24+00:00\",\"breadcrumb\":{\"@id\":\"https:\\\/\\\/astrologelvan.com\\\/magaza\\\/urun\\\/morganit-bileklik-2\\\/#breadcrumb\"},\"inLanguage\":\"tr\",\"potentialAction\":[{\"@type\":\"ReadAction\",\"target\":[\"https:\\\/\\\/astrologelvan.com\\\/magaza\\\/urun\\\/morganit-bileklik-2\\\/\"]}]},{\"@type\":\"ImageObject\",\"inLanguage\":\"tr\",\"@id\":\"https:\\\/\\\/astrologelvan.com\\\/magaza\\\/urun\\\/morganit-bileklik-2\\\/#primaryimage\",\"url\":\"https:\\\/\\\/astrologelvan.com\\\/magaza\\\/wp-content\\\/uploads\\\/2025\\\/08\\\/IMG_6933-rotated.jpeg\",\"contentUrl\":\"https:\\\/\\\/astrologelvan.com\\\/magaza\\\/wp-content\\\/uploads\\\/2025\\\/08\\\/IMG_6933-rotated.jpeg\",\"width\":3024,\"height\":4032},{\"@type\":\"BreadcrumbList\",\"@id\":\"https:\\\/\\\/astrologelvan.com\\\/magaza\\\/urun\\\/morganit-bileklik-2\\\/#breadcrumb\",\"itemListElement\":[{\"@type\":\"ListItem\",\"position\":1,\"name\":\"Anasayfa\",\"item\":\"https:\\\/\\\/astrologelvan.com\\\/magaza\\\/\"},{\"@type\":\"ListItem\",\"position\":2,\"name\":\"Ma\u011faza\",\"item\":\"https:\\\/\\\/astrologelvan.com\\\/magaza\\\/magaza\\\/\"},{\"@type\":\"ListItem\",\"position\":3,\"name\":\"Morganit Bileklik\"}]},{\"@type\":\"WebSite\",\"@id\":\"https:\\\/\\\/astrologelvan.com\\\/magaza\\\/#website\",\"url\":\"https:\\\/\\\/astrologelvan.com\\\/magaza\\\/\",\"name\":\"Astrolog Elvan\",\"description\":\"\",\"potentialAction\":[{\"@type\":\"SearchAction\",\"target\":{\"@type\":\"EntryPoint\",\"urlTemplate\":\"https:\\\/\\\/astrologelvan.com\\\/magaza\\\/?s={search_term_string}\"},\"query-input\":{\"@type\":\"PropertyValueSpecification\",\"valueRequired\":true,\"valueName\":\"search_term_string\"}}],\"inLanguage\":\"tr\"}]}<\/script>\n<!-- \/ Yoast SEO plugin. -->","yoast_head_json":{"title":"Morganit Bileklik - Astrolog Elvan","robots":{"index":"index","follow":"follow","max-snippet":"max-snippet:-1","max-image-preview":"max-image-preview:large","max-video-preview":"max-video-preview:-1"},"canonical":"https:\/\/astrologelvan.com\/magaza\/urun\/morganit-bileklik-2\/","og_locale":"tr_TR","og_type":"article","og_title":"Morganit Bileklik - Astrolog Elvan","og_description":"Morganit, sevginin ve sadakatin en zarif ta\u015f\u0131d\u0131r. Evlilikte kalpleri birle\u015ftiren, ruhlar\u0131 saran yumu\u015fak bir enerji yayar. Her dokunu\u015funda a\u015fk\u0131 derinle\u015ftirir, ba\u011fl\u0131l\u0131\u011f\u0131 g\u00fc\u00e7lendirir ve ili\u015fkilerinizi sonsuz bir masala d\u00f6n\u00fc\u015ft\u00fcr\u00fcr. Morganit bileklikle sevginiz her daim taze, her daim s\u0131cak ve her daim ger\u00e7ek kalacak.","og_url":"https:\/\/astrologelvan.com\/magaza\/urun\/morganit-bileklik-2\/","og_site_name":"Astrolog Elvan","article_modified_time":"2026-03-28T13:52:24+00:00","og_image":[{"width":3024,"height":4032,"url":"https:\/\/astrologelvan.com\/magaza\/wp-content\/uploads\/2025\/08\/IMG_6933-rotated.jpeg","type":"image\/jpeg"}],"twitter_card":"summary_large_image","twitter_misc":{"Tahmini okuma s\u00fcresi":"1 dakika"},"schema":{"@context":"https:\/\/schema.org","@graph":[{"@type":["WebPage","ItemPage"],"@id":"https:\/\/astrologelvan.com\/magaza\/urun\/morganit-bileklik-2\/","url":"https:\/\/astrologelvan.com\/magaza\/urun\/morganit-bileklik-2\/","name":"Morganit Bileklik - Astrolog Elvan","isPartOf":{"@id":"https:\/\/astrologelvan.com\/magaza\/#website"},"primaryImageOfPage":{"@id":"https:\/\/astrologelvan.com\/magaza\/urun\/morganit-bileklik-2\/#primaryimage"},"image":{"@id":"https:\/\/astrologelvan.com\/magaza\/urun\/morganit-bileklik-2\/#primaryimage"},"thumbnailUrl":"https:\/\/astrologelvan.com\/magaza\/wp-content\/uploads\/2025\/08\/IMG_6933-rotated.jpeg","datePublished":"2025-08-22T14:23:59+00:00","dateModified":"2026-03-28T13:52:24+00:00","breadcrumb":{"@id":"https:\/\/astrologelvan.com\/magaza\/urun\/morganit-bileklik-2\/#breadcrumb"},"inLanguage":"tr","potentialAction":[{"@type":"ReadAction","target":["https:\/\/astrologelvan.com\/magaza\/urun\/morganit-bileklik-2\/"]}]},{"@type":"ImageObject","inLanguage":"tr","@id":"https:\/\/astrologelvan.com\/magaza\/urun\/morganit-bileklik-2\/#primaryimage","url":"https:\/\/astrologelvan.com\/magaza\/wp-content\/uploads\/2025\/08\/IMG_6933-rotated.jpeg","contentUrl":"https:\/\/astrologelvan.com\/magaza\/wp-content\/uploads\/2025\/08\/IMG_6933-rotated.jpeg","width":3024,"height":4032},{"@type":"BreadcrumbList","@id":"https:\/\/astrologelvan.com\/magaza\/urun\/morganit-bileklik-2\/#breadcrumb","itemListElement":[{"@type":"ListItem","position":1,"name":"Anasayfa","item":"https:\/\/astrologelvan.com\/magaza\/"},{"@type":"ListItem","position":2,"name":"Ma\u011faza","item":"https:\/\/astrologelvan.com\/magaza\/magaza\/"},{"@type":"ListItem","position":3,"name":"Morganit Bileklik"}]},{"@type":"WebSite","@id":"https:\/\/astrologelvan.com\/magaza\/#website","url":"https:\/\/astrologelvan.com\/magaza\/","name":"Astrolog Elvan","description":"","potentialAction":[{"@type":"SearchAction","target":{"@type":"EntryPoint","urlTemplate":"https:\/\/astrologelvan.com\/magaza\/?s={search_term_string}"},"query-input":{"@type":"PropertyValueSpecification","valueRequired":true,"valueName":"search_term_string"}}],"inLanguage":"tr"}]}},"_links":{"self":[{"href":"https:\/\/astrologelvan.com\/magaza\/wp-json\/wp\/v2\/product\/100017","targetHints":{"allow":["GET"]}}],"collection":[{"href":"https:\/\/astrologelvan.com\/magaza\/wp-json\/wp\/v2\/product"}],"about":[{"href":"https:\/\/astrologelvan.com\/magaza\/wp-json\/wp\/v2\/types\/product"}],"replies":[{"embeddable":true,"href":"https:\/\/astrologelvan.com\/magaza\/wp-json\/wp\/v2\/comments?post=100017"}],"wp:featuredmedia":[{"embeddable":true,"href":"https:\/\/astrologelvan.com\/magaza\/wp-json\/wp\/v2\/media\/100001"}],"wp:attachment":[{"href":"https:\/\/astrologelvan.com\/magaza\/wp-json\/wp\/v2\/media?parent=100017"}],"wp:term":[{"taxonomy":"product_brand","embeddable":true,"href":"https:\/\/astrologelvan.com\/magaza\/wp-json\/wp\/v2\/product_brand?post=100017"},{"taxonomy":"product_cat","embeddable":true,"href":"https:\/\/astrologelvan.com\/magaza\/wp-json\/wp\/v2\/product_cat?post=100017"},{"taxonomy":"product_tag","embeddable":true,"href":"https:\/\/astrologelvan.com\/magaza\/wp-json\/wp\/v2\/product_tag?post=100017"}],"curies":[{"name":"wp","href":"https:\/\/api.w.org\/{rel}","templated":true}]}}