{"id":1000,"date":"2024-02-28T03:08:03","date_gmt":"2024-02-28T00:08:03","guid":{"rendered":"https:\/\/astrologelvan.shop\/?post_type=product&#038;p=1000"},"modified":"2026-03-26T20:31:05","modified_gmt":"2026-03-26T17:31:05","slug":"private-kit-merkur-serisi","status":"publish","type":"product","link":"https:\/\/astrologelvan.com\/magaza\/urun\/private-kit-merkur-serisi\/","title":{"rendered":"PR\u0130VATE K\u0130T &#8211; MERK\u00dcR SER\u0130S\u0130"},"content":{"rendered":"<p><b>K\u0130T \u0130\u00c7ER\u0130\u011e\u0130<\/b><\/p>\n<p><b>Kaplang\u00f6z\u00fc Do\u011fal Ta\u015f Kolye<\/b><\/p>\n<p class=\"p3\">G\u00fcney Afrika\u2019da s\u0131k\u00e7a bulunan Kaplang\u00f6z\u00fc ta\u015f\u0131, alt\u0131n-kahverengi kar\u0131\u015f\u0131m\u0131yla ortaya \u00e7\u0131kan parlakl\u0131\u011f\u0131 sayesinde bir kaplan\u0131n g\u00f6z\u00fcne benzetilmektedir. Refah getirmeye yard\u0131mc\u0131 olmakla birlikte bloke olan enerjilerinizin a\u00e7\u0131lmas\u0131n\u0131 sa\u011flarken tehlikelere kar\u015f\u0131 sizi korumaya yard\u0131mc\u0131 olur. Kaplan g\u00f6z\u00fc, zor durumda kald\u0131\u011f\u0131n\u0131zda cesur olmay\u0131 size hat\u0131rlat\u0131r. Gizemli g\u00f6r\u00fcn\u00fcm\u00fc sayesinde Efsane Ta\u015f\u0131 olarak bilinmektedir.<\/p>\n<p class=\"p5\"><strong>Akuamarin Do\u011fal Ta\u015f Bileklik ( B\u00fcy\u00fck Boy )<\/strong><\/p>\n<p class=\"p3\">Akuamarin ta\u015flar\u0131 ismini deniz suyunu and\u0131rd\u0131\u011f\u0131, mavi ve ye\u015fil renkleri i\u00e7inde bar\u0131nd\u0131rd\u0131\u011f\u0131 i\u00e7in Latincede \u201cdenizin suyu\u201d anlam\u0131na gelen \u201cAqua Marinus\u201d isminden alm\u0131\u015ft\u0131r. Akuamarin ta\u015f\u0131 bar\u0131\u015f, cesaret ve dinginli\u011fi i\u00e7inde bar\u0131nd\u0131rarak size uyumlu bir atmosfer yarat\u0131r. A\u015fk\u0131 temsil etme \u00f6zelli\u011fi olan Akuamarin ta\u015flar\u0131n\u0131 yeni ba\u015flang\u0131\u00e7lar\u0131n\u0131zda kullan\u0131labilirsiniz. Olumlu ve sakinle\u015ftirici \u00f6zelli\u011fi bulunan Akuamarin ta\u015flar\u0131; meditasyon yaparken kullanabilir, enerji merkezinizi dengeleyerek daha iyi ileti\u015fim kurabilirsiniz.<\/p>\n<p class=\"p5\"><strong>Baby K\u00fcre Melek Sa\u00e7\u0131 Kolye<\/strong><\/p>\n<p class=\"p3\">Prehnit ta\u015f\u0131;ba\u015f melek Cebrail\u2019in enerjisiyle uyumlu \u00e7al\u0131\u015f\u0131r. Takt\u0131k\u00e7a yolunuza \u0131\u015f\u0131k olacak ve ruhunuza iyi gelecektir. \u00d6zellikle cevab\u0131n\u0131 merak etti\u011finiz sorular\u0131n\u0131z\u0131 bu kolyeyi takarken sorun. Melek sa\u00e7\u0131 kolye, ta\u015f\u0131d\u0131\u011f\u0131n\u0131z s\u00fcre boyunca sorular\u0131n\u0131za ilahi cevaplar bulman\u0131z i\u00e7in yol g\u00f6sterici olacakt\u0131r. Sezgilerinizi kuvvetlendirir. Sonsuz sevgi ve \u0131\u015f\u0131k ta\u015f\u0131d\u0131r.<\/p>\n<p class=\"p7\"><strong>Ametrin Do\u011fal Ta\u015f Kad\u0131n Bileklik<\/strong><\/p>\n<p class=\"p7\">Ametrine, ametist ve sitrinin birle\u015fik \u00f6zelliklerini b\u00fcnyesinde bar\u0131nd\u0131ran, zihinsel istikrar\u0131 ve \u00f6zg\u00fcveni destekleyen dengeli ve uyumlu bir enerji yaratan bir de\u011ferli ta\u015f olarak tan\u0131mlan\u0131r. Bir denge ve ba\u011flant\u0131 ta\u015f\u0131 olarak gerilimi azaltt\u0131\u011f\u0131na, dinginlik getirdi\u011fine ve yarat\u0131c\u0131l\u0131\u011f\u0131 te\u015fvik etti\u011fine inan\u0131l\u0131r.\u00a0Birle\u015ftirdi\u011fi hem ametist hem de sitrin v\u00fccuttan toksinleri atma yetenekleriyle bilindi\u011finden, g\u00fc\u00e7l\u00fc detoksifiye edici \u00f6zelliklere sahip oldu\u011funa inan\u0131l\u0131r.<\/p>\n<p class=\"p5\"><strong>Amazonit Do\u011fal Ta\u015f Kolye<\/strong><\/p>\n<p class=\"p9\">Amazonit ta\u015f\u0131, eril &amp; di\u015fi enerjiyi dengelemek i\u00e7in kullan\u0131l\u0131r. Hayatta \u00e7o\u011fu zaman bu dengemiz \u015fa\u015ft\u0131\u011f\u0131 i\u00e7in ili\u015fkilerde problem ya\u015far\u0131z. \u00d6zellikle \u015fehirde ya\u015fayanlar\u0131n kullanmas\u0131n\u0131 tavsiye ederiz. \u00c7\u00fcnk\u00fc hayat ko\u015fullar\u0131 sebebiyle \u00e7o\u011fu kad\u0131n ve erkek, eril enerjisini fazlas\u0131yla kullan\u0131yor ve i\u00e7indeki di\u015fi ile ileti\u015fime ge\u00e7emiyor. Kalp ve bo\u011faz \u00e7akralar\u0131n\u0131 \u015fifaland\u0131rmak i\u00e7in bu ta\u015ftan faydalanabilirsiniz.<\/p>\n","protected":false},"excerpt":{"rendered":"<p><strong>S\u0131n\u0131rl\u0131 Say\u0131da!<\/strong><br \/>\nEyl\u00fcl ay\u0131 boyunca ald\u0131\u011f\u0131n\u0131z kit ile\u00a0<strong>Astrolog Elvan Vip Zoom<\/strong>\u00a0toplant\u0131s\u0131na kat\u0131lma \u015fans\u0131 elde edeceksiniz.<\/p>\n<p><strong>Kit i\u00e7eri\u011fi:<\/strong><\/p>\n<p class=\"p1\">Kaplang\u00f6z\u00fc Do\u011fal Ta\u015f Kolye<\/p>\n<p class=\"p1\">Akuamarin Do\u011fal Ta\u015f Bileklik ( B\u00fcy\u00fck Boy )<\/p>\n<p class=\"p1\">Baby K\u00fcre Melek Sa\u00e7\u0131 Kolye<\/p>\n<p class=\"p1\">Ametrin Do\u011fal Ta\u015f Kad\u0131n Bileklik<\/p>\n<p class=\"p1\">Amazonit Do\u011fal Ta\u015f Kolye<\/p>\n","protected":false},"featured_media":1060,"comment_status":"open","ping_status":"closed","template":"","meta":[],"product_brand":[],"product_cat":[470],"product_tag":[],"class_list":{"0":"post-1000","1":"product","2":"type-product","3":"status-publish","4":"has-post-thumbnail","6":"product_cat-private-kitler","8":"first","9":"outofstock","10":"taxable","11":"shipping-taxable","12":"purchasable","13":"product-type-simple"},"yoast_head":"<!-- This site is optimized with the Yoast SEO plugin v27.3 - https:\/\/yoast.com\/product\/yoast-seo-wordpress\/ -->\n<title>PR\u0130VATE K\u0130T - MERK\u00dcR SER\u0130S\u0130 - Astrolog Elvan<\/title>\n<meta name=\"robots\" content=\"index, follow, max-snippet:-1, max-image-preview:large, max-video-preview:-1\" \/>\n<link rel=\"canonical\" href=\"https:\/\/astrologelvan.com\/magaza\/urun\/private-kit-merkur-serisi\/\" \/>\n<meta property=\"og:locale\" content=\"tr_TR\" \/>\n<meta property=\"og:type\" content=\"article\" \/>\n<meta property=\"og:title\" content=\"PR\u0130VATE K\u0130T - MERK\u00dcR SER\u0130S\u0130 - Astrolog Elvan\" \/>\n<meta property=\"og:description\" content=\"S\u0131n\u0131rl\u0131 Say\u0131da! Eyl\u00fcl ay\u0131 boyunca ald\u0131\u011f\u0131n\u0131z kit ile\u00a0Astrolog Elvan Vip Zoom\u00a0toplant\u0131s\u0131na kat\u0131lma \u015fans\u0131 elde edeceksiniz.  Kit i\u00e7eri\u011fi: Kaplang\u00f6z\u00fc Do\u011fal Ta\u015f Kolye Akuamarin Do\u011fal Ta\u015f Bileklik ( B\u00fcy\u00fck Boy ) Baby K\u00fcre Melek Sa\u00e7\u0131 Kolye Ametrin Do\u011fal Ta\u015f Kad\u0131n Bileklik Amazonit Do\u011fal Ta\u015f Kolye\" \/>\n<meta property=\"og:url\" content=\"https:\/\/astrologelvan.com\/magaza\/urun\/private-kit-merkur-serisi\/\" \/>\n<meta property=\"og:site_name\" content=\"Astrolog Elvan\" \/>\n<meta property=\"article:modified_time\" content=\"2026-03-26T17:31:05+00:00\" \/>\n<meta property=\"og:image\" content=\"https:\/\/astrologelvan.com\/magaza\/wp-content\/uploads\/2024\/02\/PRIVATE-MERKUR.jpg\" \/>\n\t<meta property=\"og:image:width\" content=\"1080\" \/>\n\t<meta property=\"og:image:height\" content=\"1080\" \/>\n\t<meta property=\"og:image:type\" content=\"image\/jpeg\" \/>\n<meta name=\"twitter:card\" content=\"summary_large_image\" \/>\n<meta name=\"twitter:label1\" content=\"Tahmini okuma s\u00fcresi\" \/>\n\t<meta name=\"twitter:data1\" content=\"2 dakika\" \/>\n<script type=\"application\/ld+json\" class=\"yoast-schema-graph\">{\"@context\":\"https:\\\/\\\/schema.org\",\"@graph\":[{\"@type\":[\"WebPage\",\"ItemPage\"],\"@id\":\"https:\\\/\\\/astrologelvan.com\\\/magaza\\\/urun\\\/private-kit-merkur-serisi\\\/\",\"url\":\"https:\\\/\\\/astrologelvan.com\\\/magaza\\\/urun\\\/private-kit-merkur-serisi\\\/\",\"name\":\"PR\u0130VATE K\u0130T - MERK\u00dcR SER\u0130S\u0130 - Astrolog Elvan\",\"isPartOf\":{\"@id\":\"https:\\\/\\\/astrologelvan.com\\\/magaza\\\/#website\"},\"primaryImageOfPage\":{\"@id\":\"https:\\\/\\\/astrologelvan.com\\\/magaza\\\/urun\\\/private-kit-merkur-serisi\\\/#primaryimage\"},\"image\":{\"@id\":\"https:\\\/\\\/astrologelvan.com\\\/magaza\\\/urun\\\/private-kit-merkur-serisi\\\/#primaryimage\"},\"thumbnailUrl\":\"https:\\\/\\\/astrologelvan.com\\\/magaza\\\/wp-content\\\/uploads\\\/2024\\\/02\\\/PRIVATE-MERKUR.jpg\",\"datePublished\":\"2024-02-28T00:08:03+00:00\",\"dateModified\":\"2026-03-26T17:31:05+00:00\",\"breadcrumb\":{\"@id\":\"https:\\\/\\\/astrologelvan.com\\\/magaza\\\/urun\\\/private-kit-merkur-serisi\\\/#breadcrumb\"},\"inLanguage\":\"tr\",\"potentialAction\":[{\"@type\":\"ReadAction\",\"target\":[\"https:\\\/\\\/astrologelvan.com\\\/magaza\\\/urun\\\/private-kit-merkur-serisi\\\/\"]}]},{\"@type\":\"ImageObject\",\"inLanguage\":\"tr\",\"@id\":\"https:\\\/\\\/astrologelvan.com\\\/magaza\\\/urun\\\/private-kit-merkur-serisi\\\/#primaryimage\",\"url\":\"https:\\\/\\\/astrologelvan.com\\\/magaza\\\/wp-content\\\/uploads\\\/2024\\\/02\\\/PRIVATE-MERKUR.jpg\",\"contentUrl\":\"https:\\\/\\\/astrologelvan.com\\\/magaza\\\/wp-content\\\/uploads\\\/2024\\\/02\\\/PRIVATE-MERKUR.jpg\",\"width\":1080,\"height\":1080},{\"@type\":\"BreadcrumbList\",\"@id\":\"https:\\\/\\\/astrologelvan.com\\\/magaza\\\/urun\\\/private-kit-merkur-serisi\\\/#breadcrumb\",\"itemListElement\":[{\"@type\":\"ListItem\",\"position\":1,\"name\":\"Anasayfa\",\"item\":\"https:\\\/\\\/astrologelvan.com\\\/magaza\\\/\"},{\"@type\":\"ListItem\",\"position\":2,\"name\":\"Ma\u011faza\",\"item\":\"https:\\\/\\\/astrologelvan.com\\\/magaza\\\/magaza\\\/\"},{\"@type\":\"ListItem\",\"position\":3,\"name\":\"PR\u0130VATE K\u0130T &#8211; MERK\u00dcR SER\u0130S\u0130\"}]},{\"@type\":\"WebSite\",\"@id\":\"https:\\\/\\\/astrologelvan.com\\\/magaza\\\/#website\",\"url\":\"https:\\\/\\\/astrologelvan.com\\\/magaza\\\/\",\"name\":\"Astrolog Elvan\",\"description\":\"\",\"potentialAction\":[{\"@type\":\"SearchAction\",\"target\":{\"@type\":\"EntryPoint\",\"urlTemplate\":\"https:\\\/\\\/astrologelvan.com\\\/magaza\\\/?s={search_term_string}\"},\"query-input\":{\"@type\":\"PropertyValueSpecification\",\"valueRequired\":true,\"valueName\":\"search_term_string\"}}],\"inLanguage\":\"tr\"}]}<\/script>\n<!-- \/ Yoast SEO plugin. -->","yoast_head_json":{"title":"PR\u0130VATE K\u0130T - MERK\u00dcR SER\u0130S\u0130 - Astrolog Elvan","robots":{"index":"index","follow":"follow","max-snippet":"max-snippet:-1","max-image-preview":"max-image-preview:large","max-video-preview":"max-video-preview:-1"},"canonical":"https:\/\/astrologelvan.com\/magaza\/urun\/private-kit-merkur-serisi\/","og_locale":"tr_TR","og_type":"article","og_title":"PR\u0130VATE K\u0130T - MERK\u00dcR SER\u0130S\u0130 - Astrolog Elvan","og_description":"S\u0131n\u0131rl\u0131 Say\u0131da! Eyl\u00fcl ay\u0131 boyunca ald\u0131\u011f\u0131n\u0131z kit ile\u00a0Astrolog Elvan Vip Zoom\u00a0toplant\u0131s\u0131na kat\u0131lma \u015fans\u0131 elde edeceksiniz.  Kit i\u00e7eri\u011fi: Kaplang\u00f6z\u00fc Do\u011fal Ta\u015f Kolye Akuamarin Do\u011fal Ta\u015f Bileklik ( B\u00fcy\u00fck Boy ) Baby K\u00fcre Melek Sa\u00e7\u0131 Kolye Ametrin Do\u011fal Ta\u015f Kad\u0131n Bileklik Amazonit Do\u011fal Ta\u015f Kolye","og_url":"https:\/\/astrologelvan.com\/magaza\/urun\/private-kit-merkur-serisi\/","og_site_name":"Astrolog Elvan","article_modified_time":"2026-03-26T17:31:05+00:00","og_image":[{"width":1080,"height":1080,"url":"https:\/\/astrologelvan.com\/magaza\/wp-content\/uploads\/2024\/02\/PRIVATE-MERKUR.jpg","type":"image\/jpeg"}],"twitter_card":"summary_large_image","twitter_misc":{"Tahmini okuma s\u00fcresi":"2 dakika"},"schema":{"@context":"https:\/\/schema.org","@graph":[{"@type":["WebPage","ItemPage"],"@id":"https:\/\/astrologelvan.com\/magaza\/urun\/private-kit-merkur-serisi\/","url":"https:\/\/astrologelvan.com\/magaza\/urun\/private-kit-merkur-serisi\/","name":"PR\u0130VATE K\u0130T - MERK\u00dcR SER\u0130S\u0130 - Astrolog Elvan","isPartOf":{"@id":"https:\/\/astrologelvan.com\/magaza\/#website"},"primaryImageOfPage":{"@id":"https:\/\/astrologelvan.com\/magaza\/urun\/private-kit-merkur-serisi\/#primaryimage"},"image":{"@id":"https:\/\/astrologelvan.com\/magaza\/urun\/private-kit-merkur-serisi\/#primaryimage"},"thumbnailUrl":"https:\/\/astrologelvan.com\/magaza\/wp-content\/uploads\/2024\/02\/PRIVATE-MERKUR.jpg","datePublished":"2024-02-28T00:08:03+00:00","dateModified":"2026-03-26T17:31:05+00:00","breadcrumb":{"@id":"https:\/\/astrologelvan.com\/magaza\/urun\/private-kit-merkur-serisi\/#breadcrumb"},"inLanguage":"tr","potentialAction":[{"@type":"ReadAction","target":["https:\/\/astrologelvan.com\/magaza\/urun\/private-kit-merkur-serisi\/"]}]},{"@type":"ImageObject","inLanguage":"tr","@id":"https:\/\/astrologelvan.com\/magaza\/urun\/private-kit-merkur-serisi\/#primaryimage","url":"https:\/\/astrologelvan.com\/magaza\/wp-content\/uploads\/2024\/02\/PRIVATE-MERKUR.jpg","contentUrl":"https:\/\/astrologelvan.com\/magaza\/wp-content\/uploads\/2024\/02\/PRIVATE-MERKUR.jpg","width":1080,"height":1080},{"@type":"BreadcrumbList","@id":"https:\/\/astrologelvan.com\/magaza\/urun\/private-kit-merkur-serisi\/#breadcrumb","itemListElement":[{"@type":"ListItem","position":1,"name":"Anasayfa","item":"https:\/\/astrologelvan.com\/magaza\/"},{"@type":"ListItem","position":2,"name":"Ma\u011faza","item":"https:\/\/astrologelvan.com\/magaza\/magaza\/"},{"@type":"ListItem","position":3,"name":"PR\u0130VATE K\u0130T &#8211; MERK\u00dcR SER\u0130S\u0130"}]},{"@type":"WebSite","@id":"https:\/\/astrologelvan.com\/magaza\/#website","url":"https:\/\/astrologelvan.com\/magaza\/","name":"Astrolog Elvan","description":"","potentialAction":[{"@type":"SearchAction","target":{"@type":"EntryPoint","urlTemplate":"https:\/\/astrologelvan.com\/magaza\/?s={search_term_string}"},"query-input":{"@type":"PropertyValueSpecification","valueRequired":true,"valueName":"search_term_string"}}],"inLanguage":"tr"}]}},"_links":{"self":[{"href":"https:\/\/astrologelvan.com\/magaza\/wp-json\/wp\/v2\/product\/1000","targetHints":{"allow":["GET"]}}],"collection":[{"href":"https:\/\/astrologelvan.com\/magaza\/wp-json\/wp\/v2\/product"}],"about":[{"href":"https:\/\/astrologelvan.com\/magaza\/wp-json\/wp\/v2\/types\/product"}],"replies":[{"embeddable":true,"href":"https:\/\/astrologelvan.com\/magaza\/wp-json\/wp\/v2\/comments?post=1000"}],"wp:featuredmedia":[{"embeddable":true,"href":"https:\/\/astrologelvan.com\/magaza\/wp-json\/wp\/v2\/media\/1060"}],"wp:attachment":[{"href":"https:\/\/astrologelvan.com\/magaza\/wp-json\/wp\/v2\/media?parent=1000"}],"wp:term":[{"taxonomy":"product_brand","embeddable":true,"href":"https:\/\/astrologelvan.com\/magaza\/wp-json\/wp\/v2\/product_brand?post=1000"},{"taxonomy":"product_cat","embeddable":true,"href":"https:\/\/astrologelvan.com\/magaza\/wp-json\/wp\/v2\/product_cat?post=1000"},{"taxonomy":"product_tag","embeddable":true,"href":"https:\/\/astrologelvan.com\/magaza\/wp-json\/wp\/v2\/product_tag?post=1000"}],"curies":[{"name":"wp","href":"https:\/\/api.w.org\/{rel}","templated":true}]}}